{"id":5159,"date":"2020-10-20T12:48:03","date_gmt":"2020-10-20T10:48:03","guid":{"rendered":"https:\/\/visitteo.com\/cookies\/"},"modified":"2021-01-06T08:46:12","modified_gmt":"2021-01-06T07:46:12","slug":"cookies","status":"publish","type":"page","link":"https:\/\/visitteo.com\/cs\/cookies\/","title":{"rendered":"Cookies"},"content":{"rendered":"<p>Atlas LLC. (\u201eMy\u201c, \u201en\u00e1\u0161\u201c nebo \u201en\u00e1s\u201c) pou\u017e\u00edv\u00e1 soubory cookie na webov\u00fdch str\u00e1nk\u00e1ch <a href=\"https:\/\/visitteo.com\/cs\/\" target=\"_blank\" rel=\"noopener noreferrer\">www.visitteo.com<\/a> (d\u00e1le jen \u201eslu\u017eba\u201c). Pou\u017e\u00edv\u00e1n\u00edm Slu\u017eby souhlas\u00edte s pou\u017e\u00edv\u00e1n\u00edm cookies.<\/p>\n<p>Jako t\u00e9m\u011b\u0159 ka\u017ed\u00fd web, i zde pou\u017e\u00edv\u00e1me cookies. Chceme zajistit, aby va\u0161e n\u00e1v\u0161t\u011bva na\u0161ich webov\u00fdch str\u00e1nek byla plynul\u00e1, spolehliv\u00e1 a co neju\u017eite\u010dn\u011bj\u0161\u00ed pro v\u00e1s. O prvn\u00ed n\u00e1v\u0161t\u011bv\u011b na\u0161eho webu v\u00e1s informujeme prost\u0159ednictv\u00edm oznamovac\u00edho pruhu v doln\u00ed \u010d\u00e1sti str\u00e1nky. Na\u0161e z\u00e1sady pou\u017e\u00edv\u00e1n\u00ed cookies vysv\u011btluj\u00ed, co jsou to cookies, jak pou\u017e\u00edv\u00e1me cookies, jak mohou t\u0159et\u00ed strany uzav\u00edrat partnerstv\u00ed s pou\u017e\u00edv\u00e1n\u00edm cookies ve slu\u017eb\u011b, va\u0161e volby t\u00fdkaj\u00edc\u00ed se cookies a dal\u0161\u00ed informace o cookies.<\/p>\n<p>Dal\u0161\u00edm pou\u017e\u00edv\u00e1n\u00edm webov\u00fdch str\u00e1nek souhlas\u00edte s na\u0161\u00edm pou\u017e\u00edv\u00e1n\u00edm cookies.<\/p>\n<h5><strong>Co jsou cookies?<\/strong><\/h5>\n<p>Cookie je mal\u00fd jedine\u010dn\u00fd textov\u00fd soubor, kter\u00fd webov\u00e1 str\u00e1nka m\u016f\u017ee odeslat do va\u0161eho po\u010d\u00edta\u010de p\u0159i n\u00e1v\u0161t\u011bv\u011b webov\u00e9 str\u00e1nky. V\u011bt\u0161ina webov\u00fdch prohl\u00ed\u017ee\u010d\u016f v\u00e1s m\u016f\u017ee upozornit na pou\u017e\u00edv\u00e1n\u00ed soubor\u016f cookie nebo m\u016f\u017ee cookies \u00fapln\u011b odm\u00edtnout. Pokud si nep\u0159ejete, abychom do va\u0161eho prohl\u00ed\u017ee\u010de nasadili soubory cookie, m\u016f\u017eete nastavit sv\u016fj prohl\u00ed\u017ee\u010d tak, aby cookies odm\u00edtal nebo aby v\u00e1s upozor\u0148oval, kdy\u017e se webov\u00e1 str\u00e1nka pokus\u00ed o ulo\u017een\u00ed souboru cookie do va\u0161eho po\u010d\u00edta\u010de. Odm\u00edtnut\u00ed cookies m\u016f\u017ee ovlivnit va\u0161i schopnost pou\u017e\u00edvat web. Ukl\u00e1daj\u00ed je v\u00e1\u0161 internetov\u00fd prohl\u00ed\u017ee\u010d. Soubory cookie obsahuj\u00ed z\u00e1kladn\u00ed informace o va\u0161em pou\u017e\u00edv\u00e1n\u00ed internetu, ale obvykle v\u00e1s osobn\u011b neidentifikuj\u00ed. V\u00e1\u0161 prohl\u00ed\u017ee\u010d ode\u0161le tyto soubory cookie zp\u011bt na webovou str\u00e1nku poka\u017ed\u00e9, kdy\u017e ji znovu nav\u0161t\u00edv\u00edte, aby mohl rozpoznat v\u00e1\u0161 po\u010d\u00edta\u010d nebo mobiln\u00ed za\u0159\u00edzen\u00ed a p\u0159izp\u016fsobit a vylep\u0161it pou\u017e\u00edv\u00e1n\u00ed va\u0161eho webu.<\/p>\n<h5><strong>Jak Visitteo pou\u017e\u00edv\u00e1 cookies?<\/strong><\/h5>\n<p>Informace shrom\u00e1\u017ed\u011bn\u00e9 ze soubor\u016f cookie pou\u017e\u00edv\u00e1me, abychom v\u00e1m pomohli vylep\u0161it z\u00e1\u017eitek z na\u0161\u00ed webov\u00e9 str\u00e1nky, zajistili bezpe\u010dnost a p\u0159izp\u016fsobili obsah a reklamu. Pom\u00e1haj\u00ed n\u00e1m nap\u0159\u00edklad identifikovat a p\u0159izp\u016fsobit prost\u0159ed\u00ed pro v\u00e1s nebo ur\u010dit nejrelevantn\u011bj\u0161\u00ed souvisej\u00edc\u00ed produkty, kter\u00e9 v\u00e1m zobraz\u00edme p\u0159i proch\u00e1zen\u00ed.<\/p>\n<p>P\u0159i proch\u00e1zen\u00ed m\u016f\u017eeme automaticky shroma\u017e\u010fovat informace, jako je poskytovatel internetov\u00fdch slu\u017eeb, typ a verze prohl\u00ed\u017ee\u010de, opera\u010dn\u00ed syst\u00e9m a typ za\u0159\u00edzen\u00ed, pr\u016fm\u011brn\u00e1 doba str\u00e1ven\u00e1 na na\u0161em webu, zobrazen\u00e9 str\u00e1nky, p\u0159\u00edstup k informac\u00edm. Takov\u00e9 informace se n\u011bkdy ozna\u010duj\u00ed jako webov\u00e1 analytika nebo data clickstream.<\/p>\n<p>Tyto automaticky shrom\u00e1\u017ed\u011bn\u00e9 informace m\u016f\u017eeme kombinovat s dal\u0161\u00edmi informacemi, kter\u00e9 o v\u00e1s shroma\u017e\u010fujeme. D\u011bl\u00e1me to proto, abychom zlep\u0161ili slu\u017eby, kter\u00e9 v\u00e1m nab\u00edz\u00edme, abychom zlep\u0161ili marketing, analytiku a poskytli funk\u010dnost str\u00e1nek.<\/p>\n<p>M\u016f\u017eeme tak\u00e9 pou\u017e\u00edt informace, kter\u00e9 z\u00edsk\u00e1me z va\u0161eho pou\u017e\u00edv\u00e1n\u00ed na\u0161ich cookies, pro n\u00e1sleduj\u00edc\u00ed \u00fa\u010dely:<\/p>\n<ul>\n<li>P\u0159izp\u016fsobit v\u00e1m webovou str\u00e1nku, v\u010detn\u011b c\u00edlen\u00ed na reklamy, kter\u00e9 by v\u00e1s mohly zvl\u00e1\u0161t\u011b zaj\u00edmat<\/li>\n<li>Sledovat v\u00e1s p\u0159i proch\u00e1zen\u00ed webem a umo\u017e\u0148ovat pou\u017e\u00edv\u00e1n\u00ed jak\u00e9hokoli za\u0159\u00edzen\u00ed elektronick\u00e9ho obchodu<\/li>\n<li>Zlep\u0161it pou\u017eitelnost webu<\/li>\n<li>Chcete-li povolit ur\u010dit\u00e9 funkce webov\u00fdch str\u00e1nek<\/li>\n<li>Rozpoznat v\u00e1\u0161 po\u010d\u00edta\u010d p\u0159i n\u00e1v\u0161t\u011bv\u011b webu<\/li>\n<li>Ulo\u017een\u00ed va\u0161ich p\u0159edvoleb<\/li>\n<li>Analyzovat pou\u017e\u00edv\u00e1n\u00ed webov\u00fdch str\u00e1nek<\/li>\n<\/ul>\n<h5><strong>Soubory cookie t\u0159et\u00edch stran<\/strong><\/h5>\n<p>Krom\u011b na\u0161ich vlastn\u00edch soubor\u016f cookie m\u016f\u017eeme tak\u00e9 pou\u017e\u00edvat r\u016fzn\u00e9 soubory cookie t\u0159et\u00edch stran k hl\u00e1\u0161en\u00ed statistik pou\u017e\u00edv\u00e1n\u00ed webu a doru\u010dov\u00e1n\u00ed reklam. Soubory cookie t\u0159et\u00edch stran jsou soubory cookie na na\u0161em webu, kter\u00e9 poch\u00e1zej\u00ed z r\u016fzn\u00fdch dom\u00e9n. Na rozd\u00edl od soubor\u016f cookie prvn\u00ed strany (na\u0161e soubory cookie) vytv\u00e1\u0159ej\u00ed soubory cookie t\u0159et\u00edch stran jin\u00e9 webov\u00e9 str\u00e1nky ne\u017e ty, kter\u00e9 pr\u00e1v\u011b nav\u0161t\u011bvujete. \u00da\u010delem t\u011bchto cookies je sledovat va\u0161e zvyky p\u0159i proch\u00e1zen\u00ed.<\/p>\n<p>Pou\u017e\u00edv\u00e1me cookies poskytovan\u00e9 t\u0159et\u00edmi stranami, abychom zlep\u0161ili na\u0161e slu\u017eby, p\u0159izp\u016fsobili v\u00e1\u0161 z\u00e1\u017eitek a pochopili, jak se n\u00e1\u0161 web pou\u017e\u00edv\u00e1. Cookies tak\u00e9 pou\u017e\u00edv\u00e1me, aby byla na\u0161e reklama na jin\u00fdch webov\u00fdch str\u00e1nk\u00e1ch relevantn\u011bj\u0161\u00ed. Jak je pops\u00e1no v na\u0161ich z\u00e1sad\u00e1ch ochrany osobn\u00edch \u00fadaj\u016f, m\u016f\u017eeme \u00fadaje o v\u00e1s shrom\u00e1\u017ed\u011bn\u00e9 z jin\u00fdch zdroj\u016f kombinovat s \u00fadaji shrom\u00e1\u017ed\u011bn\u00fdmi prost\u0159ednictv\u00edm soubor\u016f cookie t\u0159et\u00edch stran, abychom v\u00e1m zobrazili relevantn\u011bj\u0161\u00ed reklamy na na\u0161ich webov\u00fdch str\u00e1nk\u00e1ch i mimo n\u011b.<\/p>\n<p>Spolupracujeme s inzerenty t\u0159et\u00edch stran, abychom v\u00e1m prost\u0159ednictv\u00edm na\u0161ich webov\u00fdch str\u00e1nek poskytli p\u0159\u00edstup k zaj\u00edmav\u00e9mu a vzru\u0161uj\u00edc\u00edmu cestovn\u00edmu obsahu. Tyto soubory cookie zaznamen\u00e1vaj\u00ed informace o va\u0161em pou\u017e\u00edv\u00e1n\u00ed reklam. To pom\u00e1h\u00e1 inzerent\u016fm zobrazovat v\u00e1m reklamy, u nich\u017e je v\u011bt\u0161\u00ed pravd\u011bpodobnost, \u017ee v\u00e1s zaj\u00edmaj\u00ed, omezit po\u010det zobrazen\u00ed reklamy a tak\u00e9 pomoci zlep\u0161it va\u0161e online z\u00e1\u017eitky.<\/p>\n<p>Vezm\u011bte pros\u00edm na v\u011bdom\u00ed, \u017ee na\u0161e pou\u017e\u00edv\u00e1n\u00ed jak\u00fdchkoli informac\u00ed, kter\u00e9 o v\u00e1s shroma\u017e\u010fujeme prost\u0159ednictv\u00edm va\u0161eho pou\u017e\u00edv\u00e1n\u00ed soubor\u016f cookie, podl\u00e9h\u00e1 na\u0161im z\u00e1sad\u00e1m ochrany <a href=\"https:\/\/visitteo.com\/cs\/zasady-ochrany-osobnich-udaju\/\" target=\"_blank\" rel=\"noopener noreferrer\">osobn\u00edch \u00fadaj\u016f<\/a>.<\/p>\n<h5><strong>Jak\u00e9 typy cookies pou\u017e\u00edv\u00e1me?<\/strong><\/h5>\n<p>Z\u00e1kladn\u00ed soubory cookie: Tyto soubory cookie jsou nezbytn\u00e9, aby v\u00e1m usnadnily p\u0159\u00edstup na na\u0161i webovou str\u00e1nku, pohyb po n\u00ed a pou\u017e\u00edv\u00e1n\u00ed v\u0161ech jej\u00edch funkc\u00ed. Bez t\u011bchto cookies by n\u00e1\u0161 web nefungoval spr\u00e1vn\u011b a vy byste nemohli pou\u017e\u00edvat n\u011bkter\u00e9 d\u016fle\u017eit\u00e9 funkce. Z\u00e1sadn\u00ed cookies pou\u017e\u00edv\u00e1me tak\u00e9 pro \u00fa\u010dely detekce a prevence podvod\u016f.<\/p>\n<p><strong>Analytick\u00e9 soubory cookie:<\/strong> Ve spole\u010dnosti Visitteo chceme, aby byl v\u00e1\u0161 z\u00e1\u017eitek z na\u0161ich webov\u00fdch str\u00e1nek co neju\u017eite\u010dn\u011bj\u0161\u00ed, plynul\u00fd a co nejp\u0159\u00edjemn\u011bj\u0161\u00ed. Pou\u017e\u00edv\u00e1me cookies, abychom n\u00e1m pomohli pochopit, jak se na\u0161e webov\u00e9 str\u00e1nky pou\u017e\u00edvaj\u00ed a jak m\u016f\u017eeme zlep\u0161it va\u0161e zku\u0161enosti s nimi. Tento typ takzvan\u00fdch \u201eanalytick\u00fdch\u201c cookies n\u00e1m m\u016f\u017ee poskytnout anonymn\u00ed informace, kter\u00e9 n\u00e1m pomohou pochopit, kter\u00e9 \u010d\u00e1sti na\u0161eho webu zaj\u00edmaj\u00ed na\u0161e n\u00e1v\u0161t\u011bvn\u00edky a zda se u nich vyskytnou n\u011bjak\u00e9 chyby. Tyto soubory cookie pou\u017e\u00edv\u00e1me k testov\u00e1n\u00ed r\u016fzn\u00fdch n\u00e1vrh\u016f a funkc\u00ed pro na\u0161e str\u00e1nky a tak\u00e9 je pou\u017e\u00edv\u00e1me, abychom n\u00e1m pomohli sledovat, jak se na\u0161i n\u00e1v\u0161t\u011bvn\u00edci dost\u00e1vaj\u00ed na na\u0161e str\u00e1nky.<\/p>\n<p><strong>V\u00fdkonnostn\u00ed cookies:<\/strong> V\u00fdkonnostn\u00ed cookies m\u011b\u0159\u00ed, jak \u010dasto nav\u0161t\u011bvujete na\u0161e webov\u00e9 str\u00e1nky a jak je pou\u017e\u00edv\u00e1te. Tyto informace pou\u017e\u00edv\u00e1me, abychom z\u00edskali lep\u0161\u00ed p\u0159edstavu o tom, jak na\u0161i u\u017eivatel\u00e9 pracuj\u00ed s na\u0161\u00ed \u017eurnalistikou, a abychom vylep\u0161ili na\u0161e webov\u00e9 str\u00e1nky, aby m\u011bli u\u017eivatel\u00e9 lep\u0161\u00ed z\u00e1\u017eitek. Shroma\u017e\u010fujeme nap\u0159\u00edklad informace o tom, kter\u00e9 z na\u0161ich str\u00e1nek jsou nej\u010dast\u011bji nav\u0161t\u011bvov\u00e1ny a jak\u00e9 typy u\u017eivatel\u016f. Ke zv\u00fd\u0161en\u00ed v\u00fdkonu pou\u017e\u00edv\u00e1me tak\u00e9 soubory cookie t\u0159et\u00edch stran. Nap\u0159\u00edklad cookie Google Analytics n\u00e1m poskytuje informace, jako je va\u0161e cesta mezi str\u00e1nkami.<\/p>\n<p><strong>Reklamn\u00ed cookies:<\/strong> Reklamn\u00ed cookies pom\u00e1haj\u00ed zajistit, aby reklamy, kter\u00e9 vid\u00edte na na\u0161ich webov\u00fdch str\u00e1nk\u00e1ch, byly pro v\u00e1s co nejrelevantn\u011bj\u0161\u00ed. N\u011bkter\u00e9 reklamn\u00ed soubory cookie nap\u0159\u00edklad pom\u00e1haj\u00ed vyb\u00edrat reklamy zalo\u017een\u00e9 na va\u0161ich z\u00e1jmech. Jin\u00e9 pom\u00e1haj\u00ed zabr\u00e1nit tomu, aby se v\u00e1m stejn\u00e1 reklama neust\u00e1le znovu objevovala. Chceme v\u00e1m tak\u00e9 co nejv\u00edce usnadnit sd\u00edlen\u00ed obsahu z Visitteo se sv\u00fdmi p\u0159\u00e1teli prost\u0159ednictv\u00edm va\u0161ich obl\u00edben\u00fdch soci\u00e1ln\u00edch s\u00edt\u00ed. Weby soci\u00e1ln\u00edch s\u00edt\u00ed, jako je Facebook nebo Instagram, mohou nastavit soubory cookie, kter\u00e9 v\u00e1s rozpoznaj\u00ed p\u0159i prohl\u00ed\u017een\u00ed obsahu na na\u0161em webu a umo\u017en\u00ed v\u00e1m sd\u00edlet obsah na obou webech pomoc\u00ed nastaven\u00ed sd\u00edlen\u00ed.<\/p>\n<h5><strong>Jak zak\u00e1zat cookies?<\/strong><\/h5>\n<p>Chcete-li soubory cookie smazat nebo po\u017e\u00e1dat webov\u00fd prohl\u00ed\u017ee\u010d o smaz\u00e1n\u00ed nebo odm\u00edtnut\u00ed soubor\u016f cookie, nav\u0161tivte str\u00e1nky n\u00e1pov\u011bdy sv\u00e9ho webov\u00e9ho prohl\u00ed\u017ee\u010de. Vezm\u011bte v\u0161ak na v\u011bdom\u00ed, \u017ee pokud soubory cookie odstran\u00edte nebo odm\u00edtnete p\u0159ijmout, mo\u017en\u00e1 nebudete moci vyu\u017e\u00edvat v\u0161echny funkce, kter\u00e9 nab\u00edz\u00edme, mo\u017en\u00e1 nebudete moci ulo\u017eit sv\u00e9 p\u0159edvolby a n\u011bkter\u00e9 z na\u0161ich str\u00e1nek se nemus\u00ed zobrazovat spr\u00e1vn\u011b.<\/p>\n<p>Spr\u00e1va va\u0161ich cookies a p\u0159edvoleb cookies mus\u00ed b\u00fdt prov\u00e1d\u011bna z mo\u017enost\u00ed \/ p\u0159edvoleb va\u0161eho prohl\u00ed\u017ee\u010de. Zde je seznam pr\u016fvodc\u016f, jak to ud\u011blat pro popul\u00e1rn\u00ed software prohl\u00ed\u017ee\u010de:<\/p>\n<p>Pokud jde o webov\u00fd prohl\u00ed\u017ee\u010d Chrome, nav\u0161tivte tuto str\u00e1nku od spole\u010dnosti <a href=\"https:\/\/support.google.com\/accounts\/answer\/32050\" target=\"_blank\" rel=\"noopener noreferrer\">Google<\/a><br \/>\nWebov\u00fd prohl\u00ed\u017ee\u010d Internet Explorer najdete na t\u00e9to str\u00e1nce od spole\u010dnosti <a href=\"https:\/\/support.microsoft.com\/en-us\/topic\/delete-and-manage-cookies-168dab11-0753-043d-7c16-ede5947fc64d\" target=\"_blank\" rel=\"noopener noreferrer\">Microsoft<\/a><br \/>\nPokud jde o webov\u00fd prohl\u00ed\u017ee\u010d Firefox, nav\u0161tivte tuto str\u00e1nku od <a href=\"https:\/\/support.mozilla.org\/en-US\/kb\/clear-cookies-and-site-data-firefox?redirectslug=delete-cookies-remove-info-websites-stored&amp;redirectlocale=en-US\" target=\"_blank\" rel=\"noopener noreferrer\">Mozilly<\/a><br \/>\nPokud jde o webov\u00fd prohl\u00ed\u017ee\u010d Safari, nav\u0161tivte tuto str\u00e1nku od spole\u010dnosti <a href=\"https:\/\/support.apple.com\/en-gb\/HT201265\" target=\"_blank\" rel=\"noopener noreferrer\">Apple<\/a><br \/>\nU jin\u00e9ho webov\u00e9ho prohl\u00ed\u017ee\u010de nav\u0161tivte ofici\u00e1ln\u00ed webov\u00e9 str\u00e1nky sv\u00e9ho webov\u00e9ho prohl\u00ed\u017ee\u010de.<\/p>\n<h5><strong>Kontaktujte n\u00e1s<\/strong><\/h5>\n<p>M\u00e1te-li jak\u00e9koli dotazy t\u00fdkaj\u00edc\u00ed se t\u011bchto z\u00e1sad pou\u017e\u00edv\u00e1n\u00ed soubor\u016f cookie, kontaktujte n\u00e1s zasl\u00e1n\u00edm e-mailu na adresu: <a href=\"mailto:info@visitteo.com\" target=\"_blank\" rel=\"noopener noreferrer\">info@visitteo.com<\/a><\/p>\n<p><em>Posledn\u00ed aktualizace: 30. z\u00e1\u0159\u00ed 2020<\/em><\/p>\n","protected":false},"excerpt":{"rendered":"<p>Atlas LLC. (\u201eMy\u201c, \u201en\u00e1\u0161\u201c nebo \u201en\u00e1s\u201c) pou\u017e\u00edv\u00e1 soubory cookie na webov\u00fdch str\u00e1nk\u00e1ch www.visitteo.com (d\u00e1le jen \u201eslu\u017eba\u201c). Pou\u017e\u00edv\u00e1n\u00edm Slu\u017eby souhlas\u00edte s pou\u017e\u00edv\u00e1n\u00edm cookies. Jako t\u00e9m\u011b\u0159 ka\u017ed\u00fd web, i zde pou\u017e\u00edv\u00e1me cookies. Chceme zajistit, aby va\u0161e n\u00e1v\u0161t\u011bva na\u0161ich webov\u00fdch str\u00e1nek byla plynul\u00e1, spolehliv\u00e1 a co neju\u017eite\u010dn\u011bj\u0161\u00ed pro v\u00e1s. O prvn\u00ed n\u00e1v\u0161t\u011bv\u011b na\u0161eho webu v\u00e1s informujeme prost\u0159ednictv\u00edm oznamovac\u00edho [&hellip;]<\/p>\n","protected":false},"author":5,"featured_media":0,"parent":0,"menu_order":102,"comment_status":"closed","ping_status":"closed","template":"","meta":{"_acf_changed":false,"footnotes":""},"class_list":["post-5159","page","type-page","status-publish","hentry"],"acf":[],"yoast_head":"<!-- This site is optimized with the Yoast SEO plugin v27.3 - https:\/\/yoast.com\/product\/yoast-seo-wordpress\/ -->\n<title>Cookies - Visitteo<\/title>\n<meta name=\"description\" content=\"Jako t\u00e9m\u011b\u0159 ka\u017ed\u00fd web, i zde pou\u017e\u00edv\u00e1me cookies. Chceme zajistit, aby va\u0161e n\u00e1v\u0161t\u011bva na\u0161ich webov\u00fdch str\u00e1nek byla plynul\u00e1, spolehliv\u00e1 a co neju\u017eite\u010dn\u011bj\u0161\u00ed pro v\u00e1s.\" \/>\n<meta name=\"robots\" content=\"index, follow, max-snippet:-1, max-image-preview:large, max-video-preview:-1\" \/>\n<link rel=\"canonical\" href=\"https:\/\/visitteo.com\/cs\/cookies\/\" \/>\n<meta property=\"og:locale\" content=\"cs_CZ\" \/>\n<meta property=\"og:type\" content=\"article\" \/>\n<meta property=\"og:title\" content=\"Cookies - Visitteo\" \/>\n<meta property=\"og:description\" content=\"Jako t\u00e9m\u011b\u0159 ka\u017ed\u00fd web, i zde pou\u017e\u00edv\u00e1me cookies. Chceme zajistit, aby va\u0161e n\u00e1v\u0161t\u011bva na\u0161ich webov\u00fdch str\u00e1nek byla plynul\u00e1, spolehliv\u00e1 a co neju\u017eite\u010dn\u011bj\u0161\u00ed pro v\u00e1s.\" \/>\n<meta property=\"og:url\" content=\"https:\/\/visitteo.com\/cs\/cookies\/\" \/>\n<meta property=\"og:site_name\" content=\"Visitteo\" \/>\n<meta property=\"article:publisher\" content=\"https:\/\/www.facebook.com\/visitteo\/\" \/>\n<meta property=\"article:modified_time\" content=\"2021-01-06T07:46:12+00:00\" \/>\n<meta property=\"og:image\" content=\"https:\/\/visitteo.com\/wp-content\/uploads\/2022\/10\/share-1.jpg\" \/>\n\t<meta property=\"og:image:width\" content=\"1200\" \/>\n\t<meta property=\"og:image:height\" content=\"630\" \/>\n\t<meta property=\"og:image:type\" content=\"image\/jpeg\" \/>\n<meta name=\"twitter:card\" content=\"summary_large_image\" \/>\n<meta name=\"twitter:site\" content=\"@visitteo\" \/>\n<meta name=\"twitter:label1\" content=\"Odhadovan\u00e1 doba \u010dten\u00ed\" \/>\n\t<meta name=\"twitter:data1\" content=\"9 minut\" \/>\n<script type=\"application\/ld+json\" class=\"yoast-schema-graph\">{\"@context\":\"https:\\\/\\\/schema.org\",\"@graph\":[{\"@type\":\"WebPage\",\"@id\":\"https:\\\/\\\/visitteo.com\\\/cs\\\/cookies\\\/\",\"url\":\"https:\\\/\\\/visitteo.com\\\/cs\\\/cookies\\\/\",\"name\":\"Cookies - Visitteo\",\"isPartOf\":{\"@id\":\"https:\\\/\\\/visitteo.com\\\/cs\\\/#website\"},\"datePublished\":\"2020-10-20T10:48:03+00:00\",\"dateModified\":\"2021-01-06T07:46:12+00:00\",\"description\":\"Jako t\u00e9m\u011b\u0159 ka\u017ed\u00fd web, i zde pou\u017e\u00edv\u00e1me cookies. Chceme zajistit, aby va\u0161e n\u00e1v\u0161t\u011bva na\u0161ich webov\u00fdch str\u00e1nek byla plynul\u00e1, spolehliv\u00e1 a co neju\u017eite\u010dn\u011bj\u0161\u00ed pro v\u00e1s.\",\"breadcrumb\":{\"@id\":\"https:\\\/\\\/visitteo.com\\\/cs\\\/cookies\\\/#breadcrumb\"},\"inLanguage\":\"cs\",\"potentialAction\":[{\"@type\":\"ReadAction\",\"target\":[\"https:\\\/\\\/visitteo.com\\\/cs\\\/cookies\\\/\"]}]},{\"@type\":\"BreadcrumbList\",\"@id\":\"https:\\\/\\\/visitteo.com\\\/cs\\\/cookies\\\/#breadcrumb\",\"itemListElement\":[{\"@type\":\"ListItem\",\"position\":1,\"name\":\"Homepage\",\"item\":\"https:\\\/\\\/visitteo.com\\\/cs\\\/\"},{\"@type\":\"ListItem\",\"position\":2,\"name\":\"Cookies\"}]},{\"@type\":\"WebSite\",\"@id\":\"https:\\\/\\\/visitteo.com\\\/cs\\\/#website\",\"url\":\"https:\\\/\\\/visitteo.com\\\/cs\\\/\",\"name\":\"Visitteo\",\"description\":\"Visitteo is a metasearch engine for car rental.\",\"publisher\":{\"@id\":\"https:\\\/\\\/visitteo.com\\\/cs\\\/#organization\"},\"potentialAction\":[{\"@type\":\"SearchAction\",\"target\":{\"@type\":\"EntryPoint\",\"urlTemplate\":\"https:\\\/\\\/visitteo.com\\\/cs\\\/?s={search_term_string}\"},\"query-input\":{\"@type\":\"PropertyValueSpecification\",\"valueRequired\":true,\"valueName\":\"search_term_string\"}}],\"inLanguage\":\"cs\"},{\"@type\":\"Organization\",\"@id\":\"https:\\\/\\\/visitteo.com\\\/cs\\\/#organization\",\"name\":\"Visitteo\",\"url\":\"https:\\\/\\\/visitteo.com\\\/cs\\\/\",\"logo\":{\"@type\":\"ImageObject\",\"inLanguage\":\"cs\",\"@id\":\"https:\\\/\\\/visitteo.com\\\/cs\\\/#\\\/schema\\\/logo\\\/image\\\/\",\"url\":\"https:\\\/\\\/visitteo.com\\\/wp-content\\\/uploads\\\/2024\\\/09\\\/organization_logo.png\",\"contentUrl\":\"https:\\\/\\\/visitteo.com\\\/wp-content\\\/uploads\\\/2024\\\/09\\\/organization_logo.png\",\"width\":840,\"height\":840,\"caption\":\"Visitteo\"},\"image\":{\"@id\":\"https:\\\/\\\/visitteo.com\\\/cs\\\/#\\\/schema\\\/logo\\\/image\\\/\"},\"sameAs\":[\"https:\\\/\\\/www.facebook.com\\\/visitteo\\\/\",\"https:\\\/\\\/x.com\\\/visitteo\",\"https:\\\/\\\/www.instagram.com\\\/visitteo\\\/\",\"https:\\\/\\\/www.pinterest.com\\\/visitteo\\\/pins\\\/\"]}]}<\/script>\n<!-- \/ Yoast SEO plugin. -->","yoast_head_json":{"title":"Cookies - Visitteo","description":"Jako t\u00e9m\u011b\u0159 ka\u017ed\u00fd web, i zde pou\u017e\u00edv\u00e1me cookies. Chceme zajistit, aby va\u0161e n\u00e1v\u0161t\u011bva na\u0161ich webov\u00fdch str\u00e1nek byla plynul\u00e1, spolehliv\u00e1 a co neju\u017eite\u010dn\u011bj\u0161\u00ed pro v\u00e1s.","robots":{"index":"index","follow":"follow","max-snippet":"max-snippet:-1","max-image-preview":"max-image-preview:large","max-video-preview":"max-video-preview:-1"},"canonical":"https:\/\/visitteo.com\/cs\/cookies\/","og_locale":"cs_CZ","og_type":"article","og_title":"Cookies - Visitteo","og_description":"Jako t\u00e9m\u011b\u0159 ka\u017ed\u00fd web, i zde pou\u017e\u00edv\u00e1me cookies. Chceme zajistit, aby va\u0161e n\u00e1v\u0161t\u011bva na\u0161ich webov\u00fdch str\u00e1nek byla plynul\u00e1, spolehliv\u00e1 a co neju\u017eite\u010dn\u011bj\u0161\u00ed pro v\u00e1s.","og_url":"https:\/\/visitteo.com\/cs\/cookies\/","og_site_name":"Visitteo","article_publisher":"https:\/\/www.facebook.com\/visitteo\/","article_modified_time":"2021-01-06T07:46:12+00:00","og_image":[{"width":1200,"height":630,"url":"https:\/\/visitteo.com\/wp-content\/uploads\/2022\/10\/share-1.jpg","type":"image\/jpeg"}],"twitter_card":"summary_large_image","twitter_site":"@visitteo","twitter_misc":{"Odhadovan\u00e1 doba \u010dten\u00ed":"9 minut"},"schema":{"@context":"https:\/\/schema.org","@graph":[{"@type":"WebPage","@id":"https:\/\/visitteo.com\/cs\/cookies\/","url":"https:\/\/visitteo.com\/cs\/cookies\/","name":"Cookies - Visitteo","isPartOf":{"@id":"https:\/\/visitteo.com\/cs\/#website"},"datePublished":"2020-10-20T10:48:03+00:00","dateModified":"2021-01-06T07:46:12+00:00","description":"Jako t\u00e9m\u011b\u0159 ka\u017ed\u00fd web, i zde pou\u017e\u00edv\u00e1me cookies. Chceme zajistit, aby va\u0161e n\u00e1v\u0161t\u011bva na\u0161ich webov\u00fdch str\u00e1nek byla plynul\u00e1, spolehliv\u00e1 a co neju\u017eite\u010dn\u011bj\u0161\u00ed pro v\u00e1s.","breadcrumb":{"@id":"https:\/\/visitteo.com\/cs\/cookies\/#breadcrumb"},"inLanguage":"cs","potentialAction":[{"@type":"ReadAction","target":["https:\/\/visitteo.com\/cs\/cookies\/"]}]},{"@type":"BreadcrumbList","@id":"https:\/\/visitteo.com\/cs\/cookies\/#breadcrumb","itemListElement":[{"@type":"ListItem","position":1,"name":"Homepage","item":"https:\/\/visitteo.com\/cs\/"},{"@type":"ListItem","position":2,"name":"Cookies"}]},{"@type":"WebSite","@id":"https:\/\/visitteo.com\/cs\/#website","url":"https:\/\/visitteo.com\/cs\/","name":"Visitteo","description":"Visitteo is a metasearch engine for car rental.","publisher":{"@id":"https:\/\/visitteo.com\/cs\/#organization"},"potentialAction":[{"@type":"SearchAction","target":{"@type":"EntryPoint","urlTemplate":"https:\/\/visitteo.com\/cs\/?s={search_term_string}"},"query-input":{"@type":"PropertyValueSpecification","valueRequired":true,"valueName":"search_term_string"}}],"inLanguage":"cs"},{"@type":"Organization","@id":"https:\/\/visitteo.com\/cs\/#organization","name":"Visitteo","url":"https:\/\/visitteo.com\/cs\/","logo":{"@type":"ImageObject","inLanguage":"cs","@id":"https:\/\/visitteo.com\/cs\/#\/schema\/logo\/image\/","url":"https:\/\/visitteo.com\/wp-content\/uploads\/2024\/09\/organization_logo.png","contentUrl":"https:\/\/visitteo.com\/wp-content\/uploads\/2024\/09\/organization_logo.png","width":840,"height":840,"caption":"Visitteo"},"image":{"@id":"https:\/\/visitteo.com\/cs\/#\/schema\/logo\/image\/"},"sameAs":["https:\/\/www.facebook.com\/visitteo\/","https:\/\/x.com\/visitteo","https:\/\/www.instagram.com\/visitteo\/","https:\/\/www.pinterest.com\/visitteo\/pins\/"]}]}},"_links":{"self":[{"href":"https:\/\/visitteo.com\/cs\/wp-json\/wp\/v2\/pages\/5159","targetHints":{"allow":["GET"]}}],"collection":[{"href":"https:\/\/visitteo.com\/cs\/wp-json\/wp\/v2\/pages"}],"about":[{"href":"https:\/\/visitteo.com\/cs\/wp-json\/wp\/v2\/types\/page"}],"author":[{"embeddable":true,"href":"https:\/\/visitteo.com\/cs\/wp-json\/wp\/v2\/users\/5"}],"replies":[{"embeddable":true,"href":"https:\/\/visitteo.com\/cs\/wp-json\/wp\/v2\/comments?post=5159"}],"version-history":[{"count":0,"href":"https:\/\/visitteo.com\/cs\/wp-json\/wp\/v2\/pages\/5159\/revisions"}],"wp:attachment":[{"href":"https:\/\/visitteo.com\/cs\/wp-json\/wp\/v2\/media?parent=5159"}],"curies":[{"name":"wp","href":"https:\/\/api.w.org\/{rel}","templated":true}]}}