{"id":5200,"date":"2020-11-27T18:28:43","date_gmt":"2020-11-27T17:28:43","guid":{"rendered":"https:\/\/visitteo.com\/?page_id=5200"},"modified":"2022-02-25T09:53:49","modified_gmt":"2022-02-25T08:53:49","slug":"o-nas","status":"publish","type":"page","link":"https:\/\/visitteo.com\/cs\/o-nas\/","title":{"rendered":"Jsme Visitteo"},"content":{"rendered":"","protected":false},"excerpt":{"rendered":"","protected":false},"author":5,"featured_media":0,"parent":0,"menu_order":10,"comment_status":"closed","ping_status":"closed","template":"page-custom-content.php","meta":{"_acf_changed":false,"footnotes":""},"class_list":["post-5200","page","type-page","status-publish","hentry"],"acf":[],"yoast_head":"<!-- This site is optimized with the Yoast SEO plugin v27.3 - https:\/\/yoast.com\/product\/yoast-seo-wordpress\/ -->\n<title>O N\u00e1s - Visitteo<\/title>\n<meta name=\"description\" content=\"Visitteo je inovativn\u00ed webov\u00e1 str\u00e1nka, kter\u00e1 v\u00e1m pom\u016f\u017ee naj\u00edt ide\u00e1ln\u00ed pron\u00e1jem dovolen\u00e9 a letenky do Chorvatska.\" \/>\n<meta name=\"robots\" content=\"index, follow, max-snippet:-1, max-image-preview:large, max-video-preview:-1\" \/>\n<link rel=\"canonical\" href=\"https:\/\/visitteo.com\/cs\/o-nas\/\" \/>\n<meta property=\"og:locale\" content=\"cs_CZ\" \/>\n<meta property=\"og:type\" content=\"article\" \/>\n<meta property=\"og:title\" content=\"O N\u00e1s - Visitteo\" \/>\n<meta property=\"og:description\" content=\"Visitteo je inovativn\u00ed webov\u00e1 str\u00e1nka, kter\u00e1 v\u00e1m pom\u016f\u017ee naj\u00edt ide\u00e1ln\u00ed pron\u00e1jem dovolen\u00e9 a letenky do Chorvatska.\" \/>\n<meta property=\"og:url\" content=\"https:\/\/visitteo.com\/cs\/o-nas\/\" \/>\n<meta property=\"og:site_name\" content=\"Visitteo\" \/>\n<meta property=\"article:publisher\" content=\"https:\/\/www.facebook.com\/visitteo\/\" \/>\n<meta property=\"article:modified_time\" content=\"2022-02-25T08:53:49+00:00\" \/>\n<meta property=\"og:image\" content=\"https:\/\/visitteo.com\/wp-content\/uploads\/2022\/10\/share-1.jpg\" \/>\n\t<meta property=\"og:image:width\" content=\"1200\" \/>\n\t<meta property=\"og:image:height\" content=\"630\" \/>\n\t<meta property=\"og:image:type\" content=\"image\/jpeg\" \/>\n<meta name=\"twitter:card\" content=\"summary_large_image\" \/>\n<meta name=\"twitter:site\" content=\"@visitteo\" \/>\n<script type=\"application\/ld+json\" class=\"yoast-schema-graph\">{\"@context\":\"https:\\\/\\\/schema.org\",\"@graph\":[{\"@type\":\"WebPage\",\"@id\":\"https:\\\/\\\/visitteo.com\\\/cs\\\/o-nas\\\/\",\"url\":\"https:\\\/\\\/visitteo.com\\\/cs\\\/o-nas\\\/\",\"name\":\"O N\u00e1s - Visitteo\",\"isPartOf\":{\"@id\":\"https:\\\/\\\/visitteo.com\\\/cs\\\/#website\"},\"datePublished\":\"2020-11-27T17:28:43+00:00\",\"dateModified\":\"2022-02-25T08:53:49+00:00\",\"description\":\"Visitteo je inovativn\u00ed webov\u00e1 str\u00e1nka, kter\u00e1 v\u00e1m pom\u016f\u017ee naj\u00edt ide\u00e1ln\u00ed pron\u00e1jem dovolen\u00e9 a letenky do Chorvatska.\",\"breadcrumb\":{\"@id\":\"https:\\\/\\\/visitteo.com\\\/cs\\\/o-nas\\\/#breadcrumb\"},\"inLanguage\":\"cs\",\"potentialAction\":[{\"@type\":\"ReadAction\",\"target\":[\"https:\\\/\\\/visitteo.com\\\/cs\\\/o-nas\\\/\"]}]},{\"@type\":\"BreadcrumbList\",\"@id\":\"https:\\\/\\\/visitteo.com\\\/cs\\\/o-nas\\\/#breadcrumb\",\"itemListElement\":[{\"@type\":\"ListItem\",\"position\":1,\"name\":\"Homepage\",\"item\":\"https:\\\/\\\/visitteo.com\\\/cs\\\/\"},{\"@type\":\"ListItem\",\"position\":2,\"name\":\"Jsme Visitteo\"}]},{\"@type\":\"WebSite\",\"@id\":\"https:\\\/\\\/visitteo.com\\\/cs\\\/#website\",\"url\":\"https:\\\/\\\/visitteo.com\\\/cs\\\/\",\"name\":\"Visitteo\",\"description\":\"Visitteo is a metasearch engine for car rental.\",\"publisher\":{\"@id\":\"https:\\\/\\\/visitteo.com\\\/cs\\\/#organization\"},\"potentialAction\":[{\"@type\":\"SearchAction\",\"target\":{\"@type\":\"EntryPoint\",\"urlTemplate\":\"https:\\\/\\\/visitteo.com\\\/cs\\\/?s={search_term_string}\"},\"query-input\":{\"@type\":\"PropertyValueSpecification\",\"valueRequired\":true,\"valueName\":\"search_term_string\"}}],\"inLanguage\":\"cs\"},{\"@type\":\"Organization\",\"@id\":\"https:\\\/\\\/visitteo.com\\\/cs\\\/#organization\",\"name\":\"Visitteo\",\"url\":\"https:\\\/\\\/visitteo.com\\\/cs\\\/\",\"logo\":{\"@type\":\"ImageObject\",\"inLanguage\":\"cs\",\"@id\":\"https:\\\/\\\/visitteo.com\\\/cs\\\/#\\\/schema\\\/logo\\\/image\\\/\",\"url\":\"https:\\\/\\\/visitteo.com\\\/wp-content\\\/uploads\\\/2024\\\/09\\\/organization_logo.png\",\"contentUrl\":\"https:\\\/\\\/visitteo.com\\\/wp-content\\\/uploads\\\/2024\\\/09\\\/organization_logo.png\",\"width\":840,\"height\":840,\"caption\":\"Visitteo\"},\"image\":{\"@id\":\"https:\\\/\\\/visitteo.com\\\/cs\\\/#\\\/schema\\\/logo\\\/image\\\/\"},\"sameAs\":[\"https:\\\/\\\/www.facebook.com\\\/visitteo\\\/\",\"https:\\\/\\\/x.com\\\/visitteo\",\"https:\\\/\\\/www.instagram.com\\\/visitteo\\\/\",\"https:\\\/\\\/www.pinterest.com\\\/visitteo\\\/pins\\\/\"]}]}<\/script>\n<!-- \/ Yoast SEO plugin. -->","yoast_head_json":{"title":"O N\u00e1s - Visitteo","description":"Visitteo je inovativn\u00ed webov\u00e1 str\u00e1nka, kter\u00e1 v\u00e1m pom\u016f\u017ee naj\u00edt ide\u00e1ln\u00ed pron\u00e1jem dovolen\u00e9 a letenky do Chorvatska.","robots":{"index":"index","follow":"follow","max-snippet":"max-snippet:-1","max-image-preview":"max-image-preview:large","max-video-preview":"max-video-preview:-1"},"canonical":"https:\/\/visitteo.com\/cs\/o-nas\/","og_locale":"cs_CZ","og_type":"article","og_title":"O N\u00e1s - Visitteo","og_description":"Visitteo je inovativn\u00ed webov\u00e1 str\u00e1nka, kter\u00e1 v\u00e1m pom\u016f\u017ee naj\u00edt ide\u00e1ln\u00ed pron\u00e1jem dovolen\u00e9 a letenky do Chorvatska.","og_url":"https:\/\/visitteo.com\/cs\/o-nas\/","og_site_name":"Visitteo","article_publisher":"https:\/\/www.facebook.com\/visitteo\/","article_modified_time":"2022-02-25T08:53:49+00:00","og_image":[{"width":1200,"height":630,"url":"https:\/\/visitteo.com\/wp-content\/uploads\/2022\/10\/share-1.jpg","type":"image\/jpeg"}],"twitter_card":"summary_large_image","twitter_site":"@visitteo","schema":{"@context":"https:\/\/schema.org","@graph":[{"@type":"WebPage","@id":"https:\/\/visitteo.com\/cs\/o-nas\/","url":"https:\/\/visitteo.com\/cs\/o-nas\/","name":"O N\u00e1s - Visitteo","isPartOf":{"@id":"https:\/\/visitteo.com\/cs\/#website"},"datePublished":"2020-11-27T17:28:43+00:00","dateModified":"2022-02-25T08:53:49+00:00","description":"Visitteo je inovativn\u00ed webov\u00e1 str\u00e1nka, kter\u00e1 v\u00e1m pom\u016f\u017ee naj\u00edt ide\u00e1ln\u00ed pron\u00e1jem dovolen\u00e9 a letenky do Chorvatska.","breadcrumb":{"@id":"https:\/\/visitteo.com\/cs\/o-nas\/#breadcrumb"},"inLanguage":"cs","potentialAction":[{"@type":"ReadAction","target":["https:\/\/visitteo.com\/cs\/o-nas\/"]}]},{"@type":"BreadcrumbList","@id":"https:\/\/visitteo.com\/cs\/o-nas\/#breadcrumb","itemListElement":[{"@type":"ListItem","position":1,"name":"Homepage","item":"https:\/\/visitteo.com\/cs\/"},{"@type":"ListItem","position":2,"name":"Jsme Visitteo"}]},{"@type":"WebSite","@id":"https:\/\/visitteo.com\/cs\/#website","url":"https:\/\/visitteo.com\/cs\/","name":"Visitteo","description":"Visitteo is a metasearch engine for car rental.","publisher":{"@id":"https:\/\/visitteo.com\/cs\/#organization"},"potentialAction":[{"@type":"SearchAction","target":{"@type":"EntryPoint","urlTemplate":"https:\/\/visitteo.com\/cs\/?s={search_term_string}"},"query-input":{"@type":"PropertyValueSpecification","valueRequired":true,"valueName":"search_term_string"}}],"inLanguage":"cs"},{"@type":"Organization","@id":"https:\/\/visitteo.com\/cs\/#organization","name":"Visitteo","url":"https:\/\/visitteo.com\/cs\/","logo":{"@type":"ImageObject","inLanguage":"cs","@id":"https:\/\/visitteo.com\/cs\/#\/schema\/logo\/image\/","url":"https:\/\/visitteo.com\/wp-content\/uploads\/2024\/09\/organization_logo.png","contentUrl":"https:\/\/visitteo.com\/wp-content\/uploads\/2024\/09\/organization_logo.png","width":840,"height":840,"caption":"Visitteo"},"image":{"@id":"https:\/\/visitteo.com\/cs\/#\/schema\/logo\/image\/"},"sameAs":["https:\/\/www.facebook.com\/visitteo\/","https:\/\/x.com\/visitteo","https:\/\/www.instagram.com\/visitteo\/","https:\/\/www.pinterest.com\/visitteo\/pins\/"]}]}},"_links":{"self":[{"href":"https:\/\/visitteo.com\/cs\/wp-json\/wp\/v2\/pages\/5200","targetHints":{"allow":["GET"]}}],"collection":[{"href":"https:\/\/visitteo.com\/cs\/wp-json\/wp\/v2\/pages"}],"about":[{"href":"https:\/\/visitteo.com\/cs\/wp-json\/wp\/v2\/types\/page"}],"author":[{"embeddable":true,"href":"https:\/\/visitteo.com\/cs\/wp-json\/wp\/v2\/users\/5"}],"replies":[{"embeddable":true,"href":"https:\/\/visitteo.com\/cs\/wp-json\/wp\/v2\/comments?post=5200"}],"version-history":[{"count":0,"href":"https:\/\/visitteo.com\/cs\/wp-json\/wp\/v2\/pages\/5200\/revisions"}],"wp:attachment":[{"href":"https:\/\/visitteo.com\/cs\/wp-json\/wp\/v2\/media?parent=5200"}],"curies":[{"name":"wp","href":"https:\/\/api.w.org\/{rel}","templated":true}]}}