{"id":901,"date":"2017-04-25T13:00:59","date_gmt":"2017-04-25T11:00:59","guid":{"rendered":"https:\/\/visitteo.com\/privacy-policy\/"},"modified":"2020-12-14T09:01:01","modified_gmt":"2020-12-14T08:01:01","slug":"zasady-ochrany-osobnich-udaju","status":"publish","type":"page","link":"https:\/\/visitteo.com\/cs\/zasady-ochrany-osobnich-udaju\/","title":{"rendered":"Z\u00e1sady ochrany osobn\u00edch \u00fadaj\u016f"},"content":{"rendered":"<p>Vezm\u011bte pros\u00edm na v\u011bdom\u00ed, \u017ee praktiky spole\u010dnosti Atlas LLC. (\u201eMy\u201c, \u201ena\u0161i\u201c nebo \u201en\u00e1s\u201c) t\u00fdkaj\u00edc\u00ed se osobn\u00edch \u00fadaj\u016f se \u0159\u00edd\u00ed t\u011bmito z\u00e1sadami ochrany osobn\u00edch \u00fadaj\u016f, proto\u017ee tyt\u00e9\u017e mohou b\u00fdt \u010das od \u010dasu pozm\u011bn\u011bny. Tyto z\u00e1sady ochrany osobn\u00edch \u00fadaj\u016f upravuj\u00ed osobn\u00ed \u00fadaje, kter\u00e9 shroma\u017e\u010fujeme prost\u0159ednictv\u00edm t\u00e9to webov\u00e9 str\u00e1nky na adrese <a href=\"https:\/\/visitteo.com\/cs\/\" target=\"_blank\" rel=\"noopener noreferrer\">www.visitteo.com<\/a> (\u201ewebov\u00e1 str\u00e1nka\u201c).<\/p>\n<p>Tyto z\u00e1sady ochrany osobn\u00edch \u00fadaj\u016f popisuj\u00ed postupy Visitteo t\u00fdkaj\u00edc\u00ed se osobn\u011b identifikovateln\u00fdch \u00fadaj\u016f a \u00fadaj\u016f (\u201eosobn\u00ed \u00fadaje\u201c). Tyto z\u00e1sady se vztahuj\u00ed na na\u0161e webov\u00e9 str\u00e1nky (na\u0161e \u201eslu\u017eba\u201c). Pou\u017e\u00edv\u00e1te-li jej, souhlas\u00edte s podm\u00ednkami t\u00e9to z\u00e1sady.<\/p>\n<p>Pe\u010dliv\u011b si pros\u00edm p\u0159e\u010dt\u011bte na\u0161e z\u00e1sady ochrany osobn\u00edch \u00fadaj\u016f, abyste z\u00edskali jasnou p\u0159edstavu o tom, jak shroma\u017e\u010fujeme, pou\u017e\u00edv\u00e1me, chr\u00e1n\u00edme nebo jinak nakl\u00e1d\u00e1me s va\u0161imi osobn\u011b identifikovateln\u00fdmi informacemi podle na\u0161ich webov\u00fdch str\u00e1nek.<\/p>\n<h5><strong>Jak\u00e9 osobn\u00ed \u00fadaje shroma\u017e\u010fujeme<\/strong><\/h5>\n<ul>\n<li>M\u016f\u017eeme shroma\u017e\u010fovat informace, kter\u00e9 v\u00e1s mohou identifikovat, nap\u0159\u00edklad va\u0161e jm\u00e9no a e-mailov\u00e1 adresa (\u201eosobn\u00ed \u00fadaje\u201c) a dal\u0161\u00ed informace, kter\u00e9 v\u00e1s neidentifikuj\u00ed.<\/li>\n<li>Informace, kter\u00e9 poskytnete. Chcete-li se zaregistrovat na Visitteo, budete vyzv\u00e1ni k p\u0159ihl\u00e1\u0161en\u00ed pomoc\u00ed p\u0159ihla\u0161ovac\u00edch \u00fadaj\u016f na Facebooku nebo Google. Pokud tak u\u010din\u00edte, oprav\u0148ujete n\u00e1s k p\u0159\u00edstupu k ur\u010dit\u00fdm informac\u00edm o \u00fa\u010dtu Facebook a Google, jako je v\u00e1\u0161 ve\u0159ejn\u00fd profil na Facebooku nebo Google (v souladu s va\u0161\u00edm nastaven\u00edm ochrany osobn\u00edch \u00fadaj\u016f na Facebooku a Google).<\/li>\n<li>M\u016f\u017eeme z\u00edskat p\u0159\u00edstup k va\u0161\u00ed e-mailov\u00e9 adrese, z\u00e1jm\u016fm vztah\u016f, fotk\u00e1m, lajk\u016fm, aktu\u00e1ln\u00edmu m\u011bstu, narozenin\u00e1m, z\u00e1jm\u016fm, historii vzd\u011bl\u00e1v\u00e1n\u00ed, pohlav\u00ed, osobn\u00edmu popisu a seznamu p\u0159\u00e1tel.<\/li>\n<li>M\u016f\u017eete n\u00e1m tak\u00e9 poskytnout va\u0161e fotografie, osobn\u00ed popis, popis va\u0161ich zn\u00e1m\u00fdch nebo p\u0159\u00e1tel a informace o va\u0161em pohlav\u00ed.<\/li>\n<li>Pokud s n\u00e1mi chatujete prost\u0159ednictv\u00edm soci\u00e1ln\u00edch s\u00edt\u00ed nebo e-mail\u016f, poskytnete n\u00e1m obsah va\u0161ich chat\u016f a pokud n\u00e1s kontaktujete se z\u00e1kaznick\u00fdm servisem nebo jin\u00fdmi dotazy, poskytnete n\u00e1m obsah t\u00e9to komunikace.<\/li>\n<li>M\u016f\u017eeme shroma\u017e\u010fovat informace, kdy\u017e n\u00e1m prost\u0159ednictv\u00edm soci\u00e1ln\u00edch s\u00edt\u00ed po\u0161lete n\u011bjak\u00fd obsah (v\u00e1\u0161 cestovn\u00ed p\u0159\u00edb\u011bh a obr\u00e1zky).<\/li>\n<li>Dal\u0161\u00ed informace t\u00fdkaj\u00edc\u00ed se z\u00e1kaznick\u00fdch pr\u016fzkum\u016f a \/ nebo nab\u00eddek.<\/li>\n<\/ul>\n<h5><strong>Co d\u011bl\u00e1me s informacemi, kter\u00e9 shroma\u017e\u010fujeme<\/strong><\/h5>\n<p>Informace, kter\u00e9 od v\u00e1s shroma\u017e\u010fujeme, m\u016f\u017eeme pou\u017e\u00edt p\u0159i registraci, reagov\u00e1n\u00ed na marketingovou komunikaci, proch\u00e1zen\u00ed webu nebo pou\u017e\u00edv\u00e1n\u00ed ur\u010dit\u00fdch dal\u0161\u00edch funkc\u00ed webu n\u00e1sleduj\u00edc\u00edmi zp\u016fsoby:<\/p>\n<ul>\n<li>Vylep\u0161ujte na\u0161e produkty a slu\u017eby a spravujte na\u0161e podnik\u00e1n\u00ed.<\/li>\n<li>Chcete-li p\u0159izp\u016fsobit u\u017eivatelsk\u00e9 prost\u0159ed\u00ed a umo\u017enit n\u00e1m doru\u010dit typ obsahu a nab\u00eddky produkt\u016f, o kter\u00e9 m\u00e1te nejv\u011bt\u0161\u00ed z\u00e1jem.<\/li>\n<li>Vylep\u0161it n\u00e1\u0161 web, abychom v\u00e1m mohli l\u00e9pe slou\u017eit.<\/li>\n<li>Tyto informace m\u016f\u017eeme pou\u017e\u00edt pro anal\u00fdzu webov\u00fdch str\u00e1nek.<\/li>\n<li>Abychom v\u00e1m mohli l\u00e9pe poskytovat slu\u017eby v reakci na va\u0161e po\u017eadavky na z\u00e1kaznick\u00e9 slu\u017eby.<\/li>\n<li>Pomoc\u00ed e-mailov\u00e9 adresy, kterou jste uvedli, m\u016f\u017eeme pravideln\u011b zas\u00edlat propaga\u010dn\u00ed e-maily o nov\u00fdch produktech, speci\u00e1ln\u00edch nab\u00eddk\u00e1ch nebo jin\u00fdch informac\u00edch, o kter\u00fdch si mysl\u00edme, \u017ee by v\u00e1s mohly zaj\u00edmat.<\/li>\n<li>Pokud n\u00e1m po\u0161lete n\u011bjak\u00fd obsah (v\u00e1\u0161 cestovn\u00ed p\u0159\u00edb\u011bh a obr\u00e1zky) prost\u0159ednictv\u00edm soci\u00e1ln\u00edch s\u00edt\u00ed, m\u016f\u017eeme tento obsah pou\u017e\u00edt pro marketingov\u00e9 aktivity na soci\u00e1ln\u00edch s\u00edt\u00edch.<\/li>\n<li>Tyto informace m\u016f\u017eeme pou\u017e\u00edt k p\u0159izp\u016fsoben\u00ed webov\u00fdch str\u00e1nek podle va\u0161ich z\u00e1jm\u016f.<\/li>\n<li>Monitorujte metriky, jako je celkov\u00fd po\u010det n\u00e1v\u0161t\u011bvn\u00edk\u016f a provoz.<\/li>\n<\/ul>\n<h5><strong>S k\u00fdm sd\u00edl\u00edme va\u0161e informace<\/strong><\/h5>\n<p>Nebudeme prod\u00e1vat, obchodovat, sd\u00edlet ani jinak p\u0159ev\u00e1d\u011bt va\u0161e osobn\u011b identifikovateln\u00e9 informace extern\u00edm stran\u00e1m. Va\u0161e osobn\u00ed \u00fadaje m\u016f\u017eeme pou\u017e\u00edt k zas\u00edl\u00e1n\u00ed propaga\u010dn\u00edch informac\u00ed o t\u0159et\u00edch stran\u00e1ch, o kter\u00fdch si mysl\u00edme, \u017ee by v\u00e1s mohly zaj\u00edmat, pokud n\u00e1m sd\u011bl\u00edte, \u017ee si to p\u0159ejete.<\/p>\n<p>Visitteo v\u00e1m tak\u00e9 m\u016f\u017ee umo\u017enit p\u0159\u00edstup k Map\u00e1m Google. Upozor\u0148ujeme, \u017ee kdy\u017e pou\u017e\u00edv\u00e1te Mapy Google, jste v\u00e1z\u00e1ni smluvn\u00edmi podm\u00ednkami spole\u010dnosti <a href=\"https:\/\/www.google.com\/intl\/en\/policies\/terms\/\" target=\"_blank\" rel=\"noopener noreferrer\">Google<\/a> a va\u0161e pr\u00e1va na ochranu soukrom\u00ed jsou ovlivn\u011bna z\u00e1sadami ochrany osobn\u00edch \u00fadaj\u016f spole\u010dnosti <a href=\"https:\/\/www.google.com\/policies\/privacy\/\" target=\"_blank\" rel=\"noopener noreferrer\">Google<\/a>, kter\u00e9 spole\u010dnost Google \u010das od \u010dasu aktualizuje.<\/p>\n<h5><strong>Webov\u00e9 str\u00e1nky t\u0159et\u00edch stran<\/strong><\/h5>\n<p>Kliknut\u00edm na nab\u00eddku na na\u0161em webu budete p\u0159esm\u011brov\u00e1ni na web t\u0159et\u00ed strany, kter\u00fd nefunguje podle t\u011bchto z\u00e1sad ochrany osobn\u00edch \u00fadaj\u016f, a budete p\u0159esm\u011brov\u00e1ni na web, kter\u00fd nem\u00e1me pod kontrolou. Tyto webov\u00e9 str\u00e1nky t\u0159et\u00edch stran mohou od v\u00e1s nez\u00e1visle shroma\u017e\u010fovat informace, v\u010detn\u011b osobn\u00edch \u00fadaj\u016f. Tyto webov\u00e9 str\u00e1nky t\u0159et\u00edch stran maj\u00ed samostatn\u00e9 a nez\u00e1visl\u00e9 z\u00e1sady ochrany osobn\u00edch \u00fadaj\u016f. Neneseme proto \u017e\u00e1dnou odpov\u011bdnost ani odpov\u011bdnost za obsah a aktivity t\u011bchto odkazovan\u00fdch webov\u00fdch str\u00e1nek.<\/p>\n<p>P\u0159esto se sna\u017e\u00edme chr\u00e1nit integritu na\u0161ich webov\u00fdch str\u00e1nek a v\u00edt\u00e1me jakoukoli zp\u011btnou vazbu t\u00fdkaj\u00edc\u00ed se t\u011bchto webov\u00fdch str\u00e1nek. Jakmile jste k opu\u0161t\u011bn\u00ed Visitteo pou\u017eili t\u0159et\u00ed stranu, m\u011bli byste si uv\u011bdomit, \u017ee nad touto jinou webovou str\u00e1nkou nem\u00e1me \u017e\u00e1dnou kontrolu. Proto nem\u016f\u017eeme n\u00e9st odpov\u011bdnost za ochranu a soukrom\u00ed jak\u00fdchkoli informac\u00ed, kter\u00e9 poskytnete p\u0159i n\u00e1v\u0161t\u011bv\u011b t\u011bchto webov\u00fdch str\u00e1nek, a tyto webov\u00e9 str\u00e1nky se t\u00edmto prohl\u00e1\u0161en\u00edm o ochran\u011b osobn\u00edch \u00fadaj\u016f ne\u0159\u00edd\u00ed. M\u011bli byste b\u00fdt opatrn\u00ed a pod\u00edvat se na prohl\u00e1\u0161en\u00ed o ochran\u011b osobn\u00edch \u00fadaj\u016f vztahuj\u00edc\u00ed se na dan\u00fd web.<\/p>\n<h5><strong>Jak chr\u00e1n\u00edme va\u0161e osobn\u00ed \u00fadaje<\/strong><\/h5>\n<p>Zabezpe\u010den\u00ed va\u0161ich osobn\u00edch \u00fadaj\u016f je pro n\u00e1s d\u016fle\u017eit\u00e9, ale pamatujte, \u017ee \u017e\u00e1dn\u00fd zp\u016fsob p\u0159enosu p\u0159es internet nebo zp\u016fsob elektronick\u00e9ho ukl\u00e1d\u00e1n\u00ed nen\u00ed stoprocentn\u011b bezpe\u010dn\u00fd. I kdy\u017e se sna\u017e\u00edme pou\u017e\u00edvat komer\u010dn\u011b p\u0159ijateln\u00e9 prost\u0159edky k ochran\u011b va\u0161ich osobn\u00edch \u00fadaj\u016f, nem\u016f\u017eeme zaru\u010dit jejich absolutn\u00ed bezpe\u010dnost. I kdy\u017e p\u0159ij\u00edm\u00e1me opat\u0159en\u00ed k zabezpe\u010den\u00ed va\u0161ich informac\u00ed, neslibujeme a nem\u011bli byste o\u010dek\u00e1vat, \u017ee va\u0161e osobn\u00ed \u00fadaje nebo jin\u00e1 komunikace z\u016fstanou v\u017edy zabezpe\u010den\u00e9.<\/p>\n<h5><strong>Anal\u00fdza slu\u017eeb<\/strong><\/h5>\n<p>Ke shroma\u017e\u010fov\u00e1n\u00ed informac\u00ed o pou\u017e\u00edv\u00e1n\u00ed tohoto webu pou\u017e\u00edv\u00e1me poskytovatele analytick\u00fdch slu\u017eeb t\u0159et\u00edch stran (\u201eposkytovatel\u00e9 Analytics\u201c), jako je Google Analytics. Google Analytics shroma\u017e\u010fuje informace, jako nap\u0159\u00edklad: jak \u010dasto u\u017eivatel\u00e9 nav\u0161t\u011bvuj\u00ed tento web, jak\u00e9 str\u00e1nky nav\u0161t\u011bvuj\u00ed, kdy\u017e tak u\u010din\u00ed, a jak\u00e9 dal\u0161\u00ed weby p\u0159ed n\u00e1v\u0161t\u011bvou tohoto webu pou\u017eili. Informace, kter\u00e9 z\u00edsk\u00e1v\u00e1me ze slu\u017eby Google Analytics, pou\u017e\u00edv\u00e1me pouze ke zlep\u0161en\u00ed t\u00e9to webov\u00e9 str\u00e1nky.<\/p>\n<p>Informace generovan\u00e9 va\u0161\u00edm prohl\u00ed\u017ee\u010dem nebo za\u0159\u00edzen\u00edm o va\u0161em pou\u017e\u00edv\u00e1n\u00ed Slu\u017eby budou p\u0159eneseny do a ulo\u017eeny slu\u017ebou Google Analytics. Google Analytics pou\u017eije tyto informace k vyhodnocen\u00ed va\u0161eho pou\u017e\u00edv\u00e1n\u00ed Slu\u017eby. Pou\u017e\u00edv\u00e1n\u00edm Slu\u017eby vyjad\u0159ujete souhlas se zpracov\u00e1n\u00edm \u00fadaj\u016f o v\u00e1s Google Analytics zp\u016fsobem a pro \u00fa\u010dely uveden\u00e9 v\u00fd\u0161e. Schopnost spole\u010dnosti Google pou\u017e\u00edvat a sd\u00edlet va\u0161e shrom\u00e1\u017ed\u011bn\u00e9 informace o va\u0161ich n\u00e1v\u0161t\u011bv\u00e1ch tohoto webu je omezena podm\u00ednkami pou\u017e\u00edv\u00e1n\u00ed <a href=\"https:\/\/www.google.com\/analytics\/terms\/us.html\" target=\"_blank\" rel=\"noopener noreferrer\">Google Analytics<\/a> a z\u00e1sadami ochrany osobn\u00edch \u00fadaj\u016f <a href=\"https:\/\/www.google.com\/policies\/privacy\/\" target=\"_blank\" rel=\"noopener noreferrer\">Google<\/a>.<\/p>\n<h5><strong>Zm\u011bny t\u011bchto z\u00e1sad ochrany osobn\u00edch \u00fadaj\u016f<\/strong><\/h5>\n<p>Na\u0161e z\u00e1sady ochrany osobn\u00edch \u00fadaj\u016f budeme \u010das od \u010dasu aktualizovat nebo m\u011bnit. Tyto z\u00e1sady ochrany osobn\u00edch \u00fadaj\u016f byste m\u011bli pravideln\u011b kontrolovat a zajistit, abyste byli se v\u0161emi zm\u011bnami spokojeni. Va\u0161e dal\u0161\u00ed pou\u017e\u00edv\u00e1n\u00ed t\u00e9to slu\u017eby pot\u00e9, co na t\u00e9to str\u00e1nce zve\u0159ejn\u00edme jak\u00e9koli zm\u011bny z\u00e1sad ochrany osobn\u00edch \u00fadaj\u016f, bude p\u0159edstavovat va\u0161e potvrzen\u00ed zm\u011bn a v\u00e1\u0161 souhlas s dodr\u017eov\u00e1n\u00edm a dodr\u017eov\u00e1n\u00edm upraven\u00fdch z\u00e1sad ochrany osobn\u00edch \u00fadaj\u016f.<\/p>\n<p>Kdy\u017e zve\u0159ejn\u00edme zm\u011bny v t\u011bchto z\u00e1sad\u00e1ch ochrany osobn\u00edch \u00fadaj\u016f, revidujeme datum \u201eposledn\u00ed aktualizace\u201c ve spodn\u00ed \u010d\u00e1sti t\u011bchto z\u00e1sad ochrany osobn\u00edch \u00fadaj\u016f.<\/p>\n<h5><strong>Uchov\u00e1v\u00e1n\u00ed \u00fadaj\u016f<\/strong><\/h5>\n<p>Atlas, LLC bude uchov\u00e1vat va\u0161e \u00fadaje pouze po dobu nezbytnou pro \u00fa\u010dely uveden\u00e9 v t\u011bchto z\u00e1sad\u00e1ch ochrany osobn\u00edch \u00fadaj\u016f. Va\u0161e \u00fadaje si ponech\u00e1me a pou\u017eijeme v rozsahu nezbytn\u00e9m pro spln\u011bn\u00ed na\u0161ich z\u00e1konn\u00fdch povinnost\u00ed (nap\u0159\u00edklad pokud jsme povinni uchovat va\u0161e \u00fadaje v souladu s platn\u00fdmi z\u00e1kony), \u0159e\u0161en\u00ed spor\u016f a prosazov\u00e1n\u00ed na\u0161ich pr\u00e1vn\u00edch dohod a z\u00e1sad.<\/p>\n<p>Atlas, LLC tak\u00e9 uchov\u00e1 \u00fadaje o pou\u017e\u00edv\u00e1n\u00ed pro \u00fa\u010dely intern\u00ed anal\u00fdzy. \u00dadaje o pou\u017e\u00edv\u00e1n\u00ed jsou obecn\u011b uchov\u00e1v\u00e1ny po krat\u0161\u00ed dobu, s v\u00fdjimkou p\u0159\u00edpad\u016f, kdy jsou tato data pou\u017eita k pos\u00edlen\u00ed zabezpe\u010den\u00ed nebo ke zlep\u0161en\u00ed funk\u010dnosti na\u0161\u00ed Slu\u017eby, nebo pokud jsme ze z\u00e1kona povinni tyto \u00fadaje uchov\u00e1vat po del\u0161\u00ed dobu.<\/p>\n<h5><strong>Jak\u00fd je \u00fa\u010del shroma\u017e\u010fov\u00e1n\u00ed a pou\u017e\u00edv\u00e1n\u00ed va\u0161ich \u00fadaj\u016f?<\/strong><\/h5>\n<p>Abychom v\u00e1m poskytli srovn\u00e1vac\u00ed informace o r\u016fzn\u00fdch pr\u00e1zdninov\u00fdch ubytov\u00e1n\u00edch a webov\u00fdch str\u00e1nk\u00e1ch hotel\u016f, abychom v\u00e1m mohli nab\u00eddnout nejlep\u0161\u00ed v\u00fdb\u011br turistick\u00e9ho ubytov\u00e1n\u00ed za nejlep\u0161\u00ed cenu. Doru\u010dov\u00e1n\u00ed obchodn\u00edch reklamn\u00edch ozn\u00e1men\u00ed prost\u0159ednictv\u00edm elektronick\u00e9 po\u0161ty nebo soci\u00e1ln\u00edch s\u00edt\u00ed t\u00fdkaj\u00edc\u00edch se na\u0161ich produkt\u016f a \/ nebo slu\u017eeb zam\u011b\u0159en\u00fdch na ubytov\u00e1n\u00ed b\u011bhem va\u0161\u00ed dovolen\u00e9 a dal\u0161\u00edch aktivit, kter\u00e9 maj\u00ed b\u00fdt v tomto obdob\u00ed prov\u00e1d\u011bny. Analytick\u00e9 \u00fa\u010dely, jako prost\u0159edek ke zlep\u0161en\u00ed a zlep\u0161en\u00ed provozu a slu\u017eeb poskytovan\u00fdch spole\u010dnost\u00ed Visitteo, prov\u00e1d\u011bn\u00ed studi\u00ed a pr\u016fzkum\u016f trhu.<\/p>\n<h5><strong>Statistick\u00e9, analytick\u00e9 a marketingov\u00e9 slu\u017eby<\/strong><\/h5>\n<p>Pou\u017e\u00edv\u00e1me statistick\u00e9, analytick\u00e9 a marketingov\u00e9 slu\u017eby t\u0159et\u00edch stran. To n\u00e1m umo\u017e\u0148uje optimalizovat na\u0161e webov\u00e9 str\u00e1nky a zajistit, aby byly u\u017eivatelsky p\u0159\u00edv\u011btiv\u00e9. T\u0159et\u00ed strany pou\u017e\u00edvaj\u00ed k poskytov\u00e1n\u00ed sv\u00fdch slu\u017eeb soubory cookie (viz \u010d\u00e1st \u201eCookies\u201c). Pokud nen\u00ed n\u00ed\u017ee uvedeno jinak, nebudou va\u0161e \u00fadaje zpracov\u00e1ny.<\/p>\n<p>N\u011bkter\u00e9 ze t\u0159et\u00edch stran v\u00e1m umo\u017e\u0148uj\u00ed p\u0159\u00edmo vzn\u00e9st n\u00e1mitky proti pou\u017eit\u00ed p\u0159\u00edslu\u0161n\u00e9 slu\u017eby, nap\u0159. nastaven\u00edm opt-out cookie.<\/p>\n<p>Pokud se tak rozhodnete, extern\u00ed poskytovatel ji\u017e nebude v budoucnu zpracov\u00e1vat \u00fadaje o va\u0161em chov\u00e1n\u00ed p\u0159i pou\u017e\u00edv\u00e1n\u00ed. Je tak\u00e9 mo\u017en\u00e9 selektivn\u011b nam\u00edtat proti jednotliv\u00fdm extern\u00edm slu\u017eb\u00e1m. Pokud zm\u011bn\u00edte prohl\u00ed\u017ee\u010d nebo koncov\u00e9 za\u0159\u00edzen\u00ed nebo odstran\u00edte v\u0161echny soubory cookie, mus\u00edte znovu nastavit soubor cookie pro odhl\u00e1\u0161en\u00ed.<\/p>\n<h5><strong>Kontaktujte n\u00e1s<\/strong><\/h5>\n<p>M\u00e1te-li jak\u00e9koli dotazy t\u00fdkaj\u00edc\u00ed se t\u011bchto z\u00e1sad ochrany osobn\u00edch \u00fadaj\u016f, kontaktujte n\u00e1s zasl\u00e1n\u00edm e-mailu na adresu: <a href=\"mailto:info@visitteo.com\">info@visitteo.com<\/a><\/p>\n<p><em>Posledn\u00ed aktualizace: 26. \u0159\u00edjna 2020<\/em><\/p>\n","protected":false},"excerpt":{"rendered":"<p>Vezm\u011bte pros\u00edm na v\u011bdom\u00ed, \u017ee praktiky spole\u010dnosti Atlas LLC. (\u201eMy\u201c, \u201ena\u0161i\u201c nebo \u201en\u00e1s\u201c) t\u00fdkaj\u00edc\u00ed se osobn\u00edch \u00fadaj\u016f se \u0159\u00edd\u00ed t\u011bmito z\u00e1sadami ochrany osobn\u00edch \u00fadaj\u016f, proto\u017ee tyt\u00e9\u017e mohou b\u00fdt \u010das od \u010dasu pozm\u011bn\u011bny. Tyto z\u00e1sady ochrany osobn\u00edch \u00fadaj\u016f upravuj\u00ed osobn\u00ed \u00fadaje, kter\u00e9 shroma\u017e\u010fujeme prost\u0159ednictv\u00edm t\u00e9to webov\u00e9 str\u00e1nky na adrese www.visitteo.com (\u201ewebov\u00e1 str\u00e1nka\u201c). Tyto z\u00e1sady ochrany osobn\u00edch [&hellip;]<\/p>\n","protected":false},"author":5,"featured_media":0,"parent":0,"menu_order":100,"comment_status":"closed","ping_status":"closed","template":"","meta":{"_acf_changed":false,"footnotes":""},"class_list":["post-901","page","type-page","status-publish","hentry"],"acf":[],"yoast_head":"<!-- This site is optimized with the Yoast SEO plugin v27.3 - https:\/\/yoast.com\/product\/yoast-seo-wordpress\/ -->\n<title>Z\u00e1sady Ochrany Osobn\u00edch \u00dadaj\u016f - Visitteo<\/title>\n<meta name=\"description\" content=\"Tyto z\u00e1sady ochrany osobn\u00edch \u00fadaj\u016f popisuj\u00ed postupy Visitteo t\u00fdkaj\u00edc\u00ed se osobn\u011b identifikovateln\u00fdch \u00fadaj\u016f a \u00fadaj\u016f (\u201eosobn\u00ed \u00fadaje\u201c).\" \/>\n<meta name=\"robots\" content=\"index, follow, max-snippet:-1, max-image-preview:large, max-video-preview:-1\" \/>\n<link rel=\"canonical\" href=\"https:\/\/visitteo.com\/cs\/zasady-ochrany-osobnich-udaju\/\" \/>\n<meta property=\"og:locale\" content=\"cs_CZ\" \/>\n<meta property=\"og:type\" content=\"article\" \/>\n<meta property=\"og:title\" content=\"Z\u00e1sady Ochrany Osobn\u00edch \u00dadaj\u016f - Visitteo\" \/>\n<meta property=\"og:description\" content=\"Tyto z\u00e1sady ochrany osobn\u00edch \u00fadaj\u016f popisuj\u00ed postupy Visitteo t\u00fdkaj\u00edc\u00ed se osobn\u011b identifikovateln\u00fdch \u00fadaj\u016f a \u00fadaj\u016f (\u201eosobn\u00ed \u00fadaje\u201c).\" \/>\n<meta property=\"og:url\" content=\"https:\/\/visitteo.com\/cs\/zasady-ochrany-osobnich-udaju\/\" \/>\n<meta property=\"og:site_name\" content=\"Visitteo\" \/>\n<meta property=\"article:publisher\" content=\"https:\/\/www.facebook.com\/visitteo\/\" \/>\n<meta property=\"article:modified_time\" content=\"2020-12-14T08:01:01+00:00\" \/>\n<meta property=\"og:image\" content=\"https:\/\/visitteo.com\/wp-content\/uploads\/2022\/10\/share-1.jpg\" \/>\n\t<meta property=\"og:image:width\" content=\"1200\" \/>\n\t<meta property=\"og:image:height\" content=\"630\" \/>\n\t<meta property=\"og:image:type\" content=\"image\/jpeg\" \/>\n<meta name=\"twitter:card\" content=\"summary_large_image\" \/>\n<meta name=\"twitter:site\" content=\"@visitteo\" \/>\n<meta name=\"twitter:label1\" content=\"Odhadovan\u00e1 doba \u010dten\u00ed\" \/>\n\t<meta name=\"twitter:data1\" content=\"10 minut\" \/>\n<script type=\"application\/ld+json\" class=\"yoast-schema-graph\">{\"@context\":\"https:\\\/\\\/schema.org\",\"@graph\":[{\"@type\":\"WebPage\",\"@id\":\"https:\\\/\\\/visitteo.com\\\/cs\\\/zasady-ochrany-osobnich-udaju\\\/\",\"url\":\"https:\\\/\\\/visitteo.com\\\/cs\\\/zasady-ochrany-osobnich-udaju\\\/\",\"name\":\"Z\u00e1sady Ochrany Osobn\u00edch \u00dadaj\u016f - Visitteo\",\"isPartOf\":{\"@id\":\"https:\\\/\\\/visitteo.com\\\/cs\\\/#website\"},\"datePublished\":\"2017-04-25T11:00:59+00:00\",\"dateModified\":\"2020-12-14T08:01:01+00:00\",\"description\":\"Tyto z\u00e1sady ochrany osobn\u00edch \u00fadaj\u016f popisuj\u00ed postupy Visitteo t\u00fdkaj\u00edc\u00ed se osobn\u011b identifikovateln\u00fdch \u00fadaj\u016f a \u00fadaj\u016f (\u201eosobn\u00ed \u00fadaje\u201c).\",\"breadcrumb\":{\"@id\":\"https:\\\/\\\/visitteo.com\\\/cs\\\/zasady-ochrany-osobnich-udaju\\\/#breadcrumb\"},\"inLanguage\":\"cs\",\"potentialAction\":[{\"@type\":\"ReadAction\",\"target\":[\"https:\\\/\\\/visitteo.com\\\/cs\\\/zasady-ochrany-osobnich-udaju\\\/\"]}]},{\"@type\":\"BreadcrumbList\",\"@id\":\"https:\\\/\\\/visitteo.com\\\/cs\\\/zasady-ochrany-osobnich-udaju\\\/#breadcrumb\",\"itemListElement\":[{\"@type\":\"ListItem\",\"position\":1,\"name\":\"Homepage\",\"item\":\"https:\\\/\\\/visitteo.com\\\/cs\\\/\"},{\"@type\":\"ListItem\",\"position\":2,\"name\":\"Z\u00e1sady ochrany osobn\u00edch \u00fadaj\u016f\"}]},{\"@type\":\"WebSite\",\"@id\":\"https:\\\/\\\/visitteo.com\\\/cs\\\/#website\",\"url\":\"https:\\\/\\\/visitteo.com\\\/cs\\\/\",\"name\":\"Visitteo\",\"description\":\"Visitteo is a metasearch engine for car rental.\",\"publisher\":{\"@id\":\"https:\\\/\\\/visitteo.com\\\/cs\\\/#organization\"},\"potentialAction\":[{\"@type\":\"SearchAction\",\"target\":{\"@type\":\"EntryPoint\",\"urlTemplate\":\"https:\\\/\\\/visitteo.com\\\/cs\\\/?s={search_term_string}\"},\"query-input\":{\"@type\":\"PropertyValueSpecification\",\"valueRequired\":true,\"valueName\":\"search_term_string\"}}],\"inLanguage\":\"cs\"},{\"@type\":\"Organization\",\"@id\":\"https:\\\/\\\/visitteo.com\\\/cs\\\/#organization\",\"name\":\"Visitteo\",\"url\":\"https:\\\/\\\/visitteo.com\\\/cs\\\/\",\"logo\":{\"@type\":\"ImageObject\",\"inLanguage\":\"cs\",\"@id\":\"https:\\\/\\\/visitteo.com\\\/cs\\\/#\\\/schema\\\/logo\\\/image\\\/\",\"url\":\"https:\\\/\\\/visitteo.com\\\/wp-content\\\/uploads\\\/2024\\\/09\\\/organization_logo.png\",\"contentUrl\":\"https:\\\/\\\/visitteo.com\\\/wp-content\\\/uploads\\\/2024\\\/09\\\/organization_logo.png\",\"width\":840,\"height\":840,\"caption\":\"Visitteo\"},\"image\":{\"@id\":\"https:\\\/\\\/visitteo.com\\\/cs\\\/#\\\/schema\\\/logo\\\/image\\\/\"},\"sameAs\":[\"https:\\\/\\\/www.facebook.com\\\/visitteo\\\/\",\"https:\\\/\\\/x.com\\\/visitteo\",\"https:\\\/\\\/www.instagram.com\\\/visitteo\\\/\",\"https:\\\/\\\/www.pinterest.com\\\/visitteo\\\/pins\\\/\"]}]}<\/script>\n<!-- \/ Yoast SEO plugin. -->","yoast_head_json":{"title":"Z\u00e1sady Ochrany Osobn\u00edch \u00dadaj\u016f - Visitteo","description":"Tyto z\u00e1sady ochrany osobn\u00edch \u00fadaj\u016f popisuj\u00ed postupy Visitteo t\u00fdkaj\u00edc\u00ed se osobn\u011b identifikovateln\u00fdch \u00fadaj\u016f a \u00fadaj\u016f (\u201eosobn\u00ed \u00fadaje\u201c).","robots":{"index":"index","follow":"follow","max-snippet":"max-snippet:-1","max-image-preview":"max-image-preview:large","max-video-preview":"max-video-preview:-1"},"canonical":"https:\/\/visitteo.com\/cs\/zasady-ochrany-osobnich-udaju\/","og_locale":"cs_CZ","og_type":"article","og_title":"Z\u00e1sady Ochrany Osobn\u00edch \u00dadaj\u016f - Visitteo","og_description":"Tyto z\u00e1sady ochrany osobn\u00edch \u00fadaj\u016f popisuj\u00ed postupy Visitteo t\u00fdkaj\u00edc\u00ed se osobn\u011b identifikovateln\u00fdch \u00fadaj\u016f a \u00fadaj\u016f (\u201eosobn\u00ed \u00fadaje\u201c).","og_url":"https:\/\/visitteo.com\/cs\/zasady-ochrany-osobnich-udaju\/","og_site_name":"Visitteo","article_publisher":"https:\/\/www.facebook.com\/visitteo\/","article_modified_time":"2020-12-14T08:01:01+00:00","og_image":[{"width":1200,"height":630,"url":"https:\/\/visitteo.com\/wp-content\/uploads\/2022\/10\/share-1.jpg","type":"image\/jpeg"}],"twitter_card":"summary_large_image","twitter_site":"@visitteo","twitter_misc":{"Odhadovan\u00e1 doba \u010dten\u00ed":"10 minut"},"schema":{"@context":"https:\/\/schema.org","@graph":[{"@type":"WebPage","@id":"https:\/\/visitteo.com\/cs\/zasady-ochrany-osobnich-udaju\/","url":"https:\/\/visitteo.com\/cs\/zasady-ochrany-osobnich-udaju\/","name":"Z\u00e1sady Ochrany Osobn\u00edch \u00dadaj\u016f - Visitteo","isPartOf":{"@id":"https:\/\/visitteo.com\/cs\/#website"},"datePublished":"2017-04-25T11:00:59+00:00","dateModified":"2020-12-14T08:01:01+00:00","description":"Tyto z\u00e1sady ochrany osobn\u00edch \u00fadaj\u016f popisuj\u00ed postupy Visitteo t\u00fdkaj\u00edc\u00ed se osobn\u011b identifikovateln\u00fdch \u00fadaj\u016f a \u00fadaj\u016f (\u201eosobn\u00ed \u00fadaje\u201c).","breadcrumb":{"@id":"https:\/\/visitteo.com\/cs\/zasady-ochrany-osobnich-udaju\/#breadcrumb"},"inLanguage":"cs","potentialAction":[{"@type":"ReadAction","target":["https:\/\/visitteo.com\/cs\/zasady-ochrany-osobnich-udaju\/"]}]},{"@type":"BreadcrumbList","@id":"https:\/\/visitteo.com\/cs\/zasady-ochrany-osobnich-udaju\/#breadcrumb","itemListElement":[{"@type":"ListItem","position":1,"name":"Homepage","item":"https:\/\/visitteo.com\/cs\/"},{"@type":"ListItem","position":2,"name":"Z\u00e1sady ochrany osobn\u00edch \u00fadaj\u016f"}]},{"@type":"WebSite","@id":"https:\/\/visitteo.com\/cs\/#website","url":"https:\/\/visitteo.com\/cs\/","name":"Visitteo","description":"Visitteo is a metasearch engine for car rental.","publisher":{"@id":"https:\/\/visitteo.com\/cs\/#organization"},"potentialAction":[{"@type":"SearchAction","target":{"@type":"EntryPoint","urlTemplate":"https:\/\/visitteo.com\/cs\/?s={search_term_string}"},"query-input":{"@type":"PropertyValueSpecification","valueRequired":true,"valueName":"search_term_string"}}],"inLanguage":"cs"},{"@type":"Organization","@id":"https:\/\/visitteo.com\/cs\/#organization","name":"Visitteo","url":"https:\/\/visitteo.com\/cs\/","logo":{"@type":"ImageObject","inLanguage":"cs","@id":"https:\/\/visitteo.com\/cs\/#\/schema\/logo\/image\/","url":"https:\/\/visitteo.com\/wp-content\/uploads\/2024\/09\/organization_logo.png","contentUrl":"https:\/\/visitteo.com\/wp-content\/uploads\/2024\/09\/organization_logo.png","width":840,"height":840,"caption":"Visitteo"},"image":{"@id":"https:\/\/visitteo.com\/cs\/#\/schema\/logo\/image\/"},"sameAs":["https:\/\/www.facebook.com\/visitteo\/","https:\/\/x.com\/visitteo","https:\/\/www.instagram.com\/visitteo\/","https:\/\/www.pinterest.com\/visitteo\/pins\/"]}]}},"_links":{"self":[{"href":"https:\/\/visitteo.com\/cs\/wp-json\/wp\/v2\/pages\/901","targetHints":{"allow":["GET"]}}],"collection":[{"href":"https:\/\/visitteo.com\/cs\/wp-json\/wp\/v2\/pages"}],"about":[{"href":"https:\/\/visitteo.com\/cs\/wp-json\/wp\/v2\/types\/page"}],"author":[{"embeddable":true,"href":"https:\/\/visitteo.com\/cs\/wp-json\/wp\/v2\/users\/5"}],"replies":[{"embeddable":true,"href":"https:\/\/visitteo.com\/cs\/wp-json\/wp\/v2\/comments?post=901"}],"version-history":[{"count":0,"href":"https:\/\/visitteo.com\/cs\/wp-json\/wp\/v2\/pages\/901\/revisions"}],"wp:attachment":[{"href":"https:\/\/visitteo.com\/cs\/wp-json\/wp\/v2\/media?parent=901"}],"curies":[{"name":"wp","href":"https:\/\/api.w.org\/{rel}","templated":true}]}}