{"id":917,"date":"2017-04-25T11:48:54","date_gmt":"2017-04-25T09:48:54","guid":{"rendered":"https:\/\/visitteo.com\/terms-of-use\/"},"modified":"2020-12-16T09:18:19","modified_gmt":"2020-12-16T08:18:19","slug":"podminky-pouzivani","status":"publish","type":"page","link":"https:\/\/visitteo.com\/cs\/podminky-pouzivani\/","title":{"rendered":"Podm\u00ednky pou\u017e\u00edv\u00e1n\u00ed"},"content":{"rendered":"<p>P\u0159ed p\u0159\u00edstupem, pou\u017e\u00edv\u00e1n\u00edm nebo z\u00edsk\u00e1v\u00e1n\u00edm jak\u00fdchkoli materi\u00e1l\u016f, informac\u00ed, produkt\u016f nebo slu\u017eeb prost\u0159ednictv\u00edm t\u00e9to webov\u00e9 str\u00e1nky si pros\u00edm pe\u010dliv\u011b p\u0159e\u010dt\u011bte tyto podm\u00ednky pou\u017eit\u00ed. P\u0159\u00edstupem, pou\u017e\u00edv\u00e1n\u00edm nebo z\u00edsk\u00e1v\u00e1n\u00edm jak\u00e9hokoli obsahu, dat, materi\u00e1l\u016f, informac\u00ed, produkt\u016f nebo slu\u017eeb prost\u0159ednictv\u00edm webov\u00fdch str\u00e1nek <a href=\"https:\/\/visitteo.com\/cs\/\">www.visitteo.com<\/a> (d\u00e1le jen \u201eslu\u017eba\u201c) souhlas\u00edte s t\u00edm, \u017ee budete v\u00e1z\u00e1ni t\u011bmito podm\u00ednkami (\u201epodm\u00ednky\u201c, \u201ePodm\u00ednky slu\u017eby\u201c) a na\u0161e z\u00e1sady ochrany <a href=\"https:\/\/visitteo.com\/cs\/zasady-ochrany-osobnich-udaju\/\" target=\"_blank\" rel=\"noopener noreferrer\">osobn\u00edch \u00fadaj\u016f<\/a>. Pokud nep\u0159ijmete v\u0161echny tyto podm\u00ednky, nesm\u00edte Slu\u017eby pou\u017e\u00edvat. V t\u011bchto podm\u00ednk\u00e1ch \u201emy\u201c, \u201en\u00e1s\u201c, \u201en\u00e1\u0161\u201c ozna\u010duje Atlas, LLC. A \u201evy\u201c nebo \u201ev\u00e1\u0161\u201c ozna\u010duje v\u00e1s jako u\u017eivatele Slu\u017eeb.<\/p>\n<p>V\u00e1\u0161 p\u0159\u00edstup ke Slu\u017eb\u011b a jej\u00ed pou\u017e\u00edv\u00e1n\u00ed je podm\u00edn\u011bno va\u0161\u00edm p\u0159ijet\u00edm a dodr\u017eov\u00e1n\u00edm t\u011bchto podm\u00ednek. Tyto podm\u00ednky se vztahuj\u00ed na v\u0161echny n\u00e1v\u0161t\u011bvn\u00edky, u\u017eivatele a dal\u0161\u00ed, kte\u0159\u00ed ke Slu\u017eb\u011b p\u0159istupuj\u00ed nebo ji pou\u017e\u00edvaj\u00ed. T\u011bmito podm\u00ednkami se \u0159\u00edd\u00ed va\u0161e pou\u017e\u00edv\u00e1n\u00ed t\u00e9to webov\u00e9 str\u00e1nky. Pou\u017e\u00edv\u00e1n\u00edm t\u00e9to webov\u00e9 str\u00e1nky pln\u011b p\u0159ij\u00edm\u00e1te tyto podm\u00ednky. P\u0159\u00edstupem nebo pou\u017e\u00edv\u00e1n\u00edm Slu\u017eby souhlas\u00edte s t\u00edm, \u017ee budete v\u00e1z\u00e1ni t\u011bmito podm\u00ednkami.<\/p>\n<p>Pokud nesouhlas\u00edte s jakoukoli \u010d\u00e1st\u00ed podm\u00ednek, nemus\u00edte m\u00edt p\u0159\u00edstup ke Slu\u017eb\u011b. P\u0159ed pou\u017eit\u00edm nebo z\u00edsk\u00e1n\u00edm jak\u00fdchkoli materi\u00e1l\u016f, informac\u00ed, produkt\u016f nebo slu\u017eeb prost\u0159ednictv\u00edm t\u00e9to webov\u00e9 str\u00e1nky si pros\u00edm pe\u010dliv\u011b p\u0159e\u010dt\u011bte tyto podm\u00ednky pou\u017e\u00edv\u00e1n\u00ed. M\u011bli byste si tak\u00e9 p\u0159e\u010d\u00edst z\u00e1sady ochrany <a href=\"https:\/\/visitteo.com\/cs\/zasady-ochrany-osobnich-udaju\/\" target=\"_blank\" rel=\"noopener noreferrer\">osobn\u00edch \u00fadaj\u016f<\/a> Visitteo, kter\u00e9 jsou do t\u00e9to smlouvy za\u010dlen\u011bny odkazem a jsou k dispozici ve slu\u017eb\u011b. Pokud nep\u0159ijmete a souhlas\u00edte s t\u00edm, \u017ee budete v\u00e1z\u00e1ni v\u0161emi podm\u00ednkami t\u00e9to smlouvy, v\u010detn\u011b z\u00e1sad ochrany <a href=\"https:\/\/visitteo.com\/cs\/zasady-ochrany-osobnich-udaju\/\" target=\"_blank\" rel=\"noopener noreferrer\">osobn\u00edch \u00fadaj\u016f<\/a> Visitteo, slu\u017ebu nepou\u017e\u00edvejte.<\/p>\n<h5><strong>P\u0159ijateln\u00e9 pou\u017eit\u00ed<\/strong><\/h5>\n<p>Pokud nen\u00ed uvedeno jinak, spole\u010dnost Visitteo vlastn\u00ed pr\u00e1va du\u0161evn\u00edho vlastnictv\u00ed na webov\u00e9 str\u00e1nky a materi\u00e1ly na t\u00e9to webov\u00e9 str\u00e1nce. V\u0161echna tato pr\u00e1va du\u0161evn\u00edho vlastnictv\u00ed jsou vyhrazena. M\u016f\u017eete prohl\u00ed\u017eet, stahovat pouze pro \u00fa\u010dely ukl\u00e1d\u00e1n\u00ed do mezipam\u011bti a tisknout str\u00e1nky nebo jin\u00fd obsah z webu pro vlastn\u00ed osobn\u00ed pot\u0159ebu, s v\u00fdhradou omezen\u00ed stanoven\u00fdch n\u00ed\u017ee a jinde v t\u011bchto podm\u00ednk\u00e1ch.<\/p>\n<p>Krom\u011b toho souhlas\u00edte, \u017ee nesm\u00edte:<\/p>\n<ul>\n<li>Pou\u017e\u00edvejte tento web jak\u00fdmkoli zp\u016fsobem, kter\u00fd zp\u016fsob\u00ed nebo m\u016f\u017ee zp\u016fsobit po\u0161kozen\u00ed webu nebo zhor\u0161en\u00ed dostupnosti nebo p\u0159\u00edstupnosti webu, nebo jak\u00fdmkoli zp\u016fsobem, kter\u00fd je nez\u00e1konn\u00fd, nez\u00e1konn\u00fd, podvodn\u00fd nebo \u0161kodliv\u00fd, nebo v souvislosti s jak\u00fdmkoli nez\u00e1konn\u00fdm, nez\u00e1konn\u00fdm , podvodn\u00fd nebo \u0161kodliv\u00fd \u00fa\u010del nebo \u010dinnost.<\/li>\n<li>Pomoc\u00ed tohoto webu m\u016f\u017eete kop\u00edrovat, ukl\u00e1dat, hostovat, p\u0159en\u00e1\u0161et, odes\u00edlat, pou\u017e\u00edvat, publikovat nebo distribuovat jak\u00fdkoli materi\u00e1l, kter\u00fd se skl\u00e1d\u00e1 (nebo je s n\u00edm spojen) jak\u00fdkoli spyware, po\u010d\u00edta\u010dov\u00fd virus. Trojsk\u00fd k\u016f\u0148, \u010derv, z\u00e1znamn\u00edk kl\u00e1ves nebo jin\u00fd \u0161kodliv\u00fd po\u010d\u00edta\u010dov\u00fd software.<\/li>\n<li>Prov\u00e1d\u011bjte jak\u00e9koli systematick\u00e9 nebo automatizovan\u00e9 \u010dinnosti sb\u011bru dat (mimo jin\u00e9 \u0161kr\u00e1b\u00e1n\u00ed, dolov\u00e1n\u00ed dat, extrakci dat a sb\u011br dat) na tomto webu nebo v souvislosti s n\u00edm bez v\u00fdslovn\u00e9ho p\u00edsemn\u00e9ho souhlasu spole\u010dnosti Visiteeo.<\/li>\n<li>Pou\u017e\u00edvejte jak\u00e9koli za\u0159\u00edzen\u00ed, software nebo rutinu, kter\u00e1 naru\u0161uje nebo se pokou\u0161\u00ed naru\u0161it norm\u00e1ln\u00ed fungov\u00e1n\u00ed na\u0161eho webu, nebo podnikn\u011bte jak\u00e9koli kroky, kter\u00e9 zp\u016fsobuj\u00ed nep\u0159im\u011b\u0159en\u00e9 zat\u00ed\u017een\u00ed na\u0161eho po\u010d\u00edta\u010de nebo s\u00ed\u0165ov\u00e9ho vybaven\u00ed.<\/li>\n<li>Pou\u017e\u00edvejte tento web pro jak\u00e9koli \u00fa\u010dely souvisej\u00edc\u00ed s marketingem bez v\u00fdslovn\u00e9ho p\u00edsemn\u00e9ho souhlasu spole\u010dnosti Visiteeo.<\/li>\n<li>Pomoc\u00ed tohoto webu m\u016f\u017eete p\u0159en\u00e1\u0161et nebo odes\u00edlat nevy\u017e\u00e1dan\u00e1 obchodn\u00ed sd\u011blen\u00ed.<\/li>\n<li>Zve\u0159ej\u0148ujte nebo distribuujte jak\u00fdkoli materi\u00e1l na na\u0161em webu, kter\u00fd poru\u0161uje pr\u00e1va jak\u00e9koli t\u0159et\u00ed strany.<\/li>\n<li>Znovu publikujte materi\u00e1l z tohoto webu (v\u010detn\u011b op\u011btovn\u00e9ho zve\u0159ejn\u011bn\u00ed na jin\u00e9m webu).<\/li>\n<li>Reprodukujte, duplikujte, kop\u00edrujte nebo jinak vyu\u017e\u00edvejte materi\u00e1l na tomto webu pro komer\u010dn\u00ed \u00fa\u010dely.<\/li>\n<li>Prod\u00e1vejte, pronaj\u00edmejte nebo sublicencovejte materi\u00e1l z webov\u00fdch str\u00e1nek.<\/li>\n<li>Ve\u0161ker\u00fd materi\u00e1l z webu zobrazujte ve\u0159ejn\u011b.<\/li>\n<li>Upravit nebo jinak upravit jak\u00fdkoli materi\u00e1l na webu.<\/li>\n<li>Redistribuujte materi\u00e1l z tohoto webu.<\/li>\n<li>Pou\u017e\u00edvejte n\u00e1\u0161 web ke shroma\u017e\u010fov\u00e1n\u00ed nebo ukl\u00e1d\u00e1n\u00ed osobn\u00edch \u00fadaj\u016f o ostatn\u00edch.<\/li>\n<\/ul>\n<h5><strong>Odkazy na jin\u00e9 webov\u00e9 str\u00e1nky<\/strong><\/h5>\n<p>Na\u0161e slu\u017eba m\u016f\u017ee obsahovat odkazy na webov\u00e9 str\u00e1nky nebo slu\u017eby t\u0159et\u00edch stran, kter\u00e9 nevlastn\u00ed ani nekontroluje Visitteo. Souhlas\u00edte s t\u00edm, \u017ee spole\u010dnost Visitteo nenese \u017e\u00e1dnou odpov\u011bdnost za p\u0159esnost nebo \u00faplnost informac\u00ed, kter\u00e9 m\u016f\u017ee obdr\u017eet z t\u011bchto jin\u00fdch webov\u00fdch str\u00e1nek. Va\u0161e pou\u017e\u00edv\u00e1n\u00ed jak\u00fdchkoli jin\u00fdch webov\u00fdch str\u00e1nek, na kter\u00e9 se p\u0159istupuje prost\u0159ednictv\u00edm na\u0161ich webov\u00fdch str\u00e1nek, je na va\u0161e vlastn\u00ed riziko. Visitteo nem\u00e1 \u017e\u00e1dnou kontrolu a nep\u0159eb\u00edr\u00e1 \u017e\u00e1dnou odpov\u011bdnost za obsah, z\u00e1sady ochrany osobn\u00edch \u00fadaj\u016f nebo praktiky web\u016f nebo slu\u017eeb t\u0159et\u00edch stran. D\u00e1le berete na v\u011bdom\u00ed a souhlas\u00edte s t\u00edm, \u017ee spole\u010dnost Visitteo nebude p\u0159\u00edmo ani nep\u0159\u00edmo odpov\u011bdn\u00e1 za jak\u00e9koli \u0161kody nebo ztr\u00e1ty zp\u016fsoben\u00e9, \u00fadajn\u011b zp\u016fsoben\u00e9 v souvislosti s pou\u017eit\u00edm nebo spol\u00e9h\u00e1n\u00edm se na takov\u00fd obsah, zbo\u017e\u00ed nebo slu\u017eby dostupn\u00e9 na nebo prost\u0159ednictv\u00edm takov\u00fdch webov\u00fdch str\u00e1nek nebo slu\u017eeb.<\/p>\n<p>D\u016frazn\u011b doporu\u010dujeme, abyste si p\u0159e\u010detli podm\u00ednky a z\u00e1sady ochrany osobn\u00edch \u00fadaj\u016f v\u0161ech web\u016f nebo slu\u017eeb t\u0159et\u00edch stran, kter\u00e9 nav\u0161t\u00edv\u00edte.<\/p>\n<h5><strong>Z\u0159eknut\u00ed se odpov\u011bdnosti<\/strong><\/h5>\n<p>Informace obsa\u017een\u00e9 na tomto webu slou\u017e\u00ed pouze pro obecn\u00e9 informa\u010dn\u00ed \u00fa\u010dely. Informace poskytuje spole\u010dnost Visitteo a zat\u00edmco se sna\u017e\u00edme tyto informace udr\u017eovat aktu\u00e1ln\u00ed a spr\u00e1vn\u00e9, neposkytujeme \u017e\u00e1dn\u00e1 prohl\u00e1\u0161en\u00ed ani z\u00e1ruky jak\u00e9hokoli druhu, v\u00fdslovn\u00e9 ani p\u0159edpokl\u00e1dan\u00e9, o \u00faplnosti, p\u0159esnosti, spolehlivosti, vhodnosti nebo dostupnosti s ohledem na webov\u00e9 str\u00e1nky nebo informace, produkty, slu\u017eby nebo souvisej\u00edc\u00ed grafiky obsa\u017een\u00e9 na webov\u00fdch str\u00e1nk\u00e1ch pro jak\u00e9koli \u00fa\u010dely. Jak\u00e9koli spol\u00e9h\u00e1n\u00ed se na tyto informace je tedy v\u00fdhradn\u011b na va\u0161e vlastn\u00ed riziko.<\/p>\n<p>V \u017e\u00e1dn\u00e9m p\u0159\u00edpad\u011b nebudeme odpov\u011bdn\u00ed za jakoukoli ztr\u00e1tu, po\u0161kozen\u00ed, zran\u011bn\u00ed osob nebo smrt, mimo jin\u00e9 nep\u0159\u00edmou nebo n\u00e1slednou ztr\u00e1tu nebo po\u0161kozen\u00ed nebo jakoukoli ztr\u00e1tu nebo \u0161kodu zp\u016fsobenou ztr\u00e1tou dat nebo zisk\u016f vypl\u00fdvaj\u00edc\u00edch z nebo v souvislosti s nimi s pou\u017e\u00edv\u00e1n\u00edm t\u00e9to webov\u00e9 str\u00e1nky. Prost\u0159ednictv\u00edm tohoto webu m\u016f\u017eete odkazovat na jin\u00e9 weby, kter\u00e9 nejsou pod kontrolou Visitteo.<\/p>\n<p>Nem\u00e1me \u017e\u00e1dnou kontrolu nad povahou, obsahem a dostupnost\u00ed t\u011bchto webov\u00fdch str\u00e1nek. Visitteo nep\u0159eb\u00edr\u00e1 \u017e\u00e1dnou odpov\u011bdnost za reklamy t\u0159et\u00edch stran, kter\u00e9 jsou zve\u0159ej\u0148ov\u00e1ny, prost\u0159ednictv\u00edm nebo v souvislosti se Slu\u017ebami, ani nep\u0159ij\u00edm\u00e1 \u017e\u00e1dnou odpov\u011bdnost za zbo\u017e\u00ed nebo slu\u017eby poskytovan\u00e9 t\u011bmito t\u0159et\u00edmi stranami. Zahrnut\u00ed jak\u00fdchkoli odkaz\u016f nutn\u011b neznamen\u00e1 doporu\u010den\u00ed nebo souhlas\u00ed s n\u00e1zory vyj\u00e1d\u0159en\u00fdmi v nich. Vynakl\u00e1d\u00e1 ve\u0161ker\u00e9 \u00fasil\u00ed, aby web fungoval hladce. Spole\u010dnost Visitteo v\u0161ak nep\u0159eb\u00edr\u00e1 \u017e\u00e1dnou odpov\u011bdnost a nebude n\u00e9st odpov\u011bdnost za to, \u017ee web bude do\u010dasn\u011b nedostupn\u00fd kv\u016fli technick\u00fdm probl\u00e9m\u016fm mimo na\u0161i kontrolu.<\/p>\n<h5><strong>Omezen\u00ed odpov\u011bdnosti<\/strong><\/h5>\n<p>Va\u0161e pou\u017eit\u00ed jak\u00fdchkoli informac\u00ed nebo materi\u00e1l\u016f na tomto webu je zcela na va\u0161e vlastn\u00ed riziko, za kter\u00e9 nebudeme odpov\u011bdn\u00ed. Je va\u0161\u00ed vlastn\u00ed odpov\u011bdnost\u00ed zajistit, aby v\u0161echny produkty, slu\u017eby nebo informace dostupn\u00e9 na tomto webu spl\u0148ovaly va\u0161e konkr\u00e9tn\u00ed po\u017eadavky.<\/p>\n<p>Krom\u011b toho spole\u010dnost Visitteo nebude odpov\u011bdn\u00e1 ani odpov\u011bdn\u00e1 za:<\/p>\n<ul>\n<li>Va\u0161e pou\u017eit\u00ed jak\u00fdchkoli informac\u00ed nebo materi\u00e1l\u016f na tomto webu je zcela na va\u0161e vlastn\u00ed riziko, za kter\u00e9 nebudeme odpov\u011bdn\u00ed. Je va\u0161\u00ed vlastn\u00ed odpov\u011bdnost\u00ed zajistit, aby v\u0161echny produkty, slu\u017eby nebo informace dostupn\u00e9 prost\u0159ednictv\u00edm t\u00e9to webov\u00e9 str\u00e1nky spl\u0148ovaly va\u0161e konkr\u00e9tn\u00ed po\u017eadavky.<\/li>\n<li>Vy nebo jak\u00e1koli t\u0159et\u00ed strana za jak\u00e9koli nep\u0159\u00edm\u00e9, n\u00e1sledn\u00e9, p\u0159\u00edkladn\u00e9, n\u00e1hodn\u00e9, zvl\u00e1\u0161tn\u00ed nebo represivn\u00ed \u0161kody, v\u010detn\u011b, ale bez omezen\u00ed, \u0161kod na u\u0161l\u00e9m zisku vypl\u00fdvaj\u00edc\u00edch z va\u0161eho pou\u017e\u00edv\u00e1n\u00ed slu\u017eeb.<\/li>\n<li>Jak\u00e1koli po\u0161kozen\u00ed nebo viry, kter\u00e9 mohou v d\u016fsledku va\u0161eho p\u0159\u00edstupu ke Slu\u017eb\u011b infikovat va\u0161e po\u010d\u00edta\u010dov\u00e9 vybaven\u00ed nebo jin\u00fd majetek.<\/li>\n<li>Za jak\u00e9koli zran\u011bn\u00ed, smrt, ztr\u00e1tu, n\u00e1rok, Bo\u017e\u00ed \u010din, nehodu, zpo\u017ed\u011bn\u00ed nebo jak\u00e9koli p\u0159\u00edm\u00e9, zvl\u00e1\u0161tn\u00ed, exempl\u00e1rn\u00ed, represivn\u00ed, nep\u0159\u00edm\u00e9, n\u00e1hodn\u00e9 nebo n\u00e1sledn\u00e9 \u0161kody jak\u00e9hokoli druhu. V\u010detn\u011b, ale bez omezen\u00ed, u\u0161l\u00fdch zisk\u016f nebo u\u0161l\u00fdch \u00faspor.<\/li>\n<li>Pln\u011bn\u00ed ubytov\u00e1n\u00ed rezervovan\u00e9 prost\u0159ednictv\u00edm jak\u00e9koli webov\u00e9 str\u00e1nky t\u0159et\u00ed strany, na kterou odkazuje spole\u010dnost Visitteo. P\u0159e\u010dt\u011bte si podm\u00ednky poskytovatele v dob\u011b rezervace.<\/li>\n<li>Obsah zve\u0159ejn\u011bn\u00fd na libovoln\u00e9m webu t\u0159et\u00ed strany, na kter\u00fd odkazuje spole\u010dnost Visitteo.<\/li>\n<li>V\u00fdkon nebo nepln\u011bn\u00ed n\u00e1mi nebo jak\u00fdmkoli poskytovatelem.<\/li>\n<\/ul>\n<h5><strong>Du\u0161evn\u00ed vlastnictv\u00ed<\/strong><\/h5>\n<p>Slu\u017eba a jej\u00ed p\u016fvodn\u00ed obsah, funkce a funkce jsou a z\u016fstanou v\u00fdlu\u010dn\u00fdm vlastnictv\u00edm spole\u010dnosti Atlas, LLC a jej\u00edch poskytovatel\u016f licenc\u00ed. Slu\u017eba je chr\u00e1n\u011bna autorsk\u00fdmi pr\u00e1vy, ochrann\u00fdmi zn\u00e1mkami a dal\u0161\u00edmi z\u00e1kony evropsk\u00fdch i zahrani\u010dn\u00edch zem\u00ed. Na\u0161e ochrann\u00e9 zn\u00e1mky a obchodn\u00ed \u0161aty nelze pou\u017e\u00edvat ve spojen\u00ed s jak\u00fdmkoli produktem nebo slu\u017ebou bez p\u0159edchoz\u00edho p\u00edsemn\u00e9ho souhlasu spole\u010dnosti Atlas, LLC.<\/p>\n<h5><strong>Va\u0161e soukrom\u00ed<\/strong><\/h5>\n<p>Va\u0161e pou\u017e\u00edv\u00e1n\u00ed na\u0161ich webov\u00fdch str\u00e1nek podl\u00e9h\u00e1 na\u0161im z\u00e1sad\u00e1m ochrany <a href=\"https:\/\/visitteo.com\/cs\/zasady-ochrany-osobnich-udaju\/\" target=\"_blank\" rel=\"noopener noreferrer\">osobn\u00edch \u00fadaj\u016f<\/a>, kter\u00e9 jsou do t\u00e9to smlouvy za\u010dlen\u011bny touto referenc\u00ed. Pou\u017e\u00edv\u00e1n\u00edm na\u0161ich webov\u00fdch str\u00e1nek d\u00e1v\u00e1te souhlas s pou\u017eit\u00edm va\u0161ich \u00fadaj\u016f, jak je uvedeno v na\u0161ich z\u00e1sad\u00e1ch ochrany <a href=\"https:\/\/visitteo.com\/cs\/zasady-ochrany-osobnich-udaju\/\" target=\"_blank\" rel=\"noopener noreferrer\">osobn\u00edch \u00fadaj\u016f<\/a>.<\/p>\n<h5><strong>Zm\u011bny<\/strong><\/h5>\n<p>Vyhrazujeme si pr\u00e1vo tyto podm\u00ednky kdykoli upravit nebo nahradit. Kdy\u017e zve\u0159ejn\u00edme zm\u011bny v t\u011bchto podm\u00ednk\u00e1ch pou\u017e\u00edv\u00e1n\u00ed, revidujeme datum \u201eposledn\u00ed aktualizace\u201c ve spodn\u00ed \u010d\u00e1sti t\u011bchto podm\u00ednek pou\u017eit\u00ed. Pokra\u010dov\u00e1n\u00edm v p\u0159\u00edstupu nebo pou\u017e\u00edv\u00e1n\u00ed na\u0161\u00ed Slu\u017eby po nabyt\u00ed \u00fa\u010dinnosti t\u011bchto reviz\u00ed souhlas\u00edte s t\u00edm, \u017ee budete v\u00e1z\u00e1ni revidovan\u00fdmi podm\u00ednkami. Pokud s nov\u00fdmi podm\u00ednkami nesouhlas\u00edte, p\u0159esta\u0148te Slu\u017ebu pou\u017e\u00edvat.<\/p>\n<h5><strong>Kontaktujte n\u00e1s<\/strong><\/h5>\n<p>M\u00e1te-li jak\u00e9koli dotazy t\u00fdkaj\u00edc\u00ed se t\u011bchto podm\u00ednek pou\u017eit\u00ed, kontaktujte n\u00e1s zasl\u00e1n\u00edm e-mailu na adresu: <a href=\"mailto:info@visitteo.com\" target=\"_blank\" rel=\"noopener noreferrer\">info@visitteo.com<\/a><\/p>\n<p><em>Posledn\u00ed aktualizace: 25. \u0159\u00edjna 2020<\/em><\/p>\n","protected":false},"excerpt":{"rendered":"<p>P\u0159ed p\u0159\u00edstupem, pou\u017e\u00edv\u00e1n\u00edm nebo z\u00edsk\u00e1v\u00e1n\u00edm jak\u00fdchkoli materi\u00e1l\u016f, informac\u00ed, produkt\u016f nebo slu\u017eeb prost\u0159ednictv\u00edm t\u00e9to webov\u00e9 str\u00e1nky si pros\u00edm pe\u010dliv\u011b p\u0159e\u010dt\u011bte tyto podm\u00ednky pou\u017eit\u00ed. P\u0159\u00edstupem, pou\u017e\u00edv\u00e1n\u00edm nebo z\u00edsk\u00e1v\u00e1n\u00edm jak\u00e9hokoli obsahu, dat, materi\u00e1l\u016f, informac\u00ed, produkt\u016f nebo slu\u017eeb prost\u0159ednictv\u00edm webov\u00fdch str\u00e1nek www.visitteo.com (d\u00e1le jen \u201eslu\u017eba\u201c) souhlas\u00edte s t\u00edm, \u017ee budete v\u00e1z\u00e1ni t\u011bmito podm\u00ednkami (\u201epodm\u00ednky\u201c, \u201ePodm\u00ednky slu\u017eby\u201c) a na\u0161e z\u00e1sady [&hellip;]<\/p>\n","protected":false},"author":5,"featured_media":0,"parent":0,"menu_order":101,"comment_status":"closed","ping_status":"closed","template":"","meta":{"_acf_changed":false,"footnotes":""},"class_list":["post-917","page","type-page","status-publish","hentry"],"acf":[],"yoast_head":"<!-- This site is optimized with the Yoast SEO plugin v27.3 - https:\/\/yoast.com\/product\/yoast-seo-wordpress\/ -->\n<title>Podm\u00ednky pou\u017e\u00edv\u00e1n\u00ed - Visitteo<\/title>\n<meta name=\"description\" content=\"V\u00e1\u0161 p\u0159\u00edstup ke Slu\u017eb\u011b a jej\u00ed pou\u017e\u00edv\u00e1n\u00ed je podm\u00edn\u011bno va\u0161\u00edm p\u0159ijet\u00edm a dodr\u017eov\u00e1n\u00edm t\u011bchto podm\u00ednek.\" \/>\n<meta name=\"robots\" content=\"index, follow, max-snippet:-1, max-image-preview:large, max-video-preview:-1\" \/>\n<link rel=\"canonical\" href=\"https:\/\/visitteo.com\/cs\/podminky-pouzivani\/\" \/>\n<meta property=\"og:locale\" content=\"cs_CZ\" \/>\n<meta property=\"og:type\" content=\"article\" \/>\n<meta property=\"og:title\" content=\"Podm\u00ednky pou\u017e\u00edv\u00e1n\u00ed - Visitteo\" \/>\n<meta property=\"og:description\" content=\"V\u00e1\u0161 p\u0159\u00edstup ke Slu\u017eb\u011b a jej\u00ed pou\u017e\u00edv\u00e1n\u00ed je podm\u00edn\u011bno va\u0161\u00edm p\u0159ijet\u00edm a dodr\u017eov\u00e1n\u00edm t\u011bchto podm\u00ednek.\" \/>\n<meta property=\"og:url\" content=\"https:\/\/visitteo.com\/cs\/podminky-pouzivani\/\" \/>\n<meta property=\"og:site_name\" content=\"Visitteo\" \/>\n<meta property=\"article:publisher\" content=\"https:\/\/www.facebook.com\/visitteo\/\" \/>\n<meta property=\"article:modified_time\" content=\"2020-12-16T08:18:19+00:00\" \/>\n<meta property=\"og:image\" content=\"https:\/\/visitteo.com\/wp-content\/uploads\/2022\/10\/share-1.jpg\" \/>\n\t<meta property=\"og:image:width\" content=\"1200\" \/>\n\t<meta property=\"og:image:height\" content=\"630\" \/>\n\t<meta property=\"og:image:type\" content=\"image\/jpeg\" \/>\n<meta name=\"twitter:card\" content=\"summary_large_image\" \/>\n<meta name=\"twitter:site\" content=\"@visitteo\" \/>\n<meta name=\"twitter:label1\" content=\"Odhadovan\u00e1 doba \u010dten\u00ed\" \/>\n\t<meta name=\"twitter:data1\" content=\"10 minut\" \/>\n<script type=\"application\/ld+json\" class=\"yoast-schema-graph\">{\"@context\":\"https:\\\/\\\/schema.org\",\"@graph\":[{\"@type\":\"WebPage\",\"@id\":\"https:\\\/\\\/visitteo.com\\\/cs\\\/podminky-pouzivani\\\/\",\"url\":\"https:\\\/\\\/visitteo.com\\\/cs\\\/podminky-pouzivani\\\/\",\"name\":\"Podm\u00ednky pou\u017e\u00edv\u00e1n\u00ed - Visitteo\",\"isPartOf\":{\"@id\":\"https:\\\/\\\/visitteo.com\\\/cs\\\/#website\"},\"datePublished\":\"2017-04-25T09:48:54+00:00\",\"dateModified\":\"2020-12-16T08:18:19+00:00\",\"description\":\"V\u00e1\u0161 p\u0159\u00edstup ke Slu\u017eb\u011b a jej\u00ed pou\u017e\u00edv\u00e1n\u00ed je podm\u00edn\u011bno va\u0161\u00edm p\u0159ijet\u00edm a dodr\u017eov\u00e1n\u00edm t\u011bchto podm\u00ednek.\",\"breadcrumb\":{\"@id\":\"https:\\\/\\\/visitteo.com\\\/cs\\\/podminky-pouzivani\\\/#breadcrumb\"},\"inLanguage\":\"cs\",\"potentialAction\":[{\"@type\":\"ReadAction\",\"target\":[\"https:\\\/\\\/visitteo.com\\\/cs\\\/podminky-pouzivani\\\/\"]}]},{\"@type\":\"BreadcrumbList\",\"@id\":\"https:\\\/\\\/visitteo.com\\\/cs\\\/podminky-pouzivani\\\/#breadcrumb\",\"itemListElement\":[{\"@type\":\"ListItem\",\"position\":1,\"name\":\"Homepage\",\"item\":\"https:\\\/\\\/visitteo.com\\\/cs\\\/\"},{\"@type\":\"ListItem\",\"position\":2,\"name\":\"Podm\u00ednky pou\u017e\u00edv\u00e1n\u00ed\"}]},{\"@type\":\"WebSite\",\"@id\":\"https:\\\/\\\/visitteo.com\\\/cs\\\/#website\",\"url\":\"https:\\\/\\\/visitteo.com\\\/cs\\\/\",\"name\":\"Visitteo\",\"description\":\"Visitteo is a metasearch engine for car rental.\",\"publisher\":{\"@id\":\"https:\\\/\\\/visitteo.com\\\/cs\\\/#organization\"},\"potentialAction\":[{\"@type\":\"SearchAction\",\"target\":{\"@type\":\"EntryPoint\",\"urlTemplate\":\"https:\\\/\\\/visitteo.com\\\/cs\\\/?s={search_term_string}\"},\"query-input\":{\"@type\":\"PropertyValueSpecification\",\"valueRequired\":true,\"valueName\":\"search_term_string\"}}],\"inLanguage\":\"cs\"},{\"@type\":\"Organization\",\"@id\":\"https:\\\/\\\/visitteo.com\\\/cs\\\/#organization\",\"name\":\"Visitteo\",\"url\":\"https:\\\/\\\/visitteo.com\\\/cs\\\/\",\"logo\":{\"@type\":\"ImageObject\",\"inLanguage\":\"cs\",\"@id\":\"https:\\\/\\\/visitteo.com\\\/cs\\\/#\\\/schema\\\/logo\\\/image\\\/\",\"url\":\"https:\\\/\\\/visitteo.com\\\/wp-content\\\/uploads\\\/2024\\\/09\\\/organization_logo.png\",\"contentUrl\":\"https:\\\/\\\/visitteo.com\\\/wp-content\\\/uploads\\\/2024\\\/09\\\/organization_logo.png\",\"width\":840,\"height\":840,\"caption\":\"Visitteo\"},\"image\":{\"@id\":\"https:\\\/\\\/visitteo.com\\\/cs\\\/#\\\/schema\\\/logo\\\/image\\\/\"},\"sameAs\":[\"https:\\\/\\\/www.facebook.com\\\/visitteo\\\/\",\"https:\\\/\\\/x.com\\\/visitteo\",\"https:\\\/\\\/www.instagram.com\\\/visitteo\\\/\",\"https:\\\/\\\/www.pinterest.com\\\/visitteo\\\/pins\\\/\"]}]}<\/script>\n<!-- \/ Yoast SEO plugin. -->","yoast_head_json":{"title":"Podm\u00ednky pou\u017e\u00edv\u00e1n\u00ed - Visitteo","description":"V\u00e1\u0161 p\u0159\u00edstup ke Slu\u017eb\u011b a jej\u00ed pou\u017e\u00edv\u00e1n\u00ed je podm\u00edn\u011bno va\u0161\u00edm p\u0159ijet\u00edm a dodr\u017eov\u00e1n\u00edm t\u011bchto podm\u00ednek.","robots":{"index":"index","follow":"follow","max-snippet":"max-snippet:-1","max-image-preview":"max-image-preview:large","max-video-preview":"max-video-preview:-1"},"canonical":"https:\/\/visitteo.com\/cs\/podminky-pouzivani\/","og_locale":"cs_CZ","og_type":"article","og_title":"Podm\u00ednky pou\u017e\u00edv\u00e1n\u00ed - Visitteo","og_description":"V\u00e1\u0161 p\u0159\u00edstup ke Slu\u017eb\u011b a jej\u00ed pou\u017e\u00edv\u00e1n\u00ed je podm\u00edn\u011bno va\u0161\u00edm p\u0159ijet\u00edm a dodr\u017eov\u00e1n\u00edm t\u011bchto podm\u00ednek.","og_url":"https:\/\/visitteo.com\/cs\/podminky-pouzivani\/","og_site_name":"Visitteo","article_publisher":"https:\/\/www.facebook.com\/visitteo\/","article_modified_time":"2020-12-16T08:18:19+00:00","og_image":[{"width":1200,"height":630,"url":"https:\/\/visitteo.com\/wp-content\/uploads\/2022\/10\/share-1.jpg","type":"image\/jpeg"}],"twitter_card":"summary_large_image","twitter_site":"@visitteo","twitter_misc":{"Odhadovan\u00e1 doba \u010dten\u00ed":"10 minut"},"schema":{"@context":"https:\/\/schema.org","@graph":[{"@type":"WebPage","@id":"https:\/\/visitteo.com\/cs\/podminky-pouzivani\/","url":"https:\/\/visitteo.com\/cs\/podminky-pouzivani\/","name":"Podm\u00ednky pou\u017e\u00edv\u00e1n\u00ed - Visitteo","isPartOf":{"@id":"https:\/\/visitteo.com\/cs\/#website"},"datePublished":"2017-04-25T09:48:54+00:00","dateModified":"2020-12-16T08:18:19+00:00","description":"V\u00e1\u0161 p\u0159\u00edstup ke Slu\u017eb\u011b a jej\u00ed pou\u017e\u00edv\u00e1n\u00ed je podm\u00edn\u011bno va\u0161\u00edm p\u0159ijet\u00edm a dodr\u017eov\u00e1n\u00edm t\u011bchto podm\u00ednek.","breadcrumb":{"@id":"https:\/\/visitteo.com\/cs\/podminky-pouzivani\/#breadcrumb"},"inLanguage":"cs","potentialAction":[{"@type":"ReadAction","target":["https:\/\/visitteo.com\/cs\/podminky-pouzivani\/"]}]},{"@type":"BreadcrumbList","@id":"https:\/\/visitteo.com\/cs\/podminky-pouzivani\/#breadcrumb","itemListElement":[{"@type":"ListItem","position":1,"name":"Homepage","item":"https:\/\/visitteo.com\/cs\/"},{"@type":"ListItem","position":2,"name":"Podm\u00ednky pou\u017e\u00edv\u00e1n\u00ed"}]},{"@type":"WebSite","@id":"https:\/\/visitteo.com\/cs\/#website","url":"https:\/\/visitteo.com\/cs\/","name":"Visitteo","description":"Visitteo is a metasearch engine for car rental.","publisher":{"@id":"https:\/\/visitteo.com\/cs\/#organization"},"potentialAction":[{"@type":"SearchAction","target":{"@type":"EntryPoint","urlTemplate":"https:\/\/visitteo.com\/cs\/?s={search_term_string}"},"query-input":{"@type":"PropertyValueSpecification","valueRequired":true,"valueName":"search_term_string"}}],"inLanguage":"cs"},{"@type":"Organization","@id":"https:\/\/visitteo.com\/cs\/#organization","name":"Visitteo","url":"https:\/\/visitteo.com\/cs\/","logo":{"@type":"ImageObject","inLanguage":"cs","@id":"https:\/\/visitteo.com\/cs\/#\/schema\/logo\/image\/","url":"https:\/\/visitteo.com\/wp-content\/uploads\/2024\/09\/organization_logo.png","contentUrl":"https:\/\/visitteo.com\/wp-content\/uploads\/2024\/09\/organization_logo.png","width":840,"height":840,"caption":"Visitteo"},"image":{"@id":"https:\/\/visitteo.com\/cs\/#\/schema\/logo\/image\/"},"sameAs":["https:\/\/www.facebook.com\/visitteo\/","https:\/\/x.com\/visitteo","https:\/\/www.instagram.com\/visitteo\/","https:\/\/www.pinterest.com\/visitteo\/pins\/"]}]}},"_links":{"self":[{"href":"https:\/\/visitteo.com\/cs\/wp-json\/wp\/v2\/pages\/917","targetHints":{"allow":["GET"]}}],"collection":[{"href":"https:\/\/visitteo.com\/cs\/wp-json\/wp\/v2\/pages"}],"about":[{"href":"https:\/\/visitteo.com\/cs\/wp-json\/wp\/v2\/types\/page"}],"author":[{"embeddable":true,"href":"https:\/\/visitteo.com\/cs\/wp-json\/wp\/v2\/users\/5"}],"replies":[{"embeddable":true,"href":"https:\/\/visitteo.com\/cs\/wp-json\/wp\/v2\/comments?post=917"}],"version-history":[{"count":0,"href":"https:\/\/visitteo.com\/cs\/wp-json\/wp\/v2\/pages\/917\/revisions"}],"wp:attachment":[{"href":"https:\/\/visitteo.com\/cs\/wp-json\/wp\/v2\/media?parent=917"}],"curies":[{"name":"wp","href":"https:\/\/api.w.org\/{rel}","templated":true}]}}