{"id":5161,"date":"2020-10-20T12:48:03","date_gmt":"2020-10-20T10:48:03","guid":{"rendered":"https:\/\/visitteo.com\/cookies\/"},"modified":"2021-01-06T08:57:44","modified_gmt":"2021-01-06T07:57:44","slug":"cookies","status":"publish","type":"page","link":"https:\/\/visitteo.com\/de\/cookies\/","title":{"rendered":"Cookies"},"content":{"rendered":"<p>Atlas LLC. (&#8220;Wir&#8221;, &#8220;unser&#8221; oder &#8220;uns&#8221;) verwendet Cookies auf der Website <a href=\"https:\/\/visitteo.com\/de\/\">www.visitteo.com<\/a> (der &#8220;Service&#8221;). Durch die Nutzung des Dienstes stimmen Sie der Verwendung von Cookies zu.<\/p>\n<p>Wie fast jede Website verwenden wir Cookies. Wir m\u00f6chten sicherstellen, dass Ihr Besuch auf unserer Website reibungslos, zuverl\u00e4ssig und f\u00fcr Sie so n\u00fctzlich wie m\u00f6glich ist. Wir benachrichtigen Sie \u00fcber die Verwendung von Cookies, wenn Sie unsere Website zum ersten Mal besuchen, \u00fcber ein Benachrichtigungsbanner am Ende der Seite. In unserer Cookie-Richtlinie wird erl\u00e4utert, was Cookies sind, wie wir Cookies verwenden, wie wir mit Dritten zusammenarbeiten, um Cookies im Service zu verwenden, wie Sie Cookies ausw\u00e4hlen und weitere Informationen zu Cookies. Durch die weitere Nutzung der Website stimmen Sie der Verwendung von Cookies zu.<\/p>\n<h5><strong>Was sind Cookies?<\/strong><\/h5>\n<p>Ein Cookie ist eine kleine, eindeutige Textdatei, die eine Website beim Besuch einer Website an Ihren Computer senden kann. Die meisten Webbrowser k\u00f6nnen Sie entweder auf die Verwendung von Cookies aufmerksam machen oder die vollst\u00e4ndige Annahme von Cookies ablehnen. Wenn Sie nicht m\u00f6chten, dass wir Cookies in Ihrem Browser bereitstellen, k\u00f6nnen Sie Ihren Browser so einstellen, dass Cookies abgelehnt werden oder Sie benachrichtigt werden, wenn eine Website versucht, ein Cookie auf Ihrem Computer abzulegen. Das Ablehnen von Cookies kann Ihre F\u00e4higkeit zur Nutzung der Website beeintr\u00e4chtigen. Sie werden von Ihrem Internetbrowser gespeichert. Cookies enthalten grundlegende Informationen zu Ihrer Internetnutzung, identifizieren Sie jedoch normalerweise nicht pers\u00f6nlich. Ihr Browser sendet diese Cookies bei jedem erneuten Besuch an die Website zur\u00fcck, damit er Ihren Computer oder Ihr Mobilger\u00e4t erkennen und Ihre Website-Erfahrung personalisieren und verbessern kann.<\/p>\n<h5><strong>Wie verwendet Visitteo Cookies?<\/strong><\/h5>\n<p>Wir verwenden Informationen aus Cookies, um Ihre Erfahrung auf unserer Website zu verbessern, die Sicherheit zu gew\u00e4hrleisten und Inhalte und Werbung zu personalisieren. Sie helfen uns beispielsweise dabei, die Erfahrung f\u00fcr Sie zu identifizieren und anzupassen oder die relevantesten verwandten Produkte zu ermitteln, die Sie beim Surfen anzeigen k\u00f6nnen.<\/p>\n<p>M\u00f6glicherweise erfassen wir beim Surfen automatisch Informationen wie Internetdienstanbieter, Browsertyp und -version, Betriebssystem und Ger\u00e4tetyp, durchschnittliche Verweildauer auf unserer Website, angezeigte Seiten und aufgerufene Informationen. Solche Informationen werden manchmal als Webanalyse- und \/ oder Clickstream-Daten bezeichnet.<\/p>\n<p>Wir k\u00f6nnen diese automatisch gesammelten Informationen mit anderen Informationen kombinieren, die wir \u00fcber Sie sammeln. Wir tun dies, um die von uns angebotenen Dienstleistungen zu verbessern, Marketing und Analyse zu verbessern und die Funktionalit\u00e4t der Website bereitzustellen.<\/p>\n<p>Wir k\u00f6nnen die Informationen, die wir aus Ihrer Verwendung unserer Cookies erhalten, auch f\u00fcr folgende Zwecke verwenden:<\/p>\n<ul>\n<li>Um die Website f\u00fcr Sie zu personalisieren, einschlie\u00dflich der Ausrichtung von Anzeigen, die f\u00fcr Sie von besonderem Interesse sein k\u00f6nnen<\/li>\n<li>Um Sie beim Navigieren auf der Website zu verfolgen und die Nutzung von E-Commerce-Einrichtungen zu erm\u00f6glichen<\/li>\n<li>Verbesserung der Benutzerfreundlichkeit der Website<\/li>\n<li>Um bestimmte Funktionen der Website zu aktivieren<\/li>\n<li>So erkennen Sie Ihren Computer beim Besuch der Website<\/li>\n<li>So speichern Sie Ihre Einstellungen<\/li>\n<li>Analyse der Nutzung der Website<\/li>\n<\/ul>\n<h5>\n<strong>Cookies von Drittanbietern<\/strong><\/h5>\n<p>Zus\u00e4tzlich zu unseren eigenen Cookies k\u00f6nnen wir auch verschiedene Cookies von Drittanbietern verwenden, um Nutzungsstatistiken der Website zu melden und Werbung zu liefern. Cookies von Drittanbietern sind Cookies auf unserer Website, die von verschiedenen Domains stammen. Im Gegensatz zu den Erstanbieter-Cookies (unseren Cookies) werden die Drittanbieter-Cookies von anderen Websites als der Website erstellt, die Sie gerade besuchen. Der Zweck dieser Cookies ist es, Ihre Surfgewohnheiten zu verfolgen.<\/p>\n<p>Wir verwenden Cookies, die von Dritten bereitgestellt werden, um unseren Service zu verbessern, Ihre Erfahrung zu personalisieren und zu verstehen, wie unsere Website verwendet wird. Wir verwenden Cookies auch, um unsere Werbung auf anderen Websites relevanter zu machen. Wie in unserer Datenschutzrichtlinie beschrieben, k\u00f6nnen wir Daten, die \u00fcber Sie aus anderen Quellen gesammelt wurden, mit Daten kombinieren, die \u00fcber Cookies von Drittanbietern gesammelt wurden, um Ihnen relevantere Anzeigen auf und au\u00dferhalb unserer Website zu zeigen.<\/p>\n<p>Wir arbeiten mit Werbekunden von Drittanbietern zusammen, um Ihnen \u00fcber unsere Website Zugang zu interessanten und aufregenden Reiseinhalten zu verschaffen. Diese Cookies zeichnen Informationen \u00fcber Ihre Verwendung von Werbung auf. Auf diese Weise k\u00f6nnen Werbetreibende Anzeigen schalten, die Sie eher interessieren, die H\u00e4ufigkeit begrenzen, mit der Sie m\u00f6glicherweise eine Anzeige sehen, und Ihre Online-Erfahrung verbessern.<\/p>\n<p>Bitte beachten Sie, dass unsere Verwendung von Informationen, die wir durch die Verwendung von Cookies \u00fcber Sie sammeln, unserer <a href=\"https:\/\/visitteo.com\/de\/datenschutzerklaerung\/\" target=\"_blank\" rel=\"noopener noreferrer\">Datenschutzrichtlinie<\/a> unterliegt.<\/p>\n<h5><strong>Welche Arten von Cookies verwenden wir?<\/strong><\/h5>\n<p><strong>Wichtige Cookies:<\/strong> Diese Cookies sind erforderlich, damit Sie auf unsere Website zugreifen, sich darin bewegen und alle Funktionen nutzen k\u00f6nnen. Ohne diese Cookies w\u00fcrde unsere Website nicht ordnungsgem\u00e4\u00df funktionieren und Sie k\u00f6nnten bestimmte wichtige Funktionen nicht nutzen. Wir verwenden auch wichtige Cookies zur Aufdeckung und Verhinderung von Betrug.<\/p>\n<p><strong>Analytics-Cookies:<\/strong> Bei Visitteo m\u00f6chten wir Ihre Erfahrungen auf unserer Website so hilfreich, reibungslos und angenehm wie m\u00f6glich gestalten. Wir verwenden Cookies, um zu verstehen, wie unsere Website verwendet wird und wie wir Ihre Erfahrungen damit verbessern k\u00f6nnen. Diese Art von sogenannten &#8220;Analytics&#8221; -Cookies kann uns anonyme Informationen liefern, damit wir verstehen, welche Teile unserer Website unsere Besucher interessieren und ob Fehler auftreten. Wir verwenden diese Cookies, um verschiedene Designs und Funktionen f\u00fcr unsere Websites zu testen, und wir verwenden sie auch, um zu \u00fcberwachen, wie unsere Besucher unsere Websites erreichen.<\/p>\n<p><strong>Leistungscookies:<\/strong> Leistungscookies messen, wie oft Sie unsere Websites besuchen und wie Sie sie verwenden. Wir verwenden diese Informationen, um ein besseres Gef\u00fchl daf\u00fcr zu bekommen, wie unsere Benutzer mit unserem Journalismus umgehen, und um unsere Websites zu verbessern, damit Benutzer eine bessere Erfahrung haben. Beispielsweise sammeln wir Informationen dar\u00fcber, welche unserer Seiten am h\u00e4ufigsten besucht werden und von welchen Benutzertypen. Wir verwenden auch Cookies von Drittanbietern, um die Leistung zu verbessern. Das Google Analytics-Cookie enth\u00e4lt beispielsweise Informationen wie Ihre Reise zwischen den Seiten.<\/p>\n<p><strong>Werbe-Cookies:<\/strong> Mit Werbe-Cookies wird sichergestellt, dass die auf unserer Website angezeigten Anzeigen f\u00fcr Sie so relevant wie m\u00f6glich sind. Einige Werbe-Cookies helfen beispielsweise bei der Auswahl von Werbung, die auf Ihren Interessen basiert. Andere helfen zu verhindern, dass dieselbe Werbung f\u00fcr Sie immer wieder erscheint. Wir m\u00f6chten es Ihnen auch so einfach wie m\u00f6glich machen, Inhalte von Visitteo \u00fcber Ihre bevorzugten sozialen Netzwerke mit Ihren Freunden zu teilen. Social-Networking-Websites wie Facebook oder Instagram setzen m\u00f6glicherweise Cookies, die Sie erkennen, wenn Sie Inhalte auf unserer Website anzeigen, und erm\u00f6glichen es Ihnen, Inhalte mithilfe der Freigabeeinstellungen auf beiden Websites zu teilen.<\/p>\n<h5><strong>Wie deaktiviere ich Cookies?<\/strong><\/h5>\n<p>Wenn Sie Cookies l\u00f6schen oder Ihren Webbrowser anweisen m\u00f6chten, Cookies zu l\u00f6schen oder abzulehnen, besuchen Sie bitte die Hilfeseiten Ihres Webbrowsers. Beachten Sie jedoch, dass Sie m\u00f6glicherweise nicht alle von uns angebotenen Funktionen nutzen k\u00f6nnen, wenn Sie Cookies l\u00f6schen oder deren Annahme verweigern, Ihre Einstellungen m\u00f6glicherweise nicht speichern k\u00f6nnen und einige unserer Seiten m\u00f6glicherweise nicht richtig angezeigt werden.<\/p>\n<p>Das Verwalten Ihrer Cookies und Cookie-Einstellungen muss \u00fcber die Optionen \/ Einstellungen Ihres Browsers erfolgen. Hier ist eine Liste von Anleitungen, wie dies f\u00fcr g\u00e4ngige Browsersoftware gemacht wird:<\/p>\n<p>Besuchen Sie f\u00fcr den Chrome-Webbrowser diese Seite von <a href=\"https:\/\/support.google.com\/accounts\/answer\/32050\" target=\"_blank\" rel=\"noopener noreferrer\">Google<\/a><br \/>\nBesuchen Sie f\u00fcr den Internet Explorer-Webbrowser diese Seite von <a href=\"https:\/\/support.microsoft.com\/en-us\/topic\/delete-and-manage-cookies-168dab11-0753-043d-7c16-ede5947fc64d\" target=\"_blank\" rel=\"noopener noreferrer\">Microsoft<\/a><br \/>\nBesuchen Sie f\u00fcr den Firefox-Webbrowser diese Seite von <a href=\"https:\/\/support.mozilla.org\/en-US\/kb\/clear-cookies-and-site-data-firefox?redirectslug=delete-cookies-remove-info-websites-stored&amp;redirectlocale=en-US\" target=\"_blank\" rel=\"noopener noreferrer\">Mozilla<\/a><br \/>\nBesuchen Sie f\u00fcr den Safari-Webbrowser diese Seite von <a href=\"https:\/\/support.apple.com\/en-gb\/HT201265\" target=\"_blank\" rel=\"noopener noreferrer\">Apple<\/a><br \/>\nF\u00fcr jeden anderen Webbrowser besuchen Sie bitte die offiziellen Webseiten Ihres Webbrowsers.<\/p>\n<h5><strong>Kontaktiere uns<\/strong><\/h5>\n<p>Wenn Sie Fragen zu dieser Cookie-Richtlinie haben, senden Sie uns bitte eine E-Mail an: <a href=\"mailto:info@visitteo.com\" target=\"_blank\" rel=\"noopener noreferrer\">info@visitteo.com<\/a><\/p>\n<p><em>Letzte Aktualisierung: 30. September 2020<\/em><\/p>\n<p>&nbsp;<\/p>\n<p>&nbsp;<\/p>\n","protected":false},"excerpt":{"rendered":"<p>Atlas LLC. (&#8220;Wir&#8221;, &#8220;unser&#8221; oder &#8220;uns&#8221;) verwendet Cookies auf der Website www.visitteo.com (der &#8220;Service&#8221;). Durch die Nutzung des Dienstes stimmen Sie der Verwendung von Cookies zu. Wie fast jede Website verwenden wir Cookies. Wir m\u00f6chten sicherstellen, dass Ihr Besuch auf unserer Website reibungslos, zuverl\u00e4ssig und f\u00fcr Sie so n\u00fctzlich wie m\u00f6glich ist. Wir benachrichtigen Sie [&hellip;]<\/p>\n","protected":false},"author":5,"featured_media":0,"parent":0,"menu_order":102,"comment_status":"closed","ping_status":"closed","template":"","meta":{"_acf_changed":false,"footnotes":""},"class_list":["post-5161","page","type-page","status-publish","hentry"],"acf":[],"yoast_head":"<!-- This site is optimized with the Yoast SEO plugin v27.3 - https:\/\/yoast.com\/product\/yoast-seo-wordpress\/ -->\n<title>Cookies - Visitteo<\/title>\n<meta name=\"description\" content=\"Wie fast jede Website verwenden wir Cookies. Wir m\u00f6chten sicherstellen, dass Ihr Besuch auf unserer Website reibungslos, zuverl\u00e4ssig und f\u00fcr Sie so n\u00fctzlich wie m\u00f6glich ist.\" \/>\n<meta name=\"robots\" content=\"index, follow, max-snippet:-1, max-image-preview:large, max-video-preview:-1\" \/>\n<link rel=\"canonical\" href=\"https:\/\/visitteo.com\/de\/cookies\/\" \/>\n<meta property=\"og:locale\" content=\"de_DE\" \/>\n<meta property=\"og:type\" content=\"article\" \/>\n<meta property=\"og:title\" content=\"Cookies - Visitteo\" \/>\n<meta property=\"og:description\" content=\"Wie fast jede Website verwenden wir Cookies. Wir m\u00f6chten sicherstellen, dass Ihr Besuch auf unserer Website reibungslos, zuverl\u00e4ssig und f\u00fcr Sie so n\u00fctzlich wie m\u00f6glich ist.\" \/>\n<meta property=\"og:url\" content=\"https:\/\/visitteo.com\/de\/cookies\/\" \/>\n<meta property=\"og:site_name\" content=\"Visitteo\" \/>\n<meta property=\"article:publisher\" content=\"https:\/\/www.facebook.com\/visitteo\/\" \/>\n<meta property=\"article:modified_time\" content=\"2021-01-06T07:57:44+00:00\" \/>\n<meta property=\"og:image\" content=\"https:\/\/visitteo.com\/wp-content\/uploads\/2022\/10\/share-1.jpg\" \/>\n\t<meta property=\"og:image:width\" content=\"1200\" \/>\n\t<meta property=\"og:image:height\" content=\"630\" \/>\n\t<meta property=\"og:image:type\" content=\"image\/jpeg\" \/>\n<meta name=\"twitter:card\" content=\"summary_large_image\" \/>\n<meta name=\"twitter:site\" content=\"@visitteo\" \/>\n<meta name=\"twitter:label1\" content=\"Gesch\u00e4tzte Lesezeit\" \/>\n\t<meta name=\"twitter:data1\" content=\"6\u00a0Minuten\" \/>\n<script type=\"application\/ld+json\" class=\"yoast-schema-graph\">{\"@context\":\"https:\\\/\\\/schema.org\",\"@graph\":[{\"@type\":\"WebPage\",\"@id\":\"https:\\\/\\\/visitteo.com\\\/de\\\/cookies\\\/\",\"url\":\"https:\\\/\\\/visitteo.com\\\/de\\\/cookies\\\/\",\"name\":\"Cookies - Visitteo\",\"isPartOf\":{\"@id\":\"https:\\\/\\\/visitteo.com\\\/de\\\/#website\"},\"datePublished\":\"2020-10-20T10:48:03+00:00\",\"dateModified\":\"2021-01-06T07:57:44+00:00\",\"description\":\"Wie fast jede Website verwenden wir Cookies. Wir m\u00f6chten sicherstellen, dass Ihr Besuch auf unserer Website reibungslos, zuverl\u00e4ssig und f\u00fcr Sie so n\u00fctzlich wie m\u00f6glich ist.\",\"breadcrumb\":{\"@id\":\"https:\\\/\\\/visitteo.com\\\/de\\\/cookies\\\/#breadcrumb\"},\"inLanguage\":\"de\",\"potentialAction\":[{\"@type\":\"ReadAction\",\"target\":[\"https:\\\/\\\/visitteo.com\\\/de\\\/cookies\\\/\"]}]},{\"@type\":\"BreadcrumbList\",\"@id\":\"https:\\\/\\\/visitteo.com\\\/de\\\/cookies\\\/#breadcrumb\",\"itemListElement\":[{\"@type\":\"ListItem\",\"position\":1,\"name\":\"Homepage\",\"item\":\"https:\\\/\\\/visitteo.com\\\/de\\\/\"},{\"@type\":\"ListItem\",\"position\":2,\"name\":\"Cookies\"}]},{\"@type\":\"WebSite\",\"@id\":\"https:\\\/\\\/visitteo.com\\\/de\\\/#website\",\"url\":\"https:\\\/\\\/visitteo.com\\\/de\\\/\",\"name\":\"Visitteo\",\"description\":\"Visitteo is a metasearch engine for car rental.\",\"publisher\":{\"@id\":\"https:\\\/\\\/visitteo.com\\\/de\\\/#organization\"},\"potentialAction\":[{\"@type\":\"SearchAction\",\"target\":{\"@type\":\"EntryPoint\",\"urlTemplate\":\"https:\\\/\\\/visitteo.com\\\/de\\\/?s={search_term_string}\"},\"query-input\":{\"@type\":\"PropertyValueSpecification\",\"valueRequired\":true,\"valueName\":\"search_term_string\"}}],\"inLanguage\":\"de\"},{\"@type\":\"Organization\",\"@id\":\"https:\\\/\\\/visitteo.com\\\/de\\\/#organization\",\"name\":\"Visitteo\",\"url\":\"https:\\\/\\\/visitteo.com\\\/de\\\/\",\"logo\":{\"@type\":\"ImageObject\",\"inLanguage\":\"de\",\"@id\":\"https:\\\/\\\/visitteo.com\\\/de\\\/#\\\/schema\\\/logo\\\/image\\\/\",\"url\":\"https:\\\/\\\/visitteo.com\\\/wp-content\\\/uploads\\\/2024\\\/09\\\/organization_logo.png\",\"contentUrl\":\"https:\\\/\\\/visitteo.com\\\/wp-content\\\/uploads\\\/2024\\\/09\\\/organization_logo.png\",\"width\":840,\"height\":840,\"caption\":\"Visitteo\"},\"image\":{\"@id\":\"https:\\\/\\\/visitteo.com\\\/de\\\/#\\\/schema\\\/logo\\\/image\\\/\"},\"sameAs\":[\"https:\\\/\\\/www.facebook.com\\\/visitteo\\\/\",\"https:\\\/\\\/x.com\\\/visitteo\",\"https:\\\/\\\/www.instagram.com\\\/visitteo\\\/\",\"https:\\\/\\\/www.pinterest.com\\\/visitteo\\\/pins\\\/\"]}]}<\/script>\n<!-- \/ Yoast SEO plugin. -->","yoast_head_json":{"title":"Cookies - Visitteo","description":"Wie fast jede Website verwenden wir Cookies. Wir m\u00f6chten sicherstellen, dass Ihr Besuch auf unserer Website reibungslos, zuverl\u00e4ssig und f\u00fcr Sie so n\u00fctzlich wie m\u00f6glich ist.","robots":{"index":"index","follow":"follow","max-snippet":"max-snippet:-1","max-image-preview":"max-image-preview:large","max-video-preview":"max-video-preview:-1"},"canonical":"https:\/\/visitteo.com\/de\/cookies\/","og_locale":"de_DE","og_type":"article","og_title":"Cookies - Visitteo","og_description":"Wie fast jede Website verwenden wir Cookies. Wir m\u00f6chten sicherstellen, dass Ihr Besuch auf unserer Website reibungslos, zuverl\u00e4ssig und f\u00fcr Sie so n\u00fctzlich wie m\u00f6glich ist.","og_url":"https:\/\/visitteo.com\/de\/cookies\/","og_site_name":"Visitteo","article_publisher":"https:\/\/www.facebook.com\/visitteo\/","article_modified_time":"2021-01-06T07:57:44+00:00","og_image":[{"width":1200,"height":630,"url":"https:\/\/visitteo.com\/wp-content\/uploads\/2022\/10\/share-1.jpg","type":"image\/jpeg"}],"twitter_card":"summary_large_image","twitter_site":"@visitteo","twitter_misc":{"Gesch\u00e4tzte Lesezeit":"6\u00a0Minuten"},"schema":{"@context":"https:\/\/schema.org","@graph":[{"@type":"WebPage","@id":"https:\/\/visitteo.com\/de\/cookies\/","url":"https:\/\/visitteo.com\/de\/cookies\/","name":"Cookies - Visitteo","isPartOf":{"@id":"https:\/\/visitteo.com\/de\/#website"},"datePublished":"2020-10-20T10:48:03+00:00","dateModified":"2021-01-06T07:57:44+00:00","description":"Wie fast jede Website verwenden wir Cookies. Wir m\u00f6chten sicherstellen, dass Ihr Besuch auf unserer Website reibungslos, zuverl\u00e4ssig und f\u00fcr Sie so n\u00fctzlich wie m\u00f6glich ist.","breadcrumb":{"@id":"https:\/\/visitteo.com\/de\/cookies\/#breadcrumb"},"inLanguage":"de","potentialAction":[{"@type":"ReadAction","target":["https:\/\/visitteo.com\/de\/cookies\/"]}]},{"@type":"BreadcrumbList","@id":"https:\/\/visitteo.com\/de\/cookies\/#breadcrumb","itemListElement":[{"@type":"ListItem","position":1,"name":"Homepage","item":"https:\/\/visitteo.com\/de\/"},{"@type":"ListItem","position":2,"name":"Cookies"}]},{"@type":"WebSite","@id":"https:\/\/visitteo.com\/de\/#website","url":"https:\/\/visitteo.com\/de\/","name":"Visitteo","description":"Visitteo is a metasearch engine for car rental.","publisher":{"@id":"https:\/\/visitteo.com\/de\/#organization"},"potentialAction":[{"@type":"SearchAction","target":{"@type":"EntryPoint","urlTemplate":"https:\/\/visitteo.com\/de\/?s={search_term_string}"},"query-input":{"@type":"PropertyValueSpecification","valueRequired":true,"valueName":"search_term_string"}}],"inLanguage":"de"},{"@type":"Organization","@id":"https:\/\/visitteo.com\/de\/#organization","name":"Visitteo","url":"https:\/\/visitteo.com\/de\/","logo":{"@type":"ImageObject","inLanguage":"de","@id":"https:\/\/visitteo.com\/de\/#\/schema\/logo\/image\/","url":"https:\/\/visitteo.com\/wp-content\/uploads\/2024\/09\/organization_logo.png","contentUrl":"https:\/\/visitteo.com\/wp-content\/uploads\/2024\/09\/organization_logo.png","width":840,"height":840,"caption":"Visitteo"},"image":{"@id":"https:\/\/visitteo.com\/de\/#\/schema\/logo\/image\/"},"sameAs":["https:\/\/www.facebook.com\/visitteo\/","https:\/\/x.com\/visitteo","https:\/\/www.instagram.com\/visitteo\/","https:\/\/www.pinterest.com\/visitteo\/pins\/"]}]}},"_links":{"self":[{"href":"https:\/\/visitteo.com\/de\/wp-json\/wp\/v2\/pages\/5161","targetHints":{"allow":["GET"]}}],"collection":[{"href":"https:\/\/visitteo.com\/de\/wp-json\/wp\/v2\/pages"}],"about":[{"href":"https:\/\/visitteo.com\/de\/wp-json\/wp\/v2\/types\/page"}],"author":[{"embeddable":true,"href":"https:\/\/visitteo.com\/de\/wp-json\/wp\/v2\/users\/5"}],"replies":[{"embeddable":true,"href":"https:\/\/visitteo.com\/de\/wp-json\/wp\/v2\/comments?post=5161"}],"version-history":[{"count":0,"href":"https:\/\/visitteo.com\/de\/wp-json\/wp\/v2\/pages\/5161\/revisions"}],"wp:attachment":[{"href":"https:\/\/visitteo.com\/de\/wp-json\/wp\/v2\/media?parent=5161"}],"curies":[{"name":"wp","href":"https:\/\/api.w.org\/{rel}","templated":true}]}}