{"id":809,"date":"2017-04-25T13:00:59","date_gmt":"2017-04-25T11:00:59","guid":{"rendered":"https:\/\/visitteo.com\/privacy-policy\/"},"modified":"2020-12-14T09:46:19","modified_gmt":"2020-12-14T08:46:19","slug":"datenschutzerklaerung","status":"publish","type":"page","link":"https:\/\/visitteo.com\/de\/datenschutzerklaerung\/","title":{"rendered":"Datenschutzerkl\u00e4rung"},"content":{"rendered":"<p>Bitte beachten Sie, dass die Praktiken von Atlas LLC. (&#8220;Wir&#8221;, &#8220;unser&#8221; oder &#8220;uns&#8221;) in Bezug auf personenbezogene Daten unterliegen dieser Datenschutzrichtlinie, da diese von Zeit zu Zeit ge\u00e4ndert werden kann. Diese Datenschutzrichtlinie regelt pers\u00f6nliche Informationen, die wir \u00fcber diese Website unter <a href=\"https:\/\/visitteo.com\/de\/\" target=\"_blank\" rel=\"noopener noreferrer\">www.visitteo.com<\/a> (\u201eWebsite\u201c) sammeln.<\/p>\n<p>Diese Datenschutzrichtlinie beschreibt die Praktiken von Visitteo in Bezug auf personenbezogene Daten und Daten (\u201epersonenbezogene Daten\u201c). Diese Richtlinie gilt f\u00fcr unsere Website (unseren \u201eService\u201c). Wenn Sie es verwenden, stimmen Sie den Bestimmungen dieser Richtlinie zu.<\/p>\n<p>Bitte lesen Sie unsere Datenschutzbestimmungen sorgf\u00e4ltig durch, um ein klares Verst\u00e4ndnis daf\u00fcr zu erhalten, wie wir Ihre personenbezogenen Daten auf unserer Website sammeln, verwenden, sch\u00fctzen oder anderweitig behandeln.<\/p>\n<h5><strong>Welche pers\u00f6nlichen Daten sammeln wir?<\/strong><\/h5>\n<ul>\n<li>M\u00f6glicherweise erfassen wir Informationen, die Sie identifizieren k\u00f6nnen, wie z. B. Ihren Namen und Ihre E-Mail-Adresse (\u201epers\u00f6nliche Informationen\u201c), sowie andere Informationen, die Sie nicht identifizieren.<\/li>\n<li>Die Informationen, die Sie bereitstellen. Um sich bei Visitteo zu registrieren, werden Sie aufgefordert, sich mit Ihrem Facebook- oder Google-Login anzumelden. In diesem Fall erm\u00e4chtigen Sie uns, auf bestimmte Facebook- und Google-Kontoinformationen zuzugreifen, z. B. auf Ihr \u00f6ffentliches Facebook- oder Google-Profil (im Einklang mit Ihren Datenschutzeinstellungen in Facebook und Google).<\/li>\n<li>Wir k\u00f6nnen auf Ihre E-Mail-Adresse, Beziehungsinteressen, Fotos, Likes, aktuelle Stadt, Geburtstag, Interessen, Bildungsgeschichte, Geschlecht, pers\u00f6nliche Beschreibung und Freundesliste zugreifen.<\/li>\n<li>Sie k\u00f6nnen uns auch Ihre Fotos, eine pers\u00f6nliche Beschreibung, eine Beschreibung Ihrer Bekannten oder Freunde sowie Informationen zu Ihrem Geschlecht zur Verf\u00fcgung stellen.<\/li>\n<li>Wenn Sie \u00fcber soziale Netzwerke oder E-Mails mit uns chatten, stellen Sie uns den Inhalt Ihrer Chats zur Verf\u00fcgung, und wenn Sie uns mit Kundendienst oder anderen Anfragen kontaktieren, stellen Sie uns den Inhalt dieser Kommunikation zur Verf\u00fcgung.<\/li>\n<li>Wir k\u00f6nnen Informationen sammeln, wenn Sie uns Inhalte (Ihre Reisegeschichte und Bilder) \u00fcber soziale Netzwerke senden.<\/li>\n<li>Sonstige f\u00fcr Kundenumfragen und \/ oder Angebote relevante Informationen.<\/li>\n<\/ul>\n<h5><strong>Was wir mit den gesammelten Informationen machen<\/strong><\/h5>\n<p>Wir k\u00f6nnen die von Ihnen gesammelten Informationen verwenden, wenn Sie sich registrieren, auf Marketingkommunikation reagieren, auf der Website surfen oder bestimmte andere Website-Funktionen auf folgende Weise verwenden:<\/p>\n<ul>\n<li>Verbessern Sie unsere Produkte und Dienstleistungen und verwalten Sie unser Gesch\u00e4ft.<\/li>\n<li>Um die Benutzererfahrung zu personalisieren und es uns zu erm\u00f6glichen, die Art von Inhalten und Produktangeboten bereitzustellen, an denen Sie am meisten interessiert sind.<\/li>\n<li>Um unsere Website zu verbessern und Ihnen besser zu dienen.<\/li>\n<li>Wir k\u00f6nnen die Informationen f\u00fcr Website-Analysen verwenden.<\/li>\n<li>Damit wir Sie bei der Beantwortung Ihrer Kundendienstanfragen besser bedienen k\u00f6nnen.<\/li>\n<li>Wir senden m\u00f6glicherweise regelm\u00e4\u00dfig Werbe-E-Mails \u00fcber neue Produkte, Sonderangebote oder andere Informationen, die Sie unserer Meinung nach unter Verwendung der von Ihnen angegebenen E-Mail-Adresse interessant finden.<\/li>\n<li>Wenn Sie uns Inhalte (Ihre Reisegeschichte und Bilder) \u00fcber soziale Netzwerke senden, k\u00f6nnen wir diese Inhalte f\u00fcr Marketingaktivit\u00e4ten in sozialen Netzwerken verwenden.<\/li>\n<li>Wir k\u00f6nnen die Informationen verwenden, um die Website Ihren Interessen entsprechend anzupassen.<\/li>\n<li>\u00dcberwachen Sie Metriken wie die Gesamtzahl der Besucher und den Verkehr.<\/li>\n<\/ul>\n<h5><strong>Mit wem wir Ihre Informationen teilen<\/strong><\/h5>\n<p>Wir werden Ihre personenbezogenen Daten nicht verkaufen, handeln, teilen oder anderweitig an Dritte weitergeben. Wir k\u00f6nnen Ihre pers\u00f6nlichen Daten verwenden, um Ihnen Werbeinformationen \u00fcber Dritte zu senden, die Sie m\u00f6glicherweise interessant finden, wenn Sie uns mitteilen, dass Sie dies w\u00fcnschen.<\/p>\n<p>Mit Visitteo k\u00f6nnen Sie m\u00f6glicherweise auch auf Google Maps zugreifen. Bitte beachten Sie, dass Sie bei der Verwendung von Google Maps an die Nutzungsbedingungen von <a href=\"https:\/\/www.google.com\/intl\/en\/policies\/terms\/\" target=\"_blank\" rel=\"noopener noreferrer\">Google<\/a> gebunden sind und Ihre Datenschutzrechte von den Datenschutzbestimmungen von <a href=\"https:\/\/www.google.com\/policies\/privacy\/\" target=\"_blank\" rel=\"noopener noreferrer\">Google<\/a> betroffen sind, die von Google von Zeit zu Zeit aktualisiert werden.<\/p>\n<h5><strong>Websites von Drittanbietern<\/strong><\/h5>\n<p>Wenn Sie auf ein Angebot auf unserer Website klicken, werden Sie zu einer Website eines Drittanbieters weitergeleitet, die nicht unter diese Datenschutzrichtlinie f\u00e4llt, und Sie werden zu einer Website weitergeleitet, die wir nicht kontrollieren. Diese Websites von Drittanbietern k\u00f6nnen unabh\u00e4ngig voneinander Informationen, einschlie\u00dflich pers\u00f6nlicher Informationen, von Ihnen sammeln. Diese Websites von Drittanbietern haben separate und unabh\u00e4ngige Datenschutzrichtlinien. Wir \u00fcbernehmen daher keine Verantwortung oder Haftung f\u00fcr den Inhalt und die Aktivit\u00e4ten dieser verlinkten Websites. Wir sind jedoch bem\u00fcht, die Integrit\u00e4t unserer Website zu sch\u00fctzen, und freuen uns \u00fcber jegliches Feedback zu diesen Websites.<\/p>\n<p>Sobald Sie einen Dritten zum Verlassen von Visitteo verwendet haben, sollten Sie beachten, dass wir keine Kontrolle \u00fcber diese andere Website haben. Daher k\u00f6nnen wir nicht f\u00fcr den Schutz und die Privatsph\u00e4re von Informationen verantwortlich sein, die Sie beim Besuch solcher Websites bereitstellen, und diese Websites unterliegen nicht dieser Datenschutzerkl\u00e4rung. Sie sollten vorsichtig sein und die Datenschutzerkl\u00e4rung der betreffenden Website lesen.<\/p>\n<h5><strong>Wie wir Ihre pers\u00f6nlichen Daten sch\u00fctzen<\/strong><\/h5>\n<p>Die Sicherheit Ihrer pers\u00f6nlichen Daten ist uns wichtig. Beachten Sie jedoch, dass keine Methode zur \u00dcbertragung \u00fcber das Internet oder zur elektronischen Speicherung zu 100% sicher ist. Obwohl wir uns bem\u00fchen, Ihre pers\u00f6nlichen Daten mit kommerziell akzeptablen Mitteln zu sch\u00fctzen, k\u00f6nnen wir deren absolute Sicherheit nicht garantieren. Obwohl wir Ma\u00dfnahmen zur Sicherung Ihrer Daten ergreifen, versprechen wir nicht und Sie sollten nicht erwarten, dass Ihre pers\u00f6nlichen Daten oder sonstigen Mitteilungen immer sicher bleiben.<\/p>\n<h5><strong>Service Analytics<\/strong><\/h5>\n<p>Wir verwenden Analysedienstanbieter von Drittanbietern (\u201eAnalyseanbieter\u201c) wie Google Analytics, um Informationen \u00fcber die Nutzung dieser Website zu sammeln. Google Analytics sammelt Informationen wie: Wie oft Nutzer diese Website besuchen, welche Seiten sie dabei besuchen und welche anderen Websites sie verwendet haben, bevor sie auf diese Website gekommen sind. Wir verwenden die Informationen, die wir von Google Analytics erhalten, nur zur Verbesserung dieser Website.<\/p>\n<p>Die von Ihrem Browser oder Ger\u00e4t generierten Informationen \u00fcber Ihre Nutzung des Dienstes werden an Google Analytics \u00fcbertragen und dort gespeichert. Google Analytics verwendet diese Informationen, um Ihre Nutzung des Dienstes zu bewerten. Durch die Nutzung des Dienstes stimmen Sie der Verarbeitung von Daten \u00fcber Sie durch Google Analytics in der oben beschriebenen Weise und zu den oben genannten Zwecken zu. Die F\u00e4higkeit von Google, Ihre gesammelten Informationen \u00fcber Ihre Besuche auf dieser Website zu verwenden und weiterzugeben, wird durch die Nutzungsbedingungen von <a href=\"https:\/\/www.google.com\/analytics\/terms\/us.html\" target=\"_blank\" rel=\"noopener noreferrer\">Google Analytics<\/a> und die <a href=\"https:\/\/www.google.com\/policies\/privacy\/\" target=\"_blank\" rel=\"noopener noreferrer\">Google<\/a>-Datenschutzbestimmungen eingeschr\u00e4nkt.<\/p>\n<h5><strong>\u00c4nderungen dieser Datenschutzerkl\u00e4rung<\/strong><\/h5>\n<p>Wir werden unsere Datenschutzrichtlinie von Zeit zu Zeit aktualisieren oder \u00e4ndern. Sie sollten diese Datenschutzrichtlinie regelm\u00e4\u00dfig \u00fcberpr\u00fcfen und sicherstellen, dass Sie mit den \u00c4nderungen zufrieden sind. Ihre fortgesetzte Nutzung dieses Dienstes, nachdem wir \u00c4nderungen an der Datenschutzrichtlinie auf dieser Seite ver\u00f6ffentlicht haben, stellt Ihre Anerkennung der \u00c4nderungen und Ihre Zustimmung dar, die ge\u00e4nderten Datenschutzrichtlinien einzuhalten und an diese gebunden zu sein.<\/p>\n<p>Wenn wir \u00c4nderungen an dieser Datenschutzrichtlinie ver\u00f6ffentlichen, werden wir das Datum der letzten Aktualisierung am Ende dieser Datenschutzrichtlinie \u00fcberarbeiten.<\/p>\n<h5><strong>Aufbewahrung von Daten<\/strong><\/h5>\n<p>Atlas, LLC speichert Ihre Daten nur so lange, wie dies f\u00fcr die in dieser Datenschutzrichtlinie festgelegten Zwecke erforderlich ist. Wir werden Ihre Daten in dem Umfang aufbewahren und verwenden, der zur Erf\u00fcllung unserer gesetzlichen Verpflichtungen erforderlich ist (z. B. wenn wir Ihre Daten zur Einhaltung der geltenden Gesetze aufbewahren m\u00fcssen), Streitigkeiten beilegen und unsere gesetzlichen Vereinbarungen und Richtlinien durchsetzen.<\/p>\n<p>Atlas, LLC speichert auch Nutzungsdaten f\u00fcr interne Analysezwecke. Nutzungsdaten werden in der Regel f\u00fcr einen k\u00fcrzeren Zeitraum gespeichert, es sei denn, diese Daten werden zur St\u00e4rkung der Sicherheit oder zur Verbesserung der Funktionalit\u00e4t unseres Dienstes verwendet oder wir sind gesetzlich verpflichtet, diese Daten f\u00fcr l\u00e4ngere Zeitr\u00e4ume aufzubewahren.<\/p>\n<h5><strong>Was ist der Zweck der Erhebung und Verwendung Ihrer Daten?<\/strong><\/h5>\n<p>Um Ihnen vergleichende Informationen zu verschiedenen Urlaubsunterk\u00fcnften und Hotelwebsites zu liefern, um Ihnen die beste Auswahl an Touristenunterk\u00fcnften zum besten Preis anbieten zu k\u00f6nnen. Die Zustellung von kommerziellen Werbemitteilungen per E-Mail oder \u00fcber soziale Netzwerke bez\u00fcglich unserer Produkte und \/ oder Dienstleistungen, die auf die Unterbringung w\u00e4hrend Ihres Urlaubs und anderer in diesem Zeitraum durchzuf\u00fchrender Aktivit\u00e4ten ausgerichtet sind. Analytische Zwecke als Mittel zur Verbesserung und Verbesserung des Betriebs und der Dienstleistungen von Visitteo, Durchf\u00fchrung von Marktstudien und Umfragen.<\/p>\n<h5><strong>Statistik, Analyse und Marketingdienstleistungen<\/strong><\/h5>\n<p>Wir verwenden statistische, analytische und Marketingdienste von Drittanbietern. Dadurch k\u00f6nnen wir unsere Website optimieren und sicherstellen, dass sie benutzerfreundlich ist. Die Dritten verwenden Cookies, um ihre Dienste bereitzustellen (siehe Abschnitt &#8220;Cookies&#8221;). Sofern unten nicht anders angegeben, werden Ihre Daten nicht verarbeitet.<\/p>\n<p>Bei einigen Drittanbietern k\u00f6nnen Sie der Nutzung des entsprechenden Dienstes direkt widersprechen, z. durch Setzen eines Opt-Out-Cookies.<\/p>\n<p>Wenn Sie sich daf\u00fcr entscheiden, verarbeitet der externe Anbieter in Zukunft keine Daten mehr zu Ihrem Nutzungsverhalten. Es ist auch m\u00f6glich, einzelne externe Dienste selektiv zu beanstanden. Wenn Sie den Browser oder das Endger\u00e4t wechseln oder alle Ihre Cookies l\u00f6schen, m\u00fcssen Sie das Opt-Out-Cookie erneut setzen.<\/p>\n<h5><strong>Kontaktiere uns<\/strong><\/h5>\n<p>Wenn Sie Fragen zu dieser Datenschutzrichtlinie haben, senden Sie uns bitte eine E-Mail an: <a href=\"mailto:info@visitteo.com\">info@visitteo.com<\/a><\/p>\n<p><em>Letzte Aktualisierung: 26. Oktober 2020<\/em><\/p>\n","protected":false},"excerpt":{"rendered":"<p>Bitte beachten Sie, dass die Praktiken von Atlas LLC. (&#8220;Wir&#8221;, &#8220;unser&#8221; oder &#8220;uns&#8221;) in Bezug auf personenbezogene Daten unterliegen dieser Datenschutzrichtlinie, da diese von Zeit zu Zeit ge\u00e4ndert werden kann. Diese Datenschutzrichtlinie regelt pers\u00f6nliche Informationen, die wir \u00fcber diese Website unter www.visitteo.com (\u201eWebsite\u201c) sammeln. Diese Datenschutzrichtlinie beschreibt die Praktiken von Visitteo in Bezug auf personenbezogene [&hellip;]<\/p>\n","protected":false},"author":5,"featured_media":0,"parent":0,"menu_order":100,"comment_status":"closed","ping_status":"closed","template":"","meta":{"_acf_changed":false,"footnotes":""},"class_list":["post-809","page","type-page","status-publish","hentry"],"acf":[],"yoast_head":"<!-- This site is optimized with the Yoast SEO plugin v27.1.1 - https:\/\/yoast.com\/product\/yoast-seo-wordpress\/ -->\n<title>Datenschutzerkl\u00e4rung - Visitteo<\/title>\n<meta name=\"description\" content=\"Diese Datenschutzrichtlinie beschreibt die Praktiken von Visitteo in Bezug auf personenbezogene Daten und Daten (\u201epersonenbezogene Daten\u201c).\" \/>\n<meta name=\"robots\" content=\"index, follow, max-snippet:-1, max-image-preview:large, max-video-preview:-1\" \/>\n<link rel=\"canonical\" href=\"https:\/\/visitteo.com\/de\/datenschutzerklaerung\/\" \/>\n<meta property=\"og:locale\" content=\"de_DE\" \/>\n<meta property=\"og:type\" content=\"article\" \/>\n<meta property=\"og:title\" content=\"Datenschutzerkl\u00e4rung - Visitteo\" \/>\n<meta property=\"og:description\" content=\"Diese Datenschutzrichtlinie beschreibt die Praktiken von Visitteo in Bezug auf personenbezogene Daten und Daten (\u201epersonenbezogene Daten\u201c).\" \/>\n<meta property=\"og:url\" content=\"https:\/\/visitteo.com\/de\/datenschutzerklaerung\/\" \/>\n<meta property=\"og:site_name\" content=\"Visitteo\" \/>\n<meta property=\"article:publisher\" content=\"https:\/\/www.facebook.com\/visitteo\/\" \/>\n<meta property=\"article:modified_time\" content=\"2020-12-14T08:46:19+00:00\" \/>\n<meta property=\"og:image\" content=\"https:\/\/visitteo.com\/wp-content\/uploads\/2022\/10\/share-1.jpg\" \/>\n\t<meta property=\"og:image:width\" content=\"1200\" \/>\n\t<meta property=\"og:image:height\" content=\"630\" \/>\n\t<meta property=\"og:image:type\" content=\"image\/jpeg\" \/>\n<meta name=\"twitter:card\" content=\"summary_large_image\" \/>\n<meta name=\"twitter:site\" content=\"@visitteo\" \/>\n<meta name=\"twitter:label1\" content=\"Gesch\u00e4tzte Lesezeit\" \/>\n\t<meta name=\"twitter:data1\" content=\"7\u00a0Minuten\" \/>\n<script type=\"application\/ld+json\" class=\"yoast-schema-graph\">{\"@context\":\"https:\/\/schema.org\",\"@graph\":[{\"@type\":\"WebPage\",\"@id\":\"https:\/\/visitteo.com\/de\/datenschutzerklaerung\/\",\"url\":\"https:\/\/visitteo.com\/de\/datenschutzerklaerung\/\",\"name\":\"Datenschutzerkl\u00e4rung - Visitteo\",\"isPartOf\":{\"@id\":\"https:\/\/visitteo.com\/de\/#website\"},\"datePublished\":\"2017-04-25T11:00:59+00:00\",\"dateModified\":\"2020-12-14T08:46:19+00:00\",\"description\":\"Diese Datenschutzrichtlinie beschreibt die Praktiken von Visitteo in Bezug auf personenbezogene Daten und Daten (\u201epersonenbezogene Daten\u201c).\",\"breadcrumb\":{\"@id\":\"https:\/\/visitteo.com\/de\/datenschutzerklaerung\/#breadcrumb\"},\"inLanguage\":\"de\",\"potentialAction\":[{\"@type\":\"ReadAction\",\"target\":[\"https:\/\/visitteo.com\/de\/datenschutzerklaerung\/\"]}]},{\"@type\":\"BreadcrumbList\",\"@id\":\"https:\/\/visitteo.com\/de\/datenschutzerklaerung\/#breadcrumb\",\"itemListElement\":[{\"@type\":\"ListItem\",\"position\":1,\"name\":\"Homepage\",\"item\":\"https:\/\/visitteo.com\/de\/\"},{\"@type\":\"ListItem\",\"position\":2,\"name\":\"Datenschutzerkl\u00e4rung\"}]},{\"@type\":\"WebSite\",\"@id\":\"https:\/\/visitteo.com\/de\/#website\",\"url\":\"https:\/\/visitteo.com\/de\/\",\"name\":\"Visitteo\",\"description\":\"Visitteo is a metasearch engine for car rental.\",\"publisher\":{\"@id\":\"https:\/\/visitteo.com\/de\/#organization\"},\"potentialAction\":[{\"@type\":\"SearchAction\",\"target\":{\"@type\":\"EntryPoint\",\"urlTemplate\":\"https:\/\/visitteo.com\/de\/?s={search_term_string}\"},\"query-input\":{\"@type\":\"PropertyValueSpecification\",\"valueRequired\":true,\"valueName\":\"search_term_string\"}}],\"inLanguage\":\"de\"},{\"@type\":\"Organization\",\"@id\":\"https:\/\/visitteo.com\/de\/#organization\",\"name\":\"Visitteo\",\"url\":\"https:\/\/visitteo.com\/de\/\",\"logo\":{\"@type\":\"ImageObject\",\"inLanguage\":\"de\",\"@id\":\"https:\/\/visitteo.com\/de\/#\/schema\/logo\/image\/\",\"url\":\"https:\/\/visitteo.com\/wp-content\/uploads\/2024\/09\/organization_logo.png\",\"contentUrl\":\"https:\/\/visitteo.com\/wp-content\/uploads\/2024\/09\/organization_logo.png\",\"width\":840,\"height\":840,\"caption\":\"Visitteo\"},\"image\":{\"@id\":\"https:\/\/visitteo.com\/de\/#\/schema\/logo\/image\/\"},\"sameAs\":[\"https:\/\/www.facebook.com\/visitteo\/\",\"https:\/\/x.com\/visitteo\",\"https:\/\/www.instagram.com\/visitteo\/\",\"https:\/\/www.pinterest.com\/visitteo\/pins\/\"]}]}<\/script>\n<!-- \/ Yoast SEO plugin. -->","yoast_head_json":{"title":"Datenschutzerkl\u00e4rung - Visitteo","description":"Diese Datenschutzrichtlinie beschreibt die Praktiken von Visitteo in Bezug auf personenbezogene Daten und Daten (\u201epersonenbezogene Daten\u201c).","robots":{"index":"index","follow":"follow","max-snippet":"max-snippet:-1","max-image-preview":"max-image-preview:large","max-video-preview":"max-video-preview:-1"},"canonical":"https:\/\/visitteo.com\/de\/datenschutzerklaerung\/","og_locale":"de_DE","og_type":"article","og_title":"Datenschutzerkl\u00e4rung - Visitteo","og_description":"Diese Datenschutzrichtlinie beschreibt die Praktiken von Visitteo in Bezug auf personenbezogene Daten und Daten (\u201epersonenbezogene Daten\u201c).","og_url":"https:\/\/visitteo.com\/de\/datenschutzerklaerung\/","og_site_name":"Visitteo","article_publisher":"https:\/\/www.facebook.com\/visitteo\/","article_modified_time":"2020-12-14T08:46:19+00:00","og_image":[{"width":1200,"height":630,"url":"https:\/\/visitteo.com\/wp-content\/uploads\/2022\/10\/share-1.jpg","type":"image\/jpeg"}],"twitter_card":"summary_large_image","twitter_site":"@visitteo","twitter_misc":{"Gesch\u00e4tzte Lesezeit":"7\u00a0Minuten"},"schema":{"@context":"https:\/\/schema.org","@graph":[{"@type":"WebPage","@id":"https:\/\/visitteo.com\/de\/datenschutzerklaerung\/","url":"https:\/\/visitteo.com\/de\/datenschutzerklaerung\/","name":"Datenschutzerkl\u00e4rung - Visitteo","isPartOf":{"@id":"https:\/\/visitteo.com\/de\/#website"},"datePublished":"2017-04-25T11:00:59+00:00","dateModified":"2020-12-14T08:46:19+00:00","description":"Diese Datenschutzrichtlinie beschreibt die Praktiken von Visitteo in Bezug auf personenbezogene Daten und Daten (\u201epersonenbezogene Daten\u201c).","breadcrumb":{"@id":"https:\/\/visitteo.com\/de\/datenschutzerklaerung\/#breadcrumb"},"inLanguage":"de","potentialAction":[{"@type":"ReadAction","target":["https:\/\/visitteo.com\/de\/datenschutzerklaerung\/"]}]},{"@type":"BreadcrumbList","@id":"https:\/\/visitteo.com\/de\/datenschutzerklaerung\/#breadcrumb","itemListElement":[{"@type":"ListItem","position":1,"name":"Homepage","item":"https:\/\/visitteo.com\/de\/"},{"@type":"ListItem","position":2,"name":"Datenschutzerkl\u00e4rung"}]},{"@type":"WebSite","@id":"https:\/\/visitteo.com\/de\/#website","url":"https:\/\/visitteo.com\/de\/","name":"Visitteo","description":"Visitteo is a metasearch engine for car rental.","publisher":{"@id":"https:\/\/visitteo.com\/de\/#organization"},"potentialAction":[{"@type":"SearchAction","target":{"@type":"EntryPoint","urlTemplate":"https:\/\/visitteo.com\/de\/?s={search_term_string}"},"query-input":{"@type":"PropertyValueSpecification","valueRequired":true,"valueName":"search_term_string"}}],"inLanguage":"de"},{"@type":"Organization","@id":"https:\/\/visitteo.com\/de\/#organization","name":"Visitteo","url":"https:\/\/visitteo.com\/de\/","logo":{"@type":"ImageObject","inLanguage":"de","@id":"https:\/\/visitteo.com\/de\/#\/schema\/logo\/image\/","url":"https:\/\/visitteo.com\/wp-content\/uploads\/2024\/09\/organization_logo.png","contentUrl":"https:\/\/visitteo.com\/wp-content\/uploads\/2024\/09\/organization_logo.png","width":840,"height":840,"caption":"Visitteo"},"image":{"@id":"https:\/\/visitteo.com\/de\/#\/schema\/logo\/image\/"},"sameAs":["https:\/\/www.facebook.com\/visitteo\/","https:\/\/x.com\/visitteo","https:\/\/www.instagram.com\/visitteo\/","https:\/\/www.pinterest.com\/visitteo\/pins\/"]}]}},"_links":{"self":[{"href":"https:\/\/visitteo.com\/de\/wp-json\/wp\/v2\/pages\/809","targetHints":{"allow":["GET"]}}],"collection":[{"href":"https:\/\/visitteo.com\/de\/wp-json\/wp\/v2\/pages"}],"about":[{"href":"https:\/\/visitteo.com\/de\/wp-json\/wp\/v2\/types\/page"}],"author":[{"embeddable":true,"href":"https:\/\/visitteo.com\/de\/wp-json\/wp\/v2\/users\/5"}],"replies":[{"embeddable":true,"href":"https:\/\/visitteo.com\/de\/wp-json\/wp\/v2\/comments?post=809"}],"version-history":[{"count":0,"href":"https:\/\/visitteo.com\/de\/wp-json\/wp\/v2\/pages\/809\/revisions"}],"wp:attachment":[{"href":"https:\/\/visitteo.com\/de\/wp-json\/wp\/v2\/media?parent=809"}],"curies":[{"name":"wp","href":"https:\/\/api.w.org\/{rel}","templated":true}]}}