{"id":850,"date":"2017-04-25T11:48:54","date_gmt":"2017-04-25T09:48:54","guid":{"rendered":"https:\/\/visitteo.com\/termini-e-condizioni-duso\/"},"modified":"2020-12-17T09:05:55","modified_gmt":"2020-12-17T08:05:55","slug":"nutzungsbedingungen","status":"publish","type":"page","link":"https:\/\/visitteo.com\/de\/nutzungsbedingungen\/","title":{"rendered":"Nutzungsbedingungen"},"content":{"rendered":"<p>Bitte lesen Sie diese Nutzungsbedingungen sorgf\u00e4ltig durch, bevor Sie \u00fcber diese Website auf Materialien, Informationen, Produkte oder Dienstleistungen zugreifen, diese verwenden oder diese erhalten. Durch den Zugriff auf, die Verwendung oder den Erhalt von Inhalten, Daten, Materialien, Informationen, Produkten oder Dienstleistungen \u00fcber die Website <a href=\"https:\/\/visitteo.com\/de\/\" target=\"_blank\" rel=\"noopener noreferrer\">www.visitteo.com<\/a> (der &#8220;Service&#8221;) erkl\u00e4ren Sie sich mit diesen Allgemeinen Gesch\u00e4ftsbedingungen (&#8220;Nutzungsbedingungen&#8221;) einverstanden. &#8220;Nutzungsbedingungen&#8221;) und unsere <a href=\"https:\/\/visitteo.com\/de\/datenschutzerklaerung\/\" target=\"_blank\" rel=\"noopener noreferrer\">Datenschutzbestimmungen<\/a>. Wenn Sie nicht alle diese Bedingungen akzeptieren, d\u00fcrfen Sie die Dienste nicht nutzen. In diesen Bedingungen beziehen sich &#8220;wir&#8221;, &#8220;uns&#8221;, &#8220;unser&#8221; auf Atlas, LLC. Und &#8220;Sie&#8221; oder &#8220;Ihr&#8221; beziehen sich auf Sie als Benutzer der Dienste.<\/p>\n<p>Ihr Zugang zu und Ihre Nutzung des Dienstes h\u00e4ngen davon ab, dass Sie diese Bedingungen akzeptieren und einhalten. Diese Bedingungen gelten f\u00fcr alle Besucher, Benutzer und andere Personen, die auf den Service zugreifen oder ihn nutzen. Diese Allgemeinen Gesch\u00e4ftsbedingungen regeln Ihre Nutzung dieser Website. Durch die Nutzung dieser Website akzeptieren Sie diese Allgemeinen Gesch\u00e4ftsbedingungen vollst\u00e4ndig. Durch den Zugriff auf oder die Nutzung des Dienstes erkl\u00e4ren Sie sich mit diesen Bedingungen einverstanden.<\/p>\n<p>Wenn Sie mit einem Teil der Bedingungen nicht einverstanden sind, k\u00f6nnen Sie m\u00f6glicherweise nicht auf den Service zugreifen. Bitte lesen Sie diese Nutzungsbedingungen sorgf\u00e4ltig durch, bevor Sie Materialien, Informationen, Produkte oder Dienstleistungen \u00fcber diese Website verwenden oder erhalten. Sie sollten auch die <a href=\"https:\/\/visitteo.com\/de\/datenschutzerklaerung\/\" target=\"_blank\" rel=\"noopener noreferrer\">Visitteo-Datenschutzrichtlinie<\/a> lesen, die durch Bezugnahme in diese Vereinbarung aufgenommen wurde und im Service verf\u00fcgbar ist. Wenn Sie nicht akzeptieren und damit einverstanden sind, an alle Bestimmungen dieser Vereinbarung gebunden zu sein, einschlie\u00dflich der <a href=\"https:\/\/visitteo.com\/de\/datenschutzerklaerung\/\" target=\"_blank\" rel=\"noopener noreferrer\">Visitteo-Datenschutzrichtlinie<\/a>, nutzen Sie den Service nicht.<\/p>\n<h5><strong>Akzeptable Verwendung<\/strong><\/h5>\n<p>Sofern nicht anders angegeben, besitzt Visitteo die Rechte an geistigem Eigentum an der Website und das Material auf der Website. Alle diese Rechte an geistigem Eigentum sind vorbehalten. Sie d\u00fcrfen Seiten oder andere Inhalte der Website nur f\u00fcr Caching-Zwecke anzeigen, herunterladen und f\u00fcr Ihren eigenen pers\u00f6nlichen Gebrauch drucken, vorbehaltlich der unten und an anderer Stelle in diesen Nutzungsbedingungen aufgef\u00fchrten Einschr\u00e4nkungen.<\/p>\n<p>Dar\u00fcber hinaus stimmen Sie zu, dass Sie nicht:<\/p>\n<ul>\n<li>Verwenden Sie diese Website auf eine Weise, die Sch\u00e4den an der Website oder eine Beeintr\u00e4chtigung der Verf\u00fcgbarkeit oder Zug\u00e4nglichkeit der Website verursacht oder verursachen kann, oder auf eine Weise, die rechtswidrig, illegal, betr\u00fcgerisch oder sch\u00e4dlich ist oder in Verbindung mit einer rechtswidrigen, illegalen , betr\u00fcgerischer oder sch\u00e4dlicher Zweck oder Aktivit\u00e4t.<\/li>\n<li>Verwenden Sie diese Website zum Kopieren, Speichern, Hosten, \u00dcbertragen, Senden, Verwenden, Ver\u00f6ffentlichen oder Verteilen von Material, das aus Spyware oder einem Computervirus besteht (oder mit diesem verkn\u00fcpft ist). Trojanisches Pferd, Wurm, Tastendruck-Logger oder andere sch\u00e4dliche Computersoftware.<\/li>\n<li>F\u00fchren Sie systematische oder automatisierte Datenerfassungsaktivit\u00e4ten (einschlie\u00dflich ohne Einschr\u00e4nkung Scraping, Data Mining, Datenextraktion und Datenernte) auf oder in Verbindung mit dieser Website ohne die ausdr\u00fcckliche schriftliche Zustimmung von Visiteeo durch.<\/li>\n<li>Verwenden Sie Ger\u00e4te, Software oder Routinen, die den normalen Betrieb unserer Website beeintr\u00e4chtigen oder zu st\u00f6ren versuchen, oder ergreifen Sie Ma\u00dfnahmen, die unseren Computer oder unsere Netzwerkger\u00e4te unangemessen belasten.<\/li>\n<li>Verwenden Sie diese Website ohne die ausdr\u00fcckliche schriftliche Zustimmung von Visiteeo f\u00fcr Marketingzwecke.<\/li>\n<li>Verwenden Sie diese Website, um unerw\u00fcnschte kommerzielle Mitteilungen zu \u00fcbertragen oder zu senden.<\/li>\n<li>Ver\u00f6ffentlichen oder verbreiten Sie Material auf unserer Website, das die Rechte Dritter verletzt.<\/li>\n<li>Ver\u00f6ffentlichen Sie Material von dieser Website erneut (einschlie\u00dflich der erneuten Ver\u00f6ffentlichung auf einer anderen Website).<\/li>\n<li>Reproduzieren, duplizieren, kopieren oder nutzen Sie Material auf dieser Website f\u00fcr kommerzielle Zwecke.<\/li>\n<li>Verkaufen, vermieten oder unterlizenzieren Sie Material von der Website.<\/li>\n<li>Zeigen Sie jegliches Material von der Website \u00f6ffentlich.<\/li>\n<li>Bearbeiten oder \u00e4ndern Sie auf andere Weise Material auf der Website.<\/li>\n<li>Verteilen Sie Material von dieser Website neu.<\/li>\n<li>Verwenden Sie unsere Website, um pers\u00f6nliche Daten \u00fcber andere zu sammeln oder zu speichern.<\/li>\n<\/ul>\n<h5>\n<strong>Links zu anderen Websites<\/strong><\/h5>\n<p>Unser Service kann Links zu Websites oder Services von Drittanbietern enthalten, die nicht Eigentum von Visitteo sind oder von Visitteo kontrolliert werden. Sie stimmen zu, dass Visitteo nicht f\u00fcr die Richtigkeit oder Vollst\u00e4ndigkeit der Informationen verantwortlich ist, die es von diesen anderen Websites erh\u00e4lt. Die Nutzung anderer Websites, auf die \u00fcber unsere Website zugegriffen wird, erfolgt auf eigenes Risiko. Visitteo hat keine Kontrolle \u00fcber den Inhalt, die Datenschutzrichtlinien oder die Praktiken von Websites oder Diensten Dritter und \u00fcbernimmt keine Verantwortung daf\u00fcr. Sie erkennen ferner an und stimmen zu, dass Visitteo weder direkt noch indirekt f\u00fcr Sch\u00e4den oder Verluste verantwortlich oder haftbar ist, die angeblich im Zusammenhang mit der Nutzung oder dem Vertrauen auf solche Inhalte, Waren oder Dienstleistungen verursacht wurden, auf denen verf\u00fcgbar ist oder \u00fcber solche Websites oder Dienste.<\/p>\n<p>Wir empfehlen Ihnen dringend, die Allgemeinen Gesch\u00e4ftsbedingungen und Datenschutzrichtlinien aller Websites oder Dienste von Drittanbietern zu lesen, die Sie besuchen.<\/p>\n<h5><strong>Haftungsausschluss<\/strong><\/h5>\n<p>Die auf dieser Website enthaltenen Informationen dienen nur allgemeinen Informationszwecken. Die Informationen werden von Visitteo bereitgestellt. Obwohl wir uns bem\u00fchen, die Informationen auf dem neuesten Stand und korrekt zu halten, geben wir keinerlei ausdr\u00fcckliche oder stillschweigende Zusicherungen oder Gew\u00e4hrleistungen in Bezug auf die Vollst\u00e4ndigkeit, Genauigkeit, Zuverl\u00e4ssigkeit, Eignung oder Verf\u00fcgbarkeit in Bezug auf die Website oder die auf der Website enthaltenen Informationen, Produkte, Dienstleistungen oder verwandten Grafiken f\u00fcr jeden Zweck. Das Vertrauen, das Sie in solche Informationen setzen, erfolgt daher ausschlie\u00dflich auf eigenes Risiko.<\/p>\n<p>In keinem Fall haften wir f\u00fcr Verluste, Sch\u00e4den, Personensch\u00e4den oder Todesf\u00e4lle, einschlie\u00dflich, jedoch nicht beschr\u00e4nkt auf indirekte Verluste oder Folgesch\u00e4den oder Verluste oder Sch\u00e4den, die sich aus dem Verlust von Daten oder Gewinnen aus oder im Zusammenhang ergeben mit der Nutzung dieser Website. \u00dcber diese Website k\u00f6nnen Sie Links zu anderen Websites erstellen, die nicht unter der Kontrolle von Visitteo stehen.<\/p>\n<p>Wir haben keine Kontrolle \u00fcber Art, Inhalt und Verf\u00fcgbarkeit dieser Websites. Visitteo \u00fcbernimmt keine Verantwortung f\u00fcr Werbung Dritter, die auf, durch oder in Verbindung mit den Diensten ver\u00f6ffentlicht wird, oder \u00fcbernimmt keine Verantwortung f\u00fcr die von diesen Dritten bereitgestellten Waren oder Dienstleistungen. Das Einf\u00fcgen von Links bedeutet nicht notwendigerweise eine Empfehlung oder best\u00e4tigt die darin ge\u00e4u\u00dferten Ansichten. Es werden alle Anstrengungen unternommen, um die Website am Laufen zu halten. Visitteo \u00fcbernimmt jedoch keine Verantwortung und \u00fcbernimmt keine Haftung daf\u00fcr, dass die Website aufgrund technischer Probleme, die au\u00dferhalb unserer Kontrolle liegen, vor\u00fcbergehend nicht verf\u00fcgbar ist.<\/p>\n<h5><strong>Haftungsbeschr\u00e4nkung<\/strong><\/h5>\n<p>Die Verwendung von Informationen oder Materialien auf dieser Website erfolgt auf eigenes Risiko, f\u00fcr das wir keine Haftung \u00fcbernehmen. Es liegt in Ihrer eigenen Verantwortung, sicherzustellen, dass alle auf dieser Website verf\u00fcgbaren Produkte, Dienstleistungen oder Informationen Ihren spezifischen Anforderungen entsprechen.<\/p>\n<p>Dar\u00fcber hinaus ist Visitteo nicht verantwortlich oder haftbar f\u00fcr:<\/p>\n<ul>\n<li>Die Verwendung von Informationen oder Materialien auf dieser Website erfolgt auf eigenes Risiko, f\u00fcr das wir keine Haftung \u00fcbernehmen. Es liegt in Ihrer eigenen Verantwortung, sicherzustellen, dass alle auf dieser Website verf\u00fcgbaren Produkte, Dienstleistungen oder Informationen Ihren spezifischen Anforderungen entsprechen.<\/li>\n<li>Sie oder Dritte f\u00fcr indirekte, Folgesch\u00e4den, beispielhafte, zuf\u00e4llige, besondere oder strafbare Sch\u00e4den, einschlie\u00dflich, ohne Einschr\u00e4nkung, entgangenen Gewinnschadens, der sich aus Ihrer Nutzung der Dienste ergibt.<\/li>\n<li>Sch\u00e4den oder Viren, die Ihre Computerausr\u00fcstung oder anderes Eigentum infolge Ihres Zugriffs auf den Service infizieren k\u00f6nnen.<\/li>\n<li>F\u00fcr Verletzungen, Todesf\u00e4lle, Verluste, Anspr\u00fcche, h\u00f6here Gewalt, Unf\u00e4lle, Versp\u00e4tungen oder direkte, besondere, beispielhafte, strafende, indirekte, zuf\u00e4llige oder Folgesch\u00e4den jeglicher Art. Ohne Einschr\u00e4nkung entgangenen Gewinns oder verlorener Ersparnisse.<\/li>\n<li>Die Erf\u00fcllung von Unterk\u00fcnften, die \u00fcber eine Website Dritter gebucht wurden, auf die von Visitteo verwiesen wird. Bitte lesen Sie die Allgemeinen Gesch\u00e4ftsbedingungen des Anbieters zum Zeitpunkt der Buchung.<\/li>\n<li>Der Inhalt, der auf einer von Visitteo verlinkten Website Dritter ver\u00f6ffentlicht wird.<\/li>\n<li>Die Leistung oder Nichterf\u00fcllung durch uns oder einen Anbieter.<\/li>\n<\/ul>\n<h5>\n<strong>Geistiges Eigentum<\/strong><\/h5>\n<p>Der Service und seine urspr\u00fcnglichen Inhalte, Merkmale und Funktionen sind und bleiben das ausschlie\u00dfliche Eigentum von Atlas, LLC und seinen Lizenzgebern. Der Service ist durch Urheber-, Marken- und andere Gesetze des europ\u00e4ischen und ausl\u00e4ndischen Landes gesch\u00fctzt. Unsere Marken und Handelsmarken d\u00fcrfen ohne vorherige schriftliche Zustimmung von Atlas, LLC nicht in Verbindung mit Produkten oder Dienstleistungen verwendet werden.<\/p>\n<h5><strong>Ihre Privatsph\u00e4re<\/strong><\/h5>\n<p>Ihre Nutzung unserer Website unterliegt unserer <a href=\"https:\/\/visitteo.com\/de\/datenschutzerklaerung\/\" target=\"_blank\" rel=\"noopener noreferrer\">Datenschutzrichtlinie<\/a>, die durch diesen Verweis in diese Vereinbarung aufgenommen wird. Durch die Nutzung unserer Website stimmen Sie der Verwendung Ihrer Daten zu, wie in unseren <a href=\"https:\/\/visitteo.com\/de\/datenschutzerklaerung\/\" target=\"_blank\" rel=\"noopener noreferrer\">Datenschutzbestimmungen<\/a> angegeben.<\/p>\n<h5><strong>\u00c4nderungen<\/strong><\/h5>\n<p>Wir behalten uns das Recht vor, diese Bedingungen jederzeit zu \u00e4ndern oder zu ersetzen. Wenn wir \u00c4nderungen an diesen Nutzungsbedingungen ver\u00f6ffentlichen, werden wir das &#8220;letzte aktualisierte&#8221; Datum am Ende dieser Nutzungsbedingungen \u00fcberarbeiten. Wenn Sie nach Inkrafttreten dieser \u00c4nderungen weiterhin auf unseren Service zugreifen oder diesen nutzen, stimmen Sie zu, an die \u00fcberarbeiteten Bedingungen gebunden zu sein. Wenn Sie den neuen Bedingungen nicht zustimmen, beenden Sie bitte die Nutzung des Dienstes.<\/p>\n<h5><strong>Kontaktiere uns<\/strong><\/h5>\n<p>Wenn Sie Fragen zu diesen Nutzungsbedingungen haben, senden Sie uns bitte eine E-Mail an: <a href=\"mailto:info@visitteo.com\">info@visitteo.com<\/a><\/p>\n<p><em>Letzte Aktualisierung: 25. Oktober 2020<\/em><\/p>\n","protected":false},"excerpt":{"rendered":"<p>Bitte lesen Sie diese Nutzungsbedingungen sorgf\u00e4ltig durch, bevor Sie \u00fcber diese Website auf Materialien, Informationen, Produkte oder Dienstleistungen zugreifen, diese verwenden oder diese erhalten. Durch den Zugriff auf, die Verwendung oder den Erhalt von Inhalten, Daten, Materialien, Informationen, Produkten oder Dienstleistungen \u00fcber die Website www.visitteo.com (der &#8220;Service&#8221;) erkl\u00e4ren Sie sich mit diesen Allgemeinen Gesch\u00e4ftsbedingungen (&#8220;Nutzungsbedingungen&#8221;) [&hellip;]<\/p>\n","protected":false},"author":5,"featured_media":0,"parent":0,"menu_order":101,"comment_status":"closed","ping_status":"closed","template":"","meta":{"_acf_changed":false,"footnotes":""},"class_list":["post-850","page","type-page","status-publish","hentry"],"acf":[],"yoast_head":"<!-- This site is optimized with the Yoast SEO plugin v27.3 - https:\/\/yoast.com\/product\/yoast-seo-wordpress\/ -->\n<title>Nutzungsbedingungen - Visitteo<\/title>\n<meta name=\"description\" content=\"Bitte lesen Sie diese Nutzungsbedingungen sorgf\u00e4ltig durch, bevor Sie \u00fcber diese Website auf Materialien, Informationen, Produkte oder Dienstleistungen zugreifen, diese verwenden oder diese erhalten.\" \/>\n<meta name=\"robots\" content=\"index, follow, max-snippet:-1, max-image-preview:large, max-video-preview:-1\" \/>\n<link rel=\"canonical\" href=\"https:\/\/visitteo.com\/de\/nutzungsbedingungen\/\" \/>\n<meta property=\"og:locale\" content=\"de_DE\" \/>\n<meta property=\"og:type\" content=\"article\" \/>\n<meta property=\"og:title\" content=\"Nutzungsbedingungen - Visitteo\" \/>\n<meta property=\"og:description\" content=\"Bitte lesen Sie diese Nutzungsbedingungen sorgf\u00e4ltig durch, bevor Sie \u00fcber diese Website auf Materialien, Informationen, Produkte oder Dienstleistungen zugreifen, diese verwenden oder diese erhalten.\" \/>\n<meta property=\"og:url\" content=\"https:\/\/visitteo.com\/de\/nutzungsbedingungen\/\" \/>\n<meta property=\"og:site_name\" content=\"Visitteo\" \/>\n<meta property=\"article:publisher\" content=\"https:\/\/www.facebook.com\/visitteo\/\" \/>\n<meta property=\"article:modified_time\" content=\"2020-12-17T08:05:55+00:00\" \/>\n<meta property=\"og:image\" content=\"https:\/\/visitteo.com\/wp-content\/uploads\/2022\/10\/share-1.jpg\" \/>\n\t<meta property=\"og:image:width\" content=\"1200\" \/>\n\t<meta property=\"og:image:height\" content=\"630\" \/>\n\t<meta property=\"og:image:type\" content=\"image\/jpeg\" \/>\n<meta name=\"twitter:card\" content=\"summary_large_image\" \/>\n<meta name=\"twitter:site\" content=\"@visitteo\" \/>\n<meta name=\"twitter:label1\" content=\"Gesch\u00e4tzte Lesezeit\" \/>\n\t<meta name=\"twitter:data1\" content=\"7\u00a0Minuten\" \/>\n<script type=\"application\/ld+json\" class=\"yoast-schema-graph\">{\"@context\":\"https:\\\/\\\/schema.org\",\"@graph\":[{\"@type\":\"WebPage\",\"@id\":\"https:\\\/\\\/visitteo.com\\\/de\\\/nutzungsbedingungen\\\/\",\"url\":\"https:\\\/\\\/visitteo.com\\\/de\\\/nutzungsbedingungen\\\/\",\"name\":\"Nutzungsbedingungen - Visitteo\",\"isPartOf\":{\"@id\":\"https:\\\/\\\/visitteo.com\\\/de\\\/#website\"},\"datePublished\":\"2017-04-25T09:48:54+00:00\",\"dateModified\":\"2020-12-17T08:05:55+00:00\",\"description\":\"Bitte lesen Sie diese Nutzungsbedingungen sorgf\u00e4ltig durch, bevor Sie \u00fcber diese Website auf Materialien, Informationen, Produkte oder Dienstleistungen zugreifen, diese verwenden oder diese erhalten.\",\"breadcrumb\":{\"@id\":\"https:\\\/\\\/visitteo.com\\\/de\\\/nutzungsbedingungen\\\/#breadcrumb\"},\"inLanguage\":\"de\",\"potentialAction\":[{\"@type\":\"ReadAction\",\"target\":[\"https:\\\/\\\/visitteo.com\\\/de\\\/nutzungsbedingungen\\\/\"]}]},{\"@type\":\"BreadcrumbList\",\"@id\":\"https:\\\/\\\/visitteo.com\\\/de\\\/nutzungsbedingungen\\\/#breadcrumb\",\"itemListElement\":[{\"@type\":\"ListItem\",\"position\":1,\"name\":\"Homepage\",\"item\":\"https:\\\/\\\/visitteo.com\\\/de\\\/\"},{\"@type\":\"ListItem\",\"position\":2,\"name\":\"Nutzungsbedingungen\"}]},{\"@type\":\"WebSite\",\"@id\":\"https:\\\/\\\/visitteo.com\\\/de\\\/#website\",\"url\":\"https:\\\/\\\/visitteo.com\\\/de\\\/\",\"name\":\"Visitteo\",\"description\":\"Visitteo is a metasearch engine for car rental.\",\"publisher\":{\"@id\":\"https:\\\/\\\/visitteo.com\\\/de\\\/#organization\"},\"potentialAction\":[{\"@type\":\"SearchAction\",\"target\":{\"@type\":\"EntryPoint\",\"urlTemplate\":\"https:\\\/\\\/visitteo.com\\\/de\\\/?s={search_term_string}\"},\"query-input\":{\"@type\":\"PropertyValueSpecification\",\"valueRequired\":true,\"valueName\":\"search_term_string\"}}],\"inLanguage\":\"de\"},{\"@type\":\"Organization\",\"@id\":\"https:\\\/\\\/visitteo.com\\\/de\\\/#organization\",\"name\":\"Visitteo\",\"url\":\"https:\\\/\\\/visitteo.com\\\/de\\\/\",\"logo\":{\"@type\":\"ImageObject\",\"inLanguage\":\"de\",\"@id\":\"https:\\\/\\\/visitteo.com\\\/de\\\/#\\\/schema\\\/logo\\\/image\\\/\",\"url\":\"https:\\\/\\\/visitteo.com\\\/wp-content\\\/uploads\\\/2024\\\/09\\\/organization_logo.png\",\"contentUrl\":\"https:\\\/\\\/visitteo.com\\\/wp-content\\\/uploads\\\/2024\\\/09\\\/organization_logo.png\",\"width\":840,\"height\":840,\"caption\":\"Visitteo\"},\"image\":{\"@id\":\"https:\\\/\\\/visitteo.com\\\/de\\\/#\\\/schema\\\/logo\\\/image\\\/\"},\"sameAs\":[\"https:\\\/\\\/www.facebook.com\\\/visitteo\\\/\",\"https:\\\/\\\/x.com\\\/visitteo\",\"https:\\\/\\\/www.instagram.com\\\/visitteo\\\/\",\"https:\\\/\\\/www.pinterest.com\\\/visitteo\\\/pins\\\/\"]}]}<\/script>\n<!-- \/ Yoast SEO plugin. -->","yoast_head_json":{"title":"Nutzungsbedingungen - Visitteo","description":"Bitte lesen Sie diese Nutzungsbedingungen sorgf\u00e4ltig durch, bevor Sie \u00fcber diese Website auf Materialien, Informationen, Produkte oder Dienstleistungen zugreifen, diese verwenden oder diese erhalten.","robots":{"index":"index","follow":"follow","max-snippet":"max-snippet:-1","max-image-preview":"max-image-preview:large","max-video-preview":"max-video-preview:-1"},"canonical":"https:\/\/visitteo.com\/de\/nutzungsbedingungen\/","og_locale":"de_DE","og_type":"article","og_title":"Nutzungsbedingungen - Visitteo","og_description":"Bitte lesen Sie diese Nutzungsbedingungen sorgf\u00e4ltig durch, bevor Sie \u00fcber diese Website auf Materialien, Informationen, Produkte oder Dienstleistungen zugreifen, diese verwenden oder diese erhalten.","og_url":"https:\/\/visitteo.com\/de\/nutzungsbedingungen\/","og_site_name":"Visitteo","article_publisher":"https:\/\/www.facebook.com\/visitteo\/","article_modified_time":"2020-12-17T08:05:55+00:00","og_image":[{"width":1200,"height":630,"url":"https:\/\/visitteo.com\/wp-content\/uploads\/2022\/10\/share-1.jpg","type":"image\/jpeg"}],"twitter_card":"summary_large_image","twitter_site":"@visitteo","twitter_misc":{"Gesch\u00e4tzte Lesezeit":"7\u00a0Minuten"},"schema":{"@context":"https:\/\/schema.org","@graph":[{"@type":"WebPage","@id":"https:\/\/visitteo.com\/de\/nutzungsbedingungen\/","url":"https:\/\/visitteo.com\/de\/nutzungsbedingungen\/","name":"Nutzungsbedingungen - Visitteo","isPartOf":{"@id":"https:\/\/visitteo.com\/de\/#website"},"datePublished":"2017-04-25T09:48:54+00:00","dateModified":"2020-12-17T08:05:55+00:00","description":"Bitte lesen Sie diese Nutzungsbedingungen sorgf\u00e4ltig durch, bevor Sie \u00fcber diese Website auf Materialien, Informationen, Produkte oder Dienstleistungen zugreifen, diese verwenden oder diese erhalten.","breadcrumb":{"@id":"https:\/\/visitteo.com\/de\/nutzungsbedingungen\/#breadcrumb"},"inLanguage":"de","potentialAction":[{"@type":"ReadAction","target":["https:\/\/visitteo.com\/de\/nutzungsbedingungen\/"]}]},{"@type":"BreadcrumbList","@id":"https:\/\/visitteo.com\/de\/nutzungsbedingungen\/#breadcrumb","itemListElement":[{"@type":"ListItem","position":1,"name":"Homepage","item":"https:\/\/visitteo.com\/de\/"},{"@type":"ListItem","position":2,"name":"Nutzungsbedingungen"}]},{"@type":"WebSite","@id":"https:\/\/visitteo.com\/de\/#website","url":"https:\/\/visitteo.com\/de\/","name":"Visitteo","description":"Visitteo is a metasearch engine for car rental.","publisher":{"@id":"https:\/\/visitteo.com\/de\/#organization"},"potentialAction":[{"@type":"SearchAction","target":{"@type":"EntryPoint","urlTemplate":"https:\/\/visitteo.com\/de\/?s={search_term_string}"},"query-input":{"@type":"PropertyValueSpecification","valueRequired":true,"valueName":"search_term_string"}}],"inLanguage":"de"},{"@type":"Organization","@id":"https:\/\/visitteo.com\/de\/#organization","name":"Visitteo","url":"https:\/\/visitteo.com\/de\/","logo":{"@type":"ImageObject","inLanguage":"de","@id":"https:\/\/visitteo.com\/de\/#\/schema\/logo\/image\/","url":"https:\/\/visitteo.com\/wp-content\/uploads\/2024\/09\/organization_logo.png","contentUrl":"https:\/\/visitteo.com\/wp-content\/uploads\/2024\/09\/organization_logo.png","width":840,"height":840,"caption":"Visitteo"},"image":{"@id":"https:\/\/visitteo.com\/de\/#\/schema\/logo\/image\/"},"sameAs":["https:\/\/www.facebook.com\/visitteo\/","https:\/\/x.com\/visitteo","https:\/\/www.instagram.com\/visitteo\/","https:\/\/www.pinterest.com\/visitteo\/pins\/"]}]}},"_links":{"self":[{"href":"https:\/\/visitteo.com\/de\/wp-json\/wp\/v2\/pages\/850","targetHints":{"allow":["GET"]}}],"collection":[{"href":"https:\/\/visitteo.com\/de\/wp-json\/wp\/v2\/pages"}],"about":[{"href":"https:\/\/visitteo.com\/de\/wp-json\/wp\/v2\/types\/page"}],"author":[{"embeddable":true,"href":"https:\/\/visitteo.com\/de\/wp-json\/wp\/v2\/users\/5"}],"replies":[{"embeddable":true,"href":"https:\/\/visitteo.com\/de\/wp-json\/wp\/v2\/comments?post=850"}],"version-history":[{"count":0,"href":"https:\/\/visitteo.com\/de\/wp-json\/wp\/v2\/pages\/850\/revisions"}],"wp:attachment":[{"href":"https:\/\/visitteo.com\/de\/wp-json\/wp\/v2\/media?parent=850"}],"curies":[{"name":"wp","href":"https:\/\/api.w.org\/{rel}","templated":true}]}}