{"id":812,"date":"2017-04-25T13:00:59","date_gmt":"2017-04-25T11:00:59","guid":{"rendered":"https:\/\/visitteo.com\/privacy-policy\/"},"modified":"2020-12-15T10:50:01","modified_gmt":"2020-12-15T09:50:01","slug":"politica-de-privacidad","status":"publish","type":"page","link":"https:\/\/visitteo.com\/es\/politica-de-privacidad\/","title":{"rendered":"Pol\u00edtica de privacidad"},"content":{"rendered":"<p>Tenga en cuenta que las pr\u00e1cticas de Atlas LLC. (&#8220;Nosotros&#8221;, &#8220;nuestro&#8221; o &#8220;nos&#8221;), con respecto a la informaci\u00f3n personal, se rigen por esta Pol\u00edtica de privacidad, ya que la misma puede ser modificada de vez en cuando. Esta Pol\u00edtica de privacidad rige la informaci\u00f3n personal recopilada por nosotros a trav\u00e9s de este sitio web en <a href=\"https:\/\/visitteo.com\/es\/\" target=\"_blank\" rel=\"noopener noreferrer\">www.visitteo.com<\/a> (&#8220;Sitio web&#8221;).<\/p>\n<p>Esta Pol\u00edtica de privacidad describe las pr\u00e1cticas de Visitteo con respecto a la informaci\u00f3n y los datos de identificaci\u00f3n personal (&#8220;informaci\u00f3n personal&#8221;). Esta pol\u00edtica se aplica a nuestro sitio web (nuestro &#8220;Servicio&#8221;). Cuando lo usa, acepta los t\u00e9rminos de esta pol\u00edtica.<\/p>\n<p>Lea atentamente nuestra Pol\u00edtica de privacidad para comprender claramente c\u00f3mo recopilamos, usamos, protegemos o manejamos su Informaci\u00f3n de identificaci\u00f3n personal en nuestro sitio web.<\/p>\n<h5><strong>Que informaci\u00f3n personal recopilamos<\/strong><\/h5>\n<ul>\n<li>Podemos recopilar informaci\u00f3n que pueda identificarlo, como su nombre y direcci\u00f3n de correo electr\u00f3nico (&#8220;informaci\u00f3n personal&#8221;) y otra informaci\u00f3n que no lo identifique.<\/li>\n<li>La informaci\u00f3n que proporcionas. Para registrarse en Visitteo, se le pedir\u00e1 que inicie sesi\u00f3n con su inicio de sesi\u00f3n de Facebook o Google. Si lo hace, nos autoriza a acceder a cierta informaci\u00f3n de cuenta de Facebook y Google, como su perfil p\u00fablico de Facebook o Google (de acuerdo con su configuraci\u00f3n de privacidad en Facebook y Google).<\/li>\n<li>Podemos acceder a su direcci\u00f3n de correo electr\u00f3nico, intereses de relaci\u00f3n, fotos, me gusta, ciudad actual, fecha de nacimiento, intereses, historial educativo, g\u00e9nero, descripci\u00f3n personal y lista de amigos.<\/li>\n<li>Tambi\u00e9n puede proporcionarnos sus fotos, una descripci\u00f3n personal, una descripci\u00f3n de sus conocidos o amigos e informaci\u00f3n sobre su g\u00e9nero.<\/li>\n<li>Si chatea con nosotros a trav\u00e9s de redes sociales o correos electr\u00f3nicos, nos proporciona el contenido de sus chats, y si se comunica con nosotros con atenci\u00f3n al cliente u otras consultas, nos proporciona el contenido de esa comunicaci\u00f3n.<\/li>\n<li>Podemos recopilar informaci\u00f3n cuando nos env\u00eda alg\u00fan contenido (su historia de viaje e im\u00e1genes) a trav\u00e9s de las redes sociales.<\/li>\n<li>Otra informaci\u00f3n relevante para encuestas y \/ u ofertas de clientes.<\/li>\n<\/ul>\n<h5><strong>Que hacemos con la informaci\u00f3n que recopilamos<\/strong><\/h5>\n<p>Podemos utilizar la informaci\u00f3n que recopilamos de usted cuando se registra, responde a comunicaciones de marketing, navega por el sitio web o utiliza otras caracter\u00edsticas del sitio web de las siguientes maneras:<\/p>\n<ul>\n<li>Mejorar nuestros productos y servicios y administrar nuestro negocio.<\/li>\n<li>Para personalizar la experiencia del usuario y permitirnos ofrecer el tipo de contenido y ofertas de productos en los que est\u00e1 m\u00e1s interesado.<\/li>\n<li>Para mejorar nuestro sitio web para brindarle un mejor servicio.<\/li>\n<li>Podemos utilizar la informaci\u00f3n para an\u00e1lisis de sitios web.<\/li>\n<li>Para permitirnos brindarle un mejor servicio al responder a sus solicitudes de servicio al cliente.<\/li>\n<li>Es posible que enviemos peri\u00f3dicamente correos electr\u00f3nicos promocionales sobre nuevos productos, ofertas especiales u otra informaci\u00f3n que creemos que puede resultarle interesante utilizando la direcci\u00f3n de correo electr\u00f3nico que ha proporcionado.<\/li>\n<li>Si nos env\u00eda alg\u00fan contenido (su historia de viaje e im\u00e1genes) a trav\u00e9s de las redes sociales, podemos utilizar ese contenido para actividades de marketing en las redes sociales.<\/li>\n<li>Podemos utilizar la informaci\u00f3n para personalizar el sitio web de acuerdo con sus intereses.<\/li>\n<li>Supervise m\u00e9tricas como el n\u00famero total de visitantes y el tr\u00e1fico.<\/li>\n<\/ul>\n<h5><strong>Con quien compartimos tu informaci\u00f3n<\/strong><\/h5>\n<p>No venderemos, intercambiaremos, compartiremos ni transferiremos a terceros su informaci\u00f3n de identificaci\u00f3n personal. Podemos utilizar su informaci\u00f3n personal para enviarle informaci\u00f3n promocional sobre terceros que creemos que puede resultarle interesante si nos dice que desea que esto suceda.<\/p>\n<p>Visitteo tambi\u00e9n puede permitirle acceder a Google Maps. Tenga en cuenta que cuando utiliza Google Maps, est\u00e1 sujeto a las Condiciones de servicio de <a href=\"https:\/\/www.google.com\/intl\/en\/policies\/terms\/\" target=\"_blank\" rel=\"noopener noreferrer\">Google<\/a>, y sus derechos de privacidad se ven afectados por la Pol\u00edtica de privacidad de <a href=\"https:\/\/www.google.com\/policies\/privacy\/\" target=\"_blank\" rel=\"noopener noreferrer\">Google<\/a>, que Google actualiza peri\u00f3dicamente.<\/p>\n<h5><strong>Sitios web de terceros<\/strong><\/h5>\n<p>Al hacer clic en una oferta en nuestro sitio web, se le redirigir\u00e1 a un sitio web de terceros que no opera bajo esta Pol\u00edtica de privacidad, y se lo dirigir\u00e1 a un sitio web que no controlamos. Estos sitios web de terceros pueden recopilar informaci\u00f3n de usted de forma independiente, incluida informaci\u00f3n personal. Estos sitios web de terceros tienen pol\u00edticas de privacidad separadas e independientes. Por lo tanto, no tenemos ninguna responsabilidad por el contenido y las actividades de estos sitios web vinculados. A\u00fan as\u00ed, buscamos proteger la integridad de nuestro sitio web y agradecemos cualquier comentario sobre estos sitios web.<\/p>\n<p>Una vez que haya utilizado a un tercero para abandonar Visitteo, debe tener en cuenta que no tenemos ning\u00fan control sobre ese otro sitio web. Por lo tanto, no podemos ser responsables de la protecci\u00f3n y privacidad de la informaci\u00f3n que usted proporcione mientras visita dichos sitios web, y dichos sitios web no se rigen por esta declaraci\u00f3n de privacidad. Debe tener cuidado y consultar la declaraci\u00f3n de privacidad aplicable al sitio web en cuesti\u00f3n.<\/p>\n<h5><strong>C\u00f3mo protegemos su informaci\u00f3n personal<\/strong><\/h5>\n<p>La seguridad de su informaci\u00f3n personal es importante para nosotros, pero recuerde que ning\u00fan m\u00e9todo de transmisi\u00f3n a trav\u00e9s de Internet o m\u00e9todo de almacenamiento electr\u00f3nico es 100% seguro. Si bien nos esforzamos por utilizar medios comercialmente aceptables para proteger su informaci\u00f3n personal, no podemos garantizar su absoluta seguridad. Aunque tomamos medidas para proteger su informaci\u00f3n, no prometemos, y no debe esperar, que su informaci\u00f3n personal u otras comunicaciones siempre permanecer\u00e1n seguras.<\/p>\n<h5><strong>An\u00e1lisis de servicios<\/strong><\/h5>\n<p>Utilizamos proveedores de servicios de an\u00e1lisis de terceros (&#8220;Proveedores de an\u00e1lisis&#8221;), como Google Analytics, para recopilar informaci\u00f3n sobre el uso de este sitio web. Google Analytics recopila informaci\u00f3n como: con qu\u00e9 frecuencia los usuarios visitan este sitio web, qu\u00e9 p\u00e1ginas visitan cuando lo hacen y qu\u00e9 otros sitios web utilizaron antes de ingresar a este sitio web. Usamos la informaci\u00f3n que obtenemos de Google Analytics solo para mejorar este sitio web.<\/p>\n<p>La informaci\u00f3n generada por su navegador o dispositivo sobre su uso del Servicio ser\u00e1 transmitida y almacenada por Google Analytics. Google Analytics utilizar\u00e1 esta informaci\u00f3n para evaluar su uso del Servicio. Al utilizar el Servicio, usted acepta el procesamiento de sus datos por parte de Google Analytics en la forma y para los fines establecidos anteriormente. La capacidad de Google para usar y compartir su informaci\u00f3n recopilada sobre sus visitas a este sitio web est\u00e1 restringida por los T\u00e9rminos de uso de <a href=\"https:\/\/www.google.com\/analytics\/terms\/us.html\" target=\"_blank\" rel=\"noopener noreferrer\">Google Analytics<\/a> y la Pol\u00edtica de privacidad de <a href=\"https:\/\/www.google.com\/policies\/privacy\/\" target=\"_blank\" rel=\"noopener noreferrer\">Google<\/a>.<\/p>\n<h5><strong>Cambios a esta pol\u00edtica de privacidad<\/strong><\/h5>\n<p>Actualizaremos o cambiaremos nuestra Pol\u00edtica de privacidad de vez en cuando. Debe consultar esta Pol\u00edtica de privacidad peri\u00f3dicamente y asegurarse de que est\u00e1 satisfecho con los cambios. Su uso continuado de este Servicio despu\u00e9s de que publiquemos cualquier modificaci\u00f3n a la Pol\u00edtica de privacidad en esta p\u00e1gina constituir\u00e1 su reconocimiento de las modificaciones y su consentimiento para cumplir y estar sujeto a la Pol\u00edtica de privacidad modificada.<\/p>\n<p>Cuando publiquemos cambios en esta Pol\u00edtica de privacidad, revisaremos la fecha de &#8220;\u00faltima actualizaci\u00f3n&#8221; en la parte inferior de esta Pol\u00edtica de privacidad.<\/p>\n<h5><strong>Retenci\u00f3n de datos<\/strong><\/h5>\n<p>Atlas, LLC conservar\u00e1 sus Datos solo durante el tiempo que sea necesario para los fines establecidos en esta Pol\u00edtica de privacidad. Retendremos y usaremos sus Datos en la medida necesaria para cumplir con nuestras obligaciones legales (por ejemplo, si estamos obligados a retener sus datos para cumplir con las leyes aplicables), resolver disputas y hacer cumplir nuestros acuerdos y pol\u00edticas legales.<\/p>\n<p>Atlas, LLC tambi\u00e9n retendr\u00e1 los Datos de uso con fines de an\u00e1lisis interno. Los Datos de uso generalmente se conservan por un per\u00edodo m\u00e1s corto, excepto cuando estos datos se utilizan para fortalecer la seguridad o mejorar la funcionalidad de nuestro Servicio, o estamos legalmente obligados a retener estos datos por per\u00edodos m\u00e1s largos.<\/p>\n<h5><strong>\u00bfCu\u00e1l es el prop\u00f3sito de la recopilaci\u00f3n y uso de sus datos?<\/strong><\/h5>\n<p>Facilitarle informaci\u00f3n comparativa sobre las distintas webs de alojamientos vacacionales y hoteles, para poder ofrecerle la mejor selecci\u00f3n de alojamientos tur\u00edsticos al mejor precio. El env\u00edo de notificaciones de publicidad comercial a trav\u00e9s de correo electr\u00f3nico o las redes sociales sobre nuestros productos y \/ o servicios orientados al alojamiento durante sus vacaciones y otras actividades a realizar en este per\u00edodo. Fines anal\u00edticos, como medio de mejorar y potenciar el funcionamiento y los servicios prestados por Visitteo, realizando estudios de mercado y encuestas.<\/p>\n<h5><strong>Servicios de estad\u00edstica, an\u00e1lisis y marketing<\/strong><\/h5>\n<p>Utilizamos servicios de marketing, an\u00e1lisis y estad\u00edsticas de terceros. Esto nos permite optimizar nuestro sitio web y asegurarnos de que sea f\u00e1cil de usar. Los terceros utilizan cookies para prestar sus servicios (consulte la secci\u00f3n &#8220;Cookies&#8221;). A menos que se indique lo contrario a continuaci\u00f3n, sus datos no ser\u00e1n procesados.<\/p>\n<p>Algunos de los terceros le permiten oponerse directamente al uso del servicio correspondiente, p. Ej. estableciendo una cookie de exclusi\u00f3n voluntaria.<\/p>\n<p>Si elige hacerlo, el proveedor externo ya no procesar\u00e1 datos sobre su comportamiento de uso en el futuro. Tambi\u00e9n es posible oponerse selectivamente a servicios externos individuales. Si cambia de navegador o dispositivo final o elimina todas sus cookies, debe configurar la cookie de exclusi\u00f3n voluntaria nuevamente.<\/p>\n<h5><strong>Cont\u00e1ctenos<\/strong><\/h5>\n<p>Si tiene alguna pregunta sobre esta Pol\u00edtica de privacidad, comun\u00edquese con nosotros enviando un correo electr\u00f3nico a: <a href=\"mailto:info@visitteo.com\" target=\"_blank\" rel=\"noopener noreferrer\">info@visitteo.com<\/a><\/p>\n<p><em>\u00daltima actualizaci\u00f3n: 26 de octubre de 2020<\/em><\/p>\n<p>&nbsp;<\/p>\n","protected":false},"excerpt":{"rendered":"<p>Tenga en cuenta que las pr\u00e1cticas de Atlas LLC. (&#8220;Nosotros&#8221;, &#8220;nuestro&#8221; o &#8220;nos&#8221;), con respecto a la informaci\u00f3n personal, se rigen por esta Pol\u00edtica de privacidad, ya que la misma puede ser modificada de vez en cuando. Esta Pol\u00edtica de privacidad rige la informaci\u00f3n personal recopilada por nosotros a trav\u00e9s de este sitio web en [&hellip;]<\/p>\n","protected":false},"author":5,"featured_media":0,"parent":0,"menu_order":100,"comment_status":"closed","ping_status":"closed","template":"","meta":{"_acf_changed":false,"footnotes":""},"class_list":["post-812","page","type-page","status-publish","hentry"],"acf":[],"yoast_head":"<!-- This site is optimized with the Yoast SEO plugin v27.1.1 - https:\/\/yoast.com\/product\/yoast-seo-wordpress\/ -->\n<title>Pol\u00edtica de privacidad - Visitteo<\/title>\n<meta name=\"description\" content=\"Esta Pol\u00edtica de privacidad describe las pr\u00e1cticas de Visitteo con respecto a la informaci\u00f3n y los datos de identificaci\u00f3n personal (&quot;informaci\u00f3n personal&quot;).\" \/>\n<meta name=\"robots\" content=\"index, follow, max-snippet:-1, max-image-preview:large, max-video-preview:-1\" \/>\n<link rel=\"canonical\" href=\"https:\/\/visitteo.com\/es\/politica-de-privacidad\/\" \/>\n<meta property=\"og:locale\" content=\"es_ES\" \/>\n<meta property=\"og:type\" content=\"article\" \/>\n<meta property=\"og:title\" content=\"Pol\u00edtica de privacidad - Visitteo\" \/>\n<meta property=\"og:description\" content=\"Esta Pol\u00edtica de privacidad describe las pr\u00e1cticas de Visitteo con respecto a la informaci\u00f3n y los datos de identificaci\u00f3n personal (&quot;informaci\u00f3n personal&quot;).\" \/>\n<meta property=\"og:url\" content=\"https:\/\/visitteo.com\/es\/politica-de-privacidad\/\" \/>\n<meta property=\"og:site_name\" content=\"Visitteo\" \/>\n<meta property=\"article:publisher\" content=\"https:\/\/www.facebook.com\/visitteo\/\" \/>\n<meta property=\"article:modified_time\" content=\"2020-12-15T09:50:01+00:00\" \/>\n<meta property=\"og:image\" content=\"https:\/\/visitteo.com\/wp-content\/uploads\/2022\/10\/share-1.jpg\" \/>\n\t<meta property=\"og:image:width\" content=\"1200\" \/>\n\t<meta property=\"og:image:height\" content=\"630\" \/>\n\t<meta property=\"og:image:type\" content=\"image\/jpeg\" \/>\n<meta name=\"twitter:card\" content=\"summary_large_image\" \/>\n<meta name=\"twitter:site\" content=\"@visitteo\" \/>\n<meta name=\"twitter:label1\" content=\"Tiempo de lectura\" \/>\n\t<meta name=\"twitter:data1\" content=\"8 minutos\" \/>\n<script type=\"application\/ld+json\" class=\"yoast-schema-graph\">{\"@context\":\"https:\/\/schema.org\",\"@graph\":[{\"@type\":\"WebPage\",\"@id\":\"https:\/\/visitteo.com\/es\/politica-de-privacidad\/\",\"url\":\"https:\/\/visitteo.com\/es\/politica-de-privacidad\/\",\"name\":\"Pol\u00edtica de privacidad - Visitteo\",\"isPartOf\":{\"@id\":\"https:\/\/visitteo.com\/es\/#website\"},\"datePublished\":\"2017-04-25T11:00:59+00:00\",\"dateModified\":\"2020-12-15T09:50:01+00:00\",\"description\":\"Esta Pol\u00edtica de privacidad describe las pr\u00e1cticas de Visitteo con respecto a la informaci\u00f3n y los datos de identificaci\u00f3n personal (\\\"informaci\u00f3n personal\\\").\",\"breadcrumb\":{\"@id\":\"https:\/\/visitteo.com\/es\/politica-de-privacidad\/#breadcrumb\"},\"inLanguage\":\"es\",\"potentialAction\":[{\"@type\":\"ReadAction\",\"target\":[\"https:\/\/visitteo.com\/es\/politica-de-privacidad\/\"]}]},{\"@type\":\"BreadcrumbList\",\"@id\":\"https:\/\/visitteo.com\/es\/politica-de-privacidad\/#breadcrumb\",\"itemListElement\":[{\"@type\":\"ListItem\",\"position\":1,\"name\":\"Homepage\",\"item\":\"https:\/\/visitteo.com\/es\/\"},{\"@type\":\"ListItem\",\"position\":2,\"name\":\"Pol\u00edtica de privacidad\"}]},{\"@type\":\"WebSite\",\"@id\":\"https:\/\/visitteo.com\/es\/#website\",\"url\":\"https:\/\/visitteo.com\/es\/\",\"name\":\"Visitteo\",\"description\":\"Visitteo is a metasearch engine for car rental.\",\"publisher\":{\"@id\":\"https:\/\/visitteo.com\/es\/#organization\"},\"potentialAction\":[{\"@type\":\"SearchAction\",\"target\":{\"@type\":\"EntryPoint\",\"urlTemplate\":\"https:\/\/visitteo.com\/es\/?s={search_term_string}\"},\"query-input\":{\"@type\":\"PropertyValueSpecification\",\"valueRequired\":true,\"valueName\":\"search_term_string\"}}],\"inLanguage\":\"es\"},{\"@type\":\"Organization\",\"@id\":\"https:\/\/visitteo.com\/es\/#organization\",\"name\":\"Visitteo\",\"url\":\"https:\/\/visitteo.com\/es\/\",\"logo\":{\"@type\":\"ImageObject\",\"inLanguage\":\"es\",\"@id\":\"https:\/\/visitteo.com\/es\/#\/schema\/logo\/image\/\",\"url\":\"https:\/\/visitteo.com\/wp-content\/uploads\/2024\/09\/organization_logo.png\",\"contentUrl\":\"https:\/\/visitteo.com\/wp-content\/uploads\/2024\/09\/organization_logo.png\",\"width\":840,\"height\":840,\"caption\":\"Visitteo\"},\"image\":{\"@id\":\"https:\/\/visitteo.com\/es\/#\/schema\/logo\/image\/\"},\"sameAs\":[\"https:\/\/www.facebook.com\/visitteo\/\",\"https:\/\/x.com\/visitteo\",\"https:\/\/www.instagram.com\/visitteo\/\",\"https:\/\/www.pinterest.com\/visitteo\/pins\/\"]}]}<\/script>\n<!-- \/ Yoast SEO plugin. -->","yoast_head_json":{"title":"Pol\u00edtica de privacidad - Visitteo","description":"Esta Pol\u00edtica de privacidad describe las pr\u00e1cticas de Visitteo con respecto a la informaci\u00f3n y los datos de identificaci\u00f3n personal (\"informaci\u00f3n personal\").","robots":{"index":"index","follow":"follow","max-snippet":"max-snippet:-1","max-image-preview":"max-image-preview:large","max-video-preview":"max-video-preview:-1"},"canonical":"https:\/\/visitteo.com\/es\/politica-de-privacidad\/","og_locale":"es_ES","og_type":"article","og_title":"Pol\u00edtica de privacidad - Visitteo","og_description":"Esta Pol\u00edtica de privacidad describe las pr\u00e1cticas de Visitteo con respecto a la informaci\u00f3n y los datos de identificaci\u00f3n personal (\"informaci\u00f3n personal\").","og_url":"https:\/\/visitteo.com\/es\/politica-de-privacidad\/","og_site_name":"Visitteo","article_publisher":"https:\/\/www.facebook.com\/visitteo\/","article_modified_time":"2020-12-15T09:50:01+00:00","og_image":[{"width":1200,"height":630,"url":"https:\/\/visitteo.com\/wp-content\/uploads\/2022\/10\/share-1.jpg","type":"image\/jpeg"}],"twitter_card":"summary_large_image","twitter_site":"@visitteo","twitter_misc":{"Tiempo de lectura":"8 minutos"},"schema":{"@context":"https:\/\/schema.org","@graph":[{"@type":"WebPage","@id":"https:\/\/visitteo.com\/es\/politica-de-privacidad\/","url":"https:\/\/visitteo.com\/es\/politica-de-privacidad\/","name":"Pol\u00edtica de privacidad - Visitteo","isPartOf":{"@id":"https:\/\/visitteo.com\/es\/#website"},"datePublished":"2017-04-25T11:00:59+00:00","dateModified":"2020-12-15T09:50:01+00:00","description":"Esta Pol\u00edtica de privacidad describe las pr\u00e1cticas de Visitteo con respecto a la informaci\u00f3n y los datos de identificaci\u00f3n personal (\"informaci\u00f3n personal\").","breadcrumb":{"@id":"https:\/\/visitteo.com\/es\/politica-de-privacidad\/#breadcrumb"},"inLanguage":"es","potentialAction":[{"@type":"ReadAction","target":["https:\/\/visitteo.com\/es\/politica-de-privacidad\/"]}]},{"@type":"BreadcrumbList","@id":"https:\/\/visitteo.com\/es\/politica-de-privacidad\/#breadcrumb","itemListElement":[{"@type":"ListItem","position":1,"name":"Homepage","item":"https:\/\/visitteo.com\/es\/"},{"@type":"ListItem","position":2,"name":"Pol\u00edtica de privacidad"}]},{"@type":"WebSite","@id":"https:\/\/visitteo.com\/es\/#website","url":"https:\/\/visitteo.com\/es\/","name":"Visitteo","description":"Visitteo is a metasearch engine for car rental.","publisher":{"@id":"https:\/\/visitteo.com\/es\/#organization"},"potentialAction":[{"@type":"SearchAction","target":{"@type":"EntryPoint","urlTemplate":"https:\/\/visitteo.com\/es\/?s={search_term_string}"},"query-input":{"@type":"PropertyValueSpecification","valueRequired":true,"valueName":"search_term_string"}}],"inLanguage":"es"},{"@type":"Organization","@id":"https:\/\/visitteo.com\/es\/#organization","name":"Visitteo","url":"https:\/\/visitteo.com\/es\/","logo":{"@type":"ImageObject","inLanguage":"es","@id":"https:\/\/visitteo.com\/es\/#\/schema\/logo\/image\/","url":"https:\/\/visitteo.com\/wp-content\/uploads\/2024\/09\/organization_logo.png","contentUrl":"https:\/\/visitteo.com\/wp-content\/uploads\/2024\/09\/organization_logo.png","width":840,"height":840,"caption":"Visitteo"},"image":{"@id":"https:\/\/visitteo.com\/es\/#\/schema\/logo\/image\/"},"sameAs":["https:\/\/www.facebook.com\/visitteo\/","https:\/\/x.com\/visitteo","https:\/\/www.instagram.com\/visitteo\/","https:\/\/www.pinterest.com\/visitteo\/pins\/"]}]}},"_links":{"self":[{"href":"https:\/\/visitteo.com\/es\/wp-json\/wp\/v2\/pages\/812","targetHints":{"allow":["GET"]}}],"collection":[{"href":"https:\/\/visitteo.com\/es\/wp-json\/wp\/v2\/pages"}],"about":[{"href":"https:\/\/visitteo.com\/es\/wp-json\/wp\/v2\/types\/page"}],"author":[{"embeddable":true,"href":"https:\/\/visitteo.com\/es\/wp-json\/wp\/v2\/users\/5"}],"replies":[{"embeddable":true,"href":"https:\/\/visitteo.com\/es\/wp-json\/wp\/v2\/comments?post=812"}],"version-history":[{"count":0,"href":"https:\/\/visitteo.com\/es\/wp-json\/wp\/v2\/pages\/812\/revisions"}],"wp:attachment":[{"href":"https:\/\/visitteo.com\/es\/wp-json\/wp\/v2\/media?parent=812"}],"curies":[{"name":"wp","href":"https:\/\/api.w.org\/{rel}","templated":true}]}}