{"id":846,"date":"2017-04-25T11:48:54","date_gmt":"2017-04-25T09:48:54","guid":{"rendered":"https:\/\/visitteo.com\/terms-of-use\/"},"modified":"2021-01-04T10:10:43","modified_gmt":"2021-01-04T09:10:43","slug":"terminos-de-uso","status":"publish","type":"page","link":"https:\/\/visitteo.com\/es\/terminos-de-uso\/","title":{"rendered":"T\u00e9rminos de Uso"},"content":{"rendered":"<p>Lea estos T\u00e9rminos de uso detenidamente antes de acceder, usar u obtener cualquier material, informaci\u00f3n, productos o servicios a trav\u00e9s de este sitio web. Al acceder, usar u obtener cualquier contenido, datos, materiales, informaci\u00f3n, productos o servicios a trav\u00e9s del sitio web <a href=\"https:\/\/visitteo.com\/es\/\" target=\"_blank\" rel=\"noopener noreferrer\">www.visitteo.com<\/a> (el &#8220;Servicio&#8221;), usted acepta estar sujeto a estos t\u00e9rminos y condiciones (&#8220;T\u00e9rminos&#8221;, &#8220;Condiciones de servicio&#8221;) y nuestra <a href=\"https:\/\/visitteo.com\/es\/politica-de-privacidad\/\" target=\"_blank\" rel=\"noopener noreferrer\">Pol\u00edtica de privacidad<\/a>. Si no acepta todos estos T\u00e9rminos, no podr\u00e1 utilizar los Servicios. En estos T\u00e9rminos, &#8220;nosotros&#8221;, &#8220;nos&#8221;, &#8220;nuestro&#8221; se refiere a Atlas, LLC., Y &#8220;usted&#8221; o &#8220;su&#8221; se refiere a usted como el usuario de los Servicios.<\/p>\n<p>Su acceso y uso del Servicio est\u00e1 condicionado a su aceptaci\u00f3n y cumplimiento de estos T\u00e9rminos. Estos T\u00e9rminos se aplican a todos los visitantes, usuarios y otras personas que acceden o utilizan el Servicio. Estos t\u00e9rminos y condiciones rigen el uso de este sitio web. Al utilizar este sitio web, acepta estos t\u00e9rminos y condiciones en su totalidad. Al acceder o utilizar el Servicio, acepta estar sujeto a estos T\u00e9rminos.<\/p>\n<p>Si no est\u00e1 de acuerdo con alguna parte de los t\u00e9rminos, no podr\u00e1 acceder al Servicio. Lea estos t\u00e9rminos y condiciones de uso detenidamente antes de utilizar u obtener cualquier material, informaci\u00f3n, productos o servicios a trav\u00e9s de este sitio web. Tambi\u00e9n debe leer la <a href=\"https:\/\/visitteo.com\/es\/politica-de-privacidad\/\" target=\"_blank\" rel=\"noopener noreferrer\">Pol\u00edtica de privacidad<\/a> de Visitteo, que se incorpora como referencia en este Acuerdo y est\u00e1 disponible en el Servicio. Si no acepta y acepta estar sujeto a todos los t\u00e9rminos de este Acuerdo, incluida la <a href=\"https:\/\/visitteo.com\/es\/politica-de-privacidad\/\" target=\"_blank\" rel=\"noopener noreferrer\">Pol\u00edtica de privacidad<\/a> de Visitteo, no utilice el Servicio.<\/p>\n<h5><strong>Uso aceptable<\/strong><\/h5>\n<p>A menos que se indique lo contrario, Visitteo posee los derechos de propiedad intelectual en el sitio web y el material en el sitio web. Todos estos derechos de propiedad intelectual est\u00e1n reservados. Puede ver, descargar solo con fines de almacenamiento en cach\u00e9 e imprimir p\u00e1ginas u otro contenido del sitio web para su uso personal, sujeto a las restricciones establecidas a continuaci\u00f3n y en otras partes de estos t\u00e9rminos y condiciones.<\/p>\n<p>Adem\u00e1s, acepta que no debe:<\/p>\n<ul>\n<li>Usar este sitio web de cualquier manera que cause, o pueda causar, da\u00f1o al sitio web o deterioro de la disponibilidad o accesibilidad del sitio web, o de cualquier manera que sea ilegal, ilegal, fraudulenta o da\u00f1ina, o en relaci\u00f3n con cualquier ilegal, ilegal , prop\u00f3sito o actividad fraudulenta o da\u00f1ina.<\/li>\n<li>Utilice este sitio web para copiar, almacenar, alojar, transmitir, enviar, usar, publicar o distribuir cualquier material que consista en (o est\u00e9 vinculado a) cualquier software esp\u00eda, un virus inform\u00e1tico. Caballo de Troya, gusano, registrador de pulsaciones de teclas u otro software inform\u00e1tico malintencionado.<\/li>\n<li>Llevar a cabo cualquier actividad de recopilaci\u00f3n de datos sistem\u00e1tica o automatizada (incluido, entre otros, raspado, extracci\u00f3n de datos, extracci\u00f3n de datos y recopilaci\u00f3n de datos) en o en relaci\u00f3n con este sitio web sin el consentimiento expreso por escrito de Visiteeo.<\/li>\n<li>Usar cualquier dispositivo, software o rutina que interfiera o intente interferir con el funcionamiento normal de nuestro sitio web o tomar cualquier acci\u00f3n que imponga una carga irrazonable en nuestra computadora o equipo de red.<\/li>\n<li>Utilice este sitio web para cualquier prop\u00f3sito relacionado con el marketing sin el consentimiento expreso por escrito de Visiteeo.<\/li>\n<li>Utilice este sitio web para transmitir o enviar comunicaciones comerciales no solicitadas.<\/li>\n<li>Publicar o distribuir cualquier material en nuestro sitio web que viole los derechos de terceros.<\/li>\n<li>Volver a publicar material de este sitio web (incluida la republicaci\u00f3n en otro sitio web).<\/li>\n<li>Reproducir, duplicar, copiar o explotar material de este sitio web con fines comerciales.<\/li>\n<li>Vender, alquilar o sublicenciar material del sitio web.<\/li>\n<li>Muestre cualquier material del sitio web en p\u00fablico.<\/li>\n<li>Editar o modificar cualquier material en el sitio web.<\/li>\n<li>Redistribuir material de este sitio web.<\/li>\n<li>Utilice nuestro sitio web para recopilar o almacenar datos personales sobre otros.<\/li>\n<\/ul>\n<h5><strong>Enlaces a otros sitios web<\/strong><\/h5>\n<p>Nuestro Servicio puede contener enlaces a sitios web o servicios de terceros que no son propiedad ni est\u00e1n controlados por Visitteo. Usted acepta que Visitteo no es responsable de la precisi\u00f3n o integridad de la informaci\u00f3n que pueda recibir de estos otros sitios web. El uso de cualquier otro sitio web al que se acceda a trav\u00e9s de nuestro sitio web es bajo su propio riesgo. Visitteo no tiene control ni asume ninguna responsabilidad por el contenido, las pol\u00edticas de privacidad o las pr\u00e1cticas de sitios web o servicios de terceros. Adem\u00e1s, reconoce y acepta que Visitteo no ser\u00e1 responsable, directa o indirectamente, de ning\u00fan da\u00f1o o p\u00e9rdida causados, supuestamente causados \u200b\u200bpor, en relaci\u00f3n con el uso o la dependencia de dicho contenido, bienes o servicios disponibles en oa trav\u00e9s de dichos sitios web o servicios.<\/p>\n<p>Le recomendamos encarecidamente que lea los t\u00e9rminos y condiciones y las pol\u00edticas de privacidad de los sitios web o servicios de terceros que visite.<\/p>\n<h5><strong>Descargos de responsabilidad<\/strong><\/h5>\n<p>La informaci\u00f3n contenida en este sitio web es solo para fines de informaci\u00f3n general. Visitteo proporciona la informaci\u00f3n y, aunque nos esforzamos por mantener la informaci\u00f3n actualizada y correcta, no realizamos declaraciones ni garant\u00edas de ning\u00fan tipo, expresas o impl\u00edcitas, sobre la integridad, precisi\u00f3n, fiabilidad, idoneidad o disponibilidad con respecto a la sitio web o la informaci\u00f3n, productos, servicios o gr\u00e1ficos relacionados contenidos en el sitio web para cualquier prop\u00f3sito. Por lo tanto, cualquier confianza que deposite en dicha informaci\u00f3n es estrictamente bajo su propio riesgo.<\/p>\n<p>En ning\u00fan caso seremos responsables de cualquier p\u00e9rdida, da\u00f1o, lesi\u00f3n personal o muerte, incluidos, entre otros, p\u00e9rdidas o da\u00f1os indirectos o consecuentes, o cualquier p\u00e9rdida o da\u00f1o que surja de la p\u00e9rdida de datos o ganancias que surjan de, o en conexi\u00f3n con el uso de este sitio web. A trav\u00e9s de este sitio web, puede vincular a otros sitios web que no est\u00e1n bajo el control de Visitteo.<\/p>\n<p>No tenemos control sobre la naturaleza, el contenido y la disponibilidad de esos sitios web. Visitteo no asume ninguna responsabilidad por los anuncios de terceros que se publiquen en, a trav\u00e9s o en relaci\u00f3n con los Servicios, ni asume ninguna responsabilidad por los bienes o servicios proporcionados por estos terceros. La inclusi\u00f3n de cualquier enlace no implica necesariamente una recomendaci\u00f3n ni respalda las opiniones expresadas en ellos. Se hace todo lo posible para mantener el sitio web en funcionamiento sin problemas. Sin embargo, Visitteo no se responsabiliza ni ser\u00e1 responsable de que el sitio web no est\u00e9 disponible temporalmente debido a problemas t\u00e9cnicos fuera de nuestro control.<\/p>\n<h5><strong>Limitaci\u00f3n de responsabilidad<\/strong><\/h5>\n<p>El uso que haga de cualquier informaci\u00f3n o material en este sitio web es bajo su propio riesgo, por lo que no seremos responsables. Ser\u00e1 su responsabilidad asegurarse de que cualquier producto, servicio o informaci\u00f3n disponible a trav\u00e9s de este sitio web cumpla con sus requisitos espec\u00edficos.<\/p>\n<p>Adem\u00e1s, Visitteo no ser\u00e1 responsable por:<\/p>\n<ul>\n<li>El uso que haga de cualquier informaci\u00f3n o material en este sitio web es bajo su propio riesgo, por lo que no seremos responsables. Ser\u00e1 su responsabilidad asegurarse de que cualquier producto, servicio o informaci\u00f3n disponible a trav\u00e9s de este sitio web cumpla con sus requisitos espec\u00edficos.<\/li>\n<li>Usted o cualquier tercero por cualquier da\u00f1o indirecto, consecuente, ejemplar, incidental, especial o punitivo, incluidos, entre otros, los da\u00f1os por lucro cesante que surjan de su uso de los servicios.<\/li>\n<li>Cualquier da\u00f1o o virus que pueda infectar su equipo inform\u00e1tico u otra propiedad como resultado de su acceso al Servicio.<\/li>\n<li>Por cualquier lesi\u00f3n, muerte, p\u00e9rdida, reclamo, caso fortuito, accidente, demora o cualquier da\u00f1o directo, especial, ejemplar, punitivo, indirecto, incidental o consecuente de cualquier tipo. Incluyendo sin limitaci\u00f3n la p\u00e9rdida de beneficios o ahorros.<\/li>\n<li>La realizaci\u00f3n del alojamiento reservado a trav\u00e9s de cualquier sitio web de terceros al que se refiera Visitteo. Lea los t\u00e9rminos y condiciones del proveedor en el momento de la reserva.<\/li>\n<li>El contenido publicado en cualquier sitio web de terceros vinculado desde Visitteo.<\/li>\n<li>El desempe\u00f1o o incumplimiento por parte nuestra o de cualquier proveedor.<\/li>\n<\/ul>\n<h5><strong>Propiedad intelectual<\/strong><\/h5>\n<p>El Servicio y su contenido, caracter\u00edsticas y funcionalidad originales son y seguir\u00e1n siendo propiedad exclusiva de Atlas, LLC y sus licenciantes. El Servicio est\u00e1 protegido por derechos de autor, marcas comerciales y otras leyes de pa\u00edses europeos y extranjeros. Nuestras marcas comerciales e imagen comercial no se pueden utilizar en relaci\u00f3n con ning\u00fan producto o servicio sin el consentimiento previo por escrito de Atlas, LLC.<\/p>\n<h5><strong>Tu privacidad<\/strong><\/h5>\n<p>El uso de nuestro sitio web est\u00e1 sujeto a nuestra <a href=\"https:\/\/visitteo.com\/es\/politica-de-privacidad\/\" target=\"_blank\" rel=\"noopener noreferrer\">Pol\u00edtica de privacidad<\/a>, que se incorpora a este Acuerdo mediante esta referencia. Al utilizar nuestro sitio web, usted acepta el uso de su informaci\u00f3n como especificamos en nuestra <a href=\"https:\/\/visitteo.com\/es\/politica-de-privacidad\/\" target=\"_blank\" rel=\"noopener noreferrer\">Pol\u00edtica de privacidad<\/a>.<\/p>\n<h5><strong>Cambios<\/strong><\/h5>\n<p>Nos reservamos el derecho de modificar o reemplazar estos T\u00e9rminos en cualquier momento. Cuando publiquemos cambios en estos T\u00e9rminos de uso, revisaremos la fecha de &#8220;\u00faltima actualizaci\u00f3n&#8221; al final de estos T\u00e9rminos de uso. Al continuar accediendo o utilizando nuestro Servicio despu\u00e9s de que esas revisiones entren en vigencia, usted acepta estar sujeto a los t\u00e9rminos revisados. Si no est\u00e1 de acuerdo con los nuevos t\u00e9rminos, deje de usar el Servicio.<\/p>\n<h5><strong>Cont\u00e1ctenos<\/strong><\/h5>\n<p>Si tiene alguna pregunta sobre estos T\u00e9rminos de uso, comun\u00edquese con nosotros enviando un correo electr\u00f3nico a: <a href=\"mailto:info@visitteo.com\" target=\"_blank\" rel=\"noopener noreferrer\">info@visitteo.com<\/a><\/p>\n<p><em>\u00daltima actualizaci\u00f3n: 25 de octubre de 2020<\/em><\/p>\n","protected":false},"excerpt":{"rendered":"<p>Lea estos T\u00e9rminos de uso detenidamente antes de acceder, usar u obtener cualquier material, informaci\u00f3n, productos o servicios a trav\u00e9s de este sitio web. Al acceder, usar u obtener cualquier contenido, datos, materiales, informaci\u00f3n, productos o servicios a trav\u00e9s del sitio web www.visitteo.com (el &#8220;Servicio&#8221;), usted acepta estar sujeto a estos t\u00e9rminos y condiciones (&#8220;T\u00e9rminos&#8221;, [&hellip;]<\/p>\n","protected":false},"author":5,"featured_media":0,"parent":0,"menu_order":101,"comment_status":"closed","ping_status":"closed","template":"","meta":{"_acf_changed":false,"footnotes":""},"class_list":["post-846","page","type-page","status-publish","hentry"],"acf":[],"yoast_head":"<!-- This site is optimized with the Yoast SEO plugin v27.3 - https:\/\/yoast.com\/product\/yoast-seo-wordpress\/ -->\n<title>T\u00e9rminos de Uso - Visitteo<\/title>\n<meta name=\"description\" content=\"Lea estos T\u00e9rminos de uso (&quot;T\u00e9rminos&quot;, &quot;T\u00e9rminos de servicio&quot;) detenidamente antes de utilizar el sitio web www.visitteo.com (el &quot;Servicio&quot;).\" \/>\n<meta name=\"robots\" content=\"index, follow, max-snippet:-1, max-image-preview:large, max-video-preview:-1\" \/>\n<link rel=\"canonical\" href=\"https:\/\/visitteo.com\/es\/terminos-de-uso\/\" \/>\n<meta property=\"og:locale\" content=\"es_ES\" \/>\n<meta property=\"og:type\" content=\"article\" \/>\n<meta property=\"og:title\" content=\"T\u00e9rminos de Uso - Visitteo\" \/>\n<meta property=\"og:description\" content=\"Lea estos T\u00e9rminos de uso (&quot;T\u00e9rminos&quot;, &quot;T\u00e9rminos de servicio&quot;) detenidamente antes de utilizar el sitio web www.visitteo.com (el &quot;Servicio&quot;).\" \/>\n<meta property=\"og:url\" content=\"https:\/\/visitteo.com\/es\/terminos-de-uso\/\" \/>\n<meta property=\"og:site_name\" content=\"Visitteo\" \/>\n<meta property=\"article:publisher\" content=\"https:\/\/www.facebook.com\/visitteo\/\" \/>\n<meta property=\"article:modified_time\" content=\"2021-01-04T09:10:43+00:00\" \/>\n<meta property=\"og:image\" content=\"https:\/\/visitteo.com\/wp-content\/uploads\/2022\/10\/share-1.jpg\" \/>\n\t<meta property=\"og:image:width\" content=\"1200\" \/>\n\t<meta property=\"og:image:height\" content=\"630\" \/>\n\t<meta property=\"og:image:type\" content=\"image\/jpeg\" \/>\n<meta name=\"twitter:card\" content=\"summary_large_image\" \/>\n<meta name=\"twitter:site\" content=\"@visitteo\" \/>\n<meta name=\"twitter:label1\" content=\"Tiempo de lectura\" \/>\n\t<meta name=\"twitter:data1\" content=\"8 minutos\" \/>\n<script type=\"application\/ld+json\" class=\"yoast-schema-graph\">{\"@context\":\"https:\\\/\\\/schema.org\",\"@graph\":[{\"@type\":\"WebPage\",\"@id\":\"https:\\\/\\\/visitteo.com\\\/es\\\/terminos-de-uso\\\/\",\"url\":\"https:\\\/\\\/visitteo.com\\\/es\\\/terminos-de-uso\\\/\",\"name\":\"T\u00e9rminos de Uso - Visitteo\",\"isPartOf\":{\"@id\":\"https:\\\/\\\/visitteo.com\\\/es\\\/#website\"},\"datePublished\":\"2017-04-25T09:48:54+00:00\",\"dateModified\":\"2021-01-04T09:10:43+00:00\",\"description\":\"Lea estos T\u00e9rminos de uso (\\\"T\u00e9rminos\\\", \\\"T\u00e9rminos de servicio\\\") detenidamente antes de utilizar el sitio web www.visitteo.com (el \\\"Servicio\\\").\",\"breadcrumb\":{\"@id\":\"https:\\\/\\\/visitteo.com\\\/es\\\/terminos-de-uso\\\/#breadcrumb\"},\"inLanguage\":\"es\",\"potentialAction\":[{\"@type\":\"ReadAction\",\"target\":[\"https:\\\/\\\/visitteo.com\\\/es\\\/terminos-de-uso\\\/\"]}]},{\"@type\":\"BreadcrumbList\",\"@id\":\"https:\\\/\\\/visitteo.com\\\/es\\\/terminos-de-uso\\\/#breadcrumb\",\"itemListElement\":[{\"@type\":\"ListItem\",\"position\":1,\"name\":\"Homepage\",\"item\":\"https:\\\/\\\/visitteo.com\\\/es\\\/\"},{\"@type\":\"ListItem\",\"position\":2,\"name\":\"T\u00e9rminos de Uso\"}]},{\"@type\":\"WebSite\",\"@id\":\"https:\\\/\\\/visitteo.com\\\/es\\\/#website\",\"url\":\"https:\\\/\\\/visitteo.com\\\/es\\\/\",\"name\":\"Visitteo\",\"description\":\"Visitteo is a metasearch engine for car rental.\",\"publisher\":{\"@id\":\"https:\\\/\\\/visitteo.com\\\/es\\\/#organization\"},\"potentialAction\":[{\"@type\":\"SearchAction\",\"target\":{\"@type\":\"EntryPoint\",\"urlTemplate\":\"https:\\\/\\\/visitteo.com\\\/es\\\/?s={search_term_string}\"},\"query-input\":{\"@type\":\"PropertyValueSpecification\",\"valueRequired\":true,\"valueName\":\"search_term_string\"}}],\"inLanguage\":\"es\"},{\"@type\":\"Organization\",\"@id\":\"https:\\\/\\\/visitteo.com\\\/es\\\/#organization\",\"name\":\"Visitteo\",\"url\":\"https:\\\/\\\/visitteo.com\\\/es\\\/\",\"logo\":{\"@type\":\"ImageObject\",\"inLanguage\":\"es\",\"@id\":\"https:\\\/\\\/visitteo.com\\\/es\\\/#\\\/schema\\\/logo\\\/image\\\/\",\"url\":\"https:\\\/\\\/visitteo.com\\\/wp-content\\\/uploads\\\/2024\\\/09\\\/organization_logo.png\",\"contentUrl\":\"https:\\\/\\\/visitteo.com\\\/wp-content\\\/uploads\\\/2024\\\/09\\\/organization_logo.png\",\"width\":840,\"height\":840,\"caption\":\"Visitteo\"},\"image\":{\"@id\":\"https:\\\/\\\/visitteo.com\\\/es\\\/#\\\/schema\\\/logo\\\/image\\\/\"},\"sameAs\":[\"https:\\\/\\\/www.facebook.com\\\/visitteo\\\/\",\"https:\\\/\\\/x.com\\\/visitteo\",\"https:\\\/\\\/www.instagram.com\\\/visitteo\\\/\",\"https:\\\/\\\/www.pinterest.com\\\/visitteo\\\/pins\\\/\"]}]}<\/script>\n<!-- \/ Yoast SEO plugin. -->","yoast_head_json":{"title":"T\u00e9rminos de Uso - Visitteo","description":"Lea estos T\u00e9rminos de uso (\"T\u00e9rminos\", \"T\u00e9rminos de servicio\") detenidamente antes de utilizar el sitio web www.visitteo.com (el \"Servicio\").","robots":{"index":"index","follow":"follow","max-snippet":"max-snippet:-1","max-image-preview":"max-image-preview:large","max-video-preview":"max-video-preview:-1"},"canonical":"https:\/\/visitteo.com\/es\/terminos-de-uso\/","og_locale":"es_ES","og_type":"article","og_title":"T\u00e9rminos de Uso - Visitteo","og_description":"Lea estos T\u00e9rminos de uso (\"T\u00e9rminos\", \"T\u00e9rminos de servicio\") detenidamente antes de utilizar el sitio web www.visitteo.com (el \"Servicio\").","og_url":"https:\/\/visitteo.com\/es\/terminos-de-uso\/","og_site_name":"Visitteo","article_publisher":"https:\/\/www.facebook.com\/visitteo\/","article_modified_time":"2021-01-04T09:10:43+00:00","og_image":[{"width":1200,"height":630,"url":"https:\/\/visitteo.com\/wp-content\/uploads\/2022\/10\/share-1.jpg","type":"image\/jpeg"}],"twitter_card":"summary_large_image","twitter_site":"@visitteo","twitter_misc":{"Tiempo de lectura":"8 minutos"},"schema":{"@context":"https:\/\/schema.org","@graph":[{"@type":"WebPage","@id":"https:\/\/visitteo.com\/es\/terminos-de-uso\/","url":"https:\/\/visitteo.com\/es\/terminos-de-uso\/","name":"T\u00e9rminos de Uso - Visitteo","isPartOf":{"@id":"https:\/\/visitteo.com\/es\/#website"},"datePublished":"2017-04-25T09:48:54+00:00","dateModified":"2021-01-04T09:10:43+00:00","description":"Lea estos T\u00e9rminos de uso (\"T\u00e9rminos\", \"T\u00e9rminos de servicio\") detenidamente antes de utilizar el sitio web www.visitteo.com (el \"Servicio\").","breadcrumb":{"@id":"https:\/\/visitteo.com\/es\/terminos-de-uso\/#breadcrumb"},"inLanguage":"es","potentialAction":[{"@type":"ReadAction","target":["https:\/\/visitteo.com\/es\/terminos-de-uso\/"]}]},{"@type":"BreadcrumbList","@id":"https:\/\/visitteo.com\/es\/terminos-de-uso\/#breadcrumb","itemListElement":[{"@type":"ListItem","position":1,"name":"Homepage","item":"https:\/\/visitteo.com\/es\/"},{"@type":"ListItem","position":2,"name":"T\u00e9rminos de Uso"}]},{"@type":"WebSite","@id":"https:\/\/visitteo.com\/es\/#website","url":"https:\/\/visitteo.com\/es\/","name":"Visitteo","description":"Visitteo is a metasearch engine for car rental.","publisher":{"@id":"https:\/\/visitteo.com\/es\/#organization"},"potentialAction":[{"@type":"SearchAction","target":{"@type":"EntryPoint","urlTemplate":"https:\/\/visitteo.com\/es\/?s={search_term_string}"},"query-input":{"@type":"PropertyValueSpecification","valueRequired":true,"valueName":"search_term_string"}}],"inLanguage":"es"},{"@type":"Organization","@id":"https:\/\/visitteo.com\/es\/#organization","name":"Visitteo","url":"https:\/\/visitteo.com\/es\/","logo":{"@type":"ImageObject","inLanguage":"es","@id":"https:\/\/visitteo.com\/es\/#\/schema\/logo\/image\/","url":"https:\/\/visitteo.com\/wp-content\/uploads\/2024\/09\/organization_logo.png","contentUrl":"https:\/\/visitteo.com\/wp-content\/uploads\/2024\/09\/organization_logo.png","width":840,"height":840,"caption":"Visitteo"},"image":{"@id":"https:\/\/visitteo.com\/es\/#\/schema\/logo\/image\/"},"sameAs":["https:\/\/www.facebook.com\/visitteo\/","https:\/\/x.com\/visitteo","https:\/\/www.instagram.com\/visitteo\/","https:\/\/www.pinterest.com\/visitteo\/pins\/"]}]}},"_links":{"self":[{"href":"https:\/\/visitteo.com\/es\/wp-json\/wp\/v2\/pages\/846","targetHints":{"allow":["GET"]}}],"collection":[{"href":"https:\/\/visitteo.com\/es\/wp-json\/wp\/v2\/pages"}],"about":[{"href":"https:\/\/visitteo.com\/es\/wp-json\/wp\/v2\/types\/page"}],"author":[{"embeddable":true,"href":"https:\/\/visitteo.com\/es\/wp-json\/wp\/v2\/users\/5"}],"replies":[{"embeddable":true,"href":"https:\/\/visitteo.com\/es\/wp-json\/wp\/v2\/comments?post=846"}],"version-history":[{"count":0,"href":"https:\/\/visitteo.com\/es\/wp-json\/wp\/v2\/pages\/846\/revisions"}],"wp:attachment":[{"href":"https:\/\/visitteo.com\/es\/wp-json\/wp\/v2\/media?parent=846"}],"curies":[{"name":"wp","href":"https:\/\/api.w.org\/{rel}","templated":true}]}}