{"id":5160,"date":"2020-10-20T12:48:03","date_gmt":"2020-10-20T10:48:03","guid":{"rendered":"https:\/\/visitteo.com\/cookies\/"},"modified":"2021-01-06T08:52:58","modified_gmt":"2021-01-06T07:52:58","slug":"cookies","status":"publish","type":"page","link":"https:\/\/visitteo.com\/fr\/cookies\/","title":{"rendered":"Cookies"},"content":{"rendered":"<p>Atlas LLC. (\u00abNous\u00bb, \u00abnotre\u00bb ou \u00abnotre\u00bb) utilise des cookies sur le site <a href=\"https:\/\/visitteo.com\/fr\/\" target=\"_blank\" rel=\"noopener noreferrer\">www.visitteo.com<\/a> (le \u00abService\u00bb). En utilisant le Service, vous consentez \u00e0 l&#8217;utilisation de cookies.<\/p>\n<p>Comme presque tous les sites Web, nous utilisons des cookies. Nous voulons nous assurer que votre visite sur notre site Web est fluide, fiable et aussi utile que possible. Nous vous informons de notre utilisation des cookies lors de votre premi\u00e8re visite sur notre site Internet via une banni\u00e8re de notification en bas de page. Notre politique de cookies explique ce que sont les cookies, comment nous utilisons les cookies, comment des tiers avec lesquels nous pouvons nous associer utilisent des cookies sur le Service, vos choix en mati\u00e8re de cookies et d&#8217;autres informations sur les cookies. En continuant \u00e0 utiliser le site Web, vous acceptez notre utilisation des cookies.<\/p>\n<h5><strong>Que sont les cookies?<\/strong><\/h5>\n<p>Un cookie est un petit fichier texte unique qu&#8217;un site Web peut envoyer \u00e0 votre ordinateur lorsque vous visitez un site Web. La plupart des navigateurs Web peuvent soit vous avertir de l&#8217;utilisation de cookies, soit refuser enti\u00e8rement les cookies. Si vous ne souhaitez pas que nous d\u00e9ployions des cookies sur votre navigateur, vous pouvez configurer votre navigateur pour refuser les cookies ou pour vous avertir lorsqu&#8217;un site Web tente de placer un cookie sur votre ordinateur. Le rejet des cookies peut affecter votre capacit\u00e9 \u00e0 utiliser le site Web. Ils sont stock\u00e9s par votre navigateur Internet. Les cookies contiennent des informations de base sur votre utilisation d&#8217;Internet, mais ils ne vous identifient normalement pas personnellement. Votre navigateur renvoie ces cookies au site Web chaque fois que vous le visitez \u00e0 nouveau, afin qu&#8217;il puisse reconna\u00eetre votre ordinateur ou appareil mobile et personnaliser et am\u00e9liorer votre exp\u00e9rience sur le site Web.<\/p>\n<h5><strong>Comment Visitteo utilise les cookies?<\/strong><\/h5>\n<p>Nous utilisons les informations recueillies \u00e0 partir des cookies pour am\u00e9liorer votre exp\u00e9rience sur notre site Web, pour des raisons de s\u00e9curit\u00e9 et pour personnaliser le contenu et la publicit\u00e9. Par exemple, ils nous aident \u00e0 identifier et personnaliser l&#8217;exp\u00e9rience pour vous, ou \u00e0 d\u00e9terminer les produits connexes les plus pertinents \u00e0 vous montrer lorsque vous naviguez.<\/p>\n<p>Nous pouvons collecter automatiquement des informations lorsque vous naviguez, telles que le fournisseur d&#8217;acc\u00e8s Internet, le type et la version du navigateur, le syst\u00e8me d&#8217;exploitation et le type d&#8217;appareil, le temps moyen pass\u00e9 sur notre site Web, les pages consult\u00e9es, les informations consult\u00e9es. Ces informations sont parfois appel\u00e9es analyses Web et \/ ou donn\u00e9es de flux de clics.<\/p>\n<p>Nous pouvons combiner ces informations collect\u00e9es automatiquement avec d&#8217;autres informations que nous collectons \u00e0 votre sujet. Nous faisons cela pour am\u00e9liorer les services que nous vous proposons, pour am\u00e9liorer le marketing, l&#8217;analyse et fournir les fonctionnalit\u00e9s du site.<\/p>\n<p>Nous pouvons \u00e9galement utiliser les informations que nous obtenons gr\u00e2ce \u00e0 votre utilisation de nos cookies aux fins suivantes:<\/p>\n<ul>\n<li>Pour personnaliser le site Web pour vous, y compris en ciblant les publicit\u00e9s qui peuvent vous int\u00e9resser particuli\u00e8rement<\/li>\n<li>Pour vous suivre lorsque vous naviguez sur le site Web et pour permettre l&#8217;utilisation de toutes les installations de commerce \u00e9lectronique<\/li>\n<li>Pour am\u00e9liorer la convivialit\u00e9 du site Web<\/li>\n<li>Pour activer certaines fonctions du site Web<\/li>\n<li>Pour reconna\u00eetre votre ordinateur lorsque vous visitez le site Web<\/li>\n<li>Pour stocker vos pr\u00e9f\u00e9rences<\/li>\n<li>Pour analyser l&#8217;utilisation du site Web<\/li>\n<\/ul>\n<h5><strong>Cookies tiers<\/strong><\/h5>\n<p>En plus de nos propres cookies, nous pouvons \u00e9galement utiliser divers cookies tiers pour rapporter des statistiques d&#8217;utilisation du site Web et diffuser des publicit\u00e9s. Les cookies tiers sont des cookies sur notre site Web qui proviennent de diff\u00e9rents domaines. Contrairement aux cookies propri\u00e9taires (nos cookies), les cookies tiers sont cr\u00e9\u00e9s par d&#8217;autres sites Web que celui que vous visitez actuellement. Le but de ces cookies est de suivre vos habitudes de navigation.<\/p>\n<p>Nous utilisons des cookies servis par des tiers pour am\u00e9liorer notre service, personnaliser votre exp\u00e9rience et comprendre comment notre site Web est utilis\u00e9. Nous utilisons \u00e9galement des cookies pour rendre notre publicit\u00e9 sur d&#8217;autres sites Web plus pertinente. Comme d\u00e9crit dans notre politique de confidentialit\u00e9, nous pouvons combiner des donn\u00e9es collect\u00e9es \u00e0 votre sujet \u00e0 partir d&#8217;autres sources avec des donn\u00e9es collect\u00e9es via des cookies tiers pour vous montrer des publicit\u00e9s plus pertinentes sur et en dehors de notre site Web.<\/p>\n<p>Nous travaillons avec des annonceurs tiers pour vous donner acc\u00e8s \u00e0 un contenu de voyage int\u00e9ressant et passionnant via notre site Web. Ces cookies enregistrent des informations sur votre utilisation des publicit\u00e9s. Cela aide les annonceurs \u00e0 vous montrer des publicit\u00e9s qui sont plus susceptibles de vous int\u00e9resser, \u00e0 limiter le nombre de fois o\u00f9 vous pouvez voir une publicit\u00e9 et \u00e9galement \u00e0 am\u00e9liorer votre exp\u00e9rience en ligne.<\/p>\n<p>Veuillez noter que notre utilisation de toute information que nous recueillons \u00e0 votre sujet par le biais de votre utilisation des cookies est soumise \u00e0 notre <a href=\"https:\/\/visitteo.com\/fr\/politique-de-confidentialite\/\" target=\"_blank\" rel=\"noopener noreferrer\">politique de confidentialit\u00e9<\/a>.<\/p>\n<h5><strong>Quels types de cookies utilisons-nous?<\/strong><\/h5>\n<p><strong>Cookies essentiels:<\/strong> ces cookies sont n\u00e9cessaires pour vous aider \u00e0 acc\u00e9der et \u00e0 vous d\u00e9placer sur notre site Web et \u00e0 utiliser toutes ses fonctionnalit\u00e9s. Sans ces cookies, notre site Web ne fonctionnerait pas correctement et vous ne pourriez pas utiliser certaines fonctionnalit\u00e9s importantes. Nous utilisons \u00e9galement des cookies essentiels \u00e0 des fins de d\u00e9tection et de pr\u00e9vention des fraudes.<\/p>\n<p><strong>Cookies analytiques:<\/strong> Chez Visitteo, nous souhaitons rendre votre exp\u00e9rience sur notre site Web aussi utile, fluide et agr\u00e9able que possible. Nous utilisons des cookies pour nous aider \u00e0 comprendre comment notre site Web est utilis\u00e9 et comment nous pouvons am\u00e9liorer votre exp\u00e9rience. Ce type de cookies dits \u00abd&#8217;analyse\u00bb peut nous fournir des informations anonymes pour nous aider \u00e0 comprendre quelles parties de notre site Web int\u00e9ressent nos visiteurs et s&#8217;ils rencontrent des erreurs. Nous utilisons ces cookies pour tester diff\u00e9rentes conceptions et fonctionnalit\u00e9s de nos sites, et nous les utilisons \u00e9galement pour nous aider \u00e0 surveiller la mani\u00e8re dont nos visiteurs acc\u00e8dent \u00e0 nos sites.<\/p>\n<p><strong>Cookies de performance:<\/strong> les cookies de performance mesurent la fr\u00e9quence \u00e0 laquelle vous visitez nos sites Web et la mani\u00e8re dont vous les utilisez. Nous utilisons ces informations pour avoir une meilleure id\u00e9e de la mani\u00e8re dont nos utilisateurs interagissent avec notre journalisme et pour am\u00e9liorer nos sites Web, afin que les utilisateurs aient une meilleure exp\u00e9rience. Par exemple, nous collectons des informations sur lesquelles de nos pages sont les plus visit\u00e9es et par quels types d&#8217;utilisateurs. Nous utilisons \u00e9galement des cookies tiers pour am\u00e9liorer les performances. Par exemple, le cookie Google Analytics nous donne des informations telles que votre trajet entre les pages.<\/p>\n<p><strong>Cookies publicitaires:<\/strong> les cookies publicitaires permettent de garantir que les publicit\u00e9s que vous voyez sur notre site Web sont aussi pertinentes que possible pour vous. Par exemple, certains cookies publicitaires aident \u00e0 s\u00e9lectionner des publicit\u00e9s en fonction de vos int\u00e9r\u00eats. D&#8217;autres aident \u00e0 emp\u00eacher la m\u00eame publicit\u00e9 de r\u00e9appara\u00eetre continuellement pour vous. Nous voulons \u00e9galement vous faciliter au maximum le partage du contenu de Visitteo avec vos amis via vos r\u00e9seaux sociaux pr\u00e9f\u00e9r\u00e9s. Les sites de r\u00e9seaux sociaux, tels que Facebook ou Instagram, peuvent d\u00e9finir des cookies qui vous reconnaissent lorsque vous affichez du contenu sur notre site Web et vous permettent de partager du contenu sur les deux sites via l&#8217;utilisation de param\u00e8tres de partage.<\/p>\n<h5><strong>Comment d\u00e9sactiver les cookies?<\/strong><\/h5>\n<p>Si vous souhaitez supprimer les cookies ou demander \u00e0 votre navigateur Web de supprimer ou de refuser les cookies, veuillez visiter les pages d&#8217;aide de votre navigateur Web. Veuillez noter, cependant, que si vous supprimez les cookies ou refusez de les accepter, vous ne pourrez peut-\u00eatre pas utiliser toutes les fonctionnalit\u00e9s que nous proposons, vous ne pourrez peut-\u00eatre pas stocker vos pr\u00e9f\u00e9rences et certaines de nos pages pourraient ne pas s&#8217;afficher correctement.<\/p>\n<p>La gestion de vos cookies et de vos pr\u00e9f\u00e9rences en mati\u00e8re de cookies doit \u00eatre effectu\u00e9e \u00e0 partir des options \/ pr\u00e9f\u00e9rences de votre navigateur. Voici une liste de guides sur la fa\u00e7on de proc\u00e9der pour les logiciels de navigation populaires:<\/p>\n<p>Pour le navigateur Web Chrome, veuillez visiter cette page de <a href=\"https:\/\/support.google.com\/accounts\/answer\/32050\" target=\"_blank\" rel=\"noopener noreferrer\">Google<\/a><br \/>\nPour le navigateur Web Internet Explorer, veuillez visiter cette page de <a href=\"https:\/\/support.microsoft.com\/en-us\/topic\/delete-and-manage-cookies-168dab11-0753-043d-7c16-ede5947fc64d\" target=\"_blank\" rel=\"noopener noreferrer\">Microsoft<\/a><br \/>\nPour le navigateur Web Firefox, veuillez visiter cette page de <a href=\"https:\/\/support.mozilla.org\/en-US\/kb\/clear-cookies-and-site-data-firefox?redirectslug=delete-cookies-remove-info-websites-stored&amp;redirectlocale=en-US\" target=\"_blank\" rel=\"noopener noreferrer\">Mozilla<\/a><br \/>\nPour le navigateur Web Safari, veuillez visiter cette page <a href=\"https:\/\/support.apple.com\/en-gb\/HT201265\" target=\"_blank\" rel=\"noopener noreferrer\">d&#8217;Apple<\/a><br \/>\nPour tout autre navigateur Web, veuillez visiter les pages Web officielles de votre navigateur Web.<br \/>\nNous contacter<\/p>\n<p>Si vous avez des questions sur cette politique de cookies, veuillez nous contacter en envoyant un e-mail \u00e0: <a href=\"mailto:info@visitteo.com\" target=\"_blank\" rel=\"noopener noreferrer\">info@visitteo.com<\/a><\/p>\n<p><em>Derni\u00e8re mise \u00e0 jour: 30 septembre 2020<\/em><\/p>\n<p>&nbsp;<\/p>\n","protected":false},"excerpt":{"rendered":"<p>Atlas LLC. (\u00abNous\u00bb, \u00abnotre\u00bb ou \u00abnotre\u00bb) utilise des cookies sur le site www.visitteo.com (le \u00abService\u00bb). En utilisant le Service, vous consentez \u00e0 l&#8217;utilisation de cookies. Comme presque tous les sites Web, nous utilisons des cookies. Nous voulons nous assurer que votre visite sur notre site Web est fluide, fiable et aussi utile que possible. Nous [&hellip;]<\/p>\n","protected":false},"author":5,"featured_media":0,"parent":0,"menu_order":102,"comment_status":"closed","ping_status":"closed","template":"","meta":{"_acf_changed":false,"footnotes":""},"class_list":["post-5160","page","type-page","status-publish","hentry"],"acf":[],"yoast_head":"<!-- This site is optimized with the Yoast SEO plugin v27.3 - https:\/\/yoast.com\/product\/yoast-seo-wordpress\/ -->\n<title>Cookies - Visitteo<\/title>\n<meta name=\"description\" content=\"Comme presque tous les sites Web, nous utilisons des cookies. Nous voulons nous assurer que votre visite sur notre site Web est fluide, fiable et aussi utile que possible.\" \/>\n<meta name=\"robots\" content=\"index, follow, max-snippet:-1, max-image-preview:large, max-video-preview:-1\" \/>\n<link rel=\"canonical\" href=\"https:\/\/visitteo.com\/fr\/cookies\/\" \/>\n<meta property=\"og:locale\" content=\"fr_FR\" \/>\n<meta property=\"og:type\" content=\"article\" \/>\n<meta property=\"og:title\" content=\"Cookies - Visitteo\" \/>\n<meta property=\"og:description\" content=\"Comme presque tous les sites Web, nous utilisons des cookies. Nous voulons nous assurer que votre visite sur notre site Web est fluide, fiable et aussi utile que possible.\" \/>\n<meta property=\"og:url\" content=\"https:\/\/visitteo.com\/fr\/cookies\/\" \/>\n<meta property=\"og:site_name\" content=\"Visitteo\" \/>\n<meta property=\"article:publisher\" content=\"https:\/\/www.facebook.com\/visitteo\/\" \/>\n<meta property=\"article:modified_time\" content=\"2021-01-06T07:52:58+00:00\" \/>\n<meta property=\"og:image\" content=\"https:\/\/visitteo.com\/wp-content\/uploads\/2022\/10\/share-1.jpg\" \/>\n\t<meta property=\"og:image:width\" content=\"1200\" \/>\n\t<meta property=\"og:image:height\" content=\"630\" \/>\n\t<meta property=\"og:image:type\" content=\"image\/jpeg\" \/>\n<meta name=\"twitter:card\" content=\"summary_large_image\" \/>\n<meta name=\"twitter:site\" content=\"@visitteo\" \/>\n<meta name=\"twitter:label1\" content=\"Dur\u00e9e de lecture estim\u00e9e\" \/>\n\t<meta name=\"twitter:data1\" content=\"7 minutes\" \/>\n<script type=\"application\/ld+json\" class=\"yoast-schema-graph\">{\"@context\":\"https:\\\/\\\/schema.org\",\"@graph\":[{\"@type\":\"WebPage\",\"@id\":\"https:\\\/\\\/visitteo.com\\\/fr\\\/cookies\\\/\",\"url\":\"https:\\\/\\\/visitteo.com\\\/fr\\\/cookies\\\/\",\"name\":\"Cookies - Visitteo\",\"isPartOf\":{\"@id\":\"https:\\\/\\\/visitteo.com\\\/fr\\\/#website\"},\"datePublished\":\"2020-10-20T10:48:03+00:00\",\"dateModified\":\"2021-01-06T07:52:58+00:00\",\"description\":\"Comme presque tous les sites Web, nous utilisons des cookies. Nous voulons nous assurer que votre visite sur notre site Web est fluide, fiable et aussi utile que possible.\",\"breadcrumb\":{\"@id\":\"https:\\\/\\\/visitteo.com\\\/fr\\\/cookies\\\/#breadcrumb\"},\"inLanguage\":\"fr-FR\",\"potentialAction\":[{\"@type\":\"ReadAction\",\"target\":[\"https:\\\/\\\/visitteo.com\\\/fr\\\/cookies\\\/\"]}]},{\"@type\":\"BreadcrumbList\",\"@id\":\"https:\\\/\\\/visitteo.com\\\/fr\\\/cookies\\\/#breadcrumb\",\"itemListElement\":[{\"@type\":\"ListItem\",\"position\":1,\"name\":\"Homepage\",\"item\":\"https:\\\/\\\/visitteo.com\\\/fr\\\/\"},{\"@type\":\"ListItem\",\"position\":2,\"name\":\"Cookies\"}]},{\"@type\":\"WebSite\",\"@id\":\"https:\\\/\\\/visitteo.com\\\/fr\\\/#website\",\"url\":\"https:\\\/\\\/visitteo.com\\\/fr\\\/\",\"name\":\"Visitteo\",\"description\":\"Visitteo is a metasearch engine for car rental.\",\"publisher\":{\"@id\":\"https:\\\/\\\/visitteo.com\\\/fr\\\/#organization\"},\"potentialAction\":[{\"@type\":\"SearchAction\",\"target\":{\"@type\":\"EntryPoint\",\"urlTemplate\":\"https:\\\/\\\/visitteo.com\\\/fr\\\/?s={search_term_string}\"},\"query-input\":{\"@type\":\"PropertyValueSpecification\",\"valueRequired\":true,\"valueName\":\"search_term_string\"}}],\"inLanguage\":\"fr-FR\"},{\"@type\":\"Organization\",\"@id\":\"https:\\\/\\\/visitteo.com\\\/fr\\\/#organization\",\"name\":\"Visitteo\",\"url\":\"https:\\\/\\\/visitteo.com\\\/fr\\\/\",\"logo\":{\"@type\":\"ImageObject\",\"inLanguage\":\"fr-FR\",\"@id\":\"https:\\\/\\\/visitteo.com\\\/fr\\\/#\\\/schema\\\/logo\\\/image\\\/\",\"url\":\"https:\\\/\\\/visitteo.com\\\/wp-content\\\/uploads\\\/2024\\\/09\\\/organization_logo.png\",\"contentUrl\":\"https:\\\/\\\/visitteo.com\\\/wp-content\\\/uploads\\\/2024\\\/09\\\/organization_logo.png\",\"width\":840,\"height\":840,\"caption\":\"Visitteo\"},\"image\":{\"@id\":\"https:\\\/\\\/visitteo.com\\\/fr\\\/#\\\/schema\\\/logo\\\/image\\\/\"},\"sameAs\":[\"https:\\\/\\\/www.facebook.com\\\/visitteo\\\/\",\"https:\\\/\\\/x.com\\\/visitteo\",\"https:\\\/\\\/www.instagram.com\\\/visitteo\\\/\",\"https:\\\/\\\/www.pinterest.com\\\/visitteo\\\/pins\\\/\"]}]}<\/script>\n<!-- \/ Yoast SEO plugin. -->","yoast_head_json":{"title":"Cookies - Visitteo","description":"Comme presque tous les sites Web, nous utilisons des cookies. Nous voulons nous assurer que votre visite sur notre site Web est fluide, fiable et aussi utile que possible.","robots":{"index":"index","follow":"follow","max-snippet":"max-snippet:-1","max-image-preview":"max-image-preview:large","max-video-preview":"max-video-preview:-1"},"canonical":"https:\/\/visitteo.com\/fr\/cookies\/","og_locale":"fr_FR","og_type":"article","og_title":"Cookies - Visitteo","og_description":"Comme presque tous les sites Web, nous utilisons des cookies. Nous voulons nous assurer que votre visite sur notre site Web est fluide, fiable et aussi utile que possible.","og_url":"https:\/\/visitteo.com\/fr\/cookies\/","og_site_name":"Visitteo","article_publisher":"https:\/\/www.facebook.com\/visitteo\/","article_modified_time":"2021-01-06T07:52:58+00:00","og_image":[{"width":1200,"height":630,"url":"https:\/\/visitteo.com\/wp-content\/uploads\/2022\/10\/share-1.jpg","type":"image\/jpeg"}],"twitter_card":"summary_large_image","twitter_site":"@visitteo","twitter_misc":{"Dur\u00e9e de lecture estim\u00e9e":"7 minutes"},"schema":{"@context":"https:\/\/schema.org","@graph":[{"@type":"WebPage","@id":"https:\/\/visitteo.com\/fr\/cookies\/","url":"https:\/\/visitteo.com\/fr\/cookies\/","name":"Cookies - Visitteo","isPartOf":{"@id":"https:\/\/visitteo.com\/fr\/#website"},"datePublished":"2020-10-20T10:48:03+00:00","dateModified":"2021-01-06T07:52:58+00:00","description":"Comme presque tous les sites Web, nous utilisons des cookies. Nous voulons nous assurer que votre visite sur notre site Web est fluide, fiable et aussi utile que possible.","breadcrumb":{"@id":"https:\/\/visitteo.com\/fr\/cookies\/#breadcrumb"},"inLanguage":"fr-FR","potentialAction":[{"@type":"ReadAction","target":["https:\/\/visitteo.com\/fr\/cookies\/"]}]},{"@type":"BreadcrumbList","@id":"https:\/\/visitteo.com\/fr\/cookies\/#breadcrumb","itemListElement":[{"@type":"ListItem","position":1,"name":"Homepage","item":"https:\/\/visitteo.com\/fr\/"},{"@type":"ListItem","position":2,"name":"Cookies"}]},{"@type":"WebSite","@id":"https:\/\/visitteo.com\/fr\/#website","url":"https:\/\/visitteo.com\/fr\/","name":"Visitteo","description":"Visitteo is a metasearch engine for car rental.","publisher":{"@id":"https:\/\/visitteo.com\/fr\/#organization"},"potentialAction":[{"@type":"SearchAction","target":{"@type":"EntryPoint","urlTemplate":"https:\/\/visitteo.com\/fr\/?s={search_term_string}"},"query-input":{"@type":"PropertyValueSpecification","valueRequired":true,"valueName":"search_term_string"}}],"inLanguage":"fr-FR"},{"@type":"Organization","@id":"https:\/\/visitteo.com\/fr\/#organization","name":"Visitteo","url":"https:\/\/visitteo.com\/fr\/","logo":{"@type":"ImageObject","inLanguage":"fr-FR","@id":"https:\/\/visitteo.com\/fr\/#\/schema\/logo\/image\/","url":"https:\/\/visitteo.com\/wp-content\/uploads\/2024\/09\/organization_logo.png","contentUrl":"https:\/\/visitteo.com\/wp-content\/uploads\/2024\/09\/organization_logo.png","width":840,"height":840,"caption":"Visitteo"},"image":{"@id":"https:\/\/visitteo.com\/fr\/#\/schema\/logo\/image\/"},"sameAs":["https:\/\/www.facebook.com\/visitteo\/","https:\/\/x.com\/visitteo","https:\/\/www.instagram.com\/visitteo\/","https:\/\/www.pinterest.com\/visitteo\/pins\/"]}]}},"_links":{"self":[{"href":"https:\/\/visitteo.com\/fr\/wp-json\/wp\/v2\/pages\/5160","targetHints":{"allow":["GET"]}}],"collection":[{"href":"https:\/\/visitteo.com\/fr\/wp-json\/wp\/v2\/pages"}],"about":[{"href":"https:\/\/visitteo.com\/fr\/wp-json\/wp\/v2\/types\/page"}],"author":[{"embeddable":true,"href":"https:\/\/visitteo.com\/fr\/wp-json\/wp\/v2\/users\/5"}],"replies":[{"embeddable":true,"href":"https:\/\/visitteo.com\/fr\/wp-json\/wp\/v2\/comments?post=5160"}],"version-history":[{"count":0,"href":"https:\/\/visitteo.com\/fr\/wp-json\/wp\/v2\/pages\/5160\/revisions"}],"wp:attachment":[{"href":"https:\/\/visitteo.com\/fr\/wp-json\/wp\/v2\/media?parent=5160"}],"curies":[{"name":"wp","href":"https:\/\/api.w.org\/{rel}","templated":true}]}}