{"id":808,"date":"2017-04-25T13:00:59","date_gmt":"2017-04-25T11:00:59","guid":{"rendered":"https:\/\/visitteo.com\/privacy-policy\/"},"modified":"2020-12-14T08:59:58","modified_gmt":"2020-12-14T07:59:58","slug":"politique-de-confidentialite","status":"publish","type":"page","link":"https:\/\/visitteo.com\/fr\/politique-de-confidentialite\/","title":{"rendered":"Politique de confidentialit\u00e9"},"content":{"rendered":"<p>Veuillez noter que les pratiques d&#8217;Atlas LLC. (\u00abNous\u00bb, \u00abnotre\u00bb ou \u00abnotre\u00bb), concernant les renseignements personnels, sont r\u00e9gis par la pr\u00e9sente politique de confidentialit\u00e9, car celle-ci peut \u00eatre modifi\u00e9e de temps \u00e0 autre. Cette politique de confidentialit\u00e9 r\u00e9git les informations personnelles que nous recueillons via ce site Web \u00e0 l&#8217;adresse <a href=\"https:\/\/visitteo.com\/fr\/\" target=\"_blank\" rel=\"noopener noreferrer\">www.visitteo.com<\/a> (\u00absite Web\u00bb).<\/p>\n<p>Cette politique de confidentialit\u00e9 d\u00e9crit les pratiques de Visitteo concernant les informations et donn\u00e9es personnellement identifiables (\u00abinformations personnelles\u00bb). Cette politique s&#8217;applique \u00e0 notre site Web (notre \u00abService\u00bb). Lorsque vous l&#8217;utilisez, vous acceptez les termes de cette politique.<\/p>\n<p>Veuillez lire attentivement notre politique de confidentialit\u00e9 pour bien comprendre comment nous collectons, utilisons, prot\u00e9geons ou traitons vos informations personnellement identifiables sur notre site Web.<\/p>\n<h5><strong>Quelles informations personnelles nous collectons<\/strong><\/h5>\n<ul>\n<li>Nous pouvons collecter des informations permettant de vous identifier, telles que votre nom et votre adresse e-mail (\u00abinformations personnelles\u00bb) et d&#8217;autres informations qui ne vous identifient pas.<\/li>\n<li>Les informations que vous fournissez. Pour vous inscrire sur Visitteo, il vous sera demand\u00e9 de vous connecter en utilisant votre identifiant Facebook ou Google. Si vous le faites, vous nous autorisez \u00e0 acc\u00e9der \u00e0 certaines informations de compte Facebook et Google, telles que votre profil Facebook ou Google public (conform\u00e9ment \u00e0 vos param\u00e8tres de confidentialit\u00e9 dans Facebook et Google).<\/li>\n<li>Nous pouvons acc\u00e9der \u00e0 votre adresse e-mail, \u00e0 vos int\u00e9r\u00eats relationnels, \u00e0 vos photos, \u00e0 vos go\u00fbts, \u00e0 votre ville actuelle, \u00e0 votre anniversaire, \u00e0 vos int\u00e9r\u00eats, \u00e0 votre historique de formation, \u00e0 votre sexe, \u00e0 votre description personnelle et \u00e0 votre liste d&#8217;amis.<\/li>\n<li>Vous pouvez \u00e9galement nous fournir vos photos, une description personnelle, une description de vos connaissances ou ami, et des informations sur votre sexe.<\/li>\n<li>Si vous discutez avec nous via les r\u00e9seaux sociaux ou par e-mail, vous nous fournissez le contenu de vos discussions, et si vous nous contactez avec le service client ou d&#8217;autres demandes, vous nous fournissez le contenu de cette communication.<\/li>\n<li>Nous pouvons collecter des informations lorsque vous nous envoyez du contenu (votre r\u00e9cit de voyage et vos photos) via les r\u00e9seaux sociaux.<\/li>\n<li>Autres informations pertinentes pour les enqu\u00eates clients et \/ ou les offres.<\/li>\n<\/ul>\n<h5><strong>Ce que nous faisons avec les informations que nous collectons<\/strong><\/h5>\n<p>Nous pouvons utiliser les informations que nous recueillons aupr\u00e8s de vous lorsque vous vous inscrivez, r\u00e9pondez \u00e0 une communication marketing, surfez sur le site Web ou utilisez certaines autres fonctionnalit\u00e9s du site Web de la mani\u00e8re suivante:<\/p>\n<ul>\n<li>Am\u00e9liorez nos produits et services et g\u00e9rez notre entreprise.<\/li>\n<li>Personnaliser l&#8217;exp\u00e9rience utilisateur et nous permettre de proposer le type de contenu et d&#8217;offres de produits qui vous int\u00e9resse le plus.<\/li>\n<li>Am\u00e9liorer notre site Web pour mieux vous servir.<\/li>\n<li>Nous pouvons utiliser les informations pour l&#8217;analyse du site Web.<\/li>\n<li>Pour nous permettre de mieux vous servir en r\u00e9pondant \u00e0 vos demandes de service client.<\/li>\n<li>Nous pouvons envoyer p\u00e9riodiquement des e-mails promotionnels sur de nouveaux produits, des offres sp\u00e9ciales ou d&#8217;autres informations que nous pensons susceptibles de vous int\u00e9resser en utilisant l&#8217;adresse e-mail que vous avez fournie.<\/li>\n<li>Si vous nous envoyez du contenu (votre r\u00e9cit de voyage et vos photos) via les r\u00e9seaux sociaux, nous pouvons utiliser ce contenu pour des activit\u00e9s de marketing sur les r\u00e9seaux sociaux.<\/li>\n<li>Nous pouvons utiliser les informations pour personnaliser le site Web en fonction de vos int\u00e9r\u00eats.<\/li>\n<li>Surveillez les m\u00e9triques telles que le nombre total de visiteurs et le trafic.<\/li>\n<\/ul>\n<h5><strong>Avec qui partageons-nous vos informations<\/strong><\/h5>\n<p>Nous ne vendrons, n&#8217;\u00e9changerons, ne partagerons ni ne transf\u00e9rerons \u00e0 des tiers vos informations personnellement identifiables. Nous pouvons utiliser vos informations personnelles pour vous envoyer des informations promotionnelles sur des tiers que nous pensons susceptibles de vous int\u00e9resser si vous nous dites que vous souhaitez que cela se produise.<\/p>\n<p>Visitteo peut \u00e9galement vous permettre d&#8217;acc\u00e9der \u00e0 Google Maps. Veuillez noter que lorsque vous utilisez Google Maps, vous \u00eates li\u00e9 par les conditions d&#8217;utilisation de <a href=\"https:\/\/www.google.com\/intl\/en\/policies\/terms\/\" target=\"_blank\" rel=\"noopener noreferrer\">Google<\/a> et vos droits de confidentialit\u00e9 sont affect\u00e9s par la politique de confidentialit\u00e9 de <a href=\"https:\/\/www.google.com\/policies\/privacy\/\" target=\"_blank\" rel=\"noopener noreferrer\">Google<\/a>, telle que mise \u00e0 jour par Google de temps \u00e0 autre.<\/p>\n<h5><strong>Sites Web tiers<\/strong><\/h5>\n<p>En cliquant sur une offre sur notre site Web, vous serez redirig\u00e9 vers un site Web tiers qui ne fonctionne pas dans le cadre de cette politique de confidentialit\u00e9, et vous serez redirig\u00e9 vers un site Web que nous ne contr\u00f4lons pas. Ces sites Web tiers peuvent collecter ind\u00e9pendamment des informations, y compris des informations personnelles, aupr\u00e8s de vous. Ces sites Web tiers ont des politiques de confidentialit\u00e9 distinctes et ind\u00e9pendantes. Par cons\u00e9quent, nous d\u00e9clinons toute responsabilit\u00e9 quant au contenu et aux activit\u00e9s de ces sites Web li\u00e9s. N\u00e9anmoins, nous cherchons \u00e0 prot\u00e9ger l&#8217;int\u00e9grit\u00e9 de notre site Web et appr\u00e9cions tout commentaire sur ces sites Web.<\/p>\n<p>Une fois que vous avez fait appel \u00e0 un tiers pour quitter Visitteo, vous devez noter que nous n&#8217;avons aucun contr\u00f4le sur cet autre site Web. Par cons\u00e9quent, nous ne pouvons pas \u00eatre responsables de la protection et de la confidentialit\u00e9 des informations que vous fournissez lors de la visite de ces sites Web, et ces sites Web ne sont pas r\u00e9gis par cette d\u00e9claration de confidentialit\u00e9. Vous devez faire preuve de prudence et consulter la d\u00e9claration de confidentialit\u00e9 applicable au site Web en question.<\/p>\n<h5><strong>Comment nous prot\u00e9geons vos informations personnelles<\/strong><\/h5>\n<p>La s\u00e9curit\u00e9 de vos informations personnelles est importante pour nous, mais rappelez-vous qu&#8217;aucune m\u00e9thode de transmission sur Internet ou m\u00e9thode de stockage \u00e9lectronique n&#8217;est s\u00e9curis\u00e9e \u00e0 100%. Bien que nous nous efforcions d&#8217;utiliser des moyens commercialement acceptables pour prot\u00e9ger vos informations personnelles, nous ne pouvons garantir leur s\u00e9curit\u00e9 absolue. Bien que nous prenions des mesures pour s\u00e9curiser vos informations, nous ne promettons pas, et vous ne devez pas vous attendre, que vos informations personnelles ou autres communications resteront toujours en s\u00e9curit\u00e9.<\/p>\n<h5><strong>Analyse des services<\/strong><\/h5>\n<p>Nous utilisons des fournisseurs de services d&#8217;analyse tiers (\u00abFournisseurs d&#8217;analyse\u00bb), tels que Google Analytics, pour collecter des informations sur l&#8217;utilisation de ce site Web. Google Analytics recueille des informations telles que: la fr\u00e9quence \u00e0 laquelle les utilisateurs visitent ce site Web, les pages qu&#8217;ils visitent lorsqu&#8217;ils le font et les autres sites Web qu&#8217;ils utilisent avant de se rendre sur ce site Web. Nous utilisons les informations que nous obtenons de Google Analytics uniquement pour am\u00e9liorer ce site Web.<\/p>\n<p>Les informations g\u00e9n\u00e9r\u00e9es par votre navigateur ou appareil sur votre utilisation du Service seront transmises et stock\u00e9es par Google Analytics. Google Analytics utilisera ces informations pour \u00e9valuer votre utilisation du Service. En utilisant le Service, vous consentez au traitement des donn\u00e9es vous concernant par Google Analytics de la mani\u00e8re et aux fins d\u00e9crites ci-dessus. La capacit\u00e9 de Google \u00e0 utiliser et \u00e0 partager les informations collect\u00e9es sur vos visites sur ce site Web est limit\u00e9e par les conditions d&#8217;utilisation de <a href=\"https:\/\/www.google.com\/analytics\/terms\/us.html\" target=\"_blank\" rel=\"noopener noreferrer\">Google Analytics<\/a> et la politique de confidentialit\u00e9 de <a href=\"https:\/\/www.google.com\/policies\/privacy\/\" target=\"_blank\" rel=\"noopener noreferrer\">Google<\/a>.<\/p>\n<h5><strong>Modifications de cette politique de confidentialit\u00e9<\/strong><\/h5>\n<p>Nous mettrons \u00e0 jour ou modifierons notre politique de confidentialit\u00e9 de temps \u00e0 autre. Vous devriez v\u00e9rifier p\u00e9riodiquement cette politique de confidentialit\u00e9 et vous assurer que vous \u00eates satisfait de tout changement. Votre utilisation continue de ce service apr\u00e8s la publication de toute modification de la politique de confidentialit\u00e9 sur cette page constituera votre reconnaissance des modifications et votre consentement \u00e0 respecter et \u00e0 \u00eatre li\u00e9 par la politique de confidentialit\u00e9 modifi\u00e9e.<\/p>\n<p>Lorsque nous publierons des modifications \u00e0 cette politique de confidentialit\u00e9, nous r\u00e9viserons la date de \u00abderni\u00e8re mise \u00e0 jour\u00bb au bas de cette politique de confidentialit\u00e9.<\/p>\n<h5><strong>Conservation des donn\u00e9es<\/strong><\/h5>\n<p>Atlas, LLC ne conservera vos donn\u00e9es que le temps n\u00e9cessaire aux fins \u00e9nonc\u00e9es dans la pr\u00e9sente politique de confidentialit\u00e9. Nous conserverons et utiliserons vos donn\u00e9es dans la mesure n\u00e9cessaire pour nous conformer \u00e0 nos obligations l\u00e9gales (par exemple, si nous sommes tenus de conserver vos donn\u00e9es pour nous conformer aux lois applicables), r\u00e9soudre les litiges et appliquer nos accords et politiques juridiques.<\/p>\n<p>Atlas, LLC conservera \u00e9galement les donn\u00e9es d&#8217;utilisation \u00e0 des fins d&#8217;analyse interne. Les donn\u00e9es d&#8217;utilisation sont g\u00e9n\u00e9ralement conserv\u00e9es pendant une p\u00e9riode plus courte, sauf lorsque ces donn\u00e9es sont utilis\u00e9es pour renforcer la s\u00e9curit\u00e9 ou pour am\u00e9liorer la fonctionnalit\u00e9 de notre service, ou lorsque nous sommes l\u00e9galement tenus de conserver ces donn\u00e9es pendant de plus longues p\u00e9riodes.<\/p>\n<h5><strong>Quel est le but de la collecte et de l&#8217;utilisation de vos donn\u00e9es?<\/strong><\/h5>\n<p>Pour vous fournir des informations comparatives sur diff\u00e9rents sites d&#8217;h\u00e9bergement de vacances et d&#8217;h\u00f4tels, pour pouvoir vous proposer la meilleure s\u00e9lection d&#8217;h\u00e9bergements touristiques au meilleur prix. La livraison de notifications de publicit\u00e9 commerciale par courrier \u00e9lectronique ou sur les r\u00e9seaux sociaux concernant nos produits et \/ ou services destin\u00e9s \u00e0 l&#8217;h\u00e9bergement pendant vos vacances et autres activit\u00e9s \u00e0 mener pendant cette p\u00e9riode. \u00c0 des fins analytiques, comme moyen d&#8217;am\u00e9liorer et d&#8217;am\u00e9liorer le fonctionnement et les services fournis par Visitteo, la r\u00e9alisation d&#8217;\u00e9tudes de march\u00e9 et d&#8217;enqu\u00eates.<\/p>\n<h5><strong>Services statistiques, analytiques et marketing<\/strong><\/h5>\n<p>Nous utilisons des services tiers de statistiques, d&#8217;analyse et de marketing. Cela nous permet d&#8217;optimiser notre site Web et de nous assurer qu&#8217;il est convivial. Les tiers utilisent des cookies pour fournir leurs services (voir la rubrique \u00abCookies\u00bb). Sauf indication contraire ci-dessous, vos donn\u00e9es ne seront pas trait\u00e9es.<\/p>\n<p>Certains tiers vous permettent de vous opposer directement \u00e0 l&#8217;utilisation du service concern\u00e9, par ex. en d\u00e9finissant un cookie de d\u00e9sactivation.<\/p>\n<p>Si vous choisissez de le faire, le fournisseur externe ne traitera plus les donn\u00e9es sur votre comportement d&#8217;utilisation \u00e0 l&#8217;avenir. Il est \u00e9galement possible de s&#8217;opposer de mani\u00e8re s\u00e9lective \u00e0 des services externes individuels. Si vous changez de navigateur ou de terminal ou supprimez tous vos cookies, vous devez \u00e0 nouveau d\u00e9finir le cookie de d\u00e9sactivation.<\/p>\n<h5><strong>Nous contacter<\/strong><\/h5>\n<p>Si vous avez des questions sur cette politique de confidentialit\u00e9, veuillez nous contacter en envoyant un e-mail \u00e0: info@visitteo.com<\/p>\n<p><em>Derni\u00e8re mise \u00e0 jour: 26 octobre 2020<\/em><\/p>\n<p>&nbsp;<\/p>\n","protected":false},"excerpt":{"rendered":"<p>Veuillez noter que les pratiques d&#8217;Atlas LLC. (\u00abNous\u00bb, \u00abnotre\u00bb ou \u00abnotre\u00bb), concernant les renseignements personnels, sont r\u00e9gis par la pr\u00e9sente politique de confidentialit\u00e9, car celle-ci peut \u00eatre modifi\u00e9e de temps \u00e0 autre. Cette politique de confidentialit\u00e9 r\u00e9git les informations personnelles que nous recueillons via ce site Web \u00e0 l&#8217;adresse www.visitteo.com (\u00absite Web\u00bb). Cette politique de [&hellip;]<\/p>\n","protected":false},"author":5,"featured_media":0,"parent":0,"menu_order":100,"comment_status":"closed","ping_status":"closed","template":"","meta":{"_acf_changed":false,"footnotes":""},"class_list":["post-808","page","type-page","status-publish","hentry"],"acf":[],"yoast_head":"<!-- This site is optimized with the Yoast SEO plugin v27.3 - https:\/\/yoast.com\/product\/yoast-seo-wordpress\/ -->\n<title>Politique de Confidentialit\u00e9 - Visitteo<\/title>\n<meta name=\"description\" content=\"Cette politique de confidentialit\u00e9 d\u00e9crit les pratiques de Visitteo concernant les informations et donn\u00e9es personnellement identifiables.\" \/>\n<meta name=\"robots\" content=\"index, follow, max-snippet:-1, max-image-preview:large, max-video-preview:-1\" \/>\n<link rel=\"canonical\" href=\"https:\/\/visitteo.com\/fr\/politique-de-confidentialite\/\" \/>\n<meta property=\"og:locale\" content=\"fr_FR\" \/>\n<meta property=\"og:type\" content=\"article\" \/>\n<meta property=\"og:title\" content=\"Politique de Confidentialit\u00e9 - Visitteo\" \/>\n<meta property=\"og:description\" content=\"Cette politique de confidentialit\u00e9 d\u00e9crit les pratiques de Visitteo concernant les informations et donn\u00e9es personnellement identifiables.\" \/>\n<meta property=\"og:url\" content=\"https:\/\/visitteo.com\/fr\/politique-de-confidentialite\/\" \/>\n<meta property=\"og:site_name\" content=\"Visitteo\" \/>\n<meta property=\"article:publisher\" content=\"https:\/\/www.facebook.com\/visitteo\/\" \/>\n<meta property=\"article:modified_time\" content=\"2020-12-14T07:59:58+00:00\" \/>\n<meta property=\"og:image\" content=\"https:\/\/visitteo.com\/wp-content\/uploads\/2022\/10\/share-1.jpg\" \/>\n\t<meta property=\"og:image:width\" content=\"1200\" \/>\n\t<meta property=\"og:image:height\" content=\"630\" \/>\n\t<meta property=\"og:image:type\" content=\"image\/jpeg\" \/>\n<meta name=\"twitter:card\" content=\"summary_large_image\" \/>\n<meta name=\"twitter:site\" content=\"@visitteo\" \/>\n<meta name=\"twitter:label1\" content=\"Dur\u00e9e de lecture estim\u00e9e\" \/>\n\t<meta name=\"twitter:data1\" content=\"8 minutes\" \/>\n<script type=\"application\/ld+json\" class=\"yoast-schema-graph\">{\"@context\":\"https:\\\/\\\/schema.org\",\"@graph\":[{\"@type\":\"WebPage\",\"@id\":\"https:\\\/\\\/visitteo.com\\\/fr\\\/politique-de-confidentialite\\\/\",\"url\":\"https:\\\/\\\/visitteo.com\\\/fr\\\/politique-de-confidentialite\\\/\",\"name\":\"Politique de Confidentialit\u00e9 - Visitteo\",\"isPartOf\":{\"@id\":\"https:\\\/\\\/visitteo.com\\\/fr\\\/#website\"},\"datePublished\":\"2017-04-25T11:00:59+00:00\",\"dateModified\":\"2020-12-14T07:59:58+00:00\",\"description\":\"Cette politique de confidentialit\u00e9 d\u00e9crit les pratiques de Visitteo concernant les informations et donn\u00e9es personnellement identifiables.\",\"breadcrumb\":{\"@id\":\"https:\\\/\\\/visitteo.com\\\/fr\\\/politique-de-confidentialite\\\/#breadcrumb\"},\"inLanguage\":\"fr-FR\",\"potentialAction\":[{\"@type\":\"ReadAction\",\"target\":[\"https:\\\/\\\/visitteo.com\\\/fr\\\/politique-de-confidentialite\\\/\"]}]},{\"@type\":\"BreadcrumbList\",\"@id\":\"https:\\\/\\\/visitteo.com\\\/fr\\\/politique-de-confidentialite\\\/#breadcrumb\",\"itemListElement\":[{\"@type\":\"ListItem\",\"position\":1,\"name\":\"Homepage\",\"item\":\"https:\\\/\\\/visitteo.com\\\/fr\\\/\"},{\"@type\":\"ListItem\",\"position\":2,\"name\":\"Politique de confidentialit\u00e9\"}]},{\"@type\":\"WebSite\",\"@id\":\"https:\\\/\\\/visitteo.com\\\/fr\\\/#website\",\"url\":\"https:\\\/\\\/visitteo.com\\\/fr\\\/\",\"name\":\"Visitteo\",\"description\":\"Visitteo is a metasearch engine for car rental.\",\"publisher\":{\"@id\":\"https:\\\/\\\/visitteo.com\\\/fr\\\/#organization\"},\"potentialAction\":[{\"@type\":\"SearchAction\",\"target\":{\"@type\":\"EntryPoint\",\"urlTemplate\":\"https:\\\/\\\/visitteo.com\\\/fr\\\/?s={search_term_string}\"},\"query-input\":{\"@type\":\"PropertyValueSpecification\",\"valueRequired\":true,\"valueName\":\"search_term_string\"}}],\"inLanguage\":\"fr-FR\"},{\"@type\":\"Organization\",\"@id\":\"https:\\\/\\\/visitteo.com\\\/fr\\\/#organization\",\"name\":\"Visitteo\",\"url\":\"https:\\\/\\\/visitteo.com\\\/fr\\\/\",\"logo\":{\"@type\":\"ImageObject\",\"inLanguage\":\"fr-FR\",\"@id\":\"https:\\\/\\\/visitteo.com\\\/fr\\\/#\\\/schema\\\/logo\\\/image\\\/\",\"url\":\"https:\\\/\\\/visitteo.com\\\/wp-content\\\/uploads\\\/2024\\\/09\\\/organization_logo.png\",\"contentUrl\":\"https:\\\/\\\/visitteo.com\\\/wp-content\\\/uploads\\\/2024\\\/09\\\/organization_logo.png\",\"width\":840,\"height\":840,\"caption\":\"Visitteo\"},\"image\":{\"@id\":\"https:\\\/\\\/visitteo.com\\\/fr\\\/#\\\/schema\\\/logo\\\/image\\\/\"},\"sameAs\":[\"https:\\\/\\\/www.facebook.com\\\/visitteo\\\/\",\"https:\\\/\\\/x.com\\\/visitteo\",\"https:\\\/\\\/www.instagram.com\\\/visitteo\\\/\",\"https:\\\/\\\/www.pinterest.com\\\/visitteo\\\/pins\\\/\"]}]}<\/script>\n<!-- \/ Yoast SEO plugin. -->","yoast_head_json":{"title":"Politique de Confidentialit\u00e9 - Visitteo","description":"Cette politique de confidentialit\u00e9 d\u00e9crit les pratiques de Visitteo concernant les informations et donn\u00e9es personnellement identifiables.","robots":{"index":"index","follow":"follow","max-snippet":"max-snippet:-1","max-image-preview":"max-image-preview:large","max-video-preview":"max-video-preview:-1"},"canonical":"https:\/\/visitteo.com\/fr\/politique-de-confidentialite\/","og_locale":"fr_FR","og_type":"article","og_title":"Politique de Confidentialit\u00e9 - Visitteo","og_description":"Cette politique de confidentialit\u00e9 d\u00e9crit les pratiques de Visitteo concernant les informations et donn\u00e9es personnellement identifiables.","og_url":"https:\/\/visitteo.com\/fr\/politique-de-confidentialite\/","og_site_name":"Visitteo","article_publisher":"https:\/\/www.facebook.com\/visitteo\/","article_modified_time":"2020-12-14T07:59:58+00:00","og_image":[{"width":1200,"height":630,"url":"https:\/\/visitteo.com\/wp-content\/uploads\/2022\/10\/share-1.jpg","type":"image\/jpeg"}],"twitter_card":"summary_large_image","twitter_site":"@visitteo","twitter_misc":{"Dur\u00e9e de lecture estim\u00e9e":"8 minutes"},"schema":{"@context":"https:\/\/schema.org","@graph":[{"@type":"WebPage","@id":"https:\/\/visitteo.com\/fr\/politique-de-confidentialite\/","url":"https:\/\/visitteo.com\/fr\/politique-de-confidentialite\/","name":"Politique de Confidentialit\u00e9 - Visitteo","isPartOf":{"@id":"https:\/\/visitteo.com\/fr\/#website"},"datePublished":"2017-04-25T11:00:59+00:00","dateModified":"2020-12-14T07:59:58+00:00","description":"Cette politique de confidentialit\u00e9 d\u00e9crit les pratiques de Visitteo concernant les informations et donn\u00e9es personnellement identifiables.","breadcrumb":{"@id":"https:\/\/visitteo.com\/fr\/politique-de-confidentialite\/#breadcrumb"},"inLanguage":"fr-FR","potentialAction":[{"@type":"ReadAction","target":["https:\/\/visitteo.com\/fr\/politique-de-confidentialite\/"]}]},{"@type":"BreadcrumbList","@id":"https:\/\/visitteo.com\/fr\/politique-de-confidentialite\/#breadcrumb","itemListElement":[{"@type":"ListItem","position":1,"name":"Homepage","item":"https:\/\/visitteo.com\/fr\/"},{"@type":"ListItem","position":2,"name":"Politique de confidentialit\u00e9"}]},{"@type":"WebSite","@id":"https:\/\/visitteo.com\/fr\/#website","url":"https:\/\/visitteo.com\/fr\/","name":"Visitteo","description":"Visitteo is a metasearch engine for car rental.","publisher":{"@id":"https:\/\/visitteo.com\/fr\/#organization"},"potentialAction":[{"@type":"SearchAction","target":{"@type":"EntryPoint","urlTemplate":"https:\/\/visitteo.com\/fr\/?s={search_term_string}"},"query-input":{"@type":"PropertyValueSpecification","valueRequired":true,"valueName":"search_term_string"}}],"inLanguage":"fr-FR"},{"@type":"Organization","@id":"https:\/\/visitteo.com\/fr\/#organization","name":"Visitteo","url":"https:\/\/visitteo.com\/fr\/","logo":{"@type":"ImageObject","inLanguage":"fr-FR","@id":"https:\/\/visitteo.com\/fr\/#\/schema\/logo\/image\/","url":"https:\/\/visitteo.com\/wp-content\/uploads\/2024\/09\/organization_logo.png","contentUrl":"https:\/\/visitteo.com\/wp-content\/uploads\/2024\/09\/organization_logo.png","width":840,"height":840,"caption":"Visitteo"},"image":{"@id":"https:\/\/visitteo.com\/fr\/#\/schema\/logo\/image\/"},"sameAs":["https:\/\/www.facebook.com\/visitteo\/","https:\/\/x.com\/visitteo","https:\/\/www.instagram.com\/visitteo\/","https:\/\/www.pinterest.com\/visitteo\/pins\/"]}]}},"_links":{"self":[{"href":"https:\/\/visitteo.com\/fr\/wp-json\/wp\/v2\/pages\/808","targetHints":{"allow":["GET"]}}],"collection":[{"href":"https:\/\/visitteo.com\/fr\/wp-json\/wp\/v2\/pages"}],"about":[{"href":"https:\/\/visitteo.com\/fr\/wp-json\/wp\/v2\/types\/page"}],"author":[{"embeddable":true,"href":"https:\/\/visitteo.com\/fr\/wp-json\/wp\/v2\/users\/5"}],"replies":[{"embeddable":true,"href":"https:\/\/visitteo.com\/fr\/wp-json\/wp\/v2\/comments?post=808"}],"version-history":[{"count":0,"href":"https:\/\/visitteo.com\/fr\/wp-json\/wp\/v2\/pages\/808\/revisions"}],"wp:attachment":[{"href":"https:\/\/visitteo.com\/fr\/wp-json\/wp\/v2\/media?parent=808"}],"curies":[{"name":"wp","href":"https:\/\/api.w.org\/{rel}","templated":true}]}}