{"id":852,"date":"2017-04-25T11:48:54","date_gmt":"2017-04-25T09:48:54","guid":{"rendered":"https:\/\/visitteo.com\/nutzungsbedingungen\/"},"modified":"2020-12-16T09:30:11","modified_gmt":"2020-12-16T08:30:11","slug":"terms-of-use","status":"publish","type":"page","link":"https:\/\/visitteo.com\/fr\/terms-of-use\/","title":{"rendered":"Conditions d&#8217;utilisation"},"content":{"rendered":"<p>Veuillez lire attentivement ces conditions d&#8217;utilisation avant d&#8217;acc\u00e9der, d&#8217;utiliser ou d&#8217;obtenir tout mat\u00e9riel, information, produit ou service via ce site Web. En acc\u00e9dant, en utilisant ou en obtenant tout contenu, donn\u00e9es, mat\u00e9riaux, informations, produits ou services via le site <a href=\"https:\/\/visitteo.com\/fr\/\" target=\"_blank\" rel=\"noopener noreferrer\">www.visitteo.com<\/a> (le \u00abService\u00bb), vous acceptez d&#8217;\u00eatre li\u00e9 par ces termes et conditions (\u00abConditions\u00bb, \u00abConditions d&#8217;utilisation\u00bb) et notre <a href=\"https:\/\/visitteo.com\/fr\/politique-de-confidentialite\/\" target=\"_blank\" rel=\"noopener noreferrer\">politique de confidentialit\u00e9<\/a>. Si vous n&#8217;acceptez pas toutes ces conditions, vous ne pouvez pas utiliser les services. Dans ces Conditions, \u00abnous\u00bb, \u00abnotre\u00bb, \u00abnotre\u00bb fait r\u00e9f\u00e9rence \u00e0 Atlas, LLC., Et \u00abvous\u00bb ou \u00abvotre\u00bb vous d\u00e9signe en tant qu&#8217;utilisateur des Services.<\/p>\n<p>Votre acc\u00e8s et votre utilisation du Service sont conditionn\u00e9s par votre acceptation et votre respect des pr\u00e9sentes Conditions. Ces conditions s&#8217;appliquent \u00e0 tous les visiteurs, utilisateurs et autres personnes qui acc\u00e8dent ou utilisent le service. Ces termes et conditions r\u00e9gissent votre utilisation de ce site Web. En utilisant ce site Web, vous acceptez ces termes et conditions dans leur int\u00e9gralit\u00e9. En acc\u00e9dant ou en utilisant le Service, vous acceptez d&#8217;\u00eatre li\u00e9 par ces Conditions.<\/p>\n<p>Si vous n&#8217;\u00eates pas d&#8217;accord avec une partie des conditions, vous ne pouvez pas acc\u00e9der au Service. Veuillez lire attentivement ces termes et conditions d&#8217;utilisation avant d&#8217;utiliser ou d&#8217;obtenir tout mat\u00e9riel, information, produit ou service via ce site Web. Vous devez \u00e9galement lire la <a href=\"https:\/\/visitteo.com\/fr\/politique-de-confidentialite\/\" target=\"_blank\" rel=\"noopener noreferrer\">politique de confidentialit\u00e9<\/a> de Visitteo, qui est int\u00e9gr\u00e9e par r\u00e9f\u00e9rence dans le pr\u00e9sent accord et disponible dans le service. Si vous n&#8217;acceptez pas et acceptez d&#8217;\u00eatre li\u00e9 par toutes les conditions de cet accord, y compris la <a href=\"https:\/\/visitteo.com\/fr\/politique-de-confidentialite\/\" target=\"_blank\" rel=\"noopener noreferrer\">politique de confidentialit\u00e9<\/a> de Visitteo, n&#8217;utilisez pas le service.<\/p>\n<h5><strong>Utilisation acceptable<\/strong><\/h5>\n<p>Sauf indication contraire, Visitteo d\u00e9tient les droits de propri\u00e9t\u00e9 intellectuelle sur le site Web et le mat\u00e9riel sur le site Web. Tous ces droits de propri\u00e9t\u00e9 intellectuelle sont r\u00e9serv\u00e9s. Vous pouvez afficher, t\u00e9l\u00e9charger \u00e0 des fins de mise en cache uniquement et imprimer des pages ou tout autre contenu du site Web pour votre usage personnel, sous r\u00e9serve des restrictions \u00e9nonc\u00e9es ci-dessous et ailleurs dans les pr\u00e9sentes conditions g\u00e9n\u00e9rales.<\/p>\n<p>De plus, vous acceptez de ne pas:<\/p>\n<ul>\n<li>Utilisez ce site Web de quelque mani\u00e8re que ce soit qui cause, ou peut causer, des dommages au site Web ou une alt\u00e9ration de la disponibilit\u00e9 ou de l&#8217;accessibilit\u00e9 du site Web, ou de quelque mani\u00e8re que ce soit qui est ill\u00e9gale, ill\u00e9gale, frauduleuse ou nuisible, ou en relation avec toute ill\u00e9galit\u00e9, ill\u00e9gale , finalit\u00e9 ou activit\u00e9 frauduleuse ou nuisible.<\/li>\n<li>Utilisez ce site Web pour copier, stocker, h\u00e9berger, transmettre, envoyer, utiliser, publier ou distribuer tout mat\u00e9riel qui consiste en (ou est li\u00e9 \u00e0) un logiciel espion, un virus informatique. Cheval de Troie, ver, enregistreur de frappe ou autre logiciel malveillant.<\/li>\n<li>Mener des activit\u00e9s de collecte de donn\u00e9es syst\u00e9matiques ou automatis\u00e9es (y compris, sans s&#8217;y limiter, le grattage, l&#8217;exploration de donn\u00e9es, l&#8217;extraction de donn\u00e9es et la collecte de donn\u00e9es) sur ou en relation avec ce site Web sans le consentement \u00e9crit expr\u00e8s de Visiteeo.<\/li>\n<li>Utiliser tout appareil, logiciel ou routine qui interf\u00e8re ou tente d&#8217;interf\u00e9rer avec le fonctionnement normal de notre site Web ou entreprendre toute action qui impose une charge d\u00e9raisonnable sur notre ordinateur ou notre \u00e9quipement r\u00e9seau.<\/li>\n<li>Utilisez ce site Web \u00e0 des fins li\u00e9es au marketing sans le consentement \u00e9crit expr\u00e8s de Visiteeo.<\/li>\n<li>Utilisez ce site Web pour transmettre ou envoyer des communications commerciales non sollicit\u00e9es.<\/li>\n<li>Publier ou distribuer tout mat\u00e9riel sur notre site Web qui viole les droits d&#8217;un tiers.<\/li>\n<li>Republier le mat\u00e9riel de ce site Web (y compris la republication sur un autre site Web).<\/li>\n<li>Reproduire, dupliquer, copier ou exploiter autrement le mat\u00e9riel de ce site Web \u00e0 des fins commerciales.<\/li>\n<li>Vendre, louer ou sous-licencier du mat\u00e9riel du site Web.<\/li>\n<li>Afficher tout mat\u00e9riel du site Web en public.<\/li>\n<li>Modifier ou modifier de quelque mani\u00e8re que ce soit tout mat\u00e9riel sur le site Web.<\/li>\n<li>Redistribuez le mat\u00e9riel de ce site Web.<\/li>\n<li>Utilisez notre site Web pour collecter ou stocker des donn\u00e9es personnelles sur des tiers.<\/li>\n<\/ul>\n<h5><strong>Liens vers d&#8217;autres sites Web<\/strong><\/h5>\n<p>Notre service peut contenir des liens vers des sites Web ou des services tiers qui ne sont ni d\u00e9tenus ni contr\u00f4l\u00e9s par Visitteo. Vous convenez que Visitteo n&#8217;est pas responsable de l&#8217;exactitude ou de l&#8217;exhaustivit\u00e9 des informations qu&#8217;elle peut recevoir de ces autres sites Web. Votre utilisation de tout autre site Web accessible via notre site Web est \u00e0 vos propres risques. Visitteo n&#8217;a aucun contr\u00f4le sur et n&#8217;assume aucune responsabilit\u00e9 pour le contenu, les politiques de confidentialit\u00e9 ou les pratiques de tout site Web ou service tiers. Vous reconnaissez et acceptez en outre que Visitteo ne sera pas responsable, directement ou indirectement, de tout dommage ou perte caus\u00e9, pr\u00e9tendument caus\u00e9 par, en relation avec l&#8217;utilisation ou la confiance en ces contenus, biens ou services disponibles sur ou via l&#8217;un de ces sites Web ou services.<\/p>\n<p>Nous vous conseillons vivement de lire les termes et conditions et les politiques de confidentialit\u00e9 de tous les sites Web ou services tiers que vous visitez.<\/p>\n<h5><strong>Avis de non-responsabilit\u00e9<\/strong><\/h5>\n<p>Les informations contenues dans ce site Web sont uniquement \u00e0 des fins d&#8217;information g\u00e9n\u00e9rale. Les informations sont fournies par Visitteo et bien que nous nous efforcions de maintenir les informations \u00e0 jour et correctes, nous ne faisons aucune repr\u00e9sentation ou garantie de quelque nature que ce soit, expresse ou implicite, quant \u00e0 l&#8217;exhaustivit\u00e9, l&#8217;exactitude, la fiabilit\u00e9, l&#8217;ad\u00e9quation ou la disponibilit\u00e9 en ce qui concerne le site Web ou les informations, produits, services ou graphiques associ\u00e9s contenus sur le site Web \u00e0 quelque fin que ce soit. Toute confiance que vous accordez \u00e0 ces informations est donc strictement \u00e0 vos propres risques.<\/p>\n<p>En aucun cas, nous ne serons responsables de toute perte, dommage, blessure corporelle ou d\u00e9c\u00e8s, y compris, sans limitation, perte ou dommage indirect ou cons\u00e9cutif, ou toute perte ou dommage r\u00e9sultant de la perte de donn\u00e9es ou de b\u00e9n\u00e9fices d\u00e9coulant de, ou en relation avec, l&#8217;utilisation de ce site Web. Gr\u00e2ce \u00e0 ce site Web, vous pouvez cr\u00e9er des liens vers d&#8217;autres sites Web qui ne sont pas sous le contr\u00f4le de Visitteo.<\/p>\n<p>Nous n&#8217;avons aucun contr\u00f4le sur la nature, le contenu et la disponibilit\u00e9 de ces sites Web. Visitteo n&#8217;assume aucune responsabilit\u00e9 pour les publicit\u00e9s de tiers qui sont publi\u00e9es sur, via ou en relation avec les Services, ou n&#8217;assume aucune responsabilit\u00e9 pour les produits ou services fournis par ces tiers. L&#8217;inclusion de liens n&#8217;implique pas n\u00e9cessairement une recommandation ou n&#8217;approuve pas les opinions exprim\u00e9es en leur sein. Tous les efforts sont faits pour que le site Web reste op\u00e9rationnel et fonctionne correctement. Cependant, Visitteo n&#8217;assume aucune responsabilit\u00e9 pour, et ne sera pas responsable, du site Web \u00e9tant temporairement indisponible en raison de probl\u00e8mes techniques ind\u00e9pendants de notre volont\u00e9.<\/p>\n<h5><strong>Limitation de responsabilit\u00e9<\/strong><\/h5>\n<p>Votre utilisation de toute information ou mat\u00e9riel sur ce site Web est enti\u00e8rement \u00e0 vos propres risques, pour lesquels nous ne serons pas responsables. Il est de votre responsabilit\u00e9 de vous assurer que tous les produits, services ou informations disponibles sur ce site Web r\u00e9pondent \u00e0 vos exigences sp\u00e9cifiques.<\/p>\n<p>De plus, Visitteo ne sera pas responsable de:<\/p>\n<ul>\n<li>Votre utilisation de toute information ou mat\u00e9riel sur ce site Web est enti\u00e8rement \u00e0 vos propres risques, pour lesquels nous ne serons pas responsables. Il est de votre responsabilit\u00e9 de vous assurer que tous les produits, services ou informations disponibles sur ce site Web r\u00e9pondent \u00e0 vos exigences sp\u00e9cifiques.<\/li>\n<li>Vous ou tout tiers pour tout dommage indirect, cons\u00e9cutif, exemplaire, accessoire, sp\u00e9cial ou punitif, y compris, sans limitation, les dommages-int\u00e9r\u00eats pour perte de profit d\u00e9coulant de votre utilisation des services.<\/li>\n<li>Tout dommage ou virus pouvant infecter votre \u00e9quipement informatique ou autre propri\u00e9t\u00e9 \u00e0 la suite de votre acc\u00e8s au Service.<\/li>\n<li>Pour toute blessure, d\u00e9c\u00e8s, perte, r\u00e9clamation, cas de force majeure, accident, retard ou tout dommage direct, sp\u00e9cial, exemplaire, punitif, indirect, fortuit ou cons\u00e9cutif de quelque nature que ce soit. Y compris, sans limitation, les profits perdus ou les \u00e9conomies perdues.<\/li>\n<li>L&#8217;accomplissement de l&#8217;h\u00e9bergement r\u00e9serv\u00e9 via un site Web tiers auquel Visitteo fait r\u00e9f\u00e9rence. Veuillez lire les conditions g\u00e9n\u00e9rales du fournisseur au moment de la r\u00e9servation.<\/li>\n<li>Le contenu publi\u00e9 sur tout site Web tiers li\u00e9 \u00e0 Visitteo.<\/li>\n<li>La performance ou la non-ex\u00e9cution par nous ou par tout fournisseur<\/li>\n<\/ul>\n<h5><strong>Propri\u00e9t\u00e9 intellectuelle<\/strong><\/h5>\n<p>Le Service et son contenu, ses caract\u00e9ristiques et ses fonctionnalit\u00e9s d&#8217;origine sont et resteront la propri\u00e9t\u00e9 exclusive d&#8217;Atlas, LLC et de ses conc\u00e9dants de licence. Le Service est prot\u00e9g\u00e9 par les droits d&#8217;auteur, les marques de commerce et autres lois des pays europ\u00e9ens et \u00e9trangers. Nos marques et habillages commerciaux ne peuvent \u00eatre utilis\u00e9s en relation avec aucun produit ou service sans le consentement \u00e9crit pr\u00e9alable d&#8217;Atlas, LLC.<\/p>\n<h5><strong>Votre vie priv\u00e9e<\/strong><\/h5>\n<p>Votre utilisation de notre site Web est soumise \u00e0 notre <a href=\"https:\/\/visitteo.com\/fr\/politique-de-confidentialite\/\" target=\"_blank\" rel=\"noopener noreferrer\">politique de confidentialit\u00e9<\/a>, qui est incorpor\u00e9e dans cet accord par cette r\u00e9f\u00e9rence. En utilisant notre site Web, vous consentez \u00e0 l&#8217;utilisation de vos informations comme nous l&#8217;avons sp\u00e9cifi\u00e9 dans notre <a href=\"https:\/\/visitteo.com\/fr\/politique-de-confidentialite\/\" target=\"_blank\" rel=\"noopener noreferrer\">politique de confidentialit\u00e9<\/a>.<\/p>\n<h5><strong>Changements<\/strong><\/h5>\n<p>Nous nous r\u00e9servons le droit de modifier ou de remplacer ces Conditions \u00e0 tout moment. Lorsque nous publierons des modifications \u00e0 ces conditions d&#8217;utilisation, nous r\u00e9viserons la date de \u00abderni\u00e8re mise \u00e0 jour\u00bb au bas de ces conditions d&#8217;utilisation. En continuant \u00e0 acc\u00e9der ou \u00e0 utiliser notre Service apr\u00e8s l&#8217;entr\u00e9e en vigueur de ces r\u00e9visions, vous acceptez d&#8217;\u00eatre li\u00e9 par les conditions r\u00e9vis\u00e9es. Si vous n&#8217;acceptez pas les nouvelles conditions, veuillez cesser d&#8217;utiliser le Service.<\/p>\n<h5><strong>Nous contacter<\/strong><\/h5>\n<p>Si vous avez des questions sur ces conditions d&#8217;utilisation, veuillez nous contacter en envoyant un e-mail \u00e0: <a href=\"mailto:info@visitteo.com\" target=\"_blank\" rel=\"noopener noreferrer\">info@visitteo.com<\/a><\/p>\n<p><em>Derni\u00e8re mise \u00e0 jour: 25 octobre 2020<\/em><\/p>\n<p>&nbsp;<\/p>\n","protected":false},"excerpt":{"rendered":"<p>Veuillez lire attentivement ces conditions d&#8217;utilisation avant d&#8217;acc\u00e9der, d&#8217;utiliser ou d&#8217;obtenir tout mat\u00e9riel, information, produit ou service via ce site Web. En acc\u00e9dant, en utilisant ou en obtenant tout contenu, donn\u00e9es, mat\u00e9riaux, informations, produits ou services via le site www.visitteo.com (le \u00abService\u00bb), vous acceptez d&#8217;\u00eatre li\u00e9 par ces termes et conditions (\u00abConditions\u00bb, \u00abConditions d&#8217;utilisation\u00bb) et [&hellip;]<\/p>\n","protected":false},"author":5,"featured_media":0,"parent":0,"menu_order":101,"comment_status":"closed","ping_status":"closed","template":"","meta":{"_acf_changed":false,"footnotes":""},"class_list":["post-852","page","type-page","status-publish","hentry"],"acf":[],"yoast_head":"<!-- This site is optimized with the Yoast SEO plugin v27.3 - https:\/\/yoast.com\/product\/yoast-seo-wordpress\/ -->\n<title>Terms of use - Visitteo<\/title>\n<meta name=\"description\" content=\"Please read these Terms of Use (&quot;Terms&quot;, &quot;Terms of Service&quot;) carefully before using the www.visitteo.com website (the &quot;Service&quot;).\" \/>\n<meta name=\"robots\" content=\"index, follow, max-snippet:-1, max-image-preview:large, max-video-preview:-1\" \/>\n<link rel=\"canonical\" href=\"https:\/\/visitteo.com\/fr\/terms-of-use\/\" \/>\n<meta property=\"og:locale\" content=\"fr_FR\" \/>\n<meta property=\"og:type\" content=\"article\" \/>\n<meta property=\"og:title\" content=\"Terms of use - Visitteo\" \/>\n<meta property=\"og:description\" content=\"Please read these Terms of Use (&quot;Terms&quot;, &quot;Terms of Service&quot;) carefully before using the www.visitteo.com website (the &quot;Service&quot;).\" \/>\n<meta property=\"og:url\" content=\"https:\/\/visitteo.com\/fr\/terms-of-use\/\" \/>\n<meta property=\"og:site_name\" content=\"Visitteo\" \/>\n<meta property=\"article:publisher\" content=\"https:\/\/www.facebook.com\/visitteo\/\" \/>\n<meta property=\"article:modified_time\" content=\"2020-12-16T08:30:11+00:00\" \/>\n<meta property=\"og:image\" content=\"https:\/\/visitteo.com\/wp-content\/uploads\/2022\/10\/share-1.jpg\" \/>\n\t<meta property=\"og:image:width\" content=\"1200\" \/>\n\t<meta property=\"og:image:height\" content=\"630\" \/>\n\t<meta property=\"og:image:type\" content=\"image\/jpeg\" \/>\n<meta name=\"twitter:card\" content=\"summary_large_image\" \/>\n<meta name=\"twitter:site\" content=\"@visitteo\" \/>\n<meta name=\"twitter:label1\" content=\"Dur\u00e9e de lecture estim\u00e9e\" \/>\n\t<meta name=\"twitter:data1\" content=\"8 minutes\" \/>\n<script type=\"application\/ld+json\" class=\"yoast-schema-graph\">{\"@context\":\"https:\\\/\\\/schema.org\",\"@graph\":[{\"@type\":\"WebPage\",\"@id\":\"https:\\\/\\\/visitteo.com\\\/fr\\\/terms-of-use\\\/\",\"url\":\"https:\\\/\\\/visitteo.com\\\/fr\\\/terms-of-use\\\/\",\"name\":\"Terms of use - Visitteo\",\"isPartOf\":{\"@id\":\"https:\\\/\\\/visitteo.com\\\/fr\\\/#website\"},\"datePublished\":\"2017-04-25T09:48:54+00:00\",\"dateModified\":\"2020-12-16T08:30:11+00:00\",\"description\":\"Please read these Terms of Use (\\\"Terms\\\", \\\"Terms of Service\\\") carefully before using the www.visitteo.com website (the \\\"Service\\\").\",\"breadcrumb\":{\"@id\":\"https:\\\/\\\/visitteo.com\\\/fr\\\/terms-of-use\\\/#breadcrumb\"},\"inLanguage\":\"fr-FR\",\"potentialAction\":[{\"@type\":\"ReadAction\",\"target\":[\"https:\\\/\\\/visitteo.com\\\/fr\\\/terms-of-use\\\/\"]}]},{\"@type\":\"BreadcrumbList\",\"@id\":\"https:\\\/\\\/visitteo.com\\\/fr\\\/terms-of-use\\\/#breadcrumb\",\"itemListElement\":[{\"@type\":\"ListItem\",\"position\":1,\"name\":\"Homepage\",\"item\":\"https:\\\/\\\/visitteo.com\\\/fr\\\/\"},{\"@type\":\"ListItem\",\"position\":2,\"name\":\"Conditions d&rsquo;utilisation\"}]},{\"@type\":\"WebSite\",\"@id\":\"https:\\\/\\\/visitteo.com\\\/fr\\\/#website\",\"url\":\"https:\\\/\\\/visitteo.com\\\/fr\\\/\",\"name\":\"Visitteo\",\"description\":\"Visitteo is a metasearch engine for car rental.\",\"publisher\":{\"@id\":\"https:\\\/\\\/visitteo.com\\\/fr\\\/#organization\"},\"potentialAction\":[{\"@type\":\"SearchAction\",\"target\":{\"@type\":\"EntryPoint\",\"urlTemplate\":\"https:\\\/\\\/visitteo.com\\\/fr\\\/?s={search_term_string}\"},\"query-input\":{\"@type\":\"PropertyValueSpecification\",\"valueRequired\":true,\"valueName\":\"search_term_string\"}}],\"inLanguage\":\"fr-FR\"},{\"@type\":\"Organization\",\"@id\":\"https:\\\/\\\/visitteo.com\\\/fr\\\/#organization\",\"name\":\"Visitteo\",\"url\":\"https:\\\/\\\/visitteo.com\\\/fr\\\/\",\"logo\":{\"@type\":\"ImageObject\",\"inLanguage\":\"fr-FR\",\"@id\":\"https:\\\/\\\/visitteo.com\\\/fr\\\/#\\\/schema\\\/logo\\\/image\\\/\",\"url\":\"https:\\\/\\\/visitteo.com\\\/wp-content\\\/uploads\\\/2024\\\/09\\\/organization_logo.png\",\"contentUrl\":\"https:\\\/\\\/visitteo.com\\\/wp-content\\\/uploads\\\/2024\\\/09\\\/organization_logo.png\",\"width\":840,\"height\":840,\"caption\":\"Visitteo\"},\"image\":{\"@id\":\"https:\\\/\\\/visitteo.com\\\/fr\\\/#\\\/schema\\\/logo\\\/image\\\/\"},\"sameAs\":[\"https:\\\/\\\/www.facebook.com\\\/visitteo\\\/\",\"https:\\\/\\\/x.com\\\/visitteo\",\"https:\\\/\\\/www.instagram.com\\\/visitteo\\\/\",\"https:\\\/\\\/www.pinterest.com\\\/visitteo\\\/pins\\\/\"]}]}<\/script>\n<!-- \/ Yoast SEO plugin. -->","yoast_head_json":{"title":"Terms of use - Visitteo","description":"Please read these Terms of Use (\"Terms\", \"Terms of Service\") carefully before using the www.visitteo.com website (the \"Service\").","robots":{"index":"index","follow":"follow","max-snippet":"max-snippet:-1","max-image-preview":"max-image-preview:large","max-video-preview":"max-video-preview:-1"},"canonical":"https:\/\/visitteo.com\/fr\/terms-of-use\/","og_locale":"fr_FR","og_type":"article","og_title":"Terms of use - Visitteo","og_description":"Please read these Terms of Use (\"Terms\", \"Terms of Service\") carefully before using the www.visitteo.com website (the \"Service\").","og_url":"https:\/\/visitteo.com\/fr\/terms-of-use\/","og_site_name":"Visitteo","article_publisher":"https:\/\/www.facebook.com\/visitteo\/","article_modified_time":"2020-12-16T08:30:11+00:00","og_image":[{"width":1200,"height":630,"url":"https:\/\/visitteo.com\/wp-content\/uploads\/2022\/10\/share-1.jpg","type":"image\/jpeg"}],"twitter_card":"summary_large_image","twitter_site":"@visitteo","twitter_misc":{"Dur\u00e9e de lecture estim\u00e9e":"8 minutes"},"schema":{"@context":"https:\/\/schema.org","@graph":[{"@type":"WebPage","@id":"https:\/\/visitteo.com\/fr\/terms-of-use\/","url":"https:\/\/visitteo.com\/fr\/terms-of-use\/","name":"Terms of use - Visitteo","isPartOf":{"@id":"https:\/\/visitteo.com\/fr\/#website"},"datePublished":"2017-04-25T09:48:54+00:00","dateModified":"2020-12-16T08:30:11+00:00","description":"Please read these Terms of Use (\"Terms\", \"Terms of Service\") carefully before using the www.visitteo.com website (the \"Service\").","breadcrumb":{"@id":"https:\/\/visitteo.com\/fr\/terms-of-use\/#breadcrumb"},"inLanguage":"fr-FR","potentialAction":[{"@type":"ReadAction","target":["https:\/\/visitteo.com\/fr\/terms-of-use\/"]}]},{"@type":"BreadcrumbList","@id":"https:\/\/visitteo.com\/fr\/terms-of-use\/#breadcrumb","itemListElement":[{"@type":"ListItem","position":1,"name":"Homepage","item":"https:\/\/visitteo.com\/fr\/"},{"@type":"ListItem","position":2,"name":"Conditions d&rsquo;utilisation"}]},{"@type":"WebSite","@id":"https:\/\/visitteo.com\/fr\/#website","url":"https:\/\/visitteo.com\/fr\/","name":"Visitteo","description":"Visitteo is a metasearch engine for car rental.","publisher":{"@id":"https:\/\/visitteo.com\/fr\/#organization"},"potentialAction":[{"@type":"SearchAction","target":{"@type":"EntryPoint","urlTemplate":"https:\/\/visitteo.com\/fr\/?s={search_term_string}"},"query-input":{"@type":"PropertyValueSpecification","valueRequired":true,"valueName":"search_term_string"}}],"inLanguage":"fr-FR"},{"@type":"Organization","@id":"https:\/\/visitteo.com\/fr\/#organization","name":"Visitteo","url":"https:\/\/visitteo.com\/fr\/","logo":{"@type":"ImageObject","inLanguage":"fr-FR","@id":"https:\/\/visitteo.com\/fr\/#\/schema\/logo\/image\/","url":"https:\/\/visitteo.com\/wp-content\/uploads\/2024\/09\/organization_logo.png","contentUrl":"https:\/\/visitteo.com\/wp-content\/uploads\/2024\/09\/organization_logo.png","width":840,"height":840,"caption":"Visitteo"},"image":{"@id":"https:\/\/visitteo.com\/fr\/#\/schema\/logo\/image\/"},"sameAs":["https:\/\/www.facebook.com\/visitteo\/","https:\/\/x.com\/visitteo","https:\/\/www.instagram.com\/visitteo\/","https:\/\/www.pinterest.com\/visitteo\/pins\/"]}]}},"_links":{"self":[{"href":"https:\/\/visitteo.com\/fr\/wp-json\/wp\/v2\/pages\/852","targetHints":{"allow":["GET"]}}],"collection":[{"href":"https:\/\/visitteo.com\/fr\/wp-json\/wp\/v2\/pages"}],"about":[{"href":"https:\/\/visitteo.com\/fr\/wp-json\/wp\/v2\/types\/page"}],"author":[{"embeddable":true,"href":"https:\/\/visitteo.com\/fr\/wp-json\/wp\/v2\/users\/5"}],"replies":[{"embeddable":true,"href":"https:\/\/visitteo.com\/fr\/wp-json\/wp\/v2\/comments?post=852"}],"version-history":[{"count":0,"href":"https:\/\/visitteo.com\/fr\/wp-json\/wp\/v2\/pages\/852\/revisions"}],"wp:attachment":[{"href":"https:\/\/visitteo.com\/fr\/wp-json\/wp\/v2\/media?parent=852"}],"curies":[{"name":"wp","href":"https:\/\/api.w.org\/{rel}","templated":true}]}}