{"id":1207,"date":"2017-02-22T12:45:11","date_gmt":"2017-02-22T11:45:11","guid":{"rendered":"https:\/\/visitteo.com\/homepage\/"},"modified":"2026-02-14T12:42:09","modified_gmt":"2026-02-14T11:42:09","slug":"homepage","status":"publish","type":"page","link":"https:\/\/visitteo.com\/hr\/","title":{"rendered":"Homepage"},"content":{"rendered":"<p>[do_widget &#8220;Visiteeo Search Widget&#8221;]<\/p>\n","protected":false},"excerpt":{"rendered":"<p>[do_widget &#8220;Visiteeo Search Widget&#8221;]<\/p>\n","protected":false},"author":5,"featured_media":0,"parent":0,"menu_order":1,"comment_status":"closed","ping_status":"closed","template":"","meta":{"_acf_changed":false,"footnotes":""},"class_list":["post-1207","page","type-page","status-publish","hentry"],"acf":[],"yoast_head":"<!-- This site is optimized with the Yoast SEO plugin v27.3 - https:\/\/yoast.com\/product\/yoast-seo-wordpress\/ -->\n<title>Visitteo | Jeftini Najam Automobila - Usporedite i U\u0161tedite<\/title>\n<meta name=\"description\" content=\"Usporedite cijene najma automobila i u\u0161tedite vrijeme i novac. Svi svjetski rent a car brendovi na jednom mjestu. Prona\u0111ite najbolje ponude izme\u0111u 500+ tvrtki za iznajmljivanje automobila odjednom.\" \/>\n<meta name=\"robots\" content=\"index, follow, max-snippet:-1, max-image-preview:large, max-video-preview:-1\" \/>\n<link rel=\"canonical\" href=\"https:\/\/visitteo.com\/hr\/\" \/>\n<meta property=\"og:locale\" content=\"hr_HR\" \/>\n<meta property=\"og:type\" content=\"article\" \/>\n<meta property=\"og:title\" content=\"Visitteo | Ku\u0107e za Odmor, Apartmani i Vile u Hrvatskoj\" \/>\n<meta property=\"og:description\" content=\"Usporedite cijene najma automobila i u\u0161tedite vrijeme i novac. Svi svjetski rent a car brendovi na jednom mjestu. Prona\u0111ite najbolje ponude izme\u0111u 500+ tvrtki za iznajmljivanje automobila odjednom.\" \/>\n<meta property=\"og:url\" content=\"https:\/\/visitteo.com\/hr\/\" \/>\n<meta property=\"og:site_name\" content=\"Visitteo\" \/>\n<meta property=\"article:publisher\" content=\"https:\/\/www.facebook.com\/visitteo\/\" \/>\n<meta property=\"article:modified_time\" content=\"2026-02-14T11:42:09+00:00\" \/>\n<meta property=\"og:image\" content=\"https:\/\/visitteo.com\/wp-content\/uploads\/2020\/12\/St.-Peter-lighthouse-Makarska-Croatia.jpg\" \/>\n\t<meta property=\"og:image:width\" content=\"1200\" \/>\n\t<meta property=\"og:image:height\" content=\"628\" \/>\n\t<meta property=\"og:image:type\" content=\"image\/jpeg\" \/>\n<meta name=\"twitter:card\" content=\"summary_large_image\" \/>\n<meta name=\"twitter:title\" content=\"Visitteo | Ku\u0107e za Odmor, Apartmani i Vile u Hrvatskoj\" \/>\n<meta name=\"twitter:site\" content=\"@visitteo\" \/>\n<meta name=\"twitter:label1\" content=\"Procijenjeno vrijeme \u010ditanja\" \/>\n\t<meta name=\"twitter:data1\" content=\"6 minuta\" \/>\n<script type=\"application\/ld+json\" class=\"yoast-schema-graph\">{\"@context\":\"https:\\\/\\\/schema.org\",\"@graph\":[{\"@type\":\"WebPage\",\"@id\":\"https:\\\/\\\/visitteo.com\\\/hr\\\/\",\"url\":\"https:\\\/\\\/visitteo.com\\\/hr\\\/\",\"name\":\"Visitteo | Jeftini Najam Automobila - Usporedite i U\u0161tedite\",\"isPartOf\":{\"@id\":\"https:\\\/\\\/visitteo.com\\\/hr\\\/#website\"},\"datePublished\":\"2017-02-22T11:45:11+00:00\",\"dateModified\":\"2026-02-14T11:42:09+00:00\",\"description\":\"Usporedite cijene najma automobila i u\u0161tedite vrijeme i novac. Svi svjetski rent a car brendovi na jednom mjestu. Prona\u0111ite najbolje ponude izme\u0111u 500+ tvrtki za iznajmljivanje automobila odjednom.\",\"breadcrumb\":{\"@id\":\"https:\\\/\\\/visitteo.com\\\/hr\\\/#breadcrumb\"},\"inLanguage\":\"hr\",\"potentialAction\":[{\"@type\":\"ReadAction\",\"target\":[\"https:\\\/\\\/visitteo.com\\\/hr\\\/\"]}]},{\"@type\":\"BreadcrumbList\",\"@id\":\"https:\\\/\\\/visitteo.com\\\/hr\\\/#breadcrumb\",\"itemListElement\":[{\"@type\":\"ListItem\",\"position\":1,\"name\":\"Naslovnica\",\"item\":\"https:\\\/\\\/visitteo.com\\\/hr\\\/\"},{\"@type\":\"ListItem\",\"position\":2,\"name\":\"Homepage\"}]},{\"@type\":\"WebSite\",\"@id\":\"https:\\\/\\\/visitteo.com\\\/hr\\\/#website\",\"url\":\"https:\\\/\\\/visitteo.com\\\/hr\\\/\",\"name\":\"Visitteo\",\"description\":\"Visitteo je metapretra\u017eiva\u010d za iznajmljivanje automobila.\",\"publisher\":{\"@id\":\"https:\\\/\\\/visitteo.com\\\/hr\\\/#organization\"},\"potentialAction\":[{\"@type\":\"SearchAction\",\"target\":{\"@type\":\"EntryPoint\",\"urlTemplate\":\"https:\\\/\\\/visitteo.com\\\/hr\\\/?s={search_term_string}\"},\"query-input\":{\"@type\":\"PropertyValueSpecification\",\"valueRequired\":true,\"valueName\":\"search_term_string\"}}],\"inLanguage\":\"hr\"},{\"@type\":\"Organization\",\"@id\":\"https:\\\/\\\/visitteo.com\\\/hr\\\/#organization\",\"name\":\"Visitteo\",\"url\":\"https:\\\/\\\/visitteo.com\\\/hr\\\/\",\"logo\":{\"@type\":\"ImageObject\",\"inLanguage\":\"hr\",\"@id\":\"https:\\\/\\\/visitteo.com\\\/hr\\\/#\\\/schema\\\/logo\\\/image\\\/\",\"url\":\"https:\\\/\\\/visitteo.com\\\/wp-content\\\/uploads\\\/2024\\\/09\\\/organization_logo.png\",\"contentUrl\":\"https:\\\/\\\/visitteo.com\\\/wp-content\\\/uploads\\\/2024\\\/09\\\/organization_logo.png\",\"width\":840,\"height\":840,\"caption\":\"Visitteo\"},\"image\":{\"@id\":\"https:\\\/\\\/visitteo.com\\\/hr\\\/#\\\/schema\\\/logo\\\/image\\\/\"},\"sameAs\":[\"https:\\\/\\\/www.facebook.com\\\/visitteo\\\/\",\"https:\\\/\\\/x.com\\\/visitteo\",\"https:\\\/\\\/www.instagram.com\\\/visitteo\\\/\",\"https:\\\/\\\/www.pinterest.com\\\/visitteo\\\/pins\\\/\"]}]}<\/script>\n<!-- \/ Yoast SEO plugin. -->","yoast_head_json":{"title":"Visitteo | Jeftini Najam Automobila - Usporedite i U\u0161tedite","description":"Usporedite cijene najma automobila i u\u0161tedite vrijeme i novac. Svi svjetski rent a car brendovi na jednom mjestu. Prona\u0111ite najbolje ponude izme\u0111u 500+ tvrtki za iznajmljivanje automobila odjednom.","robots":{"index":"index","follow":"follow","max-snippet":"max-snippet:-1","max-image-preview":"max-image-preview:large","max-video-preview":"max-video-preview:-1"},"canonical":"https:\/\/visitteo.com\/hr\/","og_locale":"hr_HR","og_type":"article","og_title":"Visitteo | Ku\u0107e za Odmor, Apartmani i Vile u Hrvatskoj","og_description":"Usporedite cijene najma automobila i u\u0161tedite vrijeme i novac. Svi svjetski rent a car brendovi na jednom mjestu. Prona\u0111ite najbolje ponude izme\u0111u 500+ tvrtki za iznajmljivanje automobila odjednom.","og_url":"https:\/\/visitteo.com\/hr\/","og_site_name":"Visitteo","article_publisher":"https:\/\/www.facebook.com\/visitteo\/","article_modified_time":"2026-02-14T11:42:09+00:00","og_image":[{"width":1200,"height":628,"url":"https:\/\/visitteo.com\/wp-content\/uploads\/2020\/12\/St.-Peter-lighthouse-Makarska-Croatia.jpg","type":"image\/jpeg"}],"twitter_card":"summary_large_image","twitter_title":"Visitteo | Ku\u0107e za Odmor, Apartmani i Vile u Hrvatskoj","twitter_site":"@visitteo","twitter_misc":{"Procijenjeno vrijeme \u010ditanja":"6 minuta"},"schema":{"@context":"https:\/\/schema.org","@graph":[{"@type":"WebPage","@id":"https:\/\/visitteo.com\/hr\/","url":"https:\/\/visitteo.com\/hr\/","name":"Visitteo | Jeftini Najam Automobila - Usporedite i U\u0161tedite","isPartOf":{"@id":"https:\/\/visitteo.com\/hr\/#website"},"datePublished":"2017-02-22T11:45:11+00:00","dateModified":"2026-02-14T11:42:09+00:00","description":"Usporedite cijene najma automobila i u\u0161tedite vrijeme i novac. Svi svjetski rent a car brendovi na jednom mjestu. Prona\u0111ite najbolje ponude izme\u0111u 500+ tvrtki za iznajmljivanje automobila odjednom.","breadcrumb":{"@id":"https:\/\/visitteo.com\/hr\/#breadcrumb"},"inLanguage":"hr","potentialAction":[{"@type":"ReadAction","target":["https:\/\/visitteo.com\/hr\/"]}]},{"@type":"BreadcrumbList","@id":"https:\/\/visitteo.com\/hr\/#breadcrumb","itemListElement":[{"@type":"ListItem","position":1,"name":"Naslovnica","item":"https:\/\/visitteo.com\/hr\/"},{"@type":"ListItem","position":2,"name":"Homepage"}]},{"@type":"WebSite","@id":"https:\/\/visitteo.com\/hr\/#website","url":"https:\/\/visitteo.com\/hr\/","name":"Visitteo","description":"Visitteo je metapretra\u017eiva\u010d za iznajmljivanje automobila.","publisher":{"@id":"https:\/\/visitteo.com\/hr\/#organization"},"potentialAction":[{"@type":"SearchAction","target":{"@type":"EntryPoint","urlTemplate":"https:\/\/visitteo.com\/hr\/?s={search_term_string}"},"query-input":{"@type":"PropertyValueSpecification","valueRequired":true,"valueName":"search_term_string"}}],"inLanguage":"hr"},{"@type":"Organization","@id":"https:\/\/visitteo.com\/hr\/#organization","name":"Visitteo","url":"https:\/\/visitteo.com\/hr\/","logo":{"@type":"ImageObject","inLanguage":"hr","@id":"https:\/\/visitteo.com\/hr\/#\/schema\/logo\/image\/","url":"https:\/\/visitteo.com\/wp-content\/uploads\/2024\/09\/organization_logo.png","contentUrl":"https:\/\/visitteo.com\/wp-content\/uploads\/2024\/09\/organization_logo.png","width":840,"height":840,"caption":"Visitteo"},"image":{"@id":"https:\/\/visitteo.com\/hr\/#\/schema\/logo\/image\/"},"sameAs":["https:\/\/www.facebook.com\/visitteo\/","https:\/\/x.com\/visitteo","https:\/\/www.instagram.com\/visitteo\/","https:\/\/www.pinterest.com\/visitteo\/pins\/"]}]}},"_links":{"self":[{"href":"https:\/\/visitteo.com\/hr\/wp-json\/wp\/v2\/pages\/1207","targetHints":{"allow":["GET"]}}],"collection":[{"href":"https:\/\/visitteo.com\/hr\/wp-json\/wp\/v2\/pages"}],"about":[{"href":"https:\/\/visitteo.com\/hr\/wp-json\/wp\/v2\/types\/page"}],"author":[{"embeddable":true,"href":"https:\/\/visitteo.com\/hr\/wp-json\/wp\/v2\/users\/5"}],"replies":[{"embeddable":true,"href":"https:\/\/visitteo.com\/hr\/wp-json\/wp\/v2\/comments?post=1207"}],"version-history":[{"count":1,"href":"https:\/\/visitteo.com\/hr\/wp-json\/wp\/v2\/pages\/1207\/revisions"}],"predecessor-version":[{"id":61139,"href":"https:\/\/visitteo.com\/hr\/wp-json\/wp\/v2\/pages\/1207\/revisions\/61139"}],"wp:attachment":[{"href":"https:\/\/visitteo.com\/hr\/wp-json\/wp\/v2\/media?parent=1207"}],"curies":[{"name":"wp","href":"https:\/\/api.w.org\/{rel}","templated":true}]}}