{"id":3463,"date":"2020-11-16T10:07:28","date_gmt":"2020-11-16T09:07:28","guid":{"rendered":"https:\/\/visitteo.com\/terms-of-use\/"},"modified":"2020-12-16T09:08:07","modified_gmt":"2020-12-16T08:08:07","slug":"uvjeti-koristenja","status":"publish","type":"page","link":"https:\/\/visitteo.com\/hr\/uvjeti-koristenja\/","title":{"rendered":"Uvjeti kori\u0161tenja"},"content":{"rendered":"<p>Molimo pa\u017eljivo pro\u010ditajte ove Uvjete kori\u0161tenja prije pristupa, kori\u0161tenja ili pribavljanja bilo kakvih materijala, informacija, proizvoda ili usluga putem ove web stranice. Pristupanjem, kori\u0161tenjem ili pribavljanjem bilo kojeg sadr\u017eaja, podataka, materijala, informacija, proizvoda ili usluga putem web stranice <a href=\"https:\/\/visitteo.com\/hr\/\" target=\"_blank\" rel=\"noopener noreferrer\">www.visitteo.com<\/a> (&#8220;Usluga&#8221;) pristajete na to da Vas obvezuju ovi uvjeti i odredbe (&#8220;Uvjeti&#8221;, &#8220;Uvjeti usluge&#8221;) i na\u0161a <a href=\"https:\/\/visitteo.com\/hr\/politika-privatnosti\/\" target=\"_blank\" rel=\"noopener noreferrer\">Politika privatnosti<\/a>. Ako ne prihvatite sve ove Uvjete, tada ne\u0107ete mo\u0107i koristiti Usluge. U ovim Uvjetima, &#8220;mi&#8221;, i &#8220;, &#8220;na\u0161e&#8221; odnosi se na Atlas, d.o.o. A &#8220;Vi&#8221; ili &#8220;Va\u0161e&#8221; odnosi se na Vas kao korisnika Usluga.<\/p>\n<p>Va\u0161 pristup i kori\u0161tenje Usluge uvjetovan je prihva\u0107anjem i po\u0161tivanjem ovih Uvjeta. Ovi se Uvjeti primjenjuju na sve posjetitelje, korisnike i druge koji pristupaju Usluzi ili je koriste. Ovi uvjeti i odredbe reguliraju va\u0161e kori\u0161tenje Usluge. Kori\u0161tenjem Usluge stranice prihva\u0107ate ove uvjete i odredbe u cijelosti. Pristupanjem ili kori\u0161tenjem Usluge pristajete na obvezu ovih Uvjeta.<\/p>\n<p>Ako se ne sla\u017eete s bilo kojim dijelom uvjeta, mo\u017eda ne\u0107ete imati pristup Usluzi. Molimo pa\u017eljivo pro\u010ditajte ove uvjete kori\u0161tenja prije kori\u0161tenja ili dobivanja bilo kakvih materijala, informacija, proizvoda ili usluga putem ove web stranice. Tako\u0111er biste trebali pro\u010ditati Pravila o privatnosti usluge Visitteo, koja su referencom uklju\u010dena u ovaj Ugovor i dostupna u Usluzi. Ako ne prihva\u0107ate da \u0107ete se obvezati na sve uvjete ovog Ugovora, uklju\u010duju\u0107i na\u0161u <a href=\"https:\/\/visitteo.com\/hr\/politika-privatnosti\/\" target=\"_blank\" rel=\"noopener noreferrer\">Politiku privatnosti<\/a>, nemojte koristiti Uslugu.<\/p>\n<h5><strong>Prihvatljiva upotreba<\/strong><\/h5>\n<p>Ako nije druga\u010dije navedeno, Visitteo posjeduje prava intelektualnog vlasni\u0161tva na web stranici. Sva su prava intelektualnog vlasni\u0161tva pridr\u017eana. Mo\u017eete pregledavati i preuzimati samo u svrhu predmemoriranja i ispisivati \u200b\u200bstranice ili drugi sadr\u017eaj s web stranice za svoju osobnu upotrebu, podlo\u017eno ograni\u010denjima navedenim u nastavku i drugdje u ovim uvjetima.<\/p>\n<p>Osim toga, sla\u017eete se da ne smijete:<\/p>\n<ul>\n<li>Koristiti ovu Uslugu na bilo koji na\u010din koji uzrokuje ili mo\u017ee prouzro\u010diti \u0161tetu na web stranici, o\u0161te\u0107enje dostupnosti ili dostupnosti web stranice, na bilo koji na\u010din koji je nezakonit, prijevaran, \u0161tetan ili u vezi s bilo kojim nezakonitim, la\u017enim ili \u0161tetnim aktivnostima.<\/li>\n<li>Koristiti ovu Uslugu za kopiranje, pohranjivanje, prijenos, slanje, kori\u0161tenje, objavljivanje ili distribuciju bilo kojeg materijala koji se sastoji od bilo kojeg \u0161pijunskog softvera ili ra\u010dunalnog virusa (ili je na njega povezan). Trojanski konj, crv ili drugi zlonamjerni ra\u010dunalni softver.<\/li>\n<li>Provoditi bilo koje sustavne ili automatizirane aktivnosti prikupljanja podataka (uklju\u010duju\u0107i bez ograni\u010denja, struganje podataka, va\u0111enje podataka, prikupljanje podataka i pohranu podataka) na ovoj web stranici ili u vezi s njim bez izri\u010ditog pismenog pristanka tvrtke Atlas d.o.o.<\/li>\n<li>Koristiti bilo koji ure\u0111aj ili softver koji ometaju ili poku\u0161avaju ometati normalan rad na\u0161e web stranice ili poduzimati bilo koju radnju koja name\u0107e nerazumno optere\u0107enje na\u0161eg servera ili mre\u017ene opreme.<\/li>\n<li>Koristiti ovu Uslugu u bilo koje svrhe povezane s marketingom bez izri\u010ditog pismenog pristanka tvrtke Atlas d.o.o.<\/li>\n<li>Koristiti ovu Uslugu za prijenos ili slanje ne\u017eeljenih komercijalnih komunikacija.<\/li>\n<li>Objaviti ili distribuirati bilo koji materijal na na\u0161oj web stranici koji kr\u0161i prava bilo koje tre\u0107e strane.<\/li>\n<li>Ponovno objaviti materijal s ove web stranice (uklju\u010duju\u0107i objavljivanje na drugoj web stranici).<\/li>\n<li>Reproducirajte, duplicirajte, kopirajte ili na drugi na\u010din eksploatirati materijal na ovoj web stranici u komercijalne svrhe.<\/li>\n<li>Prodaja, iznajmljivanje ili pod licenciranje materijala s web stranice.<\/li>\n<li>Iznijeti bilo koji materijal s web stranice javno.<\/li>\n<li>Urediti ili na bilo koji drugi na\u010din izmijenite bilo koji materijal na web stranici.<\/li>\n<li>Preraspodijeliti materijal s ove web stranice.<\/li>\n<li>Koristite na\u0161u Uslugu za prikupljanje ili pohranu osobnih podataka o drugima.<\/li>\n<\/ul>\n<h5><strong>Veze do drugih web stranica<\/strong><\/h5>\n<p>Na\u0161a usluga mo\u017ee sadr\u017eavati poveznice na web stranice ili usluge tre\u0107ih strana koje nisu u vlasni\u0161tvu ili pod na\u0161im nadzorom. Sla\u017eete se da Visitteo nije odgovoran za to\u010dnost ili cjelovitost podataka koje mo\u017ee dobiti s drugih web stranica. Kori\u0161tenje bilo koje druge web stranice kojoj se pristupa putem na\u0161e Uslugu koristite na vlastiti rizik. Visitteo nema kontrolu i ne preuzima nikakvu odgovornost za sadr\u017eaj, politike privatnosti ili prakse bilo kojih web stranica ili usluga tre\u0107ih strana. Nadalje prihva\u0107ate i sla\u017eete se da Visitteo ne\u0107e biti odgovoran, izravno ili neizravno, za bilo kakvu \u0161tetu, gubitak prouzro\u010den, navodno prouzro\u010den, povezan s upotrebom bilo kojeg takvog sadr\u017eaja, robe ili usluga dostupnih na ili putem bilo koje takve web stranice ili usluge.<\/p>\n<p>Preporu\u010dujemo Vam da pro\u010ditate uvjete i pravila i politike privatnosti bilo koje web stranice ili usluge tre\u0107e strane koju posjetite.<\/p>\n<h5><strong>Odricanje odgovornosti<\/strong><\/h5>\n<p>Podaci sadr\u017eani na ovoj web stranici su samo za op\u0107e informacije. Informacije nam pru\u017ea Visitteo, iako se trudimo da ih a\u017euriramo i ispravimo, ne daju nikakve izjave ili jamstva bilo koje vrste, izri\u010dite ili podrazumijevane, u potpunosti, to\u010dnosti, pouzdanosti, prikladnosti ili dostupnosti s obzirom na web stranicu ili informacije, proizvode, usluge ili srodne grafike sadr\u017eane na web stranici u bilo koju svrhu. Stoga se oslanjate na takve podatke isklju\u010divo na vlastiti rizik.<\/p>\n<p>Ni u kojem slu\u010daju ne\u0107emo biti odgovorni za bilo kakav gubitak, \u0161tetu, osobnu ozljedu ili smrt, uklju\u010duju\u0107i, bez ograni\u010denja, neizravne ili posljedi\u010dne gubitke ili o\u0161te\u0107enja ili bilo kakav gubitak ili \u0161tetu koja nastane zbog gubitka podataka ili dobiti koja proizlazi iz ili je u vezi s tim uz kori\u0161tenje ove web stranice. Putem ove web stranice mo\u017eete se povezati na druge web stranice koje nisu pod nadzorom tvrtke Atlas d.o.o.<\/p>\n<p>Nemamo kontrolu nad prirodom, sadr\u017eajem i dostupno\u0161\u0107u tih web stranica. Visitteo ne preuzima nikakvu odgovornost za oglase tre\u0107ih strana koji su objavljeni putem ili u vezi s Uslugama ili preuzima bilo kakvu odgovornost za robu ili usluge koje pru\u017eaju te tre\u0107e strane. Uklju\u010divanje bilo kakvih poveznica ne zna\u010di nu\u017eno preporuku ili odobravanje stavova izra\u017eenih unutar njih. Nastoji se u\u010diniti da web stranica funkcionira i radi bez zastoja. Me\u0111utim, Visitteo ne preuzima nikakvu odgovornost i ne\u0107e biti odgovoran za tu web stranicu koje je privremeno nedostupno zbog tehni\u010dkih problema izvan na\u0161e kontrole.<\/p>\n<h5><strong>Ograni\u010denje odgovornosti<\/strong><\/h5>\n<p>Kori\u0161tenje bilo kojih informacija ili materijala na ovoj web stranici u potpunosti je na Va\u0161 vlastiti rizik, za \u0161to ne\u0107emo biti odgovorni. Va\u0161a je odgovornost osigurati da bilo koji proizvodi, usluge ili podaci dostupni putem ove Usluge udovoljavaju Va\u0161im specifi\u010dnim zahtjevima.<\/p>\n<p>Uz to, Visitteo ne\u0107e biti odgovoran ili odgovoran za:<\/p>\n<ul>\n<li>Kori\u0161tenje bilo kakvih informacija ili materijala na ovoj web stranici u potpunosti je na vlastiti rizik za koji ne\u0107emo biti odgovorni. Va\u0161a je odgovornost osigurati da bilo koji proizvodi, usluge ili podaci dostupni putem ove web stranice udovoljavaju Va\u0161im specifi\u010dnim zahtjevima.<\/li>\n<li>Vi ili bilo koja tre\u0107a strana za bilo koju neizravnu, posljedi\u010dnu, uzro\u010dnu, slu\u010dajnu, posebnu ili kaznenu \u0161tetu, uklju\u010duju\u0107i, bez ograni\u010denja, \u0161tetu propu\u0161tenu zbog va\u0161eg kori\u0161tenja usluga.<\/li>\n<li>Sve \u0161tete ili virusi koji mogu zaraziti va\u0161u ra\u010dunalnu opremu ili drugu imovinu kao rezultat va\u0161eg pristupa Usluzi.<\/li>\n<li>Za svaku ozljedu, smrt, gubitak, zahtjev, Bo\u017eji \u010din, nesre\u0107u, odgodu ili bilo koju izravnu, posebnu, uzornu, kaznenu, neizravnu, slu\u010dajnu ili posljedi\u010dnu \u0161tetu bilo koje vrste. Uklju\u010duju\u0107i, bez ograni\u010denja, izgubljenu dobit ili izgubljenu u\u0161te\u0111evinu.<\/li>\n<li>Ispunjavanje smje\u0161taja rezerviranog putem bilo koje web stranice tre\u0107e strane na koju se poziva Visitteo. Molimo pro\u010ditajte uvjete i odredbe davatelja usluge prilikom rezervacije.<\/li>\n<li>Sadr\u017eaj objavljen na bilo kojoj web stranici tre\u0107e strane preusmjeren s na\u0161e Usluge.<\/li>\n<li>Izvo\u0111enje ili neizvo\u0111enje od strane nas ili bilo kojeg pru\u017eatelja usluga.<\/li>\n<\/ul>\n<h5><strong>Intelektualno vlasni\u0161tvo<\/strong><\/h5>\n<p>Usluga i njezin izvorni sadr\u017eaj, zna\u010dajke i funkcionalnost jesu i ostat \u0107e u isklju\u010divom vlasni\u0161tvu tvrtke Atlas d.o.o. i njegovih davatelja licenci. Usluga je za\u0161ti\u0107ena autorskim pravima, za\u0161titnim znakom i drugim zakonima europskih i stranih zemalja. Na\u0161i za\u0161titni znakovi i marke ne smiju se koristiti u vezi s bilo kojim proizvodom ili uslugom bez prethodnog pismenog pristanka tvrtke Atlas d.o.o.<\/p>\n<h5><strong>Va\u0161a privatnost<\/strong><\/h5>\n<p>Va\u0161a upotreba Usluge podlije\u017ee na\u0161oj <a href=\"https:\/\/visitteo.com\/hr\/politika-privatnosti\/\" target=\"_blank\" rel=\"noopener noreferrer\">Politici privatnosti<\/a>, koji su ovom referencom ugra\u0111eni u ovaj Ugovor. Kori\u0161tenjem na\u0161e Usluge pristajete na upotrebu va\u0161ih podataka kako smo naveli u na\u0161oj <a href=\"https:\/\/visitteo.com\/hr\/politika-privatnosti\/\" target=\"_blank\" rel=\"noopener noreferrer\">Politici privatnosti<\/a>.<\/p>\n<h5><strong>Promjene<\/strong><\/h5>\n<p>Zadr\u017eavamo pravo izmjene ili zamjene ovih Uvjeta u bilo kojem trenutku. Kada objavimo promjene ovih Uvjeta kori\u0161tenja, revidirat \u0107emo datum &#8220;zadnjeg a\u017euriranja&#8221; na dnu ovih Uvjeta kori\u0161tenja. Nastavkom pristupa na\u0161oj Usluzi ili kori\u0161tenja nakon \u0161to te revizije stupe na snagu, pristajete na to da vas obvezuju revidirani uvjeti. Ako se ne sla\u017eete s novim uvjetima, prestanite koristiti Uslugu.<\/p>\n<h5><strong>Kontaktirajte nas<\/strong><\/h5>\n<p>Ako imate bilo kakvih pitanja u vezi ovih Uvjeta kori\u0161tenja, kontaktirajte nas slanjem e-po\u0161te na: <a href=\"mailto:info@visitteo.com\">info@visitteo.com<\/a><\/p>\n<p><em>Posljednje a\u017euriranje: 25. listopada 2020<\/em><\/p>\n<p>&nbsp;<\/p>\n<p>&nbsp;<\/p>\n","protected":false},"excerpt":{"rendered":"<p>Molimo pa\u017eljivo pro\u010ditajte ove Uvjete kori\u0161tenja prije pristupa, kori\u0161tenja ili pribavljanja bilo kakvih materijala, informacija, proizvoda ili usluga putem ove web stranice. Pristupanjem, kori\u0161tenjem ili pribavljanjem bilo kojeg sadr\u017eaja, podataka, materijala, informacija, proizvoda ili usluga putem web stranice www.visitteo.com (&#8220;Usluga&#8221;) pristajete na to da Vas obvezuju ovi uvjeti i odredbe (&#8220;Uvjeti&#8221;, &#8220;Uvjeti usluge&#8221;) i na\u0161a [&hellip;]<\/p>\n","protected":false},"author":5,"featured_media":0,"parent":0,"menu_order":101,"comment_status":"closed","ping_status":"closed","template":"","meta":{"_acf_changed":false,"footnotes":""},"class_list":["post-3463","page","type-page","status-publish","hentry"],"acf":[],"yoast_head":"<!-- This site is optimized with the Yoast SEO plugin v27.3 - https:\/\/yoast.com\/product\/yoast-seo-wordpress\/ -->\n<title>Uvjeti kori\u0161tenja - Visitteo<\/title>\n<meta name=\"description\" content=\"Molimo pa\u017eljivo pro\u010ditajte ove Uvjete kori\u0161tenja (&quot;Uvjeti&quot;, &quot;Uvjeti pru\u017eanja usluge&quot;) prije kori\u0161tenja web stranice www.visitteo.com (&quot;Usluga&quot;).\" \/>\n<meta name=\"robots\" content=\"index, follow, max-snippet:-1, max-image-preview:large, max-video-preview:-1\" \/>\n<link rel=\"canonical\" href=\"https:\/\/visitteo.com\/hr\/uvjeti-koristenja\/\" \/>\n<meta property=\"og:locale\" content=\"hr_HR\" \/>\n<meta property=\"og:type\" content=\"article\" \/>\n<meta property=\"og:title\" content=\"Uvjeti kori\u0161tenja - Visitteo\" \/>\n<meta property=\"og:description\" content=\"Molimo pa\u017eljivo pro\u010ditajte ove Uvjete kori\u0161tenja (&quot;Uvjeti&quot;, &quot;Uvjeti pru\u017eanja usluge&quot;) prije kori\u0161tenja web stranice www.visitteo.com (&quot;Usluga&quot;).\" \/>\n<meta property=\"og:url\" content=\"https:\/\/visitteo.com\/hr\/uvjeti-koristenja\/\" \/>\n<meta property=\"og:site_name\" content=\"Visitteo\" \/>\n<meta property=\"article:publisher\" content=\"https:\/\/www.facebook.com\/visitteo\/\" \/>\n<meta property=\"article:modified_time\" content=\"2020-12-16T08:08:07+00:00\" \/>\n<meta property=\"og:image\" content=\"https:\/\/visitteo.com\/wp-content\/uploads\/2022\/10\/share-1.jpg\" \/>\n\t<meta property=\"og:image:width\" content=\"1200\" \/>\n\t<meta property=\"og:image:height\" content=\"630\" \/>\n\t<meta property=\"og:image:type\" content=\"image\/jpeg\" \/>\n<meta name=\"twitter:card\" content=\"summary_large_image\" \/>\n<meta name=\"twitter:site\" content=\"@visitteo\" \/>\n<meta name=\"twitter:label1\" content=\"Procijenjeno vrijeme \u010ditanja\" \/>\n\t<meta name=\"twitter:data1\" content=\"8 minuta\" \/>\n<script type=\"application\/ld+json\" class=\"yoast-schema-graph\">{\"@context\":\"https:\\\/\\\/schema.org\",\"@graph\":[{\"@type\":\"WebPage\",\"@id\":\"https:\\\/\\\/visitteo.com\\\/hr\\\/uvjeti-koristenja\\\/\",\"url\":\"https:\\\/\\\/visitteo.com\\\/hr\\\/uvjeti-koristenja\\\/\",\"name\":\"Uvjeti kori\u0161tenja - Visitteo\",\"isPartOf\":{\"@id\":\"https:\\\/\\\/visitteo.com\\\/hr\\\/#website\"},\"datePublished\":\"2020-11-16T09:07:28+00:00\",\"dateModified\":\"2020-12-16T08:08:07+00:00\",\"description\":\"Molimo pa\u017eljivo pro\u010ditajte ove Uvjete kori\u0161tenja (\\\"Uvjeti\\\", \\\"Uvjeti pru\u017eanja usluge\\\") prije kori\u0161tenja web stranice www.visitteo.com (\\\"Usluga\\\").\",\"breadcrumb\":{\"@id\":\"https:\\\/\\\/visitteo.com\\\/hr\\\/uvjeti-koristenja\\\/#breadcrumb\"},\"inLanguage\":\"hr\",\"potentialAction\":[{\"@type\":\"ReadAction\",\"target\":[\"https:\\\/\\\/visitteo.com\\\/hr\\\/uvjeti-koristenja\\\/\"]}]},{\"@type\":\"BreadcrumbList\",\"@id\":\"https:\\\/\\\/visitteo.com\\\/hr\\\/uvjeti-koristenja\\\/#breadcrumb\",\"itemListElement\":[{\"@type\":\"ListItem\",\"position\":1,\"name\":\"Naslovnica\",\"item\":\"https:\\\/\\\/visitteo.com\\\/hr\\\/\"},{\"@type\":\"ListItem\",\"position\":2,\"name\":\"Uvjeti kori\u0161tenja\"}]},{\"@type\":\"WebSite\",\"@id\":\"https:\\\/\\\/visitteo.com\\\/hr\\\/#website\",\"url\":\"https:\\\/\\\/visitteo.com\\\/hr\\\/\",\"name\":\"Visitteo\",\"description\":\"Visitteo je metapretra\u017eiva\u010d za iznajmljivanje automobila.\",\"publisher\":{\"@id\":\"https:\\\/\\\/visitteo.com\\\/hr\\\/#organization\"},\"potentialAction\":[{\"@type\":\"SearchAction\",\"target\":{\"@type\":\"EntryPoint\",\"urlTemplate\":\"https:\\\/\\\/visitteo.com\\\/hr\\\/?s={search_term_string}\"},\"query-input\":{\"@type\":\"PropertyValueSpecification\",\"valueRequired\":true,\"valueName\":\"search_term_string\"}}],\"inLanguage\":\"hr\"},{\"@type\":\"Organization\",\"@id\":\"https:\\\/\\\/visitteo.com\\\/hr\\\/#organization\",\"name\":\"Visitteo\",\"url\":\"https:\\\/\\\/visitteo.com\\\/hr\\\/\",\"logo\":{\"@type\":\"ImageObject\",\"inLanguage\":\"hr\",\"@id\":\"https:\\\/\\\/visitteo.com\\\/hr\\\/#\\\/schema\\\/logo\\\/image\\\/\",\"url\":\"https:\\\/\\\/visitteo.com\\\/wp-content\\\/uploads\\\/2024\\\/09\\\/organization_logo.png\",\"contentUrl\":\"https:\\\/\\\/visitteo.com\\\/wp-content\\\/uploads\\\/2024\\\/09\\\/organization_logo.png\",\"width\":840,\"height\":840,\"caption\":\"Visitteo\"},\"image\":{\"@id\":\"https:\\\/\\\/visitteo.com\\\/hr\\\/#\\\/schema\\\/logo\\\/image\\\/\"},\"sameAs\":[\"https:\\\/\\\/www.facebook.com\\\/visitteo\\\/\",\"https:\\\/\\\/x.com\\\/visitteo\",\"https:\\\/\\\/www.instagram.com\\\/visitteo\\\/\",\"https:\\\/\\\/www.pinterest.com\\\/visitteo\\\/pins\\\/\"]}]}<\/script>\n<!-- \/ Yoast SEO plugin. -->","yoast_head_json":{"title":"Uvjeti kori\u0161tenja - Visitteo","description":"Molimo pa\u017eljivo pro\u010ditajte ove Uvjete kori\u0161tenja (\"Uvjeti\", \"Uvjeti pru\u017eanja usluge\") prije kori\u0161tenja web stranice www.visitteo.com (\"Usluga\").","robots":{"index":"index","follow":"follow","max-snippet":"max-snippet:-1","max-image-preview":"max-image-preview:large","max-video-preview":"max-video-preview:-1"},"canonical":"https:\/\/visitteo.com\/hr\/uvjeti-koristenja\/","og_locale":"hr_HR","og_type":"article","og_title":"Uvjeti kori\u0161tenja - Visitteo","og_description":"Molimo pa\u017eljivo pro\u010ditajte ove Uvjete kori\u0161tenja (\"Uvjeti\", \"Uvjeti pru\u017eanja usluge\") prije kori\u0161tenja web stranice www.visitteo.com (\"Usluga\").","og_url":"https:\/\/visitteo.com\/hr\/uvjeti-koristenja\/","og_site_name":"Visitteo","article_publisher":"https:\/\/www.facebook.com\/visitteo\/","article_modified_time":"2020-12-16T08:08:07+00:00","og_image":[{"width":1200,"height":630,"url":"https:\/\/visitteo.com\/wp-content\/uploads\/2022\/10\/share-1.jpg","type":"image\/jpeg"}],"twitter_card":"summary_large_image","twitter_site":"@visitteo","twitter_misc":{"Procijenjeno vrijeme \u010ditanja":"8 minuta"},"schema":{"@context":"https:\/\/schema.org","@graph":[{"@type":"WebPage","@id":"https:\/\/visitteo.com\/hr\/uvjeti-koristenja\/","url":"https:\/\/visitteo.com\/hr\/uvjeti-koristenja\/","name":"Uvjeti kori\u0161tenja - Visitteo","isPartOf":{"@id":"https:\/\/visitteo.com\/hr\/#website"},"datePublished":"2020-11-16T09:07:28+00:00","dateModified":"2020-12-16T08:08:07+00:00","description":"Molimo pa\u017eljivo pro\u010ditajte ove Uvjete kori\u0161tenja (\"Uvjeti\", \"Uvjeti pru\u017eanja usluge\") prije kori\u0161tenja web stranice www.visitteo.com (\"Usluga\").","breadcrumb":{"@id":"https:\/\/visitteo.com\/hr\/uvjeti-koristenja\/#breadcrumb"},"inLanguage":"hr","potentialAction":[{"@type":"ReadAction","target":["https:\/\/visitteo.com\/hr\/uvjeti-koristenja\/"]}]},{"@type":"BreadcrumbList","@id":"https:\/\/visitteo.com\/hr\/uvjeti-koristenja\/#breadcrumb","itemListElement":[{"@type":"ListItem","position":1,"name":"Naslovnica","item":"https:\/\/visitteo.com\/hr\/"},{"@type":"ListItem","position":2,"name":"Uvjeti kori\u0161tenja"}]},{"@type":"WebSite","@id":"https:\/\/visitteo.com\/hr\/#website","url":"https:\/\/visitteo.com\/hr\/","name":"Visitteo","description":"Visitteo je metapretra\u017eiva\u010d za iznajmljivanje automobila.","publisher":{"@id":"https:\/\/visitteo.com\/hr\/#organization"},"potentialAction":[{"@type":"SearchAction","target":{"@type":"EntryPoint","urlTemplate":"https:\/\/visitteo.com\/hr\/?s={search_term_string}"},"query-input":{"@type":"PropertyValueSpecification","valueRequired":true,"valueName":"search_term_string"}}],"inLanguage":"hr"},{"@type":"Organization","@id":"https:\/\/visitteo.com\/hr\/#organization","name":"Visitteo","url":"https:\/\/visitteo.com\/hr\/","logo":{"@type":"ImageObject","inLanguage":"hr","@id":"https:\/\/visitteo.com\/hr\/#\/schema\/logo\/image\/","url":"https:\/\/visitteo.com\/wp-content\/uploads\/2024\/09\/organization_logo.png","contentUrl":"https:\/\/visitteo.com\/wp-content\/uploads\/2024\/09\/organization_logo.png","width":840,"height":840,"caption":"Visitteo"},"image":{"@id":"https:\/\/visitteo.com\/hr\/#\/schema\/logo\/image\/"},"sameAs":["https:\/\/www.facebook.com\/visitteo\/","https:\/\/x.com\/visitteo","https:\/\/www.instagram.com\/visitteo\/","https:\/\/www.pinterest.com\/visitteo\/pins\/"]}]}},"_links":{"self":[{"href":"https:\/\/visitteo.com\/hr\/wp-json\/wp\/v2\/pages\/3463","targetHints":{"allow":["GET"]}}],"collection":[{"href":"https:\/\/visitteo.com\/hr\/wp-json\/wp\/v2\/pages"}],"about":[{"href":"https:\/\/visitteo.com\/hr\/wp-json\/wp\/v2\/types\/page"}],"author":[{"embeddable":true,"href":"https:\/\/visitteo.com\/hr\/wp-json\/wp\/v2\/users\/5"}],"replies":[{"embeddable":true,"href":"https:\/\/visitteo.com\/hr\/wp-json\/wp\/v2\/comments?post=3463"}],"version-history":[{"count":0,"href":"https:\/\/visitteo.com\/hr\/wp-json\/wp\/v2\/pages\/3463\/revisions"}],"wp:attachment":[{"href":"https:\/\/visitteo.com\/hr\/wp-json\/wp\/v2\/media?parent=3463"}],"curies":[{"name":"wp","href":"https:\/\/api.w.org\/{rel}","templated":true}]}}