{"id":5133,"date":"2020-11-27T18:28:43","date_gmt":"2020-11-27T17:28:43","guid":{"rendered":"https:\/\/visitteo.com\/about-us\/"},"modified":"2022-11-02T15:55:05","modified_gmt":"2022-11-02T14:55:05","slug":"o-nama","status":"publish","type":"page","link":"https:\/\/visitteo.com\/hr\/o-nama\/","title":{"rendered":"Mi smo Visitteo"},"content":{"rendered":"","protected":false},"excerpt":{"rendered":"","protected":false},"author":5,"featured_media":0,"parent":0,"menu_order":10,"comment_status":"closed","ping_status":"closed","template":"page-custom-content.php","meta":{"_acf_changed":false,"footnotes":""},"class_list":["post-5133","page","type-page","status-publish","hentry"],"acf":[],"yoast_head":"<!-- This site is optimized with the Yoast SEO plugin v27.3 - https:\/\/yoast.com\/product\/yoast-seo-wordpress\/ -->\n<title>Mi smo Visitteo - Visitteo<\/title>\n<meta name=\"description\" content=\"Visitteo je inovativna stranica koja vam omogu\u0107uje pronala\u017eenje idealnog smje\u0161taja za odmor u Hrvatskoj. Apartmani, sobe, vile ili svjetionici. Imamo sve.\" \/>\n<meta name=\"robots\" content=\"index, follow, max-snippet:-1, max-image-preview:large, max-video-preview:-1\" \/>\n<link rel=\"canonical\" href=\"https:\/\/visitteo.com\/hr\/o-nama\/\" \/>\n<meta property=\"og:locale\" content=\"hr_HR\" \/>\n<meta property=\"og:type\" content=\"article\" \/>\n<meta property=\"og:title\" content=\"Mi smo Visitteo - Visitteo\" \/>\n<meta property=\"og:description\" content=\"Visitteo je inovativna stranica koja vam omogu\u0107uje pronala\u017eenje idealnog smje\u0161taja za odmor u Hrvatskoj. Apartmani, sobe, vile ili svjetionici. Imamo sve.\" \/>\n<meta property=\"og:url\" content=\"https:\/\/visitteo.com\/hr\/o-nama\/\" \/>\n<meta property=\"og:site_name\" content=\"Visitteo\" \/>\n<meta property=\"article:publisher\" content=\"https:\/\/www.facebook.com\/visitteo\/\" \/>\n<meta property=\"article:modified_time\" content=\"2022-11-02T14:55:05+00:00\" \/>\n<meta property=\"og:image\" content=\"https:\/\/visitteo.com\/wp-content\/uploads\/2022\/10\/share-1.jpg\" \/>\n\t<meta property=\"og:image:width\" content=\"1200\" \/>\n\t<meta property=\"og:image:height\" content=\"630\" \/>\n\t<meta property=\"og:image:type\" content=\"image\/jpeg\" \/>\n<meta name=\"twitter:card\" content=\"summary_large_image\" \/>\n<meta name=\"twitter:site\" content=\"@visitteo\" \/>\n<script type=\"application\/ld+json\" class=\"yoast-schema-graph\">{\"@context\":\"https:\\\/\\\/schema.org\",\"@graph\":[{\"@type\":\"WebPage\",\"@id\":\"https:\\\/\\\/visitteo.com\\\/hr\\\/o-nama\\\/\",\"url\":\"https:\\\/\\\/visitteo.com\\\/hr\\\/o-nama\\\/\",\"name\":\"Mi smo Visitteo - Visitteo\",\"isPartOf\":{\"@id\":\"https:\\\/\\\/visitteo.com\\\/hr\\\/#website\"},\"datePublished\":\"2020-11-27T17:28:43+00:00\",\"dateModified\":\"2022-11-02T14:55:05+00:00\",\"description\":\"Visitteo je inovativna stranica koja vam omogu\u0107uje pronala\u017eenje idealnog smje\u0161taja za odmor u Hrvatskoj. Apartmani, sobe, vile ili svjetionici. Imamo sve.\",\"breadcrumb\":{\"@id\":\"https:\\\/\\\/visitteo.com\\\/hr\\\/o-nama\\\/#breadcrumb\"},\"inLanguage\":\"hr\",\"potentialAction\":[{\"@type\":\"ReadAction\",\"target\":[\"https:\\\/\\\/visitteo.com\\\/hr\\\/o-nama\\\/\"]}]},{\"@type\":\"BreadcrumbList\",\"@id\":\"https:\\\/\\\/visitteo.com\\\/hr\\\/o-nama\\\/#breadcrumb\",\"itemListElement\":[{\"@type\":\"ListItem\",\"position\":1,\"name\":\"Naslovnica\",\"item\":\"https:\\\/\\\/visitteo.com\\\/hr\\\/\"},{\"@type\":\"ListItem\",\"position\":2,\"name\":\"Mi smo Visitteo\"}]},{\"@type\":\"WebSite\",\"@id\":\"https:\\\/\\\/visitteo.com\\\/hr\\\/#website\",\"url\":\"https:\\\/\\\/visitteo.com\\\/hr\\\/\",\"name\":\"Visitteo\",\"description\":\"Visitteo je metapretra\u017eiva\u010d za iznajmljivanje automobila.\",\"publisher\":{\"@id\":\"https:\\\/\\\/visitteo.com\\\/hr\\\/#organization\"},\"potentialAction\":[{\"@type\":\"SearchAction\",\"target\":{\"@type\":\"EntryPoint\",\"urlTemplate\":\"https:\\\/\\\/visitteo.com\\\/hr\\\/?s={search_term_string}\"},\"query-input\":{\"@type\":\"PropertyValueSpecification\",\"valueRequired\":true,\"valueName\":\"search_term_string\"}}],\"inLanguage\":\"hr\"},{\"@type\":\"Organization\",\"@id\":\"https:\\\/\\\/visitteo.com\\\/hr\\\/#organization\",\"name\":\"Visitteo\",\"url\":\"https:\\\/\\\/visitteo.com\\\/hr\\\/\",\"logo\":{\"@type\":\"ImageObject\",\"inLanguage\":\"hr\",\"@id\":\"https:\\\/\\\/visitteo.com\\\/hr\\\/#\\\/schema\\\/logo\\\/image\\\/\",\"url\":\"https:\\\/\\\/visitteo.com\\\/wp-content\\\/uploads\\\/2024\\\/09\\\/organization_logo.png\",\"contentUrl\":\"https:\\\/\\\/visitteo.com\\\/wp-content\\\/uploads\\\/2024\\\/09\\\/organization_logo.png\",\"width\":840,\"height\":840,\"caption\":\"Visitteo\"},\"image\":{\"@id\":\"https:\\\/\\\/visitteo.com\\\/hr\\\/#\\\/schema\\\/logo\\\/image\\\/\"},\"sameAs\":[\"https:\\\/\\\/www.facebook.com\\\/visitteo\\\/\",\"https:\\\/\\\/x.com\\\/visitteo\",\"https:\\\/\\\/www.instagram.com\\\/visitteo\\\/\",\"https:\\\/\\\/www.pinterest.com\\\/visitteo\\\/pins\\\/\"]}]}<\/script>\n<!-- \/ Yoast SEO plugin. -->","yoast_head_json":{"title":"Mi smo Visitteo - Visitteo","description":"Visitteo je inovativna stranica koja vam omogu\u0107uje pronala\u017eenje idealnog smje\u0161taja za odmor u Hrvatskoj. Apartmani, sobe, vile ili svjetionici. Imamo sve.","robots":{"index":"index","follow":"follow","max-snippet":"max-snippet:-1","max-image-preview":"max-image-preview:large","max-video-preview":"max-video-preview:-1"},"canonical":"https:\/\/visitteo.com\/hr\/o-nama\/","og_locale":"hr_HR","og_type":"article","og_title":"Mi smo Visitteo - Visitteo","og_description":"Visitteo je inovativna stranica koja vam omogu\u0107uje pronala\u017eenje idealnog smje\u0161taja za odmor u Hrvatskoj. Apartmani, sobe, vile ili svjetionici. Imamo sve.","og_url":"https:\/\/visitteo.com\/hr\/o-nama\/","og_site_name":"Visitteo","article_publisher":"https:\/\/www.facebook.com\/visitteo\/","article_modified_time":"2022-11-02T14:55:05+00:00","og_image":[{"width":1200,"height":630,"url":"https:\/\/visitteo.com\/wp-content\/uploads\/2022\/10\/share-1.jpg","type":"image\/jpeg"}],"twitter_card":"summary_large_image","twitter_site":"@visitteo","schema":{"@context":"https:\/\/schema.org","@graph":[{"@type":"WebPage","@id":"https:\/\/visitteo.com\/hr\/o-nama\/","url":"https:\/\/visitteo.com\/hr\/o-nama\/","name":"Mi smo Visitteo - Visitteo","isPartOf":{"@id":"https:\/\/visitteo.com\/hr\/#website"},"datePublished":"2020-11-27T17:28:43+00:00","dateModified":"2022-11-02T14:55:05+00:00","description":"Visitteo je inovativna stranica koja vam omogu\u0107uje pronala\u017eenje idealnog smje\u0161taja za odmor u Hrvatskoj. Apartmani, sobe, vile ili svjetionici. Imamo sve.","breadcrumb":{"@id":"https:\/\/visitteo.com\/hr\/o-nama\/#breadcrumb"},"inLanguage":"hr","potentialAction":[{"@type":"ReadAction","target":["https:\/\/visitteo.com\/hr\/o-nama\/"]}]},{"@type":"BreadcrumbList","@id":"https:\/\/visitteo.com\/hr\/o-nama\/#breadcrumb","itemListElement":[{"@type":"ListItem","position":1,"name":"Naslovnica","item":"https:\/\/visitteo.com\/hr\/"},{"@type":"ListItem","position":2,"name":"Mi smo Visitteo"}]},{"@type":"WebSite","@id":"https:\/\/visitteo.com\/hr\/#website","url":"https:\/\/visitteo.com\/hr\/","name":"Visitteo","description":"Visitteo je metapretra\u017eiva\u010d za iznajmljivanje automobila.","publisher":{"@id":"https:\/\/visitteo.com\/hr\/#organization"},"potentialAction":[{"@type":"SearchAction","target":{"@type":"EntryPoint","urlTemplate":"https:\/\/visitteo.com\/hr\/?s={search_term_string}"},"query-input":{"@type":"PropertyValueSpecification","valueRequired":true,"valueName":"search_term_string"}}],"inLanguage":"hr"},{"@type":"Organization","@id":"https:\/\/visitteo.com\/hr\/#organization","name":"Visitteo","url":"https:\/\/visitteo.com\/hr\/","logo":{"@type":"ImageObject","inLanguage":"hr","@id":"https:\/\/visitteo.com\/hr\/#\/schema\/logo\/image\/","url":"https:\/\/visitteo.com\/wp-content\/uploads\/2024\/09\/organization_logo.png","contentUrl":"https:\/\/visitteo.com\/wp-content\/uploads\/2024\/09\/organization_logo.png","width":840,"height":840,"caption":"Visitteo"},"image":{"@id":"https:\/\/visitteo.com\/hr\/#\/schema\/logo\/image\/"},"sameAs":["https:\/\/www.facebook.com\/visitteo\/","https:\/\/x.com\/visitteo","https:\/\/www.instagram.com\/visitteo\/","https:\/\/www.pinterest.com\/visitteo\/pins\/"]}]}},"_links":{"self":[{"href":"https:\/\/visitteo.com\/hr\/wp-json\/wp\/v2\/pages\/5133","targetHints":{"allow":["GET"]}}],"collection":[{"href":"https:\/\/visitteo.com\/hr\/wp-json\/wp\/v2\/pages"}],"about":[{"href":"https:\/\/visitteo.com\/hr\/wp-json\/wp\/v2\/types\/page"}],"author":[{"embeddable":true,"href":"https:\/\/visitteo.com\/hr\/wp-json\/wp\/v2\/users\/5"}],"replies":[{"embeddable":true,"href":"https:\/\/visitteo.com\/hr\/wp-json\/wp\/v2\/comments?post=5133"}],"version-history":[{"count":0,"href":"https:\/\/visitteo.com\/hr\/wp-json\/wp\/v2\/pages\/5133\/revisions"}],"wp:attachment":[{"href":"https:\/\/visitteo.com\/hr\/wp-json\/wp\/v2\/media?parent=5133"}],"curies":[{"name":"wp","href":"https:\/\/api.w.org\/{rel}","templated":true}]}}