{"id":5168,"date":"2020-11-30T13:16:21","date_gmt":"2020-11-30T12:16:21","guid":{"rendered":"https:\/\/visitteo.com\/?page_id=5168"},"modified":"2020-12-12T09:56:08","modified_gmt":"2020-12-12T08:56:08","slug":"kolacici","status":"publish","type":"page","link":"https:\/\/visitteo.com\/hr\/kolacici\/","title":{"rendered":"Kola\u010di\u0107i"},"content":{"rendered":"<p>Atlas d.o.o. (\u201ena\u0161\u201c ili \u201emi\u201c) koristimo kola\u010di\u0107e na na\u0161oj web stranici &#8211; <a href=\"https:\/\/visitteo.com\/hr\/\" target=\"_blank\" rel=\"noopener noreferrer\">www.visitteo.com<\/a> (\u201eUsluga\u201c). Kori\u0161tenjem Usluge pristajete na upotrebu kola\u010di\u0107a.<\/p>\n<p>Kao i gotovo svaka web stranica, koristimo kola\u010di\u0107e. \u017delimo osigurati da Va\u0161 posjet na\u0161oj Usluzi bude jednostavan, pouzdan i \u0161to korisniji. O na\u0161oj upotrebi kola\u010di\u0107a obavje\u0161tavamo Vas kada prvi put posjetite na\u0161u web stranicu s obavijestima na dnu stranice. Na\u0161a pravila o kola\u010di\u0107ima obja\u0161njavaju \u0161to su to kola\u010di\u0107i, kako koristimo kola\u010di\u0107e, kako tre\u0107e strane mogu koristiti Kola\u010di\u0107e, Va\u0161 izbor u vezi s kola\u010di\u0107ima i daljnje informacije o kola\u010di\u0107ima.<\/p>\n<p>Nastavkom kori\u0161tenja Usluge pristajete na na\u0161u upotrebu kola\u010di\u0107a.<\/p>\n<h5>\u0160to su kola\u010di\u0107i?<\/h5>\n<p>Kola\u010di\u0107 je mala, jedinstvena tekstualna datoteka koju web stranica mo\u017ee poslati na Va\u0161e ra\u010dunalo kada je posjetite. Ve\u0107ina web preglednika mo\u017ee vas upozoriti na upotrebu kola\u010di\u0107a ili u potpunosti odbiti prihvatiti kola\u010di\u0107e. Ako ne \u017eelite da postavimo kola\u010di\u0107e u Va\u0161 preglednik, mo\u017eete postaviti svoj preglednik da odbija kola\u010di\u0107e ili da vas obavje\u0161tava kada web stranica poku\u0161a postaviti kola\u010di\u0107e na Va\u0161e ra\u010dunalo. Odbijanje kola\u010di\u0107a mo\u017ee utjecati na Va\u0161e kori\u0161tenje web stranice. Pohranjuje ih Va\u0161 internetski preglednik. Kola\u010di\u0107i sadr\u017ee osnovne podatke o Va\u0161oj upotrebi interneta, ali obi\u010dno vas ne identificiraju osobno. Va\u0161 preglednik \u0161alje te kola\u010di\u0107e natrag na web stranicu svaki put kad je ponovno posjetite, kako bi mogao prepoznati Va\u0161e ra\u010dunalo ili mobilni ure\u0111aj, te prilagoditi i pobolj\u0161ati iskustvo na\u0161e Usluge.<\/p>\n<h5>Kako Visitteo koristi kola\u010di\u0107e?<\/h5>\n<p>Informacije prikupljene iz kola\u010di\u0107a koristimo kako bismo pobolj\u0161ali Va\u0161e iskustvo na na\u0161oj web stranici, radi sigurnosti i personalizacije sadr\u017eaja i ogla\u0161avanja. Na primjer, poma\u017eu nam da identificiramo i prilagodimo do\u017eivljaj za vas ili da odredimo najrelevantnije povezane proizvode koji \u0107e vam se pokazati kada pregledavate na\u0161u web stranicu.<\/p>\n<p>Dok pregledavate, mo\u017eemo automatski prikupljati podatke, kao \u0161to su davatelj internetskih usluga, vrsta i ina\u010dica preglednika, operativni sustav i vrsta ure\u0111aja, prosje\u010dno vrijeme provedeno na na\u0161oj web stranici, pregledane stranice, podaci kojima se pristupa. Takve se informacije ponekad nazivaju web-analitikom i \/ ili podacima o protoku klika.<\/p>\n<p>Ove automatski prikupljene podatke mo\u017eemo kombinirati s ostalim podacima koje prikupljamo o vama. To \u010dinimo kako bismo pobolj\u0161ali usluge koje vam nudimo, pobolj\u0161ali marketing, analitiku i pru\u017eili funkcionalnost web stranice.<\/p>\n<p>Informacije koje dobijemo kori\u0161tenjem na\u0161ih kola\u010di\u0107a tako\u0111er mo\u017eemo koristiti u sljede\u0107e svrhe:<\/p>\n<ul>\n<li>Da prilagodimo web stranicu za vas, uklju\u010duju\u0107i ciljanje reklama koje bi vas mogle posebno zanimati.<\/li>\n<li>Da bi vas pratili dok se kre\u0107ete web stranicom i omogu\u0107ili upotrebu bilo kojih objekata e-trgovine.<\/li>\n<li>Da bi se pobolj\u0161ala upotrebljivost na\u0161e web stranice.<\/li>\n<li>Omogu\u0107iti odre\u0111ene funkcije web stranice.<\/li>\n<li>Zbog prepoznavanja Va\u0161eg ra\u010dunala kada posjetite na\u0161u web stranicu.<\/li>\n<li>Da pohranimo Va\u0161e \u017eeljene postavke.<\/li>\n<li>Zbog analize na\u0161e web stranice.<\/li>\n<\/ul>\n<h5>Kola\u010di\u0107i tre\u0107e strane<\/h5>\n<p>Uz vlastite kola\u010di\u0107e, mo\u017eemo koristiti i razne kola\u010di\u0107e tre\u0107ih strana za izvje\u0161tavanje o statistikama kori\u0161tenja web stranice i isporuku oglasa. Kola\u010di\u0107i tre\u0107e strane su kola\u010di\u0107i na na\u0161oj web stranici koji dolaze s razli\u010ditih domena. Za razliku od kola\u010di\u0107a prve strane (na\u0161i kola\u010di\u0107i), kola\u010di\u0107e tre\u0107e strane izra\u0111uju druge web stranice osim one koju trenutno posje\u0107ujete. Svrha ovih kola\u010di\u0107a je pratiti va\u0161e navike pregledavanja.<\/p>\n<p>Koristimo kola\u010di\u0107e koje poslu\u017euju tre\u0107e strane kako bismo pobolj\u0161ali na\u0161u uslugu, personalizirali va\u0161e iskustvo i razumjeli kako se koristi na\u0161a web stranica. Tako\u0111er koristimo kola\u010di\u0107e kako bismo ogla\u0161avanje na drugim web stranicama u\u010dinili relevantnijim. Kao \u0161to je opisano u na\u0161im Pravilima o privatnosti, mo\u017eemo kombinirati podatke prikupljene o vama iz drugih izvora s podacima prikupljenim putem kola\u010di\u0107a tre\u0107e strane kako bismo vam prikazali relevantnije oglase na na\u0161oj web stranici i izvan nje.<\/p>\n<p>Sura\u0111ujemo s nezavisnim ogla\u0161iva\u010dima kako bismo vam omogu\u0107ili pristup zanimljivim i uzbudljivim sadr\u017eajima za putovanja putem na\u0161e web stranice. Ovi kola\u010di\u0107i bilje\u017ee podatke o Va\u0161oj upotrebi reklama. To poma\u017ee ogla\u0161iva\u010dima da vam prikazuju oglase za koje je vjerojatnije da \u0107e vas zanimati, ograni\u010diti broj prikazivanja oglasa, a tako\u0111er poma\u017ee u pobolj\u0161anju Va\u0161eg internetskog iskustva.<\/p>\n<p>Napominjemo da na\u0161a upotreba svih podataka koje o vama prikupljamo kori\u0161tenjem kola\u010di\u0107a podlije\u017ee na\u0161oj <a href=\"https:\/\/visitteo.com\/hr\/politika-privatnosti\/\" target=\"_blank\" rel=\"noopener noreferrer\">Politici privatnosti<\/a>.<\/p>\n<h5>Koje vrste kola\u010di\u0107a koristimo?<\/h5>\n<p><strong>Osnovni kola\u010di\u0107i:<\/strong> Ovi su kola\u010di\u0107i neophodni za pomo\u0107 u pristupu i kretanju po na\u0161oj web stranici i kori\u0161tenju svih njezinih zna\u010dajki. Bez ovih kola\u010di\u0107a na\u0161a web stranica ne bi radila ispravno i ne biste mogli koristiti odre\u0111ene va\u017ene zna\u010dajke. Tako\u0111er koristimo klju\u010dne kola\u010di\u0107e u svrhu otkrivanja i sprje\u010davanja prijevara.<\/p>\n<p><strong>Analiti\u010dki kola\u010di\u0107i:<\/strong>\u00a0 \u017delimo da Va\u0161e iskustvo na na\u0161oj web stranici bude \u0161to korisnije, jednostavno i \u0161to ugodnije. Kola\u010di\u0107e koristimo kako bismo razumjeli kako se koristi na\u0161a web stranica i kako mo\u017eemo pobolj\u0161ati Va\u0161e korisni\u010dko iskustvo. Ova vrsta takozvanih &#8220;analiti\u010dkih&#8221; kola\u010di\u0107a mo\u017ee nam pru\u017eiti anonimne podatke koji \u0107e nam pomo\u0107i da shvatimo koji dijelovi na\u0161e web stranice zanimaju na\u0161e posjetitelje. Ove kola\u010di\u0107e koristimo za testiranje razli\u010ditih dizajna i zna\u010dajki na\u0161e web stranice, a i koristimo ih u svrhu nadgledanja kako posjetitelji dolaze do na\u0161e Usluge.<\/p>\n<p><strong>Kola\u010di\u0107i izvedbe:<\/strong> Kola\u010di\u0107i izvedbe mjere koliko \u010desto posje\u0107ujete na\u0161u web stranicu i kako je upotrebljavate. Te podatke koristimo da bismo bolje razumjeli kako se na\u0161i korisnici pona\u0161aju na web stranici, tako da korisnici imaju bolje korisni\u010dko iskustvo. Na primjer, prikupljamo informacije o tome koje su na\u0161e stranice naj\u010de\u0161\u0107e posje\u0107ene. Tako\u0111er koristimo kola\u010di\u0107e tre\u0107ih strana za pomo\u0107 u izvedbi. Na primjer, kola\u010di\u0107 Google Analytics daje nam informacije Va\u0161eg pregledavanja Usluge.<\/p>\n<p><strong>Kola\u010di\u0107i za ogla\u0161avanje:<\/strong> Kola\u010di\u0107i za ogla\u0161avanje poma\u017eu u osiguravanju da oglasi koje vidite na na\u0161oj web stranici budu \u0161to relevantniji za vas. Na primjer, neki reklamni kola\u010di\u0107i poma\u017eu u odabiru oglasa koji se temelje na va\u0161im interesima. Drugi poma\u017eu sprije\u010diti da se isti oglas neprestano ponavlja za vas. Tako\u0111er vam \u017eelimo maksimalno olak\u0161ati dijeljenje sadr\u017eaja s na\u0161e Usluge sa svojim prijateljima putem Va\u0161ih omiljenih dru\u0161tvenih mre\u017ea. Web stranice dru\u0161tvenih mre\u017ea, poput Facebooka ili Instagrama, mogu postaviti kola\u010di\u0107e koji vas prepoznaju kada gledate sadr\u017eaj na na\u0161oj web stranici i omogu\u0107uju vam dijeljenje sadr\u017eaja na obje web stranice pomo\u0107u postavki dijeljenja.<\/p>\n<p><strong>Kako onemogu\u0107iti kola\u010di\u0107e?<\/strong><\/p>\n<p>Ako \u017eelite izbrisati kola\u010di\u0107e ili uputiti web preglednik da ih izbri\u0161e ili odbije, posjetite stranice za postavke Va\u0161eg web preglednika. Me\u0111utim, imajte na umu da ako izbri\u0161ete kola\u010di\u0107e ili odbijete prihvatiti ih, mo\u017eda ne\u0107ete mo\u0107i koristiti sve zna\u010dajke koje nudimo, mo\u017eda ne\u0107ete mo\u0107i pohraniti svoje postavke, a neke od na\u0161ih stranica mo\u017eda se ne\u0107e pravilno prikazati.<\/p>\n<p>Upravljanje kola\u010di\u0107ima i postavkama kola\u010di\u0107a mora se vr\u0161iti unutar opcija \/ postavki va\u0161eg preglednika. Evo popisa kako to u\u010diniti za popularne preglednike:<\/p>\n<p>Za web preglednik Chrome posjetite ovu stranicu od <a href=\"https:\/\/support.google.com\/accounts\/answer\/32050\" target=\"_blank\" rel=\"noopener noreferrer\">Googlea<\/a><br \/>\nZa web preglednik Internet Explorer posjetite ovu stranicu tvrtke <a href=\"https:\/\/support.microsoft.com\/en-us\/topic\/delete-and-manage-cookies-168dab11-0753-043d-7c16-ede5947fc64d\" target=\"_blank\" rel=\"noopener noreferrer\">Microsoft<\/a><br \/>\nZa web preglednik Firefox posjetite ovu stranicu <a href=\"https:\/\/support.mozilla.org\/en-US\/kb\/clear-cookies-and-site-data-firefox?redirectslug=delete-cookies-remove-info-websites-stored&amp;redirectlocale=en-US\" target=\"_blank\" rel=\"noopener noreferrer\">Mozille<\/a><br \/>\nZa web preglednik Safari posjetite ovu stranicu tvrtke <a href=\"https:\/\/support.apple.com\/en-gb\/HT201265\" target=\"_blank\" rel=\"noopener noreferrer\">Apple<\/a><br \/>\nZa bilo koji drugi web preglednik posjetite njegove slu\u017ebene web stranice.<\/p>\n<h5>Kontaktirajte nas<\/h5>\n<p>Ako imate bilo kakvih pitanja u vezi ove Politike kola\u010di\u0107a, kontaktirajte nas slanjem e-po\u0161te na: <a href=\"mailto:info@visitteo.com\">info@visitteo.com<\/a><\/p>\n<p><em>Posljednje a\u017euriranje: 30. rujna 2020<\/em><\/p>\n<p>&nbsp;<\/p>\n","protected":false},"excerpt":{"rendered":"<p>Atlas d.o.o. (\u201ena\u0161\u201c ili \u201emi\u201c) koristimo kola\u010di\u0107e na na\u0161oj web stranici &#8211; www.visitteo.com (\u201eUsluga\u201c). Kori\u0161tenjem Usluge pristajete na upotrebu kola\u010di\u0107a. Kao i gotovo svaka web stranica, koristimo kola\u010di\u0107e. \u017delimo osigurati da Va\u0161 posjet na\u0161oj Usluzi bude jednostavan, pouzdan i \u0161to korisniji. O na\u0161oj upotrebi kola\u010di\u0107a obavje\u0161tavamo Vas kada prvi put posjetite na\u0161u web stranicu s [&hellip;]<\/p>\n","protected":false},"author":5,"featured_media":0,"parent":0,"menu_order":102,"comment_status":"closed","ping_status":"closed","template":"","meta":{"_acf_changed":false,"footnotes":""},"class_list":["post-5168","page","type-page","status-publish","hentry"],"acf":[],"yoast_head":"<!-- This site is optimized with the Yoast SEO plugin v27.3 - https:\/\/yoast.com\/product\/yoast-seo-wordpress\/ -->\n<title>Kola\u010di\u0107i - Visitteo<\/title>\n<meta name=\"description\" content=\"Kao i gotovo svaka web stranica, koristimo kola\u010di\u0107e. \u017delimo osigurati da Va\u0161 posjet na\u0161oj Usluzi bude jednostavan, pouzdan i \u0161to korisniji.\" \/>\n<meta name=\"robots\" content=\"index, follow, max-snippet:-1, max-image-preview:large, max-video-preview:-1\" \/>\n<link rel=\"canonical\" href=\"https:\/\/visitteo.com\/hr\/kolacici\/\" \/>\n<meta property=\"og:locale\" content=\"hr_HR\" \/>\n<meta property=\"og:type\" content=\"article\" \/>\n<meta property=\"og:title\" content=\"Kola\u010di\u0107i - Visitteo\" \/>\n<meta property=\"og:description\" content=\"Kao i gotovo svaka web stranica, koristimo kola\u010di\u0107e. \u017delimo osigurati da Va\u0161 posjet na\u0161oj Usluzi bude jednostavan, pouzdan i \u0161to korisniji.\" \/>\n<meta property=\"og:url\" content=\"https:\/\/visitteo.com\/hr\/kolacici\/\" \/>\n<meta property=\"og:site_name\" content=\"Visitteo\" \/>\n<meta property=\"article:publisher\" content=\"https:\/\/www.facebook.com\/visitteo\/\" \/>\n<meta property=\"article:modified_time\" content=\"2020-12-12T08:56:08+00:00\" \/>\n<meta property=\"og:image\" content=\"https:\/\/visitteo.com\/wp-content\/uploads\/2022\/10\/share-1.jpg\" \/>\n\t<meta property=\"og:image:width\" content=\"1200\" \/>\n\t<meta property=\"og:image:height\" content=\"630\" \/>\n\t<meta property=\"og:image:type\" content=\"image\/jpeg\" \/>\n<meta name=\"twitter:card\" content=\"summary_large_image\" \/>\n<meta name=\"twitter:site\" content=\"@visitteo\" \/>\n<meta name=\"twitter:label1\" content=\"Procijenjeno vrijeme \u010ditanja\" \/>\n\t<meta name=\"twitter:data1\" content=\"7 minuta\" \/>\n<script type=\"application\/ld+json\" class=\"yoast-schema-graph\">{\"@context\":\"https:\\\/\\\/schema.org\",\"@graph\":[{\"@type\":\"WebPage\",\"@id\":\"https:\\\/\\\/visitteo.com\\\/hr\\\/kolacici\\\/\",\"url\":\"https:\\\/\\\/visitteo.com\\\/hr\\\/kolacici\\\/\",\"name\":\"Kola\u010di\u0107i - Visitteo\",\"isPartOf\":{\"@id\":\"https:\\\/\\\/visitteo.com\\\/hr\\\/#website\"},\"datePublished\":\"2020-11-30T12:16:21+00:00\",\"dateModified\":\"2020-12-12T08:56:08+00:00\",\"description\":\"Kao i gotovo svaka web stranica, koristimo kola\u010di\u0107e. \u017delimo osigurati da Va\u0161 posjet na\u0161oj Usluzi bude jednostavan, pouzdan i \u0161to korisniji.\",\"breadcrumb\":{\"@id\":\"https:\\\/\\\/visitteo.com\\\/hr\\\/kolacici\\\/#breadcrumb\"},\"inLanguage\":\"hr\",\"potentialAction\":[{\"@type\":\"ReadAction\",\"target\":[\"https:\\\/\\\/visitteo.com\\\/hr\\\/kolacici\\\/\"]}]},{\"@type\":\"BreadcrumbList\",\"@id\":\"https:\\\/\\\/visitteo.com\\\/hr\\\/kolacici\\\/#breadcrumb\",\"itemListElement\":[{\"@type\":\"ListItem\",\"position\":1,\"name\":\"Naslovnica\",\"item\":\"https:\\\/\\\/visitteo.com\\\/hr\\\/\"},{\"@type\":\"ListItem\",\"position\":2,\"name\":\"Kola\u010di\u0107i\"}]},{\"@type\":\"WebSite\",\"@id\":\"https:\\\/\\\/visitteo.com\\\/hr\\\/#website\",\"url\":\"https:\\\/\\\/visitteo.com\\\/hr\\\/\",\"name\":\"Visitteo\",\"description\":\"Visitteo je metapretra\u017eiva\u010d za iznajmljivanje automobila.\",\"publisher\":{\"@id\":\"https:\\\/\\\/visitteo.com\\\/hr\\\/#organization\"},\"potentialAction\":[{\"@type\":\"SearchAction\",\"target\":{\"@type\":\"EntryPoint\",\"urlTemplate\":\"https:\\\/\\\/visitteo.com\\\/hr\\\/?s={search_term_string}\"},\"query-input\":{\"@type\":\"PropertyValueSpecification\",\"valueRequired\":true,\"valueName\":\"search_term_string\"}}],\"inLanguage\":\"hr\"},{\"@type\":\"Organization\",\"@id\":\"https:\\\/\\\/visitteo.com\\\/hr\\\/#organization\",\"name\":\"Visitteo\",\"url\":\"https:\\\/\\\/visitteo.com\\\/hr\\\/\",\"logo\":{\"@type\":\"ImageObject\",\"inLanguage\":\"hr\",\"@id\":\"https:\\\/\\\/visitteo.com\\\/hr\\\/#\\\/schema\\\/logo\\\/image\\\/\",\"url\":\"https:\\\/\\\/visitteo.com\\\/wp-content\\\/uploads\\\/2024\\\/09\\\/organization_logo.png\",\"contentUrl\":\"https:\\\/\\\/visitteo.com\\\/wp-content\\\/uploads\\\/2024\\\/09\\\/organization_logo.png\",\"width\":840,\"height\":840,\"caption\":\"Visitteo\"},\"image\":{\"@id\":\"https:\\\/\\\/visitteo.com\\\/hr\\\/#\\\/schema\\\/logo\\\/image\\\/\"},\"sameAs\":[\"https:\\\/\\\/www.facebook.com\\\/visitteo\\\/\",\"https:\\\/\\\/x.com\\\/visitteo\",\"https:\\\/\\\/www.instagram.com\\\/visitteo\\\/\",\"https:\\\/\\\/www.pinterest.com\\\/visitteo\\\/pins\\\/\"]}]}<\/script>\n<!-- \/ Yoast SEO plugin. -->","yoast_head_json":{"title":"Kola\u010di\u0107i - Visitteo","description":"Kao i gotovo svaka web stranica, koristimo kola\u010di\u0107e. \u017delimo osigurati da Va\u0161 posjet na\u0161oj Usluzi bude jednostavan, pouzdan i \u0161to korisniji.","robots":{"index":"index","follow":"follow","max-snippet":"max-snippet:-1","max-image-preview":"max-image-preview:large","max-video-preview":"max-video-preview:-1"},"canonical":"https:\/\/visitteo.com\/hr\/kolacici\/","og_locale":"hr_HR","og_type":"article","og_title":"Kola\u010di\u0107i - Visitteo","og_description":"Kao i gotovo svaka web stranica, koristimo kola\u010di\u0107e. \u017delimo osigurati da Va\u0161 posjet na\u0161oj Usluzi bude jednostavan, pouzdan i \u0161to korisniji.","og_url":"https:\/\/visitteo.com\/hr\/kolacici\/","og_site_name":"Visitteo","article_publisher":"https:\/\/www.facebook.com\/visitteo\/","article_modified_time":"2020-12-12T08:56:08+00:00","og_image":[{"width":1200,"height":630,"url":"https:\/\/visitteo.com\/wp-content\/uploads\/2022\/10\/share-1.jpg","type":"image\/jpeg"}],"twitter_card":"summary_large_image","twitter_site":"@visitteo","twitter_misc":{"Procijenjeno vrijeme \u010ditanja":"7 minuta"},"schema":{"@context":"https:\/\/schema.org","@graph":[{"@type":"WebPage","@id":"https:\/\/visitteo.com\/hr\/kolacici\/","url":"https:\/\/visitteo.com\/hr\/kolacici\/","name":"Kola\u010di\u0107i - Visitteo","isPartOf":{"@id":"https:\/\/visitteo.com\/hr\/#website"},"datePublished":"2020-11-30T12:16:21+00:00","dateModified":"2020-12-12T08:56:08+00:00","description":"Kao i gotovo svaka web stranica, koristimo kola\u010di\u0107e. \u017delimo osigurati da Va\u0161 posjet na\u0161oj Usluzi bude jednostavan, pouzdan i \u0161to korisniji.","breadcrumb":{"@id":"https:\/\/visitteo.com\/hr\/kolacici\/#breadcrumb"},"inLanguage":"hr","potentialAction":[{"@type":"ReadAction","target":["https:\/\/visitteo.com\/hr\/kolacici\/"]}]},{"@type":"BreadcrumbList","@id":"https:\/\/visitteo.com\/hr\/kolacici\/#breadcrumb","itemListElement":[{"@type":"ListItem","position":1,"name":"Naslovnica","item":"https:\/\/visitteo.com\/hr\/"},{"@type":"ListItem","position":2,"name":"Kola\u010di\u0107i"}]},{"@type":"WebSite","@id":"https:\/\/visitteo.com\/hr\/#website","url":"https:\/\/visitteo.com\/hr\/","name":"Visitteo","description":"Visitteo je metapretra\u017eiva\u010d za iznajmljivanje automobila.","publisher":{"@id":"https:\/\/visitteo.com\/hr\/#organization"},"potentialAction":[{"@type":"SearchAction","target":{"@type":"EntryPoint","urlTemplate":"https:\/\/visitteo.com\/hr\/?s={search_term_string}"},"query-input":{"@type":"PropertyValueSpecification","valueRequired":true,"valueName":"search_term_string"}}],"inLanguage":"hr"},{"@type":"Organization","@id":"https:\/\/visitteo.com\/hr\/#organization","name":"Visitteo","url":"https:\/\/visitteo.com\/hr\/","logo":{"@type":"ImageObject","inLanguage":"hr","@id":"https:\/\/visitteo.com\/hr\/#\/schema\/logo\/image\/","url":"https:\/\/visitteo.com\/wp-content\/uploads\/2024\/09\/organization_logo.png","contentUrl":"https:\/\/visitteo.com\/wp-content\/uploads\/2024\/09\/organization_logo.png","width":840,"height":840,"caption":"Visitteo"},"image":{"@id":"https:\/\/visitteo.com\/hr\/#\/schema\/logo\/image\/"},"sameAs":["https:\/\/www.facebook.com\/visitteo\/","https:\/\/x.com\/visitteo","https:\/\/www.instagram.com\/visitteo\/","https:\/\/www.pinterest.com\/visitteo\/pins\/"]}]}},"_links":{"self":[{"href":"https:\/\/visitteo.com\/hr\/wp-json\/wp\/v2\/pages\/5168","targetHints":{"allow":["GET"]}}],"collection":[{"href":"https:\/\/visitteo.com\/hr\/wp-json\/wp\/v2\/pages"}],"about":[{"href":"https:\/\/visitteo.com\/hr\/wp-json\/wp\/v2\/types\/page"}],"author":[{"embeddable":true,"href":"https:\/\/visitteo.com\/hr\/wp-json\/wp\/v2\/users\/5"}],"replies":[{"embeddable":true,"href":"https:\/\/visitteo.com\/hr\/wp-json\/wp\/v2\/comments?post=5168"}],"version-history":[{"count":0,"href":"https:\/\/visitteo.com\/hr\/wp-json\/wp\/v2\/pages\/5168\/revisions"}],"wp:attachment":[{"href":"https:\/\/visitteo.com\/hr\/wp-json\/wp\/v2\/media?parent=5168"}],"curies":[{"name":"wp","href":"https:\/\/api.w.org\/{rel}","templated":true}]}}