{"id":5192,"date":"2020-11-30T13:17:41","date_gmt":"2020-11-30T12:17:41","guid":{"rendered":"https:\/\/visitteo.com\/privacy-policy\/"},"modified":"2020-12-14T09:00:31","modified_gmt":"2020-12-14T08:00:31","slug":"politika-privatnosti","status":"publish","type":"page","link":"https:\/\/visitteo.com\/hr\/politika-privatnosti\/","title":{"rendered":"Politika privatnosti"},"content":{"rendered":"<p>Napominjemo da praksa tvrtke Atlas d.o.o., koja se odnosi na osobne podatke, koja je regulirana ovom Politikom privatnosti se mo\u017ee povremeno mijenjati i dopunjavati. Ova se Politika privatnosti odnosi na osobne podatke koje smo prikupili putem ove web stranice &#8211; <a href=\"https:\/\/visitteo.com\/hr\/\" target=\"_blank\" rel=\"noopener noreferrer\">www.visitteo.com<\/a> (\u201eWeb stranica\u201c).<\/p>\n<p>Ova Politika privatnosti opisuje prakse tvrtke Atlas d.o.o. u vezi s osobnim podacima. Ova se Politika privatnosti odnosi na na\u0161u web stranicu (na\u0161u \u201eUslugu\u201c). Kad upotrebljavate na\u0161u Uslugu, pristajete na uvjete ove politike. Molimo pa\u017eljivo pro\u010ditajte na\u0161u Politiku privatnosti da biste stekli jasno razumijevanje kako prikupljamo, koristimo, \u0161titimo ili na neki drugi na\u010din obra\u0111ujemo Va\u0161e osobne podatke putem na\u0161e web stranice.<\/p>\n<h5><strong>Koje osobne podatke prikupljamo<\/strong><\/h5>\n<ul>\n<li>Mo\u017eemo prikupljati podatke koji Vas mogu identificirati, poput Va\u0161eg imena i adrese e-po\u0161te (&#8220;osobni podaci&#8221;) i druge podatke koji Vas ne identificiraju.<\/li>\n<li>Podaci koje pru\u017eate. Da biste se registrirali na Visitteo, morat \u0107ete se prijaviti putem svoje Facebook ili Google prijave. Ako to u\u010dinite, ovla\u0161\u0107ujete nas da pristupimo odre\u0111enim podacima o Facebooku i Google ra\u010dunu, kao \u0161to je Va\u0161 javni Facebook ili Google profil (u skladu s Va\u0161im postavkama privatnosti na Facebooku i Googleu).<\/li>\n<li>Mo\u017eemo pristupiti Va\u0161oj e-adresi, fotografijama, lajkovima, trenutnom mjestu boravka, ro\u0111endanu, interesima, povijesti obrazovanja, spolu, osobnom opisu i popisu prijatelja.<\/li>\n<li>Mo\u017eete nam dostaviti i svoje fotografije, osobni opis, opis svojih poznanika ili prijatelja i podatke o svom spolu.<\/li>\n<li>Ako s nama komunicirate putem dru\u0161tvenih mre\u017ea ili putem e-po\u0161te, pru\u017eate nam sadr\u017eaj svojih razgovora, a ako nas kontaktirate preko korisni\u010dke slu\u017ebe ili drugim upitima, pru\u017eate nam sadr\u017eaj te komunikacije.<\/li>\n<li>Informacije mo\u017eemo prikupiti kada nam putem dru\u0161tvenih mre\u017ea po\u0161aljete neki sadr\u017eaj (svoju pri\u010du o putovanju i slike).<\/li>\n<li>Ostale informacije relevantne za ankete kupaca i \/ ili ponude.<\/li>\n<\/ul>\n<h5><strong>\u0160to radimo s podacima koje prikupljamo<\/strong><\/h5>\n<p>Informacije o vama mo\u017eemo prikupiti kad se registrirate, odgovorite na marketin\u0161ku poruku, pregledavate web stranicu ili koristite neke druge zna\u010dajke web stranice. Informacije koristimo u sljede\u0107e svrhe:<\/p>\n<ul>\n<li>Pobolj\u0161avamo na\u0161e usluge i upravljanje na\u0161im poslovanjem.<\/li>\n<li>Prilago\u0111avamo korisni\u010dko iskustvo i omogu\u0107ujemo pru\u017eanje sadr\u017eaja i usluga za koje ste najvi\u0161e zainteresirani.<\/li>\n<li>Pobolj\u0161avamo na\u0161u web stranicu kako bi vam pru\u017eili bolje korisni\u010dko iskustvo.<\/li>\n<li>Informacije mo\u017eemo koristiti za analitiku web stranice.<\/li>\n<li>Da bismo vam omogu\u0107ili bolju uslugu u odgovoru na Va\u0161e zahtjeve s korisni\u010dkom slu\u017ebom.<\/li>\n<li>Povremeno mo\u017eemo slati promotivne e-poruke o novim uslugama, posebnim ponudama ili drugim informacijama za koje mislimo da \u0107e vam biti zanimljive.<\/li>\n<li>Ako nam putem dru\u0161tvenih mre\u017ea po\u0161aljete neki sadr\u017eaj (svoju putopisnu pri\u010du i slike), taj \u0107emo sadr\u017eaj mo\u017eda koristiti za marketin\u0161ke aktivnosti na dru\u0161tvenim mre\u017eama.<\/li>\n<li>Informacije mo\u017eemo koristiti za prilagodbu web stranice prema Va\u0161im interesima.<\/li>\n<li>Pratiti mjerne podatke kao \u0161to su ukupan broj posjetitelja i promet.<\/li>\n<\/ul>\n<h5><strong>S kim dijelimo Va\u0161e podatke<\/strong><\/h5>\n<p>Ne\u0107emo prodavati, trgovati, dijeliti ili na bilo koji drugi na\u010din prenositi tre\u0107im stranama Va\u0161e osobne podatke. Va\u0161e osobne podatke mo\u017eemo koristiti za slanje promotivnih sadr\u017eaja za koje mislimo da \u0107e vam biti zanimljivi ako nam ka\u017eete da \u017eelite tu vrstu promotivnih aktivnosti. Visitteo vam tako\u0111er mo\u017ee omogu\u0107iti pristup Google kartama. Imajte na umu da kada upotrebljavate Google karte, obvezuju Vas Google-ovi <a href=\"https:\/\/www.google.com\/intl\/en\/policies\/terms\/\" target=\"_blank\" rel=\"noopener noreferrer\">Uvjeti pru\u017eanja usluge<\/a>, a na Va\u0161u privatnosti utje\u010du Google-ova <a href=\"https:\/\/www.google.com\/policies\/privacy\/\" target=\"_blank\" rel=\"noopener noreferrer\">Politika privatnosti<\/a>, koju Google povremeno a\u017eurira.<\/p>\n<h5><strong>Web stranice tre\u0107ih strana<\/strong><\/h5>\n<p>Klikom na ponudu na na\u0161oj web stranici bit \u0107ete preusmjereni na web stranicu tre\u0107e strane koja ne djeluje u skladu s ovom Politikom privatnosti i bit \u0107ete preusmjereni na web mjesto koje mi ne kontroliramo. Web stranice tre\u0107ih strana mogu od Vas neovisno prikupljati podatke, uklju\u010duju\u0107i osobne podatke. Web stranice tre\u0107ih strana imaju zasebna i neovisna pravila o privatnosti. Stoga ne preuzimamo nikakvu odgovornost za sadr\u017eaj i aktivnosti ovih povezanih web stranica. Ipak, nastojimo za\u0161tititi integritet na\u0161e web stranice i podr\u017eavamo bilo kakve povratne informacije o tim web stranicama.<\/p>\n<p>Jednom kada napustite Visitteo i pre\u0111ete na web stranicu na\u0161eg partnera, trebate imati na umu da mi nemamo nikakvu kontrolu nad tom drugom web stranicom. Stoga ne mo\u017eemo biti odgovorni za za\u0161titu privatnosti bilo kojih podataka koje pru\u017eite tijekom posjeta takvim web stranicama, a takve web stranice nisu ure\u0111ene ovom Politikom privatnosti. Budite oprezni i pogledajte izjavu o privatnosti koja se odnosi na doti\u010dne web stranice.<\/p>\n<h5><strong>Kako \u0161titimo Va\u0161e osobne podatke<\/strong><\/h5>\n<p>Sigurnost Va\u0161ih osobnih podataka nam je va\u017ena, ali imajte na umu da niti jedan na\u010din prijenosa putem interneta ili na\u010din elektroni\u010dkog pohranjivanja nije 100% siguran. Iako se trudimo koristiti komercijalno prihvatljiva sredstva za za\u0161titu Va\u0161ih osobnih podataka, ne mo\u017eemo jam\u010diti njegovu apsolutnu sigurnost. Iako poduzimamo mjere kako bismo osigurali Va\u0161e podatke, ne obe\u0107avamo i ne biste trebali o\u010dekivati \u200b\u200bda \u0107e Va\u0161i osobni podaci ili druge komunikacije uvijek ostati sigurni.<\/p>\n<h5><strong>Uslu\u017ena analitika<\/strong><\/h5>\n<p>Za prikupljanje podataka o kori\u0161tenju ove web stranice koristimo nezavisne pru\u017eatelje usluga analitike (&#8220;Davatelji usluga analitike&#8221;), kao \u0161to je Google Analytics. Google Analytics prikuplja podatke poput: koliko \u010desto korisnici posje\u0107uju ovu web stranicu, koje stranice posje\u0107uju kada to \u010dine i koje su druge web stranice koristili prije dolaska na ovu web stranicu. Informacije koje dobivamo od Google Analytics-a koristimo samo za pobolj\u0161anje na\u0161e web stranice.<\/p>\n<p>Podaci koje generira Va\u0161 preglednik ili ure\u0111aj o Va\u0161oj upotrebi na\u0161e web stranice prenijet \u0107e se i pohraniti u Google Analytics. Google Analytics upotrijebit \u0107e ove podatke za procjenu Va\u0161e upotrebe Usluge. Kori\u0161tenjem na\u0161e web stranice pristajete na obradu podataka od strane Google Analytics-a na na\u010din i u gore navedene svrhe. Google-ova mogu\u0107nost kori\u0161tenja i dijeljenja prikupljenih podataka o Va\u0161im posjetima ovoj web stranici ograni\u010dena je <a href=\"https:\/\/www.google.com\/analytics\/terms\/us.html\" target=\"_blank\" rel=\"noopener noreferrer\">Uvjetima pru\u017eanja usluge<\/a> Google Analytics i Google-ovom <a href=\"https:\/\/www.google.com\/policies\/privacy\/\" target=\"_blank\" rel=\"noopener noreferrer\">Politikom privatnosti<\/a>.<\/p>\n<h5><strong>Izmjene na\u0161e Politike privatnosti<\/strong><\/h5>\n<p>S vremena na vrijeme a\u017eurirat \u0107emo ili mijenjati na\u0161u Politiku privatnosti. Trebali biste povremeno provjeravati ovu Politiku privatnosti i osigurati da ste zadovoljni bilo kakvim promjenama. Va\u0161e daljnje kori\u0161tenje ove Usluge nakon \u0161to objavimo bilo kakve izmjene Politike privatnosti na ovoj stranici predstavljat \u0107e Va\u0161e prihva\u0107anje izmjena i Va\u0161 pristanak da se pridr\u017eavate i obvezujete izmijenjenom Politikom privatnosti.<\/p>\n<p>Kada objavimo izmjene ove Politike privatnosti, revidirat \u0107emo datum &#8220;zadnjeg a\u017euriranja&#8221; na dnu ove stranice.<\/p>\n<h5><strong>Zadr\u017eavanje podataka<\/strong><\/h5>\n<p>Atlas d.o.o. zadr\u017eat \u0107e Va\u0161e podatke onoliko dugo koliko je potrebno za svrhe navedene ovom Politikom privatnosti. Zadr\u017eat \u0107emo i koristiti Va\u0161e podatke u mjeri u kojoj je to potrebno kako bismo udovoljili na\u0161im zakonskim obvezama (na primjer, ako moramo zadr\u017eati Va\u0161e podatke u skladu s va\u017ee\u0107im zakonima), rje\u0161avati sporove i provoditi na\u0161e pravne sporazume i politike.<\/p>\n<p>Atlas d.o.o. tako\u0111er \u0107e zadr\u017eati podatke o upotrebi za potrebe interne analize. Podaci o upotrebi obi\u010dno se \u010duvaju kra\u0107e razdoblje, osim kada se ti podaci koriste za ja\u010danje sigurnosti ili pobolj\u0161anje funkcionalnosti na\u0161e Usluge ili smo zakonski obvezni \u010duvati te podatke dulje vrijeme.<\/p>\n<h5><strong>Koja je svrha prikupljanja i kori\u0161tenja Va\u0161ih podataka?<\/strong><\/h5>\n<p>Da bismo Vam pru\u017eili usporedne informacije o razli\u010ditim web stranicama za rezerviranje smje\u0161taja, kako bismo Vam mogli ponuditi najbolju ponudu turisti\u010dkog smje\u0161taja po najpovoljnijoj cijeni. Dostava obavijesti o komercijalnom ogla\u0161avanju putem elektroni\u010dke po\u0161te ili dru\u0161tvenih mre\u017ea u vezi na\u0161ih proizvoda i \/ ili uslugama usmjerenim tijekom Va\u0161eg odmora ili nakon Va\u0161eg odmora i drugih aktivnosti koje \u0107e se provoditi u tom periodu. Analiti\u010dke svrhe, kao sredstvo za pobolj\u0161anje rada i usluga koje pru\u017ea Visitteo, provo\u0111enje tr\u017ei\u0161nih studija i istra\u017eivanja.<\/p>\n<h5><strong>Statisti\u010dke, analiti\u010dke i marketin\u0161ke usluge<\/strong><\/h5>\n<p>Koristimo usluge nezavisnih statistika, analitike i marketinga. To nam omogu\u0107uje da optimiziramo na\u0161u web stranicu i osiguramo da bude prilago\u0111ena korisnicima. Tre\u0107e strane koriste kola\u010di\u0107e za pru\u017eanje svojih usluga (vidi odjeljak pod naslovom &#8220;<a href=\"https:\/\/visitteo.com\/hr\/kolacici\/\" target=\"_blank\" rel=\"noopener noreferrer\">Kola\u010di\u0107i<\/a>&#8220;). Ako u nastavku nije druga\u010dije nazna\u010deno, Va\u0161i se podaci ne\u0107e obra\u0111ivati.<\/p>\n<p>Neke tre\u0107e strane omogu\u0107uju Vam izravno kori\u0161tenje odgovaraju\u0107e usluge, npr. postavljanjem kola\u010di\u0107a za isklju\u010divanje. Ako to odlu\u010dite, web stranice vi\u0161e ne\u0107e obra\u0111ivati \u200b\u200bpodatke o Va\u0161em pona\u0161anju prilikom kori\u0161tenja u budu\u0107nosti. Tako\u0111er je mogu\u0107e selektivno prigovoriti pojedina\u010dnim vanjskim uslugama. Ako promijenite preglednik, ure\u0111aj ili izbri\u0161ete sve svoje kola\u010di\u0107e, morate ponovo postaviti kola\u010di\u0107 za isklju\u010divanje.<\/p>\n<h5><strong>Kontaktirajte nas<\/strong><\/h5>\n<p>Ako imate bilo kakvih pitanja u vezi ove Politike privatnosti, kontaktirajte nas slanjem e-po\u0161te na: <a href=\"mailto:info@visitteo.com\">info@visitteo.com<\/a><\/p>\n<p><em>Posljednje a\u017euriranje: 26. listopada 2020<\/em><\/p>\n<p>&nbsp;<\/p>\n","protected":false},"excerpt":{"rendered":"<p>Napominjemo da praksa tvrtke Atlas d.o.o., koja se odnosi na osobne podatke, koja je regulirana ovom Politikom privatnosti se mo\u017ee povremeno mijenjati i dopunjavati. Ova se Politika privatnosti odnosi na osobne podatke koje smo prikupili putem ove web stranice &#8211; www.visitteo.com (\u201eWeb stranica\u201c). Ova Politika privatnosti opisuje prakse tvrtke Atlas d.o.o. u vezi s osobnim [&hellip;]<\/p>\n","protected":false},"author":5,"featured_media":0,"parent":0,"menu_order":100,"comment_status":"closed","ping_status":"closed","template":"","meta":{"_acf_changed":false,"footnotes":""},"class_list":["post-5192","page","type-page","status-publish","hentry"],"acf":[],"yoast_head":"<!-- This site is optimized with the Yoast SEO plugin v27.3 - https:\/\/yoast.com\/product\/yoast-seo-wordpress\/ -->\n<title>Politika Privatnosti - Visitteo<\/title>\n<meta name=\"description\" content=\"Ova Politika privatnosti opisuje prakse tvrtke Atlas d.o.o. u vezi s osobnim podacima. Ova se Politika privatnosti odnosi na na\u0161u web stranicu (na\u0161u \u201eUslugu\u201c).\" \/>\n<meta name=\"robots\" content=\"index, follow, max-snippet:-1, max-image-preview:large, max-video-preview:-1\" \/>\n<link rel=\"canonical\" href=\"https:\/\/visitteo.com\/hr\/politika-privatnosti\/\" \/>\n<meta property=\"og:locale\" content=\"hr_HR\" \/>\n<meta property=\"og:type\" content=\"article\" \/>\n<meta property=\"og:title\" content=\"Politika Privatnosti - Visitteo\" \/>\n<meta property=\"og:description\" content=\"Ova Politika privatnosti opisuje prakse tvrtke Atlas d.o.o. u vezi s osobnim podacima. Ova se Politika privatnosti odnosi na na\u0161u web stranicu (na\u0161u \u201eUslugu\u201c).\" \/>\n<meta property=\"og:url\" content=\"https:\/\/visitteo.com\/hr\/politika-privatnosti\/\" \/>\n<meta property=\"og:site_name\" content=\"Visitteo\" \/>\n<meta property=\"article:publisher\" content=\"https:\/\/www.facebook.com\/visitteo\/\" \/>\n<meta property=\"article:modified_time\" content=\"2020-12-14T08:00:31+00:00\" \/>\n<meta property=\"og:image\" content=\"https:\/\/visitteo.com\/wp-content\/uploads\/2022\/10\/share-1.jpg\" \/>\n\t<meta property=\"og:image:width\" content=\"1200\" \/>\n\t<meta property=\"og:image:height\" content=\"630\" \/>\n\t<meta property=\"og:image:type\" content=\"image\/jpeg\" \/>\n<meta name=\"twitter:card\" content=\"summary_large_image\" \/>\n<meta name=\"twitter:site\" content=\"@visitteo\" \/>\n<meta name=\"twitter:label1\" content=\"Procijenjeno vrijeme \u010ditanja\" \/>\n\t<meta name=\"twitter:data1\" content=\"8 minuta\" \/>\n<script type=\"application\/ld+json\" class=\"yoast-schema-graph\">{\"@context\":\"https:\\\/\\\/schema.org\",\"@graph\":[{\"@type\":\"WebPage\",\"@id\":\"https:\\\/\\\/visitteo.com\\\/hr\\\/politika-privatnosti\\\/\",\"url\":\"https:\\\/\\\/visitteo.com\\\/hr\\\/politika-privatnosti\\\/\",\"name\":\"Politika Privatnosti - Visitteo\",\"isPartOf\":{\"@id\":\"https:\\\/\\\/visitteo.com\\\/hr\\\/#website\"},\"datePublished\":\"2020-11-30T12:17:41+00:00\",\"dateModified\":\"2020-12-14T08:00:31+00:00\",\"description\":\"Ova Politika privatnosti opisuje prakse tvrtke Atlas d.o.o. u vezi s osobnim podacima. Ova se Politika privatnosti odnosi na na\u0161u web stranicu (na\u0161u \u201eUslugu\u201c).\",\"breadcrumb\":{\"@id\":\"https:\\\/\\\/visitteo.com\\\/hr\\\/politika-privatnosti\\\/#breadcrumb\"},\"inLanguage\":\"hr\",\"potentialAction\":[{\"@type\":\"ReadAction\",\"target\":[\"https:\\\/\\\/visitteo.com\\\/hr\\\/politika-privatnosti\\\/\"]}]},{\"@type\":\"BreadcrumbList\",\"@id\":\"https:\\\/\\\/visitteo.com\\\/hr\\\/politika-privatnosti\\\/#breadcrumb\",\"itemListElement\":[{\"@type\":\"ListItem\",\"position\":1,\"name\":\"Naslovnica\",\"item\":\"https:\\\/\\\/visitteo.com\\\/hr\\\/\"},{\"@type\":\"ListItem\",\"position\":2,\"name\":\"Politika privatnosti\"}]},{\"@type\":\"WebSite\",\"@id\":\"https:\\\/\\\/visitteo.com\\\/hr\\\/#website\",\"url\":\"https:\\\/\\\/visitteo.com\\\/hr\\\/\",\"name\":\"Visitteo\",\"description\":\"Visitteo je metapretra\u017eiva\u010d za iznajmljivanje automobila.\",\"publisher\":{\"@id\":\"https:\\\/\\\/visitteo.com\\\/hr\\\/#organization\"},\"potentialAction\":[{\"@type\":\"SearchAction\",\"target\":{\"@type\":\"EntryPoint\",\"urlTemplate\":\"https:\\\/\\\/visitteo.com\\\/hr\\\/?s={search_term_string}\"},\"query-input\":{\"@type\":\"PropertyValueSpecification\",\"valueRequired\":true,\"valueName\":\"search_term_string\"}}],\"inLanguage\":\"hr\"},{\"@type\":\"Organization\",\"@id\":\"https:\\\/\\\/visitteo.com\\\/hr\\\/#organization\",\"name\":\"Visitteo\",\"url\":\"https:\\\/\\\/visitteo.com\\\/hr\\\/\",\"logo\":{\"@type\":\"ImageObject\",\"inLanguage\":\"hr\",\"@id\":\"https:\\\/\\\/visitteo.com\\\/hr\\\/#\\\/schema\\\/logo\\\/image\\\/\",\"url\":\"https:\\\/\\\/visitteo.com\\\/wp-content\\\/uploads\\\/2024\\\/09\\\/organization_logo.png\",\"contentUrl\":\"https:\\\/\\\/visitteo.com\\\/wp-content\\\/uploads\\\/2024\\\/09\\\/organization_logo.png\",\"width\":840,\"height\":840,\"caption\":\"Visitteo\"},\"image\":{\"@id\":\"https:\\\/\\\/visitteo.com\\\/hr\\\/#\\\/schema\\\/logo\\\/image\\\/\"},\"sameAs\":[\"https:\\\/\\\/www.facebook.com\\\/visitteo\\\/\",\"https:\\\/\\\/x.com\\\/visitteo\",\"https:\\\/\\\/www.instagram.com\\\/visitteo\\\/\",\"https:\\\/\\\/www.pinterest.com\\\/visitteo\\\/pins\\\/\"]}]}<\/script>\n<!-- \/ Yoast SEO plugin. -->","yoast_head_json":{"title":"Politika Privatnosti - Visitteo","description":"Ova Politika privatnosti opisuje prakse tvrtke Atlas d.o.o. u vezi s osobnim podacima. Ova se Politika privatnosti odnosi na na\u0161u web stranicu (na\u0161u \u201eUslugu\u201c).","robots":{"index":"index","follow":"follow","max-snippet":"max-snippet:-1","max-image-preview":"max-image-preview:large","max-video-preview":"max-video-preview:-1"},"canonical":"https:\/\/visitteo.com\/hr\/politika-privatnosti\/","og_locale":"hr_HR","og_type":"article","og_title":"Politika Privatnosti - Visitteo","og_description":"Ova Politika privatnosti opisuje prakse tvrtke Atlas d.o.o. u vezi s osobnim podacima. Ova se Politika privatnosti odnosi na na\u0161u web stranicu (na\u0161u \u201eUslugu\u201c).","og_url":"https:\/\/visitteo.com\/hr\/politika-privatnosti\/","og_site_name":"Visitteo","article_publisher":"https:\/\/www.facebook.com\/visitteo\/","article_modified_time":"2020-12-14T08:00:31+00:00","og_image":[{"width":1200,"height":630,"url":"https:\/\/visitteo.com\/wp-content\/uploads\/2022\/10\/share-1.jpg","type":"image\/jpeg"}],"twitter_card":"summary_large_image","twitter_site":"@visitteo","twitter_misc":{"Procijenjeno vrijeme \u010ditanja":"8 minuta"},"schema":{"@context":"https:\/\/schema.org","@graph":[{"@type":"WebPage","@id":"https:\/\/visitteo.com\/hr\/politika-privatnosti\/","url":"https:\/\/visitteo.com\/hr\/politika-privatnosti\/","name":"Politika Privatnosti - Visitteo","isPartOf":{"@id":"https:\/\/visitteo.com\/hr\/#website"},"datePublished":"2020-11-30T12:17:41+00:00","dateModified":"2020-12-14T08:00:31+00:00","description":"Ova Politika privatnosti opisuje prakse tvrtke Atlas d.o.o. u vezi s osobnim podacima. Ova se Politika privatnosti odnosi na na\u0161u web stranicu (na\u0161u \u201eUslugu\u201c).","breadcrumb":{"@id":"https:\/\/visitteo.com\/hr\/politika-privatnosti\/#breadcrumb"},"inLanguage":"hr","potentialAction":[{"@type":"ReadAction","target":["https:\/\/visitteo.com\/hr\/politika-privatnosti\/"]}]},{"@type":"BreadcrumbList","@id":"https:\/\/visitteo.com\/hr\/politika-privatnosti\/#breadcrumb","itemListElement":[{"@type":"ListItem","position":1,"name":"Naslovnica","item":"https:\/\/visitteo.com\/hr\/"},{"@type":"ListItem","position":2,"name":"Politika privatnosti"}]},{"@type":"WebSite","@id":"https:\/\/visitteo.com\/hr\/#website","url":"https:\/\/visitteo.com\/hr\/","name":"Visitteo","description":"Visitteo je metapretra\u017eiva\u010d za iznajmljivanje automobila.","publisher":{"@id":"https:\/\/visitteo.com\/hr\/#organization"},"potentialAction":[{"@type":"SearchAction","target":{"@type":"EntryPoint","urlTemplate":"https:\/\/visitteo.com\/hr\/?s={search_term_string}"},"query-input":{"@type":"PropertyValueSpecification","valueRequired":true,"valueName":"search_term_string"}}],"inLanguage":"hr"},{"@type":"Organization","@id":"https:\/\/visitteo.com\/hr\/#organization","name":"Visitteo","url":"https:\/\/visitteo.com\/hr\/","logo":{"@type":"ImageObject","inLanguage":"hr","@id":"https:\/\/visitteo.com\/hr\/#\/schema\/logo\/image\/","url":"https:\/\/visitteo.com\/wp-content\/uploads\/2024\/09\/organization_logo.png","contentUrl":"https:\/\/visitteo.com\/wp-content\/uploads\/2024\/09\/organization_logo.png","width":840,"height":840,"caption":"Visitteo"},"image":{"@id":"https:\/\/visitteo.com\/hr\/#\/schema\/logo\/image\/"},"sameAs":["https:\/\/www.facebook.com\/visitteo\/","https:\/\/x.com\/visitteo","https:\/\/www.instagram.com\/visitteo\/","https:\/\/www.pinterest.com\/visitteo\/pins\/"]}]}},"_links":{"self":[{"href":"https:\/\/visitteo.com\/hr\/wp-json\/wp\/v2\/pages\/5192","targetHints":{"allow":["GET"]}}],"collection":[{"href":"https:\/\/visitteo.com\/hr\/wp-json\/wp\/v2\/pages"}],"about":[{"href":"https:\/\/visitteo.com\/hr\/wp-json\/wp\/v2\/types\/page"}],"author":[{"embeddable":true,"href":"https:\/\/visitteo.com\/hr\/wp-json\/wp\/v2\/users\/5"}],"replies":[{"embeddable":true,"href":"https:\/\/visitteo.com\/hr\/wp-json\/wp\/v2\/comments?post=5192"}],"version-history":[{"count":0,"href":"https:\/\/visitteo.com\/hr\/wp-json\/wp\/v2\/pages\/5192\/revisions"}],"wp:attachment":[{"href":"https:\/\/visitteo.com\/hr\/wp-json\/wp\/v2\/media?parent=5192"}],"curies":[{"name":"wp","href":"https:\/\/api.w.org\/{rel}","templated":true}]}}