{"id":1209,"date":"2017-02-22T12:45:11","date_gmt":"2017-02-22T11:45:11","guid":{"rendered":"https:\/\/visitteo.com\/homepage\/"},"modified":"2026-02-14T12:51:44","modified_gmt":"2026-02-14T11:51:44","slug":"visitteo","status":"publish","type":"page","link":"https:\/\/visitteo.com\/hu\/","title":{"rendered":"Homepage"},"content":{"rendered":"<p>[do_widget &#8220;Visiteeo Search Widget&#8221;]<\/p>\n","protected":false},"excerpt":{"rendered":"<p>[do_widget &#8220;Visiteeo Search Widget&#8221;]<\/p>\n","protected":false},"author":5,"featured_media":0,"parent":0,"menu_order":1,"comment_status":"closed","ping_status":"closed","template":"","meta":{"_acf_changed":false,"footnotes":""},"class_list":["post-1209","page","type-page","status-publish","hentry"],"acf":[],"yoast_head":"<!-- This site is optimized with the Yoast SEO plugin v27.1.1 - https:\/\/yoast.com\/product\/yoast-seo-wordpress\/ -->\n<title>Visitteo | Olcs\u00f3 Aut\u00f3b\u00e9rl\u00e9si Aj\u00e1nlatok - \u00d6sszehasonl\u00edt\u00e1s \u00e9s Ment\u00e9s<\/title>\n<meta name=\"description\" content=\"Hasonl\u00edtsa \u00f6ssze az aut\u00f3b\u00e9rl\u00e9si \u00e1rakat, \u00e9s takar\u00edtson meg id\u0151t \u00e9s p\u00e9nzt a Visitteo-n. Keresse meg a legjobb aj\u00e1nlatokat egyszerre t\u00f6bb mint 500 aut\u00f3k\u00f6lcs\u00f6nz\u0151 oldalon.\" \/>\n<meta name=\"robots\" content=\"index, follow, max-snippet:-1, max-image-preview:large, max-video-preview:-1\" \/>\n<link rel=\"canonical\" href=\"https:\/\/visitteo.com\/hu\/\" \/>\n<meta property=\"og:locale\" content=\"hu_HU\" \/>\n<meta property=\"og:type\" content=\"article\" \/>\n<meta property=\"og:title\" content=\"Visitteo | Holiday Rentals, Apartments &amp; Villas in Croatia\" \/>\n<meta property=\"og:description\" content=\"Hasonl\u00edtsa \u00f6ssze az aut\u00f3b\u00e9rl\u00e9si \u00e1rakat, \u00e9s takar\u00edtson meg id\u0151t \u00e9s p\u00e9nzt a Visitteo-n. Keresse meg a legjobb aj\u00e1nlatokat egyszerre t\u00f6bb mint 500 aut\u00f3k\u00f6lcs\u00f6nz\u0151 oldalon.\" \/>\n<meta property=\"og:url\" content=\"https:\/\/visitteo.com\/hu\/\" \/>\n<meta property=\"og:site_name\" content=\"Visitteo\" \/>\n<meta property=\"article:publisher\" content=\"https:\/\/www.facebook.com\/visitteo\/\" \/>\n<meta property=\"article:modified_time\" content=\"2026-02-14T11:51:44+00:00\" \/>\n<meta property=\"og:image\" content=\"https:\/\/visitteo.com\/wp-content\/uploads\/2020\/12\/St.-Peter-lighthouse-Makarska-Croatia.jpg\" \/>\n\t<meta property=\"og:image:width\" content=\"1200\" \/>\n\t<meta property=\"og:image:height\" content=\"628\" \/>\n\t<meta property=\"og:image:type\" content=\"image\/jpeg\" \/>\n<meta name=\"twitter:card\" content=\"summary_large_image\" \/>\n<meta name=\"twitter:title\" content=\"Visitteo | Holiday Rentals, Apartments &amp; Villas in Croatia\" \/>\n<meta name=\"twitter:site\" content=\"@visitteo\" \/>\n<meta name=\"twitter:label1\" content=\"Becs\u00fclt olvas\u00e1si id\u0151\" \/>\n\t<meta name=\"twitter:data1\" content=\"7 perc\" \/>\n<script type=\"application\/ld+json\" class=\"yoast-schema-graph\">{\"@context\":\"https:\/\/schema.org\",\"@graph\":[{\"@type\":\"WebPage\",\"@id\":\"https:\/\/visitteo.com\/hu\/\",\"url\":\"https:\/\/visitteo.com\/hu\/\",\"name\":\"Visitteo | Olcs\u00f3 Aut\u00f3b\u00e9rl\u00e9si Aj\u00e1nlatok - \u00d6sszehasonl\u00edt\u00e1s \u00e9s Ment\u00e9s\",\"isPartOf\":{\"@id\":\"https:\/\/visitteo.com\/hu\/#website\"},\"datePublished\":\"2017-02-22T11:45:11+00:00\",\"dateModified\":\"2026-02-14T11:51:44+00:00\",\"description\":\"Hasonl\u00edtsa \u00f6ssze az aut\u00f3b\u00e9rl\u00e9si \u00e1rakat, \u00e9s takar\u00edtson meg id\u0151t \u00e9s p\u00e9nzt a Visitteo-n. Keresse meg a legjobb aj\u00e1nlatokat egyszerre t\u00f6bb mint 500 aut\u00f3k\u00f6lcs\u00f6nz\u0151 oldalon.\",\"breadcrumb\":{\"@id\":\"https:\/\/visitteo.com\/hu\/#breadcrumb\"},\"inLanguage\":\"hu\",\"potentialAction\":[{\"@type\":\"ReadAction\",\"target\":[\"https:\/\/visitteo.com\/hu\/\"]}]},{\"@type\":\"BreadcrumbList\",\"@id\":\"https:\/\/visitteo.com\/hu\/#breadcrumb\",\"itemListElement\":[{\"@type\":\"ListItem\",\"position\":1,\"name\":\"Homepage\",\"item\":\"https:\/\/visitteo.com\/hu\/\"},{\"@type\":\"ListItem\",\"position\":2,\"name\":\"Homepage\"}]},{\"@type\":\"WebSite\",\"@id\":\"https:\/\/visitteo.com\/hu\/#website\",\"url\":\"https:\/\/visitteo.com\/hu\/\",\"name\":\"Visitteo\",\"description\":\"Visitteo is a metasearch engine for car rental.\",\"publisher\":{\"@id\":\"https:\/\/visitteo.com\/hu\/#organization\"},\"potentialAction\":[{\"@type\":\"SearchAction\",\"target\":{\"@type\":\"EntryPoint\",\"urlTemplate\":\"https:\/\/visitteo.com\/hu\/?s={search_term_string}\"},\"query-input\":{\"@type\":\"PropertyValueSpecification\",\"valueRequired\":true,\"valueName\":\"search_term_string\"}}],\"inLanguage\":\"hu\"},{\"@type\":\"Organization\",\"@id\":\"https:\/\/visitteo.com\/hu\/#organization\",\"name\":\"Visitteo\",\"url\":\"https:\/\/visitteo.com\/hu\/\",\"logo\":{\"@type\":\"ImageObject\",\"inLanguage\":\"hu\",\"@id\":\"https:\/\/visitteo.com\/hu\/#\/schema\/logo\/image\/\",\"url\":\"https:\/\/visitteo.com\/wp-content\/uploads\/2024\/09\/organization_logo.png\",\"contentUrl\":\"https:\/\/visitteo.com\/wp-content\/uploads\/2024\/09\/organization_logo.png\",\"width\":840,\"height\":840,\"caption\":\"Visitteo\"},\"image\":{\"@id\":\"https:\/\/visitteo.com\/hu\/#\/schema\/logo\/image\/\"},\"sameAs\":[\"https:\/\/www.facebook.com\/visitteo\/\",\"https:\/\/x.com\/visitteo\",\"https:\/\/www.instagram.com\/visitteo\/\",\"https:\/\/www.pinterest.com\/visitteo\/pins\/\"]}]}<\/script>\n<!-- \/ Yoast SEO plugin. -->","yoast_head_json":{"title":"Visitteo | Olcs\u00f3 Aut\u00f3b\u00e9rl\u00e9si Aj\u00e1nlatok - \u00d6sszehasonl\u00edt\u00e1s \u00e9s Ment\u00e9s","description":"Hasonl\u00edtsa \u00f6ssze az aut\u00f3b\u00e9rl\u00e9si \u00e1rakat, \u00e9s takar\u00edtson meg id\u0151t \u00e9s p\u00e9nzt a Visitteo-n. Keresse meg a legjobb aj\u00e1nlatokat egyszerre t\u00f6bb mint 500 aut\u00f3k\u00f6lcs\u00f6nz\u0151 oldalon.","robots":{"index":"index","follow":"follow","max-snippet":"max-snippet:-1","max-image-preview":"max-image-preview:large","max-video-preview":"max-video-preview:-1"},"canonical":"https:\/\/visitteo.com\/hu\/","og_locale":"hu_HU","og_type":"article","og_title":"Visitteo | Holiday Rentals, Apartments & Villas in Croatia","og_description":"Hasonl\u00edtsa \u00f6ssze az aut\u00f3b\u00e9rl\u00e9si \u00e1rakat, \u00e9s takar\u00edtson meg id\u0151t \u00e9s p\u00e9nzt a Visitteo-n. Keresse meg a legjobb aj\u00e1nlatokat egyszerre t\u00f6bb mint 500 aut\u00f3k\u00f6lcs\u00f6nz\u0151 oldalon.","og_url":"https:\/\/visitteo.com\/hu\/","og_site_name":"Visitteo","article_publisher":"https:\/\/www.facebook.com\/visitteo\/","article_modified_time":"2026-02-14T11:51:44+00:00","og_image":[{"width":1200,"height":628,"url":"https:\/\/visitteo.com\/wp-content\/uploads\/2020\/12\/St.-Peter-lighthouse-Makarska-Croatia.jpg","type":"image\/jpeg"}],"twitter_card":"summary_large_image","twitter_title":"Visitteo | Holiday Rentals, Apartments & Villas in Croatia","twitter_site":"@visitteo","twitter_misc":{"Becs\u00fclt olvas\u00e1si id\u0151":"7 perc"},"schema":{"@context":"https:\/\/schema.org","@graph":[{"@type":"WebPage","@id":"https:\/\/visitteo.com\/hu\/","url":"https:\/\/visitteo.com\/hu\/","name":"Visitteo | Olcs\u00f3 Aut\u00f3b\u00e9rl\u00e9si Aj\u00e1nlatok - \u00d6sszehasonl\u00edt\u00e1s \u00e9s Ment\u00e9s","isPartOf":{"@id":"https:\/\/visitteo.com\/hu\/#website"},"datePublished":"2017-02-22T11:45:11+00:00","dateModified":"2026-02-14T11:51:44+00:00","description":"Hasonl\u00edtsa \u00f6ssze az aut\u00f3b\u00e9rl\u00e9si \u00e1rakat, \u00e9s takar\u00edtson meg id\u0151t \u00e9s p\u00e9nzt a Visitteo-n. Keresse meg a legjobb aj\u00e1nlatokat egyszerre t\u00f6bb mint 500 aut\u00f3k\u00f6lcs\u00f6nz\u0151 oldalon.","breadcrumb":{"@id":"https:\/\/visitteo.com\/hu\/#breadcrumb"},"inLanguage":"hu","potentialAction":[{"@type":"ReadAction","target":["https:\/\/visitteo.com\/hu\/"]}]},{"@type":"BreadcrumbList","@id":"https:\/\/visitteo.com\/hu\/#breadcrumb","itemListElement":[{"@type":"ListItem","position":1,"name":"Homepage","item":"https:\/\/visitteo.com\/hu\/"},{"@type":"ListItem","position":2,"name":"Homepage"}]},{"@type":"WebSite","@id":"https:\/\/visitteo.com\/hu\/#website","url":"https:\/\/visitteo.com\/hu\/","name":"Visitteo","description":"Visitteo is a metasearch engine for car rental.","publisher":{"@id":"https:\/\/visitteo.com\/hu\/#organization"},"potentialAction":[{"@type":"SearchAction","target":{"@type":"EntryPoint","urlTemplate":"https:\/\/visitteo.com\/hu\/?s={search_term_string}"},"query-input":{"@type":"PropertyValueSpecification","valueRequired":true,"valueName":"search_term_string"}}],"inLanguage":"hu"},{"@type":"Organization","@id":"https:\/\/visitteo.com\/hu\/#organization","name":"Visitteo","url":"https:\/\/visitteo.com\/hu\/","logo":{"@type":"ImageObject","inLanguage":"hu","@id":"https:\/\/visitteo.com\/hu\/#\/schema\/logo\/image\/","url":"https:\/\/visitteo.com\/wp-content\/uploads\/2024\/09\/organization_logo.png","contentUrl":"https:\/\/visitteo.com\/wp-content\/uploads\/2024\/09\/organization_logo.png","width":840,"height":840,"caption":"Visitteo"},"image":{"@id":"https:\/\/visitteo.com\/hu\/#\/schema\/logo\/image\/"},"sameAs":["https:\/\/www.facebook.com\/visitteo\/","https:\/\/x.com\/visitteo","https:\/\/www.instagram.com\/visitteo\/","https:\/\/www.pinterest.com\/visitteo\/pins\/"]}]}},"_links":{"self":[{"href":"https:\/\/visitteo.com\/hu\/wp-json\/wp\/v2\/pages\/1209","targetHints":{"allow":["GET"]}}],"collection":[{"href":"https:\/\/visitteo.com\/hu\/wp-json\/wp\/v2\/pages"}],"about":[{"href":"https:\/\/visitteo.com\/hu\/wp-json\/wp\/v2\/types\/page"}],"author":[{"embeddable":true,"href":"https:\/\/visitteo.com\/hu\/wp-json\/wp\/v2\/users\/5"}],"replies":[{"embeddable":true,"href":"https:\/\/visitteo.com\/hu\/wp-json\/wp\/v2\/comments?post=1209"}],"version-history":[{"count":1,"href":"https:\/\/visitteo.com\/hu\/wp-json\/wp\/v2\/pages\/1209\/revisions"}],"predecessor-version":[{"id":61143,"href":"https:\/\/visitteo.com\/hu\/wp-json\/wp\/v2\/pages\/1209\/revisions\/61143"}],"wp:attachment":[{"href":"https:\/\/visitteo.com\/hu\/wp-json\/wp\/v2\/media?parent=1209"}],"curies":[{"name":"wp","href":"https:\/\/api.w.org\/{rel}","templated":true}]}}