{"id":3460,"date":"2017-04-25T11:48:10","date_gmt":"2017-04-25T09:48:10","guid":{"rendered":"https:\/\/visitteo.com\/?page_id=3460"},"modified":"2020-12-11T09:09:11","modified_gmt":"2020-12-11T08:09:11","slug":"gyakran-ismetelt-kerdesek","status":"publish","type":"page","link":"https:\/\/visitteo.com\/hu\/gyakran-ismetelt-kerdesek\/","title":{"rendered":"Gyakran Ism\u00e9telt K\u00e9rd\u00e9sek"},"content":{"rendered":"","protected":false},"excerpt":{"rendered":"","protected":false},"author":5,"featured_media":0,"parent":0,"menu_order":21,"comment_status":"closed","ping_status":"closed","template":"page-frequently-asked-questions.php","meta":{"_acf_changed":false,"footnotes":""},"class_list":["post-3460","page","type-page","status-publish","hentry"],"acf":[],"yoast_head":"<!-- This site is optimized with the Yoast SEO plugin v27.3 - https:\/\/yoast.com\/product\/yoast-seo-wordpress\/ -->\n<title>Gyakran Ism\u00e9telt K\u00e9rd\u00e9sek - Visitteo<\/title>\n<meta name=\"description\" content=\"Mi a Visitteo? A Visitteo egy metakeres\u0151 motor a sz\u00e1ll\u00e1s keres\u00e9s\u00e9re. Csatlakoztatjuk \u00d6nt a vezet\u0151 horv\u00e1t \u00e9s k\u00fclf\u00f6ldi webhelyekhez a sz\u00e1ll\u00e1sfoglal\u00e1shoz, \u00e9s megmutatjuk teljes aj\u00e1nlatukat.\" \/>\n<meta name=\"robots\" content=\"index, follow, max-snippet:-1, max-image-preview:large, max-video-preview:-1\" \/>\n<link rel=\"canonical\" href=\"https:\/\/visitteo.com\/hu\/gyakran-ismetelt-kerdesek\/\" \/>\n<meta property=\"og:locale\" content=\"hu_HU\" \/>\n<meta property=\"og:type\" content=\"article\" \/>\n<meta property=\"og:title\" content=\"Gyakran Ism\u00e9telt K\u00e9rd\u00e9sek - Visitteo\" \/>\n<meta property=\"og:description\" content=\"Mi a Visitteo? A Visitteo egy metakeres\u0151 motor a sz\u00e1ll\u00e1s keres\u00e9s\u00e9re. Csatlakoztatjuk \u00d6nt a vezet\u0151 horv\u00e1t \u00e9s k\u00fclf\u00f6ldi webhelyekhez a sz\u00e1ll\u00e1sfoglal\u00e1shoz, \u00e9s megmutatjuk teljes aj\u00e1nlatukat.\" \/>\n<meta property=\"og:url\" content=\"https:\/\/visitteo.com\/hu\/gyakran-ismetelt-kerdesek\/\" \/>\n<meta property=\"og:site_name\" content=\"Visitteo\" \/>\n<meta property=\"article:publisher\" content=\"https:\/\/www.facebook.com\/visitteo\/\" \/>\n<meta property=\"article:modified_time\" content=\"2020-12-11T08:09:11+00:00\" \/>\n<meta property=\"og:image\" content=\"https:\/\/visitteo.com\/wp-content\/uploads\/2022\/10\/share-1.jpg\" \/>\n\t<meta property=\"og:image:width\" content=\"1200\" \/>\n\t<meta property=\"og:image:height\" content=\"630\" \/>\n\t<meta property=\"og:image:type\" content=\"image\/jpeg\" \/>\n<meta name=\"twitter:card\" content=\"summary_large_image\" \/>\n<meta name=\"twitter:site\" content=\"@visitteo\" \/>\n<script type=\"application\/ld+json\" class=\"yoast-schema-graph\">{\"@context\":\"https:\\\/\\\/schema.org\",\"@graph\":[{\"@type\":\"WebPage\",\"@id\":\"https:\\\/\\\/visitteo.com\\\/hu\\\/gyakran-ismetelt-kerdesek\\\/\",\"url\":\"https:\\\/\\\/visitteo.com\\\/hu\\\/gyakran-ismetelt-kerdesek\\\/\",\"name\":\"Gyakran Ism\u00e9telt K\u00e9rd\u00e9sek - Visitteo\",\"isPartOf\":{\"@id\":\"https:\\\/\\\/visitteo.com\\\/hu\\\/#website\"},\"datePublished\":\"2017-04-25T09:48:10+00:00\",\"dateModified\":\"2020-12-11T08:09:11+00:00\",\"description\":\"Mi a Visitteo? A Visitteo egy metakeres\u0151 motor a sz\u00e1ll\u00e1s keres\u00e9s\u00e9re. Csatlakoztatjuk \u00d6nt a vezet\u0151 horv\u00e1t \u00e9s k\u00fclf\u00f6ldi webhelyekhez a sz\u00e1ll\u00e1sfoglal\u00e1shoz, \u00e9s megmutatjuk teljes aj\u00e1nlatukat.\",\"breadcrumb\":{\"@id\":\"https:\\\/\\\/visitteo.com\\\/hu\\\/gyakran-ismetelt-kerdesek\\\/#breadcrumb\"},\"inLanguage\":\"hu\",\"potentialAction\":[{\"@type\":\"ReadAction\",\"target\":[\"https:\\\/\\\/visitteo.com\\\/hu\\\/gyakran-ismetelt-kerdesek\\\/\"]}]},{\"@type\":\"BreadcrumbList\",\"@id\":\"https:\\\/\\\/visitteo.com\\\/hu\\\/gyakran-ismetelt-kerdesek\\\/#breadcrumb\",\"itemListElement\":[{\"@type\":\"ListItem\",\"position\":1,\"name\":\"Homepage\",\"item\":\"https:\\\/\\\/visitteo.com\\\/hu\\\/\"},{\"@type\":\"ListItem\",\"position\":2,\"name\":\"Gyakran Ism\u00e9telt K\u00e9rd\u00e9sek\"}]},{\"@type\":\"WebSite\",\"@id\":\"https:\\\/\\\/visitteo.com\\\/hu\\\/#website\",\"url\":\"https:\\\/\\\/visitteo.com\\\/hu\\\/\",\"name\":\"Visitteo\",\"description\":\"Visitteo is a metasearch engine for car rental.\",\"publisher\":{\"@id\":\"https:\\\/\\\/visitteo.com\\\/hu\\\/#organization\"},\"potentialAction\":[{\"@type\":\"SearchAction\",\"target\":{\"@type\":\"EntryPoint\",\"urlTemplate\":\"https:\\\/\\\/visitteo.com\\\/hu\\\/?s={search_term_string}\"},\"query-input\":{\"@type\":\"PropertyValueSpecification\",\"valueRequired\":true,\"valueName\":\"search_term_string\"}}],\"inLanguage\":\"hu\"},{\"@type\":\"Organization\",\"@id\":\"https:\\\/\\\/visitteo.com\\\/hu\\\/#organization\",\"name\":\"Visitteo\",\"url\":\"https:\\\/\\\/visitteo.com\\\/hu\\\/\",\"logo\":{\"@type\":\"ImageObject\",\"inLanguage\":\"hu\",\"@id\":\"https:\\\/\\\/visitteo.com\\\/hu\\\/#\\\/schema\\\/logo\\\/image\\\/\",\"url\":\"https:\\\/\\\/visitteo.com\\\/wp-content\\\/uploads\\\/2024\\\/09\\\/organization_logo.png\",\"contentUrl\":\"https:\\\/\\\/visitteo.com\\\/wp-content\\\/uploads\\\/2024\\\/09\\\/organization_logo.png\",\"width\":840,\"height\":840,\"caption\":\"Visitteo\"},\"image\":{\"@id\":\"https:\\\/\\\/visitteo.com\\\/hu\\\/#\\\/schema\\\/logo\\\/image\\\/\"},\"sameAs\":[\"https:\\\/\\\/www.facebook.com\\\/visitteo\\\/\",\"https:\\\/\\\/x.com\\\/visitteo\",\"https:\\\/\\\/www.instagram.com\\\/visitteo\\\/\",\"https:\\\/\\\/www.pinterest.com\\\/visitteo\\\/pins\\\/\"]}]}<\/script>\n<!-- \/ Yoast SEO plugin. -->","yoast_head_json":{"title":"Gyakran Ism\u00e9telt K\u00e9rd\u00e9sek - Visitteo","description":"Mi a Visitteo? A Visitteo egy metakeres\u0151 motor a sz\u00e1ll\u00e1s keres\u00e9s\u00e9re. Csatlakoztatjuk \u00d6nt a vezet\u0151 horv\u00e1t \u00e9s k\u00fclf\u00f6ldi webhelyekhez a sz\u00e1ll\u00e1sfoglal\u00e1shoz, \u00e9s megmutatjuk teljes aj\u00e1nlatukat.","robots":{"index":"index","follow":"follow","max-snippet":"max-snippet:-1","max-image-preview":"max-image-preview:large","max-video-preview":"max-video-preview:-1"},"canonical":"https:\/\/visitteo.com\/hu\/gyakran-ismetelt-kerdesek\/","og_locale":"hu_HU","og_type":"article","og_title":"Gyakran Ism\u00e9telt K\u00e9rd\u00e9sek - Visitteo","og_description":"Mi a Visitteo? A Visitteo egy metakeres\u0151 motor a sz\u00e1ll\u00e1s keres\u00e9s\u00e9re. Csatlakoztatjuk \u00d6nt a vezet\u0151 horv\u00e1t \u00e9s k\u00fclf\u00f6ldi webhelyekhez a sz\u00e1ll\u00e1sfoglal\u00e1shoz, \u00e9s megmutatjuk teljes aj\u00e1nlatukat.","og_url":"https:\/\/visitteo.com\/hu\/gyakran-ismetelt-kerdesek\/","og_site_name":"Visitteo","article_publisher":"https:\/\/www.facebook.com\/visitteo\/","article_modified_time":"2020-12-11T08:09:11+00:00","og_image":[{"width":1200,"height":630,"url":"https:\/\/visitteo.com\/wp-content\/uploads\/2022\/10\/share-1.jpg","type":"image\/jpeg"}],"twitter_card":"summary_large_image","twitter_site":"@visitteo","schema":{"@context":"https:\/\/schema.org","@graph":[{"@type":"WebPage","@id":"https:\/\/visitteo.com\/hu\/gyakran-ismetelt-kerdesek\/","url":"https:\/\/visitteo.com\/hu\/gyakran-ismetelt-kerdesek\/","name":"Gyakran Ism\u00e9telt K\u00e9rd\u00e9sek - Visitteo","isPartOf":{"@id":"https:\/\/visitteo.com\/hu\/#website"},"datePublished":"2017-04-25T09:48:10+00:00","dateModified":"2020-12-11T08:09:11+00:00","description":"Mi a Visitteo? A Visitteo egy metakeres\u0151 motor a sz\u00e1ll\u00e1s keres\u00e9s\u00e9re. Csatlakoztatjuk \u00d6nt a vezet\u0151 horv\u00e1t \u00e9s k\u00fclf\u00f6ldi webhelyekhez a sz\u00e1ll\u00e1sfoglal\u00e1shoz, \u00e9s megmutatjuk teljes aj\u00e1nlatukat.","breadcrumb":{"@id":"https:\/\/visitteo.com\/hu\/gyakran-ismetelt-kerdesek\/#breadcrumb"},"inLanguage":"hu","potentialAction":[{"@type":"ReadAction","target":["https:\/\/visitteo.com\/hu\/gyakran-ismetelt-kerdesek\/"]}]},{"@type":"BreadcrumbList","@id":"https:\/\/visitteo.com\/hu\/gyakran-ismetelt-kerdesek\/#breadcrumb","itemListElement":[{"@type":"ListItem","position":1,"name":"Homepage","item":"https:\/\/visitteo.com\/hu\/"},{"@type":"ListItem","position":2,"name":"Gyakran Ism\u00e9telt K\u00e9rd\u00e9sek"}]},{"@type":"WebSite","@id":"https:\/\/visitteo.com\/hu\/#website","url":"https:\/\/visitteo.com\/hu\/","name":"Visitteo","description":"Visitteo is a metasearch engine for car rental.","publisher":{"@id":"https:\/\/visitteo.com\/hu\/#organization"},"potentialAction":[{"@type":"SearchAction","target":{"@type":"EntryPoint","urlTemplate":"https:\/\/visitteo.com\/hu\/?s={search_term_string}"},"query-input":{"@type":"PropertyValueSpecification","valueRequired":true,"valueName":"search_term_string"}}],"inLanguage":"hu"},{"@type":"Organization","@id":"https:\/\/visitteo.com\/hu\/#organization","name":"Visitteo","url":"https:\/\/visitteo.com\/hu\/","logo":{"@type":"ImageObject","inLanguage":"hu","@id":"https:\/\/visitteo.com\/hu\/#\/schema\/logo\/image\/","url":"https:\/\/visitteo.com\/wp-content\/uploads\/2024\/09\/organization_logo.png","contentUrl":"https:\/\/visitteo.com\/wp-content\/uploads\/2024\/09\/organization_logo.png","width":840,"height":840,"caption":"Visitteo"},"image":{"@id":"https:\/\/visitteo.com\/hu\/#\/schema\/logo\/image\/"},"sameAs":["https:\/\/www.facebook.com\/visitteo\/","https:\/\/x.com\/visitteo","https:\/\/www.instagram.com\/visitteo\/","https:\/\/www.pinterest.com\/visitteo\/pins\/"]}]}},"_links":{"self":[{"href":"https:\/\/visitteo.com\/hu\/wp-json\/wp\/v2\/pages\/3460","targetHints":{"allow":["GET"]}}],"collection":[{"href":"https:\/\/visitteo.com\/hu\/wp-json\/wp\/v2\/pages"}],"about":[{"href":"https:\/\/visitteo.com\/hu\/wp-json\/wp\/v2\/types\/page"}],"author":[{"embeddable":true,"href":"https:\/\/visitteo.com\/hu\/wp-json\/wp\/v2\/users\/5"}],"replies":[{"embeddable":true,"href":"https:\/\/visitteo.com\/hu\/wp-json\/wp\/v2\/comments?post=3460"}],"version-history":[{"count":0,"href":"https:\/\/visitteo.com\/hu\/wp-json\/wp\/v2\/pages\/3460\/revisions"}],"wp:attachment":[{"href":"https:\/\/visitteo.com\/hu\/wp-json\/wp\/v2\/media?parent=3460"}],"curies":[{"name":"wp","href":"https:\/\/api.w.org\/{rel}","templated":true}]}}