{"id":5162,"date":"2020-10-20T12:48:03","date_gmt":"2020-10-20T10:48:03","guid":{"rendered":"https:\/\/visitteo.com\/cookies\/"},"modified":"2021-01-11T08:31:21","modified_gmt":"2021-01-11T07:31:21","slug":"cookies","status":"publish","type":"page","link":"https:\/\/visitteo.com\/hu\/cookies\/","title":{"rendered":"Cookie-k"},"content":{"rendered":"<p>Atlas LLC. (\u201eMi\u201d, \u201emi\u201d vagy \u201emi\u201d) s\u00fctiket haszn\u00e1lunk a <a href=\"https:\/\/visitteo.com\/hu\/\" target=\"_blank\" rel=\"noopener noreferrer\">www.visitteo.com<\/a> weboldalon (a tov\u00e1bbiakban: \u201eSzolg\u00e1ltat\u00e1s\u201d). A Szolg\u00e1ltat\u00e1s haszn\u00e1lat\u00e1val hozz\u00e1j\u00e1rul a s\u00fctik haszn\u00e1lat\u00e1hoz.<\/p>\n<p>Mint szinte minden weboldal, mi is s\u00fctiket haszn\u00e1lunk. Biztos\u00edtani akarjuk, hogy weboldalunk l\u00e1togat\u00e1sa z\u00f6kken\u0151mentes, megb\u00edzhat\u00f3 \u00e9s a lehet\u0151 leghasznosabb legyen az \u00d6n sz\u00e1m\u00e1ra. A s\u00fctik haszn\u00e1lat\u00e1r\u00f3l akkor \u00e9rtes\u00edt\u00fcnk, amikor el\u0151sz\u00f6r megl\u00e1togatja weboldalunkat az oldal alj\u00e1n tal\u00e1lhat\u00f3 \u00e9rtes\u00edt\u00e9si s\u00e1von kereszt\u00fcl. S\u00fctikre vonatkoz\u00f3 ir\u00e1nyelveink elmagyar\u00e1zz\u00e1k, hogy mik a s\u00fctik, hogyan haszn\u00e1ljuk a s\u00fctiket, hogy harmadik felek mik\u00e9nt m\u0171k\u00f6dhetnek egy\u00fctt a Szolg\u00e1ltat\u00e1s s\u00fctik haszn\u00e1lat\u00e1val, a s\u00fctikkel kapcsolatos d\u00f6nt\u00e9seit \u00e9s a s\u00fctikkel kapcsolatos tov\u00e1bbi inform\u00e1ci\u00f3kat. A weboldal haszn\u00e1lat\u00e1nak folytat\u00e1s\u00e1val \u00d6n hozz\u00e1j\u00e1rul a s\u00fctik haszn\u00e1lat\u00e1hoz.<\/p>\n<h5><strong>Mik azok a s\u00fctik?<\/strong><\/h5>\n<p>A cookie egy kicsi, egyedi sz\u00f6veges f\u00e1jl, amelyet egy webhely elk\u00fcldhet a sz\u00e1m\u00edt\u00f3g\u00e9p\u00e9re, amikor megl\u00e1togat egy webhelyet. A legt\u00f6bb webb\u00f6ng\u00e9sz\u0151 figyelmeztethet a s\u00fctik haszn\u00e1lat\u00e1ra, vagy elutas\u00edthatja a s\u00fctik teljes elfogad\u00e1s\u00e1t. Ha nem akarja, hogy s\u00fctiket telep\u00edts\u00fcnk a b\u00f6ng\u00e9sz\u0151j\u00e9be, be\u00e1ll\u00edthatja b\u00f6ng\u00e9sz\u0151j\u00e9t, hogy elutas\u00edtsa a s\u00fctiket, vagy \u00e9rtes\u00edtsen, amikor egy webhely megpr\u00f3b\u00e1l s\u00fctiket feltenni a sz\u00e1m\u00edt\u00f3g\u00e9p\u00e9re. A s\u00fctik elutas\u00edt\u00e1sa befoly\u00e1solhatja a webhely haszn\u00e1lat\u00e1nak k\u00e9pess\u00e9g\u00e9t. Az Internet b\u00f6ng\u00e9sz\u0151 t\u00e1rolja \u0151ket. A s\u00fctik alapvet\u0151 inform\u00e1ci\u00f3kat tartalmaznak az \u00d6n internethaszn\u00e1lat\u00e1r\u00f3l, de \u00e1ltal\u00e1ban nem azonos\u00edtj\u00e1k \u00d6nt szem\u00e9lyesen. Az \u00d6n b\u00f6ng\u00e9sz\u0151je ezeket a s\u00fctiket minden alkalommal visszak\u00fcldi a webhelyre, amikor \u00fajra felkeresi \u0151ket, \u00edgy felismerheti sz\u00e1m\u00edt\u00f3g\u00e9p\u00e9t vagy mobileszk\u00f6z\u00e9t, valamint szem\u00e9lyre szabhatja \u00e9s jav\u00edthatja a webhely \u00e9lm\u00e9ny\u00e9t.<\/p>\n<h5><strong>Hogyan haszn\u00e1lja a Visitteo a s\u00fctiket?<\/strong><\/h5>\n<p>A cookie-kb\u00f3l gy\u0171jt\u00f6tt inform\u00e1ci\u00f3kat arra haszn\u00e1ljuk fel, hogy jav\u00edtsuk a webhely\u00fcnk\u00f6n szerzett tapasztalatait, a biztons\u00e1g \u00e9rdek\u00e9ben, valamint a tartalom \u00e9s a hirdet\u00e9sek szem\u00e9lyre szab\u00e1s\u00e1hoz. Seg\u00edtenek p\u00e9ld\u00e1ul abban, hogy azonos\u00edtsuk \u00e9s szem\u00e9lyre szabhassuk az \u00d6n \u00e9lm\u00e9ny\u00e9t, vagy hogy meghat\u00e1rozzuk a legrelev\u00e1nsabb kapcsol\u00f3d\u00f3 term\u00e9keket, amelyeket b\u00f6ng\u00e9sz\u00e9s k\u00f6zben megmutatunk \u00d6nnek.<\/p>\n<p>A b\u00f6ng\u00e9sz\u00e9s sor\u00e1n automatikusan inform\u00e1ci\u00f3kat gy\u0171jthet\u00fcnk, p\u00e9ld\u00e1ul az internetszolg\u00e1ltat\u00f3t, a b\u00f6ng\u00e9sz\u0151 t\u00edpus\u00e1t \u00e9s verzi\u00f3j\u00e1t, az oper\u00e1ci\u00f3s rendszert \u00e9s az eszk\u00f6z t\u00edpus\u00e1t, a weboldalunkon t\u00f6lt\u00f6tt \u00e1tlagos id\u0151t, a megtekintett oldalakat, az el\u00e9rett inform\u00e1ci\u00f3kat. Az ilyen inform\u00e1ci\u00f3kat n\u00e9ha webanalitik\u00e1nak \u00e9s \/ vagy clickstream adatnak nevezik.<\/p>\n<p>Kombin\u00e1lhatjuk ezeket az automatikusan \u00f6sszegy\u0171jt\u00f6tt inform\u00e1ci\u00f3kat m\u00e1s, az \u00d6nr\u0151l gy\u0171jt\u00f6tt inform\u00e1ci\u00f3kkal. Ezt az\u00e9rt tessz\u00fck, hogy jav\u00edtsuk az \u00d6n sz\u00e1m\u00e1ra k\u00edn\u00e1lt szolg\u00e1ltat\u00e1sokat, jav\u00edtsuk a marketinget, az elemz\u00e9seket \u00e9s a webhely funkcionalit\u00e1s\u00e1t.<\/p>\n<p>A s\u00fctik haszn\u00e1lat\u00e1b\u00f3l sz\u00e1rmaz\u00f3 inform\u00e1ci\u00f3kat a k\u00f6vetkez\u0151 c\u00e9lokra is felhaszn\u00e1lhatjuk:<\/p>\n<ul>\n<li>A webhely szem\u00e9lyre szab\u00e1sa az \u00d6n sz\u00e1m\u00e1ra, ide\u00e9rtve az olyan rekl\u00e1mok c\u00e9lz\u00e1s\u00e1t is, amelyek k\u00fcl\u00f6n\u00f6sen \u00e9rdekelhetik \u00d6nt<\/li>\n<li>A webhelyen val\u00f3 navig\u00e1l\u00e1s sor\u00e1n t\u00f6rt\u00e9n\u0151 nyomon k\u00f6vet\u00e9s \u00e9s az e-kereskedelmi szolg\u00e1ltat\u00e1sok haszn\u00e1lat\u00e1nak enged\u00e9lyez\u00e9se<\/li>\n<li>A webhely haszn\u00e1lhat\u00f3s\u00e1g\u00e1nak jav\u00edt\u00e1sa \u00e9rdek\u00e9ben<\/li>\n<li>A webhely bizonyos funkci\u00f3inak enged\u00e9lyez\u00e9se<\/li>\n<li>A sz\u00e1m\u00edt\u00f3g\u00e9p felismer\u00e9se, amikor megl\u00e1togatja a webhelyet<\/li>\n<li>A be\u00e1ll\u00edt\u00e1sok t\u00e1rol\u00e1s\u00e1hoz<\/li>\n<li>A weboldal haszn\u00e1lat\u00e1nak elemz\u00e9se<\/li>\n<\/ul>\n<h5><strong>Harmadik f\u00e9lt\u0151l sz\u00e1rmaz\u00f3 s\u00fctik<\/strong><\/h5>\n<p>Saj\u00e1t s\u00fctink mellett k\u00fcl\u00f6nf\u00e9le harmadik felek s\u00fctiket is felhaszn\u00e1lhatunk a weboldal haszn\u00e1lati statisztik\u00e1inak jelent\u00e9s\u00e9re \u00e9s hirdet\u00e9sek k\u00e9zbes\u00edt\u00e9s\u00e9re. A harmadik f\u00e9lt\u0151l sz\u00e1rmaz\u00f3 s\u00fctik a weboldalunkon tal\u00e1lhat\u00f3 cookie-k, amelyek k\u00fcl\u00f6nb\u00f6z\u0151 domainekr\u0151l sz\u00e1rmaznak. Az els\u0151 f\u00e9lt\u0151l sz\u00e1rmaz\u00f3 s\u00fctikkel (a mi s\u00fctinkkel) ellent\u00e9tben a harmadik f\u00e9lt\u0151l sz\u00e1rmaz\u00f3 s\u00fctiket m\u00e1s webhelyek k\u00e9sz\u00edtik, mint azok, amelyeket \u00e9ppen l\u00e1togat. Ezeknek a s\u00fctiknek a c\u00e9lja a b\u00f6ng\u00e9sz\u00e9si szok\u00e1sok nyomon k\u00f6vet\u00e9se.<\/p>\n<p>Harmadik felek \u00e1ltal kiszolg\u00e1lt s\u00fctiket haszn\u00e1lunk a szolg\u00e1ltat\u00e1sunk jav\u00edt\u00e1sa, az \u00d6n \u00e9lm\u00e9ny\u00e9nek szem\u00e9lyre szab\u00e1sa \u00e9s a weboldalunk haszn\u00e1lat\u00e1nak meg\u00e9rt\u00e9se \u00e9rdek\u00e9ben. Cookie-kat is haszn\u00e1lunk, hogy relev\u00e1nsabb\u00e1 tegy\u00fck m\u00e1s webhelyeken t\u00f6rt\u00e9n\u0151 hirdet\u00e9seinket. Az adatv\u00e9delmi ir\u00e1nyelv\u00fcnkben le\u00edrtak szerint egyes\u00edthetj\u00fck az \u00d6nr\u0151l m\u00e1s forr\u00e1sokb\u00f3l gy\u0171jt\u00f6tt adatokat a harmadik f\u00e9l \u00e1ltal k\u00e9sz\u00edtett cookie-k seg\u00edts\u00e9g\u00e9vel gy\u0171jt\u00f6tt adatokkal, hogy relev\u00e1nsabb hirdet\u00e9seket jelen\u00edts\u00fcnk meg a weboldalunkon \u00e9s azon k\u00edv\u00fcl.<\/p>\n<p>Egy\u00fctt dolgozunk harmadik f\u00e9l hirdet\u0151ivel, hogy weboldalunkon kereszt\u00fcl hozz\u00e1f\u00e9r\u00e9st biztos\u00edtsunk \u00e9rdekes \u00e9s izgalmas utaz\u00e1si tartalmakhoz. Ezek a s\u00fctik inform\u00e1ci\u00f3kat r\u00f6gz\u00edtenek a hirdet\u00e9sek haszn\u00e1lat\u00e1r\u00f3l. Ez seg\u00edt a hirdet\u0151knek abban, hogy olyan hirdet\u00e9seket jelen\u00edtsenek meg, amelyek nagyobb val\u00f3sz\u00edn\u0171s\u00e9ggel \u00e9rdeklik \u00d6nt, korl\u00e1tozz\u00e1k a hirdet\u00e9sek megjelen\u00edt\u00e9s\u00e9nek sz\u00e1m\u00e1t, \u00e9s jav\u00edtj\u00e1k az online \u00e9lm\u00e9nyt is.<\/p>\n<p>Felh\u00edvjuk figyelm\u00e9t, hogy a s\u00fctik haszn\u00e1lata sor\u00e1n \u00d6nnel kapcsolatban gy\u0171jt\u00f6tt inform\u00e1ci\u00f3k felhaszn\u00e1l\u00e1s\u00e1ra az <a href=\"https:\/\/visitteo.com\/hu\/adatvedelmi-szabalyzat\/\" target=\"_blank\" rel=\"noopener noreferrer\">Adatv\u00e9delmi ir\u00e1nyelveink vonatkoznak<\/a>.<\/p>\n<p><strong>Milyen t\u00edpus\u00fa s\u00fctiket haszn\u00e1lunk?<\/strong><\/p>\n<p><strong>Alapvet\u0151 s\u00fctik:<\/strong> Ezek a cookie-k az\u00e9rt sz\u00fcks\u00e9gesek, hogy el\u0151seg\u00edts\u00e9k a weboldalunk el\u00e9r\u00e9s\u00e9t, mozog\u00e1s\u00e1t \u00e9s az \u00f6sszes szolg\u00e1ltat\u00e1s haszn\u00e1lat\u00e1t. Ezen s\u00fctik n\u00e9lk\u00fcl a weboldalunk nem m\u0171k\u00f6dne megfelel\u0151en, \u00e9s \u00d6n nem haszn\u00e1lhatna bizonyos fontos funkci\u00f3kat. Az alapvet\u0151 s\u00fctiket csal\u00e1sok felder\u00edt\u00e9s\u00e9re \u00e9s megel\u0151z\u00e9s\u00e9re is felhaszn\u00e1ljuk.<\/p>\n<p><strong>Elemz\u00e9si s\u00fctik:<\/strong> A Visitteo webhely\u00e9n szeretn\u00e9nk a lehet\u0151 leghasznosabb\u00e1, g\u00f6rd\u00fcl\u00e9kenyebb\u00e9 \u00e9s \u00e9lvezetesebb\u00e9 tenni a weboldalunkon tett tapasztalatait. Cookie-kat haszn\u00e1lunk, hogy meg\u00e9rts\u00fck, hogyan haszn\u00e1lj\u00e1k weboldalunkat, \u00e9s hogyan jav\u00edthatjuk az \u00d6n tapasztalatait. Az ilyen t\u00edpus\u00fa \u00fagynevezett &#8220;elemz\u0151&#8221; s\u00fctik n\u00e9vtelen inform\u00e1ci\u00f3kat ny\u00fajthatnak sz\u00e1munkra, amelyek seg\u00edtenek meg\u00e9rteni, hogy webhely\u00fcnk mely r\u00e9szei \u00e9rdeklik l\u00e1togat\u00f3inkat, \u00e9s ha hib\u00e1t tapasztalnak. Ezeket a cookie-kat arra haszn\u00e1ljuk, hogy tesztelj\u00fck a webhelyeink k\u00fcl\u00f6nb\u00f6z\u0151 formatervez\u00e9s\u00e9t \u00e9s funkci\u00f3it, valamint azokat is felhaszn\u00e1ljuk, hogy seg\u00edts\u00fcnk figyelemmel k\u00eds\u00e9rni, hogy l\u00e1togat\u00f3ink hogyan \u00e9rik el webhelyeinket.<\/p>\n<p><strong>Teljes\u00edtm\u00e9ny-s\u00fctik:<\/strong> A teljes\u00edtm\u00e9ny-cookie-k azt m\u00e9rik, hogy milyen gyakran l\u00e1togatja webhelyeinket, \u00e9s hogyan haszn\u00e1lja azokat. Ezeket az inform\u00e1ci\u00f3kat arra haszn\u00e1ljuk, hogy jobban meg\u00e9rts\u00fck, hogyan haszn\u00e1lj\u00e1k felhaszn\u00e1l\u00f3i \u00fajs\u00e1g\u00edr\u00e1sainkat, \u00e9s hogy jav\u00edtsuk webhelyeinket, hogy a felhaszn\u00e1l\u00f3k jobb tapasztalatokhoz jussanak. P\u00e9ld\u00e1ul inform\u00e1ci\u00f3kat gy\u0171jt\u00fcnk arr\u00f3l, hogy melyik oldalainkat l\u00e1togatj\u00e1k leggyakrabban \u00e9s milyen t\u00edpus\u00fa felhaszn\u00e1l\u00f3k. Harmadik f\u00e9lt\u0151l sz\u00e1rmaz\u00f3 s\u00fctiket is haszn\u00e1lunk a teljes\u00edtm\u00e9ny el\u0151seg\u00edt\u00e9se \u00e9rdek\u00e9ben. P\u00e9ld\u00e1ul a Google Analytics cookie olyan inform\u00e1ci\u00f3kat ny\u00fajt nek\u00fcnk, mint p\u00e9ld\u00e1ul az oldalak k\u00f6z\u00f6tti utaz\u00e1s.<\/p>\n<p><strong>Rekl\u00e1m s\u00fctik:<\/strong> A rekl\u00e1m s\u00fctik seg\u00edtenek abban, hogy a weboldalunkon l\u00e1that\u00f3 hirdet\u00e9sek a lehet\u0151 legrelev\u00e1nsabbak legyenek az \u00d6n sz\u00e1m\u00e1ra. P\u00e9ld\u00e1ul egyes hirdet\u00e9si s\u00fctik seg\u00edtenek az \u00e9rdekl\u0151d\u00e9s\u00e9nek megfelel\u0151 hirdet\u00e9sek kiv\u00e1laszt\u00e1s\u00e1ban. M\u00e1sok seg\u00edtenek megakad\u00e1lyozni, hogy ugyanaz a hirdet\u00e9s folyamatosan megjelenjen az \u00d6n sz\u00e1m\u00e1ra. Azt is szeretn\u00e9nk, hogy a lehet\u0151 legegyszer\u0171bb\u00e9 tegye a Visitteo tartalm\u00e1nak megoszt\u00e1s\u00e1t bar\u00e1taival a kedvenc k\u00f6z\u00f6ss\u00e9gi h\u00e1l\u00f3zatai r\u00e9v\u00e9n. A k\u00f6z\u00f6ss\u00e9gi oldalak, p\u00e9ld\u00e1ul a Facebook vagy az Instagram, olyan s\u00fctiket \u00e1ll\u00edthatnak be, amelyek felismerik \u00d6nt, amikor megtekintik a weboldalunkon tal\u00e1lhat\u00f3 tartalmat, \u00e9s lehet\u0151v\u00e9 teszik a tartalom megoszt\u00e1s\u00e1t mindk\u00e9t webhelyen a megoszt\u00e1si be\u00e1ll\u00edt\u00e1sok haszn\u00e1lat\u00e1val.<\/p>\n<h5><strong>Hogyan lehet letiltani a s\u00fctiket?<\/strong><\/h5>\n<p>Ha t\u00f6r\u00f6lni szeretn\u00e9 a cookie-kat, vagy utas\u00edtani szeretn\u00e9 b\u00f6ng\u00e9sz\u0151j\u00e9t a s\u00fctik t\u00f6rl\u00e9s\u00e9re vagy elutas\u00edt\u00e1s\u00e1ra, k\u00e9rj\u00fck, l\u00e1togasson el a b\u00f6ng\u00e9sz\u0151 s\u00fag\u00f3oldal\u00e1ra. Ne feledje azonban, hogy ha t\u00f6r\u00f6l egy cookie-t vagy elutas\u00edtja az elfogad\u00e1sukat, akkor el\u0151fordulhat, hogy nem fogja tudni haszn\u00e1lni az \u00f6sszes \u00e1ltalunk k\u00edn\u00e1lt funkci\u00f3t, el\u0151fordulhat, hogy nem tudja t\u00e1rolni a be\u00e1ll\u00edt\u00e1sait, \u00e9s egyes oldalaink nem megfelel\u0151en jelennek meg.<\/p>\n<p>A cookie-k \u00e9s a cookie-be\u00e1ll\u00edt\u00e1sok kezel\u00e9s\u00e9t a b\u00f6ng\u00e9sz\u0151 be\u00e1ll\u00edt\u00e1saiban \/ be\u00e1ll\u00edt\u00e1saiban kell elv\u00e9gezni. \u00cdme egy \u00fatmutat\u00f3 a n\u00e9pszer\u0171 b\u00f6ng\u00e9sz\u0151programokhoz:<\/p>\n<ul>\n<li>A Chrome b\u00f6ng\u00e9sz\u0151h\u00f6z l\u00e1togasson el erre az oldalra <a href=\"https:\/\/support.google.com\/accounts\/answer\/32050\" target=\"_blank\" rel=\"noopener noreferrer\">Google<\/a><\/li>\n<li>Az Internet Explorer b\u00f6ng\u00e9sz\u0151j\u00e9hez l\u00e1togassa meg ezt az oldalt innen: <a href=\"https:\/\/support.microsoft.com\/en-us\/topic\/delete-and-manage-cookies-168dab11-0753-043d-7c16-ede5947fc64d\" target=\"_blank\" rel=\"noopener noreferrer\">Microsoft<\/a><\/li>\n<li>A Firefox b\u00f6ng\u00e9sz\u0151h\u00f6z l\u00e1togasson el erre az oldalra <a href=\"https:\/\/support.mozilla.org\/en-US\/kb\/clear-cookies-and-site-data-firefox?redirectslug=delete-cookies-remove-info-websites-stored&amp;redirectlocale=en-US\" target=\"_blank\" rel=\"noopener noreferrer\">Mozilla<\/a><\/li>\n<li>A Safari webb\u00f6ng\u00e9sz\u0151h\u00f6z l\u00e1togasson el erre az oldalra <a href=\"https:\/\/support.apple.com\/en-gb\/HT201265\" target=\"_blank\" rel=\"noopener noreferrer\">Apple<\/a><\/li>\n<li>B\u00e1rmely m\u00e1s b\u00f6ng\u00e9sz\u0151\u00e9rt l\u00e1togasson el a b\u00f6ng\u00e9sz\u0151 hivatalos weblapjaira.<\/li>\n<\/ul>\n<h5><strong>L\u00e9pjen kapcsolatba vel\u00fcnk<\/strong><\/h5>\n<p>Ha b\u00e1rmilyen k\u00e9rd\u00e9se van a jelen Cookie ir\u00e1nyelvvel kapcsolatban, k\u00e9rj\u00fck, vegye fel vel\u00fcnk a kapcsolatot az e-mail c\u00edmen: <a href=\"mailto:info@visitteo.com\">info@visitteo.com<\/a><\/p>\n<p><em>Utols\u00f3 friss\u00edt\u00e9s: 2020. szeptember 30<\/em><\/p>\n<p>&nbsp;<\/p>\n","protected":false},"excerpt":{"rendered":"<p>Atlas LLC. (\u201eMi\u201d, \u201emi\u201d vagy \u201emi\u201d) s\u00fctiket haszn\u00e1lunk a www.visitteo.com weboldalon (a tov\u00e1bbiakban: \u201eSzolg\u00e1ltat\u00e1s\u201d). A Szolg\u00e1ltat\u00e1s haszn\u00e1lat\u00e1val hozz\u00e1j\u00e1rul a s\u00fctik haszn\u00e1lat\u00e1hoz. Mint szinte minden weboldal, mi is s\u00fctiket haszn\u00e1lunk. Biztos\u00edtani akarjuk, hogy weboldalunk l\u00e1togat\u00e1sa z\u00f6kken\u0151mentes, megb\u00edzhat\u00f3 \u00e9s a lehet\u0151 leghasznosabb legyen az \u00d6n sz\u00e1m\u00e1ra. A s\u00fctik haszn\u00e1lat\u00e1r\u00f3l akkor \u00e9rtes\u00edt\u00fcnk, amikor el\u0151sz\u00f6r megl\u00e1togatja weboldalunkat az oldal [&hellip;]<\/p>\n","protected":false},"author":5,"featured_media":0,"parent":0,"menu_order":102,"comment_status":"closed","ping_status":"closed","template":"","meta":{"_acf_changed":false,"footnotes":""},"class_list":["post-5162","page","type-page","status-publish","hentry"],"acf":[],"yoast_head":"<!-- This site is optimized with the Yoast SEO plugin v27.3 - https:\/\/yoast.com\/product\/yoast-seo-wordpress\/ -->\n<title>Cookie-k - Visitteo<\/title>\n<meta name=\"description\" content=\"Mint szinte minden weboldal, mi is s\u00fctiket haszn\u00e1lunk. Biztos\u00edtani akarjuk, hogy weboldalunk l\u00e1togat\u00e1sa z\u00f6kken\u0151mentes, megb\u00edzhat\u00f3 \u00e9s a lehet\u0151 leghasznosabb legyen az \u00d6n sz\u00e1m\u00e1ra.\" \/>\n<meta name=\"robots\" content=\"index, follow, max-snippet:-1, max-image-preview:large, max-video-preview:-1\" \/>\n<link rel=\"canonical\" href=\"https:\/\/visitteo.com\/hu\/cookies\/\" \/>\n<meta property=\"og:locale\" content=\"hu_HU\" \/>\n<meta property=\"og:type\" content=\"article\" \/>\n<meta property=\"og:title\" content=\"Cookie-k - Visitteo\" \/>\n<meta property=\"og:description\" content=\"Mint szinte minden weboldal, mi is s\u00fctiket haszn\u00e1lunk. Biztos\u00edtani akarjuk, hogy weboldalunk l\u00e1togat\u00e1sa z\u00f6kken\u0151mentes, megb\u00edzhat\u00f3 \u00e9s a lehet\u0151 leghasznosabb legyen az \u00d6n sz\u00e1m\u00e1ra.\" \/>\n<meta property=\"og:url\" content=\"https:\/\/visitteo.com\/hu\/cookies\/\" \/>\n<meta property=\"og:site_name\" content=\"Visitteo\" \/>\n<meta property=\"article:publisher\" content=\"https:\/\/www.facebook.com\/visitteo\/\" \/>\n<meta property=\"article:modified_time\" content=\"2021-01-11T07:31:21+00:00\" \/>\n<meta property=\"og:image\" content=\"https:\/\/visitteo.com\/wp-content\/uploads\/2022\/10\/share-1.jpg\" \/>\n\t<meta property=\"og:image:width\" content=\"1200\" \/>\n\t<meta property=\"og:image:height\" content=\"630\" \/>\n\t<meta property=\"og:image:type\" content=\"image\/jpeg\" \/>\n<meta name=\"twitter:card\" content=\"summary_large_image\" \/>\n<meta name=\"twitter:site\" content=\"@visitteo\" \/>\n<meta name=\"twitter:label1\" content=\"Becs\u00fclt olvas\u00e1si id\u0151\" \/>\n\t<meta name=\"twitter:data1\" content=\"9 perc\" \/>\n<script type=\"application\/ld+json\" class=\"yoast-schema-graph\">{\"@context\":\"https:\\\/\\\/schema.org\",\"@graph\":[{\"@type\":\"WebPage\",\"@id\":\"https:\\\/\\\/visitteo.com\\\/hu\\\/cookies\\\/\",\"url\":\"https:\\\/\\\/visitteo.com\\\/hu\\\/cookies\\\/\",\"name\":\"Cookie-k - Visitteo\",\"isPartOf\":{\"@id\":\"https:\\\/\\\/visitteo.com\\\/hu\\\/#website\"},\"datePublished\":\"2020-10-20T10:48:03+00:00\",\"dateModified\":\"2021-01-11T07:31:21+00:00\",\"description\":\"Mint szinte minden weboldal, mi is s\u00fctiket haszn\u00e1lunk. Biztos\u00edtani akarjuk, hogy weboldalunk l\u00e1togat\u00e1sa z\u00f6kken\u0151mentes, megb\u00edzhat\u00f3 \u00e9s a lehet\u0151 leghasznosabb legyen az \u00d6n sz\u00e1m\u00e1ra.\",\"breadcrumb\":{\"@id\":\"https:\\\/\\\/visitteo.com\\\/hu\\\/cookies\\\/#breadcrumb\"},\"inLanguage\":\"hu\",\"potentialAction\":[{\"@type\":\"ReadAction\",\"target\":[\"https:\\\/\\\/visitteo.com\\\/hu\\\/cookies\\\/\"]}]},{\"@type\":\"BreadcrumbList\",\"@id\":\"https:\\\/\\\/visitteo.com\\\/hu\\\/cookies\\\/#breadcrumb\",\"itemListElement\":[{\"@type\":\"ListItem\",\"position\":1,\"name\":\"Homepage\",\"item\":\"https:\\\/\\\/visitteo.com\\\/hu\\\/\"},{\"@type\":\"ListItem\",\"position\":2,\"name\":\"Cookie-k\"}]},{\"@type\":\"WebSite\",\"@id\":\"https:\\\/\\\/visitteo.com\\\/hu\\\/#website\",\"url\":\"https:\\\/\\\/visitteo.com\\\/hu\\\/\",\"name\":\"Visitteo\",\"description\":\"Visitteo is a metasearch engine for car rental.\",\"publisher\":{\"@id\":\"https:\\\/\\\/visitteo.com\\\/hu\\\/#organization\"},\"potentialAction\":[{\"@type\":\"SearchAction\",\"target\":{\"@type\":\"EntryPoint\",\"urlTemplate\":\"https:\\\/\\\/visitteo.com\\\/hu\\\/?s={search_term_string}\"},\"query-input\":{\"@type\":\"PropertyValueSpecification\",\"valueRequired\":true,\"valueName\":\"search_term_string\"}}],\"inLanguage\":\"hu\"},{\"@type\":\"Organization\",\"@id\":\"https:\\\/\\\/visitteo.com\\\/hu\\\/#organization\",\"name\":\"Visitteo\",\"url\":\"https:\\\/\\\/visitteo.com\\\/hu\\\/\",\"logo\":{\"@type\":\"ImageObject\",\"inLanguage\":\"hu\",\"@id\":\"https:\\\/\\\/visitteo.com\\\/hu\\\/#\\\/schema\\\/logo\\\/image\\\/\",\"url\":\"https:\\\/\\\/visitteo.com\\\/wp-content\\\/uploads\\\/2024\\\/09\\\/organization_logo.png\",\"contentUrl\":\"https:\\\/\\\/visitteo.com\\\/wp-content\\\/uploads\\\/2024\\\/09\\\/organization_logo.png\",\"width\":840,\"height\":840,\"caption\":\"Visitteo\"},\"image\":{\"@id\":\"https:\\\/\\\/visitteo.com\\\/hu\\\/#\\\/schema\\\/logo\\\/image\\\/\"},\"sameAs\":[\"https:\\\/\\\/www.facebook.com\\\/visitteo\\\/\",\"https:\\\/\\\/x.com\\\/visitteo\",\"https:\\\/\\\/www.instagram.com\\\/visitteo\\\/\",\"https:\\\/\\\/www.pinterest.com\\\/visitteo\\\/pins\\\/\"]}]}<\/script>\n<!-- \/ Yoast SEO plugin. -->","yoast_head_json":{"title":"Cookie-k - Visitteo","description":"Mint szinte minden weboldal, mi is s\u00fctiket haszn\u00e1lunk. Biztos\u00edtani akarjuk, hogy weboldalunk l\u00e1togat\u00e1sa z\u00f6kken\u0151mentes, megb\u00edzhat\u00f3 \u00e9s a lehet\u0151 leghasznosabb legyen az \u00d6n sz\u00e1m\u00e1ra.","robots":{"index":"index","follow":"follow","max-snippet":"max-snippet:-1","max-image-preview":"max-image-preview:large","max-video-preview":"max-video-preview:-1"},"canonical":"https:\/\/visitteo.com\/hu\/cookies\/","og_locale":"hu_HU","og_type":"article","og_title":"Cookie-k - Visitteo","og_description":"Mint szinte minden weboldal, mi is s\u00fctiket haszn\u00e1lunk. Biztos\u00edtani akarjuk, hogy weboldalunk l\u00e1togat\u00e1sa z\u00f6kken\u0151mentes, megb\u00edzhat\u00f3 \u00e9s a lehet\u0151 leghasznosabb legyen az \u00d6n sz\u00e1m\u00e1ra.","og_url":"https:\/\/visitteo.com\/hu\/cookies\/","og_site_name":"Visitteo","article_publisher":"https:\/\/www.facebook.com\/visitteo\/","article_modified_time":"2021-01-11T07:31:21+00:00","og_image":[{"width":1200,"height":630,"url":"https:\/\/visitteo.com\/wp-content\/uploads\/2022\/10\/share-1.jpg","type":"image\/jpeg"}],"twitter_card":"summary_large_image","twitter_site":"@visitteo","twitter_misc":{"Becs\u00fclt olvas\u00e1si id\u0151":"9 perc"},"schema":{"@context":"https:\/\/schema.org","@graph":[{"@type":"WebPage","@id":"https:\/\/visitteo.com\/hu\/cookies\/","url":"https:\/\/visitteo.com\/hu\/cookies\/","name":"Cookie-k - Visitteo","isPartOf":{"@id":"https:\/\/visitteo.com\/hu\/#website"},"datePublished":"2020-10-20T10:48:03+00:00","dateModified":"2021-01-11T07:31:21+00:00","description":"Mint szinte minden weboldal, mi is s\u00fctiket haszn\u00e1lunk. Biztos\u00edtani akarjuk, hogy weboldalunk l\u00e1togat\u00e1sa z\u00f6kken\u0151mentes, megb\u00edzhat\u00f3 \u00e9s a lehet\u0151 leghasznosabb legyen az \u00d6n sz\u00e1m\u00e1ra.","breadcrumb":{"@id":"https:\/\/visitteo.com\/hu\/cookies\/#breadcrumb"},"inLanguage":"hu","potentialAction":[{"@type":"ReadAction","target":["https:\/\/visitteo.com\/hu\/cookies\/"]}]},{"@type":"BreadcrumbList","@id":"https:\/\/visitteo.com\/hu\/cookies\/#breadcrumb","itemListElement":[{"@type":"ListItem","position":1,"name":"Homepage","item":"https:\/\/visitteo.com\/hu\/"},{"@type":"ListItem","position":2,"name":"Cookie-k"}]},{"@type":"WebSite","@id":"https:\/\/visitteo.com\/hu\/#website","url":"https:\/\/visitteo.com\/hu\/","name":"Visitteo","description":"Visitteo is a metasearch engine for car rental.","publisher":{"@id":"https:\/\/visitteo.com\/hu\/#organization"},"potentialAction":[{"@type":"SearchAction","target":{"@type":"EntryPoint","urlTemplate":"https:\/\/visitteo.com\/hu\/?s={search_term_string}"},"query-input":{"@type":"PropertyValueSpecification","valueRequired":true,"valueName":"search_term_string"}}],"inLanguage":"hu"},{"@type":"Organization","@id":"https:\/\/visitteo.com\/hu\/#organization","name":"Visitteo","url":"https:\/\/visitteo.com\/hu\/","logo":{"@type":"ImageObject","inLanguage":"hu","@id":"https:\/\/visitteo.com\/hu\/#\/schema\/logo\/image\/","url":"https:\/\/visitteo.com\/wp-content\/uploads\/2024\/09\/organization_logo.png","contentUrl":"https:\/\/visitteo.com\/wp-content\/uploads\/2024\/09\/organization_logo.png","width":840,"height":840,"caption":"Visitteo"},"image":{"@id":"https:\/\/visitteo.com\/hu\/#\/schema\/logo\/image\/"},"sameAs":["https:\/\/www.facebook.com\/visitteo\/","https:\/\/x.com\/visitteo","https:\/\/www.instagram.com\/visitteo\/","https:\/\/www.pinterest.com\/visitteo\/pins\/"]}]}},"_links":{"self":[{"href":"https:\/\/visitteo.com\/hu\/wp-json\/wp\/v2\/pages\/5162","targetHints":{"allow":["GET"]}}],"collection":[{"href":"https:\/\/visitteo.com\/hu\/wp-json\/wp\/v2\/pages"}],"about":[{"href":"https:\/\/visitteo.com\/hu\/wp-json\/wp\/v2\/types\/page"}],"author":[{"embeddable":true,"href":"https:\/\/visitteo.com\/hu\/wp-json\/wp\/v2\/users\/5"}],"replies":[{"embeddable":true,"href":"https:\/\/visitteo.com\/hu\/wp-json\/wp\/v2\/comments?post=5162"}],"version-history":[{"count":0,"href":"https:\/\/visitteo.com\/hu\/wp-json\/wp\/v2\/pages\/5162\/revisions"}],"wp:attachment":[{"href":"https:\/\/visitteo.com\/hu\/wp-json\/wp\/v2\/media?parent=5162"}],"curies":[{"name":"wp","href":"https:\/\/api.w.org\/{rel}","templated":true}]}}