{"id":5163,"date":"2020-10-20T12:48:03","date_gmt":"2020-10-20T10:48:03","guid":{"rendered":"https:\/\/visitteo.com\/cookies\/"},"modified":"2021-01-11T08:35:02","modified_gmt":"2021-01-11T07:35:02","slug":"cookies","status":"publish","type":"page","link":"https:\/\/visitteo.com\/it\/cookies\/","title":{"rendered":"Cookies"},"content":{"rendered":"<p>Atlas LLC. (&#8220;Noi&#8221;, &#8220;nostro&#8221; o &#8220;ci&#8221;) utilizza i cookie sul sito web www.visitteo.com (il &#8220;Servizio&#8221;). Utilizzando il Servizio acconsenti all&#8217;uso dei cookie.<\/p>\n<p>Come quasi tutti i siti Web, utilizziamo i cookie. Vogliamo assicurarci che la tua visita al nostro sito web sia fluida, affidabile e il pi\u00f9 utile possibile. Ti informiamo sul nostro utilizzo dei cookie quando visiti per la prima volta il nostro sito Web tramite un banner di notifica in fondo alla pagina. La nostra politica sui cookie spiega cosa sono i cookie, come utilizziamo i cookie, come terze parti con cui possiamo collaborare utilizzano i cookie sul Servizio, le tue scelte in merito ai cookie e ulteriori informazioni sui cookie. Continuando a utilizzare il sito web, acconsenti al nostro utilizzo dei cookie.<\/p>\n<h5><strong>Cosa sono i cookies?<\/strong><\/h5>\n<p>Un cookie \u00e8 un piccolo file di testo univoco che un sito web pu\u00f2 inviare al tuo computer quando visiti un sito web. La maggior parte dei browser Web pu\u00f2 avvisarti dell&#8217;uso dei cookie o rifiutarsi di accettare completamente i cookie. Se non desideri che vengano distribuiti cookie nel tuo browser, puoi impostare il browser in modo che rifiuti i cookie o che ti avvisi quando un sito Web tenta di inserire un cookie nel tuo computer. Il rifiuto dei cookie pu\u00f2 influire sulla capacit\u00e0 di utilizzare il sito web. Vengono memorizzati dal tuo browser Internet. I cookie contengono informazioni di base sul tuo utilizzo di Internet, ma normalmente non ti identificano personalmente. Il tuo browser invia questi cookie al sito Web ogni volta che lo visiti nuovamente, in modo che possa riconoscere il tuo computer o dispositivo mobile e personalizzare e migliorare la tua esperienza sul sito.<\/p>\n<h5><strong>In che modo Visitteo utilizza i cookie?<\/strong><\/h5>\n<p>Utilizziamo le informazioni raccolte dai cookie per migliorare la tua esperienza sul nostro sito Web, per la sicurezza e per personalizzare i contenuti e la pubblicit\u00e0. Ad esempio, ci aiutano a identificare e personalizzare l&#8217;esperienza per te o a determinare i prodotti correlati pi\u00f9 rilevanti da mostrarti durante la navigazione.<\/p>\n<p>Potremmo raccogliere automaticamente informazioni durante la navigazione, come il provider di servizi Internet, il tipo e la versione del browser, il sistema operativo e il tipo di dispositivo, il tempo medio trascorso sul nostro sito Web, le pagine visualizzate, le informazioni a cui si accede. Tali informazioni sono talvolta denominate dati di analisi web e \/ o clickstream.<\/p>\n<p>Possiamo combinare queste informazioni raccolte automaticamente con altre informazioni che raccogliamo su di te. Lo facciamo per migliorare i servizi che ti offriamo, per migliorare il marketing, l&#8217;analisi e fornire le funzionalit\u00e0 del sito.<\/p>\n<p>Possiamo anche utilizzare le informazioni ottenute dal tuo utilizzo dei nostri cookie per i seguenti scopi:<\/p>\n<ul>\n<li>Per personalizzare il sito Web per te, incluso il targeting di annunci pubblicitari che potrebbero essere di particolare interesse per te<\/li>\n<li>Per tracciarti mentre navighi nel sito web e per abilitare l&#8217;uso di qualsiasi servizio di e-commerce<\/li>\n<li>Per migliorare l&#8217;usabilit\u00e0 del sito web<\/li>\n<li>Per abilitare determinate funzioni del sito web<\/li>\n<li>Per riconoscere il tuo computer quando visiti il \u200b\u200bsito web<\/li>\n<li>Per memorizzare le tue preferenze<\/li>\n<li>Analizzare l&#8217;utilizzo del sito web<\/li>\n<\/ul>\n<h5><strong>Cookie di terze parti<\/strong><\/h5>\n<p>Oltre ai nostri cookie, possiamo anche utilizzare vari cookie di terze parti per riportare statistiche sull&#8217;utilizzo del sito Web e fornire annunci pubblicitari. I cookie di terze parti sono cookie presenti nel nostro sito Web che provengono da domini diversi. A differenza dei cookie di prima parte (i nostri cookie), i cookie di terze parti sono creati da siti Web diversi da quello che si sta attualmente visitando. Lo scopo di questi cookie \u00e8 monitorare le tue abitudini di navigazione.<\/p>\n<p>Utilizziamo cookie serviti da terze parti per migliorare il nostro servizio, personalizzare la tua esperienza e capire come viene utilizzato il nostro sito web. Utilizziamo i cookie anche per rendere pi\u00f9 pertinente la nostra pubblicit\u00e0 su altri siti web. Come descritto nella nostra Informativa sulla privacy, possiamo combinare i dati raccolti su di te da altre fonti con i dati raccolti tramite cookie di terze parti per mostrarti annunci pi\u00f9 pertinenti dentro e fuori il nostro sito web.<\/p>\n<p>Collaboriamo con inserzionisti di terze parti per darti accesso a contenuti di viaggio interessanti ed emozionanti attraverso il nostro sito web. Questi cookie registrano informazioni sull&#8217;utilizzo degli annunci pubblicitari. Questo aiuta gli inserzionisti a mostrarti annunci che hanno maggiori probabilit\u00e0 di interessarti, a limitare il numero di volte in cui potresti vedere un annuncio e a migliorare la tua esperienza online.<\/p>\n<p>Tieni presente che il nostro utilizzo delle informazioni che raccogliamo su di te tramite l&#8217;utilizzo dei cookie \u00e8 soggetto alla nostra <a href=\"https:\/\/visitteo.com\/it\/informativa-sulla-privacy\/\" target=\"_blank\" rel=\"noopener noreferrer\">Informativa sulla privacy.<\/a><\/p>\n<h5><strong>Che tipi di cookie utilizziamo?<\/strong><\/h5>\n<p><strong>Cookie essenziali:<\/strong> questi cookie sono necessari per aiutarti ad accedere e muoverti nel nostro sito Web e utilizzare tutte le sue funzionalit\u00e0. Senza questi cookie, il nostro sito web non funzionerebbe correttamente e non saresti in grado di utilizzare alcune importanti funzionalit\u00e0. Utilizziamo anche cookie essenziali per il rilevamento e la prevenzione delle frodi.<\/p>\n<p><strong>Cookie analitici:<\/strong> in Visitteo, vogliamo rendere la tua esperienza sul nostro sito web il pi\u00f9 utile, agevole e piacevole possibile. Utilizziamo i cookie per aiutarci a capire come viene utilizzato il nostro sito Web e come possiamo migliorare la tua esperienza con esso. Questo tipo di cookie cosiddetti &#8220;analytics&#8221; pu\u00f2 fornirci informazioni anonime per aiutarci a capire quali parti del nostro sito interessano i nostri visitatori e se riscontrano errori. Utilizziamo questi cookie per testare diversi design e funzionalit\u00e0 per i nostri siti e li usiamo anche per aiutarci a monitorare il modo in cui i nostri visitatori raggiungono i nostri siti.<\/p>\n<p><strong>Cookie di prestazione:<\/strong> i cookie di prestazione misurano la frequenza con cui visiti i nostri siti Web e come li utilizzi. Utilizziamo queste informazioni per avere un&#8217;idea migliore di come i nostri utenti interagiscono con il nostro giornalismo e per migliorare i nostri siti Web, in modo che gli utenti abbiano un&#8217;esperienza migliore. Ad esempio, raccogliamo informazioni su quali delle nostre pagine vengono visitate pi\u00f9 frequentemente e da quali tipi di utenti. Utilizziamo anche cookie di terze parti per migliorare le prestazioni. Ad esempio, il cookie di Google Analytics ci fornisce informazioni come il tuo viaggio tra le pagine.<\/p>\n<p><strong>Cookie pubblicitari:<\/strong> i cookie pubblicitari aiutano a garantire che gli annunci che vedi sul nostro sito web siano il pi\u00f9 pertinenti possibile per te. Ad esempio, alcuni cookie pubblicitari aiutano a selezionare annunci pubblicitari basati sui tuoi interessi. Altri aiutano a impedire che la stessa pubblicit\u00e0 riappare continuamente per te. Vogliamo anche che sia il pi\u00f9 semplice possibile condividere i contenuti di Visitteo con i tuoi amici attraverso i tuoi social network preferiti. I siti di social network, come Facebook o Instagram, possono impostare cookie che ti riconoscono quando visualizzi i contenuti sul nostro sito Web e ti consentono di condividere i contenuti su entrambi i siti tramite l&#8217;uso delle impostazioni di condivisione.<\/p>\n<h5><strong>Come disabilitare i cookie?<\/strong><\/h5>\n<p>Se desideri eliminare i cookie o indicare al tuo browser web di eliminare o rifiutare i cookie, visita le pagine della guida del tuo browser web. Tieni presente, tuttavia, che se elimini i cookie o rifiuti di accettarli, potresti non essere in grado di utilizzare tutte le funzionalit\u00e0 che offriamo, potresti non essere in grado di memorizzare le tue preferenze e alcune delle nostre pagine potrebbero non essere visualizzate correttamente.<\/p>\n<p>La gestione dei cookie e delle preferenze dei cookie deve essere eseguita dalle opzioni \/ preferenze del browser. Ecco un elenco di guide su come eseguire questa operazione per i software browser pi\u00f9 diffusi:<\/p>\n<p>Per il browser web Chrome, visita questa pagina da <a href=\"https:\/\/support.google.com\/accounts\/answer\/32050\" target=\"_blank\" rel=\"noopener noreferrer\">Google<\/a><br \/>\nPer il browser Web Internet Explorer, visitare questa pagina da <a href=\"https:\/\/support.microsoft.com\/en-us\/topic\/delete-and-manage-cookies-168dab11-0753-043d-7c16-ede5947fc64d\" target=\"_blank\" rel=\"noopener noreferrer\">Microsoft<\/a><br \/>\nPer il browser Web Firefox, visitare questa pagina da <a href=\"https:\/\/support.mozilla.org\/en-US\/kb\/clear-cookies-and-site-data-firefox?redirectslug=delete-cookies-remove-info-websites-stored&amp;redirectlocale=en-US\" target=\"_blank\" rel=\"noopener noreferrer\">Mozilla<\/a><br \/>\nPer il browser web Safari, visita questa pagina da <a href=\"https:\/\/support.apple.com\/en-gb\/HT201265\" target=\"_blank\" rel=\"noopener noreferrer\">Apple<\/a><br \/>\nPer qualsiasi altro browser web, visita le pagine web ufficiali del tuo browser web.<br \/>\nContattaci<\/p>\n<p>In caso di domande sulla presente Cookie Policy, contattaci inviando un&#8217;e-mail a: <a href=\"mailto:info@visitteo.com\" target=\"_blank\" rel=\"noopener noreferrer\">info@visitteo.com<\/a><\/p>\n<p><em>Ultimo aggiornamento: 30 settembre 2020<\/em><\/p>\n<p>&nbsp;<\/p>\n<p>&nbsp;<\/p>\n","protected":false},"excerpt":{"rendered":"<p>Atlas LLC. (&#8220;Noi&#8221;, &#8220;nostro&#8221; o &#8220;ci&#8221;) utilizza i cookie sul sito web www.visitteo.com (il &#8220;Servizio&#8221;). Utilizzando il Servizio acconsenti all&#8217;uso dei cookie. Come quasi tutti i siti Web, utilizziamo i cookie. Vogliamo assicurarci che la tua visita al nostro sito web sia fluida, affidabile e il pi\u00f9 utile possibile. Ti informiamo sul nostro utilizzo dei [&hellip;]<\/p>\n","protected":false},"author":5,"featured_media":0,"parent":0,"menu_order":102,"comment_status":"closed","ping_status":"closed","template":"","meta":{"_acf_changed":false,"footnotes":""},"class_list":["post-5163","page","type-page","status-publish","hentry"],"acf":[],"yoast_head":"<!-- This site is optimized with the Yoast SEO plugin v27.3 - https:\/\/yoast.com\/product\/yoast-seo-wordpress\/ -->\n<title>Cookies - Visitteo<\/title>\n<meta name=\"description\" content=\"Like almost every website, we use cookies. We want to ensure that your visit to our website is smooth, reliable, and as useful to you as possible.\" \/>\n<meta name=\"robots\" content=\"index, follow, max-snippet:-1, max-image-preview:large, max-video-preview:-1\" \/>\n<link rel=\"canonical\" href=\"https:\/\/visitteo.com\/it\/cookies\/\" \/>\n<meta property=\"og:locale\" content=\"it_IT\" \/>\n<meta property=\"og:type\" content=\"article\" \/>\n<meta property=\"og:title\" content=\"Cookies - Visitteo\" \/>\n<meta property=\"og:description\" content=\"Like almost every website, we use cookies. We want to ensure that your visit to our website is smooth, reliable, and as useful to you as possible.\" \/>\n<meta property=\"og:url\" content=\"https:\/\/visitteo.com\/it\/cookies\/\" \/>\n<meta property=\"og:site_name\" content=\"Visitteo\" \/>\n<meta property=\"article:publisher\" content=\"https:\/\/www.facebook.com\/visitteo\/\" \/>\n<meta property=\"article:modified_time\" content=\"2021-01-11T07:35:02+00:00\" \/>\n<meta property=\"og:image\" content=\"https:\/\/visitteo.com\/wp-content\/uploads\/2022\/10\/share-1.jpg\" \/>\n\t<meta property=\"og:image:width\" content=\"1200\" \/>\n\t<meta property=\"og:image:height\" content=\"630\" \/>\n\t<meta property=\"og:image:type\" content=\"image\/jpeg\" \/>\n<meta name=\"twitter:card\" content=\"summary_large_image\" \/>\n<meta name=\"twitter:site\" content=\"@visitteo\" \/>\n<meta name=\"twitter:label1\" content=\"Tempo di lettura stimato\" \/>\n\t<meta name=\"twitter:data1\" content=\"7 minuti\" \/>\n<script type=\"application\/ld+json\" class=\"yoast-schema-graph\">{\"@context\":\"https:\\\/\\\/schema.org\",\"@graph\":[{\"@type\":\"WebPage\",\"@id\":\"https:\\\/\\\/visitteo.com\\\/it\\\/cookies\\\/\",\"url\":\"https:\\\/\\\/visitteo.com\\\/it\\\/cookies\\\/\",\"name\":\"Cookies - Visitteo\",\"isPartOf\":{\"@id\":\"https:\\\/\\\/visitteo.com\\\/it\\\/#website\"},\"datePublished\":\"2020-10-20T10:48:03+00:00\",\"dateModified\":\"2021-01-11T07:35:02+00:00\",\"description\":\"Like almost every website, we use cookies. We want to ensure that your visit to our website is smooth, reliable, and as useful to you as possible.\",\"breadcrumb\":{\"@id\":\"https:\\\/\\\/visitteo.com\\\/it\\\/cookies\\\/#breadcrumb\"},\"inLanguage\":\"it-IT\",\"potentialAction\":[{\"@type\":\"ReadAction\",\"target\":[\"https:\\\/\\\/visitteo.com\\\/it\\\/cookies\\\/\"]}]},{\"@type\":\"BreadcrumbList\",\"@id\":\"https:\\\/\\\/visitteo.com\\\/it\\\/cookies\\\/#breadcrumb\",\"itemListElement\":[{\"@type\":\"ListItem\",\"position\":1,\"name\":\"Homepage\",\"item\":\"https:\\\/\\\/visitteo.com\\\/it\\\/\"},{\"@type\":\"ListItem\",\"position\":2,\"name\":\"Cookies\"}]},{\"@type\":\"WebSite\",\"@id\":\"https:\\\/\\\/visitteo.com\\\/it\\\/#website\",\"url\":\"https:\\\/\\\/visitteo.com\\\/it\\\/\",\"name\":\"Visitteo\",\"description\":\"Visitteo is a metasearch engine for car rental.\",\"publisher\":{\"@id\":\"https:\\\/\\\/visitteo.com\\\/it\\\/#organization\"},\"potentialAction\":[{\"@type\":\"SearchAction\",\"target\":{\"@type\":\"EntryPoint\",\"urlTemplate\":\"https:\\\/\\\/visitteo.com\\\/it\\\/?s={search_term_string}\"},\"query-input\":{\"@type\":\"PropertyValueSpecification\",\"valueRequired\":true,\"valueName\":\"search_term_string\"}}],\"inLanguage\":\"it-IT\"},{\"@type\":\"Organization\",\"@id\":\"https:\\\/\\\/visitteo.com\\\/it\\\/#organization\",\"name\":\"Visitteo\",\"url\":\"https:\\\/\\\/visitteo.com\\\/it\\\/\",\"logo\":{\"@type\":\"ImageObject\",\"inLanguage\":\"it-IT\",\"@id\":\"https:\\\/\\\/visitteo.com\\\/it\\\/#\\\/schema\\\/logo\\\/image\\\/\",\"url\":\"https:\\\/\\\/visitteo.com\\\/wp-content\\\/uploads\\\/2024\\\/09\\\/organization_logo.png\",\"contentUrl\":\"https:\\\/\\\/visitteo.com\\\/wp-content\\\/uploads\\\/2024\\\/09\\\/organization_logo.png\",\"width\":840,\"height\":840,\"caption\":\"Visitteo\"},\"image\":{\"@id\":\"https:\\\/\\\/visitteo.com\\\/it\\\/#\\\/schema\\\/logo\\\/image\\\/\"},\"sameAs\":[\"https:\\\/\\\/www.facebook.com\\\/visitteo\\\/\",\"https:\\\/\\\/x.com\\\/visitteo\",\"https:\\\/\\\/www.instagram.com\\\/visitteo\\\/\",\"https:\\\/\\\/www.pinterest.com\\\/visitteo\\\/pins\\\/\"]}]}<\/script>\n<!-- \/ Yoast SEO plugin. -->","yoast_head_json":{"title":"Cookies - Visitteo","description":"Like almost every website, we use cookies. We want to ensure that your visit to our website is smooth, reliable, and as useful to you as possible.","robots":{"index":"index","follow":"follow","max-snippet":"max-snippet:-1","max-image-preview":"max-image-preview:large","max-video-preview":"max-video-preview:-1"},"canonical":"https:\/\/visitteo.com\/it\/cookies\/","og_locale":"it_IT","og_type":"article","og_title":"Cookies - Visitteo","og_description":"Like almost every website, we use cookies. We want to ensure that your visit to our website is smooth, reliable, and as useful to you as possible.","og_url":"https:\/\/visitteo.com\/it\/cookies\/","og_site_name":"Visitteo","article_publisher":"https:\/\/www.facebook.com\/visitteo\/","article_modified_time":"2021-01-11T07:35:02+00:00","og_image":[{"width":1200,"height":630,"url":"https:\/\/visitteo.com\/wp-content\/uploads\/2022\/10\/share-1.jpg","type":"image\/jpeg"}],"twitter_card":"summary_large_image","twitter_site":"@visitteo","twitter_misc":{"Tempo di lettura stimato":"7 minuti"},"schema":{"@context":"https:\/\/schema.org","@graph":[{"@type":"WebPage","@id":"https:\/\/visitteo.com\/it\/cookies\/","url":"https:\/\/visitteo.com\/it\/cookies\/","name":"Cookies - Visitteo","isPartOf":{"@id":"https:\/\/visitteo.com\/it\/#website"},"datePublished":"2020-10-20T10:48:03+00:00","dateModified":"2021-01-11T07:35:02+00:00","description":"Like almost every website, we use cookies. We want to ensure that your visit to our website is smooth, reliable, and as useful to you as possible.","breadcrumb":{"@id":"https:\/\/visitteo.com\/it\/cookies\/#breadcrumb"},"inLanguage":"it-IT","potentialAction":[{"@type":"ReadAction","target":["https:\/\/visitteo.com\/it\/cookies\/"]}]},{"@type":"BreadcrumbList","@id":"https:\/\/visitteo.com\/it\/cookies\/#breadcrumb","itemListElement":[{"@type":"ListItem","position":1,"name":"Homepage","item":"https:\/\/visitteo.com\/it\/"},{"@type":"ListItem","position":2,"name":"Cookies"}]},{"@type":"WebSite","@id":"https:\/\/visitteo.com\/it\/#website","url":"https:\/\/visitteo.com\/it\/","name":"Visitteo","description":"Visitteo is a metasearch engine for car rental.","publisher":{"@id":"https:\/\/visitteo.com\/it\/#organization"},"potentialAction":[{"@type":"SearchAction","target":{"@type":"EntryPoint","urlTemplate":"https:\/\/visitteo.com\/it\/?s={search_term_string}"},"query-input":{"@type":"PropertyValueSpecification","valueRequired":true,"valueName":"search_term_string"}}],"inLanguage":"it-IT"},{"@type":"Organization","@id":"https:\/\/visitteo.com\/it\/#organization","name":"Visitteo","url":"https:\/\/visitteo.com\/it\/","logo":{"@type":"ImageObject","inLanguage":"it-IT","@id":"https:\/\/visitteo.com\/it\/#\/schema\/logo\/image\/","url":"https:\/\/visitteo.com\/wp-content\/uploads\/2024\/09\/organization_logo.png","contentUrl":"https:\/\/visitteo.com\/wp-content\/uploads\/2024\/09\/organization_logo.png","width":840,"height":840,"caption":"Visitteo"},"image":{"@id":"https:\/\/visitteo.com\/it\/#\/schema\/logo\/image\/"},"sameAs":["https:\/\/www.facebook.com\/visitteo\/","https:\/\/x.com\/visitteo","https:\/\/www.instagram.com\/visitteo\/","https:\/\/www.pinterest.com\/visitteo\/pins\/"]}]}},"_links":{"self":[{"href":"https:\/\/visitteo.com\/it\/wp-json\/wp\/v2\/pages\/5163","targetHints":{"allow":["GET"]}}],"collection":[{"href":"https:\/\/visitteo.com\/it\/wp-json\/wp\/v2\/pages"}],"about":[{"href":"https:\/\/visitteo.com\/it\/wp-json\/wp\/v2\/types\/page"}],"author":[{"embeddable":true,"href":"https:\/\/visitteo.com\/it\/wp-json\/wp\/v2\/users\/5"}],"replies":[{"embeddable":true,"href":"https:\/\/visitteo.com\/it\/wp-json\/wp\/v2\/comments?post=5163"}],"version-history":[{"count":0,"href":"https:\/\/visitteo.com\/it\/wp-json\/wp\/v2\/pages\/5163\/revisions"}],"wp:attachment":[{"href":"https:\/\/visitteo.com\/it\/wp-json\/wp\/v2\/media?parent=5163"}],"curies":[{"name":"wp","href":"https:\/\/api.w.org\/{rel}","templated":true}]}}