{"id":848,"date":"2017-04-25T11:48:54","date_gmt":"2017-04-25T09:48:54","guid":{"rendered":"https:\/\/visitteo.com\/terminos-de-uso\/"},"modified":"2020-12-18T08:41:19","modified_gmt":"2020-12-18T07:41:19","slug":"condizioni-di-utilizzo","status":"publish","type":"page","link":"https:\/\/visitteo.com\/it\/condizioni-di-utilizzo\/","title":{"rendered":"Condizioni di utilizzo"},"content":{"rendered":"<p>Si prega di leggere attentamente i presenti Termini di utilizzo prima di accedere, utilizzare o ottenere materiali, informazioni, prodotti o servizi tramite questo sito Web. Accedendo, utilizzando o ottenendo contenuti, dati, materiali, informazioni, prodotti o servizi tramite il sito web <a href=\"https:\/\/visitteo.com\/it\/\" target=\"_blank\" rel=\"noopener noreferrer\">www.visitteo.com<\/a> (il &#8220;Servizio&#8221;), accetti di essere vincolato da questi termini e condizioni (&#8220;Termini&#8221;, &#8220;Termini di servizio&#8221;) e la nostra <a href=\"https:\/\/visitteo.com\/it\/informativa-sulla-privacy\/\" target=\"_blank\" rel=\"noopener noreferrer\">Informativa sulla privacy<\/a>. Se non si accettano tutti questi Termini, non \u00e8 possibile utilizzare i Servizi. In questi Termini, &#8220;noi&#8221;, &#8220;ci&#8221;, &#8220;nostro&#8221; si riferisce ad Atlas, LLC., E &#8220;tu&#8221; o &#8220;tuo&#8221; si riferisce a te come utente dei Servizi.<\/p>\n<p>L&#8217;accesso e l&#8217;utilizzo del Servizio \u00e8 subordinato all&#8217;accettazione e al rispetto dei presenti Termini. I presenti Termini si applicano a tutti i visitatori, utenti e altri che accedono o utilizzano il Servizio. Questi termini e condizioni regolano l&#8217;utilizzo di questo sito web. Utilizzando questo sito Web, accetti integralmente questi termini e condizioni. Accedendo o utilizzando il Servizio accetti di essere vincolato dai presenti Termini.<\/p>\n<p>Se non sei d&#8217;accordo con qualsiasi parte dei termini, potresti non accedere al Servizio. Leggere attentamente questi termini e condizioni d&#8217;uso prima di utilizzare o ottenere qualsiasi materiale, informazione, prodotto o servizio tramite questo sito web. \u00c8 inoltre necessario leggere <a href=\"https:\/\/visitteo.com\/it\/informativa-sulla-privacy\/\" target=\"_blank\" rel=\"noopener noreferrer\">l&#8217;Informativa sulla privacy<\/a> di Visitteo, incorporata per riferimento nel presente Accordo e disponibile nel Servizio. Se non accetti e accetti di essere vincolato da tutti i termini del presente Accordo, inclusa <a href=\"https:\/\/visitteo.com\/it\/informativa-sulla-privacy\/\" target=\"_blank\" rel=\"noopener noreferrer\">l&#8217;Informativa sulla privacy<\/a> di Visitteo, non utilizzare il Servizio.<\/p>\n<h5><strong>Uso accettabile<\/strong><\/h5>\n<p>Salvo diversa indicazione, Visitteo possiede i diritti di propriet\u00e0 intellettuale del sito Web e del materiale sul sito Web. Tutti questi diritti di propriet\u00e0 intellettuale sono riservati. \u00c8 possibile visualizzare, scaricare solo a scopo di memorizzazione nella cache e stampare pagine o altri contenuti dal sito Web per uso personale, fatte salve le limitazioni indicate di seguito e altrove in questi termini e condizioni.<\/p>\n<p>Inoltre, accetti di non dover:<\/p>\n<ul>\n<li>Utilizzare questo sito Web in qualsiasi modo che provochi, o possa causare, danni al sito Web o compromissione della disponibilit\u00e0 o accessibilit\u00e0 del sito Web, o in qualsiasi modo che sia illegale, illegale, fraudolento o dannoso, o in connessione con qualsiasi illegale, illegale , scopo o attivit\u00e0 fraudolenta o dannosa.<\/li>\n<li>Utilizzare questo sito Web per copiare, archiviare, ospitare, trasmettere, inviare, utilizzare, pubblicare o distribuire qualsiasi materiale costituito da (o collegato a) spyware, virus informatico. Trojan horse, worm, keystroke logger o altro software dannoso per computer.<\/li>\n<li>Condurre qualsiasi attivit\u00e0 di raccolta dati sistematica o automatizzata (inclusi, senza limitazione, scraping, data mining, estrazione di dati e raccolta di dati) su o in relazione a questo sito Web senza l&#8217;espresso consenso scritto di Visiteeo.<\/li>\n<li>Utilizzare qualsiasi dispositivo, software o routine che interferisca o tenti di interferire con il normale funzionamento del nostro sito Web o intraprendere qualsiasi azione che imponga un carico irragionevole sul nostro computer o sulle apparecchiature di rete.<\/li>\n<li>Utilizzare questo sito Web per scopi legati al marketing senza l&#8217;espresso consenso scritto di Visiteeo.<\/li>\n<li>Utilizzare questo sito Web per trasmettere o inviare comunicazioni commerciali non richieste.<\/li>\n<li>Pubblicare o distribuire qualsiasi materiale sul nostro sito Web che violi i diritti di terze parti.<\/li>\n<li>Ripubblicare materiale da questo sito Web (inclusa la ripubblicazione su un altro sito Web).<\/li>\n<li>Riprodurre, duplicare, copiare o altrimenti sfruttare il materiale su questo sito Web per scopi commerciali.<\/li>\n<li>Vendi, noleggia o concedi in sublicenza materiale dal sito web.<\/li>\n<li>Mostra in pubblico qualsiasi materiale dal sito web.<\/li>\n<li>Modificare o modificare in altro modo qualsiasi materiale sul sito web.<\/li>\n<li>Ridistribuire il materiale da questo sito web.<\/li>\n<li>Utilizzare il nostro sito Web per raccogliere o memorizzare dati personali su altri.<\/li>\n<\/ul>\n<h5><strong>Collegamenti ad altri siti web<\/strong><\/h5>\n<p>Il nostro servizio pu\u00f2 contenere collegamenti a siti Web o servizi di terze parti che non sono di propriet\u00e0 o controllati da Visitteo. Accetti che Visitteo non sia responsabile dell&#8217;accuratezza o della completezza delle informazioni che potrebbe ricevere da questi altri siti web. L&#8217;utilizzo di altri siti Web a cui si accede tramite il nostro sito Web \u00e8 a proprio rischio. Visitteo non ha alcun controllo e non si assume alcuna responsabilit\u00e0 per il contenuto, le politiche sulla privacy o le pratiche di siti Web o servizi di terzi. Riconosci inoltre e accetti che Visitteo non sar\u00e0 responsabile o responsabile, direttamente o indirettamente, per eventuali danni o perdite causati, che si presume siano causati da, in relazione all&#8217;uso o all&#8217;affidamento su tali contenuti, beni o servizi disponibili su o tramite tali siti Web o servizi.<\/p>\n<p>Ti consigliamo vivamente di leggere i termini e le condizioni e le politiche sulla privacy di qualsiasi sito web o servizio di terze parti che visiti.<\/p>\n<h5><strong>Esonero di responsabilit\u00e0<\/strong><\/h5>\n<p>Le informazioni contenute in questo sito web sono solo a scopo informativo generale. Le informazioni sono fornite da Visitteo e mentre ci sforziamo di mantenere le informazioni aggiornate e corrette, non rilasciamo dichiarazioni o garanzie di alcun tipo, espresse o implicite, sulla completezza, accuratezza, affidabilit\u00e0, idoneit\u00e0 o disponibilit\u00e0 rispetto al sito Web o le informazioni, prodotti, servizi o grafica correlata contenuti nel sito Web per qualsiasi scopo. Qualsiasi affidamento che fai su tali informazioni \u00e8 quindi strettamente a tuo rischio.<\/p>\n<p>In nessun caso saremo responsabili per qualsiasi perdita, danno, lesione personale o morte, inclusi, senza limitazione, perdita o danno indiretto o consequenziale, o qualsiasi perdita o danno derivante dalla perdita di dati o profitti derivanti da o in connessione con, l&#8217;uso di questo sito web. Attraverso questo sito Web \u00e8 possibile collegarsi ad altri siti Web che non sono sotto il controllo di Visitteo.<\/p>\n<p>Non abbiamo alcun controllo sulla natura, il contenuto e la disponibilit\u00e0 di tali siti web. Visitteo non si assume alcuna responsabilit\u00e0 per gli annunci pubblicitari di terze parti che vengono pubblicati su, tramite o in connessione con i Servizi, n\u00e9 si assume alcuna responsabilit\u00e0 per i beni o servizi forniti da queste terze parti. L&#8217;inclusione di qualsiasi collegamento non implica necessariamente una raccomandazione o avalla le opinioni espresse al loro interno. Viene fatto ogni sforzo per mantenere il sito Web attivo e funzionante senza intoppi. Tuttavia, Visitteo non si assume alcuna responsabilit\u00e0 e non sar\u00e0 responsabile per la temporanea indisponibilit\u00e0 del sito Web a causa di problemi tecnici al di fuori del nostro controllo.<\/p>\n<h5><strong>Limitazione di responsabilit\u00e0<\/strong><\/h5>\n<p>L&#8217;utilizzo di qualsiasi informazione o materiale su questo sito Web \u00e8 interamente a proprio rischio, per il quale non saremo responsabili. Sar\u00e0 tua responsabilit\u00e0 assicurarti che qualsiasi prodotto, servizio o informazione disponibile attraverso questo sito web soddisfi i tuoi requisiti specifici.<\/p>\n<p>Inoltre, Visitteo non sar\u00e0 responsabile per:<\/p>\n<ul>\n<li>L&#8217;utilizzo di qualsiasi informazione o materiale su questo sito Web \u00e8 interamente a proprio rischio, per il quale non saremo responsabili. Sar\u00e0 tua responsabilit\u00e0 assicurarti che qualsiasi prodotto, servizio o informazione disponibile attraverso questo sito web soddisfi i tuoi requisiti specifici.<\/li>\n<li>Tu o terze parti per danni indiretti, consequenziali, esemplari, incidentali, speciali o punitivi, inclusi, a titolo esemplificativo, i danni per mancato guadagno derivanti dall&#8217;utilizzo dei servizi.<\/li>\n<li>Eventuali danni o virus che potrebbero infettare l&#8217;attrezzatura del computer o altre propriet\u00e0 a seguito dell&#8217;accesso al Servizio.<\/li>\n<li>Per qualsiasi lesione, morte, perdita, reclamo, causa di forza maggiore, incidente, ritardo o qualsiasi danno diretto, speciale, esemplare, punitivo, indiretto, incidentale o consequenziale di qualsiasi tipo. Compresi, senza limitazioni, profitti persi o risparmi persi.<\/li>\n<li>L&#8217;adempimento di alloggi prenotati tramite qualsiasi sito Web di terzi a cui si fa riferimento da Visitteo. Si prega di leggere i termini e le condizioni del fornitore al momento della prenotazione.<\/li>\n<li>Il contenuto pubblicato su qualsiasi sito Web di terzi collegato da Visitteo.<\/li>\n<li>La prestazione o la mancata esecuzione da parte nostra o di qualsiasi fornitore.<\/li>\n<\/ul>\n<h5>\n<strong>Propriet\u00e0 intellettuale<\/strong><\/h5>\n<p>Il Servizio e il suo contenuto, caratteristiche e funzionalit\u00e0 originali sono e rimarranno di propriet\u00e0 esclusiva di Atlas, LLC e dei suoi licenziatari. Il Servizio \u00e8 protetto da copyright, marchio commerciale e altre leggi sia europee che straniere. I nostri marchi e immagini commerciali non possono essere utilizzati in relazione a qualsiasi prodotto o servizio senza il previo consenso scritto di Atlas, LLC.<\/p>\n<h5><strong>La tua privacy<\/strong><\/h5>\n<p>L&#8217;utilizzo del nostro sito Web \u00e8 soggetto alla nostra <a href=\"https:\/\/visitteo.com\/it\/informativa-sulla-privacy\/\" target=\"_blank\" rel=\"noopener noreferrer\">Informativa sulla privacy<\/a>, incorporata nel presente Accordo con questo riferimento. Utilizzando il nostro sito Web acconsenti all&#8217;utilizzo delle tue informazioni come specificato nella nostra <a href=\"https:\/\/visitteo.com\/it\/informativa-sulla-privacy\/\" target=\"_blank\" rel=\"noopener noreferrer\">Informativa sulla privacy<\/a>.<\/p>\n<h5><strong>I cambiamenti<\/strong><\/h5>\n<p>Ci riserviamo il diritto di modificare o sostituire i presenti Termini in qualsiasi momento. Quando pubblichiamo modifiche ai presenti Termini di utilizzo, rivedremo la data di &#8220;ultimo aggiornamento&#8221; in fondo a questi Termini di utilizzo. Continuando ad accedere o utilizzare il nostro Servizio dopo che tali revisioni diventano effettive, accetti di essere vincolato dai termini modificati. Se non accetti i nuovi termini, interrompi l&#8217;utilizzo del Servizio.<\/p>\n<h5><strong>Contattaci<\/strong><\/h5>\n<p>In caso di domande sui presenti Termini di utilizzo, contattaci inviando un&#8217;e-mail a: <a href=\"mailto:info@visitteo.com\" target=\"_blank\" rel=\"noopener noreferrer\">info@visitteo.com<\/a><\/p>\n<p><em>Ultimo aggiornamento: 25 ottobre 2020<\/em><\/p>\n<p>&nbsp;<\/p>\n","protected":false},"excerpt":{"rendered":"<p>Si prega di leggere attentamente i presenti Termini di utilizzo prima di accedere, utilizzare o ottenere materiali, informazioni, prodotti o servizi tramite questo sito Web. Accedendo, utilizzando o ottenendo contenuti, dati, materiali, informazioni, prodotti o servizi tramite il sito web www.visitteo.com (il &#8220;Servizio&#8221;), accetti di essere vincolato da questi termini e condizioni (&#8220;Termini&#8221;, &#8220;Termini di [&hellip;]<\/p>\n","protected":false},"author":5,"featured_media":0,"parent":0,"menu_order":101,"comment_status":"closed","ping_status":"closed","template":"","meta":{"_acf_changed":false,"footnotes":""},"class_list":["post-848","page","type-page","status-publish","hentry"],"acf":[],"yoast_head":"<!-- This site is optimized with the Yoast SEO plugin v27.3 - https:\/\/yoast.com\/product\/yoast-seo-wordpress\/ -->\n<title>Condizioni di utilizzo - Visitteo<\/title>\n<meta name=\"description\" content=\"Leggere attentamente i presenti Condizioni di utilizzo (&quot;Termini&quot;, &quot;Termini di servizio&quot;) prima di utilizzare il sito Web www.visitteo.com (il &quot;Servizio&quot;).\" \/>\n<meta name=\"robots\" content=\"index, follow, max-snippet:-1, max-image-preview:large, max-video-preview:-1\" \/>\n<link rel=\"canonical\" href=\"https:\/\/visitteo.com\/it\/condizioni-di-utilizzo\/\" \/>\n<meta property=\"og:locale\" content=\"it_IT\" \/>\n<meta property=\"og:type\" content=\"article\" \/>\n<meta property=\"og:title\" content=\"Condizioni di utilizzo - Visitteo\" \/>\n<meta property=\"og:description\" content=\"Leggere attentamente i presenti Condizioni di utilizzo (&quot;Termini&quot;, &quot;Termini di servizio&quot;) prima di utilizzare il sito Web www.visitteo.com (il &quot;Servizio&quot;).\" \/>\n<meta property=\"og:url\" content=\"https:\/\/visitteo.com\/it\/condizioni-di-utilizzo\/\" \/>\n<meta property=\"og:site_name\" content=\"Visitteo\" \/>\n<meta property=\"article:publisher\" content=\"https:\/\/www.facebook.com\/visitteo\/\" \/>\n<meta property=\"article:modified_time\" content=\"2020-12-18T07:41:19+00:00\" \/>\n<meta property=\"og:image\" content=\"https:\/\/visitteo.com\/wp-content\/uploads\/2022\/10\/share-1.jpg\" \/>\n\t<meta property=\"og:image:width\" content=\"1200\" \/>\n\t<meta property=\"og:image:height\" content=\"630\" \/>\n\t<meta property=\"og:image:type\" content=\"image\/jpeg\" \/>\n<meta name=\"twitter:card\" content=\"summary_large_image\" \/>\n<meta name=\"twitter:site\" content=\"@visitteo\" \/>\n<meta name=\"twitter:label1\" content=\"Tempo di lettura stimato\" \/>\n\t<meta name=\"twitter:data1\" content=\"7 minuti\" \/>\n<script type=\"application\/ld+json\" class=\"yoast-schema-graph\">{\"@context\":\"https:\\\/\\\/schema.org\",\"@graph\":[{\"@type\":\"WebPage\",\"@id\":\"https:\\\/\\\/visitteo.com\\\/it\\\/condizioni-di-utilizzo\\\/\",\"url\":\"https:\\\/\\\/visitteo.com\\\/it\\\/condizioni-di-utilizzo\\\/\",\"name\":\"Condizioni di utilizzo - Visitteo\",\"isPartOf\":{\"@id\":\"https:\\\/\\\/visitteo.com\\\/it\\\/#website\"},\"datePublished\":\"2017-04-25T09:48:54+00:00\",\"dateModified\":\"2020-12-18T07:41:19+00:00\",\"description\":\"Leggere attentamente i presenti Condizioni di utilizzo (\\\"Termini\\\", \\\"Termini di servizio\\\") prima di utilizzare il sito Web www.visitteo.com (il \\\"Servizio\\\").\",\"breadcrumb\":{\"@id\":\"https:\\\/\\\/visitteo.com\\\/it\\\/condizioni-di-utilizzo\\\/#breadcrumb\"},\"inLanguage\":\"it-IT\",\"potentialAction\":[{\"@type\":\"ReadAction\",\"target\":[\"https:\\\/\\\/visitteo.com\\\/it\\\/condizioni-di-utilizzo\\\/\"]}]},{\"@type\":\"BreadcrumbList\",\"@id\":\"https:\\\/\\\/visitteo.com\\\/it\\\/condizioni-di-utilizzo\\\/#breadcrumb\",\"itemListElement\":[{\"@type\":\"ListItem\",\"position\":1,\"name\":\"Homepage\",\"item\":\"https:\\\/\\\/visitteo.com\\\/it\\\/\"},{\"@type\":\"ListItem\",\"position\":2,\"name\":\"Condizioni di utilizzo\"}]},{\"@type\":\"WebSite\",\"@id\":\"https:\\\/\\\/visitteo.com\\\/it\\\/#website\",\"url\":\"https:\\\/\\\/visitteo.com\\\/it\\\/\",\"name\":\"Visitteo\",\"description\":\"Visitteo is a metasearch engine for car rental.\",\"publisher\":{\"@id\":\"https:\\\/\\\/visitteo.com\\\/it\\\/#organization\"},\"potentialAction\":[{\"@type\":\"SearchAction\",\"target\":{\"@type\":\"EntryPoint\",\"urlTemplate\":\"https:\\\/\\\/visitteo.com\\\/it\\\/?s={search_term_string}\"},\"query-input\":{\"@type\":\"PropertyValueSpecification\",\"valueRequired\":true,\"valueName\":\"search_term_string\"}}],\"inLanguage\":\"it-IT\"},{\"@type\":\"Organization\",\"@id\":\"https:\\\/\\\/visitteo.com\\\/it\\\/#organization\",\"name\":\"Visitteo\",\"url\":\"https:\\\/\\\/visitteo.com\\\/it\\\/\",\"logo\":{\"@type\":\"ImageObject\",\"inLanguage\":\"it-IT\",\"@id\":\"https:\\\/\\\/visitteo.com\\\/it\\\/#\\\/schema\\\/logo\\\/image\\\/\",\"url\":\"https:\\\/\\\/visitteo.com\\\/wp-content\\\/uploads\\\/2024\\\/09\\\/organization_logo.png\",\"contentUrl\":\"https:\\\/\\\/visitteo.com\\\/wp-content\\\/uploads\\\/2024\\\/09\\\/organization_logo.png\",\"width\":840,\"height\":840,\"caption\":\"Visitteo\"},\"image\":{\"@id\":\"https:\\\/\\\/visitteo.com\\\/it\\\/#\\\/schema\\\/logo\\\/image\\\/\"},\"sameAs\":[\"https:\\\/\\\/www.facebook.com\\\/visitteo\\\/\",\"https:\\\/\\\/x.com\\\/visitteo\",\"https:\\\/\\\/www.instagram.com\\\/visitteo\\\/\",\"https:\\\/\\\/www.pinterest.com\\\/visitteo\\\/pins\\\/\"]}]}<\/script>\n<!-- \/ Yoast SEO plugin. -->","yoast_head_json":{"title":"Condizioni di utilizzo - Visitteo","description":"Leggere attentamente i presenti Condizioni di utilizzo (\"Termini\", \"Termini di servizio\") prima di utilizzare il sito Web www.visitteo.com (il \"Servizio\").","robots":{"index":"index","follow":"follow","max-snippet":"max-snippet:-1","max-image-preview":"max-image-preview:large","max-video-preview":"max-video-preview:-1"},"canonical":"https:\/\/visitteo.com\/it\/condizioni-di-utilizzo\/","og_locale":"it_IT","og_type":"article","og_title":"Condizioni di utilizzo - Visitteo","og_description":"Leggere attentamente i presenti Condizioni di utilizzo (\"Termini\", \"Termini di servizio\") prima di utilizzare il sito Web www.visitteo.com (il \"Servizio\").","og_url":"https:\/\/visitteo.com\/it\/condizioni-di-utilizzo\/","og_site_name":"Visitteo","article_publisher":"https:\/\/www.facebook.com\/visitteo\/","article_modified_time":"2020-12-18T07:41:19+00:00","og_image":[{"width":1200,"height":630,"url":"https:\/\/visitteo.com\/wp-content\/uploads\/2022\/10\/share-1.jpg","type":"image\/jpeg"}],"twitter_card":"summary_large_image","twitter_site":"@visitteo","twitter_misc":{"Tempo di lettura stimato":"7 minuti"},"schema":{"@context":"https:\/\/schema.org","@graph":[{"@type":"WebPage","@id":"https:\/\/visitteo.com\/it\/condizioni-di-utilizzo\/","url":"https:\/\/visitteo.com\/it\/condizioni-di-utilizzo\/","name":"Condizioni di utilizzo - Visitteo","isPartOf":{"@id":"https:\/\/visitteo.com\/it\/#website"},"datePublished":"2017-04-25T09:48:54+00:00","dateModified":"2020-12-18T07:41:19+00:00","description":"Leggere attentamente i presenti Condizioni di utilizzo (\"Termini\", \"Termini di servizio\") prima di utilizzare il sito Web www.visitteo.com (il \"Servizio\").","breadcrumb":{"@id":"https:\/\/visitteo.com\/it\/condizioni-di-utilizzo\/#breadcrumb"},"inLanguage":"it-IT","potentialAction":[{"@type":"ReadAction","target":["https:\/\/visitteo.com\/it\/condizioni-di-utilizzo\/"]}]},{"@type":"BreadcrumbList","@id":"https:\/\/visitteo.com\/it\/condizioni-di-utilizzo\/#breadcrumb","itemListElement":[{"@type":"ListItem","position":1,"name":"Homepage","item":"https:\/\/visitteo.com\/it\/"},{"@type":"ListItem","position":2,"name":"Condizioni di utilizzo"}]},{"@type":"WebSite","@id":"https:\/\/visitteo.com\/it\/#website","url":"https:\/\/visitteo.com\/it\/","name":"Visitteo","description":"Visitteo is a metasearch engine for car rental.","publisher":{"@id":"https:\/\/visitteo.com\/it\/#organization"},"potentialAction":[{"@type":"SearchAction","target":{"@type":"EntryPoint","urlTemplate":"https:\/\/visitteo.com\/it\/?s={search_term_string}"},"query-input":{"@type":"PropertyValueSpecification","valueRequired":true,"valueName":"search_term_string"}}],"inLanguage":"it-IT"},{"@type":"Organization","@id":"https:\/\/visitteo.com\/it\/#organization","name":"Visitteo","url":"https:\/\/visitteo.com\/it\/","logo":{"@type":"ImageObject","inLanguage":"it-IT","@id":"https:\/\/visitteo.com\/it\/#\/schema\/logo\/image\/","url":"https:\/\/visitteo.com\/wp-content\/uploads\/2024\/09\/organization_logo.png","contentUrl":"https:\/\/visitteo.com\/wp-content\/uploads\/2024\/09\/organization_logo.png","width":840,"height":840,"caption":"Visitteo"},"image":{"@id":"https:\/\/visitteo.com\/it\/#\/schema\/logo\/image\/"},"sameAs":["https:\/\/www.facebook.com\/visitteo\/","https:\/\/x.com\/visitteo","https:\/\/www.instagram.com\/visitteo\/","https:\/\/www.pinterest.com\/visitteo\/pins\/"]}]}},"_links":{"self":[{"href":"https:\/\/visitteo.com\/it\/wp-json\/wp\/v2\/pages\/848","targetHints":{"allow":["GET"]}}],"collection":[{"href":"https:\/\/visitteo.com\/it\/wp-json\/wp\/v2\/pages"}],"about":[{"href":"https:\/\/visitteo.com\/it\/wp-json\/wp\/v2\/types\/page"}],"author":[{"embeddable":true,"href":"https:\/\/visitteo.com\/it\/wp-json\/wp\/v2\/users\/5"}],"replies":[{"embeddable":true,"href":"https:\/\/visitteo.com\/it\/wp-json\/wp\/v2\/comments?post=848"}],"version-history":[{"count":0,"href":"https:\/\/visitteo.com\/it\/wp-json\/wp\/v2\/pages\/848\/revisions"}],"wp:attachment":[{"href":"https:\/\/visitteo.com\/it\/wp-json\/wp\/v2\/media?parent=848"}],"curies":[{"name":"wp","href":"https:\/\/api.w.org\/{rel}","templated":true}]}}