{"id":11926,"date":"2022-02-15T13:03:45","date_gmt":"2022-02-15T12:03:45","guid":{"rendered":"https:\/\/visitteo.com\/become-a-partner\/"},"modified":"2022-03-01T10:02:38","modified_gmt":"2022-03-01T09:02:38","slug":"zostan-partnerem","status":"publish","type":"page","link":"https:\/\/visitteo.com\/pl\/zostan-partnerem\/","title":{"rendered":"Zosta\u0144 Partnerem"},"content":{"rendered":"","protected":false},"excerpt":{"rendered":"","protected":false},"author":3,"featured_media":0,"parent":0,"menu_order":12,"comment_status":"closed","ping_status":"closed","template":"page-custom-content.php","meta":{"_acf_changed":false,"footnotes":""},"class_list":["post-11926","page","type-page","status-publish","hentry"],"acf":[],"yoast_head":"<!-- This site is optimized with the Yoast SEO plugin v27.1.1 - https:\/\/yoast.com\/product\/yoast-seo-wordpress\/ -->\n<title>Zosta\u0144 Partnerem - Visitteo<\/title>\n<meta name=\"description\" content=\"Szukamy partner\u00f3w, kt\u00f3rzy podzielaj\u0105 nasz\u0105 pasj\u0119 do wysokiej jako\u015bci rezerwacji. Do\u0142\u0105cz do naszej sieci i zacznijmy si\u0119 razem rozwija\u0107.\" \/>\n<meta name=\"robots\" content=\"index, follow, max-snippet:-1, max-image-preview:large, max-video-preview:-1\" \/>\n<link rel=\"canonical\" href=\"https:\/\/visitteo.com\/pl\/zostan-partnerem\/\" \/>\n<meta property=\"og:locale\" content=\"pl_PL\" \/>\n<meta property=\"og:type\" content=\"article\" \/>\n<meta property=\"og:title\" content=\"Zosta\u0144 Partnerem - Visitteo\" \/>\n<meta property=\"og:description\" content=\"Szukamy partner\u00f3w, kt\u00f3rzy podzielaj\u0105 nasz\u0105 pasj\u0119 do wysokiej jako\u015bci rezerwacji. Do\u0142\u0105cz do naszej sieci i zacznijmy si\u0119 razem rozwija\u0107.\" \/>\n<meta property=\"og:url\" content=\"https:\/\/visitteo.com\/pl\/zostan-partnerem\/\" \/>\n<meta property=\"og:site_name\" content=\"Visitteo\" \/>\n<meta property=\"article:publisher\" content=\"https:\/\/www.facebook.com\/visitteo\/\" \/>\n<meta property=\"article:modified_time\" content=\"2022-03-01T09:02:38+00:00\" \/>\n<meta property=\"og:image\" content=\"https:\/\/visitteo.com\/wp-content\/uploads\/2022\/10\/share-1.jpg\" \/>\n\t<meta property=\"og:image:width\" content=\"1200\" \/>\n\t<meta property=\"og:image:height\" content=\"630\" \/>\n\t<meta property=\"og:image:type\" content=\"image\/jpeg\" \/>\n<meta name=\"twitter:card\" content=\"summary_large_image\" \/>\n<meta name=\"twitter:site\" content=\"@visitteo\" \/>\n<script type=\"application\/ld+json\" class=\"yoast-schema-graph\">{\"@context\":\"https:\/\/schema.org\",\"@graph\":[{\"@type\":\"WebPage\",\"@id\":\"https:\/\/visitteo.com\/pl\/zostan-partnerem\/\",\"url\":\"https:\/\/visitteo.com\/pl\/zostan-partnerem\/\",\"name\":\"Zosta\u0144 Partnerem - Visitteo\",\"isPartOf\":{\"@id\":\"https:\/\/visitteo.com\/pl\/#website\"},\"datePublished\":\"2022-02-15T12:03:45+00:00\",\"dateModified\":\"2022-03-01T09:02:38+00:00\",\"description\":\"Szukamy partner\u00f3w, kt\u00f3rzy podzielaj\u0105 nasz\u0105 pasj\u0119 do wysokiej jako\u015bci rezerwacji. Do\u0142\u0105cz do naszej sieci i zacznijmy si\u0119 razem rozwija\u0107.\",\"breadcrumb\":{\"@id\":\"https:\/\/visitteo.com\/pl\/zostan-partnerem\/#breadcrumb\"},\"inLanguage\":\"pl-PL\",\"potentialAction\":[{\"@type\":\"ReadAction\",\"target\":[\"https:\/\/visitteo.com\/pl\/zostan-partnerem\/\"]}]},{\"@type\":\"BreadcrumbList\",\"@id\":\"https:\/\/visitteo.com\/pl\/zostan-partnerem\/#breadcrumb\",\"itemListElement\":[{\"@type\":\"ListItem\",\"position\":1,\"name\":\"Homepage\",\"item\":\"https:\/\/visitteo.com\/pl\/\"},{\"@type\":\"ListItem\",\"position\":2,\"name\":\"Zosta\u0144 Partnerem\"}]},{\"@type\":\"WebSite\",\"@id\":\"https:\/\/visitteo.com\/pl\/#website\",\"url\":\"https:\/\/visitteo.com\/pl\/\",\"name\":\"Visitteo\",\"description\":\"Visitteo is a metasearch engine for car rental.\",\"publisher\":{\"@id\":\"https:\/\/visitteo.com\/pl\/#organization\"},\"potentialAction\":[{\"@type\":\"SearchAction\",\"target\":{\"@type\":\"EntryPoint\",\"urlTemplate\":\"https:\/\/visitteo.com\/pl\/?s={search_term_string}\"},\"query-input\":{\"@type\":\"PropertyValueSpecification\",\"valueRequired\":true,\"valueName\":\"search_term_string\"}}],\"inLanguage\":\"pl-PL\"},{\"@type\":\"Organization\",\"@id\":\"https:\/\/visitteo.com\/pl\/#organization\",\"name\":\"Visitteo\",\"url\":\"https:\/\/visitteo.com\/pl\/\",\"logo\":{\"@type\":\"ImageObject\",\"inLanguage\":\"pl-PL\",\"@id\":\"https:\/\/visitteo.com\/pl\/#\/schema\/logo\/image\/\",\"url\":\"https:\/\/visitteo.com\/wp-content\/uploads\/2024\/09\/organization_logo.png\",\"contentUrl\":\"https:\/\/visitteo.com\/wp-content\/uploads\/2024\/09\/organization_logo.png\",\"width\":840,\"height\":840,\"caption\":\"Visitteo\"},\"image\":{\"@id\":\"https:\/\/visitteo.com\/pl\/#\/schema\/logo\/image\/\"},\"sameAs\":[\"https:\/\/www.facebook.com\/visitteo\/\",\"https:\/\/x.com\/visitteo\",\"https:\/\/www.instagram.com\/visitteo\/\",\"https:\/\/www.pinterest.com\/visitteo\/pins\/\"]}]}<\/script>\n<!-- \/ Yoast SEO plugin. -->","yoast_head_json":{"title":"Zosta\u0144 Partnerem - Visitteo","description":"Szukamy partner\u00f3w, kt\u00f3rzy podzielaj\u0105 nasz\u0105 pasj\u0119 do wysokiej jako\u015bci rezerwacji. Do\u0142\u0105cz do naszej sieci i zacznijmy si\u0119 razem rozwija\u0107.","robots":{"index":"index","follow":"follow","max-snippet":"max-snippet:-1","max-image-preview":"max-image-preview:large","max-video-preview":"max-video-preview:-1"},"canonical":"https:\/\/visitteo.com\/pl\/zostan-partnerem\/","og_locale":"pl_PL","og_type":"article","og_title":"Zosta\u0144 Partnerem - Visitteo","og_description":"Szukamy partner\u00f3w, kt\u00f3rzy podzielaj\u0105 nasz\u0105 pasj\u0119 do wysokiej jako\u015bci rezerwacji. Do\u0142\u0105cz do naszej sieci i zacznijmy si\u0119 razem rozwija\u0107.","og_url":"https:\/\/visitteo.com\/pl\/zostan-partnerem\/","og_site_name":"Visitteo","article_publisher":"https:\/\/www.facebook.com\/visitteo\/","article_modified_time":"2022-03-01T09:02:38+00:00","og_image":[{"width":1200,"height":630,"url":"https:\/\/visitteo.com\/wp-content\/uploads\/2022\/10\/share-1.jpg","type":"image\/jpeg"}],"twitter_card":"summary_large_image","twitter_site":"@visitteo","schema":{"@context":"https:\/\/schema.org","@graph":[{"@type":"WebPage","@id":"https:\/\/visitteo.com\/pl\/zostan-partnerem\/","url":"https:\/\/visitteo.com\/pl\/zostan-partnerem\/","name":"Zosta\u0144 Partnerem - Visitteo","isPartOf":{"@id":"https:\/\/visitteo.com\/pl\/#website"},"datePublished":"2022-02-15T12:03:45+00:00","dateModified":"2022-03-01T09:02:38+00:00","description":"Szukamy partner\u00f3w, kt\u00f3rzy podzielaj\u0105 nasz\u0105 pasj\u0119 do wysokiej jako\u015bci rezerwacji. Do\u0142\u0105cz do naszej sieci i zacznijmy si\u0119 razem rozwija\u0107.","breadcrumb":{"@id":"https:\/\/visitteo.com\/pl\/zostan-partnerem\/#breadcrumb"},"inLanguage":"pl-PL","potentialAction":[{"@type":"ReadAction","target":["https:\/\/visitteo.com\/pl\/zostan-partnerem\/"]}]},{"@type":"BreadcrumbList","@id":"https:\/\/visitteo.com\/pl\/zostan-partnerem\/#breadcrumb","itemListElement":[{"@type":"ListItem","position":1,"name":"Homepage","item":"https:\/\/visitteo.com\/pl\/"},{"@type":"ListItem","position":2,"name":"Zosta\u0144 Partnerem"}]},{"@type":"WebSite","@id":"https:\/\/visitteo.com\/pl\/#website","url":"https:\/\/visitteo.com\/pl\/","name":"Visitteo","description":"Visitteo is a metasearch engine for car rental.","publisher":{"@id":"https:\/\/visitteo.com\/pl\/#organization"},"potentialAction":[{"@type":"SearchAction","target":{"@type":"EntryPoint","urlTemplate":"https:\/\/visitteo.com\/pl\/?s={search_term_string}"},"query-input":{"@type":"PropertyValueSpecification","valueRequired":true,"valueName":"search_term_string"}}],"inLanguage":"pl-PL"},{"@type":"Organization","@id":"https:\/\/visitteo.com\/pl\/#organization","name":"Visitteo","url":"https:\/\/visitteo.com\/pl\/","logo":{"@type":"ImageObject","inLanguage":"pl-PL","@id":"https:\/\/visitteo.com\/pl\/#\/schema\/logo\/image\/","url":"https:\/\/visitteo.com\/wp-content\/uploads\/2024\/09\/organization_logo.png","contentUrl":"https:\/\/visitteo.com\/wp-content\/uploads\/2024\/09\/organization_logo.png","width":840,"height":840,"caption":"Visitteo"},"image":{"@id":"https:\/\/visitteo.com\/pl\/#\/schema\/logo\/image\/"},"sameAs":["https:\/\/www.facebook.com\/visitteo\/","https:\/\/x.com\/visitteo","https:\/\/www.instagram.com\/visitteo\/","https:\/\/www.pinterest.com\/visitteo\/pins\/"]}]}},"_links":{"self":[{"href":"https:\/\/visitteo.com\/pl\/wp-json\/wp\/v2\/pages\/11926","targetHints":{"allow":["GET"]}}],"collection":[{"href":"https:\/\/visitteo.com\/pl\/wp-json\/wp\/v2\/pages"}],"about":[{"href":"https:\/\/visitteo.com\/pl\/wp-json\/wp\/v2\/types\/page"}],"author":[{"embeddable":true,"href":"https:\/\/visitteo.com\/pl\/wp-json\/wp\/v2\/users\/3"}],"replies":[{"embeddable":true,"href":"https:\/\/visitteo.com\/pl\/wp-json\/wp\/v2\/comments?post=11926"}],"version-history":[{"count":0,"href":"https:\/\/visitteo.com\/pl\/wp-json\/wp\/v2\/pages\/11926\/revisions"}],"wp:attachment":[{"href":"https:\/\/visitteo.com\/pl\/wp-json\/wp\/v2\/media?parent=11926"}],"curies":[{"name":"wp","href":"https:\/\/api.w.org\/{rel}","templated":true}]}}