{"id":811,"date":"2017-04-25T13:00:59","date_gmt":"2017-04-25T11:00:59","guid":{"rendered":"https:\/\/visitteo.com\/privacy-policy\/"},"modified":"2020-12-15T09:47:12","modified_gmt":"2020-12-15T08:47:12","slug":"polityka-prywatnosci","status":"publish","type":"page","link":"https:\/\/visitteo.com\/pl\/polityka-prywatnosci\/","title":{"rendered":"Polityka prywatno\u015bci"},"content":{"rendered":"<p>Nale\u017cy pami\u0119ta\u0107, \u017ce praktyki Atlas LLC. (\u201eMy\u201d, \u201enasz\u201d lub \u201enas\u201d), dotycz\u0105ce danych osobowych, podlegaj\u0105 niniejszej Polityce prywatno\u015bci, kt\u00f3ra mo\u017ce by\u0107 okresowo zmieniana. Niniejsza Polityka prywatno\u015bci dotyczy danych osobowych gromadzonych przez nas za po\u015brednictwem tej witryny internetowej pod adresem <a href=\"https:\/\/visitteo.com\/pl\/\" target=\"_blank\" rel=\"noopener noreferrer\">www.visitteo.com<\/a> (\u201eWitryna\u201d).<\/p>\n<p>Niniejsza Polityka prywatno\u015bci opisuje praktyki Visitteo dotycz\u0105ce informacji i danych umo\u017cliwiaj\u0105cych identyfikacj\u0119 (\u201edane osobowe\u201d). Niniejsza polityka dotyczy naszej strony internetowej (naszej \u201eUs\u0142ugi\u201d). Korzystaj\u0105c z niej, zgadzasz si\u0119 na warunki tej polityki.<\/p>\n<p>Przeczytaj uwa\u017cnie nasz\u0105 Polityk\u0119 prywatno\u015bci, aby dok\u0142adnie zrozumie\u0107, w jaki spos\u00f3b gromadzimy, wykorzystujemy, chronimy lub w inny spos\u00f3b post\u0119pujemy z Twoimi danymi osobowymi za po\u015brednictwem naszej witryny internetowej.<\/p>\n<h5><strong>Jakie dane osobowe zbieramy<\/strong><\/h5>\n<ul>\n<li>Mo\u017cemy gromadzi\u0107 informacje, kt\u00f3re mog\u0105 Ci\u0119 zidentyfikowa\u0107, takie jak imi\u0119 i nazwisko oraz adres e-mail (\u201edane osobowe\u201d) oraz inne informacje, kt\u00f3re Ci\u0119 nie identyfikuj\u0105.<\/li>\n<li>Informacje, kt\u00f3re podajesz. Aby zarejestrowa\u0107 si\u0119 na Visitteo, zostaniesz poproszony o zalogowanie si\u0119 przy u\u017cyciu swojego loginu do Facebooka lub Google. Je\u015bli to zrobisz, upowa\u017cniasz nas do uzyskiwania dost\u0119pu do niekt\u00f3rych informacji o kontach na Facebooku i Google, takich jak Tw\u00f3j publiczny profil na Facebooku lub Google (zgodnie z Twoimi ustawieniami prywatno\u015bci na Facebooku i Google).<\/li>\n<li>Mo\u017cemy uzyska\u0107 dost\u0119p do Twojego adresu e-mail, zainteresowa\u0144 w zwi\u0105zku, zdj\u0119\u0107, polubie\u0144, aktualnego miasta, urodzin, zainteresowa\u0144, historii edukacji, p\u0142ci, opisu osobistego i listy znajomych.<\/li>\n<li>Mo\u017cesz r\u00f3wnie\u017c przekaza\u0107 nam swoje zdj\u0119cia, opis osobisty, opis swoich znajomych lub przyjaciela oraz informacje o swojej p\u0142ci.<\/li>\n<li>Je\u015bli rozmawiasz z nami za po\u015brednictwem sieci spo\u0142eczno\u015bciowych lub wiadomo\u015bci e-mail, przekazujesz nam tre\u015b\u0107 swoich czat\u00f3w, a je\u015bli kontaktujesz si\u0119 z nami w sprawie obs\u0142ugi klienta lub innych pyta\u0144, przekazujesz nam tre\u015b\u0107 tej komunikacji.<\/li>\n<li>Mo\u017cemy gromadzi\u0107 informacje, gdy przesy\u0142asz nam pewne tre\u015bci (histori\u0119 podr\u00f3\u017cy i zdj\u0119cia) za po\u015brednictwem sieci spo\u0142eczno\u015bciowych.<\/li>\n<li>Inne informacje zwi\u0105zane z ankietami i \/ lub ofertami klient\u00f3w.<\/li>\n<\/ul>\n<h5><strong>Co robimy z informacjami, kt\u00f3re zbieramy<\/strong><\/h5>\n<p>Mo\u017cemy wykorzystywa\u0107 informacje, kt\u00f3re zbieramy od Ciebie, gdy rejestrujesz si\u0119, odpowiadasz na komunikacj\u0119 marketingow\u0105, surfujesz po witrynie lub korzystasz z niekt\u00f3rych innych funkcji witryny w nast\u0119puj\u0105cy spos\u00f3b:<\/p>\n<ul>\n<li>Ulepszaj nasze produkty i us\u0142ugi oraz zarz\u0105dzaj nasz\u0105 dzia\u0142alno\u015bci\u0105.<\/li>\n<li>Aby spersonalizowa\u0107 do\u015bwiadczenie u\u017cytkownika i umo\u017cliwi\u0107 nam dostarczanie tre\u015bci i ofert produkt\u00f3w, kt\u00f3rymi jeste\u015b najbardziej zainteresowany.<\/li>\n<li>Aby ulepszy\u0107 nasz\u0105 stron\u0119 internetow\u0105, aby lepiej Ci s\u0142u\u017cy\u0107.<\/li>\n<li>Mo\u017cemy wykorzysta\u0107 te informacje do analizy witryny.<\/li>\n<li>Aby\u015bmy mogli lepiej obs\u0142ugiwa\u0107 Ci\u0119 w odpowiedzi na Twoje \u017c\u0105dania obs\u0142ugi klienta.<\/li>\n<li>Mo\u017cemy okresowo wysy\u0142a\u0107 e-maile promocyjne dotycz\u0105ce nowych produkt\u00f3w, ofert specjalnych lub innych informacji, kt\u00f3re naszym zdaniem mog\u0105 Ci\u0119 zainteresowa\u0107, korzystaj\u0105c z podanego przez Ciebie adresu e-mail.<\/li>\n<li>Je\u015bli prze\u015blesz nam jakie\u015b tre\u015bci (swoj\u0105 histori\u0119 podr\u00f3\u017cy i zdj\u0119cia) za po\u015brednictwem sieci spo\u0142eczno\u015bciowych, mo\u017cemy wykorzysta\u0107 te tre\u015bci do dzia\u0142a\u0144 marketingowych w sieciach spo\u0142eczno\u015bciowych.<\/li>\n<li>Mo\u017cemy wykorzysta\u0107 te informacje do dostosowania strony internetowej do Twoich zainteresowa\u0144.<\/li>\n<li>Monitoruj wska\u017aniki, takie jak \u0142\u0105czna liczba odwiedzaj\u0105cych i ruch.<\/li>\n<\/ul>\n<h5><strong>Komu udost\u0119pniamy Twoje dane<\/strong><\/h5>\n<p>Nie b\u0119dziemy sprzedawa\u0107, wymienia\u0107, udost\u0119pnia\u0107 ani w inny spos\u00f3b przekazywa\u0107 stronom trzecim Twoich danych osobowych. Mo\u017cemy wykorzystywa\u0107 Twoje dane osobowe, aby wysy\u0142a\u0107 Ci informacje promocyjne dotycz\u0105ce stron trzecich, kt\u00f3re naszym zdaniem mog\u0105 Ci\u0119 zainteresowa\u0107, je\u015bli powiesz nam, \u017ce chcesz, aby tak si\u0119 sta\u0142o.<\/p>\n<p>Visitteo mo\u017ce r\u00f3wnie\u017c umo\u017cliwi\u0107 dost\u0119p do Google Maps. Pami\u0119taj, \u017ce korzystaj\u0105c z Map Google, obowi\u0105zuj\u0105 Ci\u0119 Warunki korzystania z us\u0142ug <a href=\"https:\/\/www.google.com\/intl\/en\/policies\/terms\/\" target=\"_blank\" rel=\"noopener noreferrer\">Google<\/a>, a na Twoje prawa do prywatno\u015bci ma wp\u0142yw Polityka prywatno\u015bci <a href=\"https:\/\/www.google.com\/policies\/privacy\/\" target=\"_blank\" rel=\"noopener noreferrer\">Google<\/a>, kt\u00f3ra jest okresowo aktualizowana przez Google.<\/p>\n<h5><strong>Witryny internetowe os\u00f3b trzecich<\/strong><\/h5>\n<p>Klikaj\u0105c ofert\u0119 w naszej witrynie internetowej, zostaniesz przekierowany na stron\u0119 internetow\u0105 strony trzeciej, kt\u00f3ra nie dzia\u0142a w ramach niniejszej Polityki prywatno\u015bci, i zostaniesz przeniesiony na stron\u0119 internetow\u0105, nad kt\u00f3r\u0105 nie kontrolujemy. Te strony internetowe os\u00f3b trzecich mog\u0105 niezale\u017cnie zbiera\u0107 od Ciebie informacje, w tym dane osobowe. Te strony internetowe os\u00f3b trzecich maj\u0105 oddzielne i niezale\u017cne polityki prywatno\u015bci. Dlatego nie ponosimy \u017cadnej odpowiedzialno\u015bci za tre\u015b\u0107 i dzia\u0142ania tych stron, do kt\u00f3rych prowadz\u0105 linki. Mimo to staramy si\u0119 chroni\u0107 integralno\u015b\u0107 naszej witryny internetowej i ch\u0119tnie przyjmujemy wszelkie opinie na temat tych witryn.<\/p>\n<p>Po skorzystaniu z us\u0142ug strony trzeciej w celu opuszczenia Visitteo nale\u017cy pami\u0119ta\u0107, \u017ce nie mamy \u017cadnej kontroli nad t\u0105 inn\u0105 witryn\u0105. Dlatego nie mo\u017cemy ponosi\u0107 odpowiedzialno\u015bci za ochron\u0119 i prywatno\u015b\u0107 jakichkolwiek informacji, kt\u00f3re podajesz podczas odwiedzania takich witryn, a takie witryny nie s\u0105 obj\u0119te niniejszym o\u015bwiadczeniem o ochronie prywatno\u015bci. Nale\u017cy zachowa\u0107 ostro\u017cno\u015b\u0107 i zapozna\u0107 si\u0119 z o\u015bwiadczeniem o ochronie prywatno\u015bci maj\u0105cym zastosowanie do danej witryny internetowej.<\/p>\n<h5><strong>Jak chronimy Twoje dane osobowe<\/strong><\/h5>\n<p>Bezpiecze\u0144stwo Twoich danych osobowych jest dla nas wa\u017cne, ale pami\u0119taj, \u017ce \u017cadna metoda transmisji przez Internet ani metoda elektronicznego przechowywania danych nie jest w 100% bezpieczna. Chocia\u017c staramy si\u0119 wykorzystywa\u0107 komercyjnie akceptowalne sposoby ochrony Twoich danych osobowych, nie mo\u017cemy zagwarantowa\u0107 ich ca\u0142kowitego bezpiecze\u0144stwa. Chocia\u017c podejmujemy \u015brodki w celu zabezpieczenia Twoich informacji, nie obiecujemy i nie nale\u017cy oczekiwa\u0107, \u017ce Twoje dane osobowe lub inna komunikacja zawsze pozostan\u0105 bezpieczne.<\/p>\n<h5><strong>Analiza us\u0142ug<\/strong><\/h5>\n<p>Korzystamy z us\u0142ug zewn\u0119trznych dostawc\u00f3w us\u0142ug analitycznych (\u201eDostawcy us\u0142ug analitycznych\u201d), takich jak Google Analytics, w celu zbierania informacji o korzystaniu z tej witryny. Google Analytics zbiera informacje, takie jak: jak cz\u0119sto u\u017cytkownicy odwiedzaj\u0105 t\u0119 witryn\u0119, jakie strony odwiedzaj\u0105, kiedy to robi\u0105, oraz z jakich innych witryn korzystali przed wej\u015bciem na t\u0119 witryn\u0119. U\u017cywamy informacji, kt\u00f3re otrzymujemy z Google Analytics, wy\u0142\u0105cznie do ulepszania tej witryny.<\/p>\n<p>Informacje generowane przez Twoj\u0105 przegl\u0105dark\u0119 lub urz\u0105dzenie na temat korzystania z Us\u0142ugi b\u0119d\u0105 przekazywane do Google Analytics i tam przechowywane. Google Analytics wykorzysta te informacje do oceny korzystania z Us\u0142ugi. Korzystaj\u0105c z Us\u0142ugi, wyra\u017casz zgod\u0119 na przetwarzanie danych o Tobie przez Google Analytics w spos\u00f3b i w celach okre\u015blonych powy\u017cej. Zdolno\u015b\u0107 Google do wykorzystywania i udost\u0119pniania zebranych informacji o Twoich wizytach w tej witrynie jest ograniczona przez Warunki korzystania z us\u0142ugi <a href=\"https:\/\/www.google.com\/analytics\/terms\/us.html\" target=\"_blank\" rel=\"noopener noreferrer\">Google Analytics<\/a> i Polityk\u0119 prywatno\u015bci <a href=\"https:\/\/www.google.com\/policies\/privacy\/\" target=\"_blank\" rel=\"noopener noreferrer\">Google<\/a>.<\/p>\n<h5><strong>Zmiany w niniejszej Polityce prywatno\u015bci<\/strong><\/h5>\n<p>Od czasu do czasu b\u0119dziemy aktualizowa\u0107 lub zmienia\u0107 nasz\u0105 Polityk\u0119 prywatno\u015bci. Powiniene\u015b okresowo sprawdza\u0107 niniejsz\u0105 Polityk\u0119 prywatno\u015bci i upewni\u0107 si\u0119, \u017ce jeste\u015b zadowolony z wszelkich zmian. Dalsze korzystanie z tej Us\u0142ugi po opublikowaniu przez nas jakichkolwiek zmian w Polityce prywatno\u015bci na tej stronie b\u0119dzie stanowi\u0142o potwierdzenie tych zmian i zgod\u0119 na przestrzeganie zmodyfikowanej Polityki prywatno\u015bci i zwi\u0105zanie si\u0119 ni\u0105.<\/p>\n<p>Kiedy opublikujemy zmiany w niniejszej Polityce prywatno\u015bci, zmienimy dat\u0119 \u201eostatniej aktualizacji\u201d na dole niniejszej Polityki prywatno\u015bci.<\/p>\n<h5><strong>Zatrzymywanie danych<\/strong><\/h5>\n<p>Atlas, LLC b\u0119dzie przechowywa\u0107 Twoje dane tylko tak d\u0142ugo, jak b\u0119dzie to konieczne do cel\u00f3w okre\u015blonych w niniejszej Polityce prywatno\u015bci. B\u0119dziemy przechowywa\u0107 i wykorzystywa\u0107 Twoje Dane w zakresie niezb\u0119dnym do wype\u0142nienia naszych zobowi\u0105za\u0144 prawnych (na przyk\u0142ad, je\u015bli jeste\u015bmy zobowi\u0105zani do zachowania Twoich danych w celu przestrzegania obowi\u0105zuj\u0105cych przepis\u00f3w), rozwi\u0105zywania spor\u00f3w i egzekwowania naszych um\u00f3w prawnych i zasad.<\/p>\n<p>Atlas, LLC zachowa r\u00f3wnie\u017c Dane u\u017cytkowania do cel\u00f3w analizy wewn\u0119trznej. Dane dotycz\u0105ce u\u017cytkowania s\u0105 zazwyczaj przechowywane przez kr\u00f3tszy okres, z wyj\u0105tkiem sytuacji, gdy dane te s\u0105 wykorzystywane do wzmocnienia bezpiecze\u0144stwa lub poprawy funkcjonalno\u015bci naszej Us\u0142ugi lub jeste\u015bmy prawnie zobowi\u0105zani do przechowywania tych danych przez d\u0142u\u017cszy czas.<\/p>\n<h5><strong>W jakim celu zbieramy i wykorzystujemy Twoje dane?<\/strong><\/h5>\n<p>Aby zapewni\u0107 Pa\u0144stwu informacje por\u00f3wnawcze na temat r\u00f3\u017cnych stron internetowych dotycz\u0105cych kwater wakacyjnych i hoteli, aby m\u00f3c zaoferowa\u0107 Pa\u0144stwu najlepszy wyb\u00f3r zakwaterowania turystycznego w najlepszej cenie. Dostarczanie komercyjnych powiadomie\u0144 reklamowych za po\u015brednictwem poczty elektronicznej lub sieci spo\u0142eczno\u015bciowych dotycz\u0105cych naszych produkt\u00f3w i \/ lub us\u0142ug zwi\u0105zanych z zakwaterowaniem podczas wakacji oraz innych dzia\u0142a\u0144, kt\u00f3re maj\u0105 by\u0107 prowadzone w tym okresie. Cele analityczne, jako spos\u00f3b na usprawnienie i usprawnienie dzia\u0142ania i us\u0142ug \u015bwiadczonych przez Visitteo, prowadzenie bada\u0144 i ankiet rynkowych.<\/p>\n<h5><strong>Us\u0142ugi statystyczne, analityczne i marketingowe<\/strong><\/h5>\n<p>Korzystamy z us\u0142ug statystycznych, analitycznych i marketingowych stron trzecich. Dzi\u0119ki temu mo\u017cemy zoptymalizowa\u0107 nasz\u0105 stron\u0119 internetow\u0105 i zapewni\u0107, \u017ce jest przyjazna dla u\u017cytkownika. Strony trzecie u\u017cywaj\u0105 plik\u00f3w cookie w celu \u015bwiadczenia swoich us\u0142ug (patrz sekcja \u201ePliki cookie\u201d). O ile poni\u017cej nie wskazano inaczej, Twoje dane nie b\u0119d\u0105 przetwarzane.<\/p>\n<p>Niekt\u00f3re osoby trzecie pozwalaj\u0105 bezpo\u015brednio sprzeciwi\u0107 si\u0119 korzystaniu z danej us\u0142ugi, np. poprzez ustawienie opt-out cookie.<\/p>\n<p>Je\u015bli zdecydujesz si\u0119 to zrobi\u0107, zewn\u0119trzny dostawca nie b\u0119dzie ju\u017c przetwarza\u0142 danych dotycz\u0105cych Twojego zachowania u\u017cytkowania w przysz\u0142o\u015bci. Mo\u017cliwe jest r\u00f3wnie\u017c selektywne zg\u0142aszanie sprzeciwu wobec poszczeg\u00f3lnych us\u0142ug zewn\u0119trznych. W przypadku zmiany przegl\u0105darki lub urz\u0105dzenia ko\u0144cowego lub usuni\u0119cia wszystkich plik\u00f3w cookie nale\u017cy ponownie ustawi\u0107 plik cookie rezygnacji.<\/p>\n<h5><strong>Skontaktuj si\u0119 z nami<\/strong><\/h5>\n<p>Je\u015bli masz jakiekolwiek pytania dotycz\u0105ce niniejszej Polityki prywatno\u015bci, skontaktuj si\u0119 z nami, wysy\u0142aj\u0105c wiadomo\u015b\u0107 e-mail na adres: <a href=\"mailto:info@visitteo.com\" target=\"_blank\" rel=\"noopener noreferrer\">info@visitteo.com<\/a><\/p>\n<p><em>Ostatnia aktualizacja: 26 pa\u017adziernika 2020<\/em><\/p>\n<p>&nbsp;<\/p>\n","protected":false},"excerpt":{"rendered":"<p>Nale\u017cy pami\u0119ta\u0107, \u017ce praktyki Atlas LLC. (\u201eMy\u201d, \u201enasz\u201d lub \u201enas\u201d), dotycz\u0105ce danych osobowych, podlegaj\u0105 niniejszej Polityce prywatno\u015bci, kt\u00f3ra mo\u017ce by\u0107 okresowo zmieniana. Niniejsza Polityka prywatno\u015bci dotyczy danych osobowych gromadzonych przez nas za po\u015brednictwem tej witryny internetowej pod adresem www.visitteo.com (\u201eWitryna\u201d). Niniejsza Polityka prywatno\u015bci opisuje praktyki Visitteo dotycz\u0105ce informacji i danych umo\u017cliwiaj\u0105cych identyfikacj\u0119 (\u201edane osobowe\u201d). Niniejsza [&hellip;]<\/p>\n","protected":false},"author":5,"featured_media":0,"parent":0,"menu_order":100,"comment_status":"closed","ping_status":"closed","template":"","meta":{"_acf_changed":false,"footnotes":""},"class_list":["post-811","page","type-page","status-publish","hentry"],"acf":[],"yoast_head":"<!-- This site is optimized with the Yoast SEO plugin v27.1.1 - https:\/\/yoast.com\/product\/yoast-seo-wordpress\/ -->\n<title>Polityka prywatno\u015bci - Visitteo<\/title>\n<meta name=\"description\" content=\"Niniejsza Polityka prywatno\u015bci opisuje praktyki Visitteo dotycz\u0105ce informacji i danych umo\u017cliwiaj\u0105cych identyfikacj\u0119 (\u201edane osobowe\u201d).\" \/>\n<meta name=\"robots\" content=\"index, follow, max-snippet:-1, max-image-preview:large, max-video-preview:-1\" \/>\n<link rel=\"canonical\" href=\"https:\/\/visitteo.com\/pl\/polityka-prywatnosci\/\" \/>\n<meta property=\"og:locale\" content=\"pl_PL\" \/>\n<meta property=\"og:type\" content=\"article\" \/>\n<meta property=\"og:title\" content=\"Polityka prywatno\u015bci - Visitteo\" \/>\n<meta property=\"og:description\" content=\"Niniejsza Polityka prywatno\u015bci opisuje praktyki Visitteo dotycz\u0105ce informacji i danych umo\u017cliwiaj\u0105cych identyfikacj\u0119 (\u201edane osobowe\u201d).\" \/>\n<meta property=\"og:url\" content=\"https:\/\/visitteo.com\/pl\/polityka-prywatnosci\/\" \/>\n<meta property=\"og:site_name\" content=\"Visitteo\" \/>\n<meta property=\"article:publisher\" content=\"https:\/\/www.facebook.com\/visitteo\/\" \/>\n<meta property=\"article:modified_time\" content=\"2020-12-15T08:47:12+00:00\" \/>\n<meta property=\"og:image\" content=\"https:\/\/visitteo.com\/wp-content\/uploads\/2022\/10\/share-1.jpg\" \/>\n\t<meta property=\"og:image:width\" content=\"1200\" \/>\n\t<meta property=\"og:image:height\" content=\"630\" \/>\n\t<meta property=\"og:image:type\" content=\"image\/jpeg\" \/>\n<meta name=\"twitter:card\" content=\"summary_large_image\" \/>\n<meta name=\"twitter:site\" content=\"@visitteo\" \/>\n<meta name=\"twitter:label1\" content=\"Szacowany czas czytania\" \/>\n\t<meta name=\"twitter:data1\" content=\"8 minut\" \/>\n<script type=\"application\/ld+json\" class=\"yoast-schema-graph\">{\"@context\":\"https:\/\/schema.org\",\"@graph\":[{\"@type\":\"WebPage\",\"@id\":\"https:\/\/visitteo.com\/pl\/polityka-prywatnosci\/\",\"url\":\"https:\/\/visitteo.com\/pl\/polityka-prywatnosci\/\",\"name\":\"Polityka prywatno\u015bci - Visitteo\",\"isPartOf\":{\"@id\":\"https:\/\/visitteo.com\/pl\/#website\"},\"datePublished\":\"2017-04-25T11:00:59+00:00\",\"dateModified\":\"2020-12-15T08:47:12+00:00\",\"description\":\"Niniejsza Polityka prywatno\u015bci opisuje praktyki Visitteo dotycz\u0105ce informacji i danych umo\u017cliwiaj\u0105cych identyfikacj\u0119 (\u201edane osobowe\u201d).\",\"breadcrumb\":{\"@id\":\"https:\/\/visitteo.com\/pl\/polityka-prywatnosci\/#breadcrumb\"},\"inLanguage\":\"pl-PL\",\"potentialAction\":[{\"@type\":\"ReadAction\",\"target\":[\"https:\/\/visitteo.com\/pl\/polityka-prywatnosci\/\"]}]},{\"@type\":\"BreadcrumbList\",\"@id\":\"https:\/\/visitteo.com\/pl\/polityka-prywatnosci\/#breadcrumb\",\"itemListElement\":[{\"@type\":\"ListItem\",\"position\":1,\"name\":\"Homepage\",\"item\":\"https:\/\/visitteo.com\/pl\/\"},{\"@type\":\"ListItem\",\"position\":2,\"name\":\"Polityka prywatno\u015bci\"}]},{\"@type\":\"WebSite\",\"@id\":\"https:\/\/visitteo.com\/pl\/#website\",\"url\":\"https:\/\/visitteo.com\/pl\/\",\"name\":\"Visitteo\",\"description\":\"Visitteo is a metasearch engine for car rental.\",\"publisher\":{\"@id\":\"https:\/\/visitteo.com\/pl\/#organization\"},\"potentialAction\":[{\"@type\":\"SearchAction\",\"target\":{\"@type\":\"EntryPoint\",\"urlTemplate\":\"https:\/\/visitteo.com\/pl\/?s={search_term_string}\"},\"query-input\":{\"@type\":\"PropertyValueSpecification\",\"valueRequired\":true,\"valueName\":\"search_term_string\"}}],\"inLanguage\":\"pl-PL\"},{\"@type\":\"Organization\",\"@id\":\"https:\/\/visitteo.com\/pl\/#organization\",\"name\":\"Visitteo\",\"url\":\"https:\/\/visitteo.com\/pl\/\",\"logo\":{\"@type\":\"ImageObject\",\"inLanguage\":\"pl-PL\",\"@id\":\"https:\/\/visitteo.com\/pl\/#\/schema\/logo\/image\/\",\"url\":\"https:\/\/visitteo.com\/wp-content\/uploads\/2024\/09\/organization_logo.png\",\"contentUrl\":\"https:\/\/visitteo.com\/wp-content\/uploads\/2024\/09\/organization_logo.png\",\"width\":840,\"height\":840,\"caption\":\"Visitteo\"},\"image\":{\"@id\":\"https:\/\/visitteo.com\/pl\/#\/schema\/logo\/image\/\"},\"sameAs\":[\"https:\/\/www.facebook.com\/visitteo\/\",\"https:\/\/x.com\/visitteo\",\"https:\/\/www.instagram.com\/visitteo\/\",\"https:\/\/www.pinterest.com\/visitteo\/pins\/\"]}]}<\/script>\n<!-- \/ Yoast SEO plugin. -->","yoast_head_json":{"title":"Polityka prywatno\u015bci - Visitteo","description":"Niniejsza Polityka prywatno\u015bci opisuje praktyki Visitteo dotycz\u0105ce informacji i danych umo\u017cliwiaj\u0105cych identyfikacj\u0119 (\u201edane osobowe\u201d).","robots":{"index":"index","follow":"follow","max-snippet":"max-snippet:-1","max-image-preview":"max-image-preview:large","max-video-preview":"max-video-preview:-1"},"canonical":"https:\/\/visitteo.com\/pl\/polityka-prywatnosci\/","og_locale":"pl_PL","og_type":"article","og_title":"Polityka prywatno\u015bci - Visitteo","og_description":"Niniejsza Polityka prywatno\u015bci opisuje praktyki Visitteo dotycz\u0105ce informacji i danych umo\u017cliwiaj\u0105cych identyfikacj\u0119 (\u201edane osobowe\u201d).","og_url":"https:\/\/visitteo.com\/pl\/polityka-prywatnosci\/","og_site_name":"Visitteo","article_publisher":"https:\/\/www.facebook.com\/visitteo\/","article_modified_time":"2020-12-15T08:47:12+00:00","og_image":[{"width":1200,"height":630,"url":"https:\/\/visitteo.com\/wp-content\/uploads\/2022\/10\/share-1.jpg","type":"image\/jpeg"}],"twitter_card":"summary_large_image","twitter_site":"@visitteo","twitter_misc":{"Szacowany czas czytania":"8 minut"},"schema":{"@context":"https:\/\/schema.org","@graph":[{"@type":"WebPage","@id":"https:\/\/visitteo.com\/pl\/polityka-prywatnosci\/","url":"https:\/\/visitteo.com\/pl\/polityka-prywatnosci\/","name":"Polityka prywatno\u015bci - Visitteo","isPartOf":{"@id":"https:\/\/visitteo.com\/pl\/#website"},"datePublished":"2017-04-25T11:00:59+00:00","dateModified":"2020-12-15T08:47:12+00:00","description":"Niniejsza Polityka prywatno\u015bci opisuje praktyki Visitteo dotycz\u0105ce informacji i danych umo\u017cliwiaj\u0105cych identyfikacj\u0119 (\u201edane osobowe\u201d).","breadcrumb":{"@id":"https:\/\/visitteo.com\/pl\/polityka-prywatnosci\/#breadcrumb"},"inLanguage":"pl-PL","potentialAction":[{"@type":"ReadAction","target":["https:\/\/visitteo.com\/pl\/polityka-prywatnosci\/"]}]},{"@type":"BreadcrumbList","@id":"https:\/\/visitteo.com\/pl\/polityka-prywatnosci\/#breadcrumb","itemListElement":[{"@type":"ListItem","position":1,"name":"Homepage","item":"https:\/\/visitteo.com\/pl\/"},{"@type":"ListItem","position":2,"name":"Polityka prywatno\u015bci"}]},{"@type":"WebSite","@id":"https:\/\/visitteo.com\/pl\/#website","url":"https:\/\/visitteo.com\/pl\/","name":"Visitteo","description":"Visitteo is a metasearch engine for car rental.","publisher":{"@id":"https:\/\/visitteo.com\/pl\/#organization"},"potentialAction":[{"@type":"SearchAction","target":{"@type":"EntryPoint","urlTemplate":"https:\/\/visitteo.com\/pl\/?s={search_term_string}"},"query-input":{"@type":"PropertyValueSpecification","valueRequired":true,"valueName":"search_term_string"}}],"inLanguage":"pl-PL"},{"@type":"Organization","@id":"https:\/\/visitteo.com\/pl\/#organization","name":"Visitteo","url":"https:\/\/visitteo.com\/pl\/","logo":{"@type":"ImageObject","inLanguage":"pl-PL","@id":"https:\/\/visitteo.com\/pl\/#\/schema\/logo\/image\/","url":"https:\/\/visitteo.com\/wp-content\/uploads\/2024\/09\/organization_logo.png","contentUrl":"https:\/\/visitteo.com\/wp-content\/uploads\/2024\/09\/organization_logo.png","width":840,"height":840,"caption":"Visitteo"},"image":{"@id":"https:\/\/visitteo.com\/pl\/#\/schema\/logo\/image\/"},"sameAs":["https:\/\/www.facebook.com\/visitteo\/","https:\/\/x.com\/visitteo","https:\/\/www.instagram.com\/visitteo\/","https:\/\/www.pinterest.com\/visitteo\/pins\/"]}]}},"_links":{"self":[{"href":"https:\/\/visitteo.com\/pl\/wp-json\/wp\/v2\/pages\/811","targetHints":{"allow":["GET"]}}],"collection":[{"href":"https:\/\/visitteo.com\/pl\/wp-json\/wp\/v2\/pages"}],"about":[{"href":"https:\/\/visitteo.com\/pl\/wp-json\/wp\/v2\/types\/page"}],"author":[{"embeddable":true,"href":"https:\/\/visitteo.com\/pl\/wp-json\/wp\/v2\/users\/5"}],"replies":[{"embeddable":true,"href":"https:\/\/visitteo.com\/pl\/wp-json\/wp\/v2\/comments?post=811"}],"version-history":[{"count":0,"href":"https:\/\/visitteo.com\/pl\/wp-json\/wp\/v2\/pages\/811\/revisions"}],"wp:attachment":[{"href":"https:\/\/visitteo.com\/pl\/wp-json\/wp\/v2\/media?parent=811"}],"curies":[{"name":"wp","href":"https:\/\/api.w.org\/{rel}","templated":true}]}}