{"id":869,"date":"2017-04-25T11:48:54","date_gmt":"2017-04-25T09:48:54","guid":{"rendered":"https:\/\/visitteo.com\/conditions-dutilisation\/"},"modified":"2020-12-18T09:04:54","modified_gmt":"2020-12-18T08:04:54","slug":"warunki-korzystania","status":"publish","type":"page","link":"https:\/\/visitteo.com\/pl\/warunki-korzystania\/","title":{"rendered":"Warunki korzystania"},"content":{"rendered":"<p>Prosimy o uwa\u017cne przeczytanie niniejszych Warunk\u00f3w u\u017cytkowania przed uzyskaniem dost\u0119pu, u\u017cyciem lub uzyskaniem jakichkolwiek materia\u0142\u00f3w, informacji, produkt\u00f3w lub us\u0142ug za po\u015brednictwem tej witryny internetowej. Uzyskuj\u0105c dost\u0119p, wykorzystuj\u0105c lub uzyskuj\u0105c jakiekolwiek tre\u015bci, dane, materia\u0142y, informacje, produkty lub us\u0142ugi za po\u015brednictwem strony internetowej <a href=\"https:\/\/visitteo.com\/pl\/\" target=\"_blank\" rel=\"noopener noreferrer\">www.visitteo.com<\/a> (\u201eUs\u0142uga\u201d), wyra\u017casz zgod\u0119 na przestrzeganie niniejszych warunk\u00f3w (\u201eWarunki\u201d, \u201eWarunki korzystania z us\u0142ugi\u201d) i nasz\u0105 <a href=\"https:\/\/visitteo.com\/pl\/polityka-prywatnosci\/\" target=\"_blank\" rel=\"noopener noreferrer\">Polityk\u0105 prywatno\u015bci<\/a>. Je\u015bli nie akceptujesz wszystkich niniejszych Warunk\u00f3w, nie mo\u017cesz korzysta\u0107 z Us\u0142ug. W niniejszych Warunkach \u201emy\u201d, \u201enas\u201d, \u201enasz\u201d oznacza Atlas, LLC., A \u201ety\u201d lub \u201eTw\u00f3j\u201d odnosi si\u0119 do Ciebie jako u\u017cytkownika Us\u0142ug.<\/p>\n<p>Tw\u00f3j dost\u0119p do Us\u0142ugi i korzystanie z niej jest uwarunkowane akceptacj\u0105 i przestrzeganiem niniejszych Warunk\u00f3w. Niniejsze Warunki maj\u0105 zastosowanie do wszystkich odwiedzaj\u0105cych, u\u017cytkownik\u00f3w i innych os\u00f3b, kt\u00f3re uzyskuj\u0105 dost\u0119p do Us\u0142ugi lub z niej korzystaj\u0105. Niniejsze warunki reguluj\u0105 korzystanie z tej witryny. Korzystaj\u0105c z tej witryny, w pe\u0142ni akceptujesz te warunki. Uzyskuj\u0105c dost\u0119p do Us\u0142ugi lub korzystaj\u0105c z niej, zgadzasz si\u0119 na przestrzeganie niniejszych Warunk\u00f3w.<\/p>\n<p>Je\u015bli nie zgadzasz si\u0119 z jak\u0105kolwiek cz\u0119\u015bci\u0105 warunk\u00f3w, nie mo\u017cesz uzyska\u0107 dost\u0119pu do Us\u0142ugi. Prosimy o uwa\u017cne przeczytanie niniejszych warunk\u00f3w u\u017cytkowania przed u\u017cyciem lub uzyskaniem jakichkolwiek materia\u0142\u00f3w, informacji, produkt\u00f3w lub us\u0142ug za po\u015brednictwem tej strony internetowej. Nale\u017cy r\u00f3wnie\u017c zapozna\u0107 si\u0119 z <a href=\"https:\/\/visitteo.com\/pl\/polityka-prywatnosci\/\" target=\"_blank\" rel=\"noopener noreferrer\">Polityk\u0105 prywatno\u015bci<\/a> Visitteo, kt\u00f3ra jest w\u0142\u0105czona przez odniesienie do niniejszej Umowy i jest dost\u0119pna w Us\u0142udze. Je\u015bli nie akceptujesz i nie zgadzasz si\u0119 na przestrzeganie wszystkich warunk\u00f3w niniejszej Umowy, w tym <a href=\"https:\/\/visitteo.com\/pl\/polityka-prywatnosci\/\" target=\"_blank\" rel=\"noopener noreferrer\">Polityki prywatno\u015bci<\/a> Visitteo, nie korzystaj z Us\u0142ugi.<\/p>\n<h5><strong>Dopuszczalne u\u017cycie<\/strong><\/h5>\n<p>O ile nie okre\u015blono inaczej, Visitteo jest w\u0142a\u015bcicielem praw w\u0142asno\u015bci intelektualnej do strony internetowej i materia\u0142\u00f3w na niej zawartych. Wszystkie te prawa w\u0142asno\u015bci intelektualnej s\u0105 zastrze\u017cone. Mo\u017cesz przegl\u0105da\u0107, pobiera\u0107 tylko w celu buforowania i drukowa\u0107 strony lub inne tre\u015bci ze strony internetowej do w\u0142asnego u\u017cytku osobistego, z zastrze\u017ceniem ogranicze\u0144 okre\u015blonych poni\u017cej i w innych miejscach w niniejszych warunkach.<\/p>\n<p>Ponadto zgadzasz si\u0119, \u017ce nie mo\u017cesz:<\/p>\n<ul>\n<li>Korzystaj z tej witryny w jakikolwiek spos\u00f3b, kt\u00f3ry powoduje lub mo\u017ce spowodowa\u0107 uszkodzenie witryny lub utrudnienie dost\u0119pno\u015bci lub dost\u0119pno\u015bci strony internetowej lub w jakikolwiek spos\u00f3b, kt\u00f3ry jest niezgodny z prawem, nielegalny, oszuka\u0144czy lub szkodliwy, lub w zwi\u0105zku z jakimkolwiek bezprawnym, nielegalnym oszuka\u0144czy lub szkodliwy cel lub dzia\u0142anie.<\/li>\n<li>Korzystaj z tej witryny internetowej, aby kopiowa\u0107, przechowywa\u0107, hostowa\u0107, przesy\u0142a\u0107, wysy\u0142a\u0107, u\u017cywa\u0107, publikowa\u0107 lub rozpowszechnia\u0107 dowolne materia\u0142y, kt\u00f3re sk\u0142adaj\u0105 si\u0119 (lub s\u0105 powi\u0105zane) z jakimkolwiek oprogramowaniem szpieguj\u0105cym, wirusem komputerowym. Ko\u0144 troja\u0144ski, robak, program rejestruj\u0105cy naci\u015bni\u0119cia klawiszy lub inne z\u0142o\u015bliwe oprogramowanie komputerowe.<\/li>\n<li>Prowadzenie jakichkolwiek systematycznych lub zautomatyzowanych dzia\u0142a\u0144 w zakresie gromadzenia danych (w tym mi\u0119dzy innymi skrobania, eksploracji danych, ekstrakcji danych i gromadzenia danych) w tej witrynie lub w zwi\u0105zku z ni\u0105 bez wyra\u017anej pisemnej zgody Visiteeo.<\/li>\n<li>U\u017cywaj dowolnego urz\u0105dzenia, oprogramowania lub procedury, kt\u00f3re zak\u0142\u00f3caj\u0105 lub pr\u00f3buj\u0105 zak\u0142\u00f3ca\u0107 normalne dzia\u0142anie naszej strony internetowej lub podejmuj jakiekolwiek dzia\u0142ania, kt\u00f3re powoduj\u0105 nieuzasadnione obci\u0105\u017cenie naszego komputera lub sprz\u0119tu sieciowego.<\/li>\n<li>Korzystaj z tej witryny do jakichkolwiek cel\u00f3w zwi\u0105zanych z marketingiem bez wyra\u017anej pisemnej zgody Visiteeo.<\/li>\n<li>U\u017cyj tej strony internetowej do przesy\u0142ania lub wysy\u0142ania niezam\u00f3wionych informacji handlowych.<\/li>\n<li>Publikuj lub rozpowszechniaj w naszej witrynie wszelkie materia\u0142y, kt\u00f3re naruszaj\u0105 prawa os\u00f3b trzecich.<\/li>\n<li>Opublikuj ponownie materia\u0142 z tej witryny (w tym opublikuj ponownie w innej witrynie).<\/li>\n<li>Reprodukuj, powielaj, kopiuj lub w inny spos\u00f3b wykorzystuj materia\u0142y z tej witryny w celach komercyjnych.<\/li>\n<li>Sprzedawaj, wypo\u017cyczaj lub sublicencjonuj materia\u0142y ze strony internetowej.<\/li>\n<li>Poka\u017c wszystkie materia\u0142y ze strony internetowej publicznie.<\/li>\n<li>Edytowa\u0107 lub w inny spos\u00f3b modyfikowa\u0107 dowolne materia\u0142y na stronie internetowej.<\/li>\n<li>Rozpowszechniaj materia\u0142y z tej witryny.<\/li>\n<li>Skorzystaj z naszej strony internetowej, aby zbiera\u0107 lub przechowywa\u0107 dane osobowe innych os\u00f3b.<\/li>\n<\/ul>\n<h5><strong>Linki do innych stron internetowych<\/strong><\/h5>\n<p>Nasza us\u0142uga mo\u017ce zawiera\u0107 linki do stron internetowych lub us\u0142ug stron trzecich, kt\u00f3re nie s\u0105 w\u0142asno\u015bci\u0105 Visitteo ani nie s\u0105 przez ni\u0105 kontrolowane. Zgadzasz si\u0119, \u017ce Visitteo nie ponosi odpowiedzialno\u015bci za dok\u0142adno\u015b\u0107 ani kompletno\u015b\u0107 informacji, kt\u00f3re mo\u017ce otrzymywa\u0107 z tych innych witryn internetowych. Korzystanie z innych witryn internetowych dost\u0119pnych za po\u015brednictwem naszej witryny odbywa si\u0119 na w\u0142asne ryzyko. Visitteo nie ma kontroli i nie przyjmuje \u017cadnej odpowiedzialno\u015bci za zawarto\u015b\u0107, polityk\u0119 prywatno\u015bci lub praktyki jakichkolwiek witryn internetowych lub us\u0142ug stron trzecich. Ponadto potwierdzasz i zgadzasz si\u0119, \u017ce Visitteo nie ponosi odpowiedzialno\u015bci, bezpo\u015brednio lub po\u015brednio, za jakiekolwiek szkody lub straty, rzekomo spowodowane przez, w zwi\u0105zku z korzystaniem z takich tre\u015bci, towar\u00f3w lub us\u0142ug dost\u0119pnych na lub za po\u015brednictwem takich witryn lub us\u0142ug.<\/p>\n<p>Zdecydowanie zalecamy zapoznanie si\u0119 z warunkami i polityk\u0105 prywatno\u015bci wszelkich odwiedzanych witryn internetowych lub us\u0142ug stron trzecich.<\/p>\n<h5><strong>Zastrze\u017cenia<\/strong><\/h5>\n<p>Informacje zawarte na tej stronie s\u0142u\u017c\u0105 wy\u0142\u0105cznie celom informacyjnym. Informacje s\u0105 dostarczane przez Visitteo i chocia\u017c staramy si\u0119, aby informacje by\u0142y aktualne i poprawne, nie sk\u0142adamy \u017cadnych o\u015bwiadcze\u0144 ani gwarancji, wyra\u017anych ani dorozumianych, co do kompletno\u015bci, dok\u0142adno\u015bci, rzetelno\u015bci, przydatno\u015bci lub dost\u0119pno\u015bci w odniesieniu do witryna internetowa lub informacje, produkty, us\u0142ugi lub powi\u0105zane grafiki zawarte w witrynie w jakimkolwiek celu. Dlatego polegasz na takich informacjach wy\u0142\u0105cznie na w\u0142asne ryzyko.<\/p>\n<p>W \u017cadnym wypadku nie b\u0119dziemy odpowiedzialni za jakiekolwiek straty, szkody, obra\u017cenia cia\u0142a lub \u015bmier\u0107, w tym mi\u0119dzy innymi straty lub szkody po\u015brednie lub nast\u0119pcze, ani jakiekolwiek straty lub szkody w jakikolwiek spos\u00f3b wynikaj\u0105ce z utraty danych lub zysk\u00f3w wynikaj\u0105cych z lub w zwi\u0105zku z korzystaniem z tej witryny. Za po\u015brednictwem tej witryny internetowej mo\u017cesz \u0142\u0105czy\u0107 si\u0119 z innymi witrynami internetowymi, kt\u00f3re nie s\u0105 kontrolowane przez Visitteo.<\/p>\n<p>Nie mamy \u017cadnej kontroli nad charakterem, zawarto\u015bci\u0105 i dost\u0119pno\u015bci\u0105 tych witryn. Visitteo nie ponosi odpowiedzialno\u015bci za reklamy stron trzecich, kt\u00f3re s\u0105 publikowane w Us\u0142ugach, za ich po\u015brednictwem lub w zwi\u0105zku z nimi, ani nie przyjmuje \u017cadnej odpowiedzialno\u015bci za towary lub us\u0142ugi dostarczane przez te strony trzecie. W\u0142\u0105czenie jakichkolwiek link\u00f3w niekoniecznie oznacza zalecenie lub poparcie wyra\u017conych w nich opinii. Dok\u0142adamy wszelkich stara\u0144, aby strona internetowa dzia\u0142a\u0142a sprawnie. Jednak Visitteo nie ponosi odpowiedzialno\u015bci za tymczasow\u0105 niedost\u0119pno\u015b\u0107 witryny internetowej z powodu problem\u00f3w technicznych, na kt\u00f3re nie mamy wp\u0142ywu, i nie b\u0119dzie za nie odpowiada\u0107.<\/p>\n<h5><strong>Ograniczenie odpowiedzialno\u015bci<\/strong><\/h5>\n<p>Korzystanie z jakichkolwiek informacji lub materia\u0142\u00f3w w tej witrynie odbywa si\u0119 wy\u0142\u0105cznie na w\u0142asne ryzyko, za kt\u00f3re nie ponosimy odpowiedzialno\u015bci. Twoim obowi\u0105zkiem jest upewnienie si\u0119, \u017ce wszelkie produkty, us\u0142ugi lub informacje dost\u0119pne za po\u015brednictwem tej witryny internetowej spe\u0142niaj\u0105 okre\u015blone wymagania.<\/p>\n<p>Ponadto Visitteo nie ponosi odpowiedzialno\u015bci za:<\/p>\n<ul>\n<li>Korzystanie z jakichkolwiek informacji lub materia\u0142\u00f3w w tej witrynie odbywa si\u0119 wy\u0142\u0105cznie na w\u0142asne ryzyko, za kt\u00f3re nie ponosimy odpowiedzialno\u015bci. Twoim obowi\u0105zkiem jest upewnienie si\u0119, \u017ce wszelkie produkty, us\u0142ugi lub informacje dost\u0119pne za po\u015brednictwem tej witryny internetowej spe\u0142niaj\u0105 okre\u015blone wymagania.<\/li>\n<li>U\u017cytkownik lub osoba trzecia za jakiekolwiek szkody po\u015brednie, wynikowe, przyk\u0142adowe, przypadkowe, specjalne lub karne, w tym mi\u0119dzy innymi za utracone korzy\u015bci wynikaj\u0105ce z korzystania z us\u0142ug.<\/li>\n<li>Wszelkie uszkodzenia lub wirusy, kt\u00f3re mog\u0105 zainfekowa\u0107 sprz\u0119t komputerowy lub inn\u0105 w\u0142asno\u015b\u0107 w wyniku dost\u0119pu do Us\u0142ugi.<\/li>\n<li>Za jakiekolwiek obra\u017cenia, \u015bmier\u0107, straty, roszczenia, dzia\u0142anie si\u0142y wy\u017cszej, wypadek, op\u00f3\u017anienie lub jakiekolwiek szkody bezpo\u015brednie, specjalne, wzorowe, karne, po\u015brednie, przypadkowe lub wynikowe. W tym mi\u0119dzy innymi utracone zyski lub utracone oszcz\u0119dno\u015bci.<\/li>\n<li>Realizacja zakwaterowania zarezerwowanego za po\u015brednictwem dowolnej strony internetowej osoby trzeciej, do kt\u00f3rej odwo\u0142uje si\u0119 Visitteo. Prosimy o zapoznanie si\u0119 z warunkami dostawcy w momencie rezerwacji.<\/li>\n<li>Tre\u015bci publikowane na stronach internetowych os\u00f3b trzecich, do kt\u00f3rych prowadz\u0105 linki z Visitteo.<\/li>\n<li>Wykonanie lub niewykonanie przez nas lub dowolnego dostawc\u0119.<\/li>\n<\/ul>\n<h5><strong>W\u0142asno\u015b\u0107 intelektualna<\/strong><\/h5>\n<p>Us\u0142uga oraz jej oryginalna zawarto\u015b\u0107, funkcje i funkcjonalno\u015b\u0107 s\u0105 i pozostan\u0105 wy\u0142\u0105czn\u0105 w\u0142asno\u015bci\u0105 Atlas, LLC i jej licencjodawc\u00f3w. Us\u0142uga jest chroniona prawem autorskim, prawem do znak\u00f3w towarowych i innymi prawami obowi\u0105zuj\u0105cymi w Europie i innych krajach. Nasze znaki towarowe i szata graficzna nie mog\u0105 by\u0107 u\u017cywane w zwi\u0105zku z jakimkolwiek produktem lub us\u0142ug\u0105 bez uprzedniej pisemnej zgody Atlas, LLC.<\/p>\n<h5><strong>Twoja prywatno\u015b\u0107<\/strong><\/h5>\n<p>Korzystanie z naszej strony internetowej podlega naszej <a href=\"https:\/\/visitteo.com\/pl\/polityka-prywatnosci\/\" target=\"_blank\" rel=\"noopener noreferrer\">Polityce prywatno\u015bci<\/a>, kt\u00f3ra jest w\u0142\u0105czona do niniejszej Umowy przez to odniesienie. Korzystaj\u0105c z naszej strony internetowej, wyra\u017casz zgod\u0119 na wykorzystanie Twoich informacji zgodnie z nasz\u0105 <a href=\"https:\/\/visitteo.com\/pl\/polityka-prywatnosci\/\" target=\"_blank\" rel=\"noopener noreferrer\">Polityk\u0105 prywatno\u015bci<\/a>.<\/p>\n<h5><strong>Zmiany<\/strong><\/h5>\n<p>Zastrzegamy sobie prawo do zmiany lub zast\u0105pienia niniejszych Warunk\u00f3w w dowolnym momencie. Kiedy opublikujemy zmiany w niniejszych Warunkach u\u017cytkowania, zmienimy dat\u0119 \u201eostatniej aktualizacji\u201d na dole niniejszych Warunk\u00f3w u\u017cytkowania. Kontynuuj\u0105c dost\u0119p do naszej Us\u0142ugi lub korzystanie z niej po wej\u015bciu w \u017cycie tych zmian, zgadzasz si\u0119 na przestrzeganie zmienionych warunk\u00f3w. Je\u015bli nie zgadzasz si\u0119 z nowymi warunkami, zaprzesta\u0144 korzystania z Us\u0142ugi.<\/p>\n<h5><strong>Skontaktuj si\u0119 z nami<\/strong><\/h5>\n<p>Je\u015bli masz jakiekolwiek pytania dotycz\u0105ce niniejszych Warunk\u00f3w u\u017cytkowania, skontaktuj si\u0119 z nami, wysy\u0142aj\u0105c wiadomo\u015b\u0107 e-mail na adres: <a href=\"mailto:info@visitteo.com\" target=\"_blank\" rel=\"noopener noreferrer\">info@visitteo.com<\/a><\/p>\n<p><em>Ostatnia aktualizacja: 25 pa\u017adziernika 2020\u00a0<\/em><\/p>\n<p>&nbsp;<\/p>\n","protected":false},"excerpt":{"rendered":"<p>Prosimy o uwa\u017cne przeczytanie niniejszych Warunk\u00f3w u\u017cytkowania przed uzyskaniem dost\u0119pu, u\u017cyciem lub uzyskaniem jakichkolwiek materia\u0142\u00f3w, informacji, produkt\u00f3w lub us\u0142ug za po\u015brednictwem tej witryny internetowej. Uzyskuj\u0105c dost\u0119p, wykorzystuj\u0105c lub uzyskuj\u0105c jakiekolwiek tre\u015bci, dane, materia\u0142y, informacje, produkty lub us\u0142ugi za po\u015brednictwem strony internetowej www.visitteo.com (\u201eUs\u0142uga\u201d), wyra\u017casz zgod\u0119 na przestrzeganie niniejszych warunk\u00f3w (\u201eWarunki\u201d, \u201eWarunki korzystania z us\u0142ugi\u201d) i [&hellip;]<\/p>\n","protected":false},"author":5,"featured_media":0,"parent":0,"menu_order":101,"comment_status":"closed","ping_status":"closed","template":"","meta":{"_acf_changed":false,"footnotes":""},"class_list":["post-869","page","type-page","status-publish","hentry"],"acf":[],"yoast_head":"<!-- This site is optimized with the Yoast SEO plugin v27.3 - https:\/\/yoast.com\/product\/yoast-seo-wordpress\/ -->\n<title>Warunki korzystania - Visitteo<\/title>\n<meta name=\"description\" content=\"Prosimy o uwa\u017cne przeczytanie niniejszych Warunk\u00f3w u\u017cytkowania (\u201eWarunki\u201d, \u201eWarunki \u015bwiadczenia us\u0142ug\u201d) przed rozpocz\u0119ciem korzystania z witryny www.visitteo.com (\u201eUs\u0142uga\u201d).\" \/>\n<meta name=\"robots\" content=\"index, follow, max-snippet:-1, max-image-preview:large, max-video-preview:-1\" \/>\n<link rel=\"canonical\" href=\"https:\/\/visitteo.com\/pl\/warunki-korzystania\/\" \/>\n<meta property=\"og:locale\" content=\"pl_PL\" \/>\n<meta property=\"og:type\" content=\"article\" \/>\n<meta property=\"og:title\" content=\"Warunki korzystania - Visitteo\" \/>\n<meta property=\"og:description\" content=\"Prosimy o uwa\u017cne przeczytanie niniejszych Warunk\u00f3w u\u017cytkowania (\u201eWarunki\u201d, \u201eWarunki \u015bwiadczenia us\u0142ug\u201d) przed rozpocz\u0119ciem korzystania z witryny www.visitteo.com (\u201eUs\u0142uga\u201d).\" \/>\n<meta property=\"og:url\" content=\"https:\/\/visitteo.com\/pl\/warunki-korzystania\/\" \/>\n<meta property=\"og:site_name\" content=\"Visitteo\" \/>\n<meta property=\"article:publisher\" content=\"https:\/\/www.facebook.com\/visitteo\/\" \/>\n<meta property=\"article:modified_time\" content=\"2020-12-18T08:04:54+00:00\" \/>\n<meta property=\"og:image\" content=\"https:\/\/visitteo.com\/wp-content\/uploads\/2022\/10\/share-1.jpg\" \/>\n\t<meta property=\"og:image:width\" content=\"1200\" \/>\n\t<meta property=\"og:image:height\" content=\"630\" \/>\n\t<meta property=\"og:image:type\" content=\"image\/jpeg\" \/>\n<meta name=\"twitter:card\" content=\"summary_large_image\" \/>\n<meta name=\"twitter:site\" content=\"@visitteo\" \/>\n<meta name=\"twitter:label1\" content=\"Szacowany czas czytania\" \/>\n\t<meta name=\"twitter:data1\" content=\"8 minut\" \/>\n<script type=\"application\/ld+json\" class=\"yoast-schema-graph\">{\"@context\":\"https:\\\/\\\/schema.org\",\"@graph\":[{\"@type\":\"WebPage\",\"@id\":\"https:\\\/\\\/visitteo.com\\\/pl\\\/warunki-korzystania\\\/\",\"url\":\"https:\\\/\\\/visitteo.com\\\/pl\\\/warunki-korzystania\\\/\",\"name\":\"Warunki korzystania - Visitteo\",\"isPartOf\":{\"@id\":\"https:\\\/\\\/visitteo.com\\\/pl\\\/#website\"},\"datePublished\":\"2017-04-25T09:48:54+00:00\",\"dateModified\":\"2020-12-18T08:04:54+00:00\",\"description\":\"Prosimy o uwa\u017cne przeczytanie niniejszych Warunk\u00f3w u\u017cytkowania (\u201eWarunki\u201d, \u201eWarunki \u015bwiadczenia us\u0142ug\u201d) przed rozpocz\u0119ciem korzystania z witryny www.visitteo.com (\u201eUs\u0142uga\u201d).\",\"breadcrumb\":{\"@id\":\"https:\\\/\\\/visitteo.com\\\/pl\\\/warunki-korzystania\\\/#breadcrumb\"},\"inLanguage\":\"pl-PL\",\"potentialAction\":[{\"@type\":\"ReadAction\",\"target\":[\"https:\\\/\\\/visitteo.com\\\/pl\\\/warunki-korzystania\\\/\"]}]},{\"@type\":\"BreadcrumbList\",\"@id\":\"https:\\\/\\\/visitteo.com\\\/pl\\\/warunki-korzystania\\\/#breadcrumb\",\"itemListElement\":[{\"@type\":\"ListItem\",\"position\":1,\"name\":\"Homepage\",\"item\":\"https:\\\/\\\/visitteo.com\\\/pl\\\/\"},{\"@type\":\"ListItem\",\"position\":2,\"name\":\"Warunki korzystania\"}]},{\"@type\":\"WebSite\",\"@id\":\"https:\\\/\\\/visitteo.com\\\/pl\\\/#website\",\"url\":\"https:\\\/\\\/visitteo.com\\\/pl\\\/\",\"name\":\"Visitteo\",\"description\":\"Visitteo is a metasearch engine for car rental.\",\"publisher\":{\"@id\":\"https:\\\/\\\/visitteo.com\\\/pl\\\/#organization\"},\"potentialAction\":[{\"@type\":\"SearchAction\",\"target\":{\"@type\":\"EntryPoint\",\"urlTemplate\":\"https:\\\/\\\/visitteo.com\\\/pl\\\/?s={search_term_string}\"},\"query-input\":{\"@type\":\"PropertyValueSpecification\",\"valueRequired\":true,\"valueName\":\"search_term_string\"}}],\"inLanguage\":\"pl-PL\"},{\"@type\":\"Organization\",\"@id\":\"https:\\\/\\\/visitteo.com\\\/pl\\\/#organization\",\"name\":\"Visitteo\",\"url\":\"https:\\\/\\\/visitteo.com\\\/pl\\\/\",\"logo\":{\"@type\":\"ImageObject\",\"inLanguage\":\"pl-PL\",\"@id\":\"https:\\\/\\\/visitteo.com\\\/pl\\\/#\\\/schema\\\/logo\\\/image\\\/\",\"url\":\"https:\\\/\\\/visitteo.com\\\/wp-content\\\/uploads\\\/2024\\\/09\\\/organization_logo.png\",\"contentUrl\":\"https:\\\/\\\/visitteo.com\\\/wp-content\\\/uploads\\\/2024\\\/09\\\/organization_logo.png\",\"width\":840,\"height\":840,\"caption\":\"Visitteo\"},\"image\":{\"@id\":\"https:\\\/\\\/visitteo.com\\\/pl\\\/#\\\/schema\\\/logo\\\/image\\\/\"},\"sameAs\":[\"https:\\\/\\\/www.facebook.com\\\/visitteo\\\/\",\"https:\\\/\\\/x.com\\\/visitteo\",\"https:\\\/\\\/www.instagram.com\\\/visitteo\\\/\",\"https:\\\/\\\/www.pinterest.com\\\/visitteo\\\/pins\\\/\"]}]}<\/script>\n<!-- \/ Yoast SEO plugin. -->","yoast_head_json":{"title":"Warunki korzystania - Visitteo","description":"Prosimy o uwa\u017cne przeczytanie niniejszych Warunk\u00f3w u\u017cytkowania (\u201eWarunki\u201d, \u201eWarunki \u015bwiadczenia us\u0142ug\u201d) przed rozpocz\u0119ciem korzystania z witryny www.visitteo.com (\u201eUs\u0142uga\u201d).","robots":{"index":"index","follow":"follow","max-snippet":"max-snippet:-1","max-image-preview":"max-image-preview:large","max-video-preview":"max-video-preview:-1"},"canonical":"https:\/\/visitteo.com\/pl\/warunki-korzystania\/","og_locale":"pl_PL","og_type":"article","og_title":"Warunki korzystania - Visitteo","og_description":"Prosimy o uwa\u017cne przeczytanie niniejszych Warunk\u00f3w u\u017cytkowania (\u201eWarunki\u201d, \u201eWarunki \u015bwiadczenia us\u0142ug\u201d) przed rozpocz\u0119ciem korzystania z witryny www.visitteo.com (\u201eUs\u0142uga\u201d).","og_url":"https:\/\/visitteo.com\/pl\/warunki-korzystania\/","og_site_name":"Visitteo","article_publisher":"https:\/\/www.facebook.com\/visitteo\/","article_modified_time":"2020-12-18T08:04:54+00:00","og_image":[{"width":1200,"height":630,"url":"https:\/\/visitteo.com\/wp-content\/uploads\/2022\/10\/share-1.jpg","type":"image\/jpeg"}],"twitter_card":"summary_large_image","twitter_site":"@visitteo","twitter_misc":{"Szacowany czas czytania":"8 minut"},"schema":{"@context":"https:\/\/schema.org","@graph":[{"@type":"WebPage","@id":"https:\/\/visitteo.com\/pl\/warunki-korzystania\/","url":"https:\/\/visitteo.com\/pl\/warunki-korzystania\/","name":"Warunki korzystania - Visitteo","isPartOf":{"@id":"https:\/\/visitteo.com\/pl\/#website"},"datePublished":"2017-04-25T09:48:54+00:00","dateModified":"2020-12-18T08:04:54+00:00","description":"Prosimy o uwa\u017cne przeczytanie niniejszych Warunk\u00f3w u\u017cytkowania (\u201eWarunki\u201d, \u201eWarunki \u015bwiadczenia us\u0142ug\u201d) przed rozpocz\u0119ciem korzystania z witryny www.visitteo.com (\u201eUs\u0142uga\u201d).","breadcrumb":{"@id":"https:\/\/visitteo.com\/pl\/warunki-korzystania\/#breadcrumb"},"inLanguage":"pl-PL","potentialAction":[{"@type":"ReadAction","target":["https:\/\/visitteo.com\/pl\/warunki-korzystania\/"]}]},{"@type":"BreadcrumbList","@id":"https:\/\/visitteo.com\/pl\/warunki-korzystania\/#breadcrumb","itemListElement":[{"@type":"ListItem","position":1,"name":"Homepage","item":"https:\/\/visitteo.com\/pl\/"},{"@type":"ListItem","position":2,"name":"Warunki korzystania"}]},{"@type":"WebSite","@id":"https:\/\/visitteo.com\/pl\/#website","url":"https:\/\/visitteo.com\/pl\/","name":"Visitteo","description":"Visitteo is a metasearch engine for car rental.","publisher":{"@id":"https:\/\/visitteo.com\/pl\/#organization"},"potentialAction":[{"@type":"SearchAction","target":{"@type":"EntryPoint","urlTemplate":"https:\/\/visitteo.com\/pl\/?s={search_term_string}"},"query-input":{"@type":"PropertyValueSpecification","valueRequired":true,"valueName":"search_term_string"}}],"inLanguage":"pl-PL"},{"@type":"Organization","@id":"https:\/\/visitteo.com\/pl\/#organization","name":"Visitteo","url":"https:\/\/visitteo.com\/pl\/","logo":{"@type":"ImageObject","inLanguage":"pl-PL","@id":"https:\/\/visitteo.com\/pl\/#\/schema\/logo\/image\/","url":"https:\/\/visitteo.com\/wp-content\/uploads\/2024\/09\/organization_logo.png","contentUrl":"https:\/\/visitteo.com\/wp-content\/uploads\/2024\/09\/organization_logo.png","width":840,"height":840,"caption":"Visitteo"},"image":{"@id":"https:\/\/visitteo.com\/pl\/#\/schema\/logo\/image\/"},"sameAs":["https:\/\/www.facebook.com\/visitteo\/","https:\/\/x.com\/visitteo","https:\/\/www.instagram.com\/visitteo\/","https:\/\/www.pinterest.com\/visitteo\/pins\/"]}]}},"_links":{"self":[{"href":"https:\/\/visitteo.com\/pl\/wp-json\/wp\/v2\/pages\/869","targetHints":{"allow":["GET"]}}],"collection":[{"href":"https:\/\/visitteo.com\/pl\/wp-json\/wp\/v2\/pages"}],"about":[{"href":"https:\/\/visitteo.com\/pl\/wp-json\/wp\/v2\/types\/page"}],"author":[{"embeddable":true,"href":"https:\/\/visitteo.com\/pl\/wp-json\/wp\/v2\/users\/5"}],"replies":[{"embeddable":true,"href":"https:\/\/visitteo.com\/pl\/wp-json\/wp\/v2\/comments?post=869"}],"version-history":[{"count":0,"href":"https:\/\/visitteo.com\/pl\/wp-json\/wp\/v2\/pages\/869\/revisions"}],"wp:attachment":[{"href":"https:\/\/visitteo.com\/pl\/wp-json\/wp\/v2\/media?parent=869"}],"curies":[{"name":"wp","href":"https:\/\/api.w.org\/{rel}","templated":true}]}}