{"id":5165,"date":"2020-10-20T12:48:03","date_gmt":"2020-10-20T10:48:03","guid":{"rendered":"https:\/\/visitteo.com\/cookies\/"},"modified":"2021-01-05T09:21:35","modified_gmt":"2021-01-05T08:21:35","slug":"cookies","status":"publish","type":"page","link":"https:\/\/visitteo.com\/sk\/cookies\/","title":{"rendered":"Cookies"},"content":{"rendered":"<p>Atlas LLC. (\u201eMy\u201c, \u201en\u00e1\u0161\u201c alebo \u201en\u00e1s\u201c) pou\u017e\u00edva s\u00fabory cookie na webov\u00fdch str\u00e1nkach <a href=\"https:\/\/visitteo.com\/sk\/\" target=\"_blank\" rel=\"noopener noreferrer\">www.visitteo.com<\/a> (\u010falej len \u201eslu\u017eba\u201c). Pou\u017e\u00edvan\u00edm Slu\u017eby vyjadrujete s\u00fahlas s pou\u017e\u00edvan\u00edm s\u00faborov cookie.<\/p>\n<p>Tak ako takmer ka\u017ed\u00e1 webov\u00e1 str\u00e1nka, aj tu pou\u017e\u00edvame s\u00fabory cookie. Chceme zabezpe\u010di\u0165, aby va\u0161a n\u00e1v\u0161teva na\u0161ej webovej str\u00e1nky bola plynul\u00e1, spo\u013eahliv\u00e1 a pre v\u00e1s \u010do naju\u017eito\u010dnej\u0161ia. O prvej n\u00e1v\u0161teve na\u0161ich webov\u00fdch str\u00e1nok v\u00e1s informujeme prostredn\u00edctvom n\u00e1\u0161ho pou\u017e\u00edvania s\u00faborov cookie prostredn\u00edctvom oznamovacieho pruhu v dolnej \u010dasti str\u00e1nky. Na\u0161e z\u00e1sady pou\u017e\u00edvania s\u00faborov cookie vysvet\u013euj\u00fa, \u010do s\u00fa s\u00fabory cookie, ako pou\u017e\u00edvame s\u00fabory cookie, ako m\u00f4\u017eu tretie strany, s ktor\u00fdmi m\u00f4\u017eeme spolupracova\u0165, pou\u017e\u00edva\u0165 s\u00fabory cookie v slu\u017ebe, va\u0161e vo\u013eby t\u00fdkaj\u00face sa s\u00faborov cookie a \u010fal\u0161ie inform\u00e1cie o s\u00faboroch cookie. \u010eal\u0161\u00edm pou\u017e\u00edvan\u00edm webov\u00fdch str\u00e1nok vyjadrujete s\u00fahlas s pou\u017e\u00edvan\u00edm s\u00faborov cookie.<\/p>\n<h5><strong>\u010co s\u00fa s\u00fabory cookie?<\/strong><\/h5>\n<p>Cookie je mal\u00fd, jedine\u010dn\u00fd textov\u00fd s\u00fabor, ktor\u00fd webov\u00e1 str\u00e1nka m\u00f4\u017ee posla\u0165 do v\u00e1\u0161ho po\u010d\u00edta\u010da pri jej n\u00e1v\u0161teve. V\u00e4\u010d\u0161ina webov\u00fdch preh\u013ead\u00e1va\u010dov v\u00e1s m\u00f4\u017ee upozorni\u0165 na pou\u017eitie s\u00faborov cookie alebo m\u00f4\u017ee cookies \u00faplne odmietnu\u0165. Ak si ne\u017eel\u00e1te, aby sme do v\u00e1\u0161ho prehliada\u010da nasadili s\u00fabory cookie, m\u00f4\u017eete svoj prehliada\u010d nastavi\u0165 tak, aby s\u00fabory cookie odmietal alebo v\u00e1s upozor\u0148oval, ke\u010f sa webov\u00e1 str\u00e1nka pok\u00fasi vlo\u017ei\u0165 s\u00fabor cookie do v\u00e1\u0161ho po\u010d\u00edta\u010da. Odmietnutie s\u00faborov cookie m\u00f4\u017ee ma\u0165 vplyv na va\u0161u schopnos\u0165 pou\u017e\u00edva\u0165 webov\u00fa str\u00e1nku. Uklad\u00e1 ich v\u00e1\u0161 internetov\u00fd prehliada\u010d. S\u00fabory cookie obsahuj\u00fa z\u00e1kladn\u00e9 inform\u00e1cie o va\u0161om pou\u017e\u00edvan\u00ed internetu, ale zvy\u010dajne v\u00e1s osobne neidentifikuj\u00fa. Prehliada\u010d odo\u0161le tieto s\u00fabory cookie sp\u00e4\u0165 na webov\u00fa str\u00e1nku zaka\u017ed\u00fdm, ke\u010f sa k nej znova vr\u00e1tite, aby rozpoznal v\u00e1\u0161 po\u010d\u00edta\u010d alebo mobiln\u00e9 zariadenie a prisp\u00f4sobil a vylep\u0161il va\u0161u webov\u00fa str\u00e1nku.<\/p>\n<h5><strong>Ako Visitteo pou\u017e\u00edva cookies?<\/strong><\/h5>\n<p>Inform\u00e1cie zhroma\u017eden\u00e9 z s\u00faborov cookie pou\u017e\u00edvame na to, aby sme v\u00e1m pomohli vylep\u0161i\u0165 dojem z na\u0161ej webovej str\u00e1nky, zabezpe\u010dili ju a prisp\u00f4sobili obsah a reklamu. Pom\u00e1haj\u00fa n\u00e1m napr\u00edklad ur\u010di\u0165 a prisp\u00f4sobi\u0165 v\u00e1m prostredie alebo ur\u010di\u0165 najrelevantnej\u0161ie s\u00favisiace produkty, ktor\u00e9 v\u00e1m zobraz\u00edme pri prehliadan\u00ed.<\/p>\n<p>Po\u010das v\u00e1\u0161ho prehliadania m\u00f4\u017eeme automaticky zhroma\u017e\u010fova\u0165 inform\u00e1cie, ako napr\u00edklad poskytovate\u013e internetov\u00fdch slu\u017eieb, typ a verzia preh\u013ead\u00e1va\u010da, opera\u010dn\u00fd syst\u00e9m a typ zariadenia, priemern\u00fd \u010das str\u00e1ven\u00fd na na\u0161om webe, zobrazen\u00e9 str\u00e1nky, pr\u00edstup k inform\u00e1ci\u00e1m. Tak\u00e9to inform\u00e1cie sa niekedy ozna\u010duj\u00fa ako webov\u00e1 anal\u00fdza alebo \u00fadaje o kliknut\u00ed.<\/p>\n<p>Tieto automaticky zhroma\u017e\u010fovan\u00e9 inform\u00e1cie m\u00f4\u017eeme kombinova\u0165 s in\u00fdmi inform\u00e1ciami, ktor\u00e9 o v\u00e1s zhroma\u017e\u010fujeme. Rob\u00edme to pre zlep\u0161enie slu\u017eieb, ktor\u00e9 v\u00e1m pon\u00fakame, pre zlep\u0161enie marketingu, analytiky a poskytovania funk\u010dnosti str\u00e1nok.<\/p>\n<p>Inform\u00e1cie, ktor\u00e9 z\u00edskame z v\u00e1\u0161ho pou\u017e\u00edvania na\u0161ich cookies, m\u00f4\u017eeme tie\u017e pou\u017ei\u0165 na nasleduj\u00face \u00fa\u010dely:<\/p>\n<ul>\n<li>Prisp\u00f4sobi\u0165 v\u00e1m webov\u00fa str\u00e1nku vr\u00e1tane zacielenia rekl\u00e1m, ktor\u00e9 by v\u00e1s mohli osobitne zauj\u00edma\u0165<\/li>\n<li>Sledova\u0165 v\u00e1s pri navig\u00e1cii na webov\u00fdch str\u00e1nkach a umo\u017e\u0148ova\u0165 pou\u017e\u00edvanie ak\u00fdchko\u013evek zariaden\u00ed elektronick\u00e9ho obchodu<\/li>\n<li>Zlep\u0161i\u0165 pou\u017eite\u013enos\u0165 webov\u00fdch str\u00e1nok<\/li>\n<li>Povolenie ur\u010dit\u00fdch funkci\u00ed webovej str\u00e1nky<\/li>\n<li>Rozpozna\u0165 v\u00e1\u0161 po\u010d\u00edta\u010d pri n\u00e1v\u0161teve webov\u00fdch str\u00e1nok<\/li>\n<li>Na ulo\u017eenie va\u0161ich preferenci\u00ed<\/li>\n<li>Analyzova\u0165 pou\u017eitie webovej str\u00e1nky<\/li>\n<\/ul>\n<h5><strong>S\u00fabory cookie tret\u00edch str\u00e1n<\/strong><\/h5>\n<p>Okrem na\u0161ich vlastn\u00fdch s\u00faborov cookie m\u00f4\u017eeme tie\u017e pou\u017e\u00edva\u0165 r\u00f4zne s\u00fabory cookie tret\u00edch str\u00e1n na hl\u00e1senie \u0161tatist\u00edk pou\u017e\u00edvania webovej str\u00e1nky a doru\u010dovanie rekl\u00e1m. S\u00fabory cookie tret\u00edch str\u00e1n s\u00fa s\u00fabory cookie na na\u0161ej webovej str\u00e1nke, ktor\u00e9 poch\u00e1dzaj\u00fa z r\u00f4znych dom\u00e9n. Na rozdiel od s\u00faborov cookie prvej strany (na\u0161e s\u00fabory cookie), s\u00fabory cookie tret\u00edch str\u00e1n vytv\u00e1raj\u00fa in\u00e9 webov\u00e9 str\u00e1nky, ako s\u00fa tie, ktor\u00e9 pr\u00e1ve nav\u0161tevujete. \u00da\u010delom t\u00fdchto cookies je sledova\u0165 va\u0161e zvyky pri prehliadan\u00ed.<\/p>\n<p>Pou\u017e\u00edvame cookies, ktor\u00e9 poskytuj\u00fa tretie strany, aby sme zlep\u0161ili na\u0161e slu\u017eby, prisp\u00f4sobili va\u0161e sk\u00fasenosti a porozumeli tomu, ako sa pou\u017e\u00edva n\u00e1\u0161 web. S\u00fabory cookie pou\u017e\u00edvame aj preto, aby bola na\u0161a reklama na in\u00fdch webov\u00fdch str\u00e1nkach relevantnej\u0161ia. Ako je op\u00edsan\u00e9 v na\u0161ich z\u00e1sad\u00e1ch ochrany osobn\u00fdch \u00fadajov, m\u00f4\u017eeme zhroma\u017e\u010fova\u0165 \u00fadaje, ktor\u00e9 o v\u00e1s zhroma\u017e\u010fujeme z in\u00fdch zdrojov, s \u00fadajmi zhroma\u017eden\u00fdmi prostredn\u00edctvom s\u00faborov cookie tret\u00edch str\u00e1n, aby sme v\u00e1m zobrazovali relevantnej\u0161ie reklamy na na\u0161ej webovej str\u00e1nke i mimo nej.<\/p>\n<p>Spolupracujeme s inzerentmi tret\u00edch str\u00e1n, aby sme v\u00e1m prostredn\u00edctvom na\u0161ej webovej str\u00e1nky umo\u017enili pr\u00edstup k zauj\u00edmav\u00e9mu a vzru\u0161uj\u00facemu cestovn\u00e9mu obsahu. Tieto s\u00fabory cookie zaznamen\u00e1vaj\u00fa inform\u00e1cie o va\u0161om pou\u017e\u00edvan\u00ed rekl\u00e1m. To pom\u00e1ha inzerentom zobrazova\u0165 v\u00e1m reklamy, ktor\u00e9 v\u00e1s pravdepodobne zaujm\u00fa, obmedzi\u0165 po\u010det zobrazen\u00ed reklamy a tie\u017e pom\u00f4c\u0165 vylep\u0161i\u0165 va\u0161e online z\u00e1\u017eitky.<\/p>\n<p>Upozor\u0148ujeme, \u017ee na\u0161e pou\u017eitie ak\u00fdchko\u013evek inform\u00e1ci\u00ed, ktor\u00e9 o v\u00e1s zhroma\u017e\u010fujeme prostredn\u00edctvom v\u00e1\u0161ho pou\u017e\u00edvania s\u00faborov cookie, podlieha na\u0161im z\u00e1sad\u00e1m ochrany <a href=\"https:\/\/visitteo.com\/sk\/zasady-ochrany-osobnych-udajov\/\" target=\"_blank\" rel=\"noopener noreferrer\">osobn\u00fdch \u00fadajov<\/a>.<\/p>\n<h5><strong>Ak\u00e9 typy cookies pou\u017e\u00edvame?<\/strong><\/h5>\n<p><strong>Z\u00e1kladn\u00e9 s\u00fabory cookie:<\/strong> Tieto s\u00fabory cookie s\u00fa potrebn\u00e9, aby v\u00e1m u\u013eah\u010dili pr\u00edstup na na\u0161u webov\u00fa str\u00e1nku a pohyb po nej a mohli vyu\u017e\u00edva\u0165 v\u0161etky jej funkcie. Bez t\u00fdchto s\u00faborov cookie by na\u0161a webov\u00e1 str\u00e1nka nefungovala spr\u00e1vne a vy by ste nemohli pou\u017e\u00edva\u0165 ur\u010dit\u00e9 d\u00f4le\u017eit\u00e9 funkcie. Z\u00e1kladn\u00e9 s\u00fabory cookie pou\u017e\u00edvame aj na \u00fa\u010dely detekcie a prevencie podvodov.<\/p>\n<p><strong>Analytick\u00e9 s\u00fabory cookie:<\/strong> V spolo\u010dnosti Visitteo chceme, aby bol v\u00e1\u0161 z\u00e1\u017eitok z na\u0161ich webov\u00fdch str\u00e1nok \u010do naju\u017eito\u010dnej\u0161\u00ed, najplynulej\u0161\u00ed a najpr\u00edjemnej\u0161\u00ed. Pou\u017e\u00edvame cookies, aby sme pochopili, ako sa na\u0161a webov\u00e1 str\u00e1nka pou\u017e\u00edva a ako m\u00f4\u017eeme zlep\u0161i\u0165 va\u0161e sk\u00fasenosti s \u0148ou. Tento typ takzvan\u00fdch \u201eanalytick\u00fdch\u201c s\u00faborov cookie n\u00e1m m\u00f4\u017ee poskytn\u00fa\u0165 anonymn\u00e9 inform\u00e1cie, ktor\u00e9 n\u00e1m pom\u00f4\u017eu pochopi\u0165, ktor\u00e9 \u010dasti na\u0161ej webovej str\u00e1nky zauj\u00edmaj\u00fa na\u0161ich n\u00e1v\u0161tevn\u00edkov a \u010di sa v nich vyskytn\u00fa chyby. Tieto s\u00fabory cookie pou\u017e\u00edvame na testovanie r\u00f4znych n\u00e1vrhov a funkci\u00ed pre na\u0161e str\u00e1nky a tie\u017e ich pou\u017e\u00edvame na to, aby sme mohli monitorova\u0165, ako sa na\u0161i n\u00e1v\u0161tevn\u00edci dostan\u00fa na na\u0161e str\u00e1nky.<\/p>\n<p><strong>V\u00fdkonov\u00e9 cookies:<\/strong> V\u00fdkonov\u00e9 cookies meraj\u00fa, ako \u010dasto nav\u0161tevujete na\u0161e webov\u00e9 str\u00e1nky a ako ich pou\u017e\u00edvate. Tieto inform\u00e1cie pou\u017e\u00edvame na to, aby sme z\u00edskali lep\u0161iu predstavu o tom, ako na\u0161i pou\u017e\u00edvatelia pracuj\u00fa s na\u0161ou \u017eurnalistikou, a na vylep\u0161enie na\u0161ich webov\u00fdch str\u00e1nok, aby mali pou\u017e\u00edvatelia lep\u0161\u00ed z\u00e1\u017eitok. Zhroma\u017e\u010fujeme napr\u00edklad inform\u00e1cie o tom, ktor\u00e9 z na\u0161ich str\u00e1nok s\u00fa naj\u010dastej\u0161ie nav\u0161tevovan\u00e9 a ak\u00e9 typy pou\u017e\u00edvate\u013eov. Na zabezpe\u010denie v\u00fdkonu pou\u017e\u00edvame tie\u017e s\u00fabory cookie tret\u00edch str\u00e1n. Napr\u00edklad s\u00fabor cookie Google Analytics n\u00e1m poskytuje inform\u00e1cie, ako je napr\u00edklad va\u0161a cesta medzi str\u00e1nkami.<\/p>\n<p><strong>Reklamn\u00e9 cookies:<\/strong> Reklamn\u00e9 cookies pom\u00e1haj\u00fa zabezpe\u010di\u0165, aby boli reklamy, ktor\u00e9 vid\u00edte na na\u0161ej webovej str\u00e1nke, pre v\u00e1s \u010do najrelevantnej\u0161ie. Niektor\u00e9 reklamn\u00e9 s\u00fabory cookie napr\u00edklad pom\u00e1haj\u00fa vybera\u0165 reklamy, ktor\u00e9 s\u00fa zalo\u017een\u00e9 na va\u0161ich z\u00e1ujmoch. In\u00e9 pom\u00e1haj\u00fa zabr\u00e1ni\u0165 tomu, aby sa v\u00e1m rovnak\u00e1 reklama neust\u00e1le objavovala. Chceme v\u00e1m tie\u017e \u010do najviac u\u013eah\u010di\u0165 zdie\u013eanie obsahu z Visitteo s va\u0161imi priate\u013emi prostredn\u00edctvom va\u0161ich ob\u013e\u00faben\u00fdch soci\u00e1lnych siet\u00ed. Str\u00e1nky soci\u00e1lnych siet\u00ed, ako napr\u00edklad Facebook alebo Instagram, m\u00f4\u017eu nastavi\u0165 s\u00fabory cookie, ktor\u00e9 v\u00e1s rozpoznaj\u00fa pri prezeran\u00ed obsahu na na\u0161ej webovej str\u00e1nke a umo\u017enia v\u00e1m zdie\u013ea\u0165 obsah medzi oboma webmi pomocou nastaven\u00ed zdie\u013eania.<\/p>\n<h5><strong>Ako zak\u00e1za\u0165 cookies?<\/strong><\/h5>\n<p>Ak chcete vymaza\u0165 cookies alebo da\u0165 pokyn svojmu webov\u00e9mu prehliada\u010du, aby cookies vymazal alebo odmietol, nav\u0161t\u00edvte str\u00e1nky pomocn\u00edka v\u00e1\u0161ho webov\u00e9ho prehliada\u010da. Upozor\u0148ujeme v\u0161ak, \u017ee ak s\u00fabory cookie odstr\u00e1nite alebo ich odmietnete prija\u0165, nebudete m\u00f4c\u0165 pou\u017e\u00edva\u0165 v\u0161etky funkcie, ktor\u00e9 pon\u00fakame, nebudete m\u00f4c\u0165 ulo\u017ei\u0165 svoje predvo\u013eby a niektor\u00e9 z na\u0161ich str\u00e1nok sa nemusia zobrazova\u0165 spr\u00e1vne.<\/p>\n<p>Spr\u00e1va va\u0161ich cookies a preferenci\u00ed cookies sa mus\u00ed robi\u0165 z mo\u017enost\u00ed \/ preferenci\u00ed v\u00e1\u0161ho prehliada\u010da. Tu je zoznam pr\u00edru\u010diek, ako to urobi\u0165 pre popul\u00e1rny softv\u00e9r preh\u013ead\u00e1va\u010da:<\/p>\n<p>Pokia\u013e ide o webov\u00fd prehliada\u010d Chrome, nav\u0161t\u00edvte t\u00fato str\u00e1nku od spolo\u010dnosti <a href=\"https:\/\/support.google.com\/accounts\/answer\/32050\" target=\"_blank\" rel=\"noopener noreferrer\">Google<\/a><br \/>\nPokia\u013e ide o webov\u00fd preh\u013ead\u00e1va\u010d Internet Explorer, nav\u0161t\u00edvte t\u00fato str\u00e1nku od spolo\u010dnosti <a href=\"https:\/\/support.microsoft.com\/en-us\/topic\/delete-and-manage-cookies-168dab11-0753-043d-7c16-ede5947fc64d\" target=\"_blank\" rel=\"noopener noreferrer\">Microsoft<\/a><br \/>\nPokia\u013e ide o webov\u00fd preh\u013ead\u00e1va\u010d Firefox, nav\u0161t\u00edvte t\u00fato str\u00e1nku od <a href=\"https:\/\/support.mozilla.org\/en-US\/kb\/clear-cookies-and-site-data-firefox?redirectslug=delete-cookies-remove-info-websites-stored&amp;redirectlocale=en-US\" target=\"_blank\" rel=\"noopener noreferrer\">Mozilly<\/a><br \/>\nPokia\u013e ide o webov\u00fd prehliada\u010d Safari, nav\u0161t\u00edvte t\u00fato str\u00e1nku od spolo\u010dnosti <a href=\"https:\/\/support.apple.com\/en-gb\/HT201265\" target=\"_blank\" rel=\"noopener noreferrer\">Apple<\/a><br \/>\nV pr\u00edpade in\u00e9ho webov\u00e9ho preh\u013ead\u00e1va\u010da nav\u0161t\u00edvte ofici\u00e1lne webov\u00e9 str\u00e1nky webov\u00e9ho preh\u013ead\u00e1va\u010da.<\/p>\n<h5><strong>Kontaktuj n\u00e1s<\/strong><\/h5>\n<p>Ak m\u00e1te ak\u00e9ko\u013evek ot\u00e1zky t\u00fdkaj\u00face sa t\u00fdchto z\u00e1sad pou\u017e\u00edvania s\u00faborov cookie, kontaktujte n\u00e1s zaslan\u00edm e-mailu na adresu: <a href=\"mailto:info@visitteo.com\" target=\"_blank\" rel=\"noopener noreferrer\">info@visitteo.com<\/a><\/p>\n<p><em>Posledn\u00e1 aktualiz\u00e1cia: 30. septembra 2020<\/em><\/p>\n<p>&nbsp;<\/p>\n","protected":false},"excerpt":{"rendered":"<p>Atlas LLC. (\u201eMy\u201c, \u201en\u00e1\u0161\u201c alebo \u201en\u00e1s\u201c) pou\u017e\u00edva s\u00fabory cookie na webov\u00fdch str\u00e1nkach www.visitteo.com (\u010falej len \u201eslu\u017eba\u201c). Pou\u017e\u00edvan\u00edm Slu\u017eby vyjadrujete s\u00fahlas s pou\u017e\u00edvan\u00edm s\u00faborov cookie. Tak ako takmer ka\u017ed\u00e1 webov\u00e1 str\u00e1nka, aj tu pou\u017e\u00edvame s\u00fabory cookie. Chceme zabezpe\u010di\u0165, aby va\u0161a n\u00e1v\u0161teva na\u0161ej webovej str\u00e1nky bola plynul\u00e1, spo\u013eahliv\u00e1 a pre v\u00e1s \u010do naju\u017eito\u010dnej\u0161ia. O prvej n\u00e1v\u0161teve na\u0161ich [&hellip;]<\/p>\n","protected":false},"author":5,"featured_media":0,"parent":0,"menu_order":102,"comment_status":"closed","ping_status":"closed","template":"","meta":{"_acf_changed":false,"footnotes":""},"class_list":["post-5165","page","type-page","status-publish","hentry"],"acf":[],"yoast_head":"<!-- This site is optimized with the Yoast SEO plugin v27.1.1 - https:\/\/yoast.com\/product\/yoast-seo-wordpress\/ -->\n<title>Cookies - Visitteo<\/title>\n<meta name=\"description\" content=\"Tak ako takmer ka\u017ed\u00e1 webov\u00e1 str\u00e1nka, aj tu pou\u017e\u00edvame s\u00fabory cookie. Chceme zabezpe\u010di\u0165, aby va\u0161a n\u00e1v\u0161teva na\u0161ej webovej str\u00e1nky bola plynul\u00e1, spo\u013eahliv\u00e1 a pre v\u00e1s \u010do naju\u017eito\u010dnej\u0161ia.\" \/>\n<meta name=\"robots\" content=\"index, follow, max-snippet:-1, max-image-preview:large, max-video-preview:-1\" \/>\n<link rel=\"canonical\" href=\"https:\/\/visitteo.com\/sk\/cookies\/\" \/>\n<meta property=\"og:locale\" content=\"sk_SK\" \/>\n<meta property=\"og:type\" content=\"article\" \/>\n<meta property=\"og:title\" content=\"Cookies - Visitteo\" \/>\n<meta property=\"og:description\" content=\"Tak ako takmer ka\u017ed\u00e1 webov\u00e1 str\u00e1nka, aj tu pou\u017e\u00edvame s\u00fabory cookie. Chceme zabezpe\u010di\u0165, aby va\u0161a n\u00e1v\u0161teva na\u0161ej webovej str\u00e1nky bola plynul\u00e1, spo\u013eahliv\u00e1 a pre v\u00e1s \u010do naju\u017eito\u010dnej\u0161ia.\" \/>\n<meta property=\"og:url\" content=\"https:\/\/visitteo.com\/sk\/cookies\/\" \/>\n<meta property=\"og:site_name\" content=\"Visitteo\" \/>\n<meta property=\"article:publisher\" content=\"https:\/\/www.facebook.com\/visitteo\/\" \/>\n<meta property=\"article:modified_time\" content=\"2021-01-05T08:21:35+00:00\" \/>\n<meta property=\"og:image\" content=\"https:\/\/visitteo.com\/wp-content\/uploads\/2022\/10\/share-1.jpg\" \/>\n\t<meta property=\"og:image:width\" content=\"1200\" \/>\n\t<meta property=\"og:image:height\" content=\"630\" \/>\n\t<meta property=\"og:image:type\" content=\"image\/jpeg\" \/>\n<meta name=\"twitter:card\" content=\"summary_large_image\" \/>\n<meta name=\"twitter:site\" content=\"@visitteo\" \/>\n<meta name=\"twitter:label1\" content=\"Predpokladan\u00fd \u010das \u010d\u00edtania\" \/>\n\t<meta name=\"twitter:data1\" content=\"9 min\u00fat\" \/>\n<script type=\"application\/ld+json\" class=\"yoast-schema-graph\">{\"@context\":\"https:\/\/schema.org\",\"@graph\":[{\"@type\":\"WebPage\",\"@id\":\"https:\/\/visitteo.com\/sk\/cookies\/\",\"url\":\"https:\/\/visitteo.com\/sk\/cookies\/\",\"name\":\"Cookies - Visitteo\",\"isPartOf\":{\"@id\":\"https:\/\/visitteo.com\/sk\/#website\"},\"datePublished\":\"2020-10-20T10:48:03+00:00\",\"dateModified\":\"2021-01-05T08:21:35+00:00\",\"description\":\"Tak ako takmer ka\u017ed\u00e1 webov\u00e1 str\u00e1nka, aj tu pou\u017e\u00edvame s\u00fabory cookie. Chceme zabezpe\u010di\u0165, aby va\u0161a n\u00e1v\u0161teva na\u0161ej webovej str\u00e1nky bola plynul\u00e1, spo\u013eahliv\u00e1 a pre v\u00e1s \u010do naju\u017eito\u010dnej\u0161ia.\",\"breadcrumb\":{\"@id\":\"https:\/\/visitteo.com\/sk\/cookies\/#breadcrumb\"},\"inLanguage\":\"sk-SK\",\"potentialAction\":[{\"@type\":\"ReadAction\",\"target\":[\"https:\/\/visitteo.com\/sk\/cookies\/\"]}]},{\"@type\":\"BreadcrumbList\",\"@id\":\"https:\/\/visitteo.com\/sk\/cookies\/#breadcrumb\",\"itemListElement\":[{\"@type\":\"ListItem\",\"position\":1,\"name\":\"Homepage\",\"item\":\"https:\/\/visitteo.com\/sk\/\"},{\"@type\":\"ListItem\",\"position\":2,\"name\":\"Cookies\"}]},{\"@type\":\"WebSite\",\"@id\":\"https:\/\/visitteo.com\/sk\/#website\",\"url\":\"https:\/\/visitteo.com\/sk\/\",\"name\":\"Visitteo\",\"description\":\"Visitteo is a metasearch engine for car rental.\",\"publisher\":{\"@id\":\"https:\/\/visitteo.com\/sk\/#organization\"},\"potentialAction\":[{\"@type\":\"SearchAction\",\"target\":{\"@type\":\"EntryPoint\",\"urlTemplate\":\"https:\/\/visitteo.com\/sk\/?s={search_term_string}\"},\"query-input\":{\"@type\":\"PropertyValueSpecification\",\"valueRequired\":true,\"valueName\":\"search_term_string\"}}],\"inLanguage\":\"sk-SK\"},{\"@type\":\"Organization\",\"@id\":\"https:\/\/visitteo.com\/sk\/#organization\",\"name\":\"Visitteo\",\"url\":\"https:\/\/visitteo.com\/sk\/\",\"logo\":{\"@type\":\"ImageObject\",\"inLanguage\":\"sk-SK\",\"@id\":\"https:\/\/visitteo.com\/sk\/#\/schema\/logo\/image\/\",\"url\":\"https:\/\/visitteo.com\/wp-content\/uploads\/2024\/09\/organization_logo.png\",\"contentUrl\":\"https:\/\/visitteo.com\/wp-content\/uploads\/2024\/09\/organization_logo.png\",\"width\":840,\"height\":840,\"caption\":\"Visitteo\"},\"image\":{\"@id\":\"https:\/\/visitteo.com\/sk\/#\/schema\/logo\/image\/\"},\"sameAs\":[\"https:\/\/www.facebook.com\/visitteo\/\",\"https:\/\/x.com\/visitteo\",\"https:\/\/www.instagram.com\/visitteo\/\",\"https:\/\/www.pinterest.com\/visitteo\/pins\/\"]}]}<\/script>\n<!-- \/ Yoast SEO plugin. -->","yoast_head_json":{"title":"Cookies - Visitteo","description":"Tak ako takmer ka\u017ed\u00e1 webov\u00e1 str\u00e1nka, aj tu pou\u017e\u00edvame s\u00fabory cookie. Chceme zabezpe\u010di\u0165, aby va\u0161a n\u00e1v\u0161teva na\u0161ej webovej str\u00e1nky bola plynul\u00e1, spo\u013eahliv\u00e1 a pre v\u00e1s \u010do naju\u017eito\u010dnej\u0161ia.","robots":{"index":"index","follow":"follow","max-snippet":"max-snippet:-1","max-image-preview":"max-image-preview:large","max-video-preview":"max-video-preview:-1"},"canonical":"https:\/\/visitteo.com\/sk\/cookies\/","og_locale":"sk_SK","og_type":"article","og_title":"Cookies - Visitteo","og_description":"Tak ako takmer ka\u017ed\u00e1 webov\u00e1 str\u00e1nka, aj tu pou\u017e\u00edvame s\u00fabory cookie. Chceme zabezpe\u010di\u0165, aby va\u0161a n\u00e1v\u0161teva na\u0161ej webovej str\u00e1nky bola plynul\u00e1, spo\u013eahliv\u00e1 a pre v\u00e1s \u010do naju\u017eito\u010dnej\u0161ia.","og_url":"https:\/\/visitteo.com\/sk\/cookies\/","og_site_name":"Visitteo","article_publisher":"https:\/\/www.facebook.com\/visitteo\/","article_modified_time":"2021-01-05T08:21:35+00:00","og_image":[{"width":1200,"height":630,"url":"https:\/\/visitteo.com\/wp-content\/uploads\/2022\/10\/share-1.jpg","type":"image\/jpeg"}],"twitter_card":"summary_large_image","twitter_site":"@visitteo","twitter_misc":{"Predpokladan\u00fd \u010das \u010d\u00edtania":"9 min\u00fat"},"schema":{"@context":"https:\/\/schema.org","@graph":[{"@type":"WebPage","@id":"https:\/\/visitteo.com\/sk\/cookies\/","url":"https:\/\/visitteo.com\/sk\/cookies\/","name":"Cookies - Visitteo","isPartOf":{"@id":"https:\/\/visitteo.com\/sk\/#website"},"datePublished":"2020-10-20T10:48:03+00:00","dateModified":"2021-01-05T08:21:35+00:00","description":"Tak ako takmer ka\u017ed\u00e1 webov\u00e1 str\u00e1nka, aj tu pou\u017e\u00edvame s\u00fabory cookie. Chceme zabezpe\u010di\u0165, aby va\u0161a n\u00e1v\u0161teva na\u0161ej webovej str\u00e1nky bola plynul\u00e1, spo\u013eahliv\u00e1 a pre v\u00e1s \u010do naju\u017eito\u010dnej\u0161ia.","breadcrumb":{"@id":"https:\/\/visitteo.com\/sk\/cookies\/#breadcrumb"},"inLanguage":"sk-SK","potentialAction":[{"@type":"ReadAction","target":["https:\/\/visitteo.com\/sk\/cookies\/"]}]},{"@type":"BreadcrumbList","@id":"https:\/\/visitteo.com\/sk\/cookies\/#breadcrumb","itemListElement":[{"@type":"ListItem","position":1,"name":"Homepage","item":"https:\/\/visitteo.com\/sk\/"},{"@type":"ListItem","position":2,"name":"Cookies"}]},{"@type":"WebSite","@id":"https:\/\/visitteo.com\/sk\/#website","url":"https:\/\/visitteo.com\/sk\/","name":"Visitteo","description":"Visitteo is a metasearch engine for car rental.","publisher":{"@id":"https:\/\/visitteo.com\/sk\/#organization"},"potentialAction":[{"@type":"SearchAction","target":{"@type":"EntryPoint","urlTemplate":"https:\/\/visitteo.com\/sk\/?s={search_term_string}"},"query-input":{"@type":"PropertyValueSpecification","valueRequired":true,"valueName":"search_term_string"}}],"inLanguage":"sk-SK"},{"@type":"Organization","@id":"https:\/\/visitteo.com\/sk\/#organization","name":"Visitteo","url":"https:\/\/visitteo.com\/sk\/","logo":{"@type":"ImageObject","inLanguage":"sk-SK","@id":"https:\/\/visitteo.com\/sk\/#\/schema\/logo\/image\/","url":"https:\/\/visitteo.com\/wp-content\/uploads\/2024\/09\/organization_logo.png","contentUrl":"https:\/\/visitteo.com\/wp-content\/uploads\/2024\/09\/organization_logo.png","width":840,"height":840,"caption":"Visitteo"},"image":{"@id":"https:\/\/visitteo.com\/sk\/#\/schema\/logo\/image\/"},"sameAs":["https:\/\/www.facebook.com\/visitteo\/","https:\/\/x.com\/visitteo","https:\/\/www.instagram.com\/visitteo\/","https:\/\/www.pinterest.com\/visitteo\/pins\/"]}]}},"_links":{"self":[{"href":"https:\/\/visitteo.com\/sk\/wp-json\/wp\/v2\/pages\/5165","targetHints":{"allow":["GET"]}}],"collection":[{"href":"https:\/\/visitteo.com\/sk\/wp-json\/wp\/v2\/pages"}],"about":[{"href":"https:\/\/visitteo.com\/sk\/wp-json\/wp\/v2\/types\/page"}],"author":[{"embeddable":true,"href":"https:\/\/visitteo.com\/sk\/wp-json\/wp\/v2\/users\/5"}],"replies":[{"embeddable":true,"href":"https:\/\/visitteo.com\/sk\/wp-json\/wp\/v2\/comments?post=5165"}],"version-history":[{"count":0,"href":"https:\/\/visitteo.com\/sk\/wp-json\/wp\/v2\/pages\/5165\/revisions"}],"wp:attachment":[{"href":"https:\/\/visitteo.com\/sk\/wp-json\/wp\/v2\/media?parent=5165"}],"curies":[{"name":"wp","href":"https:\/\/api.w.org\/{rel}","templated":true}]}}