{"id":5287,"date":"2017-04-25T13:00:59","date_gmt":"2017-04-25T11:00:59","guid":{"rendered":"https:\/\/visitteo.com\/privacy-policy\/"},"modified":"2020-12-15T10:03:59","modified_gmt":"2020-12-15T09:03:59","slug":"zasady-ochrany-osobnych-udajov","status":"publish","type":"page","link":"https:\/\/visitteo.com\/sk\/zasady-ochrany-osobnych-udajov\/","title":{"rendered":"Z\u00e1sady ochrany osobn\u00fdch \u00fadajov"},"content":{"rendered":"<p>Upozor\u0148ujeme, \u017ee praktiky spolo\u010dnosti Atlas LLC. (\u201eMy\u201c, \u201ena\u0161i\u201c alebo \u201en\u00e1s\u201c), t\u00fdkaj\u00face sa osobn\u00fdch \u00fadajov, sa riadia t\u00fdmito z\u00e1sadami ochrany osobn\u00fdch \u00fadajov, preto\u017ee m\u00f4\u017eu by\u0165 z \u010dasu na \u010das zmenen\u00e9 a doplnen\u00e9. Tieto z\u00e1sady ochrany osobn\u00fdch \u00fadajov upravuj\u00fa osobn\u00e9 inform\u00e1cie, ktor\u00e9 zhroma\u017e\u010fujeme prostredn\u00edctvom tejto webovej str\u00e1nky <a href=\"https:\/\/visitteo.com\/sk\/\" target=\"_blank\" rel=\"noopener noreferrer\">www.visitteo.com<\/a> (\u201ewebov\u00e1 str\u00e1nka\u201c).<\/p>\n<p>Tieto z\u00e1sady ochrany osobn\u00fdch \u00fadajov popisuj\u00fa postupy spolo\u010dnosti Visitteo t\u00fdkaj\u00face sa osobne identifikovate\u013en\u00fdch inform\u00e1ci\u00ed a \u00fadajov (\u201eosobn\u00e9 inform\u00e1cie\u201c). Tieto z\u00e1sady sa vz\u0165ahuj\u00fa na na\u0161e webov\u00e9 str\u00e1nky (na\u0161a \u201eslu\u017eba\u201c). Pou\u017e\u00edvan\u00edm vyjadrujete s\u00fahlas s podmienkami t\u00fdchto z\u00e1sad.<\/p>\n<p>Pozorne si pre\u010d\u00edtajte na\u0161e z\u00e1sady ochrany osobn\u00fdch \u00fadajov, aby ste mali jasn\u00fa predstavu o tom, ako zhroma\u017e\u010fujeme, pou\u017e\u00edvame, chr\u00e1nime alebo inak nar\u00e1bame s va\u0161imi osobne identifikovate\u013en\u00fdmi inform\u00e1ciami na z\u00e1klade na\u0161ich webov\u00fdch str\u00e1nok.<\/p>\n<h5><strong>Ak\u00e9 osobn\u00e9 inform\u00e1cie zhroma\u017e\u010fujeme<\/strong><\/h5>\n<ul>\n<li>M\u00f4\u017eeme zhroma\u017e\u010fova\u0165 inform\u00e1cie, ktor\u00e9 v\u00e1s m\u00f4\u017eu identifikova\u0165, napr\u00edklad va\u0161e meno a e-mailov\u00e1 adresa (\u201eosobn\u00e9 \u00fadaje\u201c) a \u010fal\u0161ie inform\u00e1cie, ktor\u00e9 v\u00e1s neidentifikuj\u00fa.<\/li>\n<li>Inform\u00e1cie, ktor\u00e9 poskytnete. Ak sa chcete zaregistrova\u0165 na Visitteo, zobraz\u00ed sa v\u00fdzva na prihl\u00e1senie pomocou prihlasovac\u00edch \u00fadajov pre Facebook alebo Google. Ak tak urob\u00edte, d\u00e1vate n\u00e1m opr\u00e1vnenie na pr\u00edstup k ur\u010dit\u00fdm inform\u00e1ci\u00e1m o \u00fa\u010dtoch Facebook a Google, ako je v\u00e1\u0161 verejn\u00fd profil na Facebooku alebo Google (v s\u00falade s va\u0161imi nastaveniami ochrany osobn\u00fdch \u00fadajov na Facebooku a Google).<\/li>\n<li>M\u00f4\u017eeme z\u00edska\u0165 pr\u00edstup k va\u0161ej e-mailovej adrese, z\u00e1ujmom o vz\u0165ahy, fotografi\u00e1m, p\u00e1\u010di sa mi, aktu\u00e1lnemu mestu, narodenin\u00e1m, z\u00e1ujmom, hist\u00f3rii vzdel\u00e1vania, pohlaviu, osobn\u00e9mu popisu a zoznamu priate\u013eov.<\/li>\n<li>M\u00f4\u017eete n\u00e1m tie\u017e poskytn\u00fa\u0165 va\u0161e fotografie, osobn\u00fd popis, popis va\u0161ich zn\u00e1mych alebo priate\u013eov a inform\u00e1cie o va\u0161om pohlav\u00ed.<\/li>\n<li>Ak s nami chatujete prostredn\u00edctvom soci\u00e1lnych siet\u00ed alebo e-mailov, poskytnete n\u00e1m obsah svojich chatov a ak n\u00e1s kontaktujete so z\u00e1kazn\u00edckym servisom alebo in\u00fdmi ot\u00e1zkami, poskytnete n\u00e1m obsah tejto komunik\u00e1cie.<\/li>\n<li>Inform\u00e1cie m\u00f4\u017eeme zhroma\u017e\u010fova\u0165, ke\u010f n\u00e1m po\u0161lete nejak\u00fd obsah (v\u00e1\u0161 cestovn\u00fd pr\u00edbeh a obr\u00e1zky) prostredn\u00edctvom soci\u00e1lnych siet\u00ed.<\/li>\n<li>\u010eal\u0161ie inform\u00e1cie t\u00fdkaj\u00face sa z\u00e1kazn\u00edckych prieskumov a \/ alebo pon\u00fak.<\/li>\n<\/ul>\n<h5><strong>\u010co rob\u00edme so zhroma\u017eden\u00fdmi inform\u00e1ciami<\/strong><\/h5>\n<p>Inform\u00e1cie, ktor\u00e9 od v\u00e1s zhroma\u017e\u010fujeme, m\u00f4\u017eeme pou\u017ei\u0165 pri registr\u00e1cii, odpovedan\u00ed na marketingov\u00fa komunik\u00e1ciu, surfovan\u00ed po webov\u00fdch str\u00e1nkach alebo pri pou\u017e\u00edvan\u00ed niektor\u00fdch \u010fal\u0161\u00edch funkci\u00ed webov\u00fdch str\u00e1nok nasleduj\u00facimi sp\u00f4sobmi:<\/p>\n<ul>\n<li>Vylep\u0161ujte na\u0161e produkty a slu\u017eby a spravujte na\u0161e podnikanie.<\/li>\n<li>Aby sme prisp\u00f4sobili u\u017e\u00edvate\u013esk\u00fa sk\u00fasenos\u0165 a umo\u017enili n\u00e1m doru\u010di\u0165 typ obsahu a pon\u00fak produktov, o ktor\u00e9 sa zauj\u00edmate najviac.<\/li>\n<li>Vylep\u0161i\u0165 n\u00e1\u0161 web, aby sme v\u00e1m mohli lep\u0161ie sl\u00fa\u017ei\u0165.<\/li>\n<li>Tieto inform\u00e1cie m\u00f4\u017eeme pou\u017ei\u0165 na anal\u00fdzu webov\u00fdch str\u00e1nok.<\/li>\n<li>Aby sme v\u00e1m mohli poskytn\u00fa\u0165 lep\u0161ie slu\u017eby pri reagovan\u00ed na va\u0161e po\u017eiadavky na z\u00e1kazn\u00edcke slu\u017eby.<\/li>\n<li>Na e-mailov\u00fa adresu, ktor\u00fa ste poskytli, m\u00f4\u017eeme pravidelne posiela\u0165 propaga\u010dn\u00e9 e-maily o nov\u00fdch produktoch, \u0161peci\u00e1lnych ponuk\u00e1ch alebo in\u00e9 inform\u00e1cie, ktor\u00e9 by v\u00e1s mohli zauj\u00edma\u0165.<\/li>\n<li>Ak n\u00e1m po\u0161lete nejak\u00fd obsah (v\u00e1\u0161 cestovn\u00fd pr\u00edbeh a obr\u00e1zky) prostredn\u00edctvom soci\u00e1lnych siet\u00ed, m\u00f4\u017eeme tento obsah pou\u017ei\u0165 na marketingov\u00e9 aktivity na soci\u00e1lnych sie\u0165ach.<\/li>\n<li>Tieto inform\u00e1cie m\u00f4\u017eeme pou\u017ei\u0165 na prisp\u00f4sobenie webovej str\u00e1nky pod\u013ea va\u0161ich z\u00e1ujmov.<\/li>\n<li>Sledujte metriky, ako napr\u00edklad celkov\u00fd po\u010det n\u00e1v\u0161tevn\u00edkov a n\u00e1v\u0161tevnos\u0165.<\/li>\n<\/ul>\n<h5><strong>S k\u00fdm zdie\u013eame va\u0161e inform\u00e1cie<\/strong><\/h5>\n<p>Va\u0161e osobn\u00e9 identifika\u010dn\u00e9 \u00fadaje nebudeme pred\u00e1va\u0165, obchodova\u0165, zdie\u013ea\u0165 ani inak prev\u00e1dza\u0165 na extern\u00e9 strany. Va\u0161e osobn\u00e9 \u00fadaje m\u00f4\u017eeme pou\u017ei\u0165 na zasielanie propaga\u010dn\u00fdch inform\u00e1ci\u00ed o tret\u00edch stran\u00e1ch, o ktor\u00fdch si mysl\u00edme, \u017ee by v\u00e1s mohli zauj\u00edma\u0165, ak n\u00e1m ozn\u00e1mite, \u017ee si to prajete.<\/p>\n<p>Visitteo v\u00e1m tie\u017e m\u00f4\u017ee povoli\u0165 pr\u00edstup k Map\u00e1m Google. Upozor\u0148ujeme, \u017ee ke\u010f pou\u017e\u00edvate Mapy Google, ste viazan\u00ed Zmluvn\u00fdmi podmienkami spolo\u010dnosti <a href=\"https:\/\/www.google.com\/analytics\/terms\/us.html\" target=\"_blank\" rel=\"noopener noreferrer\">Google<\/a> a va\u0161e pr\u00e1va na ochranu s\u00fakromia s\u00fa ovplyvnen\u00e9 Pravidlami ochrany osobn\u00fdch \u00fadajov spolo\u010dnosti <a href=\"https:\/\/www.google.com\/policies\/privacy\/\" target=\"_blank\" rel=\"noopener noreferrer\">Google<\/a>, ktor\u00e9 spolo\u010dnos\u0165 Google z \u010dasu na \u010das aktualizuje.<\/p>\n<h5><strong>Webov\u00e9 str\u00e1nky tret\u00edch str\u00e1n<\/strong><\/h5>\n<p>Kliknut\u00edm na ponuku na na\u0161ej webovej str\u00e1nke budete presmerovan\u00fd na webov\u00fa str\u00e1nku tretej strany, ktor\u00e1 nefunguje pod\u013ea t\u00fdchto z\u00e1sad ochrany osobn\u00fdch \u00fadajov, a budete presmerovan\u00fd na webov\u00fa str\u00e1nku, ktor\u00fa nem\u00e1me pod kontrolou. Tieto webov\u00e9 str\u00e1nky tret\u00edch str\u00e1n m\u00f4\u017eu od v\u00e1s nez\u00e1visle zhroma\u017e\u010fova\u0165 inform\u00e1cie vr\u00e1tane osobn\u00fdch \u00fadajov. Tieto webov\u00e9 str\u00e1nky tret\u00edch str\u00e1n maj\u00fa samostatn\u00e9 a nez\u00e1visl\u00e9 z\u00e1sady ochrany osobn\u00fdch \u00fadajov. Nie sme preto zodpovedn\u00ed za obsah a aktivity t\u00fdchto prepojen\u00fdch webov\u00fdch str\u00e1nok. Napriek tomu sa sna\u017e\u00edme chr\u00e1ni\u0165 integritu na\u0161ich webov\u00fdch str\u00e1nok a v\u00edtame ka\u017ed\u00fa sp\u00e4tn\u00fa v\u00e4zbu o t\u00fdchto webov\u00fdch str\u00e1nkach.<\/p>\n<p>Ak ste na opustenie str\u00e1nky Visitteo pou\u017eili tretiu stranu, mali by ste si uvedomi\u0165, \u017ee nad touto inou webovou str\u00e1nkou nem\u00e1me \u017eiadnu kontrolu. Preto nem\u00f4\u017eeme by\u0165 zodpovedn\u00ed za ochranu a s\u00fakromie ak\u00fdchko\u013evek inform\u00e1ci\u00ed, ktor\u00e9 poskytnete pri n\u00e1v\u0161teve t\u00fdchto webov\u00fdch str\u00e1nok, a tieto webov\u00e9 str\u00e1nky sa neriadia t\u00fdmto prehl\u00e1sen\u00edm o ochrane osobn\u00fdch \u00fadajov. Mali by ste by\u0165 opatrn\u00ed a pre\u010d\u00edta\u0165 si vyhl\u00e1senie o ochrane osobn\u00fdch \u00fadajov pr\u00edslu\u0161n\u00e9 pre pr\u00edslu\u0161n\u00fa webov\u00fa str\u00e1nku.<\/p>\n<h5><strong>Ako chr\u00e1nime va\u0161e osobn\u00e9 inform\u00e1cie<\/strong><\/h5>\n<p>Bezpe\u010dnos\u0165 va\u0161ich osobn\u00fdch \u00fadajov je pre n\u00e1s d\u00f4le\u017eit\u00e1, ale nezabudnite, \u017ee \u017eiadny sp\u00f4sob prenosu cez internet ani sp\u00f4sob elektronick\u00e9ho ukladania nie s\u00fa stopercentne bezpe\u010dn\u00e9. Aj ke\u010f sa sna\u017e\u00edme pou\u017e\u00edva\u0165 komer\u010dne prijate\u013en\u00e9 prostriedky na ochranu va\u0161ich osobn\u00fdch \u00fadajov, nem\u00f4\u017eeme zaru\u010di\u0165 ich absol\u00fatnu bezpe\u010dnos\u0165. Aj ke\u010f prij\u00edmame opatrenia na zabezpe\u010denie va\u0161ich inform\u00e1ci\u00ed, nes\u013eubujeme a nemali by ste o\u010dak\u00e1va\u0165, \u017ee va\u0161e osobn\u00e9 inform\u00e1cie alebo in\u00e1 komunik\u00e1cia zostan\u00fa v\u017edy zabezpe\u010den\u00e9.<\/p>\n<h5><strong>Anal\u00fdza slu\u017eieb<\/strong><\/h5>\n<p>Na zhroma\u017e\u010fovanie inform\u00e1ci\u00ed o pou\u017e\u00edvan\u00ed tejto webovej str\u00e1nky vyu\u017e\u00edvame extern\u00fdch poskytovate\u013eov analytick\u00fdch slu\u017eieb (\u201eposkytovatelia Analytics\u201c), ako je napr\u00edklad Google Analytics. Google Analytics zhroma\u017e\u010fuje inform\u00e1cie, ako napr\u00edklad: ako \u010dasto pou\u017e\u00edvatelia nav\u0161tevuj\u00fa tento web, ak\u00e9 str\u00e1nky nav\u0161tevuj\u00fa, ke\u010f tak urobia, a ak\u00e9 \u010fal\u0161ie weby pou\u017eili pred pr\u00edchodom na tento web. Inform\u00e1cie, ktor\u00e9 z\u00edskame zo slu\u017eby Google Analytics, pou\u017e\u00edvame iba na vylep\u0161enie tejto webovej str\u00e1nky.<\/p>\n<p>Inform\u00e1cie, ktor\u00e9 vygeneruje v\u00e1\u0161 prehliada\u010d alebo zariadenie o va\u0161om pou\u017e\u00edvan\u00ed Slu\u017eby, sa bud\u00fa pren\u00e1\u0161a\u0165 do a uklada\u0165 pomocou slu\u017eby Google Analytics. Google Analytics pou\u017eije tieto inform\u00e1cie na vyhodnotenie v\u00e1\u0161ho pou\u017e\u00edvania Slu\u017eby. Pou\u017e\u00edvan\u00edm Slu\u017eby vyjadrujete s\u00fahlas so spracovan\u00edm \u00fadajov o v\u00e1s slu\u017ebou Google Analytics sp\u00f4sobom a na \u00fa\u010dely uveden\u00e9 vy\u0161\u0161ie. Schopnos\u0165 spolo\u010dnosti Google pou\u017e\u00edva\u0165 a zdie\u013ea\u0165 va\u0161e zhroma\u017eden\u00e9 inform\u00e1cie o va\u0161ich n\u00e1v\u0161tev\u00e1ch tohto webu je obmedzen\u00e1 Podmienkami pou\u017e\u00edvania slu\u017eby <a href=\"https:\/\/www.google.com\/analytics\/terms\/us.html\" target=\"_blank\" rel=\"noopener noreferrer\">Google Analytics<\/a> a Pravidlami ochrany osobn\u00fdch \u00fadajov spolo\u010dnosti <a href=\"https:\/\/www.google.com\/policies\/privacy\/\" target=\"_blank\" rel=\"noopener noreferrer\">Google<\/a>.<\/p>\n<h5><strong>Zmeny t\u00fdchto z\u00e1sad ochrany osobn\u00fdch \u00fadajov<\/strong><\/h5>\n<p>Pravidl\u00e1 ochrany osobn\u00fdch \u00fadajov budeme ob\u010das aktualizova\u0165 alebo meni\u0165. Tieto pravidl\u00e1 ochrany osobn\u00fdch \u00fadajov by ste mali pravidelne kontrolova\u0165 a ubezpe\u010di\u0165 sa, \u017ee ste so zmenami spokojn\u00ed. Va\u0161e \u010fal\u0161ie pou\u017e\u00edvanie tejto Slu\u017eby po tom, \u010do na tejto str\u00e1nke zverejn\u00edme ak\u00e9ko\u013evek zmeny v z\u00e1sad\u00e1ch ochrany osobn\u00fdch \u00fadajov, bude predstavova\u0165 va\u0161e potvrdenie zmien a v\u00e1\u0161 s\u00fahlas s dodr\u017eiavan\u00edm a riaden\u00edm sa upraven\u00fdmi z\u00e1sadami ochrany osobn\u00fdch \u00fadajov.<\/p>\n<p>Ke\u010f zverejn\u00edme zmeny v t\u00fdchto z\u00e1sad\u00e1ch ochrany osobn\u00fdch \u00fadajov, revidujeme d\u00e1tum \u201eposlednej aktualiz\u00e1cie\u201c v dolnej \u010dasti t\u00fdchto z\u00e1sad ochrany osobn\u00fdch \u00fadajov.<\/p>\n<h5><strong>Uchov\u00e1vanie \u00fadajov<\/strong><\/h5>\n<p>Atlas, LLC bude uchov\u00e1va\u0165 va\u0161e \u00fadaje iba tak dlho, ako je to potrebn\u00e9 na \u00fa\u010dely uveden\u00e9 v t\u00fdchto z\u00e1sad\u00e1ch ochrany osobn\u00fdch \u00fadajov. Va\u0161e \u00fadaje si ponech\u00e1me a pou\u017eijeme v rozsahu nevyhnutnom na splnenie na\u0161ich pr\u00e1vnych povinnost\u00ed (napr\u00edklad ak sa od n\u00e1s vy\u017eaduje, aby sme va\u0161e \u00fadaje uchov\u00e1vali v s\u00falade s platn\u00fdmi z\u00e1konmi), rie\u0161enie sporov a presadzovanie na\u0161ich pr\u00e1vnych doh\u00f4d a z\u00e1sad.<\/p>\n<p>Atlas, LLC tie\u017e uchov\u00e1 \u00fadaje o pou\u017eit\u00ed na \u00fa\u010dely internej anal\u00fdzy. \u00dadaje o pou\u017e\u00edvan\u00ed sa spravidla uchov\u00e1vaj\u00fa po krat\u0161iu dobu, s v\u00fdnimkou pr\u00edpadov, ke\u010f sa tieto \u00fadaje pou\u017e\u00edvaj\u00fa na posilnenie zabezpe\u010denia alebo na zlep\u0161enie funk\u010dnosti na\u0161ej Slu\u017eby, alebo ak sme zo z\u00e1kona povinn\u00ed tieto \u00fadaje uchov\u00e1va\u0165 po dlh\u0161iu dobu.<\/p>\n<h5><strong>Ak\u00fd je \u00fa\u010del zhroma\u017e\u010fovania a pou\u017eitia va\u0161ich \u00fadajov?<\/strong><\/h5>\n<p>Aby sme v\u00e1m poskytli porovnate\u013en\u00e9 inform\u00e1cie o r\u00f4znych dovolenkov\u00fdch ubytovac\u00edch a hotelov\u00fdch webov\u00fdch str\u00e1nkach, aby sme v\u00e1m mohli pon\u00faknu\u0165 najlep\u0161\u00ed v\u00fdber turistick\u00e9ho ubytovania za najlep\u0161iu cenu. Doru\u010dovanie ozn\u00e1men\u00ed o komer\u010dnej reklame prostredn\u00edctvom elektronickej po\u0161ty alebo soci\u00e1lnych siet\u00ed t\u00fdkaj\u00facich sa na\u0161ich produktov a \/ alebo slu\u017eieb zameran\u00fdch na ubytovanie po\u010das va\u0161ich dovoleniek a in\u00fdch aktiv\u00edt, ktor\u00e9 sa maj\u00fa v tomto obdob\u00ed vykon\u00e1va\u0165. Analytick\u00e9 \u00fa\u010dely ako prostriedok na zlep\u0161enie a zlep\u0161enie fungovania a slu\u017eieb poskytovan\u00fdch spolo\u010dnos\u0165ou Visitteo pri uskuto\u010d\u0148ovan\u00ed trhov\u00fdch \u0161t\u00fadi\u00ed a prieskumov.<\/p>\n<h5><strong>\u0160tatistick\u00e9, analytick\u00e9 a marketingov\u00e9 slu\u017eby<\/strong><\/h5>\n<p>Pou\u017e\u00edvame \u0161tatistick\u00e9, analytick\u00e9 a marketingov\u00e9 slu\u017eby tret\u00edch str\u00e1n. To n\u00e1m umo\u017e\u0148uje optimalizova\u0165 na\u0161u webov\u00fa str\u00e1nku a zabezpe\u010di\u0165, aby bola u\u017e\u00edvate\u013esky pr\u00edjemn\u00e1. Tretie strany pou\u017e\u00edvaj\u00fa na poskytovanie svojich slu\u017eieb s\u00fabory cookie (pozri \u010das\u0165 \u201eCookies\u201c). Pokia\u013e nebude uveden\u00e9 inak, va\u0161e \u00fadaje nebud\u00fa spracovan\u00e9.<\/p>\n<p>Niektor\u00e9 z tret\u00edch str\u00e1n v\u00e1m umo\u017e\u0148uj\u00fa priamo vznies\u0165 n\u00e1mietky proti pou\u017eitiu pr\u00edslu\u0161nej slu\u017eby, napr. nastaven\u00edm opt-out cookie.<\/p>\n<p>Ak sa tak rozhodnete, extern\u00fd poskytovate\u013e u\u017e nebude v bud\u00facnosti spracov\u00e1va\u0165 \u00fadaje o va\u0161om spr\u00e1van\u00ed pri pou\u017e\u00edvan\u00ed. Je tie\u017e mo\u017en\u00e9 selekt\u00edvne namieta\u0165 proti jednotliv\u00fdm extern\u00fdm slu\u017eb\u00e1m. Ak zmen\u00edte prehliada\u010d alebo koncov\u00e9 zariadenie alebo odstr\u00e1nite v\u0161etky svoje s\u00fabory cookie, mus\u00edte znova nastavi\u0165 s\u00fabor cookie deaktiv\u00e1cie.<\/p>\n<h5><strong>Kontaktuj n\u00e1s<\/strong><\/h5>\n<p>Ak m\u00e1te ak\u00e9ko\u013evek ot\u00e1zky t\u00fdkaj\u00face sa t\u00fdchto z\u00e1sad ochrany osobn\u00fdch \u00fadajov, kontaktujte n\u00e1s zaslan\u00edm e-mailu na adresu: <a href=\"mailto:info@visitteo.com\" target=\"_blank\" rel=\"noopener noreferrer\">info@visitteo.com<\/a><\/p>\n<p><em>Posledn\u00e1 aktualiz\u00e1cia: 26. okt\u00f3bra 2020<\/em><\/p>\n<p>&nbsp;<\/p>\n","protected":false},"excerpt":{"rendered":"<p>Upozor\u0148ujeme, \u017ee praktiky spolo\u010dnosti Atlas LLC. (\u201eMy\u201c, \u201ena\u0161i\u201c alebo \u201en\u00e1s\u201c), t\u00fdkaj\u00face sa osobn\u00fdch \u00fadajov, sa riadia t\u00fdmito z\u00e1sadami ochrany osobn\u00fdch \u00fadajov, preto\u017ee m\u00f4\u017eu by\u0165 z \u010dasu na \u010das zmenen\u00e9 a doplnen\u00e9. Tieto z\u00e1sady ochrany osobn\u00fdch \u00fadajov upravuj\u00fa osobn\u00e9 inform\u00e1cie, ktor\u00e9 zhroma\u017e\u010fujeme prostredn\u00edctvom tejto webovej str\u00e1nky www.visitteo.com (\u201ewebov\u00e1 str\u00e1nka\u201c). Tieto z\u00e1sady ochrany osobn\u00fdch \u00fadajov popisuj\u00fa postupy [&hellip;]<\/p>\n","protected":false},"author":5,"featured_media":0,"parent":0,"menu_order":100,"comment_status":"closed","ping_status":"closed","template":"","meta":{"_acf_changed":false,"footnotes":""},"class_list":["post-5287","page","type-page","status-publish","hentry"],"acf":[],"yoast_head":"<!-- This site is optimized with the Yoast SEO plugin v27.3 - https:\/\/yoast.com\/product\/yoast-seo-wordpress\/ -->\n<title>Z\u00e1sady ochrany osobn\u00fdch \u00fadajov - Visitteo<\/title>\n<meta name=\"description\" content=\"Tieto z\u00e1sady ochrany osobn\u00fdch \u00fadajov popisuj\u00fa postupy spolo\u010dnosti Visitteo t\u00fdkaj\u00face sa osobne identifikovate\u013en\u00fdch inform\u00e1ci\u00ed a \u00fadajov (\u201eosobn\u00e9 inform\u00e1cie\u201c).\" \/>\n<meta name=\"robots\" content=\"index, follow, max-snippet:-1, max-image-preview:large, max-video-preview:-1\" \/>\n<link rel=\"canonical\" href=\"https:\/\/visitteo.com\/sk\/zasady-ochrany-osobnych-udajov\/\" \/>\n<meta property=\"og:locale\" content=\"sk_SK\" \/>\n<meta property=\"og:type\" content=\"article\" \/>\n<meta property=\"og:title\" content=\"Z\u00e1sady ochrany osobn\u00fdch \u00fadajov - Visitteo\" \/>\n<meta property=\"og:description\" content=\"Tieto z\u00e1sady ochrany osobn\u00fdch \u00fadajov popisuj\u00fa postupy spolo\u010dnosti Visitteo t\u00fdkaj\u00face sa osobne identifikovate\u013en\u00fdch inform\u00e1ci\u00ed a \u00fadajov (\u201eosobn\u00e9 inform\u00e1cie\u201c).\" \/>\n<meta property=\"og:url\" content=\"https:\/\/visitteo.com\/sk\/zasady-ochrany-osobnych-udajov\/\" \/>\n<meta property=\"og:site_name\" content=\"Visitteo\" \/>\n<meta property=\"article:publisher\" content=\"https:\/\/www.facebook.com\/visitteo\/\" \/>\n<meta property=\"article:modified_time\" content=\"2020-12-15T09:03:59+00:00\" \/>\n<meta property=\"og:image\" content=\"https:\/\/visitteo.com\/wp-content\/uploads\/2022\/10\/share-1.jpg\" \/>\n\t<meta property=\"og:image:width\" content=\"1200\" \/>\n\t<meta property=\"og:image:height\" content=\"630\" \/>\n\t<meta property=\"og:image:type\" content=\"image\/jpeg\" \/>\n<meta name=\"twitter:card\" content=\"summary_large_image\" \/>\n<meta name=\"twitter:site\" content=\"@visitteo\" \/>\n<meta name=\"twitter:label1\" content=\"Predpokladan\u00fd \u010das \u010d\u00edtania\" \/>\n\t<meta name=\"twitter:data1\" content=\"10 min\u00fat\" \/>\n<script type=\"application\/ld+json\" class=\"yoast-schema-graph\">{\"@context\":\"https:\\\/\\\/schema.org\",\"@graph\":[{\"@type\":\"WebPage\",\"@id\":\"https:\\\/\\\/visitteo.com\\\/sk\\\/zasady-ochrany-osobnych-udajov\\\/\",\"url\":\"https:\\\/\\\/visitteo.com\\\/sk\\\/zasady-ochrany-osobnych-udajov\\\/\",\"name\":\"Z\u00e1sady ochrany osobn\u00fdch \u00fadajov - Visitteo\",\"isPartOf\":{\"@id\":\"https:\\\/\\\/visitteo.com\\\/sk\\\/#website\"},\"datePublished\":\"2017-04-25T11:00:59+00:00\",\"dateModified\":\"2020-12-15T09:03:59+00:00\",\"description\":\"Tieto z\u00e1sady ochrany osobn\u00fdch \u00fadajov popisuj\u00fa postupy spolo\u010dnosti Visitteo t\u00fdkaj\u00face sa osobne identifikovate\u013en\u00fdch inform\u00e1ci\u00ed a \u00fadajov (\u201eosobn\u00e9 inform\u00e1cie\u201c).\",\"breadcrumb\":{\"@id\":\"https:\\\/\\\/visitteo.com\\\/sk\\\/zasady-ochrany-osobnych-udajov\\\/#breadcrumb\"},\"inLanguage\":\"sk-SK\",\"potentialAction\":[{\"@type\":\"ReadAction\",\"target\":[\"https:\\\/\\\/visitteo.com\\\/sk\\\/zasady-ochrany-osobnych-udajov\\\/\"]}]},{\"@type\":\"BreadcrumbList\",\"@id\":\"https:\\\/\\\/visitteo.com\\\/sk\\\/zasady-ochrany-osobnych-udajov\\\/#breadcrumb\",\"itemListElement\":[{\"@type\":\"ListItem\",\"position\":1,\"name\":\"Homepage\",\"item\":\"https:\\\/\\\/visitteo.com\\\/sk\\\/\"},{\"@type\":\"ListItem\",\"position\":2,\"name\":\"Z\u00e1sady ochrany osobn\u00fdch \u00fadajov\"}]},{\"@type\":\"WebSite\",\"@id\":\"https:\\\/\\\/visitteo.com\\\/sk\\\/#website\",\"url\":\"https:\\\/\\\/visitteo.com\\\/sk\\\/\",\"name\":\"Visitteo\",\"description\":\"Visitteo is a metasearch engine for car rental.\",\"publisher\":{\"@id\":\"https:\\\/\\\/visitteo.com\\\/sk\\\/#organization\"},\"potentialAction\":[{\"@type\":\"SearchAction\",\"target\":{\"@type\":\"EntryPoint\",\"urlTemplate\":\"https:\\\/\\\/visitteo.com\\\/sk\\\/?s={search_term_string}\"},\"query-input\":{\"@type\":\"PropertyValueSpecification\",\"valueRequired\":true,\"valueName\":\"search_term_string\"}}],\"inLanguage\":\"sk-SK\"},{\"@type\":\"Organization\",\"@id\":\"https:\\\/\\\/visitteo.com\\\/sk\\\/#organization\",\"name\":\"Visitteo\",\"url\":\"https:\\\/\\\/visitteo.com\\\/sk\\\/\",\"logo\":{\"@type\":\"ImageObject\",\"inLanguage\":\"sk-SK\",\"@id\":\"https:\\\/\\\/visitteo.com\\\/sk\\\/#\\\/schema\\\/logo\\\/image\\\/\",\"url\":\"https:\\\/\\\/visitteo.com\\\/wp-content\\\/uploads\\\/2024\\\/09\\\/organization_logo.png\",\"contentUrl\":\"https:\\\/\\\/visitteo.com\\\/wp-content\\\/uploads\\\/2024\\\/09\\\/organization_logo.png\",\"width\":840,\"height\":840,\"caption\":\"Visitteo\"},\"image\":{\"@id\":\"https:\\\/\\\/visitteo.com\\\/sk\\\/#\\\/schema\\\/logo\\\/image\\\/\"},\"sameAs\":[\"https:\\\/\\\/www.facebook.com\\\/visitteo\\\/\",\"https:\\\/\\\/x.com\\\/visitteo\",\"https:\\\/\\\/www.instagram.com\\\/visitteo\\\/\",\"https:\\\/\\\/www.pinterest.com\\\/visitteo\\\/pins\\\/\"]}]}<\/script>\n<!-- \/ Yoast SEO plugin. -->","yoast_head_json":{"title":"Z\u00e1sady ochrany osobn\u00fdch \u00fadajov - Visitteo","description":"Tieto z\u00e1sady ochrany osobn\u00fdch \u00fadajov popisuj\u00fa postupy spolo\u010dnosti Visitteo t\u00fdkaj\u00face sa osobne identifikovate\u013en\u00fdch inform\u00e1ci\u00ed a \u00fadajov (\u201eosobn\u00e9 inform\u00e1cie\u201c).","robots":{"index":"index","follow":"follow","max-snippet":"max-snippet:-1","max-image-preview":"max-image-preview:large","max-video-preview":"max-video-preview:-1"},"canonical":"https:\/\/visitteo.com\/sk\/zasady-ochrany-osobnych-udajov\/","og_locale":"sk_SK","og_type":"article","og_title":"Z\u00e1sady ochrany osobn\u00fdch \u00fadajov - Visitteo","og_description":"Tieto z\u00e1sady ochrany osobn\u00fdch \u00fadajov popisuj\u00fa postupy spolo\u010dnosti Visitteo t\u00fdkaj\u00face sa osobne identifikovate\u013en\u00fdch inform\u00e1ci\u00ed a \u00fadajov (\u201eosobn\u00e9 inform\u00e1cie\u201c).","og_url":"https:\/\/visitteo.com\/sk\/zasady-ochrany-osobnych-udajov\/","og_site_name":"Visitteo","article_publisher":"https:\/\/www.facebook.com\/visitteo\/","article_modified_time":"2020-12-15T09:03:59+00:00","og_image":[{"width":1200,"height":630,"url":"https:\/\/visitteo.com\/wp-content\/uploads\/2022\/10\/share-1.jpg","type":"image\/jpeg"}],"twitter_card":"summary_large_image","twitter_site":"@visitteo","twitter_misc":{"Predpokladan\u00fd \u010das \u010d\u00edtania":"10 min\u00fat"},"schema":{"@context":"https:\/\/schema.org","@graph":[{"@type":"WebPage","@id":"https:\/\/visitteo.com\/sk\/zasady-ochrany-osobnych-udajov\/","url":"https:\/\/visitteo.com\/sk\/zasady-ochrany-osobnych-udajov\/","name":"Z\u00e1sady ochrany osobn\u00fdch \u00fadajov - Visitteo","isPartOf":{"@id":"https:\/\/visitteo.com\/sk\/#website"},"datePublished":"2017-04-25T11:00:59+00:00","dateModified":"2020-12-15T09:03:59+00:00","description":"Tieto z\u00e1sady ochrany osobn\u00fdch \u00fadajov popisuj\u00fa postupy spolo\u010dnosti Visitteo t\u00fdkaj\u00face sa osobne identifikovate\u013en\u00fdch inform\u00e1ci\u00ed a \u00fadajov (\u201eosobn\u00e9 inform\u00e1cie\u201c).","breadcrumb":{"@id":"https:\/\/visitteo.com\/sk\/zasady-ochrany-osobnych-udajov\/#breadcrumb"},"inLanguage":"sk-SK","potentialAction":[{"@type":"ReadAction","target":["https:\/\/visitteo.com\/sk\/zasady-ochrany-osobnych-udajov\/"]}]},{"@type":"BreadcrumbList","@id":"https:\/\/visitteo.com\/sk\/zasady-ochrany-osobnych-udajov\/#breadcrumb","itemListElement":[{"@type":"ListItem","position":1,"name":"Homepage","item":"https:\/\/visitteo.com\/sk\/"},{"@type":"ListItem","position":2,"name":"Z\u00e1sady ochrany osobn\u00fdch \u00fadajov"}]},{"@type":"WebSite","@id":"https:\/\/visitteo.com\/sk\/#website","url":"https:\/\/visitteo.com\/sk\/","name":"Visitteo","description":"Visitteo is a metasearch engine for car rental.","publisher":{"@id":"https:\/\/visitteo.com\/sk\/#organization"},"potentialAction":[{"@type":"SearchAction","target":{"@type":"EntryPoint","urlTemplate":"https:\/\/visitteo.com\/sk\/?s={search_term_string}"},"query-input":{"@type":"PropertyValueSpecification","valueRequired":true,"valueName":"search_term_string"}}],"inLanguage":"sk-SK"},{"@type":"Organization","@id":"https:\/\/visitteo.com\/sk\/#organization","name":"Visitteo","url":"https:\/\/visitteo.com\/sk\/","logo":{"@type":"ImageObject","inLanguage":"sk-SK","@id":"https:\/\/visitteo.com\/sk\/#\/schema\/logo\/image\/","url":"https:\/\/visitteo.com\/wp-content\/uploads\/2024\/09\/organization_logo.png","contentUrl":"https:\/\/visitteo.com\/wp-content\/uploads\/2024\/09\/organization_logo.png","width":840,"height":840,"caption":"Visitteo"},"image":{"@id":"https:\/\/visitteo.com\/sk\/#\/schema\/logo\/image\/"},"sameAs":["https:\/\/www.facebook.com\/visitteo\/","https:\/\/x.com\/visitteo","https:\/\/www.instagram.com\/visitteo\/","https:\/\/www.pinterest.com\/visitteo\/pins\/"]}]}},"_links":{"self":[{"href":"https:\/\/visitteo.com\/sk\/wp-json\/wp\/v2\/pages\/5287","targetHints":{"allow":["GET"]}}],"collection":[{"href":"https:\/\/visitteo.com\/sk\/wp-json\/wp\/v2\/pages"}],"about":[{"href":"https:\/\/visitteo.com\/sk\/wp-json\/wp\/v2\/types\/page"}],"author":[{"embeddable":true,"href":"https:\/\/visitteo.com\/sk\/wp-json\/wp\/v2\/users\/5"}],"replies":[{"embeddable":true,"href":"https:\/\/visitteo.com\/sk\/wp-json\/wp\/v2\/comments?post=5287"}],"version-history":[{"count":0,"href":"https:\/\/visitteo.com\/sk\/wp-json\/wp\/v2\/pages\/5287\/revisions"}],"wp:attachment":[{"href":"https:\/\/visitteo.com\/sk\/wp-json\/wp\/v2\/media?parent=5287"}],"curies":[{"name":"wp","href":"https:\/\/api.w.org\/{rel}","templated":true}]}}