{"id":1215,"date":"2017-02-22T12:45:11","date_gmt":"2017-02-22T11:45:11","guid":{"rendered":"https:\/\/visitteo.com\/homepage\/"},"modified":"2026-02-14T12:59:44","modified_gmt":"2026-02-14T11:59:44","slug":"visitteo","status":"publish","type":"page","link":"https:\/\/visitteo.com\/sl\/","title":{"rendered":"Homepage"},"content":{"rendered":"<p>[do_widget &#8220;Visiteeo Search Widget&#8221;]<\/p>\n","protected":false},"excerpt":{"rendered":"<p>[do_widget &#8220;Visiteeo Search Widget&#8221;]<\/p>\n","protected":false},"author":5,"featured_media":1447,"parent":0,"menu_order":1,"comment_status":"closed","ping_status":"closed","template":"","meta":{"_acf_changed":false,"footnotes":""},"class_list":["post-1215","page","type-page","status-publish","has-post-thumbnail","hentry"],"acf":[],"yoast_head":"<!-- This site is optimized with the Yoast SEO plugin v27.1.1 - https:\/\/yoast.com\/product\/yoast-seo-wordpress\/ -->\n<title>Visitteo | Poceni Najem Avtomobilov - Primerjaj in Prihrani<\/title>\n<meta name=\"description\" content=\"Primerjajte cene najema vozil in prihranite \u010das in denar z Visitteo. Poi\u0161\u010dite najbolj\u0161e ponudbe, ki so na voljo na ve\u010d kot 500 mestih za najem avtomobilov hkrati.\" \/>\n<meta name=\"robots\" content=\"index, follow, max-snippet:-1, max-image-preview:large, max-video-preview:-1\" \/>\n<link rel=\"canonical\" href=\"https:\/\/visitteo.com\/sl\/\" \/>\n<meta property=\"og:locale\" content=\"sl_SI\" \/>\n<meta property=\"og:type\" content=\"article\" \/>\n<meta property=\"og:title\" content=\"Visitteo | Holiday Rentals, Apartments &amp; Villas in Croatia\" \/>\n<meta property=\"og:description\" content=\"Primerjajte cene najema vozil in prihranite \u010das in denar z Visitteo. Poi\u0161\u010dite najbolj\u0161e ponudbe, ki so na voljo na ve\u010d kot 500 mestih za najem avtomobilov hkrati.\" \/>\n<meta property=\"og:url\" content=\"https:\/\/visitteo.com\/sl\/\" \/>\n<meta property=\"og:site_name\" content=\"Visitteo\" \/>\n<meta property=\"article:publisher\" content=\"https:\/\/www.facebook.com\/visitteo\/\" \/>\n<meta property=\"article:modified_time\" content=\"2026-02-14T11:59:44+00:00\" \/>\n<meta property=\"og:image\" content=\"https:\/\/visitteo.com\/wp-content\/uploads\/2020\/12\/St.-Peter-lighthouse-Makarska-Croatia.jpg\" \/>\n\t<meta property=\"og:image:width\" content=\"1200\" \/>\n\t<meta property=\"og:image:height\" content=\"628\" \/>\n\t<meta property=\"og:image:type\" content=\"image\/jpeg\" \/>\n<meta name=\"twitter:card\" content=\"summary_large_image\" \/>\n<meta name=\"twitter:title\" content=\"Visitteo | Holiday Rentals, Apartments &amp; Villas in Croatia\" \/>\n<meta name=\"twitter:site\" content=\"@visitteo\" \/>\n<meta name=\"twitter:label1\" content=\"Est. reading time\" \/>\n\t<meta name=\"twitter:data1\" content=\"7 minut\" \/>\n<script type=\"application\/ld+json\" class=\"yoast-schema-graph\">{\"@context\":\"https:\/\/schema.org\",\"@graph\":[{\"@type\":\"WebPage\",\"@id\":\"https:\/\/visitteo.com\/sl\/\",\"url\":\"https:\/\/visitteo.com\/sl\/\",\"name\":\"Visitteo | Poceni Najem Avtomobilov - Primerjaj in Prihrani\",\"isPartOf\":{\"@id\":\"https:\/\/visitteo.com\/sl\/#website\"},\"primaryImageOfPage\":{\"@id\":\"https:\/\/visitteo.com\/sl\/#primaryimage\"},\"image\":{\"@id\":\"https:\/\/visitteo.com\/sl\/#primaryimage\"},\"thumbnailUrl\":\"https:\/\/visitteo.com\/wp-content\/uploads\/2020\/10\/5.-Petak-1.jpg\",\"datePublished\":\"2017-02-22T11:45:11+00:00\",\"dateModified\":\"2026-02-14T11:59:44+00:00\",\"description\":\"Primerjajte cene najema vozil in prihranite \u010das in denar z Visitteo. Poi\u0161\u010dite najbolj\u0161e ponudbe, ki so na voljo na ve\u010d kot 500 mestih za najem avtomobilov hkrati.\",\"breadcrumb\":{\"@id\":\"https:\/\/visitteo.com\/sl\/#breadcrumb\"},\"inLanguage\":\"sl-SI\",\"potentialAction\":[{\"@type\":\"ReadAction\",\"target\":[\"https:\/\/visitteo.com\/sl\/\"]}]},{\"@type\":\"ImageObject\",\"inLanguage\":\"sl-SI\",\"@id\":\"https:\/\/visitteo.com\/sl\/#primaryimage\",\"url\":\"https:\/\/visitteo.com\/wp-content\/uploads\/2020\/10\/5.-Petak-1.jpg\",\"contentUrl\":\"https:\/\/visitteo.com\/wp-content\/uploads\/2020\/10\/5.-Petak-1.jpg\",\"width\":1600,\"height\":1064},{\"@type\":\"BreadcrumbList\",\"@id\":\"https:\/\/visitteo.com\/sl\/#breadcrumb\",\"itemListElement\":[{\"@type\":\"ListItem\",\"position\":1,\"name\":\"Homepage\",\"item\":\"https:\/\/visitteo.com\/sl\/\"},{\"@type\":\"ListItem\",\"position\":2,\"name\":\"Homepage\"}]},{\"@type\":\"WebSite\",\"@id\":\"https:\/\/visitteo.com\/sl\/#website\",\"url\":\"https:\/\/visitteo.com\/sl\/\",\"name\":\"Visitteo\",\"description\":\"Visitteo is a metasearch engine for car rental.\",\"publisher\":{\"@id\":\"https:\/\/visitteo.com\/sl\/#organization\"},\"potentialAction\":[{\"@type\":\"SearchAction\",\"target\":{\"@type\":\"EntryPoint\",\"urlTemplate\":\"https:\/\/visitteo.com\/sl\/?s={search_term_string}\"},\"query-input\":{\"@type\":\"PropertyValueSpecification\",\"valueRequired\":true,\"valueName\":\"search_term_string\"}}],\"inLanguage\":\"sl-SI\"},{\"@type\":\"Organization\",\"@id\":\"https:\/\/visitteo.com\/sl\/#organization\",\"name\":\"Visitteo\",\"url\":\"https:\/\/visitteo.com\/sl\/\",\"logo\":{\"@type\":\"ImageObject\",\"inLanguage\":\"sl-SI\",\"@id\":\"https:\/\/visitteo.com\/sl\/#\/schema\/logo\/image\/\",\"url\":\"https:\/\/visitteo.com\/wp-content\/uploads\/2024\/09\/organization_logo.png\",\"contentUrl\":\"https:\/\/visitteo.com\/wp-content\/uploads\/2024\/09\/organization_logo.png\",\"width\":840,\"height\":840,\"caption\":\"Visitteo\"},\"image\":{\"@id\":\"https:\/\/visitteo.com\/sl\/#\/schema\/logo\/image\/\"},\"sameAs\":[\"https:\/\/www.facebook.com\/visitteo\/\",\"https:\/\/x.com\/visitteo\",\"https:\/\/www.instagram.com\/visitteo\/\",\"https:\/\/www.pinterest.com\/visitteo\/pins\/\"]}]}<\/script>\n<!-- \/ Yoast SEO plugin. -->","yoast_head_json":{"title":"Visitteo | Poceni Najem Avtomobilov - Primerjaj in Prihrani","description":"Primerjajte cene najema vozil in prihranite \u010das in denar z Visitteo. Poi\u0161\u010dite najbolj\u0161e ponudbe, ki so na voljo na ve\u010d kot 500 mestih za najem avtomobilov hkrati.","robots":{"index":"index","follow":"follow","max-snippet":"max-snippet:-1","max-image-preview":"max-image-preview:large","max-video-preview":"max-video-preview:-1"},"canonical":"https:\/\/visitteo.com\/sl\/","og_locale":"sl_SI","og_type":"article","og_title":"Visitteo | Holiday Rentals, Apartments & Villas in Croatia","og_description":"Primerjajte cene najema vozil in prihranite \u010das in denar z Visitteo. Poi\u0161\u010dite najbolj\u0161e ponudbe, ki so na voljo na ve\u010d kot 500 mestih za najem avtomobilov hkrati.","og_url":"https:\/\/visitteo.com\/sl\/","og_site_name":"Visitteo","article_publisher":"https:\/\/www.facebook.com\/visitteo\/","article_modified_time":"2026-02-14T11:59:44+00:00","og_image":[{"width":1200,"height":628,"url":"https:\/\/visitteo.com\/wp-content\/uploads\/2020\/12\/St.-Peter-lighthouse-Makarska-Croatia.jpg","type":"image\/jpeg"}],"twitter_card":"summary_large_image","twitter_title":"Visitteo | Holiday Rentals, Apartments & Villas in Croatia","twitter_site":"@visitteo","twitter_misc":{"Est. reading time":"7 minut"},"schema":{"@context":"https:\/\/schema.org","@graph":[{"@type":"WebPage","@id":"https:\/\/visitteo.com\/sl\/","url":"https:\/\/visitteo.com\/sl\/","name":"Visitteo | Poceni Najem Avtomobilov - Primerjaj in Prihrani","isPartOf":{"@id":"https:\/\/visitteo.com\/sl\/#website"},"primaryImageOfPage":{"@id":"https:\/\/visitteo.com\/sl\/#primaryimage"},"image":{"@id":"https:\/\/visitteo.com\/sl\/#primaryimage"},"thumbnailUrl":"https:\/\/visitteo.com\/wp-content\/uploads\/2020\/10\/5.-Petak-1.jpg","datePublished":"2017-02-22T11:45:11+00:00","dateModified":"2026-02-14T11:59:44+00:00","description":"Primerjajte cene najema vozil in prihranite \u010das in denar z Visitteo. Poi\u0161\u010dite najbolj\u0161e ponudbe, ki so na voljo na ve\u010d kot 500 mestih za najem avtomobilov hkrati.","breadcrumb":{"@id":"https:\/\/visitteo.com\/sl\/#breadcrumb"},"inLanguage":"sl-SI","potentialAction":[{"@type":"ReadAction","target":["https:\/\/visitteo.com\/sl\/"]}]},{"@type":"ImageObject","inLanguage":"sl-SI","@id":"https:\/\/visitteo.com\/sl\/#primaryimage","url":"https:\/\/visitteo.com\/wp-content\/uploads\/2020\/10\/5.-Petak-1.jpg","contentUrl":"https:\/\/visitteo.com\/wp-content\/uploads\/2020\/10\/5.-Petak-1.jpg","width":1600,"height":1064},{"@type":"BreadcrumbList","@id":"https:\/\/visitteo.com\/sl\/#breadcrumb","itemListElement":[{"@type":"ListItem","position":1,"name":"Homepage","item":"https:\/\/visitteo.com\/sl\/"},{"@type":"ListItem","position":2,"name":"Homepage"}]},{"@type":"WebSite","@id":"https:\/\/visitteo.com\/sl\/#website","url":"https:\/\/visitteo.com\/sl\/","name":"Visitteo","description":"Visitteo is a metasearch engine for car rental.","publisher":{"@id":"https:\/\/visitteo.com\/sl\/#organization"},"potentialAction":[{"@type":"SearchAction","target":{"@type":"EntryPoint","urlTemplate":"https:\/\/visitteo.com\/sl\/?s={search_term_string}"},"query-input":{"@type":"PropertyValueSpecification","valueRequired":true,"valueName":"search_term_string"}}],"inLanguage":"sl-SI"},{"@type":"Organization","@id":"https:\/\/visitteo.com\/sl\/#organization","name":"Visitteo","url":"https:\/\/visitteo.com\/sl\/","logo":{"@type":"ImageObject","inLanguage":"sl-SI","@id":"https:\/\/visitteo.com\/sl\/#\/schema\/logo\/image\/","url":"https:\/\/visitteo.com\/wp-content\/uploads\/2024\/09\/organization_logo.png","contentUrl":"https:\/\/visitteo.com\/wp-content\/uploads\/2024\/09\/organization_logo.png","width":840,"height":840,"caption":"Visitteo"},"image":{"@id":"https:\/\/visitteo.com\/sl\/#\/schema\/logo\/image\/"},"sameAs":["https:\/\/www.facebook.com\/visitteo\/","https:\/\/x.com\/visitteo","https:\/\/www.instagram.com\/visitteo\/","https:\/\/www.pinterest.com\/visitteo\/pins\/"]}]}},"_links":{"self":[{"href":"https:\/\/visitteo.com\/sl\/wp-json\/wp\/v2\/pages\/1215","targetHints":{"allow":["GET"]}}],"collection":[{"href":"https:\/\/visitteo.com\/sl\/wp-json\/wp\/v2\/pages"}],"about":[{"href":"https:\/\/visitteo.com\/sl\/wp-json\/wp\/v2\/types\/page"}],"author":[{"embeddable":true,"href":"https:\/\/visitteo.com\/sl\/wp-json\/wp\/v2\/users\/5"}],"replies":[{"embeddable":true,"href":"https:\/\/visitteo.com\/sl\/wp-json\/wp\/v2\/comments?post=1215"}],"version-history":[{"count":1,"href":"https:\/\/visitteo.com\/sl\/wp-json\/wp\/v2\/pages\/1215\/revisions"}],"predecessor-version":[{"id":61147,"href":"https:\/\/visitteo.com\/sl\/wp-json\/wp\/v2\/pages\/1215\/revisions\/61147"}],"wp:featuredmedia":[{"embeddable":true,"href":"https:\/\/visitteo.com\/sl\/wp-json\/wp\/v2\/media\/1447"}],"wp:attachment":[{"href":"https:\/\/visitteo.com\/sl\/wp-json\/wp\/v2\/media?parent=1215"}],"curies":[{"name":"wp","href":"https:\/\/api.w.org\/{rel}","templated":true}]}}