{"id":5059,"date":"2020-09-30T18:33:08","date_gmt":"2020-09-30T16:33:08","guid":{"rendered":"https:\/\/visitteo.com\/about-croatia\/"},"modified":"2022-02-15T23:56:14","modified_gmt":"2022-02-15T22:56:14","slug":"odkrijte-hrvasko","status":"publish","type":"page","link":"https:\/\/visitteo.com\/sl\/odkrijte-hrvasko\/","title":{"rendered":"Odkrijte Hrva\u0161ko"},"content":{"rendered":"","protected":false},"excerpt":{"rendered":"","protected":false},"author":5,"featured_media":1268,"parent":0,"menu_order":11,"comment_status":"closed","ping_status":"closed","template":"page-custom-content.php","meta":{"_acf_changed":false,"footnotes":""},"class_list":["post-5059","page","type-page","status-publish","has-post-thumbnail","hentry"],"acf":[],"yoast_head":"<!-- This site is optimized with the Yoast SEO plugin v27.3 - https:\/\/yoast.com\/product\/yoast-seo-wordpress\/ -->\n<title>Odkrijte Hrva\u0161ko - Visitteo<\/title>\n<meta name=\"description\" content=\"Hrva\u0161ka je sicer majhna dr\u017eava, ki pa kar prekipeva od dragocenih spomenikov kulturne in zgodovinske dedi\u0161\u010dine.\" \/>\n<meta name=\"robots\" content=\"index, follow, max-snippet:-1, max-image-preview:large, max-video-preview:-1\" \/>\n<link rel=\"canonical\" href=\"https:\/\/visitteo.com\/sl\/odkrijte-hrvasko\/\" \/>\n<meta property=\"og:locale\" content=\"sl_SI\" \/>\n<meta property=\"og:type\" content=\"article\" \/>\n<meta property=\"og:title\" content=\"Odkrijte Hrva\u0161ko - Visitteo\" \/>\n<meta property=\"og:description\" content=\"Hrva\u0161ka je sicer majhna dr\u017eava, ki pa kar prekipeva od dragocenih spomenikov kulturne in zgodovinske dedi\u0161\u010dine.\" \/>\n<meta property=\"og:url\" content=\"https:\/\/visitteo.com\/sl\/odkrijte-hrvasko\/\" \/>\n<meta property=\"og:site_name\" content=\"Visitteo\" \/>\n<meta property=\"article:publisher\" content=\"https:\/\/www.facebook.com\/visitteo\/\" \/>\n<meta property=\"article:modified_time\" content=\"2022-02-15T22:56:14+00:00\" \/>\n<meta property=\"og:image\" content=\"https:\/\/visitteo.com\/wp-content\/uploads\/2020\/10\/01.jpg\" \/>\n\t<meta property=\"og:image:width\" content=\"1680\" \/>\n\t<meta property=\"og:image:height\" content=\"600\" \/>\n\t<meta property=\"og:image:type\" content=\"image\/jpeg\" \/>\n<meta name=\"twitter:card\" content=\"summary_large_image\" \/>\n<meta name=\"twitter:site\" content=\"@visitteo\" \/>\n<script type=\"application\/ld+json\" class=\"yoast-schema-graph\">{\"@context\":\"https:\\\/\\\/schema.org\",\"@graph\":[{\"@type\":\"WebPage\",\"@id\":\"https:\\\/\\\/visitteo.com\\\/sl\\\/odkrijte-hrvasko\\\/\",\"url\":\"https:\\\/\\\/visitteo.com\\\/sl\\\/odkrijte-hrvasko\\\/\",\"name\":\"Odkrijte Hrva\u0161ko - Visitteo\",\"isPartOf\":{\"@id\":\"https:\\\/\\\/visitteo.com\\\/sl\\\/#website\"},\"primaryImageOfPage\":{\"@id\":\"https:\\\/\\\/visitteo.com\\\/sl\\\/odkrijte-hrvasko\\\/#primaryimage\"},\"image\":{\"@id\":\"https:\\\/\\\/visitteo.com\\\/sl\\\/odkrijte-hrvasko\\\/#primaryimage\"},\"thumbnailUrl\":\"https:\\\/\\\/visitteo.com\\\/wp-content\\\/uploads\\\/2020\\\/10\\\/01.jpg\",\"datePublished\":\"2020-09-30T16:33:08+00:00\",\"dateModified\":\"2022-02-15T22:56:14+00:00\",\"description\":\"Hrva\u0161ka je sicer majhna dr\u017eava, ki pa kar prekipeva od dragocenih spomenikov kulturne in zgodovinske dedi\u0161\u010dine.\",\"breadcrumb\":{\"@id\":\"https:\\\/\\\/visitteo.com\\\/sl\\\/odkrijte-hrvasko\\\/#breadcrumb\"},\"inLanguage\":\"sl-SI\",\"potentialAction\":[{\"@type\":\"ReadAction\",\"target\":[\"https:\\\/\\\/visitteo.com\\\/sl\\\/odkrijte-hrvasko\\\/\"]}]},{\"@type\":\"ImageObject\",\"inLanguage\":\"sl-SI\",\"@id\":\"https:\\\/\\\/visitteo.com\\\/sl\\\/odkrijte-hrvasko\\\/#primaryimage\",\"url\":\"https:\\\/\\\/visitteo.com\\\/wp-content\\\/uploads\\\/2020\\\/10\\\/01.jpg\",\"contentUrl\":\"https:\\\/\\\/visitteo.com\\\/wp-content\\\/uploads\\\/2020\\\/10\\\/01.jpg\",\"width\":1680,\"height\":600},{\"@type\":\"BreadcrumbList\",\"@id\":\"https:\\\/\\\/visitteo.com\\\/sl\\\/odkrijte-hrvasko\\\/#breadcrumb\",\"itemListElement\":[{\"@type\":\"ListItem\",\"position\":1,\"name\":\"Homepage\",\"item\":\"https:\\\/\\\/visitteo.com\\\/sl\\\/\"},{\"@type\":\"ListItem\",\"position\":2,\"name\":\"Odkrijte Hrva\u0161ko\"}]},{\"@type\":\"WebSite\",\"@id\":\"https:\\\/\\\/visitteo.com\\\/sl\\\/#website\",\"url\":\"https:\\\/\\\/visitteo.com\\\/sl\\\/\",\"name\":\"Visitteo\",\"description\":\"Visitteo is a metasearch engine for car rental.\",\"publisher\":{\"@id\":\"https:\\\/\\\/visitteo.com\\\/sl\\\/#organization\"},\"potentialAction\":[{\"@type\":\"SearchAction\",\"target\":{\"@type\":\"EntryPoint\",\"urlTemplate\":\"https:\\\/\\\/visitteo.com\\\/sl\\\/?s={search_term_string}\"},\"query-input\":{\"@type\":\"PropertyValueSpecification\",\"valueRequired\":true,\"valueName\":\"search_term_string\"}}],\"inLanguage\":\"sl-SI\"},{\"@type\":\"Organization\",\"@id\":\"https:\\\/\\\/visitteo.com\\\/sl\\\/#organization\",\"name\":\"Visitteo\",\"url\":\"https:\\\/\\\/visitteo.com\\\/sl\\\/\",\"logo\":{\"@type\":\"ImageObject\",\"inLanguage\":\"sl-SI\",\"@id\":\"https:\\\/\\\/visitteo.com\\\/sl\\\/#\\\/schema\\\/logo\\\/image\\\/\",\"url\":\"https:\\\/\\\/visitteo.com\\\/wp-content\\\/uploads\\\/2024\\\/09\\\/organization_logo.png\",\"contentUrl\":\"https:\\\/\\\/visitteo.com\\\/wp-content\\\/uploads\\\/2024\\\/09\\\/organization_logo.png\",\"width\":840,\"height\":840,\"caption\":\"Visitteo\"},\"image\":{\"@id\":\"https:\\\/\\\/visitteo.com\\\/sl\\\/#\\\/schema\\\/logo\\\/image\\\/\"},\"sameAs\":[\"https:\\\/\\\/www.facebook.com\\\/visitteo\\\/\",\"https:\\\/\\\/x.com\\\/visitteo\",\"https:\\\/\\\/www.instagram.com\\\/visitteo\\\/\",\"https:\\\/\\\/www.pinterest.com\\\/visitteo\\\/pins\\\/\"]}]}<\/script>\n<!-- \/ Yoast SEO plugin. -->","yoast_head_json":{"title":"Odkrijte Hrva\u0161ko - Visitteo","description":"Hrva\u0161ka je sicer majhna dr\u017eava, ki pa kar prekipeva od dragocenih spomenikov kulturne in zgodovinske dedi\u0161\u010dine.","robots":{"index":"index","follow":"follow","max-snippet":"max-snippet:-1","max-image-preview":"max-image-preview:large","max-video-preview":"max-video-preview:-1"},"canonical":"https:\/\/visitteo.com\/sl\/odkrijte-hrvasko\/","og_locale":"sl_SI","og_type":"article","og_title":"Odkrijte Hrva\u0161ko - Visitteo","og_description":"Hrva\u0161ka je sicer majhna dr\u017eava, ki pa kar prekipeva od dragocenih spomenikov kulturne in zgodovinske dedi\u0161\u010dine.","og_url":"https:\/\/visitteo.com\/sl\/odkrijte-hrvasko\/","og_site_name":"Visitteo","article_publisher":"https:\/\/www.facebook.com\/visitteo\/","article_modified_time":"2022-02-15T22:56:14+00:00","og_image":[{"width":1680,"height":600,"url":"https:\/\/visitteo.com\/wp-content\/uploads\/2020\/10\/01.jpg","type":"image\/jpeg"}],"twitter_card":"summary_large_image","twitter_site":"@visitteo","schema":{"@context":"https:\/\/schema.org","@graph":[{"@type":"WebPage","@id":"https:\/\/visitteo.com\/sl\/odkrijte-hrvasko\/","url":"https:\/\/visitteo.com\/sl\/odkrijte-hrvasko\/","name":"Odkrijte Hrva\u0161ko - Visitteo","isPartOf":{"@id":"https:\/\/visitteo.com\/sl\/#website"},"primaryImageOfPage":{"@id":"https:\/\/visitteo.com\/sl\/odkrijte-hrvasko\/#primaryimage"},"image":{"@id":"https:\/\/visitteo.com\/sl\/odkrijte-hrvasko\/#primaryimage"},"thumbnailUrl":"https:\/\/visitteo.com\/wp-content\/uploads\/2020\/10\/01.jpg","datePublished":"2020-09-30T16:33:08+00:00","dateModified":"2022-02-15T22:56:14+00:00","description":"Hrva\u0161ka je sicer majhna dr\u017eava, ki pa kar prekipeva od dragocenih spomenikov kulturne in zgodovinske dedi\u0161\u010dine.","breadcrumb":{"@id":"https:\/\/visitteo.com\/sl\/odkrijte-hrvasko\/#breadcrumb"},"inLanguage":"sl-SI","potentialAction":[{"@type":"ReadAction","target":["https:\/\/visitteo.com\/sl\/odkrijte-hrvasko\/"]}]},{"@type":"ImageObject","inLanguage":"sl-SI","@id":"https:\/\/visitteo.com\/sl\/odkrijte-hrvasko\/#primaryimage","url":"https:\/\/visitteo.com\/wp-content\/uploads\/2020\/10\/01.jpg","contentUrl":"https:\/\/visitteo.com\/wp-content\/uploads\/2020\/10\/01.jpg","width":1680,"height":600},{"@type":"BreadcrumbList","@id":"https:\/\/visitteo.com\/sl\/odkrijte-hrvasko\/#breadcrumb","itemListElement":[{"@type":"ListItem","position":1,"name":"Homepage","item":"https:\/\/visitteo.com\/sl\/"},{"@type":"ListItem","position":2,"name":"Odkrijte Hrva\u0161ko"}]},{"@type":"WebSite","@id":"https:\/\/visitteo.com\/sl\/#website","url":"https:\/\/visitteo.com\/sl\/","name":"Visitteo","description":"Visitteo is a metasearch engine for car rental.","publisher":{"@id":"https:\/\/visitteo.com\/sl\/#organization"},"potentialAction":[{"@type":"SearchAction","target":{"@type":"EntryPoint","urlTemplate":"https:\/\/visitteo.com\/sl\/?s={search_term_string}"},"query-input":{"@type":"PropertyValueSpecification","valueRequired":true,"valueName":"search_term_string"}}],"inLanguage":"sl-SI"},{"@type":"Organization","@id":"https:\/\/visitteo.com\/sl\/#organization","name":"Visitteo","url":"https:\/\/visitteo.com\/sl\/","logo":{"@type":"ImageObject","inLanguage":"sl-SI","@id":"https:\/\/visitteo.com\/sl\/#\/schema\/logo\/image\/","url":"https:\/\/visitteo.com\/wp-content\/uploads\/2024\/09\/organization_logo.png","contentUrl":"https:\/\/visitteo.com\/wp-content\/uploads\/2024\/09\/organization_logo.png","width":840,"height":840,"caption":"Visitteo"},"image":{"@id":"https:\/\/visitteo.com\/sl\/#\/schema\/logo\/image\/"},"sameAs":["https:\/\/www.facebook.com\/visitteo\/","https:\/\/x.com\/visitteo","https:\/\/www.instagram.com\/visitteo\/","https:\/\/www.pinterest.com\/visitteo\/pins\/"]}]}},"_links":{"self":[{"href":"https:\/\/visitteo.com\/sl\/wp-json\/wp\/v2\/pages\/5059","targetHints":{"allow":["GET"]}}],"collection":[{"href":"https:\/\/visitteo.com\/sl\/wp-json\/wp\/v2\/pages"}],"about":[{"href":"https:\/\/visitteo.com\/sl\/wp-json\/wp\/v2\/types\/page"}],"author":[{"embeddable":true,"href":"https:\/\/visitteo.com\/sl\/wp-json\/wp\/v2\/users\/5"}],"replies":[{"embeddable":true,"href":"https:\/\/visitteo.com\/sl\/wp-json\/wp\/v2\/comments?post=5059"}],"version-history":[{"count":0,"href":"https:\/\/visitteo.com\/sl\/wp-json\/wp\/v2\/pages\/5059\/revisions"}],"wp:featuredmedia":[{"embeddable":true,"href":"https:\/\/visitteo.com\/sl\/wp-json\/wp\/v2\/media\/1268"}],"wp:attachment":[{"href":"https:\/\/visitteo.com\/sl\/wp-json\/wp\/v2\/media?parent=5059"}],"curies":[{"name":"wp","href":"https:\/\/api.w.org\/{rel}","templated":true}]}}