{"id":5082,"date":"2020-11-27T12:04:55","date_gmt":"2020-11-27T11:04:55","guid":{"rendered":"https:\/\/visitteo.com\/?page_id=5082"},"modified":"2022-02-15T14:47:25","modified_gmt":"2022-02-15T13:47:25","slug":"kontakt","status":"publish","type":"page","link":"https:\/\/visitteo.com\/sl\/kontakt\/","title":{"rendered":"Kontaktiraj nas"},"content":{"rendered":"","protected":false},"excerpt":{"rendered":"","protected":false},"author":3,"featured_media":0,"parent":0,"menu_order":10,"comment_status":"closed","ping_status":"closed","template":"page-contact.php","meta":{"_acf_changed":false,"footnotes":""},"class_list":["post-5082","page","type-page","status-publish","hentry"],"acf":[],"yoast_head":"<!-- This site is optimized with the Yoast SEO plugin v27.3 - https:\/\/yoast.com\/product\/yoast-seo-wordpress\/ -->\n<title>Kontakt - Visitteo<\/title>\n<meta name=\"description\" content=\"Kontaktiraj nas - \u010ce imate kakr\u0161na koli vpra\u0161anja ali \u017eelite z nami deliti kako povratno informacijo, nam po\u0161ljite svoje komentarje.\" \/>\n<meta name=\"robots\" content=\"index, follow, max-snippet:-1, max-image-preview:large, max-video-preview:-1\" \/>\n<link rel=\"canonical\" href=\"https:\/\/visitteo.com\/sl\/kontakt\/\" \/>\n<meta property=\"og:locale\" content=\"sl_SI\" \/>\n<meta property=\"og:type\" content=\"article\" \/>\n<meta property=\"og:title\" content=\"Kontakt - Visitteo\" \/>\n<meta property=\"og:description\" content=\"Kontaktiraj nas - \u010ce imate kakr\u0161na koli vpra\u0161anja ali \u017eelite z nami deliti kako povratno informacijo, nam po\u0161ljite svoje komentarje.\" \/>\n<meta property=\"og:url\" content=\"https:\/\/visitteo.com\/sl\/kontakt\/\" \/>\n<meta property=\"og:site_name\" content=\"Visitteo\" \/>\n<meta property=\"article:publisher\" content=\"https:\/\/www.facebook.com\/visitteo\/\" \/>\n<meta property=\"article:modified_time\" content=\"2022-02-15T13:47:25+00:00\" \/>\n<meta property=\"og:image\" content=\"https:\/\/visitteo.com\/wp-content\/uploads\/2022\/10\/share-1.jpg\" \/>\n\t<meta property=\"og:image:width\" content=\"1200\" \/>\n\t<meta property=\"og:image:height\" content=\"630\" \/>\n\t<meta property=\"og:image:type\" content=\"image\/jpeg\" \/>\n<meta name=\"twitter:card\" content=\"summary_large_image\" \/>\n<meta name=\"twitter:site\" content=\"@visitteo\" \/>\n<script type=\"application\/ld+json\" class=\"yoast-schema-graph\">{\"@context\":\"https:\\\/\\\/schema.org\",\"@graph\":[{\"@type\":\"WebPage\",\"@id\":\"https:\\\/\\\/visitteo.com\\\/sl\\\/kontakt\\\/\",\"url\":\"https:\\\/\\\/visitteo.com\\\/sl\\\/kontakt\\\/\",\"name\":\"Kontakt - Visitteo\",\"isPartOf\":{\"@id\":\"https:\\\/\\\/visitteo.com\\\/sl\\\/#website\"},\"datePublished\":\"2020-11-27T11:04:55+00:00\",\"dateModified\":\"2022-02-15T13:47:25+00:00\",\"description\":\"Kontaktiraj nas - \u010ce imate kakr\u0161na koli vpra\u0161anja ali \u017eelite z nami deliti kako povratno informacijo, nam po\u0161ljite svoje komentarje.\",\"breadcrumb\":{\"@id\":\"https:\\\/\\\/visitteo.com\\\/sl\\\/kontakt\\\/#breadcrumb\"},\"inLanguage\":\"sl-SI\",\"potentialAction\":[{\"@type\":\"ReadAction\",\"target\":[\"https:\\\/\\\/visitteo.com\\\/sl\\\/kontakt\\\/\"]}]},{\"@type\":\"BreadcrumbList\",\"@id\":\"https:\\\/\\\/visitteo.com\\\/sl\\\/kontakt\\\/#breadcrumb\",\"itemListElement\":[{\"@type\":\"ListItem\",\"position\":1,\"name\":\"Homepage\",\"item\":\"https:\\\/\\\/visitteo.com\\\/sl\\\/\"},{\"@type\":\"ListItem\",\"position\":2,\"name\":\"Kontaktiraj nas\"}]},{\"@type\":\"WebSite\",\"@id\":\"https:\\\/\\\/visitteo.com\\\/sl\\\/#website\",\"url\":\"https:\\\/\\\/visitteo.com\\\/sl\\\/\",\"name\":\"Visitteo\",\"description\":\"Visitteo is a metasearch engine for car rental.\",\"publisher\":{\"@id\":\"https:\\\/\\\/visitteo.com\\\/sl\\\/#organization\"},\"potentialAction\":[{\"@type\":\"SearchAction\",\"target\":{\"@type\":\"EntryPoint\",\"urlTemplate\":\"https:\\\/\\\/visitteo.com\\\/sl\\\/?s={search_term_string}\"},\"query-input\":{\"@type\":\"PropertyValueSpecification\",\"valueRequired\":true,\"valueName\":\"search_term_string\"}}],\"inLanguage\":\"sl-SI\"},{\"@type\":\"Organization\",\"@id\":\"https:\\\/\\\/visitteo.com\\\/sl\\\/#organization\",\"name\":\"Visitteo\",\"url\":\"https:\\\/\\\/visitteo.com\\\/sl\\\/\",\"logo\":{\"@type\":\"ImageObject\",\"inLanguage\":\"sl-SI\",\"@id\":\"https:\\\/\\\/visitteo.com\\\/sl\\\/#\\\/schema\\\/logo\\\/image\\\/\",\"url\":\"https:\\\/\\\/visitteo.com\\\/wp-content\\\/uploads\\\/2024\\\/09\\\/organization_logo.png\",\"contentUrl\":\"https:\\\/\\\/visitteo.com\\\/wp-content\\\/uploads\\\/2024\\\/09\\\/organization_logo.png\",\"width\":840,\"height\":840,\"caption\":\"Visitteo\"},\"image\":{\"@id\":\"https:\\\/\\\/visitteo.com\\\/sl\\\/#\\\/schema\\\/logo\\\/image\\\/\"},\"sameAs\":[\"https:\\\/\\\/www.facebook.com\\\/visitteo\\\/\",\"https:\\\/\\\/x.com\\\/visitteo\",\"https:\\\/\\\/www.instagram.com\\\/visitteo\\\/\",\"https:\\\/\\\/www.pinterest.com\\\/visitteo\\\/pins\\\/\"]}]}<\/script>\n<!-- \/ Yoast SEO plugin. -->","yoast_head_json":{"title":"Kontakt - Visitteo","description":"Kontaktiraj nas - \u010ce imate kakr\u0161na koli vpra\u0161anja ali \u017eelite z nami deliti kako povratno informacijo, nam po\u0161ljite svoje komentarje.","robots":{"index":"index","follow":"follow","max-snippet":"max-snippet:-1","max-image-preview":"max-image-preview:large","max-video-preview":"max-video-preview:-1"},"canonical":"https:\/\/visitteo.com\/sl\/kontakt\/","og_locale":"sl_SI","og_type":"article","og_title":"Kontakt - Visitteo","og_description":"Kontaktiraj nas - \u010ce imate kakr\u0161na koli vpra\u0161anja ali \u017eelite z nami deliti kako povratno informacijo, nam po\u0161ljite svoje komentarje.","og_url":"https:\/\/visitteo.com\/sl\/kontakt\/","og_site_name":"Visitteo","article_publisher":"https:\/\/www.facebook.com\/visitteo\/","article_modified_time":"2022-02-15T13:47:25+00:00","og_image":[{"width":1200,"height":630,"url":"https:\/\/visitteo.com\/wp-content\/uploads\/2022\/10\/share-1.jpg","type":"image\/jpeg"}],"twitter_card":"summary_large_image","twitter_site":"@visitteo","schema":{"@context":"https:\/\/schema.org","@graph":[{"@type":"WebPage","@id":"https:\/\/visitteo.com\/sl\/kontakt\/","url":"https:\/\/visitteo.com\/sl\/kontakt\/","name":"Kontakt - Visitteo","isPartOf":{"@id":"https:\/\/visitteo.com\/sl\/#website"},"datePublished":"2020-11-27T11:04:55+00:00","dateModified":"2022-02-15T13:47:25+00:00","description":"Kontaktiraj nas - \u010ce imate kakr\u0161na koli vpra\u0161anja ali \u017eelite z nami deliti kako povratno informacijo, nam po\u0161ljite svoje komentarje.","breadcrumb":{"@id":"https:\/\/visitteo.com\/sl\/kontakt\/#breadcrumb"},"inLanguage":"sl-SI","potentialAction":[{"@type":"ReadAction","target":["https:\/\/visitteo.com\/sl\/kontakt\/"]}]},{"@type":"BreadcrumbList","@id":"https:\/\/visitteo.com\/sl\/kontakt\/#breadcrumb","itemListElement":[{"@type":"ListItem","position":1,"name":"Homepage","item":"https:\/\/visitteo.com\/sl\/"},{"@type":"ListItem","position":2,"name":"Kontaktiraj nas"}]},{"@type":"WebSite","@id":"https:\/\/visitteo.com\/sl\/#website","url":"https:\/\/visitteo.com\/sl\/","name":"Visitteo","description":"Visitteo is a metasearch engine for car rental.","publisher":{"@id":"https:\/\/visitteo.com\/sl\/#organization"},"potentialAction":[{"@type":"SearchAction","target":{"@type":"EntryPoint","urlTemplate":"https:\/\/visitteo.com\/sl\/?s={search_term_string}"},"query-input":{"@type":"PropertyValueSpecification","valueRequired":true,"valueName":"search_term_string"}}],"inLanguage":"sl-SI"},{"@type":"Organization","@id":"https:\/\/visitteo.com\/sl\/#organization","name":"Visitteo","url":"https:\/\/visitteo.com\/sl\/","logo":{"@type":"ImageObject","inLanguage":"sl-SI","@id":"https:\/\/visitteo.com\/sl\/#\/schema\/logo\/image\/","url":"https:\/\/visitteo.com\/wp-content\/uploads\/2024\/09\/organization_logo.png","contentUrl":"https:\/\/visitteo.com\/wp-content\/uploads\/2024\/09\/organization_logo.png","width":840,"height":840,"caption":"Visitteo"},"image":{"@id":"https:\/\/visitteo.com\/sl\/#\/schema\/logo\/image\/"},"sameAs":["https:\/\/www.facebook.com\/visitteo\/","https:\/\/x.com\/visitteo","https:\/\/www.instagram.com\/visitteo\/","https:\/\/www.pinterest.com\/visitteo\/pins\/"]}]}},"_links":{"self":[{"href":"https:\/\/visitteo.com\/sl\/wp-json\/wp\/v2\/pages\/5082","targetHints":{"allow":["GET"]}}],"collection":[{"href":"https:\/\/visitteo.com\/sl\/wp-json\/wp\/v2\/pages"}],"about":[{"href":"https:\/\/visitteo.com\/sl\/wp-json\/wp\/v2\/types\/page"}],"author":[{"embeddable":true,"href":"https:\/\/visitteo.com\/sl\/wp-json\/wp\/v2\/users\/3"}],"replies":[{"embeddable":true,"href":"https:\/\/visitteo.com\/sl\/wp-json\/wp\/v2\/comments?post=5082"}],"version-history":[{"count":0,"href":"https:\/\/visitteo.com\/sl\/wp-json\/wp\/v2\/pages\/5082\/revisions"}],"wp:attachment":[{"href":"https:\/\/visitteo.com\/sl\/wp-json\/wp\/v2\/media?parent=5082"}],"curies":[{"name":"wp","href":"https:\/\/api.w.org\/{rel}","templated":true}]}}