{"id":5310,"date":"2017-04-25T11:48:54","date_gmt":"2017-04-25T09:48:54","guid":{"rendered":"https:\/\/visitteo.com\/terms-of-use\/"},"modified":"2021-01-04T10:11:35","modified_gmt":"2021-01-04T09:11:35","slug":"pogoji-uporabe","status":"publish","type":"page","link":"https:\/\/visitteo.com\/sl\/pogoji-uporabe\/","title":{"rendered":"Pogoji uporabe"},"content":{"rendered":"<p>Pred dostopom, uporabo ali pridobivanjem kakr\u0161nih koli materialov, informacij, izdelkov ali storitev prek te spletne strani natan\u010dno preberite te pogoje uporabe. Z dostopom, uporabo ali pridobivanjem katere koli vsebine, podatkov, materialov, informacij, izdelkov ali storitev prek spletnega mesta <a href=\"https:\/\/visitteo.com\/sl\/\" target=\"_blank\" rel=\"noopener noreferrer\">www.visitteo.com<\/a> (&#8220;storitev&#8221;) se strinjate, da vas zavezujejo ti pogoji (&#8220;pogoji&#8221;, &#8220;Pogoji storitve&#8221;) in na\u0161o <a href=\"https:\/\/visitteo.com\/sl\/politika-zasebnosti\/\" target=\"_blank\" rel=\"noopener noreferrer\">politiko zasebnosti<\/a>. \u010ce ne sprejmete vseh teh pogojev, storitev ne smete uporabljati. V teh pogojih se izraz &#8220;mi&#8221;, &#8220;mi&#8221;, &#8220;na\u0161&#8221; nana\u0161a na podjetje Atlas, LLC, &#8220;vi&#8221; ali &#8220;va\u0161&#8221; pa na vas kot uporabnika storitev.<\/p>\n<p>Va\u0161 dostop do storitve in njena uporaba sta pogojena s tem, da sprejemate in izpolnjujete te pogoje. Ti pogoji veljajo za vse obiskovalce, uporabnike in druge, ki dostopajo do storitve ali jo uporabljajo. Ti pogoji urejajo va\u0161o uporabo te spletne strani. Z uporabo te spletne strani v celoti sprejemate te pogoje in dolo\u010dila.<\/p>\n<p>Z dostopom do storitve ali njeno uporabo se strinjate, da vas zavezujejo ti pogoji. \u010ce se ne strinjate z nobenim delom pogojev, do storitve morda ne boste dostopali.<\/p>\n<p>Pred uporabo ali pridobivanjem kakr\u0161nih koli materialov, informacij, izdelkov ali storitev na tej spletni strani natan\u010dno preberite te pogoje uporabe.<\/p>\n<p>Preberite tudi <a href=\"https:\/\/visitteo.com\/sl\/politika-zasebnosti\/\" target=\"_blank\" rel=\"noopener noreferrer\">Pravilnik o zasebnosti<\/a> Visitteo, ki je vklju\u010den s sklicem v to pogodbo in je na voljo v storitvi. \u010ce ne sprejmete in se strinjate, da vas zavezujejo vsi pogoji te pogodbe, vklju\u010dno s <a href=\"https:\/\/visitteo.com\/sl\/politika-zasebnosti\/\" target=\"_blank\" rel=\"noopener noreferrer\">Pravilnikom o zasebnosti<\/a> Visitteo, storitve ne uporabljajte.<\/p>\n<h5><strong>Sprejemljiva uporaba<\/strong><\/h5>\n<p>\u010ce ni navedeno druga\u010de, je Visitteo lastnik pravic intelektualne lastnine na spletnem mestu in gradiva na njem. Vse te pravice intelektualne lastnine so pridr\u017eane.<\/p>\n<p>Na spletnem mestu si lahko ogledujete, prena\u0161ate samo za predpomnjenje in tiskate strani ali drugo vsebino za svojo osebno uporabo, ob upo\u0161tevanju omejitev, dolo\u010denih spodaj in drugje v teh pogojih.<\/p>\n<p>Poleg tega se strinjate, da ne smete:<\/p>\n<ul>\n<li>Uporabljajte to spletno mesto na kakr\u0161en koli na\u010din, ki povzro\u010da ali lahko povzro\u010di \u0161kodo na spletnem mestu ali poslab\u0161anje razpolo\u017eljivosti ali dostopnosti spletnega mesta ali na kakr\u0161en koli na\u010din, ki je nezakonit, nezakonit, goljufiv ali \u0161kodljiv ali v povezavi s katero koli nezakonito, nezakonito , goljufiv ali \u0161kodljiv namen ali dejavnost.<\/li>\n<li>To spletno mesto uporabite za kopiranje, shranjevanje, gostovanje, prenos, po\u0161iljanje, uporabo, objavo ali distribucijo kakr\u0161nega koli gradiva, ki je sestavljeno iz (ali je povezano z) katere koli vohunske programske opreme in ra\u010dunalni\u0161kega virusa. Trojanski konj, \u010drv, zapisovalnik tipk ali druga zlonamerna ra\u010dunalni\u0161ka programska oprema.<\/li>\n<li>Na tej spletni strani ali v zvezi z njo izvajajte kakr\u0161ne koli sistemati\u010dne ali avtomatizirane dejavnosti zbiranja podatkov (vklju\u010dno z neomejenim strganjem, rudarjenjem podatkov, pridobivanjem in zbiranjem podatkov) brez izrecnega pisnega soglasja Visiteea.<\/li>\n<li>Uporabite katero koli napravo, programsko opremo ali rutino, ki ovira ali posku\u0161a motiti normalno delovanje na\u0161ega spletnega mesta, ali pa ukrepajte, kar pomeni nerazumno obremenitev na\u0161ega ra\u010dunalnika ali omre\u017ene opreme.<\/li>\n<li>Uporabite to spletno mesto za kakr\u0161ne koli namene, povezane s tr\u017eenjem, brez izrecnega pisnega soglasja podjetja Visitteo.<\/li>\n<li>To spletno mesto uporabite za po\u0161iljanje ali po\u0161iljanje neza\u017eelenih komercialnih sporo\u010dil.<\/li>\n<li>Objavite ali distribuirajte kakr\u0161no koli gradivo na na\u0161i spletni strani, ki kr\u0161i pravice katere koli tretje osebe.<\/li>\n<li>Ponovno objavite gradivo s tega spletnega mesta (vklju\u010dno z objavo na drugem spletnem mestu).<\/li>\n<li>Razmno\u017eujte, podvajajte, kopirajte ali kako druga\u010de izkori\u0161\u010dajte gradivo na tej spletni strani v komercialne namene.<\/li>\n<li>Prodajajte, oddajajte ali podlicencirajte gradivo s spletnega mesta.<\/li>\n<li>Kakr\u0161en koli material s spletne strani poka\u017eite v javnosti.<\/li>\n<li>Urejajte ali kako druga\u010de spreminjajte gradivo na spletnem mestu.<\/li>\n<li>Ponovno distribuirajte gradivo s te spletne strani.<\/li>\n<li>Uporabite na\u0161e spletno mesto za zbiranje ali shranjevanje osebnih podatkov o drugih.<\/li>\n<\/ul>\n<h5><strong>Povezave do drugih spletnih mest<\/strong><\/h5>\n<p>Na\u0161a storitev lahko vsebuje povezave do spletnih mest ali storitev tretjih oseb, ki niso v lasti ali pod nadzorom Visitteo.<\/p>\n<p>Strinjate se, da Visitteo ni odgovoren za to\u010dnost ali popolnost informacij, ki jih lahko prejme s teh drugih spletnih mest. Uporabo katerega koli drugega spletnega mesta, do katerega dostopate prek na\u0161ega spletnega mesta, imate na lastno odgovornost.<\/p>\n<p>Visitteo nima nadzora in ne prevzema nobene odgovornosti za vsebino, pravilnike o zasebnosti ali prakse spletnih mest ali storitev tretjih oseb. Nadalje potrjujete in se strinjate, da Visitteo ne bo odgovoren ali odgovoren neposredno ali posredno za kakr\u0161no koli \u0161kodo ali izgubo, ki bi nastala ali naj bi nastala zaradi ali v povezavi z uporabo ali zana\u0161anjem na tak\u0161no vsebino, blago ali storitve, ki so na voljo na ali prek katerih koli takih spletnih mest ali storitev.<\/p>\n<p>Priporo\u010damo vam, da preberete pogoje in pravila ter pravilnike o zasebnosti spletnih mest ali storitev tretjih oseb, ki jih obi\u0161\u010dete.<\/p>\n<h5><strong>Omejitve odgovornosti<\/strong><\/h5>\n<p>Informacije na tej spletni strani so zgolj splo\u0161ne. Podatke nam zagotavlja Visitteo in \u010deprav si prizadevamo, da bi bili podatki posodobljeni in pravilni, ne dajemo nobenih izrecnih ali posrednih jamstev glede popolnosti, natan\u010dnosti, zanesljivosti, primernosti ali razpolo\u017eljivosti glede na spletno mesto ali informacije, izdelki, storitve ali sorodna grafika, ki so na spletnem mestu za kakr\u0161en koli namen. Kakr\u0161no koli zana\u0161anje na take podatke torej izklju\u010dno prevzemate na lastno odgovornost.<\/p>\n<p>V nobenem primeru ne bomo odgovorni za kakr\u0161no koli izgubo, \u0161kodo, telesne po\u0161kodbe ali smrt, vklju\u010dno brez omejitev, posredno ali posledi\u010dno izgubo ali \u0161kodo ali kakr\u0161no koli izgubo ali \u0161kodo, ki bi nastala zaradi izgube podatkov ali dobi\u010dka, ki izhaja iz ali v povezavi z , uporabo te spletne strani.<\/p>\n<p>Preko tega spletnega mesta se lahko pove\u017eete na druga spletna mesta, ki niso pod nadzorom Visittea. Nimamo nadzora nad naravo, vsebino in razpolo\u017eljivostjo teh spletnih mest. Visitteo ne prevzema odgovornosti za oglase tretjih oseb, ki so objavljeni v storitvah, prek njih ali v povezavi s storitvami, ali pa prevzema kakr\u0161no koli odgovornost za blago ali storitve, ki jih ponujajo te tretje osebe. Vklju\u010ditev kakr\u0161nih koli povezav ne pomeni nujno priporo\u010dila ali podpore stali\u0161\u010dem, izra\u017eenim znotraj njih.<\/p>\n<p>Po najbolj\u0161ih mo\u010deh si prizadevamo, da spletno mesto deluje in deluje nemoteno. Visitteo pa ne prevzema nobene odgovornosti in ne bo odgovoren za to, da spletno mesto za\u010dasno ni na voljo zaradi tehni\u010dnih te\u017eav, na katere ne moremo vplivati.<\/p>\n<h5><strong>Omejitev odgovornosti<\/strong><\/h5>\n<p>Uporaba kakr\u0161nih koli informacij ali gradiv na tej spletni strani je v celoti na lastno odgovornost, za kar ne odgovarjamo. Va\u0161a odgovornost je zagotoviti, da vsi izdelki, storitve ali informacije, ki so na voljo na tem spletnem mestu, ustrezajo va\u0161im posebnim zahtevam.<\/p>\n<p>Poleg tega Visitteo ne bo odgovoren za:<\/p>\n<ul>\n<li>Uporaba kakr\u0161nih koli informacij ali gradiv na tej spletni strani je v celoti na lastno odgovornost, za kar ne odgovarjamo. Va\u0161a odgovornost je zagotoviti, da vsi izdelki, storitve ali informacije, ki so na voljo na tem spletnem mestu, ustrezajo va\u0161im posebnim zahtevam.<\/li>\n<li>Vi ali katera koli tretja oseba za kakr\u0161no koli posredno, posledi\u010dno, zgledno, naklju\u010dno, posebno ali kaznovalno \u0161kodo, vklju\u010dno z, neomejeno, \u0161kodo zaradi izgubljenega dobi\u010dka, ki izhaja iz va\u0161e uporabe storitev.<\/li>\n<li>Morebitne \u0161kode ali virusi, ki lahko oku\u017eijo va\u0161o ra\u010dunalni\u0161ko opremo ali drugo lastnino kot rezultat va\u0161ega dostopa do storitve.<\/li>\n<li>Za kakr\u0161no koli po\u0161kodbo, smrt, izgubo, zahtevek, bo\u017eje dejanje, nesre\u010do, zamudo ali kakr\u0161no koli neposredno, posebno, zgledno, kaznovalno, posredno, naklju\u010dno ali posledi\u010dno \u0161kodo katere koli vrste (vklju\u010dno z izgubljenim dobi\u010dkom ali izgubljenimi prihranki).<\/li>\n<li>Izpolnitev namestitve, rezervirane na katerem koli spletnem mestu tretje osebe, na katero se sklicuje Visitteo. Ob rezervaciji preberite ponudnikove pogoje<\/li>\n<li>Vsebina, objavljena na katerem koli spletnem mestu tretje osebe, na katero se povezuje Visitteo.<\/li>\n<li>Nastop ali neizvajanje s strani nas ali katerega koli ponudnika.<\/li>\n<\/ul>\n<h5><strong>Intelektualna lastnina<\/strong><\/h5>\n<p>Storitev in njena izvirna vsebina, funkcije in funkcionalnost so in bodo ostali v izklju\u010dni lasti podjetja Atlas, LLC in njegovih dajalcev licenc. Storitev je za\u0161\u010ditena z avtorskimi pravicami, blagovnimi znamkami in drugimi zakoni evropske in tujih dr\u017eav. Na\u0161ih blagovnih znamk in za\u0161\u010ditnih oblek ni dovoljeno uporabljati v povezavi s katerim koli izdelkom ali storitvijo brez predhodnega pisnega soglasja podjetja Atlas, LLC.<\/p>\n<h5><strong>Va\u0161a zasebnost<\/strong><\/h5>\n<p>Va\u0161a uporaba na\u0161ega spletnega mesta je predmet na\u0161e <a href=\"https:\/\/visitteo.com\/sl\/politika-zasebnosti\/\" target=\"_blank\" rel=\"noopener noreferrer\">politike zasebnosti<\/a>, ki je s to referenco vklju\u010dena v to pogodbo. Z uporabo na\u0161ega spletnega mesta se strinjate z uporabo va\u0161ih podatkov, kot smo dolo\u010dili v na\u0161em <a href=\"https:\/\/visitteo.com\/sl\/politika-zasebnosti\/\" target=\"_blank\" rel=\"noopener noreferrer\">pravilniku o zasebnosti<\/a>.<\/p>\n<h5><strong>Spremembe<\/strong><\/h5>\n<p>Pridr\u017eujemo si pravico, da kadar koli spremenimo ali nadomestimo te pogoje. Ko bomo objavili spremembe teh pogojev uporabe, bomo spremenili datum &#8220;zadnje posodobitve&#8221; na dnu teh pogojev uporabe.<\/p>\n<p>\u010ce \u0161e naprej dostopate do na\u0161e storitve ali jo uporabljate po za\u010detku veljavnosti teh sprememb, se strinjate, da vas revidirani pogoji zavezujejo. \u010ce se ne strinjate z novimi pogoji, prenehajte uporabljati storitev.<\/p>\n<h5><strong>Kontaktiraj nas<\/strong><\/h5>\n<p>\u010ce imate kakr\u0161na koli vpra\u0161anja glede teh pogojev uporabe, nas kontaktirajte tako, da po\u0161ljete e-po\u0161to na: <a href=\"mailto:info@visitteo.com\" target=\"_blank\" rel=\"noopener noreferrer\">info@visitteo.com<\/a><\/p>\n<p><em>Zadnja posodobitev: 25. oktober 2020<\/em><\/p>\n<p>&nbsp;<\/p>\n","protected":false},"excerpt":{"rendered":"<p>Pred dostopom, uporabo ali pridobivanjem kakr\u0161nih koli materialov, informacij, izdelkov ali storitev prek te spletne strani natan\u010dno preberite te pogoje uporabe. Z dostopom, uporabo ali pridobivanjem katere koli vsebine, podatkov, materialov, informacij, izdelkov ali storitev prek spletnega mesta www.visitteo.com (&#8220;storitev&#8221;) se strinjate, da vas zavezujejo ti pogoji (&#8220;pogoji&#8221;, &#8220;Pogoji storitve&#8221;) in na\u0161o politiko zasebnosti. \u010ce [&hellip;]<\/p>\n","protected":false},"author":5,"featured_media":0,"parent":0,"menu_order":13,"comment_status":"closed","ping_status":"closed","template":"","meta":{"_acf_changed":false,"footnotes":""},"class_list":["post-5310","page","type-page","status-publish","hentry"],"acf":[],"yoast_head":"<!-- This site is optimized with the Yoast SEO plugin v27.3 - https:\/\/yoast.com\/product\/yoast-seo-wordpress\/ -->\n<title>Pogoji uporabe - Visitteo<\/title>\n<meta name=\"description\" content=\"Pred uporabo spletnega mesta www.visitteo.com (&quot;storitev&quot;) natan\u010dno preberite te pogoje uporabe (&quot;Pogoji&quot;, &quot;Pogoji storitve&quot;).\" \/>\n<meta name=\"robots\" content=\"index, follow, max-snippet:-1, max-image-preview:large, max-video-preview:-1\" \/>\n<link rel=\"canonical\" href=\"https:\/\/visitteo.com\/sl\/pogoji-uporabe\/\" \/>\n<meta property=\"og:locale\" content=\"sl_SI\" \/>\n<meta property=\"og:type\" content=\"article\" \/>\n<meta property=\"og:title\" content=\"Pogoji uporabe - Visitteo\" \/>\n<meta property=\"og:description\" content=\"Pred uporabo spletnega mesta www.visitteo.com (&quot;storitev&quot;) natan\u010dno preberite te pogoje uporabe (&quot;Pogoji&quot;, &quot;Pogoji storitve&quot;).\" \/>\n<meta property=\"og:url\" content=\"https:\/\/visitteo.com\/sl\/pogoji-uporabe\/\" \/>\n<meta property=\"og:site_name\" content=\"Visitteo\" \/>\n<meta property=\"article:publisher\" content=\"https:\/\/www.facebook.com\/visitteo\/\" \/>\n<meta property=\"article:modified_time\" content=\"2021-01-04T09:11:35+00:00\" \/>\n<meta property=\"og:image\" content=\"https:\/\/visitteo.com\/wp-content\/uploads\/2022\/10\/share-1.jpg\" \/>\n\t<meta property=\"og:image:width\" content=\"1200\" \/>\n\t<meta property=\"og:image:height\" content=\"630\" \/>\n\t<meta property=\"og:image:type\" content=\"image\/jpeg\" \/>\n<meta name=\"twitter:card\" content=\"summary_large_image\" \/>\n<meta name=\"twitter:site\" content=\"@visitteo\" \/>\n<meta name=\"twitter:label1\" content=\"Est. reading time\" \/>\n\t<meta name=\"twitter:data1\" content=\"8 minut\" \/>\n<script type=\"application\/ld+json\" class=\"yoast-schema-graph\">{\"@context\":\"https:\\\/\\\/schema.org\",\"@graph\":[{\"@type\":\"WebPage\",\"@id\":\"https:\\\/\\\/visitteo.com\\\/sl\\\/pogoji-uporabe\\\/\",\"url\":\"https:\\\/\\\/visitteo.com\\\/sl\\\/pogoji-uporabe\\\/\",\"name\":\"Pogoji uporabe - Visitteo\",\"isPartOf\":{\"@id\":\"https:\\\/\\\/visitteo.com\\\/sl\\\/#website\"},\"datePublished\":\"2017-04-25T09:48:54+00:00\",\"dateModified\":\"2021-01-04T09:11:35+00:00\",\"description\":\"Pred uporabo spletnega mesta www.visitteo.com (\\\"storitev\\\") natan\u010dno preberite te pogoje uporabe (\\\"Pogoji\\\", \\\"Pogoji storitve\\\").\",\"breadcrumb\":{\"@id\":\"https:\\\/\\\/visitteo.com\\\/sl\\\/pogoji-uporabe\\\/#breadcrumb\"},\"inLanguage\":\"sl-SI\",\"potentialAction\":[{\"@type\":\"ReadAction\",\"target\":[\"https:\\\/\\\/visitteo.com\\\/sl\\\/pogoji-uporabe\\\/\"]}]},{\"@type\":\"BreadcrumbList\",\"@id\":\"https:\\\/\\\/visitteo.com\\\/sl\\\/pogoji-uporabe\\\/#breadcrumb\",\"itemListElement\":[{\"@type\":\"ListItem\",\"position\":1,\"name\":\"Homepage\",\"item\":\"https:\\\/\\\/visitteo.com\\\/sl\\\/\"},{\"@type\":\"ListItem\",\"position\":2,\"name\":\"Pogoji uporabe\"}]},{\"@type\":\"WebSite\",\"@id\":\"https:\\\/\\\/visitteo.com\\\/sl\\\/#website\",\"url\":\"https:\\\/\\\/visitteo.com\\\/sl\\\/\",\"name\":\"Visitteo\",\"description\":\"Visitteo is a metasearch engine for car rental.\",\"publisher\":{\"@id\":\"https:\\\/\\\/visitteo.com\\\/sl\\\/#organization\"},\"potentialAction\":[{\"@type\":\"SearchAction\",\"target\":{\"@type\":\"EntryPoint\",\"urlTemplate\":\"https:\\\/\\\/visitteo.com\\\/sl\\\/?s={search_term_string}\"},\"query-input\":{\"@type\":\"PropertyValueSpecification\",\"valueRequired\":true,\"valueName\":\"search_term_string\"}}],\"inLanguage\":\"sl-SI\"},{\"@type\":\"Organization\",\"@id\":\"https:\\\/\\\/visitteo.com\\\/sl\\\/#organization\",\"name\":\"Visitteo\",\"url\":\"https:\\\/\\\/visitteo.com\\\/sl\\\/\",\"logo\":{\"@type\":\"ImageObject\",\"inLanguage\":\"sl-SI\",\"@id\":\"https:\\\/\\\/visitteo.com\\\/sl\\\/#\\\/schema\\\/logo\\\/image\\\/\",\"url\":\"https:\\\/\\\/visitteo.com\\\/wp-content\\\/uploads\\\/2024\\\/09\\\/organization_logo.png\",\"contentUrl\":\"https:\\\/\\\/visitteo.com\\\/wp-content\\\/uploads\\\/2024\\\/09\\\/organization_logo.png\",\"width\":840,\"height\":840,\"caption\":\"Visitteo\"},\"image\":{\"@id\":\"https:\\\/\\\/visitteo.com\\\/sl\\\/#\\\/schema\\\/logo\\\/image\\\/\"},\"sameAs\":[\"https:\\\/\\\/www.facebook.com\\\/visitteo\\\/\",\"https:\\\/\\\/x.com\\\/visitteo\",\"https:\\\/\\\/www.instagram.com\\\/visitteo\\\/\",\"https:\\\/\\\/www.pinterest.com\\\/visitteo\\\/pins\\\/\"]}]}<\/script>\n<!-- \/ Yoast SEO plugin. -->","yoast_head_json":{"title":"Pogoji uporabe - Visitteo","description":"Pred uporabo spletnega mesta www.visitteo.com (\"storitev\") natan\u010dno preberite te pogoje uporabe (\"Pogoji\", \"Pogoji storitve\").","robots":{"index":"index","follow":"follow","max-snippet":"max-snippet:-1","max-image-preview":"max-image-preview:large","max-video-preview":"max-video-preview:-1"},"canonical":"https:\/\/visitteo.com\/sl\/pogoji-uporabe\/","og_locale":"sl_SI","og_type":"article","og_title":"Pogoji uporabe - Visitteo","og_description":"Pred uporabo spletnega mesta www.visitteo.com (\"storitev\") natan\u010dno preberite te pogoje uporabe (\"Pogoji\", \"Pogoji storitve\").","og_url":"https:\/\/visitteo.com\/sl\/pogoji-uporabe\/","og_site_name":"Visitteo","article_publisher":"https:\/\/www.facebook.com\/visitteo\/","article_modified_time":"2021-01-04T09:11:35+00:00","og_image":[{"width":1200,"height":630,"url":"https:\/\/visitteo.com\/wp-content\/uploads\/2022\/10\/share-1.jpg","type":"image\/jpeg"}],"twitter_card":"summary_large_image","twitter_site":"@visitteo","twitter_misc":{"Est. reading time":"8 minut"},"schema":{"@context":"https:\/\/schema.org","@graph":[{"@type":"WebPage","@id":"https:\/\/visitteo.com\/sl\/pogoji-uporabe\/","url":"https:\/\/visitteo.com\/sl\/pogoji-uporabe\/","name":"Pogoji uporabe - Visitteo","isPartOf":{"@id":"https:\/\/visitteo.com\/sl\/#website"},"datePublished":"2017-04-25T09:48:54+00:00","dateModified":"2021-01-04T09:11:35+00:00","description":"Pred uporabo spletnega mesta www.visitteo.com (\"storitev\") natan\u010dno preberite te pogoje uporabe (\"Pogoji\", \"Pogoji storitve\").","breadcrumb":{"@id":"https:\/\/visitteo.com\/sl\/pogoji-uporabe\/#breadcrumb"},"inLanguage":"sl-SI","potentialAction":[{"@type":"ReadAction","target":["https:\/\/visitteo.com\/sl\/pogoji-uporabe\/"]}]},{"@type":"BreadcrumbList","@id":"https:\/\/visitteo.com\/sl\/pogoji-uporabe\/#breadcrumb","itemListElement":[{"@type":"ListItem","position":1,"name":"Homepage","item":"https:\/\/visitteo.com\/sl\/"},{"@type":"ListItem","position":2,"name":"Pogoji uporabe"}]},{"@type":"WebSite","@id":"https:\/\/visitteo.com\/sl\/#website","url":"https:\/\/visitteo.com\/sl\/","name":"Visitteo","description":"Visitteo is a metasearch engine for car rental.","publisher":{"@id":"https:\/\/visitteo.com\/sl\/#organization"},"potentialAction":[{"@type":"SearchAction","target":{"@type":"EntryPoint","urlTemplate":"https:\/\/visitteo.com\/sl\/?s={search_term_string}"},"query-input":{"@type":"PropertyValueSpecification","valueRequired":true,"valueName":"search_term_string"}}],"inLanguage":"sl-SI"},{"@type":"Organization","@id":"https:\/\/visitteo.com\/sl\/#organization","name":"Visitteo","url":"https:\/\/visitteo.com\/sl\/","logo":{"@type":"ImageObject","inLanguage":"sl-SI","@id":"https:\/\/visitteo.com\/sl\/#\/schema\/logo\/image\/","url":"https:\/\/visitteo.com\/wp-content\/uploads\/2024\/09\/organization_logo.png","contentUrl":"https:\/\/visitteo.com\/wp-content\/uploads\/2024\/09\/organization_logo.png","width":840,"height":840,"caption":"Visitteo"},"image":{"@id":"https:\/\/visitteo.com\/sl\/#\/schema\/logo\/image\/"},"sameAs":["https:\/\/www.facebook.com\/visitteo\/","https:\/\/x.com\/visitteo","https:\/\/www.instagram.com\/visitteo\/","https:\/\/www.pinterest.com\/visitteo\/pins\/"]}]}},"_links":{"self":[{"href":"https:\/\/visitteo.com\/sl\/wp-json\/wp\/v2\/pages\/5310","targetHints":{"allow":["GET"]}}],"collection":[{"href":"https:\/\/visitteo.com\/sl\/wp-json\/wp\/v2\/pages"}],"about":[{"href":"https:\/\/visitteo.com\/sl\/wp-json\/wp\/v2\/types\/page"}],"author":[{"embeddable":true,"href":"https:\/\/visitteo.com\/sl\/wp-json\/wp\/v2\/users\/5"}],"replies":[{"embeddable":true,"href":"https:\/\/visitteo.com\/sl\/wp-json\/wp\/v2\/comments?post=5310"}],"version-history":[{"count":0,"href":"https:\/\/visitteo.com\/sl\/wp-json\/wp\/v2\/pages\/5310\/revisions"}],"wp:attachment":[{"href":"https:\/\/visitteo.com\/sl\/wp-json\/wp\/v2\/media?parent=5310"}],"curies":[{"name":"wp","href":"https:\/\/api.w.org\/{rel}","templated":true}]}}