{"id":5871,"date":"2020-12-15T10:27:19","date_gmt":"2020-12-15T09:27:19","guid":{"rendered":"https:\/\/visitteo.com\/?page_id=5871"},"modified":"2020-12-15T10:31:15","modified_gmt":"2020-12-15T09:31:15","slug":"politika-zasebnosti","status":"publish","type":"page","link":"https:\/\/visitteo.com\/sl\/politika-zasebnosti\/","title":{"rendered":"Politika zasebnosti"},"content":{"rendered":"<p>Upo\u0161tevajte, da je praksa podjetja Atlas LLC. (\u201eMi\u201c, \u201ena\u0161\u201c ali \u201emi\u201c) v zvezi z osebnimi podatki ureja ta Pravilnik o zasebnosti, saj se lahko isti ob\u010dasno spremeni. Ta politika zasebnosti ureja osebne podatke, ki smo jih zbrali na tej spletni strani\u00a0<a href=\"https:\/\/visitteo.com\/sl\/\" target=\"_blank\" rel=\"noopener noreferrer\">www.visitteo.com<\/a>\u00a0(\u00bbspletno mesto\u00ab).<\/p>\n<p>Ta pravilnik o zasebnosti opisuje prakse dru\u017ebe Visitteo glede osebnih podatkov in podatkov (\u00bbosebni podatki\u00ab). Ta politika velja za na\u0161e spletno mesto (na\u0161a \u201cstoritev\u201d). Ko ga uporabljate, se strinjate s pogoji te politike.<\/p>\n<p>Natan\u010dno preberite na\u0161o Politiko zasebnosti, da boste jasno razumeli, kako zbiramo, uporabljamo, \u0161\u010ditimo ali kako druga\u010de ravnamo z va\u0161imi osebnimi podatki po na\u0161em spletnem mestu.<\/p>\n<h5><strong>Katere osebne podatke zbiramo<\/strong><\/h5>\n<ul>\n<li>Lahko zbiramo podatke, ki vas lahko identificirajo, na primer va\u0161e ime in e-po\u0161tni naslov (\u00bbosebni podatki\u00ab) ter druge podatke, ki vas ne identificirajo.<\/li>\n<li>Informacije, ki jih navedete. \u010ce se \u017eelite prijaviti na Visitteo, se boste morali prijaviti s svojim Facebook ali Google prijavo. \u010ce to storite, nas pooblastite za dostop do nekaterih podatkov o ra\u010dunu Facebook in Google, kot je va\u0161 javni Facebook ali Google profil (v skladu z va\u0161imi nastavitvami zasebnosti v Facebooku in Googlu).<\/li>\n<li>Dostopamo lahko do va\u0161ega e-po\u0161tnega naslova, zanimanj za odnose, fotografij, v\u0161e\u010dkov, trenutnega mesta, rojstnega dne, zanimanj, zgodovine izobra\u017eevanja, spola, osebnega opisa in seznama prijateljev.<\/li>\n<li>Lahko nam posredujete tudi svoje fotografije, osebni opis, opis svojih znancev ali prijateljev in podatke o svojem spolu.<\/li>\n<li>\u010ce klepetate z nami prek dru\u017eabnih omre\u017eij ali e-po\u0161te, nam posredujete vsebino svojih klepetov in \u010de nas kontaktirate s slu\u017ebo za stranke ali drugimi poizvedbami, nam posredujete vsebino te komunikacije.<\/li>\n<li>Informacije lahko zbiramo, ko nam prek dru\u017eabnih omre\u017eij po\u0161ljete nekaj vsebine (svojo potovalno zgodbo in slike).<\/li>\n<li>Druge informacije, pomembne za ankete strank in \/ ali ponudbe.<\/li>\n<\/ul>\n<h5><strong>Kaj po\u010dnemo z informacijami, ki jih zbiramo<\/strong><\/h5>\n<p>Podatke, ki jih zberemo od vas, lahko uporabimo, ko se registrirate, odzivate na tr\u017eno komuniciranje, brskate po spletnem mestu ali uporabljate nekatere druge funkcije spletnega mesta na naslednje na\u010dine:<\/p>\n<ul>\n<li>Izbolj\u0161ajte svoje izdelke in storitve ter vodite svoje poslovanje.<\/li>\n<li>Da prilagodite uporabni\u0161ko izku\u0161njo in nam omogo\u010dite, da ponudimo vrsto vsebine in ponudbe izdelkov, ki vas najbolj zanimajo.<\/li>\n<li>Izbolj\u0161ati na\u0161e spletno mesto, da vam bo bolje slu\u017eilo.<\/li>\n<li>Podatke lahko uporabimo za analizo spletnih strani.<\/li>\n<li>Da vam omogo\u010dimo bolj\u0161e storitve pri odzivanju na va\u0161e zahteve za podporo strankam.<\/li>\n<li>Ob\u010dasno lahko po\u0161iljamo promocijska e-po\u0161tna sporo\u010dila o novih izdelkih, posebnih ponudbah ali drugih informacijah, za katere menimo, da se vam zdijo zanimive z uporabo e-po\u0161tnega naslova, ki ste ga navedli.<\/li>\n<li>\u010ce nam prek dru\u017eabnih omre\u017eij po\u0161ljete nekaj vsebine (svojo potovalno zgodbo in slike), jo lahko uporabimo za tr\u017ene dejavnosti na dru\u017ebenih omre\u017ejih.<\/li>\n<li>Podatke lahko uporabimo za prilagajanje spletnega mesta glede na va\u0161e interese.<\/li>\n<li>Spremljajte meritve, kot sta skupno \u0161tevilo obiskovalcev in promet.<\/li>\n<\/ul>\n<h5><strong>S kom delimo va\u0161e podatke<\/strong><\/h5>\n<p>Va\u0161ih osebnih podatkov ne bomo prodali, trgovali, delili ali kako druga\u010de prena\u0161ali zunanjim strankam. Va\u0161e osebne podatke lahko uporabimo za po\u0161iljanje promocijskih informacij o tretjih osebah, za katere menimo, da se vam zdijo zanimive, \u010de nam sporo\u010dite, da \u017eelite, da se to zgodi.<\/p>\n<p>Visitteo vam lahko dovoli tudi dostop do Google Zemljevidov. Ko uporabljate Google Zemljevide, vas zavezujejo\u00a0<a href=\"https:\/\/www.google.com\/intl\/en\/policies\/terms\/\" target=\"_blank\" rel=\"noopener noreferrer\">Googlovi<\/a>\u00a0pogoji storitve, na va\u0161e pravice do zasebnosti pa vpliva\u00a0<a href=\"https:\/\/www.google.com\/policies\/privacy\/\" target=\"_blank\" rel=\"noopener noreferrer\">Googlov<\/a>\u00a0pravilnik o zasebnosti, ki ga Google ob\u010dasno posodablja.<\/p>\n<h5><strong>Spletna mesta tretjih oseb<\/strong><\/h5>\n<p>S klikom na ponudbo na na\u0161i spletni strani boste preusmerjeni na tretjo stran, ki ne deluje v skladu s to politiko zasebnosti, in preusmerjeni boste na spletno mesto, ki ga ne nadzorujemo. Ta spletna mesta tretjih oseb lahko od vas samostojno zbirajo informacije, vklju\u010dno z osebnimi podatki. Ta spletna mesta tretjih oseb imajo lo\u010dene in neodvisne politike zasebnosti. Zato nismo odgovorni za vsebino in dejavnosti teh povezanih spletnih mest. Kljub temu si prizadevamo za\u0161\u010dititi integriteto na\u0161ega spletnega mesta in pozdravljamo kakr\u0161ne koli povratne informacije o teh spletnih mestih.<\/p>\n<p>Ko s tretjo osebo zapustite Visitteo, upo\u0161tevajte, da nad tem drugim spletnim mestom nimamo nadzora. Zato ne moremo biti odgovorni za za\u0161\u010dito in zasebnost vseh podatkov, ki jih posredujete med obiskom takih spletnih mest, in ta spletna mesta ne urejajo te izjave o zasebnosti. Bodite previdni in si oglejte izjavo o zasebnosti, ki velja za zadevno spletno mesto.<\/p>\n<h5><strong>Kako varujemo va\u0161e osebne podatke<\/strong><\/h5>\n<p>Varnost va\u0161ih osebnih podatkov je za nas pomembna, vendar ne pozabite, da noben na\u010din prenosa prek interneta ali na\u010din elektronskega shranjevanja ni stoodstotno varen. \u010ceprav se trudimo uporabljati komercialno sprejemljiva sredstva za za\u0161\u010dito va\u0161ih osebnih podatkov, ne moremo zagotoviti njihove popolne varnosti. \u010ceprav sprejemamo ukrepe za za\u0161\u010dito va\u0161ih podatkov, ne obljubimo in ne smete pri\u010dakovati, da bodo va\u0161i osebni podatki ali druga komunikacija vedno ostali varni.<\/p>\n<h5><strong>Storitvena analitika<\/strong><\/h5>\n<p>Za zbiranje informacij o uporabi tega spletnega mesta uporabljamo neodvisne ponudnike analiti\u010dnih storitev (\u00bbponudniki analitike\u00ab), kot je Google Analytics. Google Analytics zbira informacije, kot so: kako pogosto uporabniki obi\u0161\u010dejo to spletno mesto, katere strani obi\u0161\u010dejo, ko to storijo, in katera druga spletna mesta so uporabljali, preden so obiskali to spletno mesto. Informacije, ki jih dobimo od storitve Google Analytics, uporabljamo samo za izbolj\u0161anje tega spletnega mesta.<\/p>\n<p>Informacije, ki jih ustvari va\u0161 brskalnik ali naprava o va\u0161i uporabi storitve, bodo posredovane in shranjene v storitvi Google Analytics. Google Analytics bo te podatke uporabil za oceno va\u0161e uporabe storitve. Z uporabo storitve privolite v obdelavo podatkov o vas s strani storitve Google Analytics na na\u010din in za zgoraj navedene namene. Googlova zmo\u017enost uporabe in izmenjave zbranih informacij o va\u0161ih obiskih tega spletnega mesta je omejena s pogoji uporabe storitve\u00a0<a href=\"https:\/\/www.google.com\/policies\/privacy\/\" target=\"_blank\" rel=\"noopener noreferrer\">Google Analytics<\/a>\u00a0in\u00a0<a href=\"https:\/\/www.google.com\/policies\/privacy\/\" target=\"_blank\" rel=\"noopener noreferrer\">Googlovim<\/a>\u00a0pravilnikom o zasebnosti.<\/p>\n<h5><strong>Spremembe tega pravilnika o zasebnosti<\/strong><\/h5>\n<p>Na\u0161 pravilnik o zasebnosti bomo ob\u010dasno posodobili ali spremenili. Redno preverjajte to politiko zasebnosti in se prepri\u010dajte, da ste zadovoljni s spremembami. Va\u0161a nadaljnja uporaba te storitve, potem ko bomo na tej strani objavili kakr\u0161ne koli spremembe pravilnika o zasebnosti, predstavlja va\u0161e potrdilo o spremembah in va\u0161e soglasje, da boste spo\u0161tovali in spreminjali spremenjeni pravilnik o zasebnosti.<\/p>\n<p>Ko objavimo spremembe tega pravilnika o zasebnosti, bomo na dnu tega pravilnika o zasebnosti popravili datum \u201czadnje posodobitve\u201d.<\/p>\n<h5><strong>Hramba podatkov<\/strong><\/h5>\n<p>Atlas, LLC bo va\u0161e podatke hranil le toliko \u010dasa, kolikor je potrebno za namene, dolo\u010dene v tej politiki zasebnosti. Va\u0161e podatke bomo obdr\u017eali in uporabili v obsegu, ki je potreben za izpolnjevanje na\u0161ih zakonskih obveznosti (na primer, \u010de moramo va\u0161e podatke hraniti v skladu z veljavno zakonodajo), re\u0161evati spore in uveljavljati na\u0161e pravne sporazume in politike.<\/p>\n<p>Atlas, LLC bo podatke o uporabi hranil tudi za namene notranje analize. Podatki o uporabi se obi\u010dajno hranijo kraj\u0161e obdobje, razen kadar se ti podatki uporabljajo za krepitev varnosti ali izbolj\u0161anje funkcionalnosti na\u0161e storitve ali \u010de smo zakonsko zavezani, da te podatke hranimo dlje \u010dasa.<\/p>\n<h5><strong>Kak\u0161en je namen zbiranja in uporabe va\u0161ih podatkov?<\/strong><\/h5>\n<p>Da bi vam zagotovili primerjalne informacije o razli\u010dnih po\u010ditni\u0161kih nastanitvah in spletnih straneh hotelov, da bi vam lahko ponudili najbolj\u0161o izbiro turisti\u010dnih nastanitev po najbolj\u0161i ceni. Dostava komercialnih ogla\u0161evalskih obvestil po elektronski po\u0161ti ali prek dru\u017eabnih omre\u017eij v zvezi z na\u0161imi izdelki in \/ ali storitvami, namenjenimi nastanitvi med va\u0161imi po\u010ditnicami in drugimi dejavnostmi, ki se bodo izvajale v tem obdobju. Analiti\u010dni nameni kot sredstvo za izbolj\u0161anje in izbolj\u0161anje delovanja in storitev, ki jih ponuja Visitteo, izvajanje tr\u017enih \u0161tudij in raziskav.<\/p>\n<h5><strong>Statisti\u010dne, analiti\u010dne in tr\u017ene storitve<\/strong><\/h5>\n<p>Uporabljamo storitve tretjih oseb za statistiko, analitiko in tr\u017eenje. To nam omogo\u010da optimizacijo na\u0161ega spletnega mesta in zagotovitev, da je uporabniku prijazno. Tretje osebe za zagotavljanje svojih storitev uporabljajo pi\u0161kotke (glejte poglavje \u201cPi\u0161kotki\u201d). \u010ce spodaj ni navedeno druga\u010de, va\u0161i podatki ne bodo obdelani.<\/p>\n<p>Nekatere tretje osebe vam omogo\u010dajo, da neposredno nasprotujete uporabi ustrezne storitve, npr. z nastavitvijo pi\u0161kotka za izklju\u010ditev.<\/p>\n<p>\u010ce se odlo\u010dite za to, zunanji ponudnik v prihodnosti ne bo ve\u010d obdeloval podatkov o va\u0161em vedenju pri uporabi. Mo\u017eno je tudi selektivno ugovarjanje posameznim zunanjim storitvam. \u010ce spremenite brskalnik ali kon\u010dno napravo ali izbri\u0161ete vse pi\u0161kotke, morate znova nastaviti pi\u0161kotek za izklju\u010ditev.<\/p>\n<h5><strong>Kontaktiraj nas<\/strong><\/h5>\n<p>\u010ce imate kakr\u0161na koli vpra\u0161anja glede tega pravilnika o zasebnosti, nas kontaktirajte tako, da po\u0161ljete e-po\u0161to na:\u00a0<a href=\"mailto:info@visitteo.com\" target=\"_blank\" rel=\"noopener noreferrer\">info@visitteo.com<\/a><\/p>\n<p><em>Zadnja posodobitev: 26. oktober 2020<\/em><\/p>\n","protected":false},"excerpt":{"rendered":"<p>Upo\u0161tevajte, da je praksa podjetja Atlas LLC. (\u201eMi\u201c, \u201ena\u0161\u201c ali \u201emi\u201c) v zvezi z osebnimi podatki ureja ta Pravilnik o zasebnosti, saj se lahko isti ob\u010dasno spremeni. Ta politika zasebnosti ureja osebne podatke, ki smo jih zbrali na tej spletni strani\u00a0www.visitteo.com\u00a0(\u00bbspletno mesto\u00ab). Ta pravilnik o zasebnosti opisuje prakse dru\u017ebe Visitteo glede osebnih podatkov in podatkov [&hellip;]<\/p>\n","protected":false},"author":3,"featured_media":0,"parent":0,"menu_order":100,"comment_status":"closed","ping_status":"closed","template":"","meta":{"_acf_changed":false,"footnotes":""},"class_list":["post-5871","page","type-page","status-publish","hentry"],"acf":[],"yoast_head":"<!-- This site is optimized with the Yoast SEO plugin v27.3 - https:\/\/yoast.com\/product\/yoast-seo-wordpress\/ -->\n<title>Politika zasebnosti - Visitteo<\/title>\n<meta name=\"description\" content=\"Ta pravilnik o zasebnosti opisuje prakse dru\u017ebe Visitteo glede osebnih podatkov in podatkov (\u00bbosebni podatki\u00ab).\" \/>\n<meta name=\"robots\" content=\"index, follow, max-snippet:-1, max-image-preview:large, max-video-preview:-1\" \/>\n<link rel=\"canonical\" href=\"https:\/\/visitteo.com\/sl\/politika-zasebnosti\/\" \/>\n<meta property=\"og:locale\" content=\"sl_SI\" \/>\n<meta property=\"og:type\" content=\"article\" \/>\n<meta property=\"og:title\" content=\"Politika zasebnosti - Visitteo\" \/>\n<meta property=\"og:description\" content=\"Ta pravilnik o zasebnosti opisuje prakse dru\u017ebe Visitteo glede osebnih podatkov in podatkov (\u00bbosebni podatki\u00ab).\" \/>\n<meta property=\"og:url\" content=\"https:\/\/visitteo.com\/sl\/politika-zasebnosti\/\" \/>\n<meta property=\"og:site_name\" content=\"Visitteo\" \/>\n<meta property=\"article:publisher\" content=\"https:\/\/www.facebook.com\/visitteo\/\" \/>\n<meta property=\"article:modified_time\" content=\"2020-12-15T09:31:15+00:00\" \/>\n<meta property=\"og:image\" content=\"https:\/\/visitteo.com\/wp-content\/uploads\/2022\/10\/share-1.jpg\" \/>\n\t<meta property=\"og:image:width\" content=\"1200\" \/>\n\t<meta property=\"og:image:height\" content=\"630\" \/>\n\t<meta property=\"og:image:type\" content=\"image\/jpeg\" \/>\n<meta name=\"twitter:card\" content=\"summary_large_image\" \/>\n<meta name=\"twitter:site\" content=\"@visitteo\" \/>\n<meta name=\"twitter:label1\" content=\"Est. reading time\" \/>\n\t<meta name=\"twitter:data1\" content=\"7 minut\" \/>\n<script type=\"application\/ld+json\" class=\"yoast-schema-graph\">{\"@context\":\"https:\\\/\\\/schema.org\",\"@graph\":[{\"@type\":\"WebPage\",\"@id\":\"https:\\\/\\\/visitteo.com\\\/sl\\\/politika-zasebnosti\\\/\",\"url\":\"https:\\\/\\\/visitteo.com\\\/sl\\\/politika-zasebnosti\\\/\",\"name\":\"Politika zasebnosti - Visitteo\",\"isPartOf\":{\"@id\":\"https:\\\/\\\/visitteo.com\\\/sl\\\/#website\"},\"datePublished\":\"2020-12-15T09:27:19+00:00\",\"dateModified\":\"2020-12-15T09:31:15+00:00\",\"description\":\"Ta pravilnik o zasebnosti opisuje prakse dru\u017ebe Visitteo glede osebnih podatkov in podatkov (\u00bbosebni podatki\u00ab).\",\"breadcrumb\":{\"@id\":\"https:\\\/\\\/visitteo.com\\\/sl\\\/politika-zasebnosti\\\/#breadcrumb\"},\"inLanguage\":\"sl-SI\",\"potentialAction\":[{\"@type\":\"ReadAction\",\"target\":[\"https:\\\/\\\/visitteo.com\\\/sl\\\/politika-zasebnosti\\\/\"]}]},{\"@type\":\"BreadcrumbList\",\"@id\":\"https:\\\/\\\/visitteo.com\\\/sl\\\/politika-zasebnosti\\\/#breadcrumb\",\"itemListElement\":[{\"@type\":\"ListItem\",\"position\":1,\"name\":\"Homepage\",\"item\":\"https:\\\/\\\/visitteo.com\\\/sl\\\/\"},{\"@type\":\"ListItem\",\"position\":2,\"name\":\"Politika zasebnosti\"}]},{\"@type\":\"WebSite\",\"@id\":\"https:\\\/\\\/visitteo.com\\\/sl\\\/#website\",\"url\":\"https:\\\/\\\/visitteo.com\\\/sl\\\/\",\"name\":\"Visitteo\",\"description\":\"Visitteo is a metasearch engine for car rental.\",\"publisher\":{\"@id\":\"https:\\\/\\\/visitteo.com\\\/sl\\\/#organization\"},\"potentialAction\":[{\"@type\":\"SearchAction\",\"target\":{\"@type\":\"EntryPoint\",\"urlTemplate\":\"https:\\\/\\\/visitteo.com\\\/sl\\\/?s={search_term_string}\"},\"query-input\":{\"@type\":\"PropertyValueSpecification\",\"valueRequired\":true,\"valueName\":\"search_term_string\"}}],\"inLanguage\":\"sl-SI\"},{\"@type\":\"Organization\",\"@id\":\"https:\\\/\\\/visitteo.com\\\/sl\\\/#organization\",\"name\":\"Visitteo\",\"url\":\"https:\\\/\\\/visitteo.com\\\/sl\\\/\",\"logo\":{\"@type\":\"ImageObject\",\"inLanguage\":\"sl-SI\",\"@id\":\"https:\\\/\\\/visitteo.com\\\/sl\\\/#\\\/schema\\\/logo\\\/image\\\/\",\"url\":\"https:\\\/\\\/visitteo.com\\\/wp-content\\\/uploads\\\/2024\\\/09\\\/organization_logo.png\",\"contentUrl\":\"https:\\\/\\\/visitteo.com\\\/wp-content\\\/uploads\\\/2024\\\/09\\\/organization_logo.png\",\"width\":840,\"height\":840,\"caption\":\"Visitteo\"},\"image\":{\"@id\":\"https:\\\/\\\/visitteo.com\\\/sl\\\/#\\\/schema\\\/logo\\\/image\\\/\"},\"sameAs\":[\"https:\\\/\\\/www.facebook.com\\\/visitteo\\\/\",\"https:\\\/\\\/x.com\\\/visitteo\",\"https:\\\/\\\/www.instagram.com\\\/visitteo\\\/\",\"https:\\\/\\\/www.pinterest.com\\\/visitteo\\\/pins\\\/\"]}]}<\/script>\n<!-- \/ Yoast SEO plugin. -->","yoast_head_json":{"title":"Politika zasebnosti - Visitteo","description":"Ta pravilnik o zasebnosti opisuje prakse dru\u017ebe Visitteo glede osebnih podatkov in podatkov (\u00bbosebni podatki\u00ab).","robots":{"index":"index","follow":"follow","max-snippet":"max-snippet:-1","max-image-preview":"max-image-preview:large","max-video-preview":"max-video-preview:-1"},"canonical":"https:\/\/visitteo.com\/sl\/politika-zasebnosti\/","og_locale":"sl_SI","og_type":"article","og_title":"Politika zasebnosti - Visitteo","og_description":"Ta pravilnik o zasebnosti opisuje prakse dru\u017ebe Visitteo glede osebnih podatkov in podatkov (\u00bbosebni podatki\u00ab).","og_url":"https:\/\/visitteo.com\/sl\/politika-zasebnosti\/","og_site_name":"Visitteo","article_publisher":"https:\/\/www.facebook.com\/visitteo\/","article_modified_time":"2020-12-15T09:31:15+00:00","og_image":[{"width":1200,"height":630,"url":"https:\/\/visitteo.com\/wp-content\/uploads\/2022\/10\/share-1.jpg","type":"image\/jpeg"}],"twitter_card":"summary_large_image","twitter_site":"@visitteo","twitter_misc":{"Est. reading time":"7 minut"},"schema":{"@context":"https:\/\/schema.org","@graph":[{"@type":"WebPage","@id":"https:\/\/visitteo.com\/sl\/politika-zasebnosti\/","url":"https:\/\/visitteo.com\/sl\/politika-zasebnosti\/","name":"Politika zasebnosti - Visitteo","isPartOf":{"@id":"https:\/\/visitteo.com\/sl\/#website"},"datePublished":"2020-12-15T09:27:19+00:00","dateModified":"2020-12-15T09:31:15+00:00","description":"Ta pravilnik o zasebnosti opisuje prakse dru\u017ebe Visitteo glede osebnih podatkov in podatkov (\u00bbosebni podatki\u00ab).","breadcrumb":{"@id":"https:\/\/visitteo.com\/sl\/politika-zasebnosti\/#breadcrumb"},"inLanguage":"sl-SI","potentialAction":[{"@type":"ReadAction","target":["https:\/\/visitteo.com\/sl\/politika-zasebnosti\/"]}]},{"@type":"BreadcrumbList","@id":"https:\/\/visitteo.com\/sl\/politika-zasebnosti\/#breadcrumb","itemListElement":[{"@type":"ListItem","position":1,"name":"Homepage","item":"https:\/\/visitteo.com\/sl\/"},{"@type":"ListItem","position":2,"name":"Politika zasebnosti"}]},{"@type":"WebSite","@id":"https:\/\/visitteo.com\/sl\/#website","url":"https:\/\/visitteo.com\/sl\/","name":"Visitteo","description":"Visitteo is a metasearch engine for car rental.","publisher":{"@id":"https:\/\/visitteo.com\/sl\/#organization"},"potentialAction":[{"@type":"SearchAction","target":{"@type":"EntryPoint","urlTemplate":"https:\/\/visitteo.com\/sl\/?s={search_term_string}"},"query-input":{"@type":"PropertyValueSpecification","valueRequired":true,"valueName":"search_term_string"}}],"inLanguage":"sl-SI"},{"@type":"Organization","@id":"https:\/\/visitteo.com\/sl\/#organization","name":"Visitteo","url":"https:\/\/visitteo.com\/sl\/","logo":{"@type":"ImageObject","inLanguage":"sl-SI","@id":"https:\/\/visitteo.com\/sl\/#\/schema\/logo\/image\/","url":"https:\/\/visitteo.com\/wp-content\/uploads\/2024\/09\/organization_logo.png","contentUrl":"https:\/\/visitteo.com\/wp-content\/uploads\/2024\/09\/organization_logo.png","width":840,"height":840,"caption":"Visitteo"},"image":{"@id":"https:\/\/visitteo.com\/sl\/#\/schema\/logo\/image\/"},"sameAs":["https:\/\/www.facebook.com\/visitteo\/","https:\/\/x.com\/visitteo","https:\/\/www.instagram.com\/visitteo\/","https:\/\/www.pinterest.com\/visitteo\/pins\/"]}]}},"_links":{"self":[{"href":"https:\/\/visitteo.com\/sl\/wp-json\/wp\/v2\/pages\/5871","targetHints":{"allow":["GET"]}}],"collection":[{"href":"https:\/\/visitteo.com\/sl\/wp-json\/wp\/v2\/pages"}],"about":[{"href":"https:\/\/visitteo.com\/sl\/wp-json\/wp\/v2\/types\/page"}],"author":[{"embeddable":true,"href":"https:\/\/visitteo.com\/sl\/wp-json\/wp\/v2\/users\/3"}],"replies":[{"embeddable":true,"href":"https:\/\/visitteo.com\/sl\/wp-json\/wp\/v2\/comments?post=5871"}],"version-history":[{"count":0,"href":"https:\/\/visitteo.com\/sl\/wp-json\/wp\/v2\/pages\/5871\/revisions"}],"wp:attachment":[{"href":"https:\/\/visitteo.com\/sl\/wp-json\/wp\/v2\/media?parent=5871"}],"curies":[{"name":"wp","href":"https:\/\/api.w.org\/{rel}","templated":true}]}}